{"id":8023,"date":"2026-04-06T11:14:42","date_gmt":"2026-04-06T14:14:42","guid":{"rendered":"https:\/\/coisasdegentepreta.com.br\/?page_id=8023"},"modified":"2026-04-06T11:17:28","modified_gmt":"2026-04-06T14:17:28","slug":"pascoa-entre-fe-memoria-poder-e-consumo","status":"publish","type":"page","link":"https:\/\/coisasdegentepreta.com.br\/index.php\/pascoa-entre-fe-memoria-poder-e-consumo\/","title":{"rendered":"P\u00e1scoa: entre f\u00e9, mem\u00f3ria, poder e consumo"},"content":{"rendered":"\t\t<div data-elementor-type=\"wp-page\" data-elementor-id=\"8023\" class=\"elementor elementor-8023\">\n\t\t\t\t<div class=\"elementor-element elementor-element-5097dab e-flex e-con-boxed e-con e-parent\" data-id=\"5097dab\" data-element_type=\"container\" data-settings=\"{&quot;background_background&quot;:&quot;classic&quot;}\">\n\t\t\t\t\t<div class=\"e-con-inner\">\n\t\t<div class=\"elementor-element elementor-element-c1b0cea e-con-full e-flex e-con e-child\" data-id=\"c1b0cea\" data-element_type=\"container\" data-settings=\"{&quot;background_background&quot;:&quot;classic&quot;}\">\n\t\t\t\t<div class=\"elementor-element elementor-element-c35ece6 elementor-widget elementor-widget-image\" data-id=\"c35ece6\" data-element_type=\"widget\" data-widget_type=\"image.default\">\n\t\t\t\t<div class=\"elementor-widget-container\">\n\t\t\t\t\t\t\t\t\t\t\t\t\t\t\t<img fetchpriority=\"high\" decoding=\"async\" width=\"1536\" height=\"1024\" src=\"https:\/\/coisasdegentepreta.com.br\/wp-content\/uploads\/2026\/04\/WhatsApp-Image-2026-04-05-at-12.14.44.jpeg\" class=\"attachment-full size-full wp-image-8025\" alt=\"\" srcset=\"https:\/\/coisasdegentepreta.com.br\/wp-content\/uploads\/2026\/04\/WhatsApp-Image-2026-04-05-at-12.14.44.jpeg 1536w, https:\/\/coisasdegentepreta.com.br\/wp-content\/uploads\/2026\/04\/WhatsApp-Image-2026-04-05-at-12.14.44-300x200.jpeg 300w, https:\/\/coisasdegentepreta.com.br\/wp-content\/uploads\/2026\/04\/WhatsApp-Image-2026-04-05-at-12.14.44-1024x683.jpeg 1024w, https:\/\/coisasdegentepreta.com.br\/wp-content\/uploads\/2026\/04\/WhatsApp-Image-2026-04-05-at-12.14.44-768x512.jpeg 768w, https:\/\/coisasdegentepreta.com.br\/wp-content\/uploads\/2026\/04\/WhatsApp-Image-2026-04-05-at-12.14.44-600x400.jpeg 600w\" sizes=\"(max-width: 1536px) 100vw, 1536px\" \/>\t\t\t\t\t\t\t\t\t\t\t\t\t\t\t<\/div>\n\t\t\t\t<\/div>\n\t\t\t\t<\/div>\n\t\t<div class=\"elementor-element elementor-element-3a7575b e-con-full e-flex e-con e-child\" data-id=\"3a7575b\" data-element_type=\"container\" data-settings=\"{&quot;background_background&quot;:&quot;classic&quot;}\">\n\t\t\t\t<div class=\"elementor-element elementor-element-48b9c9b elementor-widget elementor-widget-heading\" data-id=\"48b9c9b\" data-element_type=\"widget\" data-widget_type=\"heading.default\">\n\t\t\t\t<div class=\"elementor-widget-container\">\n\t\t\t\t\t<h2 class=\"elementor-heading-title elementor-size-default\">P\u00e1scoa: entre f\u00e9, mem\u00f3ria, poder e consumo<\/h2>\t\t\t\t<\/div>\n\t\t\t\t<\/div>\n\t\t\t\t<div class=\"elementor-element elementor-element-d51ea38 elementor-widget elementor-widget-text-editor\" data-id=\"d51ea38\" data-element_type=\"widget\" data-widget_type=\"text-editor.default\">\n\t\t\t\t<div class=\"elementor-widget-container\">\n\t\t\t\t\t\t\t\t\t<p>A P\u00e1scoa \u00e9 uma das datas mais difundidas do calend\u00e1rio ocidental, mas seu significado est\u00e1 longe de ser \u00fanico. Dependendo da tradi\u00e7\u00e3o religiosa, ela carrega sentidos distintos que v\u00e3o da liberta\u00e7\u00e3o coletiva \u00e0 salva\u00e7\u00e3o espiritual, at\u00e9 chegar, nos dias atuais, \u00e0 sua transforma\u00e7\u00e3o em produto de consumo.<\/p><p>Na tradi\u00e7\u00e3o judaica, a Pessach marca a liberta\u00e7\u00e3o do povo hebreu da escravid\u00e3o no Egito. \u00c9 uma celebra\u00e7\u00e3o profundamente ligada \u00e0 mem\u00f3ria, \u00e0 travessia e \u00e0 constru\u00e7\u00e3o de um povo que se reconhece a partir da resist\u00eancia e da liberdade.<\/p><p>No cristianismo, a P\u00e1scoa assume outro eixo. Para a Igreja Cat\u00f3lica e tamb\u00e9m para diversas tradi\u00e7\u00f5es protestantes, ela representa a ressurrei\u00e7\u00e3o de Jesus Cristo um s\u00edmbolo de renova\u00e7\u00e3o, vit\u00f3ria sobre a morte e esperan\u00e7a espiritual. Ainda assim, mesmo dentro do cristianismo, existem diferen\u00e7as de \u00eanfase.<\/p><p>Entre igrejas hist\u00f3ricas protestantes, o foco tende a ser mais lit\u00fargico e teol\u00f3gico. J\u00e1 no campo evang\u00e9lico e, especialmente, nas correntes neopentecostais, a data \u00e9 frequentemente ressignificada com maior liberdade, incorporando elementos contempor\u00e2neos e estrat\u00e9gias de mobiliza\u00e7\u00e3o religiosa.<\/p><p>Ao observar a P\u00e1scoa a partir de uma perspectiva de pretitude, algumas conex\u00f5es se tornam inevit\u00e1veis.<\/p><p>A narrativa de liberta\u00e7\u00e3o presente na Pessach dialoga diretamente com a experi\u00eancia hist\u00f3rica da popula\u00e7\u00e3o negra na di\u00e1spora. A travessia, a resist\u00eancia e a luta por liberdade n\u00e3o s\u00e3o apenas s\u00edmbolos religiosos s\u00e3o dimens\u00f5es concretas da forma\u00e7\u00e3o social negra.<\/p><p>Da mesma forma, a ideia de ressurrei\u00e7\u00e3o associada a Jesus Cristo pode ser lida como a insist\u00eancia em existir e resistir, mesmo diante de processos hist\u00f3ricos de desumaniza\u00e7\u00e3o, viol\u00eancia e apagamento.<\/p><p>No entanto, \u00e9 preciso reconhecer uma contradi\u00e7\u00e3o central: as mesmas estruturas religiosas que carregam discursos de liberta\u00e7\u00e3o tamb\u00e9m foram, em muitos momentos, instrumentos de domina\u00e7\u00e3o e silenciamento das matrizes africanas.<\/p><p>Paralelamente a essas tradi\u00e7\u00f5es, a sociedade moderna construiu uma outra P\u00e1scoa: a do consumo. O ovo de chocolate, s\u00edmbolo amplamente difundido, pouco dialoga com os significados originais da data. Ele representa a apropria\u00e7\u00e3o comercial de uma celebra\u00e7\u00e3o religiosa, transformando mem\u00f3ria em mercadoria.<\/p><p>Esse deslocamento n\u00e3o \u00e9 neutro. Ele revela como a l\u00f3gica econ\u00f4mica \u00e9 capaz de absorver s\u00edmbolos culturais e religiosos, esvaziando seus sentidos mais profundos e substituindo reflex\u00e3o por consumo.<\/p><p>Este editorial parte, portanto, da compreens\u00e3o de que a P\u00e1scoa \u00e9 tamb\u00e9m um espa\u00e7o de disputa simb\u00f3lica. Diferentes tradi\u00e7\u00f5es, institui\u00e7\u00f5es e interesses disputam o significado da data seja como liberta\u00e7\u00e3o, f\u00e9, identidade ou consumo.<\/p><p>Ao mesmo tempo, evidencia-se um processo cont\u00ednuo de apropria\u00e7\u00e3o cultural pelo capital, no qual s\u00edmbolos originalmente carregados de sentido hist\u00f3rico e espiritual s\u00e3o convertidos em mercadoria, esvaziando seu conte\u00fado cr\u00edtico e coletivo.<\/p><p>E, nesse processo, a desigualdade tamb\u00e9m se manifesta: enquanto o consumo \u00e9 apresentado como universal, ele continua sendo seletivo e a popula\u00e7\u00e3o negra, historicamente marginalizada, permanece em posi\u00e7\u00e3o desigual at\u00e9 mesmo nesse acesso.<\/p><p>Diante disso, cabe uma pergunta necess\u00e1ria: o que estamos, de fato, celebrando?<\/p><p>Seja como mem\u00f3ria de liberta\u00e7\u00e3o, como express\u00e3o de f\u00e9 ou como pr\u00e1tica social, a P\u00e1scoa continua sendo um campo de disputa simb\u00f3lica. E talvez o maior desafio esteja justamente em n\u00e3o permitir que seu significado seja reduzido ao consumo, ignorando as dimens\u00f5es hist\u00f3ricas, pol\u00edticas e coletivas que lhe deram origem.<\/p><p>Porque, no fundo, a quest\u00e3o n\u00e3o \u00e9 apenas religiosa.<\/p><p>\u00c9 pol\u00edtica.<\/p>\t\t\t\t\t\t\t\t<\/div>\n\t\t\t\t<\/div>\n\t\t\t\t<\/div>\n\t\t\t\t\t<\/div>\n\t\t\t\t<\/div>\n\t\t\t\t<\/div>\n\t\t","protected":false},"excerpt":{"rendered":"<p>P\u00e1scoa: entre f\u00e9, mem\u00f3ria, poder e consumo A P\u00e1scoa \u00e9 uma das datas mais difundidas do calend\u00e1rio ocidental, mas seu significado est\u00e1 longe de ser \u00fanico. Dependendo da tradi\u00e7\u00e3o religiosa, ela carrega sentidos distintos que v\u00e3o da liberta\u00e7\u00e3o coletiva \u00e0 salva\u00e7\u00e3o espiritual, at\u00e9 chegar, nos dias atuais, \u00e0 sua transforma\u00e7\u00e3o em produto de consumo. Na &hellip;<\/p>\n<p class=\"read-more\"> <a class=\"\" href=\"https:\/\/coisasdegentepreta.com.br\/index.php\/pascoa-entre-fe-memoria-poder-e-consumo\/\"> <span class=\"screen-reader-text\">P\u00e1scoa: entre f\u00e9, mem\u00f3ria, poder e consumo<\/span> Read More &raquo;<\/a><\/p>\n","protected":false},"author":1,"featured_media":0,"parent":0,"menu_order":0,"comment_status":"closed","ping_status":"closed","template":"","meta":{"site-sidebar-layout":"no-sidebar","site-content-layout":"","ast-site-content-layout":"full-width-container","site-content-style":"default","site-sidebar-style":"default","ast-global-header-display":"","ast-banner-title-visibility":"","ast-main-header-display":"","ast-hfb-above-header-display":"","ast-hfb-below-header-display":"","ast-hfb-mobile-header-display":"","site-post-title":"disabled","ast-breadcrumbs-content":"","ast-featured-img":"disabled","footer-sml-layout":"","theme-transparent-header-meta":"","adv-header-id-meta":"","stick-header-meta":"","header-above-stick-meta":"","header-main-stick-meta":"","header-below-stick-meta":"","astra-migrate-meta-layouts":"default","ast-page-background-enabled":"default","ast-page-background-meta":{"desktop":{"background-color":"var(--ast-global-color-4)","background-image":"","background-repeat":"repeat","background-position":"center center","background-size":"auto","background-attachment":"scroll","background-type":"","background-media":"","overlay-type":"","overlay-color":"","overlay-gradient":""},"tablet":{"background-color":"","background-image":"","background-repeat":"repeat","background-position":"center center","background-size":"auto","background-attachment":"scroll","background-type":"","background-media":"","overlay-type":"","overlay-color":"","overlay-gradient":""},"mobile":{"background-color":"","background-image":"","background-repeat":"repeat","background-position":"center center","background-size":"auto","background-attachment":"scroll","background-type":"","background-media":"","overlay-type":"","overlay-color":"","overlay-gradient":""}},"ast-content-background-meta":{"desktop":{"background-color":"var(--ast-global-color-5)","background-image":"","background-repeat":"repeat","background-position":"center center","background-size":"auto","background-attachment":"scroll","background-type":"","background-media":"","overlay-type":"","overlay-color":"","overlay-gradient":""},"tablet":{"background-color":"var(--ast-global-color-5)","background-image":"","background-repeat":"repeat","background-position":"center center","background-size":"auto","background-attachment":"scroll","background-type":"","background-media":"","overlay-type":"","overlay-color":"","overlay-gradient":""},"mobile":{"background-color":"var(--ast-global-color-5)","background-image":"","background-repeat":"repeat","background-position":"center center","background-size":"auto","background-attachment":"scroll","background-type":"","background-media":"","overlay-type":"","overlay-color":"","overlay-gradient":""}},"footnotes":""},"class_list":["post-8023","page","type-page","status-publish","hentry"],"yoast_head":"<!-- This site is optimized with the Yoast SEO plugin v24.2 - https:\/\/yoast.com\/wordpress\/plugins\/seo\/ -->\n<title>P\u00e1scoa: entre f\u00e9, mem\u00f3ria, poder e consumo -<\/title>\n<meta name=\"robots\" content=\"index, follow, max-snippet:-1, max-image-preview:large, max-video-preview:-1\" \/>\n<link rel=\"canonical\" href=\"https:\/\/coisasdegentepreta.com.br\/index.php\/pascoa-entre-fe-memoria-poder-e-consumo\/\" \/>\n<meta property=\"og:locale\" content=\"en_US\" \/>\n<meta property=\"og:type\" content=\"article\" \/>\n<meta property=\"og:title\" content=\"P\u00e1scoa: entre f\u00e9, mem\u00f3ria, poder e consumo -\" \/>\n<meta property=\"og:description\" content=\"P\u00e1scoa: entre f\u00e9, mem\u00f3ria, poder e consumo A P\u00e1scoa \u00e9 uma das datas mais difundidas do calend\u00e1rio ocidental, mas seu significado est\u00e1 longe de ser \u00fanico. Dependendo da tradi\u00e7\u00e3o religiosa, ela carrega sentidos distintos que v\u00e3o da liberta\u00e7\u00e3o coletiva \u00e0 salva\u00e7\u00e3o espiritual, at\u00e9 chegar, nos dias atuais, \u00e0 sua transforma\u00e7\u00e3o em produto de consumo. Na &hellip; P\u00e1scoa: entre f\u00e9, mem\u00f3ria, poder e consumo Read More &raquo;\" \/>\n<meta property=\"og:url\" content=\"https:\/\/coisasdegentepreta.com.br\/index.php\/pascoa-entre-fe-memoria-poder-e-consumo\/\" \/>\n<meta property=\"article:publisher\" content=\"https:\/\/facebook.com\/cmmcomcoisasdegente\" \/>\n<meta property=\"article:modified_time\" content=\"2026-04-06T14:17:28+00:00\" \/>\n<meta property=\"og:image\" content=\"https:\/\/coisasdegentepreta.com.br\/wp-content\/uploads\/2026\/04\/WhatsApp-Image-2026-04-05-at-12.14.44.jpeg\" \/>\n\t<meta property=\"og:image:width\" content=\"1536\" \/>\n\t<meta property=\"og:image:height\" content=\"1024\" \/>\n\t<meta property=\"og:image:type\" content=\"image\/jpeg\" \/>\n<meta name=\"twitter:card\" content=\"summary_large_image\" \/>\n<meta name=\"twitter:site\" content=\"@cmmcomcoisasdegente\" \/>\n<meta name=\"twitter:label1\" content=\"Est. reading time\" \/>\n\t<meta name=\"twitter:data1\" content=\"3 minutes\" \/>\n<script type=\"application\/ld+json\" class=\"yoast-schema-graph\">{\"@context\":\"https:\/\/schema.org\",\"@graph\":[{\"@type\":\"WebPage\",\"@id\":\"https:\/\/coisasdegentepreta.com.br\/index.php\/pascoa-entre-fe-memoria-poder-e-consumo\/\",\"url\":\"https:\/\/coisasdegentepreta.com.br\/index.php\/pascoa-entre-fe-memoria-poder-e-consumo\/\",\"name\":\"P\u00e1scoa: entre f\u00e9, mem\u00f3ria, poder e consumo -\",\"isPartOf\":{\"@id\":\"https:\/\/coisasdegentepreta.com.br\/#website\"},\"primaryImageOfPage\":{\"@id\":\"https:\/\/coisasdegentepreta.com.br\/index.php\/pascoa-entre-fe-memoria-poder-e-consumo\/#primaryimage\"},\"image\":{\"@id\":\"https:\/\/coisasdegentepreta.com.br\/index.php\/pascoa-entre-fe-memoria-poder-e-consumo\/#primaryimage\"},\"thumbnailUrl\":\"https:\/\/coisasdegentepreta.com.br\/wp-content\/uploads\/2026\/04\/WhatsApp-Image-2026-04-05-at-12.14.44.jpeg\",\"datePublished\":\"2026-04-06T14:14:42+00:00\",\"dateModified\":\"2026-04-06T14:17:28+00:00\",\"breadcrumb\":{\"@id\":\"https:\/\/coisasdegentepreta.com.br\/index.php\/pascoa-entre-fe-memoria-poder-e-consumo\/#breadcrumb\"},\"inLanguage\":\"en-US\",\"potentialAction\":[{\"@type\":\"ReadAction\",\"target\":[\"https:\/\/coisasdegentepreta.com.br\/index.php\/pascoa-entre-fe-memoria-poder-e-consumo\/\"]}]},{\"@type\":\"ImageObject\",\"inLanguage\":\"en-US\",\"@id\":\"https:\/\/coisasdegentepreta.com.br\/index.php\/pascoa-entre-fe-memoria-poder-e-consumo\/#primaryimage\",\"url\":\"https:\/\/coisasdegentepreta.com.br\/wp-content\/uploads\/2026\/04\/WhatsApp-Image-2026-04-05-at-12.14.44.jpeg\",\"contentUrl\":\"https:\/\/coisasdegentepreta.com.br\/wp-content\/uploads\/2026\/04\/WhatsApp-Image-2026-04-05-at-12.14.44.jpeg\",\"width\":1536,\"height\":1024},{\"@type\":\"BreadcrumbList\",\"@id\":\"https:\/\/coisasdegentepreta.com.br\/index.php\/pascoa-entre-fe-memoria-poder-e-consumo\/#breadcrumb\",\"itemListElement\":[{\"@type\":\"ListItem\",\"position\":1,\"name\":\"ECMM\",\"item\":\"https:\/\/coisasdegentepreta.com.br\/\"},{\"@type\":\"ListItem\",\"position\":2,\"name\":\"P\u00e1scoa: entre f\u00e9, mem\u00f3ria, poder e consumo\"}]},{\"@type\":\"WebSite\",\"@id\":\"https:\/\/coisasdegentepreta.com.br\/#website\",\"url\":\"https:\/\/coisasdegentepreta.com.br\/\",\"name\":\"https:\/\/coisasdegentepreta.com.br\",\"description\":\"\",\"publisher\":{\"@id\":\"https:\/\/coisasdegentepreta.com.br\/#organization\"},\"potentialAction\":[{\"@type\":\"SearchAction\",\"target\":{\"@type\":\"EntryPoint\",\"urlTemplate\":\"https:\/\/coisasdegentepreta.com.br\/?s={search_term_string}\"},\"query-input\":{\"@type\":\"PropertyValueSpecification\",\"valueRequired\":true,\"valueName\":\"search_term_string\"}}],\"inLanguage\":\"en-US\"},{\"@type\":\"Organization\",\"@id\":\"https:\/\/coisasdegentepreta.com.br\/#organization\",\"name\":\"Espa\u00e7o de Capacita\u00e7\u00e3o M\u00e1rcio Madeira RJ\",\"url\":\"https:\/\/coisasdegentepreta.com.br\/\",\"logo\":{\"@type\":\"ImageObject\",\"inLanguage\":\"en-US\",\"@id\":\"https:\/\/coisasdegentepreta.com.br\/#\/schema\/logo\/image\/\",\"url\":\"https:\/\/coisasdegentepreta.com.br\/wp-content\/uploads\/2023\/12\/logo-2.png\",\"contentUrl\":\"https:\/\/coisasdegentepreta.com.br\/wp-content\/uploads\/2023\/12\/logo-2.png\",\"width\":2064,\"height\":1021,\"caption\":\"Espa\u00e7o de Capacita\u00e7\u00e3o M\u00e1rcio Madeira RJ\"},\"image\":{\"@id\":\"https:\/\/coisasdegentepreta.com.br\/#\/schema\/logo\/image\/\"},\"sameAs\":[\"https:\/\/facebook.com\/cmmcomcoisasdegente\",\"https:\/\/x.com\/cmmcomcoisasdegente\",\"https:\/\/instagram.com\/cmmcomcoisasdegente\"]}]}<\/script>\n<!-- \/ Yoast SEO plugin. -->","yoast_head_json":{"title":"P\u00e1scoa: entre f\u00e9, mem\u00f3ria, poder e consumo -","robots":{"index":"index","follow":"follow","max-snippet":"max-snippet:-1","max-image-preview":"max-image-preview:large","max-video-preview":"max-video-preview:-1"},"canonical":"https:\/\/coisasdegentepreta.com.br\/index.php\/pascoa-entre-fe-memoria-poder-e-consumo\/","og_locale":"en_US","og_type":"article","og_title":"P\u00e1scoa: entre f\u00e9, mem\u00f3ria, poder e consumo -","og_description":"P\u00e1scoa: entre f\u00e9, mem\u00f3ria, poder e consumo A P\u00e1scoa \u00e9 uma das datas mais difundidas do calend\u00e1rio ocidental, mas seu significado est\u00e1 longe de ser \u00fanico. Dependendo da tradi\u00e7\u00e3o religiosa, ela carrega sentidos distintos que v\u00e3o da liberta\u00e7\u00e3o coletiva \u00e0 salva\u00e7\u00e3o espiritual, at\u00e9 chegar, nos dias atuais, \u00e0 sua transforma\u00e7\u00e3o em produto de consumo. Na &hellip; P\u00e1scoa: entre f\u00e9, mem\u00f3ria, poder e consumo Read More &raquo;","og_url":"https:\/\/coisasdegentepreta.com.br\/index.php\/pascoa-entre-fe-memoria-poder-e-consumo\/","article_publisher":"https:\/\/facebook.com\/cmmcomcoisasdegente","article_modified_time":"2026-04-06T14:17:28+00:00","og_image":[{"width":1536,"height":1024,"url":"https:\/\/coisasdegentepreta.com.br\/wp-content\/uploads\/2026\/04\/WhatsApp-Image-2026-04-05-at-12.14.44.jpeg","type":"image\/jpeg"}],"twitter_card":"summary_large_image","twitter_site":"@cmmcomcoisasdegente","twitter_misc":{"Est. reading time":"3 minutes"},"schema":{"@context":"https:\/\/schema.org","@graph":[{"@type":"WebPage","@id":"https:\/\/coisasdegentepreta.com.br\/index.php\/pascoa-entre-fe-memoria-poder-e-consumo\/","url":"https:\/\/coisasdegentepreta.com.br\/index.php\/pascoa-entre-fe-memoria-poder-e-consumo\/","name":"P\u00e1scoa: entre f\u00e9, mem\u00f3ria, poder e consumo -","isPartOf":{"@id":"https:\/\/coisasdegentepreta.com.br\/#website"},"primaryImageOfPage":{"@id":"https:\/\/coisasdegentepreta.com.br\/index.php\/pascoa-entre-fe-memoria-poder-e-consumo\/#primaryimage"},"image":{"@id":"https:\/\/coisasdegentepreta.com.br\/index.php\/pascoa-entre-fe-memoria-poder-e-consumo\/#primaryimage"},"thumbnailUrl":"https:\/\/coisasdegentepreta.com.br\/wp-content\/uploads\/2026\/04\/WhatsApp-Image-2026-04-05-at-12.14.44.jpeg","datePublished":"2026-04-06T14:14:42+00:00","dateModified":"2026-04-06T14:17:28+00:00","breadcrumb":{"@id":"https:\/\/coisasdegentepreta.com.br\/index.php\/pascoa-entre-fe-memoria-poder-e-consumo\/#breadcrumb"},"inLanguage":"en-US","potentialAction":[{"@type":"ReadAction","target":["https:\/\/coisasdegentepreta.com.br\/index.php\/pascoa-entre-fe-memoria-poder-e-consumo\/"]}]},{"@type":"ImageObject","inLanguage":"en-US","@id":"https:\/\/coisasdegentepreta.com.br\/index.php\/pascoa-entre-fe-memoria-poder-e-consumo\/#primaryimage","url":"https:\/\/coisasdegentepreta.com.br\/wp-content\/uploads\/2026\/04\/WhatsApp-Image-2026-04-05-at-12.14.44.jpeg","contentUrl":"https:\/\/coisasdegentepreta.com.br\/wp-content\/uploads\/2026\/04\/WhatsApp-Image-2026-04-05-at-12.14.44.jpeg","width":1536,"height":1024},{"@type":"BreadcrumbList","@id":"https:\/\/coisasdegentepreta.com.br\/index.php\/pascoa-entre-fe-memoria-poder-e-consumo\/#breadcrumb","itemListElement":[{"@type":"ListItem","position":1,"name":"ECMM","item":"https:\/\/coisasdegentepreta.com.br\/"},{"@type":"ListItem","position":2,"name":"P\u00e1scoa: entre f\u00e9, mem\u00f3ria, poder e consumo"}]},{"@type":"WebSite","@id":"https:\/\/coisasdegentepreta.com.br\/#website","url":"https:\/\/coisasdegentepreta.com.br\/","name":"https:\/\/coisasdegentepreta.com.br","description":"","publisher":{"@id":"https:\/\/coisasdegentepreta.com.br\/#organization"},"potentialAction":[{"@type":"SearchAction","target":{"@type":"EntryPoint","urlTemplate":"https:\/\/coisasdegentepreta.com.br\/?s={search_term_string}"},"query-input":{"@type":"PropertyValueSpecification","valueRequired":true,"valueName":"search_term_string"}}],"inLanguage":"en-US"},{"@type":"Organization","@id":"https:\/\/coisasdegentepreta.com.br\/#organization","name":"Espa\u00e7o de Capacita\u00e7\u00e3o M\u00e1rcio Madeira RJ","url":"https:\/\/coisasdegentepreta.com.br\/","logo":{"@type":"ImageObject","inLanguage":"en-US","@id":"https:\/\/coisasdegentepreta.com.br\/#\/schema\/logo\/image\/","url":"https:\/\/coisasdegentepreta.com.br\/wp-content\/uploads\/2023\/12\/logo-2.png","contentUrl":"https:\/\/coisasdegentepreta.com.br\/wp-content\/uploads\/2023\/12\/logo-2.png","width":2064,"height":1021,"caption":"Espa\u00e7o de Capacita\u00e7\u00e3o M\u00e1rcio Madeira RJ"},"image":{"@id":"https:\/\/coisasdegentepreta.com.br\/#\/schema\/logo\/image\/"},"sameAs":["https:\/\/facebook.com\/cmmcomcoisasdegente","https:\/\/x.com\/cmmcomcoisasdegente","https:\/\/instagram.com\/cmmcomcoisasdegente"]}]}},"_links":{"self":[{"href":"https:\/\/coisasdegentepreta.com.br\/index.php\/wp-json\/wp\/v2\/pages\/8023","targetHints":{"allow":["GET"]}}],"collection":[{"href":"https:\/\/coisasdegentepreta.com.br\/index.php\/wp-json\/wp\/v2\/pages"}],"about":[{"href":"https:\/\/coisasdegentepreta.com.br\/index.php\/wp-json\/wp\/v2\/types\/page"}],"author":[{"embeddable":true,"href":"https:\/\/coisasdegentepreta.com.br\/index.php\/wp-json\/wp\/v2\/users\/1"}],"replies":[{"embeddable":true,"href":"https:\/\/coisasdegentepreta.com.br\/index.php\/wp-json\/wp\/v2\/comments?post=8023"}],"version-history":[{"count":4,"href":"https:\/\/coisasdegentepreta.com.br\/index.php\/wp-json\/wp\/v2\/pages\/8023\/revisions"}],"predecessor-version":[{"id":8028,"href":"https:\/\/coisasdegentepreta.com.br\/index.php\/wp-json\/wp\/v2\/pages\/8023\/revisions\/8028"}],"wp:attachment":[{"href":"https:\/\/coisasdegentepreta.com.br\/index.php\/wp-json\/wp\/v2\/media?parent=8023"}],"curies":[{"name":"wp","href":"https:\/\/api.w.org\/{rel}","templated":true}]}}