{"id":8006,"date":"2026-03-22T23:32:44","date_gmt":"2026-03-23T02:32:44","guid":{"rendered":"https:\/\/coisasdegentepreta.com.br\/?page_id=8006"},"modified":"2026-03-22T23:34:32","modified_gmt":"2026-03-23T02:34:32","slug":"nasceu-no-ultimo-sabado-21-o-pcn-partido-da-causa-negra","status":"publish","type":"page","link":"https:\/\/coisasdegentepreta.com.br\/index.php\/nasceu-no-ultimo-sabado-21-o-pcn-partido-da-causa-negra\/","title":{"rendered":"Nasceu, no \u00faltimo s\u00e1bado (21), o PCN \u2014 Partido da Causa Negra."},"content":{"rendered":"\t\t<div data-elementor-type=\"wp-page\" data-elementor-id=\"8006\" class=\"elementor elementor-8006\">\n\t\t\t\t<div class=\"elementor-element elementor-element-8729ccd e-flex e-con-boxed e-con e-parent\" data-id=\"8729ccd\" data-element_type=\"container\" data-settings=\"{&quot;background_background&quot;:&quot;classic&quot;}\">\n\t\t\t\t\t<div class=\"e-con-inner\">\n\t\t<div class=\"elementor-element elementor-element-5c5619e e-con-full e-flex e-con e-child\" data-id=\"5c5619e\" data-element_type=\"container\" data-settings=\"{&quot;background_background&quot;:&quot;classic&quot;}\">\n\t\t\t\t<div class=\"elementor-element elementor-element-3545a4b elementor-widget elementor-widget-image\" data-id=\"3545a4b\" data-element_type=\"widget\" data-widget_type=\"image.default\">\n\t\t\t\t<div class=\"elementor-widget-container\">\n\t\t\t\t\t\t\t\t\t\t\t\t\t\t\t<img fetchpriority=\"high\" decoding=\"async\" width=\"853\" height=\"1280\" src=\"https:\/\/coisasdegentepreta.com.br\/wp-content\/uploads\/2026\/03\/WhatsApp-Image-2026-03-22-at-22.37.46.jpeg\" class=\"attachment-full size-full wp-image-8008\" alt=\"\" srcset=\"https:\/\/coisasdegentepreta.com.br\/wp-content\/uploads\/2026\/03\/WhatsApp-Image-2026-03-22-at-22.37.46.jpeg 853w, https:\/\/coisasdegentepreta.com.br\/wp-content\/uploads\/2026\/03\/WhatsApp-Image-2026-03-22-at-22.37.46-200x300.jpeg 200w, https:\/\/coisasdegentepreta.com.br\/wp-content\/uploads\/2026\/03\/WhatsApp-Image-2026-03-22-at-22.37.46-682x1024.jpeg 682w, https:\/\/coisasdegentepreta.com.br\/wp-content\/uploads\/2026\/03\/WhatsApp-Image-2026-03-22-at-22.37.46-768x1152.jpeg 768w, https:\/\/coisasdegentepreta.com.br\/wp-content\/uploads\/2026\/03\/WhatsApp-Image-2026-03-22-at-22.37.46-600x900.jpeg 600w\" sizes=\"(max-width: 853px) 100vw, 853px\" \/>\t\t\t\t\t\t\t\t\t\t\t\t\t\t\t<\/div>\n\t\t\t\t<\/div>\n\t\t\t\t<\/div>\n\t\t<div class=\"elementor-element elementor-element-5fbaa92 e-con-full e-flex e-con e-child\" data-id=\"5fbaa92\" data-element_type=\"container\" data-settings=\"{&quot;background_background&quot;:&quot;classic&quot;}\">\n\t\t\t\t<div class=\"elementor-element elementor-element-fe8380d elementor-widget elementor-widget-heading\" data-id=\"fe8380d\" data-element_type=\"widget\" data-widget_type=\"heading.default\">\n\t\t\t\t<div class=\"elementor-widget-container\">\n\t\t\t\t\t<h2 class=\"elementor-heading-title elementor-size-default\">Nasceu, no \u00faltimo s\u00e1bado (21), o PCN \u2014 Partido da Causa Negra.<\/h2>\t\t\t\t<\/div>\n\t\t\t\t<\/div>\n\t\t\t\t<div class=\"elementor-element elementor-element-c7d99db elementor-widget elementor-widget-text-editor\" data-id=\"c7d99db\" data-element_type=\"widget\" data-widget_type=\"text-editor.default\">\n\t\t\t\t<div class=\"elementor-widget-container\">\n\t\t\t\t\t\t\t\t\t<p>A funda\u00e7\u00e3o ocorreu por meio de uma Assembleia Nacional de car\u00e1ter h\u00edbrido, com base presencial no bairro de Ricardo de Albuquerque, no Rio de Janeiro, reunindo participantes de diferentes regi\u00f5es do pa\u00eds. Nesta etapa inicial, o partido j\u00e1 conta com a ades\u00e3o de representantes de nove estados, estabelecendo o n\u00facleo m\u00ednimo necess\u00e1rio para o in\u00edcio de sua organiza\u00e7\u00e3o nacional.<\/p><p>Mais do que um ato formal, a funda\u00e7\u00e3o do PCN representa o surgimento de uma nova posi\u00e7\u00e3o pol\u00edtica no cen\u00e1rio brasileiro. Um partido que n\u00e3o se limita \u00e0s estruturas tradicionais, mas que se organiza a partir da compreens\u00e3o de que o principal eixo de conflito no Brasil \u00e9 racial, hist\u00f3rico e estrutural.<\/p><p>O PCN nasce com o objetivo de organizar politicamente o povo preto como sujeito de poder \u00a0n\u00e3o mais como base, mas como dire\u00e7\u00e3o.<\/p><p>Sua estrutura inicial conta com uma Executiva Nacional provis\u00f3ria composta por um Presidente e uma Vice-Presidente.<\/p><p>Essa composi\u00e7\u00e3o busca garantir n\u00e3o apenas funcionamento administrativo, mas tamb\u00e9m coer\u00eancia ideol\u00f3gica e capacidade de articula\u00e7\u00e3o pol\u00edtica.<\/p><p>Entre suas diretrizes centrais, o partido assume compromissos claros:<br \/>\u2013 enfrentamento direto ao racismo estrutural nas institui\u00e7\u00f5es<br \/>\u2013 forma\u00e7\u00e3o pol\u00edtica e constru\u00e7\u00e3o de novas lideran\u00e7as negras<br \/>\u2013 fortalecimento da autonomia econ\u00f4mica e organizativa do povo preto<br \/>\u2013 defesa da cultura, da ancestralidade e das religi\u00f5es de matriz africana<br \/>\u2013 atua\u00e7\u00e3o nas pautas sociais com centralidade na justi\u00e7a racial<\/p><p>O PCN tamb\u00e9m se prop\u00f5e a atuar de forma independente das polariza\u00e7\u00f5es tradicionais, afirmando-se como um partido de posi\u00e7\u00e3o pr\u00f3pria, com base na soberania pol\u00edtica negra.<\/p><p>O desafio que se coloca a partir de agora \u00e9 o da consolida\u00e7\u00e3o: ampliar sua base, estruturar suas dire\u00e7\u00f5es estaduais, aprofundar sua formula\u00e7\u00e3o program\u00e1tica e disputar espa\u00e7o no cen\u00e1rio pol\u00edtico nacional com consist\u00eancia e unidade.<\/p><p>A funda\u00e7\u00e3o do PCN n\u00e3o encerra um ciclo \u00a0inaugura uma nova etapa.\u00a0Uma etapa que exigir\u00e1 disciplina, maturidade pol\u00edtica e compromisso coletivo.\u00a0Mas, acima de tudo, uma etapa que reafirma: o povo preto organizado \u00e9 poder.<\/p>\t\t\t\t\t\t\t\t<\/div>\n\t\t\t\t<\/div>\n\t\t\t\t<\/div>\n\t\t\t\t\t<\/div>\n\t\t\t\t<\/div>\n\t\t\t\t<\/div>\n\t\t","protected":false},"excerpt":{"rendered":"<p>Nasceu, no \u00faltimo s\u00e1bado (21), o PCN \u2014 Partido da Causa Negra. A funda\u00e7\u00e3o ocorreu por meio de uma Assembleia Nacional de car\u00e1ter h\u00edbrido, com base presencial no bairro de Ricardo de Albuquerque, no Rio de Janeiro, reunindo participantes de diferentes regi\u00f5es do pa\u00eds. Nesta etapa inicial, o partido j\u00e1 conta com a ades\u00e3o de &hellip;<\/p>\n<p class=\"read-more\"> <a class=\"\" href=\"https:\/\/coisasdegentepreta.com.br\/index.php\/nasceu-no-ultimo-sabado-21-o-pcn-partido-da-causa-negra\/\"> <span class=\"screen-reader-text\">Nasceu, no \u00faltimo s\u00e1bado (21), o PCN \u2014 Partido da Causa Negra.<\/span> Read More &raquo;<\/a><\/p>\n","protected":false},"author":1,"featured_media":0,"parent":0,"menu_order":0,"comment_status":"closed","ping_status":"closed","template":"","meta":{"site-sidebar-layout":"no-sidebar","site-content-layout":"","ast-site-content-layout":"full-width-container","site-content-style":"default","site-sidebar-style":"default","ast-global-header-display":"","ast-banner-title-visibility":"","ast-main-header-display":"","ast-hfb-above-header-display":"","ast-hfb-below-header-display":"","ast-hfb-mobile-header-display":"","site-post-title":"disabled","ast-breadcrumbs-content":"","ast-featured-img":"disabled","footer-sml-layout":"","theme-transparent-header-meta":"","adv-header-id-meta":"","stick-header-meta":"","header-above-stick-meta":"","header-main-stick-meta":"","header-below-stick-meta":"","astra-migrate-meta-layouts":"default","ast-page-background-enabled":"default","ast-page-background-meta":{"desktop":{"background-color":"var(--ast-global-color-4)","background-image":"","background-repeat":"repeat","background-position":"center center","background-size":"auto","background-attachment":"scroll","background-type":"","background-media":"","overlay-type":"","overlay-color":"","overlay-gradient":""},"tablet":{"background-color":"","background-image":"","background-repeat":"repeat","background-position":"center center","background-size":"auto","background-attachment":"scroll","background-type":"","background-media":"","overlay-type":"","overlay-color":"","overlay-gradient":""},"mobile":{"background-color":"","background-image":"","background-repeat":"repeat","background-position":"center center","background-size":"auto","background-attachment":"scroll","background-type":"","background-media":"","overlay-type":"","overlay-color":"","overlay-gradient":""}},"ast-content-background-meta":{"desktop":{"background-color":"var(--ast-global-color-5)","background-image":"","background-repeat":"repeat","background-position":"center center","background-size":"auto","background-attachment":"scroll","background-type":"","background-media":"","overlay-type":"","overlay-color":"","overlay-gradient":""},"tablet":{"background-color":"var(--ast-global-color-5)","background-image":"","background-repeat":"repeat","background-position":"center center","background-size":"auto","background-attachment":"scroll","background-type":"","background-media":"","overlay-type":"","overlay-color":"","overlay-gradient":""},"mobile":{"background-color":"var(--ast-global-color-5)","background-image":"","background-repeat":"repeat","background-position":"center center","background-size":"auto","background-attachment":"scroll","background-type":"","background-media":"","overlay-type":"","overlay-color":"","overlay-gradient":""}},"footnotes":""},"class_list":["post-8006","page","type-page","status-publish","hentry"],"yoast_head":"<!-- This site is optimized with the Yoast SEO plugin v24.2 - https:\/\/yoast.com\/wordpress\/plugins\/seo\/ -->\n<title>Nasceu, no \u00faltimo s\u00e1bado (21), o PCN \u2014 Partido da Causa Negra. -<\/title>\n<meta name=\"robots\" content=\"index, follow, max-snippet:-1, max-image-preview:large, max-video-preview:-1\" \/>\n<link rel=\"canonical\" href=\"https:\/\/coisasdegentepreta.com.br\/index.php\/nasceu-no-ultimo-sabado-21-o-pcn-partido-da-causa-negra\/\" \/>\n<meta property=\"og:locale\" content=\"en_US\" \/>\n<meta property=\"og:type\" content=\"article\" \/>\n<meta property=\"og:title\" content=\"Nasceu, no \u00faltimo s\u00e1bado (21), o PCN \u2014 Partido da Causa Negra. -\" \/>\n<meta property=\"og:description\" content=\"Nasceu, no \u00faltimo s\u00e1bado (21), o PCN \u2014 Partido da Causa Negra. A funda\u00e7\u00e3o ocorreu por meio de uma Assembleia Nacional de car\u00e1ter h\u00edbrido, com base presencial no bairro de Ricardo de Albuquerque, no Rio de Janeiro, reunindo participantes de diferentes regi\u00f5es do pa\u00eds. Nesta etapa inicial, o partido j\u00e1 conta com a ades\u00e3o de &hellip; Nasceu, no \u00faltimo s\u00e1bado (21), o PCN \u2014 Partido da Causa Negra. Read More &raquo;\" \/>\n<meta property=\"og:url\" content=\"https:\/\/coisasdegentepreta.com.br\/index.php\/nasceu-no-ultimo-sabado-21-o-pcn-partido-da-causa-negra\/\" \/>\n<meta property=\"article:publisher\" content=\"https:\/\/facebook.com\/cmmcomcoisasdegente\" \/>\n<meta property=\"article:modified_time\" content=\"2026-03-23T02:34:32+00:00\" \/>\n<meta property=\"og:image\" content=\"https:\/\/coisasdegentepreta.com.br\/wp-content\/uploads\/2026\/03\/WhatsApp-Image-2026-03-22-at-22.37.46.jpeg\" \/>\n\t<meta property=\"og:image:width\" content=\"853\" \/>\n\t<meta property=\"og:image:height\" content=\"1280\" \/>\n\t<meta property=\"og:image:type\" content=\"image\/jpeg\" \/>\n<meta name=\"twitter:card\" content=\"summary_large_image\" \/>\n<meta name=\"twitter:site\" content=\"@cmmcomcoisasdegente\" \/>\n<meta name=\"twitter:label1\" content=\"Est. reading time\" \/>\n\t<meta name=\"twitter:data1\" content=\"2 minutes\" \/>\n<script type=\"application\/ld+json\" class=\"yoast-schema-graph\">{\"@context\":\"https:\/\/schema.org\",\"@graph\":[{\"@type\":\"WebPage\",\"@id\":\"https:\/\/coisasdegentepreta.com.br\/index.php\/nasceu-no-ultimo-sabado-21-o-pcn-partido-da-causa-negra\/\",\"url\":\"https:\/\/coisasdegentepreta.com.br\/index.php\/nasceu-no-ultimo-sabado-21-o-pcn-partido-da-causa-negra\/\",\"name\":\"Nasceu, no \u00faltimo s\u00e1bado (21), o PCN \u2014 Partido da Causa Negra. -\",\"isPartOf\":{\"@id\":\"https:\/\/coisasdegentepreta.com.br\/#website\"},\"primaryImageOfPage\":{\"@id\":\"https:\/\/coisasdegentepreta.com.br\/index.php\/nasceu-no-ultimo-sabado-21-o-pcn-partido-da-causa-negra\/#primaryimage\"},\"image\":{\"@id\":\"https:\/\/coisasdegentepreta.com.br\/index.php\/nasceu-no-ultimo-sabado-21-o-pcn-partido-da-causa-negra\/#primaryimage\"},\"thumbnailUrl\":\"https:\/\/coisasdegentepreta.com.br\/wp-content\/uploads\/2026\/03\/WhatsApp-Image-2026-03-22-at-22.37.46.jpeg\",\"datePublished\":\"2026-03-23T02:32:44+00:00\",\"dateModified\":\"2026-03-23T02:34:32+00:00\",\"breadcrumb\":{\"@id\":\"https:\/\/coisasdegentepreta.com.br\/index.php\/nasceu-no-ultimo-sabado-21-o-pcn-partido-da-causa-negra\/#breadcrumb\"},\"inLanguage\":\"en-US\",\"potentialAction\":[{\"@type\":\"ReadAction\",\"target\":[\"https:\/\/coisasdegentepreta.com.br\/index.php\/nasceu-no-ultimo-sabado-21-o-pcn-partido-da-causa-negra\/\"]}]},{\"@type\":\"ImageObject\",\"inLanguage\":\"en-US\",\"@id\":\"https:\/\/coisasdegentepreta.com.br\/index.php\/nasceu-no-ultimo-sabado-21-o-pcn-partido-da-causa-negra\/#primaryimage\",\"url\":\"https:\/\/coisasdegentepreta.com.br\/wp-content\/uploads\/2026\/03\/WhatsApp-Image-2026-03-22-at-22.37.46.jpeg\",\"contentUrl\":\"https:\/\/coisasdegentepreta.com.br\/wp-content\/uploads\/2026\/03\/WhatsApp-Image-2026-03-22-at-22.37.46.jpeg\",\"width\":853,\"height\":1280},{\"@type\":\"BreadcrumbList\",\"@id\":\"https:\/\/coisasdegentepreta.com.br\/index.php\/nasceu-no-ultimo-sabado-21-o-pcn-partido-da-causa-negra\/#breadcrumb\",\"itemListElement\":[{\"@type\":\"ListItem\",\"position\":1,\"name\":\"ECMM\",\"item\":\"https:\/\/coisasdegentepreta.com.br\/\"},{\"@type\":\"ListItem\",\"position\":2,\"name\":\"Nasceu, no \u00faltimo s\u00e1bado (21), o PCN \u2014 Partido da Causa Negra.\"}]},{\"@type\":\"WebSite\",\"@id\":\"https:\/\/coisasdegentepreta.com.br\/#website\",\"url\":\"https:\/\/coisasdegentepreta.com.br\/\",\"name\":\"https:\/\/coisasdegentepreta.com.br\",\"description\":\"\",\"publisher\":{\"@id\":\"https:\/\/coisasdegentepreta.com.br\/#organization\"},\"potentialAction\":[{\"@type\":\"SearchAction\",\"target\":{\"@type\":\"EntryPoint\",\"urlTemplate\":\"https:\/\/coisasdegentepreta.com.br\/?s={search_term_string}\"},\"query-input\":{\"@type\":\"PropertyValueSpecification\",\"valueRequired\":true,\"valueName\":\"search_term_string\"}}],\"inLanguage\":\"en-US\"},{\"@type\":\"Organization\",\"@id\":\"https:\/\/coisasdegentepreta.com.br\/#organization\",\"name\":\"Espa\u00e7o de Capacita\u00e7\u00e3o M\u00e1rcio Madeira RJ\",\"url\":\"https:\/\/coisasdegentepreta.com.br\/\",\"logo\":{\"@type\":\"ImageObject\",\"inLanguage\":\"en-US\",\"@id\":\"https:\/\/coisasdegentepreta.com.br\/#\/schema\/logo\/image\/\",\"url\":\"https:\/\/coisasdegentepreta.com.br\/wp-content\/uploads\/2023\/12\/logo-2.png\",\"contentUrl\":\"https:\/\/coisasdegentepreta.com.br\/wp-content\/uploads\/2023\/12\/logo-2.png\",\"width\":2064,\"height\":1021,\"caption\":\"Espa\u00e7o de Capacita\u00e7\u00e3o M\u00e1rcio Madeira RJ\"},\"image\":{\"@id\":\"https:\/\/coisasdegentepreta.com.br\/#\/schema\/logo\/image\/\"},\"sameAs\":[\"https:\/\/facebook.com\/cmmcomcoisasdegente\",\"https:\/\/x.com\/cmmcomcoisasdegente\",\"https:\/\/instagram.com\/cmmcomcoisasdegente\"]}]}<\/script>\n<!-- \/ Yoast SEO plugin. -->","yoast_head_json":{"title":"Nasceu, no \u00faltimo s\u00e1bado (21), o PCN \u2014 Partido da Causa Negra. -","robots":{"index":"index","follow":"follow","max-snippet":"max-snippet:-1","max-image-preview":"max-image-preview:large","max-video-preview":"max-video-preview:-1"},"canonical":"https:\/\/coisasdegentepreta.com.br\/index.php\/nasceu-no-ultimo-sabado-21-o-pcn-partido-da-causa-negra\/","og_locale":"en_US","og_type":"article","og_title":"Nasceu, no \u00faltimo s\u00e1bado (21), o PCN \u2014 Partido da Causa Negra. -","og_description":"Nasceu, no \u00faltimo s\u00e1bado (21), o PCN \u2014 Partido da Causa Negra. A funda\u00e7\u00e3o ocorreu por meio de uma Assembleia Nacional de car\u00e1ter h\u00edbrido, com base presencial no bairro de Ricardo de Albuquerque, no Rio de Janeiro, reunindo participantes de diferentes regi\u00f5es do pa\u00eds. Nesta etapa inicial, o partido j\u00e1 conta com a ades\u00e3o de &hellip; Nasceu, no \u00faltimo s\u00e1bado (21), o PCN \u2014 Partido da Causa Negra. Read More &raquo;","og_url":"https:\/\/coisasdegentepreta.com.br\/index.php\/nasceu-no-ultimo-sabado-21-o-pcn-partido-da-causa-negra\/","article_publisher":"https:\/\/facebook.com\/cmmcomcoisasdegente","article_modified_time":"2026-03-23T02:34:32+00:00","og_image":[{"width":853,"height":1280,"url":"https:\/\/coisasdegentepreta.com.br\/wp-content\/uploads\/2026\/03\/WhatsApp-Image-2026-03-22-at-22.37.46.jpeg","type":"image\/jpeg"}],"twitter_card":"summary_large_image","twitter_site":"@cmmcomcoisasdegente","twitter_misc":{"Est. reading time":"2 minutes"},"schema":{"@context":"https:\/\/schema.org","@graph":[{"@type":"WebPage","@id":"https:\/\/coisasdegentepreta.com.br\/index.php\/nasceu-no-ultimo-sabado-21-o-pcn-partido-da-causa-negra\/","url":"https:\/\/coisasdegentepreta.com.br\/index.php\/nasceu-no-ultimo-sabado-21-o-pcn-partido-da-causa-negra\/","name":"Nasceu, no \u00faltimo s\u00e1bado (21), o PCN \u2014 Partido da Causa Negra. -","isPartOf":{"@id":"https:\/\/coisasdegentepreta.com.br\/#website"},"primaryImageOfPage":{"@id":"https:\/\/coisasdegentepreta.com.br\/index.php\/nasceu-no-ultimo-sabado-21-o-pcn-partido-da-causa-negra\/#primaryimage"},"image":{"@id":"https:\/\/coisasdegentepreta.com.br\/index.php\/nasceu-no-ultimo-sabado-21-o-pcn-partido-da-causa-negra\/#primaryimage"},"thumbnailUrl":"https:\/\/coisasdegentepreta.com.br\/wp-content\/uploads\/2026\/03\/WhatsApp-Image-2026-03-22-at-22.37.46.jpeg","datePublished":"2026-03-23T02:32:44+00:00","dateModified":"2026-03-23T02:34:32+00:00","breadcrumb":{"@id":"https:\/\/coisasdegentepreta.com.br\/index.php\/nasceu-no-ultimo-sabado-21-o-pcn-partido-da-causa-negra\/#breadcrumb"},"inLanguage":"en-US","potentialAction":[{"@type":"ReadAction","target":["https:\/\/coisasdegentepreta.com.br\/index.php\/nasceu-no-ultimo-sabado-21-o-pcn-partido-da-causa-negra\/"]}]},{"@type":"ImageObject","inLanguage":"en-US","@id":"https:\/\/coisasdegentepreta.com.br\/index.php\/nasceu-no-ultimo-sabado-21-o-pcn-partido-da-causa-negra\/#primaryimage","url":"https:\/\/coisasdegentepreta.com.br\/wp-content\/uploads\/2026\/03\/WhatsApp-Image-2026-03-22-at-22.37.46.jpeg","contentUrl":"https:\/\/coisasdegentepreta.com.br\/wp-content\/uploads\/2026\/03\/WhatsApp-Image-2026-03-22-at-22.37.46.jpeg","width":853,"height":1280},{"@type":"BreadcrumbList","@id":"https:\/\/coisasdegentepreta.com.br\/index.php\/nasceu-no-ultimo-sabado-21-o-pcn-partido-da-causa-negra\/#breadcrumb","itemListElement":[{"@type":"ListItem","position":1,"name":"ECMM","item":"https:\/\/coisasdegentepreta.com.br\/"},{"@type":"ListItem","position":2,"name":"Nasceu, no \u00faltimo s\u00e1bado (21), o PCN \u2014 Partido da Causa Negra."}]},{"@type":"WebSite","@id":"https:\/\/coisasdegentepreta.com.br\/#website","url":"https:\/\/coisasdegentepreta.com.br\/","name":"https:\/\/coisasdegentepreta.com.br","description":"","publisher":{"@id":"https:\/\/coisasdegentepreta.com.br\/#organization"},"potentialAction":[{"@type":"SearchAction","target":{"@type":"EntryPoint","urlTemplate":"https:\/\/coisasdegentepreta.com.br\/?s={search_term_string}"},"query-input":{"@type":"PropertyValueSpecification","valueRequired":true,"valueName":"search_term_string"}}],"inLanguage":"en-US"},{"@type":"Organization","@id":"https:\/\/coisasdegentepreta.com.br\/#organization","name":"Espa\u00e7o de Capacita\u00e7\u00e3o M\u00e1rcio Madeira RJ","url":"https:\/\/coisasdegentepreta.com.br\/","logo":{"@type":"ImageObject","inLanguage":"en-US","@id":"https:\/\/coisasdegentepreta.com.br\/#\/schema\/logo\/image\/","url":"https:\/\/coisasdegentepreta.com.br\/wp-content\/uploads\/2023\/12\/logo-2.png","contentUrl":"https:\/\/coisasdegentepreta.com.br\/wp-content\/uploads\/2023\/12\/logo-2.png","width":2064,"height":1021,"caption":"Espa\u00e7o de Capacita\u00e7\u00e3o M\u00e1rcio Madeira RJ"},"image":{"@id":"https:\/\/coisasdegentepreta.com.br\/#\/schema\/logo\/image\/"},"sameAs":["https:\/\/facebook.com\/cmmcomcoisasdegente","https:\/\/x.com\/cmmcomcoisasdegente","https:\/\/instagram.com\/cmmcomcoisasdegente"]}]}},"_links":{"self":[{"href":"https:\/\/coisasdegentepreta.com.br\/index.php\/wp-json\/wp\/v2\/pages\/8006","targetHints":{"allow":["GET"]}}],"collection":[{"href":"https:\/\/coisasdegentepreta.com.br\/index.php\/wp-json\/wp\/v2\/pages"}],"about":[{"href":"https:\/\/coisasdegentepreta.com.br\/index.php\/wp-json\/wp\/v2\/types\/page"}],"author":[{"embeddable":true,"href":"https:\/\/coisasdegentepreta.com.br\/index.php\/wp-json\/wp\/v2\/users\/1"}],"replies":[{"embeddable":true,"href":"https:\/\/coisasdegentepreta.com.br\/index.php\/wp-json\/wp\/v2\/comments?post=8006"}],"version-history":[{"count":4,"href":"https:\/\/coisasdegentepreta.com.br\/index.php\/wp-json\/wp\/v2\/pages\/8006\/revisions"}],"predecessor-version":[{"id":8011,"href":"https:\/\/coisasdegentepreta.com.br\/index.php\/wp-json\/wp\/v2\/pages\/8006\/revisions\/8011"}],"wp:attachment":[{"href":"https:\/\/coisasdegentepreta.com.br\/index.php\/wp-json\/wp\/v2\/media?parent=8006"}],"curies":[{"name":"wp","href":"https:\/\/api.w.org\/{rel}","templated":true}]}}