{"id":7995,"date":"2026-03-11T09:53:56","date_gmt":"2026-03-11T12:53:56","guid":{"rendered":"https:\/\/coisasdegentepreta.com.br\/?page_id=7995"},"modified":"2026-03-11T09:55:15","modified_gmt":"2026-03-11T12:55:15","slug":"convocacao-a-sociedade-civil-preta","status":"publish","type":"page","link":"https:\/\/coisasdegentepreta.com.br\/index.php\/convocacao-a-sociedade-civil-preta\/","title":{"rendered":"Convoca\u00e7\u00e3o \u00e0 Sociedade Civil Preta"},"content":{"rendered":"\t\t<div data-elementor-type=\"wp-page\" data-elementor-id=\"7995\" class=\"elementor elementor-7995\">\n\t\t\t\t<div class=\"elementor-element elementor-element-68eabc2 e-flex e-con-boxed e-con e-parent\" data-id=\"68eabc2\" data-element_type=\"container\" data-settings=\"{&quot;background_background&quot;:&quot;classic&quot;}\">\n\t\t\t\t\t<div class=\"e-con-inner\">\n\t\t<div class=\"elementor-element elementor-element-b5b04ee e-con-full e-flex e-con e-child\" data-id=\"b5b04ee\" data-element_type=\"container\" data-settings=\"{&quot;background_background&quot;:&quot;classic&quot;}\">\n\t\t\t\t<div class=\"elementor-element elementor-element-73b6bec elementor-widget elementor-widget-image\" data-id=\"73b6bec\" data-element_type=\"widget\" data-widget_type=\"image.default\">\n\t\t\t\t<div class=\"elementor-widget-container\">\n\t\t\t\t\t\t\t\t\t\t\t\t\t\t\t<img fetchpriority=\"high\" decoding=\"async\" width=\"1536\" height=\"1024\" src=\"https:\/\/coisasdegentepreta.com.br\/wp-content\/uploads\/2026\/03\/WhatsApp-Image-2026-03-11-at-05.25.23.jpeg\" class=\"attachment-full size-full wp-image-7978\" alt=\"\" srcset=\"https:\/\/coisasdegentepreta.com.br\/wp-content\/uploads\/2026\/03\/WhatsApp-Image-2026-03-11-at-05.25.23.jpeg 1536w, https:\/\/coisasdegentepreta.com.br\/wp-content\/uploads\/2026\/03\/WhatsApp-Image-2026-03-11-at-05.25.23-300x200.jpeg 300w, https:\/\/coisasdegentepreta.com.br\/wp-content\/uploads\/2026\/03\/WhatsApp-Image-2026-03-11-at-05.25.23-1024x683.jpeg 1024w, https:\/\/coisasdegentepreta.com.br\/wp-content\/uploads\/2026\/03\/WhatsApp-Image-2026-03-11-at-05.25.23-768x512.jpeg 768w, https:\/\/coisasdegentepreta.com.br\/wp-content\/uploads\/2026\/03\/WhatsApp-Image-2026-03-11-at-05.25.23-600x400.jpeg 600w\" sizes=\"(max-width: 1536px) 100vw, 1536px\" \/>\t\t\t\t\t\t\t\t\t\t\t\t\t\t\t<\/div>\n\t\t\t\t<\/div>\n\t\t\t\t<\/div>\n\t\t<div class=\"elementor-element elementor-element-4fd6209 e-con-full e-flex e-con e-child\" data-id=\"4fd6209\" data-element_type=\"container\" data-settings=\"{&quot;background_background&quot;:&quot;classic&quot;}\">\n\t\t\t\t<div class=\"elementor-element elementor-element-4d2692d elementor-widget elementor-widget-heading\" data-id=\"4d2692d\" data-element_type=\"widget\" data-widget_type=\"heading.default\">\n\t\t\t\t<div class=\"elementor-widget-container\">\n\t\t\t\t\t<h2 class=\"elementor-heading-title elementor-size-default\">Convoca\u00e7\u00e3o \u00e0 Sociedade Civil Preta\n<\/h2>\t\t\t\t<\/div>\n\t\t\t\t<\/div>\n\t\t\t\t<div class=\"elementor-element elementor-element-0741f71 elementor-widget elementor-widget-text-editor\" data-id=\"0741f71\" data-element_type=\"widget\" data-widget_type=\"text-editor.default\">\n\t\t\t\t<div class=\"elementor-widget-container\">\n\t\t\t\t\t\t\t\t\t<p>A hist\u00f3ria do povo preto no Brasil sempre foi constru\u00edda a partir da organiza\u00e7\u00e3o, da resist\u00eancia e da capacidade de transformar dor em luta e luta em projeto coletivo.<\/p><p>Ao longo dos s\u00e9culos, nossas comunidades ergueram quilombos, irmandades, terreiros, associa\u00e7\u00f5es e movimentos que mantiveram viva a dignidade de um povo que nunca aceitou a condi\u00e7\u00e3o de invisibilidade imposta pelo racismo estrutural.<\/p><p>\u00c9 nesse esp\u00edrito de continuidade hist\u00f3rica que convidamos a sociedade civil preta militantes, lideran\u00e7as comunit\u00e1rias, intelectuais, trabalhadores, juventudes, povos de terreiro e todas as pessoas comprometidas com a emancipa\u00e7\u00e3o do nosso povo para participar da Assembleia de Funda\u00e7\u00e3o do PCN Partido da Causa Negra.<\/p><p>Este \u00e9 um chamado \u00e0 constru\u00e7\u00e3o de um instrumento pol\u00edtico comprometido com a defesa inegoci\u00e1vel da vida, da dignidade e dos direitos do povo negro brasileiro.<\/p><p>A funda\u00e7\u00e3o do PCN representa mais um passo na longa caminhada de organiza\u00e7\u00e3o pol\u00edtica do nosso povo, afirmando que n\u00e3o abriremos m\u00e3o de disputar os rumos do pa\u00eds com autonomia, consci\u00eancia hist\u00f3rica e compromisso coletivo.<\/p><p>\ud83d\udccd Data: 21 deste m\u00eas <br \/>\ud83d\udd53 Hor\u00e1rio: 16h<\/p><p>Convidamos todas e todos que compreendem a import\u00e2ncia de transformar consci\u00eancia racial em organiza\u00e7\u00e3o pol\u00edtica a se somarem a este momento hist\u00f3rico.<\/p><p>A presen\u00e7a da sociedade civil preta ser\u00e1 fundamental para que este projeto pol\u00edtico nas\u00e7a enraizado na luta, na experi\u00eancia e na esperan\u00e7a do nosso povo.<\/p><p>Seguimos organizando para existir, governar e transformar.<\/p><p>M\u00e1rcio Madeira <br \/>Presidente Nacional \u2013 PCN Partido da Causa Negra<\/p><p>Yalorix\u00e1 Silvia de Osun<br \/>Vice-Presidente Nacional \u2013 PCN Partido da Causa Negra<\/p>\t\t\t\t\t\t\t\t<\/div>\n\t\t\t\t<\/div>\n\t\t\t\t<\/div>\n\t\t\t\t\t<\/div>\n\t\t\t\t<\/div>\n\t\t\t\t<\/div>\n\t\t","protected":false},"excerpt":{"rendered":"<p>Convoca\u00e7\u00e3o \u00e0 Sociedade Civil Preta A hist\u00f3ria do povo preto no Brasil sempre foi constru\u00edda a partir da organiza\u00e7\u00e3o, da resist\u00eancia e da capacidade de transformar dor em luta e luta em projeto coletivo. Ao longo dos s\u00e9culos, nossas comunidades ergueram quilombos, irmandades, terreiros, associa\u00e7\u00f5es e movimentos que mantiveram viva a dignidade de um povo &hellip;<\/p>\n<p class=\"read-more\"> <a class=\"\" href=\"https:\/\/coisasdegentepreta.com.br\/index.php\/convocacao-a-sociedade-civil-preta\/\"> <span class=\"screen-reader-text\">Convoca\u00e7\u00e3o \u00e0 Sociedade Civil Preta<\/span> Read More &raquo;<\/a><\/p>\n","protected":false},"author":1,"featured_media":0,"parent":0,"menu_order":0,"comment_status":"closed","ping_status":"closed","template":"","meta":{"site-sidebar-layout":"no-sidebar","site-content-layout":"","ast-site-content-layout":"full-width-container","site-content-style":"default","site-sidebar-style":"default","ast-global-header-display":"","ast-banner-title-visibility":"","ast-main-header-display":"","ast-hfb-above-header-display":"","ast-hfb-below-header-display":"","ast-hfb-mobile-header-display":"","site-post-title":"disabled","ast-breadcrumbs-content":"","ast-featured-img":"disabled","footer-sml-layout":"","theme-transparent-header-meta":"","adv-header-id-meta":"","stick-header-meta":"","header-above-stick-meta":"","header-main-stick-meta":"","header-below-stick-meta":"","astra-migrate-meta-layouts":"default","ast-page-background-enabled":"default","ast-page-background-meta":{"desktop":{"background-color":"var(--ast-global-color-4)","background-image":"","background-repeat":"repeat","background-position":"center center","background-size":"auto","background-attachment":"scroll","background-type":"","background-media":"","overlay-type":"","overlay-color":"","overlay-gradient":""},"tablet":{"background-color":"","background-image":"","background-repeat":"repeat","background-position":"center center","background-size":"auto","background-attachment":"scroll","background-type":"","background-media":"","overlay-type":"","overlay-color":"","overlay-gradient":""},"mobile":{"background-color":"","background-image":"","background-repeat":"repeat","background-position":"center center","background-size":"auto","background-attachment":"scroll","background-type":"","background-media":"","overlay-type":"","overlay-color":"","overlay-gradient":""}},"ast-content-background-meta":{"desktop":{"background-color":"var(--ast-global-color-5)","background-image":"","background-repeat":"repeat","background-position":"center center","background-size":"auto","background-attachment":"scroll","background-type":"","background-media":"","overlay-type":"","overlay-color":"","overlay-gradient":""},"tablet":{"background-color":"var(--ast-global-color-5)","background-image":"","background-repeat":"repeat","background-position":"center center","background-size":"auto","background-attachment":"scroll","background-type":"","background-media":"","overlay-type":"","overlay-color":"","overlay-gradient":""},"mobile":{"background-color":"var(--ast-global-color-5)","background-image":"","background-repeat":"repeat","background-position":"center center","background-size":"auto","background-attachment":"scroll","background-type":"","background-media":"","overlay-type":"","overlay-color":"","overlay-gradient":""}},"footnotes":""},"class_list":["post-7995","page","type-page","status-publish","hentry"],"yoast_head":"<!-- This site is optimized with the Yoast SEO plugin v24.2 - https:\/\/yoast.com\/wordpress\/plugins\/seo\/ -->\n<title>Convoca\u00e7\u00e3o \u00e0 Sociedade Civil Preta -<\/title>\n<meta name=\"robots\" content=\"index, follow, max-snippet:-1, max-image-preview:large, max-video-preview:-1\" \/>\n<link rel=\"canonical\" href=\"https:\/\/coisasdegentepreta.com.br\/index.php\/convocacao-a-sociedade-civil-preta\/\" \/>\n<meta property=\"og:locale\" content=\"en_US\" \/>\n<meta property=\"og:type\" content=\"article\" \/>\n<meta property=\"og:title\" content=\"Convoca\u00e7\u00e3o \u00e0 Sociedade Civil Preta -\" \/>\n<meta property=\"og:description\" content=\"Convoca\u00e7\u00e3o \u00e0 Sociedade Civil Preta A hist\u00f3ria do povo preto no Brasil sempre foi constru\u00edda a partir da organiza\u00e7\u00e3o, da resist\u00eancia e da capacidade de transformar dor em luta e luta em projeto coletivo. Ao longo dos s\u00e9culos, nossas comunidades ergueram quilombos, irmandades, terreiros, associa\u00e7\u00f5es e movimentos que mantiveram viva a dignidade de um povo &hellip; Convoca\u00e7\u00e3o \u00e0 Sociedade Civil Preta Read More &raquo;\" \/>\n<meta property=\"og:url\" content=\"https:\/\/coisasdegentepreta.com.br\/index.php\/convocacao-a-sociedade-civil-preta\/\" \/>\n<meta property=\"article:publisher\" content=\"https:\/\/facebook.com\/cmmcomcoisasdegente\" \/>\n<meta property=\"article:modified_time\" content=\"2026-03-11T12:55:15+00:00\" \/>\n<meta property=\"og:image\" content=\"https:\/\/coisasdegentepreta.com.br\/wp-content\/uploads\/2026\/03\/WhatsApp-Image-2026-03-11-at-05.25.23.jpeg\" \/>\n\t<meta property=\"og:image:width\" content=\"1536\" \/>\n\t<meta property=\"og:image:height\" content=\"1024\" \/>\n\t<meta property=\"og:image:type\" content=\"image\/jpeg\" \/>\n<meta name=\"twitter:card\" content=\"summary_large_image\" \/>\n<meta name=\"twitter:site\" content=\"@cmmcomcoisasdegente\" \/>\n<meta name=\"twitter:label1\" content=\"Est. reading time\" \/>\n\t<meta name=\"twitter:data1\" content=\"2 minutes\" \/>\n<script type=\"application\/ld+json\" class=\"yoast-schema-graph\">{\"@context\":\"https:\/\/schema.org\",\"@graph\":[{\"@type\":\"WebPage\",\"@id\":\"https:\/\/coisasdegentepreta.com.br\/index.php\/convocacao-a-sociedade-civil-preta\/\",\"url\":\"https:\/\/coisasdegentepreta.com.br\/index.php\/convocacao-a-sociedade-civil-preta\/\",\"name\":\"Convoca\u00e7\u00e3o \u00e0 Sociedade Civil Preta -\",\"isPartOf\":{\"@id\":\"https:\/\/coisasdegentepreta.com.br\/#website\"},\"primaryImageOfPage\":{\"@id\":\"https:\/\/coisasdegentepreta.com.br\/index.php\/convocacao-a-sociedade-civil-preta\/#primaryimage\"},\"image\":{\"@id\":\"https:\/\/coisasdegentepreta.com.br\/index.php\/convocacao-a-sociedade-civil-preta\/#primaryimage\"},\"thumbnailUrl\":\"https:\/\/coisasdegentepreta.com.br\/wp-content\/uploads\/2026\/03\/WhatsApp-Image-2026-03-11-at-05.25.23.jpeg\",\"datePublished\":\"2026-03-11T12:53:56+00:00\",\"dateModified\":\"2026-03-11T12:55:15+00:00\",\"breadcrumb\":{\"@id\":\"https:\/\/coisasdegentepreta.com.br\/index.php\/convocacao-a-sociedade-civil-preta\/#breadcrumb\"},\"inLanguage\":\"en-US\",\"potentialAction\":[{\"@type\":\"ReadAction\",\"target\":[\"https:\/\/coisasdegentepreta.com.br\/index.php\/convocacao-a-sociedade-civil-preta\/\"]}]},{\"@type\":\"ImageObject\",\"inLanguage\":\"en-US\",\"@id\":\"https:\/\/coisasdegentepreta.com.br\/index.php\/convocacao-a-sociedade-civil-preta\/#primaryimage\",\"url\":\"https:\/\/coisasdegentepreta.com.br\/wp-content\/uploads\/2026\/03\/WhatsApp-Image-2026-03-11-at-05.25.23.jpeg\",\"contentUrl\":\"https:\/\/coisasdegentepreta.com.br\/wp-content\/uploads\/2026\/03\/WhatsApp-Image-2026-03-11-at-05.25.23.jpeg\",\"width\":1536,\"height\":1024},{\"@type\":\"BreadcrumbList\",\"@id\":\"https:\/\/coisasdegentepreta.com.br\/index.php\/convocacao-a-sociedade-civil-preta\/#breadcrumb\",\"itemListElement\":[{\"@type\":\"ListItem\",\"position\":1,\"name\":\"ECMM\",\"item\":\"https:\/\/coisasdegentepreta.com.br\/\"},{\"@type\":\"ListItem\",\"position\":2,\"name\":\"Convoca\u00e7\u00e3o \u00e0 Sociedade Civil Preta\"}]},{\"@type\":\"WebSite\",\"@id\":\"https:\/\/coisasdegentepreta.com.br\/#website\",\"url\":\"https:\/\/coisasdegentepreta.com.br\/\",\"name\":\"https:\/\/coisasdegentepreta.com.br\",\"description\":\"\",\"publisher\":{\"@id\":\"https:\/\/coisasdegentepreta.com.br\/#organization\"},\"potentialAction\":[{\"@type\":\"SearchAction\",\"target\":{\"@type\":\"EntryPoint\",\"urlTemplate\":\"https:\/\/coisasdegentepreta.com.br\/?s={search_term_string}\"},\"query-input\":{\"@type\":\"PropertyValueSpecification\",\"valueRequired\":true,\"valueName\":\"search_term_string\"}}],\"inLanguage\":\"en-US\"},{\"@type\":\"Organization\",\"@id\":\"https:\/\/coisasdegentepreta.com.br\/#organization\",\"name\":\"Espa\u00e7o de Capacita\u00e7\u00e3o M\u00e1rcio Madeira RJ\",\"url\":\"https:\/\/coisasdegentepreta.com.br\/\",\"logo\":{\"@type\":\"ImageObject\",\"inLanguage\":\"en-US\",\"@id\":\"https:\/\/coisasdegentepreta.com.br\/#\/schema\/logo\/image\/\",\"url\":\"https:\/\/coisasdegentepreta.com.br\/wp-content\/uploads\/2023\/12\/logo-2.png\",\"contentUrl\":\"https:\/\/coisasdegentepreta.com.br\/wp-content\/uploads\/2023\/12\/logo-2.png\",\"width\":2064,\"height\":1021,\"caption\":\"Espa\u00e7o de Capacita\u00e7\u00e3o M\u00e1rcio Madeira RJ\"},\"image\":{\"@id\":\"https:\/\/coisasdegentepreta.com.br\/#\/schema\/logo\/image\/\"},\"sameAs\":[\"https:\/\/facebook.com\/cmmcomcoisasdegente\",\"https:\/\/x.com\/cmmcomcoisasdegente\",\"https:\/\/instagram.com\/cmmcomcoisasdegente\"]}]}<\/script>\n<!-- \/ Yoast SEO plugin. -->","yoast_head_json":{"title":"Convoca\u00e7\u00e3o \u00e0 Sociedade Civil Preta -","robots":{"index":"index","follow":"follow","max-snippet":"max-snippet:-1","max-image-preview":"max-image-preview:large","max-video-preview":"max-video-preview:-1"},"canonical":"https:\/\/coisasdegentepreta.com.br\/index.php\/convocacao-a-sociedade-civil-preta\/","og_locale":"en_US","og_type":"article","og_title":"Convoca\u00e7\u00e3o \u00e0 Sociedade Civil Preta -","og_description":"Convoca\u00e7\u00e3o \u00e0 Sociedade Civil Preta A hist\u00f3ria do povo preto no Brasil sempre foi constru\u00edda a partir da organiza\u00e7\u00e3o, da resist\u00eancia e da capacidade de transformar dor em luta e luta em projeto coletivo. Ao longo dos s\u00e9culos, nossas comunidades ergueram quilombos, irmandades, terreiros, associa\u00e7\u00f5es e movimentos que mantiveram viva a dignidade de um povo &hellip; Convoca\u00e7\u00e3o \u00e0 Sociedade Civil Preta Read More &raquo;","og_url":"https:\/\/coisasdegentepreta.com.br\/index.php\/convocacao-a-sociedade-civil-preta\/","article_publisher":"https:\/\/facebook.com\/cmmcomcoisasdegente","article_modified_time":"2026-03-11T12:55:15+00:00","og_image":[{"width":1536,"height":1024,"url":"https:\/\/coisasdegentepreta.com.br\/wp-content\/uploads\/2026\/03\/WhatsApp-Image-2026-03-11-at-05.25.23.jpeg","type":"image\/jpeg"}],"twitter_card":"summary_large_image","twitter_site":"@cmmcomcoisasdegente","twitter_misc":{"Est. reading time":"2 minutes"},"schema":{"@context":"https:\/\/schema.org","@graph":[{"@type":"WebPage","@id":"https:\/\/coisasdegentepreta.com.br\/index.php\/convocacao-a-sociedade-civil-preta\/","url":"https:\/\/coisasdegentepreta.com.br\/index.php\/convocacao-a-sociedade-civil-preta\/","name":"Convoca\u00e7\u00e3o \u00e0 Sociedade Civil Preta -","isPartOf":{"@id":"https:\/\/coisasdegentepreta.com.br\/#website"},"primaryImageOfPage":{"@id":"https:\/\/coisasdegentepreta.com.br\/index.php\/convocacao-a-sociedade-civil-preta\/#primaryimage"},"image":{"@id":"https:\/\/coisasdegentepreta.com.br\/index.php\/convocacao-a-sociedade-civil-preta\/#primaryimage"},"thumbnailUrl":"https:\/\/coisasdegentepreta.com.br\/wp-content\/uploads\/2026\/03\/WhatsApp-Image-2026-03-11-at-05.25.23.jpeg","datePublished":"2026-03-11T12:53:56+00:00","dateModified":"2026-03-11T12:55:15+00:00","breadcrumb":{"@id":"https:\/\/coisasdegentepreta.com.br\/index.php\/convocacao-a-sociedade-civil-preta\/#breadcrumb"},"inLanguage":"en-US","potentialAction":[{"@type":"ReadAction","target":["https:\/\/coisasdegentepreta.com.br\/index.php\/convocacao-a-sociedade-civil-preta\/"]}]},{"@type":"ImageObject","inLanguage":"en-US","@id":"https:\/\/coisasdegentepreta.com.br\/index.php\/convocacao-a-sociedade-civil-preta\/#primaryimage","url":"https:\/\/coisasdegentepreta.com.br\/wp-content\/uploads\/2026\/03\/WhatsApp-Image-2026-03-11-at-05.25.23.jpeg","contentUrl":"https:\/\/coisasdegentepreta.com.br\/wp-content\/uploads\/2026\/03\/WhatsApp-Image-2026-03-11-at-05.25.23.jpeg","width":1536,"height":1024},{"@type":"BreadcrumbList","@id":"https:\/\/coisasdegentepreta.com.br\/index.php\/convocacao-a-sociedade-civil-preta\/#breadcrumb","itemListElement":[{"@type":"ListItem","position":1,"name":"ECMM","item":"https:\/\/coisasdegentepreta.com.br\/"},{"@type":"ListItem","position":2,"name":"Convoca\u00e7\u00e3o \u00e0 Sociedade Civil Preta"}]},{"@type":"WebSite","@id":"https:\/\/coisasdegentepreta.com.br\/#website","url":"https:\/\/coisasdegentepreta.com.br\/","name":"https:\/\/coisasdegentepreta.com.br","description":"","publisher":{"@id":"https:\/\/coisasdegentepreta.com.br\/#organization"},"potentialAction":[{"@type":"SearchAction","target":{"@type":"EntryPoint","urlTemplate":"https:\/\/coisasdegentepreta.com.br\/?s={search_term_string}"},"query-input":{"@type":"PropertyValueSpecification","valueRequired":true,"valueName":"search_term_string"}}],"inLanguage":"en-US"},{"@type":"Organization","@id":"https:\/\/coisasdegentepreta.com.br\/#organization","name":"Espa\u00e7o de Capacita\u00e7\u00e3o M\u00e1rcio Madeira RJ","url":"https:\/\/coisasdegentepreta.com.br\/","logo":{"@type":"ImageObject","inLanguage":"en-US","@id":"https:\/\/coisasdegentepreta.com.br\/#\/schema\/logo\/image\/","url":"https:\/\/coisasdegentepreta.com.br\/wp-content\/uploads\/2023\/12\/logo-2.png","contentUrl":"https:\/\/coisasdegentepreta.com.br\/wp-content\/uploads\/2023\/12\/logo-2.png","width":2064,"height":1021,"caption":"Espa\u00e7o de Capacita\u00e7\u00e3o M\u00e1rcio Madeira RJ"},"image":{"@id":"https:\/\/coisasdegentepreta.com.br\/#\/schema\/logo\/image\/"},"sameAs":["https:\/\/facebook.com\/cmmcomcoisasdegente","https:\/\/x.com\/cmmcomcoisasdegente","https:\/\/instagram.com\/cmmcomcoisasdegente"]}]}},"_links":{"self":[{"href":"https:\/\/coisasdegentepreta.com.br\/index.php\/wp-json\/wp\/v2\/pages\/7995","targetHints":{"allow":["GET"]}}],"collection":[{"href":"https:\/\/coisasdegentepreta.com.br\/index.php\/wp-json\/wp\/v2\/pages"}],"about":[{"href":"https:\/\/coisasdegentepreta.com.br\/index.php\/wp-json\/wp\/v2\/types\/page"}],"author":[{"embeddable":true,"href":"https:\/\/coisasdegentepreta.com.br\/index.php\/wp-json\/wp\/v2\/users\/1"}],"replies":[{"embeddable":true,"href":"https:\/\/coisasdegentepreta.com.br\/index.php\/wp-json\/wp\/v2\/comments?post=7995"}],"version-history":[{"count":4,"href":"https:\/\/coisasdegentepreta.com.br\/index.php\/wp-json\/wp\/v2\/pages\/7995\/revisions"}],"predecessor-version":[{"id":8002,"href":"https:\/\/coisasdegentepreta.com.br\/index.php\/wp-json\/wp\/v2\/pages\/7995\/revisions\/8002"}],"wp:attachment":[{"href":"https:\/\/coisasdegentepreta.com.br\/index.php\/wp-json\/wp\/v2\/media?parent=7995"}],"curies":[{"name":"wp","href":"https:\/\/api.w.org\/{rel}","templated":true}]}}