{"id":7922,"date":"2026-03-02T09:46:38","date_gmt":"2026-03-02T12:46:38","guid":{"rendered":"https:\/\/coisasdegentepreta.com.br\/?page_id=7922"},"modified":"2026-03-02T09:49:06","modified_gmt":"2026-03-02T12:49:06","slug":"o-incomodo-nao-e-o-nome-e-o-que-ele-representa","status":"publish","type":"page","link":"https:\/\/coisasdegentepreta.com.br\/index.php\/o-incomodo-nao-e-o-nome-e-o-que-ele-representa\/","title":{"rendered":"O inc\u00f4modo n\u00e3o \u00e9 o nome. \u00c9 o que ele representa"},"content":{"rendered":"\t\t<div data-elementor-type=\"wp-page\" data-elementor-id=\"7922\" class=\"elementor elementor-7922\">\n\t\t\t\t<div class=\"elementor-element elementor-element-84c8121 e-flex e-con-boxed e-con e-parent\" data-id=\"84c8121\" data-element_type=\"container\" data-settings=\"{&quot;background_background&quot;:&quot;classic&quot;}\">\n\t\t\t\t\t<div class=\"e-con-inner\">\n\t\t<div class=\"elementor-element elementor-element-57e60f8 e-con-full e-flex e-con e-child\" data-id=\"57e60f8\" data-element_type=\"container\" data-settings=\"{&quot;background_background&quot;:&quot;classic&quot;}\">\n\t\t\t\t<div class=\"elementor-element elementor-element-f0c5804 elementor-widget elementor-widget-image\" data-id=\"f0c5804\" data-element_type=\"widget\" data-widget_type=\"image.default\">\n\t\t\t\t<div class=\"elementor-widget-container\">\n\t\t\t\t\t\t\t\t\t\t\t\t\t\t\t<img fetchpriority=\"high\" decoding=\"async\" width=\"1280\" height=\"853\" src=\"https:\/\/coisasdegentepreta.com.br\/wp-content\/uploads\/2026\/03\/WhatsApp-Image-2026-03-01-at-21.24.19.jpeg\" class=\"attachment-full size-full wp-image-7924\" alt=\"\" srcset=\"https:\/\/coisasdegentepreta.com.br\/wp-content\/uploads\/2026\/03\/WhatsApp-Image-2026-03-01-at-21.24.19.jpeg 1280w, https:\/\/coisasdegentepreta.com.br\/wp-content\/uploads\/2026\/03\/WhatsApp-Image-2026-03-01-at-21.24.19-300x200.jpeg 300w, https:\/\/coisasdegentepreta.com.br\/wp-content\/uploads\/2026\/03\/WhatsApp-Image-2026-03-01-at-21.24.19-1024x682.jpeg 1024w, https:\/\/coisasdegentepreta.com.br\/wp-content\/uploads\/2026\/03\/WhatsApp-Image-2026-03-01-at-21.24.19-768x512.jpeg 768w, https:\/\/coisasdegentepreta.com.br\/wp-content\/uploads\/2026\/03\/WhatsApp-Image-2026-03-01-at-21.24.19-600x400.jpeg 600w\" sizes=\"(max-width: 1280px) 100vw, 1280px\" \/>\t\t\t\t\t\t\t\t\t\t\t\t\t\t\t<\/div>\n\t\t\t\t<\/div>\n\t\t\t\t<\/div>\n\t\t<div class=\"elementor-element elementor-element-7579484 e-con-full e-flex e-con e-child\" data-id=\"7579484\" data-element_type=\"container\" data-settings=\"{&quot;background_background&quot;:&quot;classic&quot;}\">\n\t\t\t\t<div class=\"elementor-element elementor-element-ae2365c elementor-widget elementor-widget-heading\" data-id=\"ae2365c\" data-element_type=\"widget\" data-widget_type=\"heading.default\">\n\t\t\t\t<div class=\"elementor-widget-container\">\n\t\t\t\t\t<h2 class=\"elementor-heading-title elementor-size-default\">O inc\u00f4modo n\u00e3o \u00e9 o nome. \u00c9 o que ele representa.\n<\/h2>\t\t\t\t<\/div>\n\t\t\t\t<\/div>\n\t\t\t\t<div class=\"elementor-element elementor-element-e6b7fc5 elementor-widget elementor-widget-text-editor\" data-id=\"e6b7fc5\" data-element_type=\"widget\" data-widget_type=\"text-editor.default\">\n\t\t\t\t<div class=\"elementor-widget-container\">\n\t\t\t\t\t\t\t\t\t<p>Podem dizer que foi nota.<br \/>Podem dizer que foi quesito.<br \/>Podem dizer que foi t\u00e9cnica.<\/p><p>Mas a Sapuca\u00ed nunca foi s\u00f3 t\u00e9cnica.<\/p><p>A Apoteose nasceu como palco do povo do povo preto, da periferia, dos terreiros, dos que sempre tiveram pouco espa\u00e7o e muita hist\u00f3ria. Ali, o que vinha do morro ganhava valor. Ali, o que era chamado de \u201ccoisa de pobre\u201d virava espet\u00e1culo grandioso.<\/p><p>E \u00e9 exatamente a\u00ed que mora a quest\u00e3o.<\/p><p>Quando aquilo que \u00e9 do povo ocupa o centro com for\u00e7a pol\u00edtica quando a narrativa deixa de ser folclore e vira afirma\u00e7\u00e3o o inc\u00f4modo aparece.<\/p><p>N\u00e3o \u00e9 apenas sobre homenagear um presidente.<br \/>\u00c9 sobre o que ele simboliza: o pobre no poder, o oper\u00e1rio no topo, o candombl\u00e9 vis\u00edvel, a presen\u00e7a preta n\u00e3o como alegoria, mas como protagonista.<\/p><p>Durante muito tempo, aceitaram a cultura preta enquanto entretenimento.<br \/>Quando ela se afirma como posi\u00e7\u00e3o, o clima muda.<\/p><p>E h\u00e1 algo que precisa ser dito com serenidade:<\/p><p>As estruturas que organizam os grandes espa\u00e7os culturais do pa\u00eds n\u00e3o nasceram das m\u00e3os da periferia. N\u00e3o foram pensadas a partir dos terreiros.<br \/>N\u00e3o s\u00e3o conduzidas, em sua maioria, por quem vive a realidade que sobe o morro para desfilar.<\/p><p>Isso n\u00e3o precisa virar discurso expl\u00edcito para produzir efeito.<\/p><p>Quando o que \u00e9 do povo ganha centralidade demais, surgem limites invis\u00edveis.<br \/>Surgem enquadramentos.<br \/>Surgem decis\u00f5es que parecem t\u00e9cnicas, mas carregam sensibilidade pol\u00edtica.<\/p><p>As for\u00e7as conservadoras raramente aparecem gritando.<br \/>Elas operam na moldura.<br \/>No crit\u00e9rio. No que pode e no que \u201ctalvez tenha passado do ponto\u201d.<\/p><p>E ent\u00e3o a pergunta \u00e9 simples:<\/p><p>As coisas do povo pobre t\u00eam valor real no espa\u00e7o que deveria celebr\u00e1-las <br \/>ou s\u00f3 s\u00e3o bem-vindas enquanto n\u00e3o tensionam a estrutura?<\/p><p>O que vem do morro s\u00f3 tem valor quando gera lucro?Quando vende ingresso? Quando movimenta turismo?<\/p><p>Ou tem valor porque \u00e9 nosso?<\/p><p>Porque quando \u00e9 s\u00f3 entretenimento, a cultura preta \u00e9 celebrada. Quando vira afirma\u00e7\u00e3o pol\u00edtica, come\u00e7a a ser medida. Quando ocupa o centro, come\u00e7a a ser enquadrada.<\/p><p>Se o espa\u00e7o que nasceu para exaltar o povo come\u00e7a a limitar o pr\u00f3prio povo, algo precisa ser debatido.<\/p><p>No fundo, nunca foi sobre um nome. \u00c9 sobre o valor das coisas do pobre no pr\u00f3prio lugar onde elas deveriam ser soberanas.<\/p><p>\u00c9 sobre quem decide at\u00e9 onde podemos ir e essa conversa precisa ser nossa.<\/p><p>M\u00e1rcio Madeira \u2234<br \/>Portal Coisas de Gente Preta. Informa\u00e7\u00e3o, consci\u00eancia racial e compromisso pol\u00edtico.<\/p>\t\t\t\t\t\t\t\t<\/div>\n\t\t\t\t<\/div>\n\t\t\t\t<\/div>\n\t\t\t\t\t<\/div>\n\t\t\t\t<\/div>\n\t\t\t\t<\/div>\n\t\t","protected":false},"excerpt":{"rendered":"<p>O inc\u00f4modo n\u00e3o \u00e9 o nome. \u00c9 o que ele representa. Podem dizer que foi nota.Podem dizer que foi quesito.Podem dizer que foi t\u00e9cnica. Mas a Sapuca\u00ed nunca foi s\u00f3 t\u00e9cnica. A Apoteose nasceu como palco do povo do povo preto, da periferia, dos terreiros, dos que sempre tiveram pouco espa\u00e7o e muita hist\u00f3ria. Ali, &hellip;<\/p>\n<p class=\"read-more\"> <a class=\"\" href=\"https:\/\/coisasdegentepreta.com.br\/index.php\/o-incomodo-nao-e-o-nome-e-o-que-ele-representa\/\"> <span class=\"screen-reader-text\">O inc\u00f4modo n\u00e3o \u00e9 o nome. \u00c9 o que ele representa<\/span> Read More &raquo;<\/a><\/p>\n","protected":false},"author":1,"featured_media":0,"parent":0,"menu_order":0,"comment_status":"closed","ping_status":"closed","template":"","meta":{"site-sidebar-layout":"no-sidebar","site-content-layout":"","ast-site-content-layout":"full-width-container","site-content-style":"default","site-sidebar-style":"default","ast-global-header-display":"","ast-banner-title-visibility":"","ast-main-header-display":"","ast-hfb-above-header-display":"","ast-hfb-below-header-display":"","ast-hfb-mobile-header-display":"","site-post-title":"disabled","ast-breadcrumbs-content":"","ast-featured-img":"disabled","footer-sml-layout":"","theme-transparent-header-meta":"","adv-header-id-meta":"","stick-header-meta":"","header-above-stick-meta":"","header-main-stick-meta":"","header-below-stick-meta":"","astra-migrate-meta-layouts":"default","ast-page-background-enabled":"default","ast-page-background-meta":{"desktop":{"background-color":"var(--ast-global-color-4)","background-image":"","background-repeat":"repeat","background-position":"center center","background-size":"auto","background-attachment":"scroll","background-type":"","background-media":"","overlay-type":"","overlay-color":"","overlay-gradient":""},"tablet":{"background-color":"","background-image":"","background-repeat":"repeat","background-position":"center center","background-size":"auto","background-attachment":"scroll","background-type":"","background-media":"","overlay-type":"","overlay-color":"","overlay-gradient":""},"mobile":{"background-color":"","background-image":"","background-repeat":"repeat","background-position":"center center","background-size":"auto","background-attachment":"scroll","background-type":"","background-media":"","overlay-type":"","overlay-color":"","overlay-gradient":""}},"ast-content-background-meta":{"desktop":{"background-color":"var(--ast-global-color-5)","background-image":"","background-repeat":"repeat","background-position":"center center","background-size":"auto","background-attachment":"scroll","background-type":"","background-media":"","overlay-type":"","overlay-color":"","overlay-gradient":""},"tablet":{"background-color":"var(--ast-global-color-5)","background-image":"","background-repeat":"repeat","background-position":"center center","background-size":"auto","background-attachment":"scroll","background-type":"","background-media":"","overlay-type":"","overlay-color":"","overlay-gradient":""},"mobile":{"background-color":"var(--ast-global-color-5)","background-image":"","background-repeat":"repeat","background-position":"center center","background-size":"auto","background-attachment":"scroll","background-type":"","background-media":"","overlay-type":"","overlay-color":"","overlay-gradient":""}},"footnotes":""},"class_list":["post-7922","page","type-page","status-publish","hentry"],"yoast_head":"<!-- This site is optimized with the Yoast SEO plugin v24.2 - https:\/\/yoast.com\/wordpress\/plugins\/seo\/ -->\n<title>O inc\u00f4modo n\u00e3o \u00e9 o nome. \u00c9 o que ele representa -<\/title>\n<meta name=\"robots\" content=\"index, follow, max-snippet:-1, max-image-preview:large, max-video-preview:-1\" \/>\n<link rel=\"canonical\" href=\"https:\/\/coisasdegentepreta.com.br\/index.php\/o-incomodo-nao-e-o-nome-e-o-que-ele-representa\/\" \/>\n<meta property=\"og:locale\" content=\"en_US\" \/>\n<meta property=\"og:type\" content=\"article\" \/>\n<meta property=\"og:title\" content=\"O inc\u00f4modo n\u00e3o \u00e9 o nome. \u00c9 o que ele representa -\" \/>\n<meta property=\"og:description\" content=\"O inc\u00f4modo n\u00e3o \u00e9 o nome. \u00c9 o que ele representa. Podem dizer que foi nota.Podem dizer que foi quesito.Podem dizer que foi t\u00e9cnica. Mas a Sapuca\u00ed nunca foi s\u00f3 t\u00e9cnica. A Apoteose nasceu como palco do povo do povo preto, da periferia, dos terreiros, dos que sempre tiveram pouco espa\u00e7o e muita hist\u00f3ria. Ali, &hellip; O inc\u00f4modo n\u00e3o \u00e9 o nome. \u00c9 o que ele representa Read More &raquo;\" \/>\n<meta property=\"og:url\" content=\"https:\/\/coisasdegentepreta.com.br\/index.php\/o-incomodo-nao-e-o-nome-e-o-que-ele-representa\/\" \/>\n<meta property=\"article:publisher\" content=\"https:\/\/facebook.com\/cmmcomcoisasdegente\" \/>\n<meta property=\"article:modified_time\" content=\"2026-03-02T12:49:06+00:00\" \/>\n<meta property=\"og:image\" content=\"https:\/\/coisasdegentepreta.com.br\/wp-content\/uploads\/2026\/03\/WhatsApp-Image-2026-03-01-at-21.24.19.jpeg\" \/>\n\t<meta property=\"og:image:width\" content=\"1280\" \/>\n\t<meta property=\"og:image:height\" content=\"853\" \/>\n\t<meta property=\"og:image:type\" content=\"image\/jpeg\" \/>\n<meta name=\"twitter:card\" content=\"summary_large_image\" \/>\n<meta name=\"twitter:site\" content=\"@cmmcomcoisasdegente\" \/>\n<meta name=\"twitter:label1\" content=\"Est. reading time\" \/>\n\t<meta name=\"twitter:data1\" content=\"2 minutes\" \/>\n<script type=\"application\/ld+json\" class=\"yoast-schema-graph\">{\"@context\":\"https:\/\/schema.org\",\"@graph\":[{\"@type\":\"WebPage\",\"@id\":\"https:\/\/coisasdegentepreta.com.br\/index.php\/o-incomodo-nao-e-o-nome-e-o-que-ele-representa\/\",\"url\":\"https:\/\/coisasdegentepreta.com.br\/index.php\/o-incomodo-nao-e-o-nome-e-o-que-ele-representa\/\",\"name\":\"O inc\u00f4modo n\u00e3o \u00e9 o nome. \u00c9 o que ele representa -\",\"isPartOf\":{\"@id\":\"https:\/\/coisasdegentepreta.com.br\/#website\"},\"primaryImageOfPage\":{\"@id\":\"https:\/\/coisasdegentepreta.com.br\/index.php\/o-incomodo-nao-e-o-nome-e-o-que-ele-representa\/#primaryimage\"},\"image\":{\"@id\":\"https:\/\/coisasdegentepreta.com.br\/index.php\/o-incomodo-nao-e-o-nome-e-o-que-ele-representa\/#primaryimage\"},\"thumbnailUrl\":\"https:\/\/coisasdegentepreta.com.br\/wp-content\/uploads\/2026\/03\/WhatsApp-Image-2026-03-01-at-21.24.19.jpeg\",\"datePublished\":\"2026-03-02T12:46:38+00:00\",\"dateModified\":\"2026-03-02T12:49:06+00:00\",\"breadcrumb\":{\"@id\":\"https:\/\/coisasdegentepreta.com.br\/index.php\/o-incomodo-nao-e-o-nome-e-o-que-ele-representa\/#breadcrumb\"},\"inLanguage\":\"en-US\",\"potentialAction\":[{\"@type\":\"ReadAction\",\"target\":[\"https:\/\/coisasdegentepreta.com.br\/index.php\/o-incomodo-nao-e-o-nome-e-o-que-ele-representa\/\"]}]},{\"@type\":\"ImageObject\",\"inLanguage\":\"en-US\",\"@id\":\"https:\/\/coisasdegentepreta.com.br\/index.php\/o-incomodo-nao-e-o-nome-e-o-que-ele-representa\/#primaryimage\",\"url\":\"https:\/\/coisasdegentepreta.com.br\/wp-content\/uploads\/2026\/03\/WhatsApp-Image-2026-03-01-at-21.24.19.jpeg\",\"contentUrl\":\"https:\/\/coisasdegentepreta.com.br\/wp-content\/uploads\/2026\/03\/WhatsApp-Image-2026-03-01-at-21.24.19.jpeg\",\"width\":1280,\"height\":853},{\"@type\":\"BreadcrumbList\",\"@id\":\"https:\/\/coisasdegentepreta.com.br\/index.php\/o-incomodo-nao-e-o-nome-e-o-que-ele-representa\/#breadcrumb\",\"itemListElement\":[{\"@type\":\"ListItem\",\"position\":1,\"name\":\"ECMM\",\"item\":\"https:\/\/coisasdegentepreta.com.br\/\"},{\"@type\":\"ListItem\",\"position\":2,\"name\":\"O inc\u00f4modo n\u00e3o \u00e9 o nome. \u00c9 o que ele representa\"}]},{\"@type\":\"WebSite\",\"@id\":\"https:\/\/coisasdegentepreta.com.br\/#website\",\"url\":\"https:\/\/coisasdegentepreta.com.br\/\",\"name\":\"https:\/\/coisasdegentepreta.com.br\",\"description\":\"\",\"publisher\":{\"@id\":\"https:\/\/coisasdegentepreta.com.br\/#organization\"},\"potentialAction\":[{\"@type\":\"SearchAction\",\"target\":{\"@type\":\"EntryPoint\",\"urlTemplate\":\"https:\/\/coisasdegentepreta.com.br\/?s={search_term_string}\"},\"query-input\":{\"@type\":\"PropertyValueSpecification\",\"valueRequired\":true,\"valueName\":\"search_term_string\"}}],\"inLanguage\":\"en-US\"},{\"@type\":\"Organization\",\"@id\":\"https:\/\/coisasdegentepreta.com.br\/#organization\",\"name\":\"Espa\u00e7o de Capacita\u00e7\u00e3o M\u00e1rcio Madeira RJ\",\"url\":\"https:\/\/coisasdegentepreta.com.br\/\",\"logo\":{\"@type\":\"ImageObject\",\"inLanguage\":\"en-US\",\"@id\":\"https:\/\/coisasdegentepreta.com.br\/#\/schema\/logo\/image\/\",\"url\":\"https:\/\/coisasdegentepreta.com.br\/wp-content\/uploads\/2023\/12\/logo-2.png\",\"contentUrl\":\"https:\/\/coisasdegentepreta.com.br\/wp-content\/uploads\/2023\/12\/logo-2.png\",\"width\":2064,\"height\":1021,\"caption\":\"Espa\u00e7o de Capacita\u00e7\u00e3o M\u00e1rcio Madeira RJ\"},\"image\":{\"@id\":\"https:\/\/coisasdegentepreta.com.br\/#\/schema\/logo\/image\/\"},\"sameAs\":[\"https:\/\/facebook.com\/cmmcomcoisasdegente\",\"https:\/\/x.com\/cmmcomcoisasdegente\",\"https:\/\/instagram.com\/cmmcomcoisasdegente\"]}]}<\/script>\n<!-- \/ Yoast SEO plugin. -->","yoast_head_json":{"title":"O inc\u00f4modo n\u00e3o \u00e9 o nome. \u00c9 o que ele representa -","robots":{"index":"index","follow":"follow","max-snippet":"max-snippet:-1","max-image-preview":"max-image-preview:large","max-video-preview":"max-video-preview:-1"},"canonical":"https:\/\/coisasdegentepreta.com.br\/index.php\/o-incomodo-nao-e-o-nome-e-o-que-ele-representa\/","og_locale":"en_US","og_type":"article","og_title":"O inc\u00f4modo n\u00e3o \u00e9 o nome. \u00c9 o que ele representa -","og_description":"O inc\u00f4modo n\u00e3o \u00e9 o nome. \u00c9 o que ele representa. Podem dizer que foi nota.Podem dizer que foi quesito.Podem dizer que foi t\u00e9cnica. Mas a Sapuca\u00ed nunca foi s\u00f3 t\u00e9cnica. A Apoteose nasceu como palco do povo do povo preto, da periferia, dos terreiros, dos que sempre tiveram pouco espa\u00e7o e muita hist\u00f3ria. Ali, &hellip; O inc\u00f4modo n\u00e3o \u00e9 o nome. \u00c9 o que ele representa Read More &raquo;","og_url":"https:\/\/coisasdegentepreta.com.br\/index.php\/o-incomodo-nao-e-o-nome-e-o-que-ele-representa\/","article_publisher":"https:\/\/facebook.com\/cmmcomcoisasdegente","article_modified_time":"2026-03-02T12:49:06+00:00","og_image":[{"width":1280,"height":853,"url":"https:\/\/coisasdegentepreta.com.br\/wp-content\/uploads\/2026\/03\/WhatsApp-Image-2026-03-01-at-21.24.19.jpeg","type":"image\/jpeg"}],"twitter_card":"summary_large_image","twitter_site":"@cmmcomcoisasdegente","twitter_misc":{"Est. reading time":"2 minutes"},"schema":{"@context":"https:\/\/schema.org","@graph":[{"@type":"WebPage","@id":"https:\/\/coisasdegentepreta.com.br\/index.php\/o-incomodo-nao-e-o-nome-e-o-que-ele-representa\/","url":"https:\/\/coisasdegentepreta.com.br\/index.php\/o-incomodo-nao-e-o-nome-e-o-que-ele-representa\/","name":"O inc\u00f4modo n\u00e3o \u00e9 o nome. \u00c9 o que ele representa -","isPartOf":{"@id":"https:\/\/coisasdegentepreta.com.br\/#website"},"primaryImageOfPage":{"@id":"https:\/\/coisasdegentepreta.com.br\/index.php\/o-incomodo-nao-e-o-nome-e-o-que-ele-representa\/#primaryimage"},"image":{"@id":"https:\/\/coisasdegentepreta.com.br\/index.php\/o-incomodo-nao-e-o-nome-e-o-que-ele-representa\/#primaryimage"},"thumbnailUrl":"https:\/\/coisasdegentepreta.com.br\/wp-content\/uploads\/2026\/03\/WhatsApp-Image-2026-03-01-at-21.24.19.jpeg","datePublished":"2026-03-02T12:46:38+00:00","dateModified":"2026-03-02T12:49:06+00:00","breadcrumb":{"@id":"https:\/\/coisasdegentepreta.com.br\/index.php\/o-incomodo-nao-e-o-nome-e-o-que-ele-representa\/#breadcrumb"},"inLanguage":"en-US","potentialAction":[{"@type":"ReadAction","target":["https:\/\/coisasdegentepreta.com.br\/index.php\/o-incomodo-nao-e-o-nome-e-o-que-ele-representa\/"]}]},{"@type":"ImageObject","inLanguage":"en-US","@id":"https:\/\/coisasdegentepreta.com.br\/index.php\/o-incomodo-nao-e-o-nome-e-o-que-ele-representa\/#primaryimage","url":"https:\/\/coisasdegentepreta.com.br\/wp-content\/uploads\/2026\/03\/WhatsApp-Image-2026-03-01-at-21.24.19.jpeg","contentUrl":"https:\/\/coisasdegentepreta.com.br\/wp-content\/uploads\/2026\/03\/WhatsApp-Image-2026-03-01-at-21.24.19.jpeg","width":1280,"height":853},{"@type":"BreadcrumbList","@id":"https:\/\/coisasdegentepreta.com.br\/index.php\/o-incomodo-nao-e-o-nome-e-o-que-ele-representa\/#breadcrumb","itemListElement":[{"@type":"ListItem","position":1,"name":"ECMM","item":"https:\/\/coisasdegentepreta.com.br\/"},{"@type":"ListItem","position":2,"name":"O inc\u00f4modo n\u00e3o \u00e9 o nome. \u00c9 o que ele representa"}]},{"@type":"WebSite","@id":"https:\/\/coisasdegentepreta.com.br\/#website","url":"https:\/\/coisasdegentepreta.com.br\/","name":"https:\/\/coisasdegentepreta.com.br","description":"","publisher":{"@id":"https:\/\/coisasdegentepreta.com.br\/#organization"},"potentialAction":[{"@type":"SearchAction","target":{"@type":"EntryPoint","urlTemplate":"https:\/\/coisasdegentepreta.com.br\/?s={search_term_string}"},"query-input":{"@type":"PropertyValueSpecification","valueRequired":true,"valueName":"search_term_string"}}],"inLanguage":"en-US"},{"@type":"Organization","@id":"https:\/\/coisasdegentepreta.com.br\/#organization","name":"Espa\u00e7o de Capacita\u00e7\u00e3o M\u00e1rcio Madeira RJ","url":"https:\/\/coisasdegentepreta.com.br\/","logo":{"@type":"ImageObject","inLanguage":"en-US","@id":"https:\/\/coisasdegentepreta.com.br\/#\/schema\/logo\/image\/","url":"https:\/\/coisasdegentepreta.com.br\/wp-content\/uploads\/2023\/12\/logo-2.png","contentUrl":"https:\/\/coisasdegentepreta.com.br\/wp-content\/uploads\/2023\/12\/logo-2.png","width":2064,"height":1021,"caption":"Espa\u00e7o de Capacita\u00e7\u00e3o M\u00e1rcio Madeira RJ"},"image":{"@id":"https:\/\/coisasdegentepreta.com.br\/#\/schema\/logo\/image\/"},"sameAs":["https:\/\/facebook.com\/cmmcomcoisasdegente","https:\/\/x.com\/cmmcomcoisasdegente","https:\/\/instagram.com\/cmmcomcoisasdegente"]}]}},"_links":{"self":[{"href":"https:\/\/coisasdegentepreta.com.br\/index.php\/wp-json\/wp\/v2\/pages\/7922","targetHints":{"allow":["GET"]}}],"collection":[{"href":"https:\/\/coisasdegentepreta.com.br\/index.php\/wp-json\/wp\/v2\/pages"}],"about":[{"href":"https:\/\/coisasdegentepreta.com.br\/index.php\/wp-json\/wp\/v2\/types\/page"}],"author":[{"embeddable":true,"href":"https:\/\/coisasdegentepreta.com.br\/index.php\/wp-json\/wp\/v2\/users\/1"}],"replies":[{"embeddable":true,"href":"https:\/\/coisasdegentepreta.com.br\/index.php\/wp-json\/wp\/v2\/comments?post=7922"}],"version-history":[{"count":4,"href":"https:\/\/coisasdegentepreta.com.br\/index.php\/wp-json\/wp\/v2\/pages\/7922\/revisions"}],"predecessor-version":[{"id":7927,"href":"https:\/\/coisasdegentepreta.com.br\/index.php\/wp-json\/wp\/v2\/pages\/7922\/revisions\/7927"}],"wp:attachment":[{"href":"https:\/\/coisasdegentepreta.com.br\/index.php\/wp-json\/wp\/v2\/media?parent=7922"}],"curies":[{"name":"wp","href":"https:\/\/api.w.org\/{rel}","templated":true}]}}