{"id":7899,"date":"2026-02-08T22:47:45","date_gmt":"2026-02-09T01:47:45","guid":{"rendered":"https:\/\/coisasdegentepreta.com.br\/?page_id=7899"},"modified":"2026-02-08T22:50:44","modified_gmt":"2026-02-09T01:50:44","slug":"trump-jair-messias-bolsonaro-e-hamilton-mourao-o-racismo-como-projeto-de-poder","status":"publish","type":"page","link":"https:\/\/coisasdegentepreta.com.br\/index.php\/trump-jair-messias-bolsonaro-e-hamilton-mourao-o-racismo-como-projeto-de-poder\/","title":{"rendered":"Trump, Jair Messias Bolsonaro e Hamilton Mour\u00e3o: o racismo como projeto de poder"},"content":{"rendered":"\t\t<div data-elementor-type=\"wp-page\" data-elementor-id=\"7899\" class=\"elementor elementor-7899\">\n\t\t\t\t<div class=\"elementor-element elementor-element-24ac9c5 e-flex e-con-boxed e-con e-parent\" data-id=\"24ac9c5\" data-element_type=\"container\" data-settings=\"{&quot;background_background&quot;:&quot;classic&quot;}\">\n\t\t\t\t\t<div class=\"e-con-inner\">\n\t\t<div class=\"elementor-element elementor-element-084dab4 e-con-full e-flex e-con e-child\" data-id=\"084dab4\" data-element_type=\"container\" data-settings=\"{&quot;background_background&quot;:&quot;classic&quot;}\">\n\t\t\t\t<div class=\"elementor-element elementor-element-0dd63dd elementor-widget elementor-widget-image\" data-id=\"0dd63dd\" data-element_type=\"widget\" data-widget_type=\"image.default\">\n\t\t\t\t<div class=\"elementor-widget-container\">\n\t\t\t\t\t\t\t\t\t\t\t\t\t\t\t<img fetchpriority=\"high\" decoding=\"async\" width=\"1536\" height=\"1024\" src=\"https:\/\/coisasdegentepreta.com.br\/wp-content\/uploads\/2026\/02\/WhatsApp-Image-2026-02-08-at-11.30.50.jpeg\" class=\"attachment-full size-full wp-image-7901\" alt=\"\" srcset=\"https:\/\/coisasdegentepreta.com.br\/wp-content\/uploads\/2026\/02\/WhatsApp-Image-2026-02-08-at-11.30.50.jpeg 1536w, https:\/\/coisasdegentepreta.com.br\/wp-content\/uploads\/2026\/02\/WhatsApp-Image-2026-02-08-at-11.30.50-300x200.jpeg 300w, https:\/\/coisasdegentepreta.com.br\/wp-content\/uploads\/2026\/02\/WhatsApp-Image-2026-02-08-at-11.30.50-1024x683.jpeg 1024w, https:\/\/coisasdegentepreta.com.br\/wp-content\/uploads\/2026\/02\/WhatsApp-Image-2026-02-08-at-11.30.50-768x512.jpeg 768w, https:\/\/coisasdegentepreta.com.br\/wp-content\/uploads\/2026\/02\/WhatsApp-Image-2026-02-08-at-11.30.50-600x400.jpeg 600w\" sizes=\"(max-width: 1536px) 100vw, 1536px\" \/>\t\t\t\t\t\t\t\t\t\t\t\t\t\t\t<\/div>\n\t\t\t\t<\/div>\n\t\t\t\t<\/div>\n\t\t<div class=\"elementor-element elementor-element-ee07907 e-con-full e-flex e-con e-child\" data-id=\"ee07907\" data-element_type=\"container\" data-settings=\"{&quot;background_background&quot;:&quot;classic&quot;}\">\n\t\t\t\t<div class=\"elementor-element elementor-element-fbdb563 elementor-widget elementor-widget-heading\" data-id=\"fbdb563\" data-element_type=\"widget\" data-widget_type=\"heading.default\">\n\t\t\t\t<div class=\"elementor-widget-container\">\n\t\t\t\t\t<h2 class=\"elementor-heading-title elementor-size-default\">Trump, Jair Messias Bolsonaro e Hamilton Mour\u00e3o: o racismo como projeto de poder\n<\/h2>\t\t\t\t<\/div>\n\t\t\t\t<\/div>\n\t\t\t\t<div class=\"elementor-element elementor-element-7f19af1 elementor-widget elementor-widget-text-editor\" data-id=\"7f19af1\" data-element_type=\"widget\" data-widget_type=\"text-editor.default\">\n\t\t\t\t<div class=\"elementor-widget-container\">\n\t\t\t\t\t\t\t\t\t<p>Sempre que o racismo reaparece travestido de \u201cliberdade de express\u00e3o\u201d, a sociedade \u00e9 colocada diante de uma escolha pol\u00edtica inadi\u00e1vel: nomear a viol\u00eancia ou normaliz\u00e1-la. Declara\u00e7\u00f5es racistas atribu\u00eddas a Donald Trump, incluindo a divulga\u00e7\u00e3o de v\u00eddeos que associam Barack Obama e Michelle Obama a macacos, n\u00e3o s\u00e3o desvios nem provoca\u00e7\u00f5es fortuitas. S\u00e3o pr\u00e1ticas conscientes, inscritas em uma longa tradi\u00e7\u00e3o de desumaniza\u00e7\u00e3o do povo negro como m\u00e9todo de afirma\u00e7\u00e3o de poder.<\/p><p>Nos Estados Unidos, esse tipo de conduta costuma ser protegido por uma interpreta\u00e7\u00e3o ampla da Primeira Emenda. A lei permite. A hist\u00f3ria condena. Porque n\u00e3o se trata de opini\u00e3o individual, mas de estrat\u00e9gia recorrente de projetos autorit\u00e1rios, acionada sempre que se pretende mobilizar medos, ressentimentos e hierarquias raciais.<\/p><p>Donald Trump n\u00e3o \u00e9 um acidente pol\u00edtico. Ele expressa o nazifascismo contempor\u00e2neo, reembalado em discurso populista, nacionalista e supremacista, no qual o \u00f3dio deixa de ser um desvio e passa a ser linguagem pol\u00edtica legitimada por urnas, plataformas digitais e sil\u00eancio institucional.<\/p><p>No Brasil, esse espelho \u00e9 inc\u00f4modo porque revela muito sobre n\u00f3s. Quando Jair Bolsonaro e Eduardo Bolsonaro exaltam Donald Trump, n\u00e3o assumem apenas afinidades ideol\u00f3gicas externas: reafirmam uma trajet\u00f3ria interna marcada pela desumaniza\u00e7\u00e3o. Em 2011, ainda como deputado federal, Jair Bolsonaro afirmou, em rede nacional, que n\u00e3o discutiria \u201cpromiscuidade\u201d e que seus filhos n\u00e3o viveram em \u201cambiente como lamentavelmente \u00e9 o teu\u201d, ao ser questionado por Preta Gil sobre a possibilidade de um de seus filhos se relacionar com uma mulher negra. N\u00e3o foi um deslize ret\u00f3rico. Foi a exposi\u00e7\u00e3o crua de um racismo que associa negritude \u00e0 degrada\u00e7\u00e3o moral e transforma preconceito em identidade pol\u00edtica.<\/p><p>Esse mesmo roteiro se reproduz no plano institucional. N\u00e3o \u00e9 irrelevante que Trump tenha difundido conte\u00fados racistas contra a fam\u00edlia Obama, assim como n\u00e3o \u00e9 secund\u00e1rio que, no Brasil, o ent\u00e3o vice-presidente da Rep\u00fablica, Hamilton Mour\u00e3o, tenha declarado publicamente que, em sua vis\u00e3o, n\u00e3o existe racismo no pa\u00eds. A desumaniza\u00e7\u00e3o aberta e a nega\u00e7\u00e3o institucional operam juntas: uma agride, a outra legitima.<\/p><p>O cen\u00e1rio se completa com personagens que ocupam cargos p\u00fablicos, p\u00falpitos religiosos e espa\u00e7os estrat\u00e9gicos de influ\u00eancia. Parlamentares como Nikolas Ferreira, o governador de S\u00e3o Paulo e setores do fundamentalismo religioso com destaque para figuras como Silas Malafaia contribuem para a manuten\u00e7\u00e3o de um ambiente pol\u00edtico onde o racismo raramente \u00e9 expl\u00edcito, mas atua de forma estrutural, funcional e cont\u00ednua, moldando discursos, pol\u00edticas p\u00fablicas e percep\u00e7\u00f5es sociais.<\/p><p>O esc\u00e2ndalo, portanto, n\u00e3o \u00e9 apenas a fala racista. O esc\u00e2ndalo \u00e9 a normaliza\u00e7\u00e3o, a aus\u00eancia de consequ\u00eancias, a coniv\u00eancia institucional e o sil\u00eancio c\u00famplice travestido de neutralidade. \u00c9 a tentativa permanente de relativizar o inaceit\u00e1vel, reduzindo a viol\u00eancia simb\u00f3lica contra corpos negros \u00e0 condi\u00e7\u00e3o de \u201copini\u00e3o\u201d.<\/p><p>O resultado \u00e9 concreto e cotidiano: pessoas negras seguem sendo alvos preferenciais da viol\u00eancia, da exclus\u00e3o e do desprezo, enquanto seus algozes permanecem protegidos por cargos, mandatos, p\u00falpitos e audi\u00eancias digitais. Racismo n\u00e3o \u00e9 excesso. Racismo n\u00e3o \u00e9 erro. Racismo \u00e9 estrutura. E, quando articulado ao autoritarismo e ao fundamentalismo pol\u00edtico, torna-se projeto de poder que precisa ser nomeado, denunciado e enfrentado.<\/p><p>*M\u00e1rcio Madeira \u2234*<br \/>Portal Coisas de Gente Preta. Informa\u00e7\u00e3o, consci\u00eancia racial e compromisso pol\u00edtico.<\/p>\t\t\t\t\t\t\t\t<\/div>\n\t\t\t\t<\/div>\n\t\t\t\t<\/div>\n\t\t\t\t\t<\/div>\n\t\t\t\t<\/div>\n\t\t\t\t<\/div>\n\t\t","protected":false},"excerpt":{"rendered":"<p>Trump, Jair Messias Bolsonaro e Hamilton Mour\u00e3o: o racismo como projeto de poder Sempre que o racismo reaparece travestido de \u201cliberdade de express\u00e3o\u201d, a sociedade \u00e9 colocada diante de uma escolha pol\u00edtica inadi\u00e1vel: nomear a viol\u00eancia ou normaliz\u00e1-la. Declara\u00e7\u00f5es racistas atribu\u00eddas a Donald Trump, incluindo a divulga\u00e7\u00e3o de v\u00eddeos que associam Barack Obama e Michelle &hellip;<\/p>\n<p class=\"read-more\"> <a class=\"\" href=\"https:\/\/coisasdegentepreta.com.br\/index.php\/trump-jair-messias-bolsonaro-e-hamilton-mourao-o-racismo-como-projeto-de-poder\/\"> <span class=\"screen-reader-text\">Trump, Jair Messias Bolsonaro e Hamilton Mour\u00e3o: o racismo como projeto de poder<\/span> Read More &raquo;<\/a><\/p>\n","protected":false},"author":1,"featured_media":0,"parent":0,"menu_order":0,"comment_status":"closed","ping_status":"closed","template":"","meta":{"site-sidebar-layout":"no-sidebar","site-content-layout":"","ast-site-content-layout":"full-width-container","site-content-style":"default","site-sidebar-style":"default","ast-global-header-display":"","ast-banner-title-visibility":"","ast-main-header-display":"","ast-hfb-above-header-display":"","ast-hfb-below-header-display":"","ast-hfb-mobile-header-display":"","site-post-title":"disabled","ast-breadcrumbs-content":"","ast-featured-img":"disabled","footer-sml-layout":"","theme-transparent-header-meta":"","adv-header-id-meta":"","stick-header-meta":"","header-above-stick-meta":"","header-main-stick-meta":"","header-below-stick-meta":"","astra-migrate-meta-layouts":"default","ast-page-background-enabled":"default","ast-page-background-meta":{"desktop":{"background-color":"var(--ast-global-color-4)","background-image":"","background-repeat":"repeat","background-position":"center center","background-size":"auto","background-attachment":"scroll","background-type":"","background-media":"","overlay-type":"","overlay-color":"","overlay-gradient":""},"tablet":{"background-color":"","background-image":"","background-repeat":"repeat","background-position":"center center","background-size":"auto","background-attachment":"scroll","background-type":"","background-media":"","overlay-type":"","overlay-color":"","overlay-gradient":""},"mobile":{"background-color":"","background-image":"","background-repeat":"repeat","background-position":"center center","background-size":"auto","background-attachment":"scroll","background-type":"","background-media":"","overlay-type":"","overlay-color":"","overlay-gradient":""}},"ast-content-background-meta":{"desktop":{"background-color":"var(--ast-global-color-5)","background-image":"","background-repeat":"repeat","background-position":"center center","background-size":"auto","background-attachment":"scroll","background-type":"","background-media":"","overlay-type":"","overlay-color":"","overlay-gradient":""},"tablet":{"background-color":"var(--ast-global-color-5)","background-image":"","background-repeat":"repeat","background-position":"center center","background-size":"auto","background-attachment":"scroll","background-type":"","background-media":"","overlay-type":"","overlay-color":"","overlay-gradient":""},"mobile":{"background-color":"var(--ast-global-color-5)","background-image":"","background-repeat":"repeat","background-position":"center center","background-size":"auto","background-attachment":"scroll","background-type":"","background-media":"","overlay-type":"","overlay-color":"","overlay-gradient":""}},"footnotes":""},"class_list":["post-7899","page","type-page","status-publish","hentry"],"yoast_head":"<!-- This site is optimized with the Yoast SEO plugin v24.2 - https:\/\/yoast.com\/wordpress\/plugins\/seo\/ -->\n<title>Trump, Jair Messias Bolsonaro e Hamilton Mour\u00e3o: o racismo como projeto de poder -<\/title>\n<meta name=\"robots\" content=\"index, follow, max-snippet:-1, max-image-preview:large, max-video-preview:-1\" \/>\n<link rel=\"canonical\" href=\"https:\/\/coisasdegentepreta.com.br\/index.php\/trump-jair-messias-bolsonaro-e-hamilton-mourao-o-racismo-como-projeto-de-poder\/\" \/>\n<meta property=\"og:locale\" content=\"en_US\" \/>\n<meta property=\"og:type\" content=\"article\" \/>\n<meta property=\"og:title\" content=\"Trump, Jair Messias Bolsonaro e Hamilton Mour\u00e3o: o racismo como projeto de poder -\" \/>\n<meta property=\"og:description\" content=\"Trump, Jair Messias Bolsonaro e Hamilton Mour\u00e3o: o racismo como projeto de poder Sempre que o racismo reaparece travestido de \u201cliberdade de express\u00e3o\u201d, a sociedade \u00e9 colocada diante de uma escolha pol\u00edtica inadi\u00e1vel: nomear a viol\u00eancia ou normaliz\u00e1-la. Declara\u00e7\u00f5es racistas atribu\u00eddas a Donald Trump, incluindo a divulga\u00e7\u00e3o de v\u00eddeos que associam Barack Obama e Michelle &hellip; Trump, Jair Messias Bolsonaro e Hamilton Mour\u00e3o: o racismo como projeto de poder Read More &raquo;\" \/>\n<meta property=\"og:url\" content=\"https:\/\/coisasdegentepreta.com.br\/index.php\/trump-jair-messias-bolsonaro-e-hamilton-mourao-o-racismo-como-projeto-de-poder\/\" \/>\n<meta property=\"article:publisher\" content=\"https:\/\/facebook.com\/cmmcomcoisasdegente\" \/>\n<meta property=\"article:modified_time\" content=\"2026-02-09T01:50:44+00:00\" \/>\n<meta property=\"og:image\" content=\"https:\/\/coisasdegentepreta.com.br\/wp-content\/uploads\/2026\/02\/WhatsApp-Image-2026-02-08-at-11.30.50.jpeg\" \/>\n\t<meta property=\"og:image:width\" content=\"1536\" \/>\n\t<meta property=\"og:image:height\" content=\"1024\" \/>\n\t<meta property=\"og:image:type\" content=\"image\/jpeg\" \/>\n<meta name=\"twitter:card\" content=\"summary_large_image\" \/>\n<meta name=\"twitter:site\" content=\"@cmmcomcoisasdegente\" \/>\n<meta name=\"twitter:label1\" content=\"Est. reading time\" \/>\n\t<meta name=\"twitter:data1\" content=\"3 minutes\" \/>\n<script type=\"application\/ld+json\" class=\"yoast-schema-graph\">{\"@context\":\"https:\/\/schema.org\",\"@graph\":[{\"@type\":\"WebPage\",\"@id\":\"https:\/\/coisasdegentepreta.com.br\/index.php\/trump-jair-messias-bolsonaro-e-hamilton-mourao-o-racismo-como-projeto-de-poder\/\",\"url\":\"https:\/\/coisasdegentepreta.com.br\/index.php\/trump-jair-messias-bolsonaro-e-hamilton-mourao-o-racismo-como-projeto-de-poder\/\",\"name\":\"Trump, Jair Messias Bolsonaro e Hamilton Mour\u00e3o: o racismo como projeto de poder -\",\"isPartOf\":{\"@id\":\"https:\/\/coisasdegentepreta.com.br\/#website\"},\"primaryImageOfPage\":{\"@id\":\"https:\/\/coisasdegentepreta.com.br\/index.php\/trump-jair-messias-bolsonaro-e-hamilton-mourao-o-racismo-como-projeto-de-poder\/#primaryimage\"},\"image\":{\"@id\":\"https:\/\/coisasdegentepreta.com.br\/index.php\/trump-jair-messias-bolsonaro-e-hamilton-mourao-o-racismo-como-projeto-de-poder\/#primaryimage\"},\"thumbnailUrl\":\"https:\/\/coisasdegentepreta.com.br\/wp-content\/uploads\/2026\/02\/WhatsApp-Image-2026-02-08-at-11.30.50.jpeg\",\"datePublished\":\"2026-02-09T01:47:45+00:00\",\"dateModified\":\"2026-02-09T01:50:44+00:00\",\"breadcrumb\":{\"@id\":\"https:\/\/coisasdegentepreta.com.br\/index.php\/trump-jair-messias-bolsonaro-e-hamilton-mourao-o-racismo-como-projeto-de-poder\/#breadcrumb\"},\"inLanguage\":\"en-US\",\"potentialAction\":[{\"@type\":\"ReadAction\",\"target\":[\"https:\/\/coisasdegentepreta.com.br\/index.php\/trump-jair-messias-bolsonaro-e-hamilton-mourao-o-racismo-como-projeto-de-poder\/\"]}]},{\"@type\":\"ImageObject\",\"inLanguage\":\"en-US\",\"@id\":\"https:\/\/coisasdegentepreta.com.br\/index.php\/trump-jair-messias-bolsonaro-e-hamilton-mourao-o-racismo-como-projeto-de-poder\/#primaryimage\",\"url\":\"https:\/\/coisasdegentepreta.com.br\/wp-content\/uploads\/2026\/02\/WhatsApp-Image-2026-02-08-at-11.30.50.jpeg\",\"contentUrl\":\"https:\/\/coisasdegentepreta.com.br\/wp-content\/uploads\/2026\/02\/WhatsApp-Image-2026-02-08-at-11.30.50.jpeg\",\"width\":1536,\"height\":1024},{\"@type\":\"BreadcrumbList\",\"@id\":\"https:\/\/coisasdegentepreta.com.br\/index.php\/trump-jair-messias-bolsonaro-e-hamilton-mourao-o-racismo-como-projeto-de-poder\/#breadcrumb\",\"itemListElement\":[{\"@type\":\"ListItem\",\"position\":1,\"name\":\"ECMM\",\"item\":\"https:\/\/coisasdegentepreta.com.br\/\"},{\"@type\":\"ListItem\",\"position\":2,\"name\":\"Trump, Jair Messias Bolsonaro e Hamilton Mour\u00e3o: o racismo como projeto de poder\"}]},{\"@type\":\"WebSite\",\"@id\":\"https:\/\/coisasdegentepreta.com.br\/#website\",\"url\":\"https:\/\/coisasdegentepreta.com.br\/\",\"name\":\"https:\/\/coisasdegentepreta.com.br\",\"description\":\"\",\"publisher\":{\"@id\":\"https:\/\/coisasdegentepreta.com.br\/#organization\"},\"potentialAction\":[{\"@type\":\"SearchAction\",\"target\":{\"@type\":\"EntryPoint\",\"urlTemplate\":\"https:\/\/coisasdegentepreta.com.br\/?s={search_term_string}\"},\"query-input\":{\"@type\":\"PropertyValueSpecification\",\"valueRequired\":true,\"valueName\":\"search_term_string\"}}],\"inLanguage\":\"en-US\"},{\"@type\":\"Organization\",\"@id\":\"https:\/\/coisasdegentepreta.com.br\/#organization\",\"name\":\"Espa\u00e7o de Capacita\u00e7\u00e3o M\u00e1rcio Madeira RJ\",\"url\":\"https:\/\/coisasdegentepreta.com.br\/\",\"logo\":{\"@type\":\"ImageObject\",\"inLanguage\":\"en-US\",\"@id\":\"https:\/\/coisasdegentepreta.com.br\/#\/schema\/logo\/image\/\",\"url\":\"https:\/\/coisasdegentepreta.com.br\/wp-content\/uploads\/2023\/12\/logo-2.png\",\"contentUrl\":\"https:\/\/coisasdegentepreta.com.br\/wp-content\/uploads\/2023\/12\/logo-2.png\",\"width\":2064,\"height\":1021,\"caption\":\"Espa\u00e7o de Capacita\u00e7\u00e3o M\u00e1rcio Madeira RJ\"},\"image\":{\"@id\":\"https:\/\/coisasdegentepreta.com.br\/#\/schema\/logo\/image\/\"},\"sameAs\":[\"https:\/\/facebook.com\/cmmcomcoisasdegente\",\"https:\/\/x.com\/cmmcomcoisasdegente\",\"https:\/\/instagram.com\/cmmcomcoisasdegente\"]}]}<\/script>\n<!-- \/ Yoast SEO plugin. -->","yoast_head_json":{"title":"Trump, Jair Messias Bolsonaro e Hamilton Mour\u00e3o: o racismo como projeto de poder -","robots":{"index":"index","follow":"follow","max-snippet":"max-snippet:-1","max-image-preview":"max-image-preview:large","max-video-preview":"max-video-preview:-1"},"canonical":"https:\/\/coisasdegentepreta.com.br\/index.php\/trump-jair-messias-bolsonaro-e-hamilton-mourao-o-racismo-como-projeto-de-poder\/","og_locale":"en_US","og_type":"article","og_title":"Trump, Jair Messias Bolsonaro e Hamilton Mour\u00e3o: o racismo como projeto de poder -","og_description":"Trump, Jair Messias Bolsonaro e Hamilton Mour\u00e3o: o racismo como projeto de poder Sempre que o racismo reaparece travestido de \u201cliberdade de express\u00e3o\u201d, a sociedade \u00e9 colocada diante de uma escolha pol\u00edtica inadi\u00e1vel: nomear a viol\u00eancia ou normaliz\u00e1-la. Declara\u00e7\u00f5es racistas atribu\u00eddas a Donald Trump, incluindo a divulga\u00e7\u00e3o de v\u00eddeos que associam Barack Obama e Michelle &hellip; Trump, Jair Messias Bolsonaro e Hamilton Mour\u00e3o: o racismo como projeto de poder Read More &raquo;","og_url":"https:\/\/coisasdegentepreta.com.br\/index.php\/trump-jair-messias-bolsonaro-e-hamilton-mourao-o-racismo-como-projeto-de-poder\/","article_publisher":"https:\/\/facebook.com\/cmmcomcoisasdegente","article_modified_time":"2026-02-09T01:50:44+00:00","og_image":[{"width":1536,"height":1024,"url":"https:\/\/coisasdegentepreta.com.br\/wp-content\/uploads\/2026\/02\/WhatsApp-Image-2026-02-08-at-11.30.50.jpeg","type":"image\/jpeg"}],"twitter_card":"summary_large_image","twitter_site":"@cmmcomcoisasdegente","twitter_misc":{"Est. reading time":"3 minutes"},"schema":{"@context":"https:\/\/schema.org","@graph":[{"@type":"WebPage","@id":"https:\/\/coisasdegentepreta.com.br\/index.php\/trump-jair-messias-bolsonaro-e-hamilton-mourao-o-racismo-como-projeto-de-poder\/","url":"https:\/\/coisasdegentepreta.com.br\/index.php\/trump-jair-messias-bolsonaro-e-hamilton-mourao-o-racismo-como-projeto-de-poder\/","name":"Trump, Jair Messias Bolsonaro e Hamilton Mour\u00e3o: o racismo como projeto de poder -","isPartOf":{"@id":"https:\/\/coisasdegentepreta.com.br\/#website"},"primaryImageOfPage":{"@id":"https:\/\/coisasdegentepreta.com.br\/index.php\/trump-jair-messias-bolsonaro-e-hamilton-mourao-o-racismo-como-projeto-de-poder\/#primaryimage"},"image":{"@id":"https:\/\/coisasdegentepreta.com.br\/index.php\/trump-jair-messias-bolsonaro-e-hamilton-mourao-o-racismo-como-projeto-de-poder\/#primaryimage"},"thumbnailUrl":"https:\/\/coisasdegentepreta.com.br\/wp-content\/uploads\/2026\/02\/WhatsApp-Image-2026-02-08-at-11.30.50.jpeg","datePublished":"2026-02-09T01:47:45+00:00","dateModified":"2026-02-09T01:50:44+00:00","breadcrumb":{"@id":"https:\/\/coisasdegentepreta.com.br\/index.php\/trump-jair-messias-bolsonaro-e-hamilton-mourao-o-racismo-como-projeto-de-poder\/#breadcrumb"},"inLanguage":"en-US","potentialAction":[{"@type":"ReadAction","target":["https:\/\/coisasdegentepreta.com.br\/index.php\/trump-jair-messias-bolsonaro-e-hamilton-mourao-o-racismo-como-projeto-de-poder\/"]}]},{"@type":"ImageObject","inLanguage":"en-US","@id":"https:\/\/coisasdegentepreta.com.br\/index.php\/trump-jair-messias-bolsonaro-e-hamilton-mourao-o-racismo-como-projeto-de-poder\/#primaryimage","url":"https:\/\/coisasdegentepreta.com.br\/wp-content\/uploads\/2026\/02\/WhatsApp-Image-2026-02-08-at-11.30.50.jpeg","contentUrl":"https:\/\/coisasdegentepreta.com.br\/wp-content\/uploads\/2026\/02\/WhatsApp-Image-2026-02-08-at-11.30.50.jpeg","width":1536,"height":1024},{"@type":"BreadcrumbList","@id":"https:\/\/coisasdegentepreta.com.br\/index.php\/trump-jair-messias-bolsonaro-e-hamilton-mourao-o-racismo-como-projeto-de-poder\/#breadcrumb","itemListElement":[{"@type":"ListItem","position":1,"name":"ECMM","item":"https:\/\/coisasdegentepreta.com.br\/"},{"@type":"ListItem","position":2,"name":"Trump, Jair Messias Bolsonaro e Hamilton Mour\u00e3o: o racismo como projeto de poder"}]},{"@type":"WebSite","@id":"https:\/\/coisasdegentepreta.com.br\/#website","url":"https:\/\/coisasdegentepreta.com.br\/","name":"https:\/\/coisasdegentepreta.com.br","description":"","publisher":{"@id":"https:\/\/coisasdegentepreta.com.br\/#organization"},"potentialAction":[{"@type":"SearchAction","target":{"@type":"EntryPoint","urlTemplate":"https:\/\/coisasdegentepreta.com.br\/?s={search_term_string}"},"query-input":{"@type":"PropertyValueSpecification","valueRequired":true,"valueName":"search_term_string"}}],"inLanguage":"en-US"},{"@type":"Organization","@id":"https:\/\/coisasdegentepreta.com.br\/#organization","name":"Espa\u00e7o de Capacita\u00e7\u00e3o M\u00e1rcio Madeira RJ","url":"https:\/\/coisasdegentepreta.com.br\/","logo":{"@type":"ImageObject","inLanguage":"en-US","@id":"https:\/\/coisasdegentepreta.com.br\/#\/schema\/logo\/image\/","url":"https:\/\/coisasdegentepreta.com.br\/wp-content\/uploads\/2023\/12\/logo-2.png","contentUrl":"https:\/\/coisasdegentepreta.com.br\/wp-content\/uploads\/2023\/12\/logo-2.png","width":2064,"height":1021,"caption":"Espa\u00e7o de Capacita\u00e7\u00e3o M\u00e1rcio Madeira RJ"},"image":{"@id":"https:\/\/coisasdegentepreta.com.br\/#\/schema\/logo\/image\/"},"sameAs":["https:\/\/facebook.com\/cmmcomcoisasdegente","https:\/\/x.com\/cmmcomcoisasdegente","https:\/\/instagram.com\/cmmcomcoisasdegente"]}]}},"_links":{"self":[{"href":"https:\/\/coisasdegentepreta.com.br\/index.php\/wp-json\/wp\/v2\/pages\/7899","targetHints":{"allow":["GET"]}}],"collection":[{"href":"https:\/\/coisasdegentepreta.com.br\/index.php\/wp-json\/wp\/v2\/pages"}],"about":[{"href":"https:\/\/coisasdegentepreta.com.br\/index.php\/wp-json\/wp\/v2\/types\/page"}],"author":[{"embeddable":true,"href":"https:\/\/coisasdegentepreta.com.br\/index.php\/wp-json\/wp\/v2\/users\/1"}],"replies":[{"embeddable":true,"href":"https:\/\/coisasdegentepreta.com.br\/index.php\/wp-json\/wp\/v2\/comments?post=7899"}],"version-history":[{"count":4,"href":"https:\/\/coisasdegentepreta.com.br\/index.php\/wp-json\/wp\/v2\/pages\/7899\/revisions"}],"predecessor-version":[{"id":7905,"href":"https:\/\/coisasdegentepreta.com.br\/index.php\/wp-json\/wp\/v2\/pages\/7899\/revisions\/7905"}],"wp:attachment":[{"href":"https:\/\/coisasdegentepreta.com.br\/index.php\/wp-json\/wp\/v2\/media?parent=7899"}],"curies":[{"name":"wp","href":"https:\/\/api.w.org\/{rel}","templated":true}]}}