{"id":7883,"date":"2026-02-06T10:05:00","date_gmt":"2026-02-06T13:05:00","guid":{"rendered":"https:\/\/coisasdegentepreta.com.br\/?page_id=7883"},"modified":"2026-02-06T10:06:30","modified_gmt":"2026-02-06T13:06:30","slug":"quando-o-povo-preto-e-lembrado-apenas-em-ano-eleitoral","status":"publish","type":"page","link":"https:\/\/coisasdegentepreta.com.br\/index.php\/quando-o-povo-preto-e-lembrado-apenas-em-ano-eleitoral\/","title":{"rendered":"Quando o povo preto \u00e9 lembrado apenas em ano eleitoral"},"content":{"rendered":"\t\t<div data-elementor-type=\"wp-page\" data-elementor-id=\"7883\" class=\"elementor elementor-7883\">\n\t\t\t\t<div class=\"elementor-element elementor-element-7235177 e-flex e-con-boxed e-con e-parent\" data-id=\"7235177\" data-element_type=\"container\" data-settings=\"{&quot;background_background&quot;:&quot;classic&quot;}\">\n\t\t\t\t\t<div class=\"e-con-inner\">\n\t\t<div class=\"elementor-element elementor-element-ceb5300 e-con-full e-flex e-con e-child\" data-id=\"ceb5300\" data-element_type=\"container\" data-settings=\"{&quot;background_background&quot;:&quot;classic&quot;}\">\n\t\t\t\t<div class=\"elementor-element elementor-element-a85be22 elementor-widget elementor-widget-image\" data-id=\"a85be22\" data-element_type=\"widget\" data-widget_type=\"image.default\">\n\t\t\t\t<div class=\"elementor-widget-container\">\n\t\t\t\t\t\t\t\t\t\t\t\t\t\t\t<img fetchpriority=\"high\" decoding=\"async\" width=\"1536\" height=\"1024\" src=\"https:\/\/coisasdegentepreta.com.br\/wp-content\/uploads\/2026\/02\/WhatsApp-Image-2026-02-06-at-00.06.40.jpeg\" class=\"attachment-full size-full wp-image-7885\" alt=\"\" srcset=\"https:\/\/coisasdegentepreta.com.br\/wp-content\/uploads\/2026\/02\/WhatsApp-Image-2026-02-06-at-00.06.40.jpeg 1536w, https:\/\/coisasdegentepreta.com.br\/wp-content\/uploads\/2026\/02\/WhatsApp-Image-2026-02-06-at-00.06.40-300x200.jpeg 300w, https:\/\/coisasdegentepreta.com.br\/wp-content\/uploads\/2026\/02\/WhatsApp-Image-2026-02-06-at-00.06.40-1024x683.jpeg 1024w, https:\/\/coisasdegentepreta.com.br\/wp-content\/uploads\/2026\/02\/WhatsApp-Image-2026-02-06-at-00.06.40-768x512.jpeg 768w, https:\/\/coisasdegentepreta.com.br\/wp-content\/uploads\/2026\/02\/WhatsApp-Image-2026-02-06-at-00.06.40-600x400.jpeg 600w\" sizes=\"(max-width: 1536px) 100vw, 1536px\" \/>\t\t\t\t\t\t\t\t\t\t\t\t\t\t\t<\/div>\n\t\t\t\t<\/div>\n\t\t\t\t<\/div>\n\t\t<div class=\"elementor-element elementor-element-680dcae e-con-full e-flex e-con e-child\" data-id=\"680dcae\" data-element_type=\"container\" data-settings=\"{&quot;background_background&quot;:&quot;classic&quot;}\">\n\t\t\t\t<div class=\"elementor-element elementor-element-f61caa3 elementor-widget elementor-widget-heading\" data-id=\"f61caa3\" data-element_type=\"widget\" data-widget_type=\"heading.default\">\n\t\t\t\t<div class=\"elementor-widget-container\">\n\t\t\t\t\t<h2 class=\"elementor-heading-title elementor-size-default\">Quando o povo preto \u00e9 lembrado apenas em ano eleitoral<\/h2>\t\t\t\t<\/div>\n\t\t\t\t<\/div>\n\t\t\t\t<div class=\"elementor-element elementor-element-df4286a elementor-widget elementor-widget-text-editor\" data-id=\"df4286a\" data-element_type=\"widget\" data-widget_type=\"text-editor.default\">\n\t\t\t\t<div class=\"elementor-widget-container\">\n\t\t\t\t\t\t\t\t\t<p>N\u00e3o \u00e9 coincid\u00eancia. \u00c9 m\u00e9todo.<\/p><p>A cada ciclo eleitoral, o povo preto volta a ser alvo de discursos calorosos, promessas gen\u00e9ricas e visitas protocolares. Surgem os acenos, as fotos, os compromissos p\u00fablicos e as palavras cuidadosamente escolhidas para parecerem sens\u00edveis \u00e0 nossa dor hist\u00f3rica. Passado o per\u00edodo das urnas, o interesse esfria e o sil\u00eancio retorna ao seu lugar de costume.<\/p><p>Essa l\u00f3gica n\u00e3o \u00e9 nova, mas continua sendo eficaz porque se apoia em uma desigualdade estrutural profunda: a exclus\u00e3o do povo preto dos espa\u00e7os reais de decis\u00e3o. Somos maioria demogr\u00e1fica, for\u00e7a cultural incontest\u00e1vel e base eleitoral decisiva, mas seguimos tratados como pauta acess\u00f3ria, convocados apenas quando conv\u00e9m.<\/p><p>O problema n\u00e3o est\u00e1 apenas em quem busca nossos votos, mas tamb\u00e9m no modelo pol\u00edtico que naturalizou a ideia de que basta nos lembrar de quatro em quatro anos. Enquanto isso, nossas demandas seguem sendo adiadas, dilu\u00eddas ou tratadas como favores nunca como direitos.<\/p><p>Falar de educa\u00e7\u00e3o, sa\u00fade, seguran\u00e7a, cultura e trabalho sem colocar a popula\u00e7\u00e3o negra no centro \u00e9 manter intacta a engrenagem que produz desigualdade. N\u00e3o h\u00e1 pol\u00edtica p\u00fablica neutra em um pa\u00eds estruturalmente racista. Toda omiss\u00e3o \u00e9 uma escolha.<\/p><p>Por isso, a tarefa do povo preto n\u00e3o pode ser apenas reagir a campanhas eleitorais, mas construir presen\u00e7a permanente: organiza\u00e7\u00e3o pol\u00edtica cont\u00ednua, mem\u00f3ria ativa, vigil\u00e2ncia cr\u00edtica e compromisso com projetos que n\u00e3o nos tratem como massa de manobra.<\/p><p>O Instituto Coisas de Gente Preta reafirma seu papel nesse processo. Aqui, a pauta negra n\u00e3o depende do calend\u00e1rio eleitoral. Ela \u00e9 di\u00e1ria, estruturante e inegoci\u00e1vel. Nosso compromisso n\u00e3o termina na elei\u00e7\u00e3o ele come\u00e7a muito antes e continua depois.<\/p><p>Porque o povo preto n\u00e3o pode ser lembrado apenas quando o poder precisa de votos.<br \/>Precisa ser respeitado quando exige transforma\u00e7\u00e3o.<\/p>\t\t\t\t\t\t\t\t<\/div>\n\t\t\t\t<\/div>\n\t\t\t\t<\/div>\n\t\t\t\t\t<\/div>\n\t\t\t\t<\/div>\n\t\t\t\t<\/div>\n\t\t","protected":false},"excerpt":{"rendered":"<p>Quando o povo preto \u00e9 lembrado apenas em ano eleitoral N\u00e3o \u00e9 coincid\u00eancia. \u00c9 m\u00e9todo. A cada ciclo eleitoral, o povo preto volta a ser alvo de discursos calorosos, promessas gen\u00e9ricas e visitas protocolares. Surgem os acenos, as fotos, os compromissos p\u00fablicos e as palavras cuidadosamente escolhidas para parecerem sens\u00edveis \u00e0 nossa dor hist\u00f3rica. Passado &hellip;<\/p>\n<p class=\"read-more\"> <a class=\"\" href=\"https:\/\/coisasdegentepreta.com.br\/index.php\/quando-o-povo-preto-e-lembrado-apenas-em-ano-eleitoral\/\"> <span class=\"screen-reader-text\">Quando o povo preto \u00e9 lembrado apenas em ano eleitoral<\/span> Read More &raquo;<\/a><\/p>\n","protected":false},"author":1,"featured_media":0,"parent":0,"menu_order":0,"comment_status":"closed","ping_status":"closed","template":"","meta":{"site-sidebar-layout":"no-sidebar","site-content-layout":"","ast-site-content-layout":"full-width-container","site-content-style":"default","site-sidebar-style":"default","ast-global-header-display":"","ast-banner-title-visibility":"","ast-main-header-display":"","ast-hfb-above-header-display":"","ast-hfb-below-header-display":"","ast-hfb-mobile-header-display":"","site-post-title":"disabled","ast-breadcrumbs-content":"","ast-featured-img":"disabled","footer-sml-layout":"","theme-transparent-header-meta":"","adv-header-id-meta":"","stick-header-meta":"","header-above-stick-meta":"","header-main-stick-meta":"","header-below-stick-meta":"","astra-migrate-meta-layouts":"default","ast-page-background-enabled":"default","ast-page-background-meta":{"desktop":{"background-color":"var(--ast-global-color-4)","background-image":"","background-repeat":"repeat","background-position":"center center","background-size":"auto","background-attachment":"scroll","background-type":"","background-media":"","overlay-type":"","overlay-color":"","overlay-gradient":""},"tablet":{"background-color":"","background-image":"","background-repeat":"repeat","background-position":"center center","background-size":"auto","background-attachment":"scroll","background-type":"","background-media":"","overlay-type":"","overlay-color":"","overlay-gradient":""},"mobile":{"background-color":"","background-image":"","background-repeat":"repeat","background-position":"center center","background-size":"auto","background-attachment":"scroll","background-type":"","background-media":"","overlay-type":"","overlay-color":"","overlay-gradient":""}},"ast-content-background-meta":{"desktop":{"background-color":"var(--ast-global-color-5)","background-image":"","background-repeat":"repeat","background-position":"center center","background-size":"auto","background-attachment":"scroll","background-type":"","background-media":"","overlay-type":"","overlay-color":"","overlay-gradient":""},"tablet":{"background-color":"var(--ast-global-color-5)","background-image":"","background-repeat":"repeat","background-position":"center center","background-size":"auto","background-attachment":"scroll","background-type":"","background-media":"","overlay-type":"","overlay-color":"","overlay-gradient":""},"mobile":{"background-color":"var(--ast-global-color-5)","background-image":"","background-repeat":"repeat","background-position":"center center","background-size":"auto","background-attachment":"scroll","background-type":"","background-media":"","overlay-type":"","overlay-color":"","overlay-gradient":""}},"footnotes":""},"class_list":["post-7883","page","type-page","status-publish","hentry"],"yoast_head":"<!-- This site is optimized with the Yoast SEO plugin v24.2 - https:\/\/yoast.com\/wordpress\/plugins\/seo\/ -->\n<title>Quando o povo preto \u00e9 lembrado apenas em ano eleitoral -<\/title>\n<meta name=\"robots\" content=\"index, follow, max-snippet:-1, max-image-preview:large, max-video-preview:-1\" \/>\n<link rel=\"canonical\" href=\"https:\/\/coisasdegentepreta.com.br\/index.php\/quando-o-povo-preto-e-lembrado-apenas-em-ano-eleitoral\/\" \/>\n<meta property=\"og:locale\" content=\"en_US\" \/>\n<meta property=\"og:type\" content=\"article\" \/>\n<meta property=\"og:title\" content=\"Quando o povo preto \u00e9 lembrado apenas em ano eleitoral -\" \/>\n<meta property=\"og:description\" content=\"Quando o povo preto \u00e9 lembrado apenas em ano eleitoral N\u00e3o \u00e9 coincid\u00eancia. \u00c9 m\u00e9todo. A cada ciclo eleitoral, o povo preto volta a ser alvo de discursos calorosos, promessas gen\u00e9ricas e visitas protocolares. Surgem os acenos, as fotos, os compromissos p\u00fablicos e as palavras cuidadosamente escolhidas para parecerem sens\u00edveis \u00e0 nossa dor hist\u00f3rica. Passado &hellip; Quando o povo preto \u00e9 lembrado apenas em ano eleitoral Read More &raquo;\" \/>\n<meta property=\"og:url\" content=\"https:\/\/coisasdegentepreta.com.br\/index.php\/quando-o-povo-preto-e-lembrado-apenas-em-ano-eleitoral\/\" \/>\n<meta property=\"article:publisher\" content=\"https:\/\/facebook.com\/cmmcomcoisasdegente\" \/>\n<meta property=\"article:modified_time\" content=\"2026-02-06T13:06:30+00:00\" \/>\n<meta property=\"og:image\" content=\"https:\/\/coisasdegentepreta.com.br\/wp-content\/uploads\/2026\/02\/WhatsApp-Image-2026-02-06-at-00.06.40.jpeg\" \/>\n\t<meta property=\"og:image:width\" content=\"1536\" \/>\n\t<meta property=\"og:image:height\" content=\"1024\" \/>\n\t<meta property=\"og:image:type\" content=\"image\/jpeg\" \/>\n<meta name=\"twitter:card\" content=\"summary_large_image\" \/>\n<meta name=\"twitter:site\" content=\"@cmmcomcoisasdegente\" \/>\n<meta name=\"twitter:label1\" content=\"Est. reading time\" \/>\n\t<meta name=\"twitter:data1\" content=\"2 minutes\" \/>\n<script type=\"application\/ld+json\" class=\"yoast-schema-graph\">{\"@context\":\"https:\/\/schema.org\",\"@graph\":[{\"@type\":\"WebPage\",\"@id\":\"https:\/\/coisasdegentepreta.com.br\/index.php\/quando-o-povo-preto-e-lembrado-apenas-em-ano-eleitoral\/\",\"url\":\"https:\/\/coisasdegentepreta.com.br\/index.php\/quando-o-povo-preto-e-lembrado-apenas-em-ano-eleitoral\/\",\"name\":\"Quando o povo preto \u00e9 lembrado apenas em ano eleitoral -\",\"isPartOf\":{\"@id\":\"https:\/\/coisasdegentepreta.com.br\/#website\"},\"primaryImageOfPage\":{\"@id\":\"https:\/\/coisasdegentepreta.com.br\/index.php\/quando-o-povo-preto-e-lembrado-apenas-em-ano-eleitoral\/#primaryimage\"},\"image\":{\"@id\":\"https:\/\/coisasdegentepreta.com.br\/index.php\/quando-o-povo-preto-e-lembrado-apenas-em-ano-eleitoral\/#primaryimage\"},\"thumbnailUrl\":\"https:\/\/coisasdegentepreta.com.br\/wp-content\/uploads\/2026\/02\/WhatsApp-Image-2026-02-06-at-00.06.40.jpeg\",\"datePublished\":\"2026-02-06T13:05:00+00:00\",\"dateModified\":\"2026-02-06T13:06:30+00:00\",\"breadcrumb\":{\"@id\":\"https:\/\/coisasdegentepreta.com.br\/index.php\/quando-o-povo-preto-e-lembrado-apenas-em-ano-eleitoral\/#breadcrumb\"},\"inLanguage\":\"en-US\",\"potentialAction\":[{\"@type\":\"ReadAction\",\"target\":[\"https:\/\/coisasdegentepreta.com.br\/index.php\/quando-o-povo-preto-e-lembrado-apenas-em-ano-eleitoral\/\"]}]},{\"@type\":\"ImageObject\",\"inLanguage\":\"en-US\",\"@id\":\"https:\/\/coisasdegentepreta.com.br\/index.php\/quando-o-povo-preto-e-lembrado-apenas-em-ano-eleitoral\/#primaryimage\",\"url\":\"https:\/\/coisasdegentepreta.com.br\/wp-content\/uploads\/2026\/02\/WhatsApp-Image-2026-02-06-at-00.06.40.jpeg\",\"contentUrl\":\"https:\/\/coisasdegentepreta.com.br\/wp-content\/uploads\/2026\/02\/WhatsApp-Image-2026-02-06-at-00.06.40.jpeg\",\"width\":1536,\"height\":1024},{\"@type\":\"BreadcrumbList\",\"@id\":\"https:\/\/coisasdegentepreta.com.br\/index.php\/quando-o-povo-preto-e-lembrado-apenas-em-ano-eleitoral\/#breadcrumb\",\"itemListElement\":[{\"@type\":\"ListItem\",\"position\":1,\"name\":\"ECMM\",\"item\":\"https:\/\/coisasdegentepreta.com.br\/\"},{\"@type\":\"ListItem\",\"position\":2,\"name\":\"Quando o povo preto \u00e9 lembrado apenas em ano eleitoral\"}]},{\"@type\":\"WebSite\",\"@id\":\"https:\/\/coisasdegentepreta.com.br\/#website\",\"url\":\"https:\/\/coisasdegentepreta.com.br\/\",\"name\":\"https:\/\/coisasdegentepreta.com.br\",\"description\":\"\",\"publisher\":{\"@id\":\"https:\/\/coisasdegentepreta.com.br\/#organization\"},\"potentialAction\":[{\"@type\":\"SearchAction\",\"target\":{\"@type\":\"EntryPoint\",\"urlTemplate\":\"https:\/\/coisasdegentepreta.com.br\/?s={search_term_string}\"},\"query-input\":{\"@type\":\"PropertyValueSpecification\",\"valueRequired\":true,\"valueName\":\"search_term_string\"}}],\"inLanguage\":\"en-US\"},{\"@type\":\"Organization\",\"@id\":\"https:\/\/coisasdegentepreta.com.br\/#organization\",\"name\":\"Espa\u00e7o de Capacita\u00e7\u00e3o M\u00e1rcio Madeira RJ\",\"url\":\"https:\/\/coisasdegentepreta.com.br\/\",\"logo\":{\"@type\":\"ImageObject\",\"inLanguage\":\"en-US\",\"@id\":\"https:\/\/coisasdegentepreta.com.br\/#\/schema\/logo\/image\/\",\"url\":\"https:\/\/coisasdegentepreta.com.br\/wp-content\/uploads\/2023\/12\/logo-2.png\",\"contentUrl\":\"https:\/\/coisasdegentepreta.com.br\/wp-content\/uploads\/2023\/12\/logo-2.png\",\"width\":2064,\"height\":1021,\"caption\":\"Espa\u00e7o de Capacita\u00e7\u00e3o M\u00e1rcio Madeira RJ\"},\"image\":{\"@id\":\"https:\/\/coisasdegentepreta.com.br\/#\/schema\/logo\/image\/\"},\"sameAs\":[\"https:\/\/facebook.com\/cmmcomcoisasdegente\",\"https:\/\/x.com\/cmmcomcoisasdegente\",\"https:\/\/instagram.com\/cmmcomcoisasdegente\"]}]}<\/script>\n<!-- \/ Yoast SEO plugin. -->","yoast_head_json":{"title":"Quando o povo preto \u00e9 lembrado apenas em ano eleitoral -","robots":{"index":"index","follow":"follow","max-snippet":"max-snippet:-1","max-image-preview":"max-image-preview:large","max-video-preview":"max-video-preview:-1"},"canonical":"https:\/\/coisasdegentepreta.com.br\/index.php\/quando-o-povo-preto-e-lembrado-apenas-em-ano-eleitoral\/","og_locale":"en_US","og_type":"article","og_title":"Quando o povo preto \u00e9 lembrado apenas em ano eleitoral -","og_description":"Quando o povo preto \u00e9 lembrado apenas em ano eleitoral N\u00e3o \u00e9 coincid\u00eancia. \u00c9 m\u00e9todo. A cada ciclo eleitoral, o povo preto volta a ser alvo de discursos calorosos, promessas gen\u00e9ricas e visitas protocolares. Surgem os acenos, as fotos, os compromissos p\u00fablicos e as palavras cuidadosamente escolhidas para parecerem sens\u00edveis \u00e0 nossa dor hist\u00f3rica. Passado &hellip; Quando o povo preto \u00e9 lembrado apenas em ano eleitoral Read More &raquo;","og_url":"https:\/\/coisasdegentepreta.com.br\/index.php\/quando-o-povo-preto-e-lembrado-apenas-em-ano-eleitoral\/","article_publisher":"https:\/\/facebook.com\/cmmcomcoisasdegente","article_modified_time":"2026-02-06T13:06:30+00:00","og_image":[{"width":1536,"height":1024,"url":"https:\/\/coisasdegentepreta.com.br\/wp-content\/uploads\/2026\/02\/WhatsApp-Image-2026-02-06-at-00.06.40.jpeg","type":"image\/jpeg"}],"twitter_card":"summary_large_image","twitter_site":"@cmmcomcoisasdegente","twitter_misc":{"Est. reading time":"2 minutes"},"schema":{"@context":"https:\/\/schema.org","@graph":[{"@type":"WebPage","@id":"https:\/\/coisasdegentepreta.com.br\/index.php\/quando-o-povo-preto-e-lembrado-apenas-em-ano-eleitoral\/","url":"https:\/\/coisasdegentepreta.com.br\/index.php\/quando-o-povo-preto-e-lembrado-apenas-em-ano-eleitoral\/","name":"Quando o povo preto \u00e9 lembrado apenas em ano eleitoral -","isPartOf":{"@id":"https:\/\/coisasdegentepreta.com.br\/#website"},"primaryImageOfPage":{"@id":"https:\/\/coisasdegentepreta.com.br\/index.php\/quando-o-povo-preto-e-lembrado-apenas-em-ano-eleitoral\/#primaryimage"},"image":{"@id":"https:\/\/coisasdegentepreta.com.br\/index.php\/quando-o-povo-preto-e-lembrado-apenas-em-ano-eleitoral\/#primaryimage"},"thumbnailUrl":"https:\/\/coisasdegentepreta.com.br\/wp-content\/uploads\/2026\/02\/WhatsApp-Image-2026-02-06-at-00.06.40.jpeg","datePublished":"2026-02-06T13:05:00+00:00","dateModified":"2026-02-06T13:06:30+00:00","breadcrumb":{"@id":"https:\/\/coisasdegentepreta.com.br\/index.php\/quando-o-povo-preto-e-lembrado-apenas-em-ano-eleitoral\/#breadcrumb"},"inLanguage":"en-US","potentialAction":[{"@type":"ReadAction","target":["https:\/\/coisasdegentepreta.com.br\/index.php\/quando-o-povo-preto-e-lembrado-apenas-em-ano-eleitoral\/"]}]},{"@type":"ImageObject","inLanguage":"en-US","@id":"https:\/\/coisasdegentepreta.com.br\/index.php\/quando-o-povo-preto-e-lembrado-apenas-em-ano-eleitoral\/#primaryimage","url":"https:\/\/coisasdegentepreta.com.br\/wp-content\/uploads\/2026\/02\/WhatsApp-Image-2026-02-06-at-00.06.40.jpeg","contentUrl":"https:\/\/coisasdegentepreta.com.br\/wp-content\/uploads\/2026\/02\/WhatsApp-Image-2026-02-06-at-00.06.40.jpeg","width":1536,"height":1024},{"@type":"BreadcrumbList","@id":"https:\/\/coisasdegentepreta.com.br\/index.php\/quando-o-povo-preto-e-lembrado-apenas-em-ano-eleitoral\/#breadcrumb","itemListElement":[{"@type":"ListItem","position":1,"name":"ECMM","item":"https:\/\/coisasdegentepreta.com.br\/"},{"@type":"ListItem","position":2,"name":"Quando o povo preto \u00e9 lembrado apenas em ano eleitoral"}]},{"@type":"WebSite","@id":"https:\/\/coisasdegentepreta.com.br\/#website","url":"https:\/\/coisasdegentepreta.com.br\/","name":"https:\/\/coisasdegentepreta.com.br","description":"","publisher":{"@id":"https:\/\/coisasdegentepreta.com.br\/#organization"},"potentialAction":[{"@type":"SearchAction","target":{"@type":"EntryPoint","urlTemplate":"https:\/\/coisasdegentepreta.com.br\/?s={search_term_string}"},"query-input":{"@type":"PropertyValueSpecification","valueRequired":true,"valueName":"search_term_string"}}],"inLanguage":"en-US"},{"@type":"Organization","@id":"https:\/\/coisasdegentepreta.com.br\/#organization","name":"Espa\u00e7o de Capacita\u00e7\u00e3o M\u00e1rcio Madeira RJ","url":"https:\/\/coisasdegentepreta.com.br\/","logo":{"@type":"ImageObject","inLanguage":"en-US","@id":"https:\/\/coisasdegentepreta.com.br\/#\/schema\/logo\/image\/","url":"https:\/\/coisasdegentepreta.com.br\/wp-content\/uploads\/2023\/12\/logo-2.png","contentUrl":"https:\/\/coisasdegentepreta.com.br\/wp-content\/uploads\/2023\/12\/logo-2.png","width":2064,"height":1021,"caption":"Espa\u00e7o de Capacita\u00e7\u00e3o M\u00e1rcio Madeira RJ"},"image":{"@id":"https:\/\/coisasdegentepreta.com.br\/#\/schema\/logo\/image\/"},"sameAs":["https:\/\/facebook.com\/cmmcomcoisasdegente","https:\/\/x.com\/cmmcomcoisasdegente","https:\/\/instagram.com\/cmmcomcoisasdegente"]}]}},"_links":{"self":[{"href":"https:\/\/coisasdegentepreta.com.br\/index.php\/wp-json\/wp\/v2\/pages\/7883","targetHints":{"allow":["GET"]}}],"collection":[{"href":"https:\/\/coisasdegentepreta.com.br\/index.php\/wp-json\/wp\/v2\/pages"}],"about":[{"href":"https:\/\/coisasdegentepreta.com.br\/index.php\/wp-json\/wp\/v2\/types\/page"}],"author":[{"embeddable":true,"href":"https:\/\/coisasdegentepreta.com.br\/index.php\/wp-json\/wp\/v2\/users\/1"}],"replies":[{"embeddable":true,"href":"https:\/\/coisasdegentepreta.com.br\/index.php\/wp-json\/wp\/v2\/comments?post=7883"}],"version-history":[{"count":4,"href":"https:\/\/coisasdegentepreta.com.br\/index.php\/wp-json\/wp\/v2\/pages\/7883\/revisions"}],"predecessor-version":[{"id":7888,"href":"https:\/\/coisasdegentepreta.com.br\/index.php\/wp-json\/wp\/v2\/pages\/7883\/revisions\/7888"}],"wp:attachment":[{"href":"https:\/\/coisasdegentepreta.com.br\/index.php\/wp-json\/wp\/v2\/media?parent=7883"}],"curies":[{"name":"wp","href":"https:\/\/api.w.org\/{rel}","templated":true}]}}