{"id":7849,"date":"2026-01-29T14:10:45","date_gmt":"2026-01-29T17:10:45","guid":{"rendered":"https:\/\/coisasdegentepreta.com.br\/?page_id=7849"},"modified":"2026-01-29T14:12:14","modified_gmt":"2026-01-29T17:12:14","slug":"organizacao-e-resposta","status":"publish","type":"page","link":"https:\/\/coisasdegentepreta.com.br\/index.php\/organizacao-e-resposta\/","title":{"rendered":"Organiza\u00e7\u00e3o \u00e9 resposta"},"content":{"rendered":"\t\t<div data-elementor-type=\"wp-page\" data-elementor-id=\"7849\" class=\"elementor elementor-7849\">\n\t\t\t\t<div class=\"elementor-element elementor-element-0a51cbb e-flex e-con-boxed e-con e-parent\" data-id=\"0a51cbb\" data-element_type=\"container\" data-settings=\"{&quot;background_background&quot;:&quot;classic&quot;}\">\n\t\t\t\t\t<div class=\"e-con-inner\">\n\t\t<div class=\"elementor-element elementor-element-19706bd e-con-full e-flex e-con e-child\" data-id=\"19706bd\" data-element_type=\"container\" data-settings=\"{&quot;background_background&quot;:&quot;classic&quot;}\">\n\t\t\t\t<div class=\"elementor-element elementor-element-aab0994 elementor-widget elementor-widget-image\" data-id=\"aab0994\" data-element_type=\"widget\" data-widget_type=\"image.default\">\n\t\t\t\t<div class=\"elementor-widget-container\">\n\t\t\t\t\t\t\t\t\t\t\t\t\t\t\t<img fetchpriority=\"high\" decoding=\"async\" width=\"1280\" height=\"853\" src=\"https:\/\/coisasdegentepreta.com.br\/wp-content\/uploads\/2026\/01\/WhatsApp-Image-2026-01-29-at-08.11.01.jpeg\" class=\"attachment-full size-full wp-image-7851\" alt=\"\" srcset=\"https:\/\/coisasdegentepreta.com.br\/wp-content\/uploads\/2026\/01\/WhatsApp-Image-2026-01-29-at-08.11.01.jpeg 1280w, https:\/\/coisasdegentepreta.com.br\/wp-content\/uploads\/2026\/01\/WhatsApp-Image-2026-01-29-at-08.11.01-300x200.jpeg 300w, https:\/\/coisasdegentepreta.com.br\/wp-content\/uploads\/2026\/01\/WhatsApp-Image-2026-01-29-at-08.11.01-1024x682.jpeg 1024w, https:\/\/coisasdegentepreta.com.br\/wp-content\/uploads\/2026\/01\/WhatsApp-Image-2026-01-29-at-08.11.01-768x512.jpeg 768w, https:\/\/coisasdegentepreta.com.br\/wp-content\/uploads\/2026\/01\/WhatsApp-Image-2026-01-29-at-08.11.01-600x400.jpeg 600w\" sizes=\"(max-width: 1280px) 100vw, 1280px\" \/>\t\t\t\t\t\t\t\t\t\t\t\t\t\t\t<\/div>\n\t\t\t\t<\/div>\n\t\t\t\t<\/div>\n\t\t<div class=\"elementor-element elementor-element-eeaf2ac e-con-full e-flex e-con e-child\" data-id=\"eeaf2ac\" data-element_type=\"container\" data-settings=\"{&quot;background_background&quot;:&quot;classic&quot;}\">\n\t\t\t\t<div class=\"elementor-element elementor-element-ba90dce elementor-widget elementor-widget-heading\" data-id=\"ba90dce\" data-element_type=\"widget\" data-widget_type=\"heading.default\">\n\t\t\t\t<div class=\"elementor-widget-container\">\n\t\t\t\t\t<h2 class=\"elementor-heading-title elementor-size-default\">Organiza\u00e7\u00e3o \u00e9 resposta\n<\/h2>\t\t\t\t<\/div>\n\t\t\t\t<\/div>\n\t\t\t\t<div class=\"elementor-element elementor-element-9ad8e36 elementor-widget elementor-widget-text-editor\" data-id=\"9ad8e36\" data-element_type=\"widget\" data-widget_type=\"text-editor.default\">\n\t\t\t\t<div class=\"elementor-widget-container\">\n\t\t\t\t\t\t\t\t\t<p>Os Panteras Negras, nos Estados Unidos, deixaram uma li\u00e7\u00e3o incontorn\u00e1vel: quando o Estado falha e a viol\u00eancia racial se imp\u00f5e, o povo negro se organiza. N\u00e3o por impulso, mas com m\u00e9todo, territ\u00f3rio e projeto pol\u00edtico.<\/p><p>No Brasil, essa l\u00f3gica tamb\u00e9m ganhou forma pr\u00e1tica. Nos anos 1980, o SOS Racismo, iniciativa do IPCN, funcionou como canal permanente de den\u00fancia, com atendimento presencial, registro sistem\u00e1tico de casos, orienta\u00e7\u00e3o jur\u00eddica, acompanhamento de v\u00edtimas e interlocu\u00e7\u00e3o direta com \u00f3rg\u00e3os p\u00fablicos e a imprensa. Era a\u00e7\u00e3o concreta, cotidiana, enraizada no territ\u00f3rio.<\/p><p>Nos Estados Unidos de hoje, o recrudescimento das opera\u00e7\u00f5es do ICE reatualiza o debate sobre viol\u00eancia estatal e organiza\u00e7\u00e3o comunit\u00e1ria negra, recolocando o legado dos Panteras Negras no centro da discuss\u00e3o pol\u00edtica contempor\u00e2nea.<\/p><p>No Brasil, o racismo se apresenta como projeto nacional, operando da bala \u00e0 caneta. Ele se expressa na chacina da Vila Cruzeiro, nas opera\u00e7\u00f5es policiais recorrentes em favelas e periferias, na tentativa de desmonte das pol\u00edticas de cotas em estados como Santa Catarina e tamb\u00e9m na destitui\u00e7\u00e3o de uma professora doutora, legitimamente aprovada em concurso p\u00fablico, afastada de uma universidade ap\u00f3s questionamentos que revelam o racismo institucional presente at\u00e9 nos espa\u00e7os do saber e da produ\u00e7\u00e3o cient\u00edfica.<\/p><p>Diante desse cen\u00e1rio, o PCN Partido da Causa Negra se coloca como espa\u00e7o de reflex\u00e3o, articula\u00e7\u00e3o e converg\u00eancia. N\u00e3o como resposta fechada, mas como convite \u00e0 constru\u00e7\u00e3o coletiva: somar for\u00e7as f\u00edsicas, pol\u00edticas e ideol\u00f3gicas, pensar o Brasil a partir de uma perspectiva negra e reorganizar a luta em escala nacional diante de um sistema que atua de forma integrada.<\/p><p>A hist\u00f3ria n\u00e3o encerra debates.<br \/>Ela nos convoca.<\/p><p>M\u00e1rcio Madeira \u2234<br \/>Portal Coisas de Gente Preta.<br \/>Informa\u00e7\u00e3o, consci\u00eancia racial e compromisso pol\u00edtico.<\/p>\t\t\t\t\t\t\t\t<\/div>\n\t\t\t\t<\/div>\n\t\t\t\t<\/div>\n\t\t\t\t\t<\/div>\n\t\t\t\t<\/div>\n\t\t\t\t<\/div>\n\t\t","protected":false},"excerpt":{"rendered":"<p>Organiza\u00e7\u00e3o \u00e9 resposta Os Panteras Negras, nos Estados Unidos, deixaram uma li\u00e7\u00e3o incontorn\u00e1vel: quando o Estado falha e a viol\u00eancia racial se imp\u00f5e, o povo negro se organiza. N\u00e3o por impulso, mas com m\u00e9todo, territ\u00f3rio e projeto pol\u00edtico. No Brasil, essa l\u00f3gica tamb\u00e9m ganhou forma pr\u00e1tica. Nos anos 1980, o SOS Racismo, iniciativa do IPCN, &hellip;<\/p>\n<p class=\"read-more\"> <a class=\"\" href=\"https:\/\/coisasdegentepreta.com.br\/index.php\/organizacao-e-resposta\/\"> <span class=\"screen-reader-text\">Organiza\u00e7\u00e3o \u00e9 resposta<\/span> Read More &raquo;<\/a><\/p>\n","protected":false},"author":1,"featured_media":0,"parent":0,"menu_order":0,"comment_status":"closed","ping_status":"closed","template":"","meta":{"site-sidebar-layout":"no-sidebar","site-content-layout":"","ast-site-content-layout":"full-width-container","site-content-style":"default","site-sidebar-style":"default","ast-global-header-display":"","ast-banner-title-visibility":"","ast-main-header-display":"","ast-hfb-above-header-display":"","ast-hfb-below-header-display":"","ast-hfb-mobile-header-display":"","site-post-title":"disabled","ast-breadcrumbs-content":"","ast-featured-img":"disabled","footer-sml-layout":"","theme-transparent-header-meta":"","adv-header-id-meta":"","stick-header-meta":"","header-above-stick-meta":"","header-main-stick-meta":"","header-below-stick-meta":"","astra-migrate-meta-layouts":"default","ast-page-background-enabled":"default","ast-page-background-meta":{"desktop":{"background-color":"var(--ast-global-color-4)","background-image":"","background-repeat":"repeat","background-position":"center center","background-size":"auto","background-attachment":"scroll","background-type":"","background-media":"","overlay-type":"","overlay-color":"","overlay-gradient":""},"tablet":{"background-color":"","background-image":"","background-repeat":"repeat","background-position":"center center","background-size":"auto","background-attachment":"scroll","background-type":"","background-media":"","overlay-type":"","overlay-color":"","overlay-gradient":""},"mobile":{"background-color":"","background-image":"","background-repeat":"repeat","background-position":"center center","background-size":"auto","background-attachment":"scroll","background-type":"","background-media":"","overlay-type":"","overlay-color":"","overlay-gradient":""}},"ast-content-background-meta":{"desktop":{"background-color":"var(--ast-global-color-5)","background-image":"","background-repeat":"repeat","background-position":"center center","background-size":"auto","background-attachment":"scroll","background-type":"","background-media":"","overlay-type":"","overlay-color":"","overlay-gradient":""},"tablet":{"background-color":"var(--ast-global-color-5)","background-image":"","background-repeat":"repeat","background-position":"center center","background-size":"auto","background-attachment":"scroll","background-type":"","background-media":"","overlay-type":"","overlay-color":"","overlay-gradient":""},"mobile":{"background-color":"var(--ast-global-color-5)","background-image":"","background-repeat":"repeat","background-position":"center center","background-size":"auto","background-attachment":"scroll","background-type":"","background-media":"","overlay-type":"","overlay-color":"","overlay-gradient":""}},"footnotes":""},"class_list":["post-7849","page","type-page","status-publish","hentry"],"yoast_head":"<!-- This site is optimized with the Yoast SEO plugin v24.2 - https:\/\/yoast.com\/wordpress\/plugins\/seo\/ -->\n<title>Organiza\u00e7\u00e3o \u00e9 resposta -<\/title>\n<meta name=\"robots\" content=\"index, follow, max-snippet:-1, max-image-preview:large, max-video-preview:-1\" \/>\n<link rel=\"canonical\" href=\"https:\/\/coisasdegentepreta.com.br\/index.php\/organizacao-e-resposta\/\" \/>\n<meta property=\"og:locale\" content=\"en_US\" \/>\n<meta property=\"og:type\" content=\"article\" \/>\n<meta property=\"og:title\" content=\"Organiza\u00e7\u00e3o \u00e9 resposta -\" \/>\n<meta property=\"og:description\" content=\"Organiza\u00e7\u00e3o \u00e9 resposta Os Panteras Negras, nos Estados Unidos, deixaram uma li\u00e7\u00e3o incontorn\u00e1vel: quando o Estado falha e a viol\u00eancia racial se imp\u00f5e, o povo negro se organiza. N\u00e3o por impulso, mas com m\u00e9todo, territ\u00f3rio e projeto pol\u00edtico. No Brasil, essa l\u00f3gica tamb\u00e9m ganhou forma pr\u00e1tica. Nos anos 1980, o SOS Racismo, iniciativa do IPCN, &hellip; Organiza\u00e7\u00e3o \u00e9 resposta Read More &raquo;\" \/>\n<meta property=\"og:url\" content=\"https:\/\/coisasdegentepreta.com.br\/index.php\/organizacao-e-resposta\/\" \/>\n<meta property=\"article:publisher\" content=\"https:\/\/facebook.com\/cmmcomcoisasdegente\" \/>\n<meta property=\"article:modified_time\" content=\"2026-01-29T17:12:14+00:00\" \/>\n<meta property=\"og:image\" content=\"https:\/\/coisasdegentepreta.com.br\/wp-content\/uploads\/2026\/01\/WhatsApp-Image-2026-01-29-at-08.11.01.jpeg\" \/>\n\t<meta property=\"og:image:width\" content=\"1280\" \/>\n\t<meta property=\"og:image:height\" content=\"853\" \/>\n\t<meta property=\"og:image:type\" content=\"image\/jpeg\" \/>\n<meta name=\"twitter:card\" content=\"summary_large_image\" \/>\n<meta name=\"twitter:site\" content=\"@cmmcomcoisasdegente\" \/>\n<meta name=\"twitter:label1\" content=\"Est. reading time\" \/>\n\t<meta name=\"twitter:data1\" content=\"2 minutes\" \/>\n<script type=\"application\/ld+json\" class=\"yoast-schema-graph\">{\"@context\":\"https:\/\/schema.org\",\"@graph\":[{\"@type\":\"WebPage\",\"@id\":\"https:\/\/coisasdegentepreta.com.br\/index.php\/organizacao-e-resposta\/\",\"url\":\"https:\/\/coisasdegentepreta.com.br\/index.php\/organizacao-e-resposta\/\",\"name\":\"Organiza\u00e7\u00e3o \u00e9 resposta -\",\"isPartOf\":{\"@id\":\"https:\/\/coisasdegentepreta.com.br\/#website\"},\"primaryImageOfPage\":{\"@id\":\"https:\/\/coisasdegentepreta.com.br\/index.php\/organizacao-e-resposta\/#primaryimage\"},\"image\":{\"@id\":\"https:\/\/coisasdegentepreta.com.br\/index.php\/organizacao-e-resposta\/#primaryimage\"},\"thumbnailUrl\":\"https:\/\/coisasdegentepreta.com.br\/wp-content\/uploads\/2026\/01\/WhatsApp-Image-2026-01-29-at-08.11.01.jpeg\",\"datePublished\":\"2026-01-29T17:10:45+00:00\",\"dateModified\":\"2026-01-29T17:12:14+00:00\",\"breadcrumb\":{\"@id\":\"https:\/\/coisasdegentepreta.com.br\/index.php\/organizacao-e-resposta\/#breadcrumb\"},\"inLanguage\":\"en-US\",\"potentialAction\":[{\"@type\":\"ReadAction\",\"target\":[\"https:\/\/coisasdegentepreta.com.br\/index.php\/organizacao-e-resposta\/\"]}]},{\"@type\":\"ImageObject\",\"inLanguage\":\"en-US\",\"@id\":\"https:\/\/coisasdegentepreta.com.br\/index.php\/organizacao-e-resposta\/#primaryimage\",\"url\":\"https:\/\/coisasdegentepreta.com.br\/wp-content\/uploads\/2026\/01\/WhatsApp-Image-2026-01-29-at-08.11.01.jpeg\",\"contentUrl\":\"https:\/\/coisasdegentepreta.com.br\/wp-content\/uploads\/2026\/01\/WhatsApp-Image-2026-01-29-at-08.11.01.jpeg\",\"width\":1280,\"height\":853},{\"@type\":\"BreadcrumbList\",\"@id\":\"https:\/\/coisasdegentepreta.com.br\/index.php\/organizacao-e-resposta\/#breadcrumb\",\"itemListElement\":[{\"@type\":\"ListItem\",\"position\":1,\"name\":\"ECMM\",\"item\":\"https:\/\/coisasdegentepreta.com.br\/\"},{\"@type\":\"ListItem\",\"position\":2,\"name\":\"Organiza\u00e7\u00e3o \u00e9 resposta\"}]},{\"@type\":\"WebSite\",\"@id\":\"https:\/\/coisasdegentepreta.com.br\/#website\",\"url\":\"https:\/\/coisasdegentepreta.com.br\/\",\"name\":\"https:\/\/coisasdegentepreta.com.br\",\"description\":\"\",\"publisher\":{\"@id\":\"https:\/\/coisasdegentepreta.com.br\/#organization\"},\"potentialAction\":[{\"@type\":\"SearchAction\",\"target\":{\"@type\":\"EntryPoint\",\"urlTemplate\":\"https:\/\/coisasdegentepreta.com.br\/?s={search_term_string}\"},\"query-input\":{\"@type\":\"PropertyValueSpecification\",\"valueRequired\":true,\"valueName\":\"search_term_string\"}}],\"inLanguage\":\"en-US\"},{\"@type\":\"Organization\",\"@id\":\"https:\/\/coisasdegentepreta.com.br\/#organization\",\"name\":\"Espa\u00e7o de Capacita\u00e7\u00e3o M\u00e1rcio Madeira RJ\",\"url\":\"https:\/\/coisasdegentepreta.com.br\/\",\"logo\":{\"@type\":\"ImageObject\",\"inLanguage\":\"en-US\",\"@id\":\"https:\/\/coisasdegentepreta.com.br\/#\/schema\/logo\/image\/\",\"url\":\"https:\/\/coisasdegentepreta.com.br\/wp-content\/uploads\/2023\/12\/logo-2.png\",\"contentUrl\":\"https:\/\/coisasdegentepreta.com.br\/wp-content\/uploads\/2023\/12\/logo-2.png\",\"width\":2064,\"height\":1021,\"caption\":\"Espa\u00e7o de Capacita\u00e7\u00e3o M\u00e1rcio Madeira RJ\"},\"image\":{\"@id\":\"https:\/\/coisasdegentepreta.com.br\/#\/schema\/logo\/image\/\"},\"sameAs\":[\"https:\/\/facebook.com\/cmmcomcoisasdegente\",\"https:\/\/x.com\/cmmcomcoisasdegente\",\"https:\/\/instagram.com\/cmmcomcoisasdegente\"]}]}<\/script>\n<!-- \/ Yoast SEO plugin. -->","yoast_head_json":{"title":"Organiza\u00e7\u00e3o \u00e9 resposta -","robots":{"index":"index","follow":"follow","max-snippet":"max-snippet:-1","max-image-preview":"max-image-preview:large","max-video-preview":"max-video-preview:-1"},"canonical":"https:\/\/coisasdegentepreta.com.br\/index.php\/organizacao-e-resposta\/","og_locale":"en_US","og_type":"article","og_title":"Organiza\u00e7\u00e3o \u00e9 resposta -","og_description":"Organiza\u00e7\u00e3o \u00e9 resposta Os Panteras Negras, nos Estados Unidos, deixaram uma li\u00e7\u00e3o incontorn\u00e1vel: quando o Estado falha e a viol\u00eancia racial se imp\u00f5e, o povo negro se organiza. N\u00e3o por impulso, mas com m\u00e9todo, territ\u00f3rio e projeto pol\u00edtico. No Brasil, essa l\u00f3gica tamb\u00e9m ganhou forma pr\u00e1tica. Nos anos 1980, o SOS Racismo, iniciativa do IPCN, &hellip; Organiza\u00e7\u00e3o \u00e9 resposta Read More &raquo;","og_url":"https:\/\/coisasdegentepreta.com.br\/index.php\/organizacao-e-resposta\/","article_publisher":"https:\/\/facebook.com\/cmmcomcoisasdegente","article_modified_time":"2026-01-29T17:12:14+00:00","og_image":[{"width":1280,"height":853,"url":"https:\/\/coisasdegentepreta.com.br\/wp-content\/uploads\/2026\/01\/WhatsApp-Image-2026-01-29-at-08.11.01.jpeg","type":"image\/jpeg"}],"twitter_card":"summary_large_image","twitter_site":"@cmmcomcoisasdegente","twitter_misc":{"Est. reading time":"2 minutes"},"schema":{"@context":"https:\/\/schema.org","@graph":[{"@type":"WebPage","@id":"https:\/\/coisasdegentepreta.com.br\/index.php\/organizacao-e-resposta\/","url":"https:\/\/coisasdegentepreta.com.br\/index.php\/organizacao-e-resposta\/","name":"Organiza\u00e7\u00e3o \u00e9 resposta -","isPartOf":{"@id":"https:\/\/coisasdegentepreta.com.br\/#website"},"primaryImageOfPage":{"@id":"https:\/\/coisasdegentepreta.com.br\/index.php\/organizacao-e-resposta\/#primaryimage"},"image":{"@id":"https:\/\/coisasdegentepreta.com.br\/index.php\/organizacao-e-resposta\/#primaryimage"},"thumbnailUrl":"https:\/\/coisasdegentepreta.com.br\/wp-content\/uploads\/2026\/01\/WhatsApp-Image-2026-01-29-at-08.11.01.jpeg","datePublished":"2026-01-29T17:10:45+00:00","dateModified":"2026-01-29T17:12:14+00:00","breadcrumb":{"@id":"https:\/\/coisasdegentepreta.com.br\/index.php\/organizacao-e-resposta\/#breadcrumb"},"inLanguage":"en-US","potentialAction":[{"@type":"ReadAction","target":["https:\/\/coisasdegentepreta.com.br\/index.php\/organizacao-e-resposta\/"]}]},{"@type":"ImageObject","inLanguage":"en-US","@id":"https:\/\/coisasdegentepreta.com.br\/index.php\/organizacao-e-resposta\/#primaryimage","url":"https:\/\/coisasdegentepreta.com.br\/wp-content\/uploads\/2026\/01\/WhatsApp-Image-2026-01-29-at-08.11.01.jpeg","contentUrl":"https:\/\/coisasdegentepreta.com.br\/wp-content\/uploads\/2026\/01\/WhatsApp-Image-2026-01-29-at-08.11.01.jpeg","width":1280,"height":853},{"@type":"BreadcrumbList","@id":"https:\/\/coisasdegentepreta.com.br\/index.php\/organizacao-e-resposta\/#breadcrumb","itemListElement":[{"@type":"ListItem","position":1,"name":"ECMM","item":"https:\/\/coisasdegentepreta.com.br\/"},{"@type":"ListItem","position":2,"name":"Organiza\u00e7\u00e3o \u00e9 resposta"}]},{"@type":"WebSite","@id":"https:\/\/coisasdegentepreta.com.br\/#website","url":"https:\/\/coisasdegentepreta.com.br\/","name":"https:\/\/coisasdegentepreta.com.br","description":"","publisher":{"@id":"https:\/\/coisasdegentepreta.com.br\/#organization"},"potentialAction":[{"@type":"SearchAction","target":{"@type":"EntryPoint","urlTemplate":"https:\/\/coisasdegentepreta.com.br\/?s={search_term_string}"},"query-input":{"@type":"PropertyValueSpecification","valueRequired":true,"valueName":"search_term_string"}}],"inLanguage":"en-US"},{"@type":"Organization","@id":"https:\/\/coisasdegentepreta.com.br\/#organization","name":"Espa\u00e7o de Capacita\u00e7\u00e3o M\u00e1rcio Madeira RJ","url":"https:\/\/coisasdegentepreta.com.br\/","logo":{"@type":"ImageObject","inLanguage":"en-US","@id":"https:\/\/coisasdegentepreta.com.br\/#\/schema\/logo\/image\/","url":"https:\/\/coisasdegentepreta.com.br\/wp-content\/uploads\/2023\/12\/logo-2.png","contentUrl":"https:\/\/coisasdegentepreta.com.br\/wp-content\/uploads\/2023\/12\/logo-2.png","width":2064,"height":1021,"caption":"Espa\u00e7o de Capacita\u00e7\u00e3o M\u00e1rcio Madeira RJ"},"image":{"@id":"https:\/\/coisasdegentepreta.com.br\/#\/schema\/logo\/image\/"},"sameAs":["https:\/\/facebook.com\/cmmcomcoisasdegente","https:\/\/x.com\/cmmcomcoisasdegente","https:\/\/instagram.com\/cmmcomcoisasdegente"]}]}},"_links":{"self":[{"href":"https:\/\/coisasdegentepreta.com.br\/index.php\/wp-json\/wp\/v2\/pages\/7849","targetHints":{"allow":["GET"]}}],"collection":[{"href":"https:\/\/coisasdegentepreta.com.br\/index.php\/wp-json\/wp\/v2\/pages"}],"about":[{"href":"https:\/\/coisasdegentepreta.com.br\/index.php\/wp-json\/wp\/v2\/types\/page"}],"author":[{"embeddable":true,"href":"https:\/\/coisasdegentepreta.com.br\/index.php\/wp-json\/wp\/v2\/users\/1"}],"replies":[{"embeddable":true,"href":"https:\/\/coisasdegentepreta.com.br\/index.php\/wp-json\/wp\/v2\/comments?post=7849"}],"version-history":[{"count":4,"href":"https:\/\/coisasdegentepreta.com.br\/index.php\/wp-json\/wp\/v2\/pages\/7849\/revisions"}],"predecessor-version":[{"id":7854,"href":"https:\/\/coisasdegentepreta.com.br\/index.php\/wp-json\/wp\/v2\/pages\/7849\/revisions\/7854"}],"wp:attachment":[{"href":"https:\/\/coisasdegentepreta.com.br\/index.php\/wp-json\/wp\/v2\/media?parent=7849"}],"curies":[{"name":"wp","href":"https:\/\/api.w.org\/{rel}","templated":true}]}}