{"id":7830,"date":"2026-01-27T23:17:42","date_gmt":"2026-01-28T02:17:42","guid":{"rendered":"https:\/\/coisasdegentepreta.com.br\/?page_id=7830"},"modified":"2026-01-27T23:19:05","modified_gmt":"2026-01-28T02:19:05","slug":"quando-um-menino-preto-avanca-e-a-comunidade-que-caminha-junto","status":"publish","type":"page","link":"https:\/\/coisasdegentepreta.com.br\/index.php\/quando-um-menino-preto-avanca-e-a-comunidade-que-caminha-junto\/","title":{"rendered":"Quando um menino preto avan\u00e7a, \u00e9 a comunidade que caminha junto"},"content":{"rendered":"\t\t<div data-elementor-type=\"wp-page\" data-elementor-id=\"7830\" class=\"elementor elementor-7830\">\n\t\t\t\t<div class=\"elementor-element elementor-element-2558c09 e-flex e-con-boxed e-con e-parent\" data-id=\"2558c09\" data-element_type=\"container\" data-settings=\"{&quot;background_background&quot;:&quot;classic&quot;}\">\n\t\t\t\t\t<div class=\"e-con-inner\">\n\t\t<div class=\"elementor-element elementor-element-1ffa4d2 e-con-full e-flex e-con e-child\" data-id=\"1ffa4d2\" data-element_type=\"container\" data-settings=\"{&quot;background_background&quot;:&quot;classic&quot;}\">\n\t\t\t\t<div class=\"elementor-element elementor-element-7c3f430 elementor-widget elementor-widget-image\" data-id=\"7c3f430\" data-element_type=\"widget\" data-widget_type=\"image.default\">\n\t\t\t\t<div class=\"elementor-widget-container\">\n\t\t\t\t\t\t\t\t\t\t\t\t\t\t\t<img fetchpriority=\"high\" decoding=\"async\" width=\"1536\" height=\"1024\" src=\"https:\/\/coisasdegentepreta.com.br\/wp-content\/uploads\/2026\/01\/WhatsApp-Image-2026-01-27-at-15.34.43.jpeg\" class=\"attachment-full size-full wp-image-7832\" alt=\"\" srcset=\"https:\/\/coisasdegentepreta.com.br\/wp-content\/uploads\/2026\/01\/WhatsApp-Image-2026-01-27-at-15.34.43.jpeg 1536w, https:\/\/coisasdegentepreta.com.br\/wp-content\/uploads\/2026\/01\/WhatsApp-Image-2026-01-27-at-15.34.43-300x200.jpeg 300w, https:\/\/coisasdegentepreta.com.br\/wp-content\/uploads\/2026\/01\/WhatsApp-Image-2026-01-27-at-15.34.43-1024x683.jpeg 1024w, https:\/\/coisasdegentepreta.com.br\/wp-content\/uploads\/2026\/01\/WhatsApp-Image-2026-01-27-at-15.34.43-768x512.jpeg 768w, https:\/\/coisasdegentepreta.com.br\/wp-content\/uploads\/2026\/01\/WhatsApp-Image-2026-01-27-at-15.34.43-600x400.jpeg 600w\" sizes=\"(max-width: 1536px) 100vw, 1536px\" \/>\t\t\t\t\t\t\t\t\t\t\t\t\t\t\t<\/div>\n\t\t\t\t<\/div>\n\t\t\t\t<\/div>\n\t\t<div class=\"elementor-element elementor-element-3d3f9c3 e-con-full e-flex e-con e-child\" data-id=\"3d3f9c3\" data-element_type=\"container\" data-settings=\"{&quot;background_background&quot;:&quot;classic&quot;}\">\n\t\t\t\t<div class=\"elementor-element elementor-element-d2f3d1e elementor-widget elementor-widget-heading\" data-id=\"d2f3d1e\" data-element_type=\"widget\" data-widget_type=\"heading.default\">\n\t\t\t\t<div class=\"elementor-widget-container\">\n\t\t\t\t\t<h2 class=\"elementor-heading-title elementor-size-default\">Quando um menino preto avan\u00e7a, \u00e9 a comunidade que caminha junto\n<\/h2>\t\t\t\t<\/div>\n\t\t\t\t<\/div>\n\t\t\t\t<div class=\"elementor-element elementor-element-ef29263 elementor-widget elementor-widget-text-editor\" data-id=\"ef29263\" data-element_type=\"widget\" data-widget_type=\"text-editor.default\">\n\t\t\t\t<div class=\"elementor-widget-container\">\n\t\t\t\t\t\t\t\t\t<p>Nesta sexta-feira, nosso editorial se volta para um gesto concreto de solidariedade e compromisso com o futuro da nossa juventude. O Instituto Coisas de Gente Preta se soma \u00e0 campanha em apoio a Arthur Fernandes, jovem preto de 12 anos, morador de Mesquita (RJ), atleta de jiu-jitsu, que foi selecionado para representar o Brasil no Campeonato Europeu, que acontecer\u00e1 em abril, na Irlanda.<\/p><p>Arthur treina h\u00e1 tr\u00eas anos, construiu sua trajet\u00f3ria com disciplina, esfor\u00e7o e const\u00e2ncia, participou de campeonatos no Rio de Janeiro e em Florian\u00f3polis, e hoje colhe um reconhecimento que n\u00e3o \u00e9 fruto do acaso. \u00c9 resultado de trabalho, orienta\u00e7\u00e3o e persist\u00eancia. Ele \u00e9 faixa amarela, aluno do CT Marcos Gomes, sob a orienta\u00e7\u00e3o do professor Marcos Gomes, desenvolvendo seu talento dentro do pr\u00f3prio munic\u00edpio de Mesquita.<\/p><p>A convoca\u00e7\u00e3o internacional \u00e9 motivo de orgulho, mas tamb\u00e9m revela uma realidade conhecida por n\u00f3s: o talento preto avan\u00e7a, mas os custos s\u00e3o altos. Passagem a\u00e9rea, hospedagem, alimenta\u00e7\u00e3o, transporte e inscri\u00e7\u00e3o tornam essa oportunidade um desafio financeiro para a fam\u00edlia. \u00c9 nesse ponto que a solidariedade organizada se faz necess\u00e1ria.<\/p><p>Nos prontificamos a apoiar essa campanha porque acreditamos no esporte como ferramenta de transforma\u00e7\u00e3o, disciplina e prote\u00e7\u00e3o da juventude preta. Apoiar Arthur \u00e9 afirmar que nossos meninos t\u00eam direito a sonhar alto, a ocupar espa\u00e7os internacionais e a serem reconhecidos pelo m\u00e9rito do seu esfor\u00e7o.<\/p><p>Convidamos nossas irm\u00e3s e irm\u00e3os pretos, aliadas e aliados, a contribu\u00edrem conforme suas possibilidades. Toda ajuda importa. E, quando n\u00e3o for poss\u00edvel contribuir financeiramente, compartilhar tamb\u00e9m \u00e9 um ato pol\u00edtico de cuidado.<\/p><p>\ud83d\udccc PIX para contribui\u00e7\u00e3o:<br \/>199.174.787-01<br \/>Respons\u00e1vel: Geisa Laurentino (m\u00e3e do atleta)<\/p><p>Que Arthur leve para a Irlanda n\u00e3o apenas um kimono, mas a for\u00e7a de uma comunidade que n\u00e3o abandona seus filhos.<\/p><p>Quando um avan\u00e7a, avan\u00e7amos juntos.<\/p><p>M\u00e1rcio Madeira \u2234<br \/>Portal Coisas de Gente Preta. Informa\u00e7\u00e3o, consci\u00eancia racial e compromisso pol\u00edtico.<\/p>\t\t\t\t\t\t\t\t<\/div>\n\t\t\t\t<\/div>\n\t\t\t\t<\/div>\n\t\t\t\t\t<\/div>\n\t\t\t\t<\/div>\n\t\t\t\t<\/div>\n\t\t","protected":false},"excerpt":{"rendered":"<p>Quando um menino preto avan\u00e7a, \u00e9 a comunidade que caminha junto Nesta sexta-feira, nosso editorial se volta para um gesto concreto de solidariedade e compromisso com o futuro da nossa juventude. O Instituto Coisas de Gente Preta se soma \u00e0 campanha em apoio a Arthur Fernandes, jovem preto de 12 anos, morador de Mesquita (RJ), &hellip;<\/p>\n<p class=\"read-more\"> <a class=\"\" href=\"https:\/\/coisasdegentepreta.com.br\/index.php\/quando-um-menino-preto-avanca-e-a-comunidade-que-caminha-junto\/\"> <span class=\"screen-reader-text\">Quando um menino preto avan\u00e7a, \u00e9 a comunidade que caminha junto<\/span> Read More &raquo;<\/a><\/p>\n","protected":false},"author":1,"featured_media":0,"parent":0,"menu_order":0,"comment_status":"closed","ping_status":"closed","template":"","meta":{"site-sidebar-layout":"no-sidebar","site-content-layout":"","ast-site-content-layout":"full-width-container","site-content-style":"default","site-sidebar-style":"default","ast-global-header-display":"","ast-banner-title-visibility":"","ast-main-header-display":"","ast-hfb-above-header-display":"","ast-hfb-below-header-display":"","ast-hfb-mobile-header-display":"","site-post-title":"disabled","ast-breadcrumbs-content":"","ast-featured-img":"disabled","footer-sml-layout":"","theme-transparent-header-meta":"","adv-header-id-meta":"","stick-header-meta":"","header-above-stick-meta":"","header-main-stick-meta":"","header-below-stick-meta":"","astra-migrate-meta-layouts":"default","ast-page-background-enabled":"default","ast-page-background-meta":{"desktop":{"background-color":"var(--ast-global-color-4)","background-image":"","background-repeat":"repeat","background-position":"center center","background-size":"auto","background-attachment":"scroll","background-type":"","background-media":"","overlay-type":"","overlay-color":"","overlay-gradient":""},"tablet":{"background-color":"","background-image":"","background-repeat":"repeat","background-position":"center center","background-size":"auto","background-attachment":"scroll","background-type":"","background-media":"","overlay-type":"","overlay-color":"","overlay-gradient":""},"mobile":{"background-color":"","background-image":"","background-repeat":"repeat","background-position":"center center","background-size":"auto","background-attachment":"scroll","background-type":"","background-media":"","overlay-type":"","overlay-color":"","overlay-gradient":""}},"ast-content-background-meta":{"desktop":{"background-color":"var(--ast-global-color-5)","background-image":"","background-repeat":"repeat","background-position":"center center","background-size":"auto","background-attachment":"scroll","background-type":"","background-media":"","overlay-type":"","overlay-color":"","overlay-gradient":""},"tablet":{"background-color":"var(--ast-global-color-5)","background-image":"","background-repeat":"repeat","background-position":"center center","background-size":"auto","background-attachment":"scroll","background-type":"","background-media":"","overlay-type":"","overlay-color":"","overlay-gradient":""},"mobile":{"background-color":"var(--ast-global-color-5)","background-image":"","background-repeat":"repeat","background-position":"center center","background-size":"auto","background-attachment":"scroll","background-type":"","background-media":"","overlay-type":"","overlay-color":"","overlay-gradient":""}},"footnotes":""},"class_list":["post-7830","page","type-page","status-publish","hentry"],"yoast_head":"<!-- This site is optimized with the Yoast SEO plugin v24.2 - https:\/\/yoast.com\/wordpress\/plugins\/seo\/ -->\n<title>Quando um menino preto avan\u00e7a, \u00e9 a comunidade que caminha junto -<\/title>\n<meta name=\"robots\" content=\"index, follow, max-snippet:-1, max-image-preview:large, max-video-preview:-1\" \/>\n<link rel=\"canonical\" href=\"https:\/\/coisasdegentepreta.com.br\/index.php\/quando-um-menino-preto-avanca-e-a-comunidade-que-caminha-junto\/\" \/>\n<meta property=\"og:locale\" content=\"en_US\" \/>\n<meta property=\"og:type\" content=\"article\" \/>\n<meta property=\"og:title\" content=\"Quando um menino preto avan\u00e7a, \u00e9 a comunidade que caminha junto -\" \/>\n<meta property=\"og:description\" content=\"Quando um menino preto avan\u00e7a, \u00e9 a comunidade que caminha junto Nesta sexta-feira, nosso editorial se volta para um gesto concreto de solidariedade e compromisso com o futuro da nossa juventude. O Instituto Coisas de Gente Preta se soma \u00e0 campanha em apoio a Arthur Fernandes, jovem preto de 12 anos, morador de Mesquita (RJ), &hellip; Quando um menino preto avan\u00e7a, \u00e9 a comunidade que caminha junto Read More &raquo;\" \/>\n<meta property=\"og:url\" content=\"https:\/\/coisasdegentepreta.com.br\/index.php\/quando-um-menino-preto-avanca-e-a-comunidade-que-caminha-junto\/\" \/>\n<meta property=\"article:publisher\" content=\"https:\/\/facebook.com\/cmmcomcoisasdegente\" \/>\n<meta property=\"article:modified_time\" content=\"2026-01-28T02:19:05+00:00\" \/>\n<meta property=\"og:image\" content=\"https:\/\/coisasdegentepreta.com.br\/wp-content\/uploads\/2026\/01\/WhatsApp-Image-2026-01-27-at-15.34.43.jpeg\" \/>\n\t<meta property=\"og:image:width\" content=\"1536\" \/>\n\t<meta property=\"og:image:height\" content=\"1024\" \/>\n\t<meta property=\"og:image:type\" content=\"image\/jpeg\" \/>\n<meta name=\"twitter:card\" content=\"summary_large_image\" \/>\n<meta name=\"twitter:site\" content=\"@cmmcomcoisasdegente\" \/>\n<meta name=\"twitter:label1\" content=\"Est. reading time\" \/>\n\t<meta name=\"twitter:data1\" content=\"2 minutes\" \/>\n<script type=\"application\/ld+json\" class=\"yoast-schema-graph\">{\"@context\":\"https:\/\/schema.org\",\"@graph\":[{\"@type\":\"WebPage\",\"@id\":\"https:\/\/coisasdegentepreta.com.br\/index.php\/quando-um-menino-preto-avanca-e-a-comunidade-que-caminha-junto\/\",\"url\":\"https:\/\/coisasdegentepreta.com.br\/index.php\/quando-um-menino-preto-avanca-e-a-comunidade-que-caminha-junto\/\",\"name\":\"Quando um menino preto avan\u00e7a, \u00e9 a comunidade que caminha junto -\",\"isPartOf\":{\"@id\":\"https:\/\/coisasdegentepreta.com.br\/#website\"},\"primaryImageOfPage\":{\"@id\":\"https:\/\/coisasdegentepreta.com.br\/index.php\/quando-um-menino-preto-avanca-e-a-comunidade-que-caminha-junto\/#primaryimage\"},\"image\":{\"@id\":\"https:\/\/coisasdegentepreta.com.br\/index.php\/quando-um-menino-preto-avanca-e-a-comunidade-que-caminha-junto\/#primaryimage\"},\"thumbnailUrl\":\"https:\/\/coisasdegentepreta.com.br\/wp-content\/uploads\/2026\/01\/WhatsApp-Image-2026-01-27-at-15.34.43.jpeg\",\"datePublished\":\"2026-01-28T02:17:42+00:00\",\"dateModified\":\"2026-01-28T02:19:05+00:00\",\"breadcrumb\":{\"@id\":\"https:\/\/coisasdegentepreta.com.br\/index.php\/quando-um-menino-preto-avanca-e-a-comunidade-que-caminha-junto\/#breadcrumb\"},\"inLanguage\":\"en-US\",\"potentialAction\":[{\"@type\":\"ReadAction\",\"target\":[\"https:\/\/coisasdegentepreta.com.br\/index.php\/quando-um-menino-preto-avanca-e-a-comunidade-que-caminha-junto\/\"]}]},{\"@type\":\"ImageObject\",\"inLanguage\":\"en-US\",\"@id\":\"https:\/\/coisasdegentepreta.com.br\/index.php\/quando-um-menino-preto-avanca-e-a-comunidade-que-caminha-junto\/#primaryimage\",\"url\":\"https:\/\/coisasdegentepreta.com.br\/wp-content\/uploads\/2026\/01\/WhatsApp-Image-2026-01-27-at-15.34.43.jpeg\",\"contentUrl\":\"https:\/\/coisasdegentepreta.com.br\/wp-content\/uploads\/2026\/01\/WhatsApp-Image-2026-01-27-at-15.34.43.jpeg\",\"width\":1536,\"height\":1024},{\"@type\":\"BreadcrumbList\",\"@id\":\"https:\/\/coisasdegentepreta.com.br\/index.php\/quando-um-menino-preto-avanca-e-a-comunidade-que-caminha-junto\/#breadcrumb\",\"itemListElement\":[{\"@type\":\"ListItem\",\"position\":1,\"name\":\"ECMM\",\"item\":\"https:\/\/coisasdegentepreta.com.br\/\"},{\"@type\":\"ListItem\",\"position\":2,\"name\":\"Quando um menino preto avan\u00e7a, \u00e9 a comunidade que caminha junto\"}]},{\"@type\":\"WebSite\",\"@id\":\"https:\/\/coisasdegentepreta.com.br\/#website\",\"url\":\"https:\/\/coisasdegentepreta.com.br\/\",\"name\":\"https:\/\/coisasdegentepreta.com.br\",\"description\":\"\",\"publisher\":{\"@id\":\"https:\/\/coisasdegentepreta.com.br\/#organization\"},\"potentialAction\":[{\"@type\":\"SearchAction\",\"target\":{\"@type\":\"EntryPoint\",\"urlTemplate\":\"https:\/\/coisasdegentepreta.com.br\/?s={search_term_string}\"},\"query-input\":{\"@type\":\"PropertyValueSpecification\",\"valueRequired\":true,\"valueName\":\"search_term_string\"}}],\"inLanguage\":\"en-US\"},{\"@type\":\"Organization\",\"@id\":\"https:\/\/coisasdegentepreta.com.br\/#organization\",\"name\":\"Espa\u00e7o de Capacita\u00e7\u00e3o M\u00e1rcio Madeira RJ\",\"url\":\"https:\/\/coisasdegentepreta.com.br\/\",\"logo\":{\"@type\":\"ImageObject\",\"inLanguage\":\"en-US\",\"@id\":\"https:\/\/coisasdegentepreta.com.br\/#\/schema\/logo\/image\/\",\"url\":\"https:\/\/coisasdegentepreta.com.br\/wp-content\/uploads\/2023\/12\/logo-2.png\",\"contentUrl\":\"https:\/\/coisasdegentepreta.com.br\/wp-content\/uploads\/2023\/12\/logo-2.png\",\"width\":2064,\"height\":1021,\"caption\":\"Espa\u00e7o de Capacita\u00e7\u00e3o M\u00e1rcio Madeira RJ\"},\"image\":{\"@id\":\"https:\/\/coisasdegentepreta.com.br\/#\/schema\/logo\/image\/\"},\"sameAs\":[\"https:\/\/facebook.com\/cmmcomcoisasdegente\",\"https:\/\/x.com\/cmmcomcoisasdegente\",\"https:\/\/instagram.com\/cmmcomcoisasdegente\"]}]}<\/script>\n<!-- \/ Yoast SEO plugin. -->","yoast_head_json":{"title":"Quando um menino preto avan\u00e7a, \u00e9 a comunidade que caminha junto -","robots":{"index":"index","follow":"follow","max-snippet":"max-snippet:-1","max-image-preview":"max-image-preview:large","max-video-preview":"max-video-preview:-1"},"canonical":"https:\/\/coisasdegentepreta.com.br\/index.php\/quando-um-menino-preto-avanca-e-a-comunidade-que-caminha-junto\/","og_locale":"en_US","og_type":"article","og_title":"Quando um menino preto avan\u00e7a, \u00e9 a comunidade que caminha junto -","og_description":"Quando um menino preto avan\u00e7a, \u00e9 a comunidade que caminha junto Nesta sexta-feira, nosso editorial se volta para um gesto concreto de solidariedade e compromisso com o futuro da nossa juventude. O Instituto Coisas de Gente Preta se soma \u00e0 campanha em apoio a Arthur Fernandes, jovem preto de 12 anos, morador de Mesquita (RJ), &hellip; Quando um menino preto avan\u00e7a, \u00e9 a comunidade que caminha junto Read More &raquo;","og_url":"https:\/\/coisasdegentepreta.com.br\/index.php\/quando-um-menino-preto-avanca-e-a-comunidade-que-caminha-junto\/","article_publisher":"https:\/\/facebook.com\/cmmcomcoisasdegente","article_modified_time":"2026-01-28T02:19:05+00:00","og_image":[{"width":1536,"height":1024,"url":"https:\/\/coisasdegentepreta.com.br\/wp-content\/uploads\/2026\/01\/WhatsApp-Image-2026-01-27-at-15.34.43.jpeg","type":"image\/jpeg"}],"twitter_card":"summary_large_image","twitter_site":"@cmmcomcoisasdegente","twitter_misc":{"Est. reading time":"2 minutes"},"schema":{"@context":"https:\/\/schema.org","@graph":[{"@type":"WebPage","@id":"https:\/\/coisasdegentepreta.com.br\/index.php\/quando-um-menino-preto-avanca-e-a-comunidade-que-caminha-junto\/","url":"https:\/\/coisasdegentepreta.com.br\/index.php\/quando-um-menino-preto-avanca-e-a-comunidade-que-caminha-junto\/","name":"Quando um menino preto avan\u00e7a, \u00e9 a comunidade que caminha junto -","isPartOf":{"@id":"https:\/\/coisasdegentepreta.com.br\/#website"},"primaryImageOfPage":{"@id":"https:\/\/coisasdegentepreta.com.br\/index.php\/quando-um-menino-preto-avanca-e-a-comunidade-que-caminha-junto\/#primaryimage"},"image":{"@id":"https:\/\/coisasdegentepreta.com.br\/index.php\/quando-um-menino-preto-avanca-e-a-comunidade-que-caminha-junto\/#primaryimage"},"thumbnailUrl":"https:\/\/coisasdegentepreta.com.br\/wp-content\/uploads\/2026\/01\/WhatsApp-Image-2026-01-27-at-15.34.43.jpeg","datePublished":"2026-01-28T02:17:42+00:00","dateModified":"2026-01-28T02:19:05+00:00","breadcrumb":{"@id":"https:\/\/coisasdegentepreta.com.br\/index.php\/quando-um-menino-preto-avanca-e-a-comunidade-que-caminha-junto\/#breadcrumb"},"inLanguage":"en-US","potentialAction":[{"@type":"ReadAction","target":["https:\/\/coisasdegentepreta.com.br\/index.php\/quando-um-menino-preto-avanca-e-a-comunidade-que-caminha-junto\/"]}]},{"@type":"ImageObject","inLanguage":"en-US","@id":"https:\/\/coisasdegentepreta.com.br\/index.php\/quando-um-menino-preto-avanca-e-a-comunidade-que-caminha-junto\/#primaryimage","url":"https:\/\/coisasdegentepreta.com.br\/wp-content\/uploads\/2026\/01\/WhatsApp-Image-2026-01-27-at-15.34.43.jpeg","contentUrl":"https:\/\/coisasdegentepreta.com.br\/wp-content\/uploads\/2026\/01\/WhatsApp-Image-2026-01-27-at-15.34.43.jpeg","width":1536,"height":1024},{"@type":"BreadcrumbList","@id":"https:\/\/coisasdegentepreta.com.br\/index.php\/quando-um-menino-preto-avanca-e-a-comunidade-que-caminha-junto\/#breadcrumb","itemListElement":[{"@type":"ListItem","position":1,"name":"ECMM","item":"https:\/\/coisasdegentepreta.com.br\/"},{"@type":"ListItem","position":2,"name":"Quando um menino preto avan\u00e7a, \u00e9 a comunidade que caminha junto"}]},{"@type":"WebSite","@id":"https:\/\/coisasdegentepreta.com.br\/#website","url":"https:\/\/coisasdegentepreta.com.br\/","name":"https:\/\/coisasdegentepreta.com.br","description":"","publisher":{"@id":"https:\/\/coisasdegentepreta.com.br\/#organization"},"potentialAction":[{"@type":"SearchAction","target":{"@type":"EntryPoint","urlTemplate":"https:\/\/coisasdegentepreta.com.br\/?s={search_term_string}"},"query-input":{"@type":"PropertyValueSpecification","valueRequired":true,"valueName":"search_term_string"}}],"inLanguage":"en-US"},{"@type":"Organization","@id":"https:\/\/coisasdegentepreta.com.br\/#organization","name":"Espa\u00e7o de Capacita\u00e7\u00e3o M\u00e1rcio Madeira RJ","url":"https:\/\/coisasdegentepreta.com.br\/","logo":{"@type":"ImageObject","inLanguage":"en-US","@id":"https:\/\/coisasdegentepreta.com.br\/#\/schema\/logo\/image\/","url":"https:\/\/coisasdegentepreta.com.br\/wp-content\/uploads\/2023\/12\/logo-2.png","contentUrl":"https:\/\/coisasdegentepreta.com.br\/wp-content\/uploads\/2023\/12\/logo-2.png","width":2064,"height":1021,"caption":"Espa\u00e7o de Capacita\u00e7\u00e3o M\u00e1rcio Madeira RJ"},"image":{"@id":"https:\/\/coisasdegentepreta.com.br\/#\/schema\/logo\/image\/"},"sameAs":["https:\/\/facebook.com\/cmmcomcoisasdegente","https:\/\/x.com\/cmmcomcoisasdegente","https:\/\/instagram.com\/cmmcomcoisasdegente"]}]}},"_links":{"self":[{"href":"https:\/\/coisasdegentepreta.com.br\/index.php\/wp-json\/wp\/v2\/pages\/7830","targetHints":{"allow":["GET"]}}],"collection":[{"href":"https:\/\/coisasdegentepreta.com.br\/index.php\/wp-json\/wp\/v2\/pages"}],"about":[{"href":"https:\/\/coisasdegentepreta.com.br\/index.php\/wp-json\/wp\/v2\/types\/page"}],"author":[{"embeddable":true,"href":"https:\/\/coisasdegentepreta.com.br\/index.php\/wp-json\/wp\/v2\/users\/1"}],"replies":[{"embeddable":true,"href":"https:\/\/coisasdegentepreta.com.br\/index.php\/wp-json\/wp\/v2\/comments?post=7830"}],"version-history":[{"count":4,"href":"https:\/\/coisasdegentepreta.com.br\/index.php\/wp-json\/wp\/v2\/pages\/7830\/revisions"}],"predecessor-version":[{"id":7835,"href":"https:\/\/coisasdegentepreta.com.br\/index.php\/wp-json\/wp\/v2\/pages\/7830\/revisions\/7835"}],"wp:attachment":[{"href":"https:\/\/coisasdegentepreta.com.br\/index.php\/wp-json\/wp\/v2\/media?parent=7830"}],"curies":[{"name":"wp","href":"https:\/\/api.w.org\/{rel}","templated":true}]}}