{"id":7810,"date":"2026-01-26T00:13:18","date_gmt":"2026-01-26T03:13:18","guid":{"rendered":"https:\/\/coisasdegentepreta.com.br\/?page_id=7810"},"modified":"2026-01-26T00:14:22","modified_gmt":"2026-01-26T03:14:22","slug":"diplomacia-segue-sem-rostos-negros","status":"publish","type":"page","link":"https:\/\/coisasdegentepreta.com.br\/index.php\/diplomacia-segue-sem-rostos-negros\/","title":{"rendered":"Diplomacia segue sem rostos negros"},"content":{"rendered":"\t\t<div data-elementor-type=\"wp-page\" data-elementor-id=\"7810\" class=\"elementor elementor-7810\">\n\t\t\t\t<div class=\"elementor-element elementor-element-18118c1 e-flex e-con-boxed e-con e-parent\" data-id=\"18118c1\" data-element_type=\"container\" data-settings=\"{&quot;background_background&quot;:&quot;classic&quot;}\">\n\t\t\t\t\t<div class=\"e-con-inner\">\n\t\t<div class=\"elementor-element elementor-element-78847e8 e-con-full e-flex e-con e-child\" data-id=\"78847e8\" data-element_type=\"container\" data-settings=\"{&quot;background_background&quot;:&quot;classic&quot;}\">\n\t\t\t\t<div class=\"elementor-element elementor-element-261e9e9 elementor-widget elementor-widget-image\" data-id=\"261e9e9\" data-element_type=\"widget\" data-widget_type=\"image.default\">\n\t\t\t\t<div class=\"elementor-widget-container\">\n\t\t\t\t\t\t\t\t\t\t\t\t\t\t\t<img fetchpriority=\"high\" decoding=\"async\" width=\"1280\" height=\"853\" src=\"https:\/\/coisasdegentepreta.com.br\/wp-content\/uploads\/2026\/01\/WhatsApp-Image-2026-01-25-at-14.00.19.jpeg\" class=\"attachment-full size-full wp-image-7812\" alt=\"\" srcset=\"https:\/\/coisasdegentepreta.com.br\/wp-content\/uploads\/2026\/01\/WhatsApp-Image-2026-01-25-at-14.00.19.jpeg 1280w, https:\/\/coisasdegentepreta.com.br\/wp-content\/uploads\/2026\/01\/WhatsApp-Image-2026-01-25-at-14.00.19-300x200.jpeg 300w, https:\/\/coisasdegentepreta.com.br\/wp-content\/uploads\/2026\/01\/WhatsApp-Image-2026-01-25-at-14.00.19-1024x682.jpeg 1024w, https:\/\/coisasdegentepreta.com.br\/wp-content\/uploads\/2026\/01\/WhatsApp-Image-2026-01-25-at-14.00.19-768x512.jpeg 768w, https:\/\/coisasdegentepreta.com.br\/wp-content\/uploads\/2026\/01\/WhatsApp-Image-2026-01-25-at-14.00.19-600x400.jpeg 600w\" sizes=\"(max-width: 1280px) 100vw, 1280px\" \/>\t\t\t\t\t\t\t\t\t\t\t\t\t\t\t<\/div>\n\t\t\t\t<\/div>\n\t\t\t\t<\/div>\n\t\t<div class=\"elementor-element elementor-element-1d8ca4a e-con-full e-flex e-con e-child\" data-id=\"1d8ca4a\" data-element_type=\"container\" data-settings=\"{&quot;background_background&quot;:&quot;classic&quot;}\">\n\t\t\t\t<div class=\"elementor-element elementor-element-4003567 elementor-widget elementor-widget-heading\" data-id=\"4003567\" data-element_type=\"widget\" data-widget_type=\"heading.default\">\n\t\t\t\t<div class=\"elementor-widget-container\">\n\t\t\t\t\t<h2 class=\"elementor-heading-title elementor-size-default\">Diplomacia, For\u00e7as Armadas e universidade: o poder institucional segue sem rostos negros<\/h2>\t\t\t\t<\/div>\n\t\t\t\t<\/div>\n\t\t\t\t<div class=\"elementor-element elementor-element-d26f2da elementor-widget elementor-widget-text-editor\" data-id=\"d26f2da\" data-element_type=\"widget\" data-widget_type=\"text-editor.default\">\n\t\t\t\t<div class=\"elementor-widget-container\">\n\t\t\t\t\t\t\t\t\t<p>Mesmo representando cerca de 55% da popula\u00e7\u00e3o brasileira, pessoas negras continuam afastadas dos espa\u00e7os mais altos do Estado. No Minist\u00e9rio das Rela\u00e7\u00f5es Exteriores, apenas 15,7% dos diplomatas se autodeclaram negros, e menos de 5% das chefias no exterior s\u00e3o ocupadas por profissionais negros.<\/p><p>A mesma l\u00f3gica se repete nas For\u00e7as Armadas. A presen\u00e7a de homens negros nos postos de comando da Marinha do Brasil \u00e9 rara, e a chegada a cargos de oficiais-generais permanece exce\u00e7\u00e3o, evidenciando barreiras hist\u00f3ricas de acesso e progress\u00e3o. Situa\u00e7\u00e3o semelhante \u00e9 observada tamb\u00e9m na Aeron\u00e1utica.<\/p><p>No campo acad\u00eamico, o padr\u00e3o n\u00e3o \u00e9 diferente. Recentemente, uma professora negra, doutora, aprovada em concurso p\u00fablico para universidade federal, teve sua nomea\u00e7\u00e3o destitu\u00edda mesmo ap\u00f3s cumprir todas as etapas legais. O caso exp\u00f4s como, mesmo quando o acesso \u00e9 conquistado por m\u00e9rito, a perman\u00eancia de pessoas negras em espa\u00e7os de prest\u00edgio institucional segue sob constante questionamento.<\/p><p>Os epis\u00f3dios revelam um mesmo tra\u00e7o: a exclus\u00e3o n\u00e3o \u00e9 acidental, \u00e9 estrutural. A indigna\u00e7\u00e3o p\u00fablica pode at\u00e9 surgir, mas, quando ela passa, o sistema permanece funcionando como sempre funcionou.<\/p><p>Fonte: dados oficiais do MRE, pesquisas do OBPopRua e registros p\u00fablicos<\/p><p><br \/>M\u00e1rcio Madeira \u2234<br \/>Portal Coisas de Gente Preta<\/p>\t\t\t\t\t\t\t\t<\/div>\n\t\t\t\t<\/div>\n\t\t\t\t<\/div>\n\t\t\t\t\t<\/div>\n\t\t\t\t<\/div>\n\t\t\t\t<\/div>\n\t\t","protected":false},"excerpt":{"rendered":"<p>Diplomacia, For\u00e7as Armadas e universidade: o poder institucional segue sem rostos negros Mesmo representando cerca de 55% da popula\u00e7\u00e3o brasileira, pessoas negras continuam afastadas dos espa\u00e7os mais altos do Estado. No Minist\u00e9rio das Rela\u00e7\u00f5es Exteriores, apenas 15,7% dos diplomatas se autodeclaram negros, e menos de 5% das chefias no exterior s\u00e3o ocupadas por profissionais negros. &hellip;<\/p>\n<p class=\"read-more\"> <a class=\"\" href=\"https:\/\/coisasdegentepreta.com.br\/index.php\/diplomacia-segue-sem-rostos-negros\/\"> <span class=\"screen-reader-text\">Diplomacia segue sem rostos negros<\/span> Read More &raquo;<\/a><\/p>\n","protected":false},"author":1,"featured_media":0,"parent":0,"menu_order":0,"comment_status":"closed","ping_status":"closed","template":"","meta":{"site-sidebar-layout":"no-sidebar","site-content-layout":"","ast-site-content-layout":"full-width-container","site-content-style":"default","site-sidebar-style":"default","ast-global-header-display":"","ast-banner-title-visibility":"","ast-main-header-display":"","ast-hfb-above-header-display":"","ast-hfb-below-header-display":"","ast-hfb-mobile-header-display":"","site-post-title":"disabled","ast-breadcrumbs-content":"","ast-featured-img":"disabled","footer-sml-layout":"","theme-transparent-header-meta":"","adv-header-id-meta":"","stick-header-meta":"","header-above-stick-meta":"","header-main-stick-meta":"","header-below-stick-meta":"","astra-migrate-meta-layouts":"default","ast-page-background-enabled":"default","ast-page-background-meta":{"desktop":{"background-color":"var(--ast-global-color-4)","background-image":"","background-repeat":"repeat","background-position":"center center","background-size":"auto","background-attachment":"scroll","background-type":"","background-media":"","overlay-type":"","overlay-color":"","overlay-gradient":""},"tablet":{"background-color":"","background-image":"","background-repeat":"repeat","background-position":"center center","background-size":"auto","background-attachment":"scroll","background-type":"","background-media":"","overlay-type":"","overlay-color":"","overlay-gradient":""},"mobile":{"background-color":"","background-image":"","background-repeat":"repeat","background-position":"center center","background-size":"auto","background-attachment":"scroll","background-type":"","background-media":"","overlay-type":"","overlay-color":"","overlay-gradient":""}},"ast-content-background-meta":{"desktop":{"background-color":"var(--ast-global-color-5)","background-image":"","background-repeat":"repeat","background-position":"center center","background-size":"auto","background-attachment":"scroll","background-type":"","background-media":"","overlay-type":"","overlay-color":"","overlay-gradient":""},"tablet":{"background-color":"var(--ast-global-color-5)","background-image":"","background-repeat":"repeat","background-position":"center center","background-size":"auto","background-attachment":"scroll","background-type":"","background-media":"","overlay-type":"","overlay-color":"","overlay-gradient":""},"mobile":{"background-color":"var(--ast-global-color-5)","background-image":"","background-repeat":"repeat","background-position":"center center","background-size":"auto","background-attachment":"scroll","background-type":"","background-media":"","overlay-type":"","overlay-color":"","overlay-gradient":""}},"footnotes":""},"class_list":["post-7810","page","type-page","status-publish","hentry"],"yoast_head":"<!-- This site is optimized with the Yoast SEO plugin v24.2 - https:\/\/yoast.com\/wordpress\/plugins\/seo\/ -->\n<title>Diplomacia segue sem rostos negros -<\/title>\n<meta name=\"robots\" content=\"index, follow, max-snippet:-1, max-image-preview:large, max-video-preview:-1\" \/>\n<link rel=\"canonical\" href=\"https:\/\/coisasdegentepreta.com.br\/index.php\/diplomacia-segue-sem-rostos-negros\/\" \/>\n<meta property=\"og:locale\" content=\"en_US\" \/>\n<meta property=\"og:type\" content=\"article\" \/>\n<meta property=\"og:title\" content=\"Diplomacia segue sem rostos negros -\" \/>\n<meta property=\"og:description\" content=\"Diplomacia, For\u00e7as Armadas e universidade: o poder institucional segue sem rostos negros Mesmo representando cerca de 55% da popula\u00e7\u00e3o brasileira, pessoas negras continuam afastadas dos espa\u00e7os mais altos do Estado. No Minist\u00e9rio das Rela\u00e7\u00f5es Exteriores, apenas 15,7% dos diplomatas se autodeclaram negros, e menos de 5% das chefias no exterior s\u00e3o ocupadas por profissionais negros. &hellip; Diplomacia segue sem rostos negros Read More &raquo;\" \/>\n<meta property=\"og:url\" content=\"https:\/\/coisasdegentepreta.com.br\/index.php\/diplomacia-segue-sem-rostos-negros\/\" \/>\n<meta property=\"article:publisher\" content=\"https:\/\/facebook.com\/cmmcomcoisasdegente\" \/>\n<meta property=\"article:modified_time\" content=\"2026-01-26T03:14:22+00:00\" \/>\n<meta property=\"og:image\" content=\"https:\/\/coisasdegentepreta.com.br\/wp-content\/uploads\/2026\/01\/WhatsApp-Image-2026-01-25-at-14.00.19.jpeg\" \/>\n\t<meta property=\"og:image:width\" content=\"1280\" \/>\n\t<meta property=\"og:image:height\" content=\"853\" \/>\n\t<meta property=\"og:image:type\" content=\"image\/jpeg\" \/>\n<meta name=\"twitter:card\" content=\"summary_large_image\" \/>\n<meta name=\"twitter:site\" content=\"@cmmcomcoisasdegente\" \/>\n<meta name=\"twitter:label1\" content=\"Est. reading time\" \/>\n\t<meta name=\"twitter:data1\" content=\"2 minutes\" \/>\n<script type=\"application\/ld+json\" class=\"yoast-schema-graph\">{\"@context\":\"https:\/\/schema.org\",\"@graph\":[{\"@type\":\"WebPage\",\"@id\":\"https:\/\/coisasdegentepreta.com.br\/index.php\/diplomacia-segue-sem-rostos-negros\/\",\"url\":\"https:\/\/coisasdegentepreta.com.br\/index.php\/diplomacia-segue-sem-rostos-negros\/\",\"name\":\"Diplomacia segue sem rostos negros -\",\"isPartOf\":{\"@id\":\"https:\/\/coisasdegentepreta.com.br\/#website\"},\"primaryImageOfPage\":{\"@id\":\"https:\/\/coisasdegentepreta.com.br\/index.php\/diplomacia-segue-sem-rostos-negros\/#primaryimage\"},\"image\":{\"@id\":\"https:\/\/coisasdegentepreta.com.br\/index.php\/diplomacia-segue-sem-rostos-negros\/#primaryimage\"},\"thumbnailUrl\":\"https:\/\/coisasdegentepreta.com.br\/wp-content\/uploads\/2026\/01\/WhatsApp-Image-2026-01-25-at-14.00.19.jpeg\",\"datePublished\":\"2026-01-26T03:13:18+00:00\",\"dateModified\":\"2026-01-26T03:14:22+00:00\",\"breadcrumb\":{\"@id\":\"https:\/\/coisasdegentepreta.com.br\/index.php\/diplomacia-segue-sem-rostos-negros\/#breadcrumb\"},\"inLanguage\":\"en-US\",\"potentialAction\":[{\"@type\":\"ReadAction\",\"target\":[\"https:\/\/coisasdegentepreta.com.br\/index.php\/diplomacia-segue-sem-rostos-negros\/\"]}]},{\"@type\":\"ImageObject\",\"inLanguage\":\"en-US\",\"@id\":\"https:\/\/coisasdegentepreta.com.br\/index.php\/diplomacia-segue-sem-rostos-negros\/#primaryimage\",\"url\":\"https:\/\/coisasdegentepreta.com.br\/wp-content\/uploads\/2026\/01\/WhatsApp-Image-2026-01-25-at-14.00.19.jpeg\",\"contentUrl\":\"https:\/\/coisasdegentepreta.com.br\/wp-content\/uploads\/2026\/01\/WhatsApp-Image-2026-01-25-at-14.00.19.jpeg\",\"width\":1280,\"height\":853},{\"@type\":\"BreadcrumbList\",\"@id\":\"https:\/\/coisasdegentepreta.com.br\/index.php\/diplomacia-segue-sem-rostos-negros\/#breadcrumb\",\"itemListElement\":[{\"@type\":\"ListItem\",\"position\":1,\"name\":\"ECMM\",\"item\":\"https:\/\/coisasdegentepreta.com.br\/\"},{\"@type\":\"ListItem\",\"position\":2,\"name\":\"Diplomacia segue sem rostos negros\"}]},{\"@type\":\"WebSite\",\"@id\":\"https:\/\/coisasdegentepreta.com.br\/#website\",\"url\":\"https:\/\/coisasdegentepreta.com.br\/\",\"name\":\"https:\/\/coisasdegentepreta.com.br\",\"description\":\"\",\"publisher\":{\"@id\":\"https:\/\/coisasdegentepreta.com.br\/#organization\"},\"potentialAction\":[{\"@type\":\"SearchAction\",\"target\":{\"@type\":\"EntryPoint\",\"urlTemplate\":\"https:\/\/coisasdegentepreta.com.br\/?s={search_term_string}\"},\"query-input\":{\"@type\":\"PropertyValueSpecification\",\"valueRequired\":true,\"valueName\":\"search_term_string\"}}],\"inLanguage\":\"en-US\"},{\"@type\":\"Organization\",\"@id\":\"https:\/\/coisasdegentepreta.com.br\/#organization\",\"name\":\"Espa\u00e7o de Capacita\u00e7\u00e3o M\u00e1rcio Madeira RJ\",\"url\":\"https:\/\/coisasdegentepreta.com.br\/\",\"logo\":{\"@type\":\"ImageObject\",\"inLanguage\":\"en-US\",\"@id\":\"https:\/\/coisasdegentepreta.com.br\/#\/schema\/logo\/image\/\",\"url\":\"https:\/\/coisasdegentepreta.com.br\/wp-content\/uploads\/2023\/12\/logo-2.png\",\"contentUrl\":\"https:\/\/coisasdegentepreta.com.br\/wp-content\/uploads\/2023\/12\/logo-2.png\",\"width\":2064,\"height\":1021,\"caption\":\"Espa\u00e7o de Capacita\u00e7\u00e3o M\u00e1rcio Madeira RJ\"},\"image\":{\"@id\":\"https:\/\/coisasdegentepreta.com.br\/#\/schema\/logo\/image\/\"},\"sameAs\":[\"https:\/\/facebook.com\/cmmcomcoisasdegente\",\"https:\/\/x.com\/cmmcomcoisasdegente\",\"https:\/\/instagram.com\/cmmcomcoisasdegente\"]}]}<\/script>\n<!-- \/ Yoast SEO plugin. -->","yoast_head_json":{"title":"Diplomacia segue sem rostos negros -","robots":{"index":"index","follow":"follow","max-snippet":"max-snippet:-1","max-image-preview":"max-image-preview:large","max-video-preview":"max-video-preview:-1"},"canonical":"https:\/\/coisasdegentepreta.com.br\/index.php\/diplomacia-segue-sem-rostos-negros\/","og_locale":"en_US","og_type":"article","og_title":"Diplomacia segue sem rostos negros -","og_description":"Diplomacia, For\u00e7as Armadas e universidade: o poder institucional segue sem rostos negros Mesmo representando cerca de 55% da popula\u00e7\u00e3o brasileira, pessoas negras continuam afastadas dos espa\u00e7os mais altos do Estado. No Minist\u00e9rio das Rela\u00e7\u00f5es Exteriores, apenas 15,7% dos diplomatas se autodeclaram negros, e menos de 5% das chefias no exterior s\u00e3o ocupadas por profissionais negros. &hellip; Diplomacia segue sem rostos negros Read More &raquo;","og_url":"https:\/\/coisasdegentepreta.com.br\/index.php\/diplomacia-segue-sem-rostos-negros\/","article_publisher":"https:\/\/facebook.com\/cmmcomcoisasdegente","article_modified_time":"2026-01-26T03:14:22+00:00","og_image":[{"width":1280,"height":853,"url":"https:\/\/coisasdegentepreta.com.br\/wp-content\/uploads\/2026\/01\/WhatsApp-Image-2026-01-25-at-14.00.19.jpeg","type":"image\/jpeg"}],"twitter_card":"summary_large_image","twitter_site":"@cmmcomcoisasdegente","twitter_misc":{"Est. reading time":"2 minutes"},"schema":{"@context":"https:\/\/schema.org","@graph":[{"@type":"WebPage","@id":"https:\/\/coisasdegentepreta.com.br\/index.php\/diplomacia-segue-sem-rostos-negros\/","url":"https:\/\/coisasdegentepreta.com.br\/index.php\/diplomacia-segue-sem-rostos-negros\/","name":"Diplomacia segue sem rostos negros -","isPartOf":{"@id":"https:\/\/coisasdegentepreta.com.br\/#website"},"primaryImageOfPage":{"@id":"https:\/\/coisasdegentepreta.com.br\/index.php\/diplomacia-segue-sem-rostos-negros\/#primaryimage"},"image":{"@id":"https:\/\/coisasdegentepreta.com.br\/index.php\/diplomacia-segue-sem-rostos-negros\/#primaryimage"},"thumbnailUrl":"https:\/\/coisasdegentepreta.com.br\/wp-content\/uploads\/2026\/01\/WhatsApp-Image-2026-01-25-at-14.00.19.jpeg","datePublished":"2026-01-26T03:13:18+00:00","dateModified":"2026-01-26T03:14:22+00:00","breadcrumb":{"@id":"https:\/\/coisasdegentepreta.com.br\/index.php\/diplomacia-segue-sem-rostos-negros\/#breadcrumb"},"inLanguage":"en-US","potentialAction":[{"@type":"ReadAction","target":["https:\/\/coisasdegentepreta.com.br\/index.php\/diplomacia-segue-sem-rostos-negros\/"]}]},{"@type":"ImageObject","inLanguage":"en-US","@id":"https:\/\/coisasdegentepreta.com.br\/index.php\/diplomacia-segue-sem-rostos-negros\/#primaryimage","url":"https:\/\/coisasdegentepreta.com.br\/wp-content\/uploads\/2026\/01\/WhatsApp-Image-2026-01-25-at-14.00.19.jpeg","contentUrl":"https:\/\/coisasdegentepreta.com.br\/wp-content\/uploads\/2026\/01\/WhatsApp-Image-2026-01-25-at-14.00.19.jpeg","width":1280,"height":853},{"@type":"BreadcrumbList","@id":"https:\/\/coisasdegentepreta.com.br\/index.php\/diplomacia-segue-sem-rostos-negros\/#breadcrumb","itemListElement":[{"@type":"ListItem","position":1,"name":"ECMM","item":"https:\/\/coisasdegentepreta.com.br\/"},{"@type":"ListItem","position":2,"name":"Diplomacia segue sem rostos negros"}]},{"@type":"WebSite","@id":"https:\/\/coisasdegentepreta.com.br\/#website","url":"https:\/\/coisasdegentepreta.com.br\/","name":"https:\/\/coisasdegentepreta.com.br","description":"","publisher":{"@id":"https:\/\/coisasdegentepreta.com.br\/#organization"},"potentialAction":[{"@type":"SearchAction","target":{"@type":"EntryPoint","urlTemplate":"https:\/\/coisasdegentepreta.com.br\/?s={search_term_string}"},"query-input":{"@type":"PropertyValueSpecification","valueRequired":true,"valueName":"search_term_string"}}],"inLanguage":"en-US"},{"@type":"Organization","@id":"https:\/\/coisasdegentepreta.com.br\/#organization","name":"Espa\u00e7o de Capacita\u00e7\u00e3o M\u00e1rcio Madeira RJ","url":"https:\/\/coisasdegentepreta.com.br\/","logo":{"@type":"ImageObject","inLanguage":"en-US","@id":"https:\/\/coisasdegentepreta.com.br\/#\/schema\/logo\/image\/","url":"https:\/\/coisasdegentepreta.com.br\/wp-content\/uploads\/2023\/12\/logo-2.png","contentUrl":"https:\/\/coisasdegentepreta.com.br\/wp-content\/uploads\/2023\/12\/logo-2.png","width":2064,"height":1021,"caption":"Espa\u00e7o de Capacita\u00e7\u00e3o M\u00e1rcio Madeira RJ"},"image":{"@id":"https:\/\/coisasdegentepreta.com.br\/#\/schema\/logo\/image\/"},"sameAs":["https:\/\/facebook.com\/cmmcomcoisasdegente","https:\/\/x.com\/cmmcomcoisasdegente","https:\/\/instagram.com\/cmmcomcoisasdegente"]}]}},"_links":{"self":[{"href":"https:\/\/coisasdegentepreta.com.br\/index.php\/wp-json\/wp\/v2\/pages\/7810","targetHints":{"allow":["GET"]}}],"collection":[{"href":"https:\/\/coisasdegentepreta.com.br\/index.php\/wp-json\/wp\/v2\/pages"}],"about":[{"href":"https:\/\/coisasdegentepreta.com.br\/index.php\/wp-json\/wp\/v2\/types\/page"}],"author":[{"embeddable":true,"href":"https:\/\/coisasdegentepreta.com.br\/index.php\/wp-json\/wp\/v2\/users\/1"}],"replies":[{"embeddable":true,"href":"https:\/\/coisasdegentepreta.com.br\/index.php\/wp-json\/wp\/v2\/comments?post=7810"}],"version-history":[{"count":4,"href":"https:\/\/coisasdegentepreta.com.br\/index.php\/wp-json\/wp\/v2\/pages\/7810\/revisions"}],"predecessor-version":[{"id":7815,"href":"https:\/\/coisasdegentepreta.com.br\/index.php\/wp-json\/wp\/v2\/pages\/7810\/revisions\/7815"}],"wp:attachment":[{"href":"https:\/\/coisasdegentepreta.com.br\/index.php\/wp-json\/wp\/v2\/media?parent=7810"}],"curies":[{"name":"wp","href":"https:\/\/api.w.org\/{rel}","templated":true}]}}