{"id":7753,"date":"2026-01-17T15:54:09","date_gmt":"2026-01-17T18:54:09","guid":{"rendered":"https:\/\/coisasdegentepreta.com.br\/?page_id=7753"},"modified":"2026-01-17T15:56:15","modified_gmt":"2026-01-17T18:56:15","slug":"eleicoes-2026-encruzilhada","status":"publish","type":"page","link":"https:\/\/coisasdegentepreta.com.br\/index.php\/eleicoes-2026-encruzilhada\/","title":{"rendered":"Elei\u00e7\u00f5es 2026: ENCRUZILHADA!"},"content":{"rendered":"\t\t<div data-elementor-type=\"wp-page\" data-elementor-id=\"7753\" class=\"elementor elementor-7753\">\n\t\t\t\t<div class=\"elementor-element elementor-element-cac705c e-flex e-con-boxed e-con e-parent\" data-id=\"cac705c\" data-element_type=\"container\" data-settings=\"{&quot;background_background&quot;:&quot;classic&quot;}\">\n\t\t\t\t\t<div class=\"e-con-inner\">\n\t\t<div class=\"elementor-element elementor-element-e3bf93f e-con-full e-flex e-con e-child\" data-id=\"e3bf93f\" data-element_type=\"container\" data-settings=\"{&quot;background_background&quot;:&quot;classic&quot;}\">\n\t\t\t\t<div class=\"elementor-element elementor-element-6613729 elementor-widget elementor-widget-image\" data-id=\"6613729\" data-element_type=\"widget\" data-widget_type=\"image.default\">\n\t\t\t\t<div class=\"elementor-widget-container\">\n\t\t\t\t\t\t\t\t\t\t\t\t\t\t\t<img fetchpriority=\"high\" decoding=\"async\" width=\"1024\" height=\"1024\" src=\"https:\/\/coisasdegentepreta.com.br\/wp-content\/uploads\/2026\/01\/WhatsApp-Image-2026-01-17-at-10.18.30.jpeg\" class=\"attachment-full size-full wp-image-7755\" alt=\"\" srcset=\"https:\/\/coisasdegentepreta.com.br\/wp-content\/uploads\/2026\/01\/WhatsApp-Image-2026-01-17-at-10.18.30.jpeg 1024w, https:\/\/coisasdegentepreta.com.br\/wp-content\/uploads\/2026\/01\/WhatsApp-Image-2026-01-17-at-10.18.30-300x300.jpeg 300w, https:\/\/coisasdegentepreta.com.br\/wp-content\/uploads\/2026\/01\/WhatsApp-Image-2026-01-17-at-10.18.30-150x150.jpeg 150w, https:\/\/coisasdegentepreta.com.br\/wp-content\/uploads\/2026\/01\/WhatsApp-Image-2026-01-17-at-10.18.30-768x768.jpeg 768w, https:\/\/coisasdegentepreta.com.br\/wp-content\/uploads\/2026\/01\/WhatsApp-Image-2026-01-17-at-10.18.30-600x600.jpeg 600w, https:\/\/coisasdegentepreta.com.br\/wp-content\/uploads\/2026\/01\/WhatsApp-Image-2026-01-17-at-10.18.30-100x100.jpeg 100w\" sizes=\"(max-width: 1024px) 100vw, 1024px\" \/>\t\t\t\t\t\t\t\t\t\t\t\t\t\t\t<\/div>\n\t\t\t\t<\/div>\n\t\t\t\t<\/div>\n\t\t<div class=\"elementor-element elementor-element-ae2cc05 e-con-full e-flex e-con e-child\" data-id=\"ae2cc05\" data-element_type=\"container\" data-settings=\"{&quot;background_background&quot;:&quot;classic&quot;}\">\n\t\t\t\t<div class=\"elementor-element elementor-element-edf6224 elementor-widget elementor-widget-heading\" data-id=\"edf6224\" data-element_type=\"widget\" data-widget_type=\"heading.default\">\n\t\t\t\t<div class=\"elementor-widget-container\">\n\t\t\t\t\t<h2 class=\"elementor-heading-title elementor-size-default\">Elei\u00e7\u00f5es 2026: ENCRUZILHADA! \n<\/h2>\t\t\t\t<\/div>\n\t\t\t\t<\/div>\n\t\t\t\t<div class=\"elementor-element elementor-element-76ac226 elementor-widget elementor-widget-text-editor\" data-id=\"76ac226\" data-element_type=\"widget\" data-widget_type=\"text-editor.default\">\n\t\t\t\t<div class=\"elementor-widget-container\">\n\t\t\t\t\t\t\t\t\t<p>As elei\u00e7\u00f5es de 2026 nos colocam diante de uma encruzilhada hist\u00f3rica, no sentido mais profundo que a tradi\u00e7\u00e3o de Ex\u00fa nos ensina. A encruzilhada \u00e9 o lugar da decis\u00e3o, da escolha consciente e da responsabilidade sobre os caminhos tomados. Ex\u00fa abre caminhos, movimenta possibilidades e rompe bloqueios, mas n\u00e3o decide por ningu\u00e9m. O povo negro brasileiro \u00e9 chamado, mais uma vez, a compreender que n\u00e3o h\u00e1 neutralidade poss\u00edvel neste momento pol\u00edtico. Ou ocupamos os espa\u00e7os de poder, ou continuaremos sendo alvos das decis\u00f5es tomadas sem a nossa participa\u00e7\u00e3o.<\/p><p>Diante dessa encruzilhada, \u00e9 urgente e leg\u00edtimo exigir posicionamento p\u00fablico das institui\u00e7\u00f5es do Movimento Preto. Entidades hist\u00f3ricas, coletivos contempor\u00e2neos, organiza\u00e7\u00f5es culturais, religiosas, pol\u00edticas e sociais do Rio de Janeiro precisam dizer claramente qual projeto apoiam em 2026. O sil\u00eancio institucional n\u00e3o \u00e9 prud\u00eancia; \u00e9 escolha pol\u00edtica. N\u00e3o basta existir ou resistir simbolicamente. \u00c9 preciso assumir lado, apresentar compromisso e contribuir de forma concreta para a elei\u00e7\u00e3o de homens e mulheres negros progressistas aos cargos de decis\u00e3o nacional.<\/p><p>Enquanto o movimento hesita ou se fragmenta, o Estado segue operando sua face mais cruel. A omiss\u00e3o nas pol\u00edticas p\u00fablicas convive com a brutalidade das for\u00e7as de seguran\u00e7a. A Vila Cruzeiro \u00e9 exemplo recente de uma pol\u00edtica que naturaliza a morte, transforma territ\u00f3rios negros em zonas permanentes de exce\u00e7\u00e3o e trata a viol\u00eancia como m\u00e9todo de gest\u00e3o. Falta educa\u00e7\u00e3o de qualidade, falta acesso \u00e0 sa\u00fade, falta investimento social, mas sobra repress\u00e3o, bala e encarceramento. Isso n\u00e3o \u00e9 falha do sistema; \u00e9 o sistema funcionando exatamente como foi desenhado.<\/p><p>Eleger deputados federais negros e progressistas \u00e9 enfrentar essa engrenagem em seu n\u00facleo. \u00c9 disputar or\u00e7amento, legislar para a vida, fiscalizar o Estado e romper com a l\u00f3gica que transforma o povo negro em estat\u00edstica. A encruzilhada est\u00e1 posta. Ex\u00fa abriu o caminho. A escolha agora \u00e9 coletiva, consciente e profundamente pol\u00edtica.<\/p><p>Negros progressistas no poder n\u00e3o \u00e9 slogan. \u00c9 necessidade hist\u00f3rica.<\/p><p>M\u00e1rcio Madeira \u2234 <br \/>Respons\u00e1vel pelo Editorial do <br \/>Instituto Coisas de Gente Preta<\/p>\t\t\t\t\t\t\t\t<\/div>\n\t\t\t\t<\/div>\n\t\t\t\t<\/div>\n\t\t\t\t\t<\/div>\n\t\t\t\t<\/div>\n\t\t\t\t<\/div>\n\t\t","protected":false},"excerpt":{"rendered":"<p>Elei\u00e7\u00f5es 2026: ENCRUZILHADA! As elei\u00e7\u00f5es de 2026 nos colocam diante de uma encruzilhada hist\u00f3rica, no sentido mais profundo que a tradi\u00e7\u00e3o de Ex\u00fa nos ensina. A encruzilhada \u00e9 o lugar da decis\u00e3o, da escolha consciente e da responsabilidade sobre os caminhos tomados. Ex\u00fa abre caminhos, movimenta possibilidades e rompe bloqueios, mas n\u00e3o decide por ningu\u00e9m. &hellip;<\/p>\n<p class=\"read-more\"> <a class=\"\" href=\"https:\/\/coisasdegentepreta.com.br\/index.php\/eleicoes-2026-encruzilhada\/\"> <span class=\"screen-reader-text\">Elei\u00e7\u00f5es 2026: ENCRUZILHADA!<\/span> Read More &raquo;<\/a><\/p>\n","protected":false},"author":1,"featured_media":0,"parent":0,"menu_order":0,"comment_status":"closed","ping_status":"closed","template":"","meta":{"site-sidebar-layout":"no-sidebar","site-content-layout":"","ast-site-content-layout":"full-width-container","site-content-style":"default","site-sidebar-style":"default","ast-global-header-display":"","ast-banner-title-visibility":"","ast-main-header-display":"","ast-hfb-above-header-display":"","ast-hfb-below-header-display":"","ast-hfb-mobile-header-display":"","site-post-title":"disabled","ast-breadcrumbs-content":"","ast-featured-img":"disabled","footer-sml-layout":"","theme-transparent-header-meta":"","adv-header-id-meta":"","stick-header-meta":"","header-above-stick-meta":"","header-main-stick-meta":"","header-below-stick-meta":"","astra-migrate-meta-layouts":"default","ast-page-background-enabled":"default","ast-page-background-meta":{"desktop":{"background-color":"var(--ast-global-color-4)","background-image":"","background-repeat":"repeat","background-position":"center center","background-size":"auto","background-attachment":"scroll","background-type":"","background-media":"","overlay-type":"","overlay-color":"","overlay-gradient":""},"tablet":{"background-color":"","background-image":"","background-repeat":"repeat","background-position":"center center","background-size":"auto","background-attachment":"scroll","background-type":"","background-media":"","overlay-type":"","overlay-color":"","overlay-gradient":""},"mobile":{"background-color":"","background-image":"","background-repeat":"repeat","background-position":"center center","background-size":"auto","background-attachment":"scroll","background-type":"","background-media":"","overlay-type":"","overlay-color":"","overlay-gradient":""}},"ast-content-background-meta":{"desktop":{"background-color":"var(--ast-global-color-5)","background-image":"","background-repeat":"repeat","background-position":"center center","background-size":"auto","background-attachment":"scroll","background-type":"","background-media":"","overlay-type":"","overlay-color":"","overlay-gradient":""},"tablet":{"background-color":"var(--ast-global-color-5)","background-image":"","background-repeat":"repeat","background-position":"center center","background-size":"auto","background-attachment":"scroll","background-type":"","background-media":"","overlay-type":"","overlay-color":"","overlay-gradient":""},"mobile":{"background-color":"var(--ast-global-color-5)","background-image":"","background-repeat":"repeat","background-position":"center center","background-size":"auto","background-attachment":"scroll","background-type":"","background-media":"","overlay-type":"","overlay-color":"","overlay-gradient":""}},"footnotes":""},"class_list":["post-7753","page","type-page","status-publish","hentry"],"yoast_head":"<!-- This site is optimized with the Yoast SEO plugin v24.2 - https:\/\/yoast.com\/wordpress\/plugins\/seo\/ -->\n<title>Elei\u00e7\u00f5es 2026: ENCRUZILHADA! -<\/title>\n<meta name=\"robots\" content=\"index, follow, max-snippet:-1, max-image-preview:large, max-video-preview:-1\" \/>\n<link rel=\"canonical\" href=\"https:\/\/coisasdegentepreta.com.br\/index.php\/eleicoes-2026-encruzilhada\/\" \/>\n<meta property=\"og:locale\" content=\"en_US\" \/>\n<meta property=\"og:type\" content=\"article\" \/>\n<meta property=\"og:title\" content=\"Elei\u00e7\u00f5es 2026: ENCRUZILHADA! -\" \/>\n<meta property=\"og:description\" content=\"Elei\u00e7\u00f5es 2026: ENCRUZILHADA! As elei\u00e7\u00f5es de 2026 nos colocam diante de uma encruzilhada hist\u00f3rica, no sentido mais profundo que a tradi\u00e7\u00e3o de Ex\u00fa nos ensina. A encruzilhada \u00e9 o lugar da decis\u00e3o, da escolha consciente e da responsabilidade sobre os caminhos tomados. Ex\u00fa abre caminhos, movimenta possibilidades e rompe bloqueios, mas n\u00e3o decide por ningu\u00e9m. &hellip; Elei\u00e7\u00f5es 2026: ENCRUZILHADA! Read More &raquo;\" \/>\n<meta property=\"og:url\" content=\"https:\/\/coisasdegentepreta.com.br\/index.php\/eleicoes-2026-encruzilhada\/\" \/>\n<meta property=\"article:publisher\" content=\"https:\/\/facebook.com\/cmmcomcoisasdegente\" \/>\n<meta property=\"article:modified_time\" content=\"2026-01-17T18:56:15+00:00\" \/>\n<meta property=\"og:image\" content=\"https:\/\/coisasdegentepreta.com.br\/wp-content\/uploads\/2026\/01\/WhatsApp-Image-2026-01-17-at-10.18.30.jpeg\" \/>\n\t<meta property=\"og:image:width\" content=\"1024\" \/>\n\t<meta property=\"og:image:height\" content=\"1024\" \/>\n\t<meta property=\"og:image:type\" content=\"image\/jpeg\" \/>\n<meta name=\"twitter:card\" content=\"summary_large_image\" \/>\n<meta name=\"twitter:site\" content=\"@cmmcomcoisasdegente\" \/>\n<meta name=\"twitter:label1\" content=\"Est. reading time\" \/>\n\t<meta name=\"twitter:data1\" content=\"2 minutes\" \/>\n<script type=\"application\/ld+json\" class=\"yoast-schema-graph\">{\"@context\":\"https:\/\/schema.org\",\"@graph\":[{\"@type\":\"WebPage\",\"@id\":\"https:\/\/coisasdegentepreta.com.br\/index.php\/eleicoes-2026-encruzilhada\/\",\"url\":\"https:\/\/coisasdegentepreta.com.br\/index.php\/eleicoes-2026-encruzilhada\/\",\"name\":\"Elei\u00e7\u00f5es 2026: ENCRUZILHADA! -\",\"isPartOf\":{\"@id\":\"https:\/\/coisasdegentepreta.com.br\/#website\"},\"primaryImageOfPage\":{\"@id\":\"https:\/\/coisasdegentepreta.com.br\/index.php\/eleicoes-2026-encruzilhada\/#primaryimage\"},\"image\":{\"@id\":\"https:\/\/coisasdegentepreta.com.br\/index.php\/eleicoes-2026-encruzilhada\/#primaryimage\"},\"thumbnailUrl\":\"https:\/\/coisasdegentepreta.com.br\/wp-content\/uploads\/2026\/01\/WhatsApp-Image-2026-01-17-at-10.18.30.jpeg\",\"datePublished\":\"2026-01-17T18:54:09+00:00\",\"dateModified\":\"2026-01-17T18:56:15+00:00\",\"breadcrumb\":{\"@id\":\"https:\/\/coisasdegentepreta.com.br\/index.php\/eleicoes-2026-encruzilhada\/#breadcrumb\"},\"inLanguage\":\"en-US\",\"potentialAction\":[{\"@type\":\"ReadAction\",\"target\":[\"https:\/\/coisasdegentepreta.com.br\/index.php\/eleicoes-2026-encruzilhada\/\"]}]},{\"@type\":\"ImageObject\",\"inLanguage\":\"en-US\",\"@id\":\"https:\/\/coisasdegentepreta.com.br\/index.php\/eleicoes-2026-encruzilhada\/#primaryimage\",\"url\":\"https:\/\/coisasdegentepreta.com.br\/wp-content\/uploads\/2026\/01\/WhatsApp-Image-2026-01-17-at-10.18.30.jpeg\",\"contentUrl\":\"https:\/\/coisasdegentepreta.com.br\/wp-content\/uploads\/2026\/01\/WhatsApp-Image-2026-01-17-at-10.18.30.jpeg\",\"width\":1024,\"height\":1024},{\"@type\":\"BreadcrumbList\",\"@id\":\"https:\/\/coisasdegentepreta.com.br\/index.php\/eleicoes-2026-encruzilhada\/#breadcrumb\",\"itemListElement\":[{\"@type\":\"ListItem\",\"position\":1,\"name\":\"ECMM\",\"item\":\"https:\/\/coisasdegentepreta.com.br\/\"},{\"@type\":\"ListItem\",\"position\":2,\"name\":\"Elei\u00e7\u00f5es 2026: ENCRUZILHADA!\"}]},{\"@type\":\"WebSite\",\"@id\":\"https:\/\/coisasdegentepreta.com.br\/#website\",\"url\":\"https:\/\/coisasdegentepreta.com.br\/\",\"name\":\"https:\/\/coisasdegentepreta.com.br\",\"description\":\"\",\"publisher\":{\"@id\":\"https:\/\/coisasdegentepreta.com.br\/#organization\"},\"potentialAction\":[{\"@type\":\"SearchAction\",\"target\":{\"@type\":\"EntryPoint\",\"urlTemplate\":\"https:\/\/coisasdegentepreta.com.br\/?s={search_term_string}\"},\"query-input\":{\"@type\":\"PropertyValueSpecification\",\"valueRequired\":true,\"valueName\":\"search_term_string\"}}],\"inLanguage\":\"en-US\"},{\"@type\":\"Organization\",\"@id\":\"https:\/\/coisasdegentepreta.com.br\/#organization\",\"name\":\"Espa\u00e7o de Capacita\u00e7\u00e3o M\u00e1rcio Madeira RJ\",\"url\":\"https:\/\/coisasdegentepreta.com.br\/\",\"logo\":{\"@type\":\"ImageObject\",\"inLanguage\":\"en-US\",\"@id\":\"https:\/\/coisasdegentepreta.com.br\/#\/schema\/logo\/image\/\",\"url\":\"https:\/\/coisasdegentepreta.com.br\/wp-content\/uploads\/2023\/12\/logo-2.png\",\"contentUrl\":\"https:\/\/coisasdegentepreta.com.br\/wp-content\/uploads\/2023\/12\/logo-2.png\",\"width\":2064,\"height\":1021,\"caption\":\"Espa\u00e7o de Capacita\u00e7\u00e3o M\u00e1rcio Madeira RJ\"},\"image\":{\"@id\":\"https:\/\/coisasdegentepreta.com.br\/#\/schema\/logo\/image\/\"},\"sameAs\":[\"https:\/\/facebook.com\/cmmcomcoisasdegente\",\"https:\/\/x.com\/cmmcomcoisasdegente\",\"https:\/\/instagram.com\/cmmcomcoisasdegente\"]}]}<\/script>\n<!-- \/ Yoast SEO plugin. -->","yoast_head_json":{"title":"Elei\u00e7\u00f5es 2026: ENCRUZILHADA! -","robots":{"index":"index","follow":"follow","max-snippet":"max-snippet:-1","max-image-preview":"max-image-preview:large","max-video-preview":"max-video-preview:-1"},"canonical":"https:\/\/coisasdegentepreta.com.br\/index.php\/eleicoes-2026-encruzilhada\/","og_locale":"en_US","og_type":"article","og_title":"Elei\u00e7\u00f5es 2026: ENCRUZILHADA! -","og_description":"Elei\u00e7\u00f5es 2026: ENCRUZILHADA! As elei\u00e7\u00f5es de 2026 nos colocam diante de uma encruzilhada hist\u00f3rica, no sentido mais profundo que a tradi\u00e7\u00e3o de Ex\u00fa nos ensina. A encruzilhada \u00e9 o lugar da decis\u00e3o, da escolha consciente e da responsabilidade sobre os caminhos tomados. Ex\u00fa abre caminhos, movimenta possibilidades e rompe bloqueios, mas n\u00e3o decide por ningu\u00e9m. &hellip; Elei\u00e7\u00f5es 2026: ENCRUZILHADA! Read More &raquo;","og_url":"https:\/\/coisasdegentepreta.com.br\/index.php\/eleicoes-2026-encruzilhada\/","article_publisher":"https:\/\/facebook.com\/cmmcomcoisasdegente","article_modified_time":"2026-01-17T18:56:15+00:00","og_image":[{"width":1024,"height":1024,"url":"https:\/\/coisasdegentepreta.com.br\/wp-content\/uploads\/2026\/01\/WhatsApp-Image-2026-01-17-at-10.18.30.jpeg","type":"image\/jpeg"}],"twitter_card":"summary_large_image","twitter_site":"@cmmcomcoisasdegente","twitter_misc":{"Est. reading time":"2 minutes"},"schema":{"@context":"https:\/\/schema.org","@graph":[{"@type":"WebPage","@id":"https:\/\/coisasdegentepreta.com.br\/index.php\/eleicoes-2026-encruzilhada\/","url":"https:\/\/coisasdegentepreta.com.br\/index.php\/eleicoes-2026-encruzilhada\/","name":"Elei\u00e7\u00f5es 2026: ENCRUZILHADA! -","isPartOf":{"@id":"https:\/\/coisasdegentepreta.com.br\/#website"},"primaryImageOfPage":{"@id":"https:\/\/coisasdegentepreta.com.br\/index.php\/eleicoes-2026-encruzilhada\/#primaryimage"},"image":{"@id":"https:\/\/coisasdegentepreta.com.br\/index.php\/eleicoes-2026-encruzilhada\/#primaryimage"},"thumbnailUrl":"https:\/\/coisasdegentepreta.com.br\/wp-content\/uploads\/2026\/01\/WhatsApp-Image-2026-01-17-at-10.18.30.jpeg","datePublished":"2026-01-17T18:54:09+00:00","dateModified":"2026-01-17T18:56:15+00:00","breadcrumb":{"@id":"https:\/\/coisasdegentepreta.com.br\/index.php\/eleicoes-2026-encruzilhada\/#breadcrumb"},"inLanguage":"en-US","potentialAction":[{"@type":"ReadAction","target":["https:\/\/coisasdegentepreta.com.br\/index.php\/eleicoes-2026-encruzilhada\/"]}]},{"@type":"ImageObject","inLanguage":"en-US","@id":"https:\/\/coisasdegentepreta.com.br\/index.php\/eleicoes-2026-encruzilhada\/#primaryimage","url":"https:\/\/coisasdegentepreta.com.br\/wp-content\/uploads\/2026\/01\/WhatsApp-Image-2026-01-17-at-10.18.30.jpeg","contentUrl":"https:\/\/coisasdegentepreta.com.br\/wp-content\/uploads\/2026\/01\/WhatsApp-Image-2026-01-17-at-10.18.30.jpeg","width":1024,"height":1024},{"@type":"BreadcrumbList","@id":"https:\/\/coisasdegentepreta.com.br\/index.php\/eleicoes-2026-encruzilhada\/#breadcrumb","itemListElement":[{"@type":"ListItem","position":1,"name":"ECMM","item":"https:\/\/coisasdegentepreta.com.br\/"},{"@type":"ListItem","position":2,"name":"Elei\u00e7\u00f5es 2026: ENCRUZILHADA!"}]},{"@type":"WebSite","@id":"https:\/\/coisasdegentepreta.com.br\/#website","url":"https:\/\/coisasdegentepreta.com.br\/","name":"https:\/\/coisasdegentepreta.com.br","description":"","publisher":{"@id":"https:\/\/coisasdegentepreta.com.br\/#organization"},"potentialAction":[{"@type":"SearchAction","target":{"@type":"EntryPoint","urlTemplate":"https:\/\/coisasdegentepreta.com.br\/?s={search_term_string}"},"query-input":{"@type":"PropertyValueSpecification","valueRequired":true,"valueName":"search_term_string"}}],"inLanguage":"en-US"},{"@type":"Organization","@id":"https:\/\/coisasdegentepreta.com.br\/#organization","name":"Espa\u00e7o de Capacita\u00e7\u00e3o M\u00e1rcio Madeira RJ","url":"https:\/\/coisasdegentepreta.com.br\/","logo":{"@type":"ImageObject","inLanguage":"en-US","@id":"https:\/\/coisasdegentepreta.com.br\/#\/schema\/logo\/image\/","url":"https:\/\/coisasdegentepreta.com.br\/wp-content\/uploads\/2023\/12\/logo-2.png","contentUrl":"https:\/\/coisasdegentepreta.com.br\/wp-content\/uploads\/2023\/12\/logo-2.png","width":2064,"height":1021,"caption":"Espa\u00e7o de Capacita\u00e7\u00e3o M\u00e1rcio Madeira RJ"},"image":{"@id":"https:\/\/coisasdegentepreta.com.br\/#\/schema\/logo\/image\/"},"sameAs":["https:\/\/facebook.com\/cmmcomcoisasdegente","https:\/\/x.com\/cmmcomcoisasdegente","https:\/\/instagram.com\/cmmcomcoisasdegente"]}]}},"_links":{"self":[{"href":"https:\/\/coisasdegentepreta.com.br\/index.php\/wp-json\/wp\/v2\/pages\/7753","targetHints":{"allow":["GET"]}}],"collection":[{"href":"https:\/\/coisasdegentepreta.com.br\/index.php\/wp-json\/wp\/v2\/pages"}],"about":[{"href":"https:\/\/coisasdegentepreta.com.br\/index.php\/wp-json\/wp\/v2\/types\/page"}],"author":[{"embeddable":true,"href":"https:\/\/coisasdegentepreta.com.br\/index.php\/wp-json\/wp\/v2\/users\/1"}],"replies":[{"embeddable":true,"href":"https:\/\/coisasdegentepreta.com.br\/index.php\/wp-json\/wp\/v2\/comments?post=7753"}],"version-history":[{"count":4,"href":"https:\/\/coisasdegentepreta.com.br\/index.php\/wp-json\/wp\/v2\/pages\/7753\/revisions"}],"predecessor-version":[{"id":7758,"href":"https:\/\/coisasdegentepreta.com.br\/index.php\/wp-json\/wp\/v2\/pages\/7753\/revisions\/7758"}],"wp:attachment":[{"href":"https:\/\/coisasdegentepreta.com.br\/index.php\/wp-json\/wp\/v2\/media?parent=7753"}],"curies":[{"name":"wp","href":"https:\/\/api.w.org\/{rel}","templated":true}]}}