{"id":7692,"date":"2026-01-11T19:19:28","date_gmt":"2026-01-11T22:19:28","guid":{"rendered":"https:\/\/coisasdegentepreta.com.br\/?page_id=7692"},"modified":"2026-01-11T19:22:41","modified_gmt":"2026-01-11T22:22:41","slug":"quem-erra-no-senado-condena-o-pais","status":"publish","type":"page","link":"https:\/\/coisasdegentepreta.com.br\/index.php\/quem-erra-no-senado-condena-o-pais\/","title":{"rendered":"Quem erra no senado, condena o pa\u00eds"},"content":{"rendered":"\t\t<div data-elementor-type=\"wp-page\" data-elementor-id=\"7692\" class=\"elementor elementor-7692\">\n\t\t\t\t<div class=\"elementor-element elementor-element-b1d79fb e-flex e-con-boxed e-con e-parent\" data-id=\"b1d79fb\" data-element_type=\"container\" data-settings=\"{&quot;background_background&quot;:&quot;classic&quot;}\">\n\t\t\t\t\t<div class=\"e-con-inner\">\n\t\t<div class=\"elementor-element elementor-element-d0b2408 e-con-full e-flex e-con e-child\" data-id=\"d0b2408\" data-element_type=\"container\" data-settings=\"{&quot;background_background&quot;:&quot;classic&quot;}\">\n\t\t\t\t<div class=\"elementor-element elementor-element-ebdf871 elementor-widget elementor-widget-image\" data-id=\"ebdf871\" data-element_type=\"widget\" data-widget_type=\"image.default\">\n\t\t\t\t<div class=\"elementor-widget-container\">\n\t\t\t\t\t\t\t\t\t\t\t\t\t\t\t<img fetchpriority=\"high\" decoding=\"async\" width=\"1024\" height=\"1024\" src=\"https:\/\/coisasdegentepreta.com.br\/wp-content\/uploads\/2026\/01\/WhatsApp-Image-2026-01-11-at-07.41.11.jpeg\" class=\"attachment-full size-full wp-image-7698\" alt=\"\" srcset=\"https:\/\/coisasdegentepreta.com.br\/wp-content\/uploads\/2026\/01\/WhatsApp-Image-2026-01-11-at-07.41.11.jpeg 1024w, https:\/\/coisasdegentepreta.com.br\/wp-content\/uploads\/2026\/01\/WhatsApp-Image-2026-01-11-at-07.41.11-300x300.jpeg 300w, https:\/\/coisasdegentepreta.com.br\/wp-content\/uploads\/2026\/01\/WhatsApp-Image-2026-01-11-at-07.41.11-150x150.jpeg 150w, https:\/\/coisasdegentepreta.com.br\/wp-content\/uploads\/2026\/01\/WhatsApp-Image-2026-01-11-at-07.41.11-768x768.jpeg 768w, https:\/\/coisasdegentepreta.com.br\/wp-content\/uploads\/2026\/01\/WhatsApp-Image-2026-01-11-at-07.41.11-600x600.jpeg 600w, https:\/\/coisasdegentepreta.com.br\/wp-content\/uploads\/2026\/01\/WhatsApp-Image-2026-01-11-at-07.41.11-100x100.jpeg 100w\" sizes=\"(max-width: 1024px) 100vw, 1024px\" \/>\t\t\t\t\t\t\t\t\t\t\t\t\t\t\t<\/div>\n\t\t\t\t<\/div>\n\t\t\t\t<\/div>\n\t\t<div class=\"elementor-element elementor-element-19e55a4 e-con-full e-flex e-con e-child\" data-id=\"19e55a4\" data-element_type=\"container\" data-settings=\"{&quot;background_background&quot;:&quot;classic&quot;}\">\n\t\t\t\t<div class=\"elementor-element elementor-element-637cb52 elementor-widget elementor-widget-heading\" data-id=\"637cb52\" data-element_type=\"widget\" data-widget_type=\"heading.default\">\n\t\t\t\t<div class=\"elementor-widget-container\">\n\t\t\t\t\t<h2 class=\"elementor-heading-title elementor-size-default\">QUEM ERRA NO SENADO, CONDENA O PA\u00cdS.\n<\/h2>\t\t\t\t<\/div>\n\t\t\t\t<\/div>\n\t\t\t\t<div class=\"elementor-element elementor-element-dfc6d94 elementor-widget elementor-widget-text-editor\" data-id=\"dfc6d94\" data-element_type=\"widget\" data-widget_type=\"text-editor.default\">\n\t\t\t\t<div class=\"elementor-widget-container\">\n\t\t\t\t\t\t\t\t\t<p>\u00c9 preciso dizer com todas as letras, sem eufemismo e sem medo: quem ignora a import\u00e2ncia do Senado Federal est\u00e1 brincando com o futuro do Brasil.<\/p><p>Em ano eleitoral, muita gente se mobiliza para a Presid\u00eancia, para o Governo do Estado, para a C\u00e2mara. Mas o Senado segue sendo tratado como voto secund\u00e1rio quando, na verdade, \u00e9 um dos centros mais poderosos da Rep\u00fablica. Essa neglig\u00eancia hist\u00f3rica cobra um pre\u00e7o alto. E cobra sempre do mesmo lado: do povo.<\/p><p>N\u00f3s, do campo progressista e da esquerda, n\u00e3o podemos errar novamente. Votar mal para o Senado ou votar sem compreender o peso dessa escolha \u00e9 assinar uma senten\u00e7a pol\u00edtica que pode durar d\u00e9cadas. Em tempos de avan\u00e7o autorit\u00e1rio, essa senten\u00e7a pode significar retirada de direitos, persegui\u00e7\u00f5es institucionais e, sim, risco concreto \u00e0 vida de quem j\u00e1 vive na linha de frente da desigualdade.<\/p><p>Nenhum presidente governa sem o Senado. Isso precisa ser aprendido de forma definitiva. Sem maioria ou ao menos di\u00e1logo respons\u00e1vel naquela Casa, qualquer projeto eleito pelo povo fica engessado, sabotado ou permanentemente chantageado. N\u00e3o existe governabilidade progressista com um Senado hostil.<\/p><p>O mundo est\u00e1 em ebuli\u00e7\u00e3o. A geopol\u00edtica internacional deixa isso evidente. O caso da Venezuela independentemente das leituras ideol\u00f3gicas revela como a combina\u00e7\u00e3o entre press\u00e3o externa e institui\u00e7\u00f5es internas fragilizadas pode gerar instabilidade prolongada, isolamento e sofrimento social. O Brasil n\u00e3o est\u00e1 imune a esse jogo.<\/p><p>Por isso, n\u00e3o basta votar. \u00c9 preciso entender em quem se vota. \u00c9 preciso saber quem s\u00e3o os candidatos ao Senado, a quem servem, quais interesses representam e de que lado estar\u00e3o quando a democracia estiver novamente sob ataque.<\/p><p>Este \u00e9 um chamado direto aos movimentos sociais, \u00e0s organiza\u00e7\u00f5es populares, \u00e0s entidades negras, sindicais e territoriais: ou constru\u00edmos uma campanha conjunta de conscientiza\u00e7\u00e3o sobre o Senado, ou continuaremos reagindo aos danos depois que eles j\u00e1 estiverem feitos.<\/p><p>O Senado decide o ritmo do pa\u00eds.<br \/>Quem subestima essa escolha ajuda a empurrar o Brasil para o abismo.<\/p><p>N\u00e3o \u00e9 alarmismo.<br \/>\u00c9 pedagogia pol\u00edtica.<\/p><p>M\u00e1rcio Madeira \u2234<br \/>Editor do Portal Coisas de Gente Preta<br \/>Ativista do Movimento Negro<br \/>Comprometido com a Democracia, a Justi\u00e7a Social e a Soberania Nacional<\/p>\t\t\t\t\t\t\t\t<\/div>\n\t\t\t\t<\/div>\n\t\t\t\t<\/div>\n\t\t\t\t\t<\/div>\n\t\t\t\t<\/div>\n\t\t\t\t<\/div>\n\t\t","protected":false},"excerpt":{"rendered":"<p>QUEM ERRA NO SENADO, CONDENA O PA\u00cdS. \u00c9 preciso dizer com todas as letras, sem eufemismo e sem medo: quem ignora a import\u00e2ncia do Senado Federal est\u00e1 brincando com o futuro do Brasil. Em ano eleitoral, muita gente se mobiliza para a Presid\u00eancia, para o Governo do Estado, para a C\u00e2mara. Mas o Senado segue &hellip;<\/p>\n<p class=\"read-more\"> <a class=\"\" href=\"https:\/\/coisasdegentepreta.com.br\/index.php\/quem-erra-no-senado-condena-o-pais\/\"> <span class=\"screen-reader-text\">Quem erra no senado, condena o pa\u00eds<\/span> Read More &raquo;<\/a><\/p>\n","protected":false},"author":1,"featured_media":0,"parent":0,"menu_order":0,"comment_status":"closed","ping_status":"closed","template":"","meta":{"site-sidebar-layout":"no-sidebar","site-content-layout":"","ast-site-content-layout":"full-width-container","site-content-style":"default","site-sidebar-style":"default","ast-global-header-display":"","ast-banner-title-visibility":"","ast-main-header-display":"","ast-hfb-above-header-display":"","ast-hfb-below-header-display":"","ast-hfb-mobile-header-display":"","site-post-title":"disabled","ast-breadcrumbs-content":"","ast-featured-img":"disabled","footer-sml-layout":"","theme-transparent-header-meta":"","adv-header-id-meta":"","stick-header-meta":"","header-above-stick-meta":"","header-main-stick-meta":"","header-below-stick-meta":"","astra-migrate-meta-layouts":"default","ast-page-background-enabled":"default","ast-page-background-meta":{"desktop":{"background-color":"var(--ast-global-color-4)","background-image":"","background-repeat":"repeat","background-position":"center center","background-size":"auto","background-attachment":"scroll","background-type":"","background-media":"","overlay-type":"","overlay-color":"","overlay-gradient":""},"tablet":{"background-color":"","background-image":"","background-repeat":"repeat","background-position":"center center","background-size":"auto","background-attachment":"scroll","background-type":"","background-media":"","overlay-type":"","overlay-color":"","overlay-gradient":""},"mobile":{"background-color":"","background-image":"","background-repeat":"repeat","background-position":"center center","background-size":"auto","background-attachment":"scroll","background-type":"","background-media":"","overlay-type":"","overlay-color":"","overlay-gradient":""}},"ast-content-background-meta":{"desktop":{"background-color":"var(--ast-global-color-5)","background-image":"","background-repeat":"repeat","background-position":"center center","background-size":"auto","background-attachment":"scroll","background-type":"","background-media":"","overlay-type":"","overlay-color":"","overlay-gradient":""},"tablet":{"background-color":"var(--ast-global-color-5)","background-image":"","background-repeat":"repeat","background-position":"center center","background-size":"auto","background-attachment":"scroll","background-type":"","background-media":"","overlay-type":"","overlay-color":"","overlay-gradient":""},"mobile":{"background-color":"var(--ast-global-color-5)","background-image":"","background-repeat":"repeat","background-position":"center center","background-size":"auto","background-attachment":"scroll","background-type":"","background-media":"","overlay-type":"","overlay-color":"","overlay-gradient":""}},"footnotes":""},"class_list":["post-7692","page","type-page","status-publish","hentry"],"yoast_head":"<!-- This site is optimized with the Yoast SEO plugin v24.2 - https:\/\/yoast.com\/wordpress\/plugins\/seo\/ -->\n<title>Quem erra no senado, condena o pa\u00eds -<\/title>\n<meta name=\"robots\" content=\"index, follow, max-snippet:-1, max-image-preview:large, max-video-preview:-1\" \/>\n<link rel=\"canonical\" href=\"https:\/\/coisasdegentepreta.com.br\/index.php\/quem-erra-no-senado-condena-o-pais\/\" \/>\n<meta property=\"og:locale\" content=\"en_US\" \/>\n<meta property=\"og:type\" content=\"article\" \/>\n<meta property=\"og:title\" content=\"Quem erra no senado, condena o pa\u00eds -\" \/>\n<meta property=\"og:description\" content=\"QUEM ERRA NO SENADO, CONDENA O PA\u00cdS. \u00c9 preciso dizer com todas as letras, sem eufemismo e sem medo: quem ignora a import\u00e2ncia do Senado Federal est\u00e1 brincando com o futuro do Brasil. Em ano eleitoral, muita gente se mobiliza para a Presid\u00eancia, para o Governo do Estado, para a C\u00e2mara. Mas o Senado segue &hellip; Quem erra no senado, condena o pa\u00eds Read More &raquo;\" \/>\n<meta property=\"og:url\" content=\"https:\/\/coisasdegentepreta.com.br\/index.php\/quem-erra-no-senado-condena-o-pais\/\" \/>\n<meta property=\"article:publisher\" content=\"https:\/\/facebook.com\/cmmcomcoisasdegente\" \/>\n<meta property=\"article:modified_time\" content=\"2026-01-11T22:22:41+00:00\" \/>\n<meta property=\"og:image\" content=\"https:\/\/coisasdegentepreta.com.br\/wp-content\/uploads\/2026\/01\/WhatsApp-Image-2026-01-11-at-07.41.11.jpeg\" \/>\n\t<meta property=\"og:image:width\" content=\"1024\" \/>\n\t<meta property=\"og:image:height\" content=\"1024\" \/>\n\t<meta property=\"og:image:type\" content=\"image\/jpeg\" \/>\n<meta name=\"twitter:card\" content=\"summary_large_image\" \/>\n<meta name=\"twitter:site\" content=\"@cmmcomcoisasdegente\" \/>\n<meta name=\"twitter:label1\" content=\"Est. reading time\" \/>\n\t<meta name=\"twitter:data1\" content=\"2 minutes\" \/>\n<script type=\"application\/ld+json\" class=\"yoast-schema-graph\">{\"@context\":\"https:\/\/schema.org\",\"@graph\":[{\"@type\":\"WebPage\",\"@id\":\"https:\/\/coisasdegentepreta.com.br\/index.php\/quem-erra-no-senado-condena-o-pais\/\",\"url\":\"https:\/\/coisasdegentepreta.com.br\/index.php\/quem-erra-no-senado-condena-o-pais\/\",\"name\":\"Quem erra no senado, condena o pa\u00eds -\",\"isPartOf\":{\"@id\":\"https:\/\/coisasdegentepreta.com.br\/#website\"},\"primaryImageOfPage\":{\"@id\":\"https:\/\/coisasdegentepreta.com.br\/index.php\/quem-erra-no-senado-condena-o-pais\/#primaryimage\"},\"image\":{\"@id\":\"https:\/\/coisasdegentepreta.com.br\/index.php\/quem-erra-no-senado-condena-o-pais\/#primaryimage\"},\"thumbnailUrl\":\"https:\/\/coisasdegentepreta.com.br\/wp-content\/uploads\/2026\/01\/WhatsApp-Image-2026-01-11-at-07.41.11.jpeg\",\"datePublished\":\"2026-01-11T22:19:28+00:00\",\"dateModified\":\"2026-01-11T22:22:41+00:00\",\"breadcrumb\":{\"@id\":\"https:\/\/coisasdegentepreta.com.br\/index.php\/quem-erra-no-senado-condena-o-pais\/#breadcrumb\"},\"inLanguage\":\"en-US\",\"potentialAction\":[{\"@type\":\"ReadAction\",\"target\":[\"https:\/\/coisasdegentepreta.com.br\/index.php\/quem-erra-no-senado-condena-o-pais\/\"]}]},{\"@type\":\"ImageObject\",\"inLanguage\":\"en-US\",\"@id\":\"https:\/\/coisasdegentepreta.com.br\/index.php\/quem-erra-no-senado-condena-o-pais\/#primaryimage\",\"url\":\"https:\/\/coisasdegentepreta.com.br\/wp-content\/uploads\/2026\/01\/WhatsApp-Image-2026-01-11-at-07.41.11.jpeg\",\"contentUrl\":\"https:\/\/coisasdegentepreta.com.br\/wp-content\/uploads\/2026\/01\/WhatsApp-Image-2026-01-11-at-07.41.11.jpeg\",\"width\":1024,\"height\":1024},{\"@type\":\"BreadcrumbList\",\"@id\":\"https:\/\/coisasdegentepreta.com.br\/index.php\/quem-erra-no-senado-condena-o-pais\/#breadcrumb\",\"itemListElement\":[{\"@type\":\"ListItem\",\"position\":1,\"name\":\"ECMM\",\"item\":\"https:\/\/coisasdegentepreta.com.br\/\"},{\"@type\":\"ListItem\",\"position\":2,\"name\":\"Quem erra no senado, condena o pa\u00eds\"}]},{\"@type\":\"WebSite\",\"@id\":\"https:\/\/coisasdegentepreta.com.br\/#website\",\"url\":\"https:\/\/coisasdegentepreta.com.br\/\",\"name\":\"https:\/\/coisasdegentepreta.com.br\",\"description\":\"\",\"publisher\":{\"@id\":\"https:\/\/coisasdegentepreta.com.br\/#organization\"},\"potentialAction\":[{\"@type\":\"SearchAction\",\"target\":{\"@type\":\"EntryPoint\",\"urlTemplate\":\"https:\/\/coisasdegentepreta.com.br\/?s={search_term_string}\"},\"query-input\":{\"@type\":\"PropertyValueSpecification\",\"valueRequired\":true,\"valueName\":\"search_term_string\"}}],\"inLanguage\":\"en-US\"},{\"@type\":\"Organization\",\"@id\":\"https:\/\/coisasdegentepreta.com.br\/#organization\",\"name\":\"Espa\u00e7o de Capacita\u00e7\u00e3o M\u00e1rcio Madeira RJ\",\"url\":\"https:\/\/coisasdegentepreta.com.br\/\",\"logo\":{\"@type\":\"ImageObject\",\"inLanguage\":\"en-US\",\"@id\":\"https:\/\/coisasdegentepreta.com.br\/#\/schema\/logo\/image\/\",\"url\":\"https:\/\/coisasdegentepreta.com.br\/wp-content\/uploads\/2023\/12\/logo-2.png\",\"contentUrl\":\"https:\/\/coisasdegentepreta.com.br\/wp-content\/uploads\/2023\/12\/logo-2.png\",\"width\":2064,\"height\":1021,\"caption\":\"Espa\u00e7o de Capacita\u00e7\u00e3o M\u00e1rcio Madeira RJ\"},\"image\":{\"@id\":\"https:\/\/coisasdegentepreta.com.br\/#\/schema\/logo\/image\/\"},\"sameAs\":[\"https:\/\/facebook.com\/cmmcomcoisasdegente\",\"https:\/\/x.com\/cmmcomcoisasdegente\",\"https:\/\/instagram.com\/cmmcomcoisasdegente\"]}]}<\/script>\n<!-- \/ Yoast SEO plugin. -->","yoast_head_json":{"title":"Quem erra no senado, condena o pa\u00eds -","robots":{"index":"index","follow":"follow","max-snippet":"max-snippet:-1","max-image-preview":"max-image-preview:large","max-video-preview":"max-video-preview:-1"},"canonical":"https:\/\/coisasdegentepreta.com.br\/index.php\/quem-erra-no-senado-condena-o-pais\/","og_locale":"en_US","og_type":"article","og_title":"Quem erra no senado, condena o pa\u00eds -","og_description":"QUEM ERRA NO SENADO, CONDENA O PA\u00cdS. \u00c9 preciso dizer com todas as letras, sem eufemismo e sem medo: quem ignora a import\u00e2ncia do Senado Federal est\u00e1 brincando com o futuro do Brasil. Em ano eleitoral, muita gente se mobiliza para a Presid\u00eancia, para o Governo do Estado, para a C\u00e2mara. Mas o Senado segue &hellip; Quem erra no senado, condena o pa\u00eds Read More &raquo;","og_url":"https:\/\/coisasdegentepreta.com.br\/index.php\/quem-erra-no-senado-condena-o-pais\/","article_publisher":"https:\/\/facebook.com\/cmmcomcoisasdegente","article_modified_time":"2026-01-11T22:22:41+00:00","og_image":[{"width":1024,"height":1024,"url":"https:\/\/coisasdegentepreta.com.br\/wp-content\/uploads\/2026\/01\/WhatsApp-Image-2026-01-11-at-07.41.11.jpeg","type":"image\/jpeg"}],"twitter_card":"summary_large_image","twitter_site":"@cmmcomcoisasdegente","twitter_misc":{"Est. reading time":"2 minutes"},"schema":{"@context":"https:\/\/schema.org","@graph":[{"@type":"WebPage","@id":"https:\/\/coisasdegentepreta.com.br\/index.php\/quem-erra-no-senado-condena-o-pais\/","url":"https:\/\/coisasdegentepreta.com.br\/index.php\/quem-erra-no-senado-condena-o-pais\/","name":"Quem erra no senado, condena o pa\u00eds -","isPartOf":{"@id":"https:\/\/coisasdegentepreta.com.br\/#website"},"primaryImageOfPage":{"@id":"https:\/\/coisasdegentepreta.com.br\/index.php\/quem-erra-no-senado-condena-o-pais\/#primaryimage"},"image":{"@id":"https:\/\/coisasdegentepreta.com.br\/index.php\/quem-erra-no-senado-condena-o-pais\/#primaryimage"},"thumbnailUrl":"https:\/\/coisasdegentepreta.com.br\/wp-content\/uploads\/2026\/01\/WhatsApp-Image-2026-01-11-at-07.41.11.jpeg","datePublished":"2026-01-11T22:19:28+00:00","dateModified":"2026-01-11T22:22:41+00:00","breadcrumb":{"@id":"https:\/\/coisasdegentepreta.com.br\/index.php\/quem-erra-no-senado-condena-o-pais\/#breadcrumb"},"inLanguage":"en-US","potentialAction":[{"@type":"ReadAction","target":["https:\/\/coisasdegentepreta.com.br\/index.php\/quem-erra-no-senado-condena-o-pais\/"]}]},{"@type":"ImageObject","inLanguage":"en-US","@id":"https:\/\/coisasdegentepreta.com.br\/index.php\/quem-erra-no-senado-condena-o-pais\/#primaryimage","url":"https:\/\/coisasdegentepreta.com.br\/wp-content\/uploads\/2026\/01\/WhatsApp-Image-2026-01-11-at-07.41.11.jpeg","contentUrl":"https:\/\/coisasdegentepreta.com.br\/wp-content\/uploads\/2026\/01\/WhatsApp-Image-2026-01-11-at-07.41.11.jpeg","width":1024,"height":1024},{"@type":"BreadcrumbList","@id":"https:\/\/coisasdegentepreta.com.br\/index.php\/quem-erra-no-senado-condena-o-pais\/#breadcrumb","itemListElement":[{"@type":"ListItem","position":1,"name":"ECMM","item":"https:\/\/coisasdegentepreta.com.br\/"},{"@type":"ListItem","position":2,"name":"Quem erra no senado, condena o pa\u00eds"}]},{"@type":"WebSite","@id":"https:\/\/coisasdegentepreta.com.br\/#website","url":"https:\/\/coisasdegentepreta.com.br\/","name":"https:\/\/coisasdegentepreta.com.br","description":"","publisher":{"@id":"https:\/\/coisasdegentepreta.com.br\/#organization"},"potentialAction":[{"@type":"SearchAction","target":{"@type":"EntryPoint","urlTemplate":"https:\/\/coisasdegentepreta.com.br\/?s={search_term_string}"},"query-input":{"@type":"PropertyValueSpecification","valueRequired":true,"valueName":"search_term_string"}}],"inLanguage":"en-US"},{"@type":"Organization","@id":"https:\/\/coisasdegentepreta.com.br\/#organization","name":"Espa\u00e7o de Capacita\u00e7\u00e3o M\u00e1rcio Madeira RJ","url":"https:\/\/coisasdegentepreta.com.br\/","logo":{"@type":"ImageObject","inLanguage":"en-US","@id":"https:\/\/coisasdegentepreta.com.br\/#\/schema\/logo\/image\/","url":"https:\/\/coisasdegentepreta.com.br\/wp-content\/uploads\/2023\/12\/logo-2.png","contentUrl":"https:\/\/coisasdegentepreta.com.br\/wp-content\/uploads\/2023\/12\/logo-2.png","width":2064,"height":1021,"caption":"Espa\u00e7o de Capacita\u00e7\u00e3o M\u00e1rcio Madeira RJ"},"image":{"@id":"https:\/\/coisasdegentepreta.com.br\/#\/schema\/logo\/image\/"},"sameAs":["https:\/\/facebook.com\/cmmcomcoisasdegente","https:\/\/x.com\/cmmcomcoisasdegente","https:\/\/instagram.com\/cmmcomcoisasdegente"]}]}},"_links":{"self":[{"href":"https:\/\/coisasdegentepreta.com.br\/index.php\/wp-json\/wp\/v2\/pages\/7692","targetHints":{"allow":["GET"]}}],"collection":[{"href":"https:\/\/coisasdegentepreta.com.br\/index.php\/wp-json\/wp\/v2\/pages"}],"about":[{"href":"https:\/\/coisasdegentepreta.com.br\/index.php\/wp-json\/wp\/v2\/types\/page"}],"author":[{"embeddable":true,"href":"https:\/\/coisasdegentepreta.com.br\/index.php\/wp-json\/wp\/v2\/users\/1"}],"replies":[{"embeddable":true,"href":"https:\/\/coisasdegentepreta.com.br\/index.php\/wp-json\/wp\/v2\/comments?post=7692"}],"version-history":[{"count":7,"href":"https:\/\/coisasdegentepreta.com.br\/index.php\/wp-json\/wp\/v2\/pages\/7692\/revisions"}],"predecessor-version":[{"id":7701,"href":"https:\/\/coisasdegentepreta.com.br\/index.php\/wp-json\/wp\/v2\/pages\/7692\/revisions\/7701"}],"wp:attachment":[{"href":"https:\/\/coisasdegentepreta.com.br\/index.php\/wp-json\/wp\/v2\/media?parent=7692"}],"curies":[{"name":"wp","href":"https:\/\/api.w.org\/{rel}","templated":true}]}}