{"id":7671,"date":"2026-01-09T21:34:21","date_gmt":"2026-01-10T00:34:21","guid":{"rendered":"https:\/\/coisasdegentepreta.com.br\/?page_id=7671"},"modified":"2026-01-09T21:37:55","modified_gmt":"2026-01-10T00:37:55","slug":"o-escuro-e-origem","status":"publish","type":"page","link":"https:\/\/coisasdegentepreta.com.br\/index.php\/o-escuro-e-origem\/","title":{"rendered":"O escuro \u00e9 origem"},"content":{"rendered":"\t\t<div data-elementor-type=\"wp-page\" data-elementor-id=\"7671\" class=\"elementor elementor-7671\">\n\t\t\t\t<div class=\"elementor-element elementor-element-9c196f7 e-flex e-con-boxed e-con e-parent\" data-id=\"9c196f7\" data-element_type=\"container\" data-settings=\"{&quot;background_background&quot;:&quot;classic&quot;}\">\n\t\t\t\t\t<div class=\"e-con-inner\">\n\t\t<div class=\"elementor-element elementor-element-35a084e e-con-full e-flex e-con e-child\" data-id=\"35a084e\" data-element_type=\"container\" data-settings=\"{&quot;background_background&quot;:&quot;classic&quot;}\">\n\t\t\t\t<div class=\"elementor-element elementor-element-7dd557a elementor-widget elementor-widget-image\" data-id=\"7dd557a\" data-element_type=\"widget\" data-widget_type=\"image.default\">\n\t\t\t\t<div class=\"elementor-widget-container\">\n\t\t\t\t\t\t\t\t\t\t\t\t\t\t\t<img fetchpriority=\"high\" decoding=\"async\" width=\"1536\" height=\"1024\" src=\"https:\/\/coisasdegentepreta.com.br\/wp-content\/uploads\/2026\/01\/WhatsApp-Image-2026-01-08-at-23.47.56.jpeg\" class=\"attachment-full size-full wp-image-7673\" alt=\"\" srcset=\"https:\/\/coisasdegentepreta.com.br\/wp-content\/uploads\/2026\/01\/WhatsApp-Image-2026-01-08-at-23.47.56.jpeg 1536w, https:\/\/coisasdegentepreta.com.br\/wp-content\/uploads\/2026\/01\/WhatsApp-Image-2026-01-08-at-23.47.56-300x200.jpeg 300w, https:\/\/coisasdegentepreta.com.br\/wp-content\/uploads\/2026\/01\/WhatsApp-Image-2026-01-08-at-23.47.56-1024x683.jpeg 1024w, https:\/\/coisasdegentepreta.com.br\/wp-content\/uploads\/2026\/01\/WhatsApp-Image-2026-01-08-at-23.47.56-768x512.jpeg 768w, https:\/\/coisasdegentepreta.com.br\/wp-content\/uploads\/2026\/01\/WhatsApp-Image-2026-01-08-at-23.47.56-600x400.jpeg 600w\" sizes=\"(max-width: 1536px) 100vw, 1536px\" \/>\t\t\t\t\t\t\t\t\t\t\t\t\t\t\t<\/div>\n\t\t\t\t<\/div>\n\t\t\t\t<\/div>\n\t\t<div class=\"elementor-element elementor-element-bded5be e-con-full e-flex e-con e-child\" data-id=\"bded5be\" data-element_type=\"container\" data-settings=\"{&quot;background_background&quot;:&quot;classic&quot;}\">\n\t\t\t\t<div class=\"elementor-element elementor-element-650fdf4 elementor-widget elementor-widget-heading\" data-id=\"650fdf4\" data-element_type=\"widget\" data-widget_type=\"heading.default\">\n\t\t\t\t<div class=\"elementor-widget-container\">\n\t\t\t\t\t<h2 class=\"elementor-heading-title elementor-size-default\">O \u201cnegativo\u201d na filosofia: por que ele \u00e9 necess\u00e1rio\n<\/h2>\t\t\t\t<\/div>\n\t\t\t\t<\/div>\n\t\t\t\t<div class=\"elementor-element elementor-element-b9707ec elementor-widget elementor-widget-text-editor\" data-id=\"b9707ec\" data-element_type=\"widget\" data-widget_type=\"text-editor.default\">\n\t\t\t\t<div class=\"elementor-widget-container\">\n\t\t\t\t\t\t\t\t\t<div>Na filosofia, o negativo n\u00e3o significa algo ruim.<\/div><div>Ele significa contraste, limite e diferen\u00e7a.<\/div><div>Sem o negativo, nada pode ser percebido, definido ou compreendido.<\/div><div>\u00a0<\/div><div>1. N\u00e3o existe luz sem sombra<\/div><div>\u00a0<\/div><div>A luz s\u00f3 \u00e9 reconhecida porque existe a sombra.<\/div><div>Se tudo fosse luz, n\u00e3o ver\u00edamos nada.<\/div><div>\u00c9 o contraste que permite a vis\u00e3o.<\/div><div>\u00a0<\/div><div>\u27a1\ufe0f A sombra n\u00e3o \u00e9 o erro da luz.<\/div><div>\u27a1\ufe0f Ela \u00e9 a condi\u00e7\u00e3o para que a luz exista como luz.<\/div><div>\u00a0<\/div><div>2. O negativo constr\u00f3i o positivo (dial\u00e9tica)<\/div><div>\u00a0<\/div><div>Na filosofia dial\u00e9tica (muito antes da pol\u00edtica moderna), a realidade se move assim:<\/div><div>\u2022Algo \u00e9<\/div><div>\u2022Algo nega<\/div><div>\u2022Dessa tens\u00e3o nasce algo novo<\/div><div>\u00a0<\/div><div>Sem nega\u00e7\u00e3o:<\/div><div>\u2022N\u00e3o h\u00e1 mudan\u00e7a<\/div><div>\u2022N\u00e3o h\u00e1 consci\u00eancia<\/div><div>\u2022N\u00e3o h\u00e1 avan\u00e7o<\/div><div>\u00a0<\/div><div>Ou seja, o negativo \u00e9 motor da transforma\u00e7\u00e3o.<\/div><div>\u00a0<\/div><div>3. O limite cria sentido<\/div><div>\u00a0<\/div><div>S\u00f3 sabemos o que \u00e9:<\/div><div>\u2022Dia, porque existe a noite<\/div><div>\u2022Sil\u00eancio, porque existe o som<\/div><div>\u2022Vida, porque existe a morte<\/div><div>\u00a0<\/div><div>O negativo delimita, e ao delimitar, d\u00e1 sentido.<\/div><div>\u00a0<\/div><div>Negar o negativo \u00e9 negar o pr\u00f3prio significado das coisas.<\/div><div>\u00a0<\/div><div>4. Na natureza, o escuro n\u00e3o \u00e9 aus\u00eancia \u00e9 origem<\/div><div>\u00a0<\/div><div>Antes da semente brotar, ela est\u00e1 no escuro da terra.<\/div><div>Antes do nascimento, a vida se forma no ventre fechado.<\/div><div>O universo nasce do vazio escuro.<\/div><div>\u00a0<\/div><div>\u27a1\ufe0f O escuro n\u00e3o \u00e9 fracasso.<\/div><div>\u27a1\ufe0f \u00c9 gesta\u00e7\u00e3o.<\/div><div>\u00a0<\/div><div>5. O erro hist\u00f3rico foi moralizar o negativo<\/div><div>\u00a0<\/div><div>O problema n\u00e3o \u00e9 o \u201cnegro\u201d ou o \u201cescuro\u201d.<\/div><div>O problema foi a civiliza\u00e7\u00e3o ocidental associar moralmente:<\/div><div>\u2022Claro = bom<\/div><div>\u2022Escuro = ruim<\/div><div>\u00a0<\/div><div>Isso n\u00e3o \u00e9 filosofia.<\/div><div>Isso \u00e9 ideologia racista travestida de moral.<\/div><div>\u00a0<\/div><div>Na filosofia africana tradicional, por exemplo:<\/div><div>\u2022O escuro \u00e9 pot\u00eancia<\/div><div>\u2022O sil\u00eancio \u00e9 sabedoria<\/div><div>\u2022O invis\u00edvel \u00e9 for\u00e7a<\/div><div>\u00a0<\/div><div>6. Aplicando \u00e0 palavra \u201cNegro\u201d<\/div><div>\u00a0<\/div><div>Quando dizem que \u201cnegro\u201d \u00e9 negativo, cometem dois erros:<\/div><div>1.Confundem negativo com mal<\/div><div>2.Reproduzem um valor racista que n\u00e3o \u00e9 natural, \u00e9 hist\u00f3rico<\/div><div>\u00a0<\/div><div>Sem o \u201cnegro\u201d, o \u201cbranco\u201d n\u00e3o se define.<\/div><div>Sem o contraste, n\u00e3o h\u00e1 mundo vis\u00edvel.<\/div>\t\t\t\t\t\t\t\t<\/div>\n\t\t\t\t<\/div>\n\t\t\t\t<\/div>\n\t\t\t\t\t<\/div>\n\t\t\t\t<\/div>\n\t\t\t\t<\/div>\n\t\t","protected":false},"excerpt":{"rendered":"<p>O \u201cnegativo\u201d na filosofia: por que ele \u00e9 necess\u00e1rio Na filosofia, o negativo n\u00e3o significa algo ruim.Ele significa contraste, limite e diferen\u00e7a.Sem o negativo, nada pode ser percebido, definido ou compreendido.\u00a01. N\u00e3o existe luz sem sombra\u00a0A luz s\u00f3 \u00e9 reconhecida porque existe a sombra.Se tudo fosse luz, n\u00e3o ver\u00edamos nada.\u00c9 o contraste que permite a &hellip;<\/p>\n<p class=\"read-more\"> <a class=\"\" href=\"https:\/\/coisasdegentepreta.com.br\/index.php\/o-escuro-e-origem\/\"> <span class=\"screen-reader-text\">O escuro \u00e9 origem<\/span> Read More &raquo;<\/a><\/p>\n","protected":false},"author":1,"featured_media":0,"parent":0,"menu_order":0,"comment_status":"closed","ping_status":"closed","template":"","meta":{"site-sidebar-layout":"no-sidebar","site-content-layout":"","ast-site-content-layout":"full-width-container","site-content-style":"default","site-sidebar-style":"default","ast-global-header-display":"","ast-banner-title-visibility":"","ast-main-header-display":"","ast-hfb-above-header-display":"","ast-hfb-below-header-display":"","ast-hfb-mobile-header-display":"","site-post-title":"disabled","ast-breadcrumbs-content":"","ast-featured-img":"disabled","footer-sml-layout":"","theme-transparent-header-meta":"","adv-header-id-meta":"","stick-header-meta":"","header-above-stick-meta":"","header-main-stick-meta":"","header-below-stick-meta":"","astra-migrate-meta-layouts":"default","ast-page-background-enabled":"default","ast-page-background-meta":{"desktop":{"background-color":"var(--ast-global-color-4)","background-image":"","background-repeat":"repeat","background-position":"center center","background-size":"auto","background-attachment":"scroll","background-type":"","background-media":"","overlay-type":"","overlay-color":"","overlay-gradient":""},"tablet":{"background-color":"","background-image":"","background-repeat":"repeat","background-position":"center center","background-size":"auto","background-attachment":"scroll","background-type":"","background-media":"","overlay-type":"","overlay-color":"","overlay-gradient":""},"mobile":{"background-color":"","background-image":"","background-repeat":"repeat","background-position":"center center","background-size":"auto","background-attachment":"scroll","background-type":"","background-media":"","overlay-type":"","overlay-color":"","overlay-gradient":""}},"ast-content-background-meta":{"desktop":{"background-color":"var(--ast-global-color-5)","background-image":"","background-repeat":"repeat","background-position":"center center","background-size":"auto","background-attachment":"scroll","background-type":"","background-media":"","overlay-type":"","overlay-color":"","overlay-gradient":""},"tablet":{"background-color":"var(--ast-global-color-5)","background-image":"","background-repeat":"repeat","background-position":"center center","background-size":"auto","background-attachment":"scroll","background-type":"","background-media":"","overlay-type":"","overlay-color":"","overlay-gradient":""},"mobile":{"background-color":"var(--ast-global-color-5)","background-image":"","background-repeat":"repeat","background-position":"center center","background-size":"auto","background-attachment":"scroll","background-type":"","background-media":"","overlay-type":"","overlay-color":"","overlay-gradient":""}},"footnotes":""},"class_list":["post-7671","page","type-page","status-publish","hentry"],"yoast_head":"<!-- This site is optimized with the Yoast SEO plugin v24.2 - https:\/\/yoast.com\/wordpress\/plugins\/seo\/ -->\n<title>O escuro \u00e9 origem -<\/title>\n<meta name=\"robots\" content=\"index, follow, max-snippet:-1, max-image-preview:large, max-video-preview:-1\" \/>\n<link rel=\"canonical\" href=\"https:\/\/coisasdegentepreta.com.br\/index.php\/o-escuro-e-origem\/\" \/>\n<meta property=\"og:locale\" content=\"en_US\" \/>\n<meta property=\"og:type\" content=\"article\" \/>\n<meta property=\"og:title\" content=\"O escuro \u00e9 origem -\" \/>\n<meta property=\"og:description\" content=\"O \u201cnegativo\u201d na filosofia: por que ele \u00e9 necess\u00e1rio Na filosofia, o negativo n\u00e3o significa algo ruim.Ele significa contraste, limite e diferen\u00e7a.Sem o negativo, nada pode ser percebido, definido ou compreendido.\u00a01. N\u00e3o existe luz sem sombra\u00a0A luz s\u00f3 \u00e9 reconhecida porque existe a sombra.Se tudo fosse luz, n\u00e3o ver\u00edamos nada.\u00c9 o contraste que permite a &hellip; O escuro \u00e9 origem Read More &raquo;\" \/>\n<meta property=\"og:url\" content=\"https:\/\/coisasdegentepreta.com.br\/index.php\/o-escuro-e-origem\/\" \/>\n<meta property=\"article:publisher\" content=\"https:\/\/facebook.com\/cmmcomcoisasdegente\" \/>\n<meta property=\"article:modified_time\" content=\"2026-01-10T00:37:55+00:00\" \/>\n<meta property=\"og:image\" content=\"https:\/\/coisasdegentepreta.com.br\/wp-content\/uploads\/2026\/01\/WhatsApp-Image-2026-01-08-at-23.47.56.jpeg\" \/>\n\t<meta property=\"og:image:width\" content=\"1536\" \/>\n\t<meta property=\"og:image:height\" content=\"1024\" \/>\n\t<meta property=\"og:image:type\" content=\"image\/jpeg\" \/>\n<meta name=\"twitter:card\" content=\"summary_large_image\" \/>\n<meta name=\"twitter:site\" content=\"@cmmcomcoisasdegente\" \/>\n<meta name=\"twitter:label1\" content=\"Est. reading time\" \/>\n\t<meta name=\"twitter:data1\" content=\"2 minutes\" \/>\n<script type=\"application\/ld+json\" class=\"yoast-schema-graph\">{\"@context\":\"https:\/\/schema.org\",\"@graph\":[{\"@type\":\"WebPage\",\"@id\":\"https:\/\/coisasdegentepreta.com.br\/index.php\/o-escuro-e-origem\/\",\"url\":\"https:\/\/coisasdegentepreta.com.br\/index.php\/o-escuro-e-origem\/\",\"name\":\"O escuro \u00e9 origem -\",\"isPartOf\":{\"@id\":\"https:\/\/coisasdegentepreta.com.br\/#website\"},\"primaryImageOfPage\":{\"@id\":\"https:\/\/coisasdegentepreta.com.br\/index.php\/o-escuro-e-origem\/#primaryimage\"},\"image\":{\"@id\":\"https:\/\/coisasdegentepreta.com.br\/index.php\/o-escuro-e-origem\/#primaryimage\"},\"thumbnailUrl\":\"https:\/\/coisasdegentepreta.com.br\/wp-content\/uploads\/2026\/01\/WhatsApp-Image-2026-01-08-at-23.47.56.jpeg\",\"datePublished\":\"2026-01-10T00:34:21+00:00\",\"dateModified\":\"2026-01-10T00:37:55+00:00\",\"breadcrumb\":{\"@id\":\"https:\/\/coisasdegentepreta.com.br\/index.php\/o-escuro-e-origem\/#breadcrumb\"},\"inLanguage\":\"en-US\",\"potentialAction\":[{\"@type\":\"ReadAction\",\"target\":[\"https:\/\/coisasdegentepreta.com.br\/index.php\/o-escuro-e-origem\/\"]}]},{\"@type\":\"ImageObject\",\"inLanguage\":\"en-US\",\"@id\":\"https:\/\/coisasdegentepreta.com.br\/index.php\/o-escuro-e-origem\/#primaryimage\",\"url\":\"https:\/\/coisasdegentepreta.com.br\/wp-content\/uploads\/2026\/01\/WhatsApp-Image-2026-01-08-at-23.47.56.jpeg\",\"contentUrl\":\"https:\/\/coisasdegentepreta.com.br\/wp-content\/uploads\/2026\/01\/WhatsApp-Image-2026-01-08-at-23.47.56.jpeg\",\"width\":1536,\"height\":1024},{\"@type\":\"BreadcrumbList\",\"@id\":\"https:\/\/coisasdegentepreta.com.br\/index.php\/o-escuro-e-origem\/#breadcrumb\",\"itemListElement\":[{\"@type\":\"ListItem\",\"position\":1,\"name\":\"ECMM\",\"item\":\"https:\/\/coisasdegentepreta.com.br\/\"},{\"@type\":\"ListItem\",\"position\":2,\"name\":\"O escuro \u00e9 origem\"}]},{\"@type\":\"WebSite\",\"@id\":\"https:\/\/coisasdegentepreta.com.br\/#website\",\"url\":\"https:\/\/coisasdegentepreta.com.br\/\",\"name\":\"https:\/\/coisasdegentepreta.com.br\",\"description\":\"\",\"publisher\":{\"@id\":\"https:\/\/coisasdegentepreta.com.br\/#organization\"},\"potentialAction\":[{\"@type\":\"SearchAction\",\"target\":{\"@type\":\"EntryPoint\",\"urlTemplate\":\"https:\/\/coisasdegentepreta.com.br\/?s={search_term_string}\"},\"query-input\":{\"@type\":\"PropertyValueSpecification\",\"valueRequired\":true,\"valueName\":\"search_term_string\"}}],\"inLanguage\":\"en-US\"},{\"@type\":\"Organization\",\"@id\":\"https:\/\/coisasdegentepreta.com.br\/#organization\",\"name\":\"Espa\u00e7o de Capacita\u00e7\u00e3o M\u00e1rcio Madeira RJ\",\"url\":\"https:\/\/coisasdegentepreta.com.br\/\",\"logo\":{\"@type\":\"ImageObject\",\"inLanguage\":\"en-US\",\"@id\":\"https:\/\/coisasdegentepreta.com.br\/#\/schema\/logo\/image\/\",\"url\":\"https:\/\/coisasdegentepreta.com.br\/wp-content\/uploads\/2023\/12\/logo-2.png\",\"contentUrl\":\"https:\/\/coisasdegentepreta.com.br\/wp-content\/uploads\/2023\/12\/logo-2.png\",\"width\":2064,\"height\":1021,\"caption\":\"Espa\u00e7o de Capacita\u00e7\u00e3o M\u00e1rcio Madeira RJ\"},\"image\":{\"@id\":\"https:\/\/coisasdegentepreta.com.br\/#\/schema\/logo\/image\/\"},\"sameAs\":[\"https:\/\/facebook.com\/cmmcomcoisasdegente\",\"https:\/\/x.com\/cmmcomcoisasdegente\",\"https:\/\/instagram.com\/cmmcomcoisasdegente\"]}]}<\/script>\n<!-- \/ Yoast SEO plugin. -->","yoast_head_json":{"title":"O escuro \u00e9 origem -","robots":{"index":"index","follow":"follow","max-snippet":"max-snippet:-1","max-image-preview":"max-image-preview:large","max-video-preview":"max-video-preview:-1"},"canonical":"https:\/\/coisasdegentepreta.com.br\/index.php\/o-escuro-e-origem\/","og_locale":"en_US","og_type":"article","og_title":"O escuro \u00e9 origem -","og_description":"O \u201cnegativo\u201d na filosofia: por que ele \u00e9 necess\u00e1rio Na filosofia, o negativo n\u00e3o significa algo ruim.Ele significa contraste, limite e diferen\u00e7a.Sem o negativo, nada pode ser percebido, definido ou compreendido.\u00a01. N\u00e3o existe luz sem sombra\u00a0A luz s\u00f3 \u00e9 reconhecida porque existe a sombra.Se tudo fosse luz, n\u00e3o ver\u00edamos nada.\u00c9 o contraste que permite a &hellip; O escuro \u00e9 origem Read More &raquo;","og_url":"https:\/\/coisasdegentepreta.com.br\/index.php\/o-escuro-e-origem\/","article_publisher":"https:\/\/facebook.com\/cmmcomcoisasdegente","article_modified_time":"2026-01-10T00:37:55+00:00","og_image":[{"width":1536,"height":1024,"url":"https:\/\/coisasdegentepreta.com.br\/wp-content\/uploads\/2026\/01\/WhatsApp-Image-2026-01-08-at-23.47.56.jpeg","type":"image\/jpeg"}],"twitter_card":"summary_large_image","twitter_site":"@cmmcomcoisasdegente","twitter_misc":{"Est. reading time":"2 minutes"},"schema":{"@context":"https:\/\/schema.org","@graph":[{"@type":"WebPage","@id":"https:\/\/coisasdegentepreta.com.br\/index.php\/o-escuro-e-origem\/","url":"https:\/\/coisasdegentepreta.com.br\/index.php\/o-escuro-e-origem\/","name":"O escuro \u00e9 origem -","isPartOf":{"@id":"https:\/\/coisasdegentepreta.com.br\/#website"},"primaryImageOfPage":{"@id":"https:\/\/coisasdegentepreta.com.br\/index.php\/o-escuro-e-origem\/#primaryimage"},"image":{"@id":"https:\/\/coisasdegentepreta.com.br\/index.php\/o-escuro-e-origem\/#primaryimage"},"thumbnailUrl":"https:\/\/coisasdegentepreta.com.br\/wp-content\/uploads\/2026\/01\/WhatsApp-Image-2026-01-08-at-23.47.56.jpeg","datePublished":"2026-01-10T00:34:21+00:00","dateModified":"2026-01-10T00:37:55+00:00","breadcrumb":{"@id":"https:\/\/coisasdegentepreta.com.br\/index.php\/o-escuro-e-origem\/#breadcrumb"},"inLanguage":"en-US","potentialAction":[{"@type":"ReadAction","target":["https:\/\/coisasdegentepreta.com.br\/index.php\/o-escuro-e-origem\/"]}]},{"@type":"ImageObject","inLanguage":"en-US","@id":"https:\/\/coisasdegentepreta.com.br\/index.php\/o-escuro-e-origem\/#primaryimage","url":"https:\/\/coisasdegentepreta.com.br\/wp-content\/uploads\/2026\/01\/WhatsApp-Image-2026-01-08-at-23.47.56.jpeg","contentUrl":"https:\/\/coisasdegentepreta.com.br\/wp-content\/uploads\/2026\/01\/WhatsApp-Image-2026-01-08-at-23.47.56.jpeg","width":1536,"height":1024},{"@type":"BreadcrumbList","@id":"https:\/\/coisasdegentepreta.com.br\/index.php\/o-escuro-e-origem\/#breadcrumb","itemListElement":[{"@type":"ListItem","position":1,"name":"ECMM","item":"https:\/\/coisasdegentepreta.com.br\/"},{"@type":"ListItem","position":2,"name":"O escuro \u00e9 origem"}]},{"@type":"WebSite","@id":"https:\/\/coisasdegentepreta.com.br\/#website","url":"https:\/\/coisasdegentepreta.com.br\/","name":"https:\/\/coisasdegentepreta.com.br","description":"","publisher":{"@id":"https:\/\/coisasdegentepreta.com.br\/#organization"},"potentialAction":[{"@type":"SearchAction","target":{"@type":"EntryPoint","urlTemplate":"https:\/\/coisasdegentepreta.com.br\/?s={search_term_string}"},"query-input":{"@type":"PropertyValueSpecification","valueRequired":true,"valueName":"search_term_string"}}],"inLanguage":"en-US"},{"@type":"Organization","@id":"https:\/\/coisasdegentepreta.com.br\/#organization","name":"Espa\u00e7o de Capacita\u00e7\u00e3o M\u00e1rcio Madeira RJ","url":"https:\/\/coisasdegentepreta.com.br\/","logo":{"@type":"ImageObject","inLanguage":"en-US","@id":"https:\/\/coisasdegentepreta.com.br\/#\/schema\/logo\/image\/","url":"https:\/\/coisasdegentepreta.com.br\/wp-content\/uploads\/2023\/12\/logo-2.png","contentUrl":"https:\/\/coisasdegentepreta.com.br\/wp-content\/uploads\/2023\/12\/logo-2.png","width":2064,"height":1021,"caption":"Espa\u00e7o de Capacita\u00e7\u00e3o M\u00e1rcio Madeira RJ"},"image":{"@id":"https:\/\/coisasdegentepreta.com.br\/#\/schema\/logo\/image\/"},"sameAs":["https:\/\/facebook.com\/cmmcomcoisasdegente","https:\/\/x.com\/cmmcomcoisasdegente","https:\/\/instagram.com\/cmmcomcoisasdegente"]}]}},"_links":{"self":[{"href":"https:\/\/coisasdegentepreta.com.br\/index.php\/wp-json\/wp\/v2\/pages\/7671","targetHints":{"allow":["GET"]}}],"collection":[{"href":"https:\/\/coisasdegentepreta.com.br\/index.php\/wp-json\/wp\/v2\/pages"}],"about":[{"href":"https:\/\/coisasdegentepreta.com.br\/index.php\/wp-json\/wp\/v2\/types\/page"}],"author":[{"embeddable":true,"href":"https:\/\/coisasdegentepreta.com.br\/index.php\/wp-json\/wp\/v2\/users\/1"}],"replies":[{"embeddable":true,"href":"https:\/\/coisasdegentepreta.com.br\/index.php\/wp-json\/wp\/v2\/comments?post=7671"}],"version-history":[{"count":4,"href":"https:\/\/coisasdegentepreta.com.br\/index.php\/wp-json\/wp\/v2\/pages\/7671\/revisions"}],"predecessor-version":[{"id":7677,"href":"https:\/\/coisasdegentepreta.com.br\/index.php\/wp-json\/wp\/v2\/pages\/7671\/revisions\/7677"}],"wp:attachment":[{"href":"https:\/\/coisasdegentepreta.com.br\/index.php\/wp-json\/wp\/v2\/media?parent=7671"}],"curies":[{"name":"wp","href":"https:\/\/api.w.org\/{rel}","templated":true}]}}