{"id":7651,"date":"2026-01-06T22:29:29","date_gmt":"2026-01-07T01:29:29","guid":{"rendered":"https:\/\/coisasdegentepreta.com.br\/?page_id=7651"},"modified":"2026-01-06T22:32:36","modified_gmt":"2026-01-07T01:32:36","slug":"economizar-em-2026-quando-nao-nos-ensinam-a-guardar-mas-a-gastar","status":"publish","type":"page","link":"https:\/\/coisasdegentepreta.com.br\/index.php\/economizar-em-2026-quando-nao-nos-ensinam-a-guardar-mas-a-gastar\/","title":{"rendered":"Economizar em 2026: quando n\u00e3o nos ensinam a guardar, mas a gastar"},"content":{"rendered":"\t\t<div data-elementor-type=\"wp-page\" data-elementor-id=\"7651\" class=\"elementor elementor-7651\">\n\t\t\t\t<div class=\"elementor-element elementor-element-5d56c70 e-flex e-con-boxed e-con e-parent\" data-id=\"5d56c70\" data-element_type=\"container\" data-settings=\"{&quot;background_background&quot;:&quot;classic&quot;}\">\n\t\t\t\t\t<div class=\"e-con-inner\">\n\t\t<div class=\"elementor-element elementor-element-e19a487 e-con-full e-flex e-con e-child\" data-id=\"e19a487\" data-element_type=\"container\" data-settings=\"{&quot;background_background&quot;:&quot;classic&quot;}\">\n\t\t\t\t<div class=\"elementor-element elementor-element-d50e7cd elementor-widget elementor-widget-image\" data-id=\"d50e7cd\" data-element_type=\"widget\" data-widget_type=\"image.default\">\n\t\t\t\t<div class=\"elementor-widget-container\">\n\t\t\t\t\t\t\t\t\t\t\t\t\t\t\t<img fetchpriority=\"high\" decoding=\"async\" width=\"1536\" height=\"1024\" src=\"https:\/\/coisasdegentepreta.com.br\/wp-content\/uploads\/2026\/01\/WhatsApp-Image-2026-01-06-at-21.35.47.jpeg\" class=\"attachment-full size-full wp-image-7653\" alt=\"\" srcset=\"https:\/\/coisasdegentepreta.com.br\/wp-content\/uploads\/2026\/01\/WhatsApp-Image-2026-01-06-at-21.35.47.jpeg 1536w, https:\/\/coisasdegentepreta.com.br\/wp-content\/uploads\/2026\/01\/WhatsApp-Image-2026-01-06-at-21.35.47-300x200.jpeg 300w, https:\/\/coisasdegentepreta.com.br\/wp-content\/uploads\/2026\/01\/WhatsApp-Image-2026-01-06-at-21.35.47-1024x683.jpeg 1024w, https:\/\/coisasdegentepreta.com.br\/wp-content\/uploads\/2026\/01\/WhatsApp-Image-2026-01-06-at-21.35.47-768x512.jpeg 768w, https:\/\/coisasdegentepreta.com.br\/wp-content\/uploads\/2026\/01\/WhatsApp-Image-2026-01-06-at-21.35.47-600x400.jpeg 600w\" sizes=\"(max-width: 1536px) 100vw, 1536px\" \/>\t\t\t\t\t\t\t\t\t\t\t\t\t\t\t<\/div>\n\t\t\t\t<\/div>\n\t\t\t\t<\/div>\n\t\t<div class=\"elementor-element elementor-element-8c28477 e-con-full e-flex e-con e-child\" data-id=\"8c28477\" data-element_type=\"container\" data-settings=\"{&quot;background_background&quot;:&quot;classic&quot;}\">\n\t\t\t\t<div class=\"elementor-element elementor-element-d4b4df1 elementor-widget elementor-widget-heading\" data-id=\"d4b4df1\" data-element_type=\"widget\" data-widget_type=\"heading.default\">\n\t\t\t\t<div class=\"elementor-widget-container\">\n\t\t\t\t\t<h2 class=\"elementor-heading-title elementor-size-default\">Economizar em 2026: quando n\u00e3o nos ensinam a guardar, mas a gastar\n<\/h2>\t\t\t\t<\/div>\n\t\t\t\t<\/div>\n\t\t\t\t<div class=\"elementor-element elementor-element-54698a1 elementor-widget elementor-widget-text-editor\" data-id=\"54698a1\" data-element_type=\"widget\" data-widget_type=\"text-editor.default\">\n\t\t\t\t<div class=\"elementor-widget-container\">\n\t\t\t\t\t\t\t\t\t<p>A popula\u00e7\u00e3o negra nunca foi estimulada a economizar.<br \/>O sistema nos empurra para o consumo imediato, para o parcelamento infinito e para o endividamento como forma de pertencimento.<\/p><p>Economizar em 2026 \u00e9 romper com esse roteiro.<\/p><p>N\u00e3o se trata de falta de disciplina individual, mas de um projeto hist\u00f3rico que sempre dificultou a autonomia financeira negra. Planejar, poupar e organizar o pouco que se tem sempre foi visto como amea\u00e7a.<\/p><p>Economizar, na pr\u00e1tica, come\u00e7a com gestos simples:<br \/>olhar para os pr\u00f3prios gastos, cortar excessos que viraram h\u00e1bito, criar uma reserva ainda que m\u00ednima e evitar o cr\u00e9dito como solu\u00e7\u00e3o permanente. Comprar menos, comprar melhor e pensar antes de desejar tamb\u00e9m \u00e9 economia.<\/p><p>Quando poss\u00edvel, fortalecer a economia negra \u00e9 parte desse processo. O dinheiro precisa circular entre os nossos para gerar f\u00f4lego coletivo.<\/p><p>Cr\u00e9dito f\u00e1cil n\u00e3o \u00e9 inclus\u00e3o financeira. \u00c9 controle.<\/p><p>Juros altos, parcelamentos longos e d\u00edvidas intermin\u00e1veis mant\u00eam corpos negros presos ao ciclo da escassez.<\/p><p>Economizar tamb\u00e9m \u00e9 um gesto racial.<\/p><p>Em 2026, poupar \u00e9 sobreviv\u00eancia, dignidade e resist\u00eancia.<\/p>\t\t\t\t\t\t\t\t<\/div>\n\t\t\t\t<\/div>\n\t\t\t\t<\/div>\n\t\t\t\t\t<\/div>\n\t\t\t\t<\/div>\n\t\t\t\t<\/div>\n\t\t","protected":false},"excerpt":{"rendered":"<p>Economizar em 2026: quando n\u00e3o nos ensinam a guardar, mas a gastar A popula\u00e7\u00e3o negra nunca foi estimulada a economizar.O sistema nos empurra para o consumo imediato, para o parcelamento infinito e para o endividamento como forma de pertencimento. Economizar em 2026 \u00e9 romper com esse roteiro. N\u00e3o se trata de falta de disciplina individual, &hellip;<\/p>\n<p class=\"read-more\"> <a class=\"\" href=\"https:\/\/coisasdegentepreta.com.br\/index.php\/economizar-em-2026-quando-nao-nos-ensinam-a-guardar-mas-a-gastar\/\"> <span class=\"screen-reader-text\">Economizar em 2026: quando n\u00e3o nos ensinam a guardar, mas a gastar<\/span> Read More &raquo;<\/a><\/p>\n","protected":false},"author":1,"featured_media":0,"parent":0,"menu_order":0,"comment_status":"closed","ping_status":"closed","template":"","meta":{"site-sidebar-layout":"no-sidebar","site-content-layout":"","ast-site-content-layout":"full-width-container","site-content-style":"default","site-sidebar-style":"default","ast-global-header-display":"","ast-banner-title-visibility":"","ast-main-header-display":"","ast-hfb-above-header-display":"","ast-hfb-below-header-display":"","ast-hfb-mobile-header-display":"","site-post-title":"disabled","ast-breadcrumbs-content":"","ast-featured-img":"disabled","footer-sml-layout":"","theme-transparent-header-meta":"","adv-header-id-meta":"","stick-header-meta":"","header-above-stick-meta":"","header-main-stick-meta":"","header-below-stick-meta":"","astra-migrate-meta-layouts":"default","ast-page-background-enabled":"default","ast-page-background-meta":{"desktop":{"background-color":"var(--ast-global-color-4)","background-image":"","background-repeat":"repeat","background-position":"center center","background-size":"auto","background-attachment":"scroll","background-type":"","background-media":"","overlay-type":"","overlay-color":"","overlay-gradient":""},"tablet":{"background-color":"","background-image":"","background-repeat":"repeat","background-position":"center center","background-size":"auto","background-attachment":"scroll","background-type":"","background-media":"","overlay-type":"","overlay-color":"","overlay-gradient":""},"mobile":{"background-color":"","background-image":"","background-repeat":"repeat","background-position":"center center","background-size":"auto","background-attachment":"scroll","background-type":"","background-media":"","overlay-type":"","overlay-color":"","overlay-gradient":""}},"ast-content-background-meta":{"desktop":{"background-color":"var(--ast-global-color-5)","background-image":"","background-repeat":"repeat","background-position":"center center","background-size":"auto","background-attachment":"scroll","background-type":"","background-media":"","overlay-type":"","overlay-color":"","overlay-gradient":""},"tablet":{"background-color":"var(--ast-global-color-5)","background-image":"","background-repeat":"repeat","background-position":"center center","background-size":"auto","background-attachment":"scroll","background-type":"","background-media":"","overlay-type":"","overlay-color":"","overlay-gradient":""},"mobile":{"background-color":"var(--ast-global-color-5)","background-image":"","background-repeat":"repeat","background-position":"center center","background-size":"auto","background-attachment":"scroll","background-type":"","background-media":"","overlay-type":"","overlay-color":"","overlay-gradient":""}},"footnotes":""},"class_list":["post-7651","page","type-page","status-publish","hentry"],"yoast_head":"<!-- This site is optimized with the Yoast SEO plugin v24.2 - https:\/\/yoast.com\/wordpress\/plugins\/seo\/ -->\n<title>Economizar em 2026: quando n\u00e3o nos ensinam a guardar, mas a gastar -<\/title>\n<meta name=\"robots\" content=\"index, follow, max-snippet:-1, max-image-preview:large, max-video-preview:-1\" \/>\n<link rel=\"canonical\" href=\"https:\/\/coisasdegentepreta.com.br\/index.php\/economizar-em-2026-quando-nao-nos-ensinam-a-guardar-mas-a-gastar\/\" \/>\n<meta property=\"og:locale\" content=\"en_US\" \/>\n<meta property=\"og:type\" content=\"article\" \/>\n<meta property=\"og:title\" content=\"Economizar em 2026: quando n\u00e3o nos ensinam a guardar, mas a gastar -\" \/>\n<meta property=\"og:description\" content=\"Economizar em 2026: quando n\u00e3o nos ensinam a guardar, mas a gastar A popula\u00e7\u00e3o negra nunca foi estimulada a economizar.O sistema nos empurra para o consumo imediato, para o parcelamento infinito e para o endividamento como forma de pertencimento. Economizar em 2026 \u00e9 romper com esse roteiro. N\u00e3o se trata de falta de disciplina individual, &hellip; Economizar em 2026: quando n\u00e3o nos ensinam a guardar, mas a gastar Read More &raquo;\" \/>\n<meta property=\"og:url\" content=\"https:\/\/coisasdegentepreta.com.br\/index.php\/economizar-em-2026-quando-nao-nos-ensinam-a-guardar-mas-a-gastar\/\" \/>\n<meta property=\"article:publisher\" content=\"https:\/\/facebook.com\/cmmcomcoisasdegente\" \/>\n<meta property=\"article:modified_time\" content=\"2026-01-07T01:32:36+00:00\" \/>\n<meta property=\"og:image\" content=\"https:\/\/coisasdegentepreta.com.br\/wp-content\/uploads\/2026\/01\/WhatsApp-Image-2026-01-06-at-21.35.47.jpeg\" \/>\n\t<meta property=\"og:image:width\" content=\"1536\" \/>\n\t<meta property=\"og:image:height\" content=\"1024\" \/>\n\t<meta property=\"og:image:type\" content=\"image\/jpeg\" \/>\n<meta name=\"twitter:card\" content=\"summary_large_image\" \/>\n<meta name=\"twitter:site\" content=\"@cmmcomcoisasdegente\" \/>\n<meta name=\"twitter:label1\" content=\"Est. reading time\" \/>\n\t<meta name=\"twitter:data1\" content=\"1 minute\" \/>\n<script type=\"application\/ld+json\" class=\"yoast-schema-graph\">{\"@context\":\"https:\/\/schema.org\",\"@graph\":[{\"@type\":\"WebPage\",\"@id\":\"https:\/\/coisasdegentepreta.com.br\/index.php\/economizar-em-2026-quando-nao-nos-ensinam-a-guardar-mas-a-gastar\/\",\"url\":\"https:\/\/coisasdegentepreta.com.br\/index.php\/economizar-em-2026-quando-nao-nos-ensinam-a-guardar-mas-a-gastar\/\",\"name\":\"Economizar em 2026: quando n\u00e3o nos ensinam a guardar, mas a gastar -\",\"isPartOf\":{\"@id\":\"https:\/\/coisasdegentepreta.com.br\/#website\"},\"primaryImageOfPage\":{\"@id\":\"https:\/\/coisasdegentepreta.com.br\/index.php\/economizar-em-2026-quando-nao-nos-ensinam-a-guardar-mas-a-gastar\/#primaryimage\"},\"image\":{\"@id\":\"https:\/\/coisasdegentepreta.com.br\/index.php\/economizar-em-2026-quando-nao-nos-ensinam-a-guardar-mas-a-gastar\/#primaryimage\"},\"thumbnailUrl\":\"https:\/\/coisasdegentepreta.com.br\/wp-content\/uploads\/2026\/01\/WhatsApp-Image-2026-01-06-at-21.35.47.jpeg\",\"datePublished\":\"2026-01-07T01:29:29+00:00\",\"dateModified\":\"2026-01-07T01:32:36+00:00\",\"breadcrumb\":{\"@id\":\"https:\/\/coisasdegentepreta.com.br\/index.php\/economizar-em-2026-quando-nao-nos-ensinam-a-guardar-mas-a-gastar\/#breadcrumb\"},\"inLanguage\":\"en-US\",\"potentialAction\":[{\"@type\":\"ReadAction\",\"target\":[\"https:\/\/coisasdegentepreta.com.br\/index.php\/economizar-em-2026-quando-nao-nos-ensinam-a-guardar-mas-a-gastar\/\"]}]},{\"@type\":\"ImageObject\",\"inLanguage\":\"en-US\",\"@id\":\"https:\/\/coisasdegentepreta.com.br\/index.php\/economizar-em-2026-quando-nao-nos-ensinam-a-guardar-mas-a-gastar\/#primaryimage\",\"url\":\"https:\/\/coisasdegentepreta.com.br\/wp-content\/uploads\/2026\/01\/WhatsApp-Image-2026-01-06-at-21.35.47.jpeg\",\"contentUrl\":\"https:\/\/coisasdegentepreta.com.br\/wp-content\/uploads\/2026\/01\/WhatsApp-Image-2026-01-06-at-21.35.47.jpeg\",\"width\":1536,\"height\":1024},{\"@type\":\"BreadcrumbList\",\"@id\":\"https:\/\/coisasdegentepreta.com.br\/index.php\/economizar-em-2026-quando-nao-nos-ensinam-a-guardar-mas-a-gastar\/#breadcrumb\",\"itemListElement\":[{\"@type\":\"ListItem\",\"position\":1,\"name\":\"ECMM\",\"item\":\"https:\/\/coisasdegentepreta.com.br\/\"},{\"@type\":\"ListItem\",\"position\":2,\"name\":\"Economizar em 2026: quando n\u00e3o nos ensinam a guardar, mas a gastar\"}]},{\"@type\":\"WebSite\",\"@id\":\"https:\/\/coisasdegentepreta.com.br\/#website\",\"url\":\"https:\/\/coisasdegentepreta.com.br\/\",\"name\":\"https:\/\/coisasdegentepreta.com.br\",\"description\":\"\",\"publisher\":{\"@id\":\"https:\/\/coisasdegentepreta.com.br\/#organization\"},\"potentialAction\":[{\"@type\":\"SearchAction\",\"target\":{\"@type\":\"EntryPoint\",\"urlTemplate\":\"https:\/\/coisasdegentepreta.com.br\/?s={search_term_string}\"},\"query-input\":{\"@type\":\"PropertyValueSpecification\",\"valueRequired\":true,\"valueName\":\"search_term_string\"}}],\"inLanguage\":\"en-US\"},{\"@type\":\"Organization\",\"@id\":\"https:\/\/coisasdegentepreta.com.br\/#organization\",\"name\":\"Espa\u00e7o de Capacita\u00e7\u00e3o M\u00e1rcio Madeira RJ\",\"url\":\"https:\/\/coisasdegentepreta.com.br\/\",\"logo\":{\"@type\":\"ImageObject\",\"inLanguage\":\"en-US\",\"@id\":\"https:\/\/coisasdegentepreta.com.br\/#\/schema\/logo\/image\/\",\"url\":\"https:\/\/coisasdegentepreta.com.br\/wp-content\/uploads\/2023\/12\/logo-2.png\",\"contentUrl\":\"https:\/\/coisasdegentepreta.com.br\/wp-content\/uploads\/2023\/12\/logo-2.png\",\"width\":2064,\"height\":1021,\"caption\":\"Espa\u00e7o de Capacita\u00e7\u00e3o M\u00e1rcio Madeira RJ\"},\"image\":{\"@id\":\"https:\/\/coisasdegentepreta.com.br\/#\/schema\/logo\/image\/\"},\"sameAs\":[\"https:\/\/facebook.com\/cmmcomcoisasdegente\",\"https:\/\/x.com\/cmmcomcoisasdegente\",\"https:\/\/instagram.com\/cmmcomcoisasdegente\"]}]}<\/script>\n<!-- \/ Yoast SEO plugin. -->","yoast_head_json":{"title":"Economizar em 2026: quando n\u00e3o nos ensinam a guardar, mas a gastar -","robots":{"index":"index","follow":"follow","max-snippet":"max-snippet:-1","max-image-preview":"max-image-preview:large","max-video-preview":"max-video-preview:-1"},"canonical":"https:\/\/coisasdegentepreta.com.br\/index.php\/economizar-em-2026-quando-nao-nos-ensinam-a-guardar-mas-a-gastar\/","og_locale":"en_US","og_type":"article","og_title":"Economizar em 2026: quando n\u00e3o nos ensinam a guardar, mas a gastar -","og_description":"Economizar em 2026: quando n\u00e3o nos ensinam a guardar, mas a gastar A popula\u00e7\u00e3o negra nunca foi estimulada a economizar.O sistema nos empurra para o consumo imediato, para o parcelamento infinito e para o endividamento como forma de pertencimento. Economizar em 2026 \u00e9 romper com esse roteiro. N\u00e3o se trata de falta de disciplina individual, &hellip; Economizar em 2026: quando n\u00e3o nos ensinam a guardar, mas a gastar Read More &raquo;","og_url":"https:\/\/coisasdegentepreta.com.br\/index.php\/economizar-em-2026-quando-nao-nos-ensinam-a-guardar-mas-a-gastar\/","article_publisher":"https:\/\/facebook.com\/cmmcomcoisasdegente","article_modified_time":"2026-01-07T01:32:36+00:00","og_image":[{"width":1536,"height":1024,"url":"https:\/\/coisasdegentepreta.com.br\/wp-content\/uploads\/2026\/01\/WhatsApp-Image-2026-01-06-at-21.35.47.jpeg","type":"image\/jpeg"}],"twitter_card":"summary_large_image","twitter_site":"@cmmcomcoisasdegente","twitter_misc":{"Est. reading time":"1 minute"},"schema":{"@context":"https:\/\/schema.org","@graph":[{"@type":"WebPage","@id":"https:\/\/coisasdegentepreta.com.br\/index.php\/economizar-em-2026-quando-nao-nos-ensinam-a-guardar-mas-a-gastar\/","url":"https:\/\/coisasdegentepreta.com.br\/index.php\/economizar-em-2026-quando-nao-nos-ensinam-a-guardar-mas-a-gastar\/","name":"Economizar em 2026: quando n\u00e3o nos ensinam a guardar, mas a gastar -","isPartOf":{"@id":"https:\/\/coisasdegentepreta.com.br\/#website"},"primaryImageOfPage":{"@id":"https:\/\/coisasdegentepreta.com.br\/index.php\/economizar-em-2026-quando-nao-nos-ensinam-a-guardar-mas-a-gastar\/#primaryimage"},"image":{"@id":"https:\/\/coisasdegentepreta.com.br\/index.php\/economizar-em-2026-quando-nao-nos-ensinam-a-guardar-mas-a-gastar\/#primaryimage"},"thumbnailUrl":"https:\/\/coisasdegentepreta.com.br\/wp-content\/uploads\/2026\/01\/WhatsApp-Image-2026-01-06-at-21.35.47.jpeg","datePublished":"2026-01-07T01:29:29+00:00","dateModified":"2026-01-07T01:32:36+00:00","breadcrumb":{"@id":"https:\/\/coisasdegentepreta.com.br\/index.php\/economizar-em-2026-quando-nao-nos-ensinam-a-guardar-mas-a-gastar\/#breadcrumb"},"inLanguage":"en-US","potentialAction":[{"@type":"ReadAction","target":["https:\/\/coisasdegentepreta.com.br\/index.php\/economizar-em-2026-quando-nao-nos-ensinam-a-guardar-mas-a-gastar\/"]}]},{"@type":"ImageObject","inLanguage":"en-US","@id":"https:\/\/coisasdegentepreta.com.br\/index.php\/economizar-em-2026-quando-nao-nos-ensinam-a-guardar-mas-a-gastar\/#primaryimage","url":"https:\/\/coisasdegentepreta.com.br\/wp-content\/uploads\/2026\/01\/WhatsApp-Image-2026-01-06-at-21.35.47.jpeg","contentUrl":"https:\/\/coisasdegentepreta.com.br\/wp-content\/uploads\/2026\/01\/WhatsApp-Image-2026-01-06-at-21.35.47.jpeg","width":1536,"height":1024},{"@type":"BreadcrumbList","@id":"https:\/\/coisasdegentepreta.com.br\/index.php\/economizar-em-2026-quando-nao-nos-ensinam-a-guardar-mas-a-gastar\/#breadcrumb","itemListElement":[{"@type":"ListItem","position":1,"name":"ECMM","item":"https:\/\/coisasdegentepreta.com.br\/"},{"@type":"ListItem","position":2,"name":"Economizar em 2026: quando n\u00e3o nos ensinam a guardar, mas a gastar"}]},{"@type":"WebSite","@id":"https:\/\/coisasdegentepreta.com.br\/#website","url":"https:\/\/coisasdegentepreta.com.br\/","name":"https:\/\/coisasdegentepreta.com.br","description":"","publisher":{"@id":"https:\/\/coisasdegentepreta.com.br\/#organization"},"potentialAction":[{"@type":"SearchAction","target":{"@type":"EntryPoint","urlTemplate":"https:\/\/coisasdegentepreta.com.br\/?s={search_term_string}"},"query-input":{"@type":"PropertyValueSpecification","valueRequired":true,"valueName":"search_term_string"}}],"inLanguage":"en-US"},{"@type":"Organization","@id":"https:\/\/coisasdegentepreta.com.br\/#organization","name":"Espa\u00e7o de Capacita\u00e7\u00e3o M\u00e1rcio Madeira RJ","url":"https:\/\/coisasdegentepreta.com.br\/","logo":{"@type":"ImageObject","inLanguage":"en-US","@id":"https:\/\/coisasdegentepreta.com.br\/#\/schema\/logo\/image\/","url":"https:\/\/coisasdegentepreta.com.br\/wp-content\/uploads\/2023\/12\/logo-2.png","contentUrl":"https:\/\/coisasdegentepreta.com.br\/wp-content\/uploads\/2023\/12\/logo-2.png","width":2064,"height":1021,"caption":"Espa\u00e7o de Capacita\u00e7\u00e3o M\u00e1rcio Madeira RJ"},"image":{"@id":"https:\/\/coisasdegentepreta.com.br\/#\/schema\/logo\/image\/"},"sameAs":["https:\/\/facebook.com\/cmmcomcoisasdegente","https:\/\/x.com\/cmmcomcoisasdegente","https:\/\/instagram.com\/cmmcomcoisasdegente"]}]}},"_links":{"self":[{"href":"https:\/\/coisasdegentepreta.com.br\/index.php\/wp-json\/wp\/v2\/pages\/7651","targetHints":{"allow":["GET"]}}],"collection":[{"href":"https:\/\/coisasdegentepreta.com.br\/index.php\/wp-json\/wp\/v2\/pages"}],"about":[{"href":"https:\/\/coisasdegentepreta.com.br\/index.php\/wp-json\/wp\/v2\/types\/page"}],"author":[{"embeddable":true,"href":"https:\/\/coisasdegentepreta.com.br\/index.php\/wp-json\/wp\/v2\/users\/1"}],"replies":[{"embeddable":true,"href":"https:\/\/coisasdegentepreta.com.br\/index.php\/wp-json\/wp\/v2\/comments?post=7651"}],"version-history":[{"count":4,"href":"https:\/\/coisasdegentepreta.com.br\/index.php\/wp-json\/wp\/v2\/pages\/7651\/revisions"}],"predecessor-version":[{"id":7656,"href":"https:\/\/coisasdegentepreta.com.br\/index.php\/wp-json\/wp\/v2\/pages\/7651\/revisions\/7656"}],"wp:attachment":[{"href":"https:\/\/coisasdegentepreta.com.br\/index.php\/wp-json\/wp\/v2\/media?parent=7651"}],"curies":[{"name":"wp","href":"https:\/\/api.w.org\/{rel}","templated":true}]}}