{"id":7628,"date":"2026-01-04T14:17:27","date_gmt":"2026-01-04T17:17:27","guid":{"rendered":"https:\/\/coisasdegentepreta.com.br\/?page_id=7628"},"modified":"2026-01-04T14:19:39","modified_gmt":"2026-01-04T17:19:39","slug":"e-preciso-fazer-alguma-coisa","status":"publish","type":"page","link":"https:\/\/coisasdegentepreta.com.br\/index.php\/e-preciso-fazer-alguma-coisa\/","title":{"rendered":"\u00c9 preciso fazer alguma coisa"},"content":{"rendered":"\t\t<div data-elementor-type=\"wp-page\" data-elementor-id=\"7628\" class=\"elementor elementor-7628\">\n\t\t\t\t<div class=\"elementor-element elementor-element-df18bfb e-flex e-con-boxed e-con e-parent\" data-id=\"df18bfb\" data-element_type=\"container\" data-settings=\"{&quot;background_background&quot;:&quot;classic&quot;}\">\n\t\t\t\t\t<div class=\"e-con-inner\">\n\t\t<div class=\"elementor-element elementor-element-0560eb8 e-con-full e-flex e-con e-child\" data-id=\"0560eb8\" data-element_type=\"container\" data-settings=\"{&quot;background_background&quot;:&quot;classic&quot;}\">\n\t\t\t\t<div class=\"elementor-element elementor-element-d2bc421 elementor-widget elementor-widget-image\" data-id=\"d2bc421\" data-element_type=\"widget\" data-widget_type=\"image.default\">\n\t\t\t\t<div class=\"elementor-widget-container\">\n\t\t\t\t\t\t\t\t\t\t\t\t\t\t\t<img fetchpriority=\"high\" decoding=\"async\" width=\"1536\" height=\"1024\" src=\"https:\/\/coisasdegentepreta.com.br\/wp-content\/uploads\/2026\/01\/WhatsApp-Image-2026-01-04-at-10.31.12.jpeg\" class=\"attachment-full size-full wp-image-7630\" alt=\"\" srcset=\"https:\/\/coisasdegentepreta.com.br\/wp-content\/uploads\/2026\/01\/WhatsApp-Image-2026-01-04-at-10.31.12.jpeg 1536w, https:\/\/coisasdegentepreta.com.br\/wp-content\/uploads\/2026\/01\/WhatsApp-Image-2026-01-04-at-10.31.12-300x200.jpeg 300w, https:\/\/coisasdegentepreta.com.br\/wp-content\/uploads\/2026\/01\/WhatsApp-Image-2026-01-04-at-10.31.12-1024x683.jpeg 1024w, https:\/\/coisasdegentepreta.com.br\/wp-content\/uploads\/2026\/01\/WhatsApp-Image-2026-01-04-at-10.31.12-768x512.jpeg 768w, https:\/\/coisasdegentepreta.com.br\/wp-content\/uploads\/2026\/01\/WhatsApp-Image-2026-01-04-at-10.31.12-600x400.jpeg 600w\" sizes=\"(max-width: 1536px) 100vw, 1536px\" \/>\t\t\t\t\t\t\t\t\t\t\t\t\t\t\t<\/div>\n\t\t\t\t<\/div>\n\t\t\t\t<\/div>\n\t\t<div class=\"elementor-element elementor-element-1a61259 e-con-full e-flex e-con e-child\" data-id=\"1a61259\" data-element_type=\"container\" data-settings=\"{&quot;background_background&quot;:&quot;classic&quot;}\">\n\t\t\t\t<div class=\"elementor-element elementor-element-5e7dc32 elementor-widget elementor-widget-heading\" data-id=\"5e7dc32\" data-element_type=\"widget\" data-widget_type=\"heading.default\">\n\t\t\t\t<div class=\"elementor-widget-container\">\n\t\t\t\t\t<h2 class=\"elementor-heading-title elementor-size-default\">Ministro Alexandre de Moraes, \u00e9 preciso fazer alguma coisa\n<\/h2>\t\t\t\t<\/div>\n\t\t\t\t<\/div>\n\t\t\t\t<div class=\"elementor-element elementor-element-5397302 elementor-widget elementor-widget-text-editor\" data-id=\"5397302\" data-element_type=\"widget\" data-widget_type=\"text-editor.default\">\n\t\t\t\t<div class=\"elementor-widget-container\">\n\t\t\t\t\t\t\t\t\t<p>Nem toda injusti\u00e7a nasce da ilegalidade. Muitas se produzem dentro da forma correta, por meio de ritos aparentemente t\u00e9cnicos que ignoram seus efeitos pol\u00edticos e raciais. \u00c9 assim que o racismo institucional segue ativo no Estado brasileiro.<\/p><p>A convoca\u00e7\u00e3o p\u00fablica de Ailton de Aquino Santos, diretor de Fiscaliza\u00e7\u00e3o do Banco Central e n\u00e3o investigado no processo, como confirmado nas decis\u00f5es do Supremo Tribunal Federal para prestar esclarecimentos no \u00e2mbito de um inqu\u00e9rito que apura irregularidades envolvendo o Banco Master e o Banco de Bras\u00edlia (BRB) exp\u00f5e essa contradi\u00e7\u00e3o. \ufffc<\/p><p>Embora Ailton n\u00e3o figure como alvo formal da investiga\u00e7\u00e3o, sua presen\u00e7a no centro de um procedimento de acarea\u00e7\u00e3o com banqueiros investigados cria uma associa\u00e7\u00e3o simb\u00f3lica que transcende o campo t\u00e9cnico. No Brasil, procedimentos e imagens n\u00e3o s\u00e3o neutros s\u00e3o interpretados e carregam significados sociais profundos. \ufffc<\/p><p>Quando um agente p\u00fablico negro, na posi\u00e7\u00e3o mais alta de representa\u00e7\u00e3o t\u00e9cnica da autoridade monet\u00e1ria, \u00e9 colocado sob os holofotes de uma crise que envolve atores privados investigados, o Estado refor\u00e7a uma l\u00f3gica hist\u00f3rica de hierarquiza\u00e7\u00e3o racial que associa corpos negros \u00e0 suspei\u00e7\u00e3o e \u00e0 crise institucional mesmo quando a lei n\u00e3o o exige. Essa assimetria n\u00e3o \u00e9 exce\u00e7\u00e3o. \u00c9 padr\u00e3o.<\/p><p>A manuten\u00e7\u00e3o da acarea\u00e7\u00e3o pelo ministro Dias Toffoli, mesmo ap\u00f3s questionamentos sobre os procedimentos e o pedido de esclarecimento do Banco Central, n\u00e3o desfaz o efeito simb\u00f3lico produzido. No plano pol\u00edtico, a exposi\u00e7\u00e3o imediata j\u00e1 cumpriu sua fun\u00e7\u00e3o perceptiva. \ufffc<\/p><p>Mais preocupante que o epis\u00f3dio em si foi o sil\u00eancio institucional que se seguiu. O STF, enquanto guardi\u00e3o da Constitui\u00e7\u00e3o, n\u00e3o pode desconsiderar que seus m\u00e9todos tamb\u00e9m produzem efeitos sociais e raciais. O Banco Central, por sua vez, tem o dever de defender a integridade institucional de suas decis\u00f5es t\u00e9cnicas, especialmente quando estas se tornam objeto de espet\u00e1culo jur\u00eddico. \ufffc<\/p><p>\u00c9 por isso que este editorial interpela o ministro Alexandre de Moraes, enquanto figura central da institucionalidade do STF. N\u00e3o se trata de ataque pessoal, mas de afirmar que a neutralidade formal, em uma sociedade estruturalmente desigual, raramente favorece os mesmos de sempre.<\/p><p>Racismo institucional n\u00e3o depende de inten\u00e7\u00e3o. Ele se sustenta na repeti\u00e7\u00e3o de pr\u00e1ticas, na omiss\u00e3o e na recusa em revisar procedimentos que, embora legais, produzem desigualdade.<\/p><p>Justi\u00e7a que ignora seus efeitos raciais n\u00e3o \u00e9 justi\u00e7a plena.<\/p><p>Coisas de Gente Preta<br \/>Editorial<\/p>\t\t\t\t\t\t\t\t<\/div>\n\t\t\t\t<\/div>\n\t\t\t\t<\/div>\n\t\t\t\t\t<\/div>\n\t\t\t\t<\/div>\n\t\t\t\t<\/div>\n\t\t","protected":false},"excerpt":{"rendered":"<p>Ministro Alexandre de Moraes, \u00e9 preciso fazer alguma coisa Nem toda injusti\u00e7a nasce da ilegalidade. Muitas se produzem dentro da forma correta, por meio de ritos aparentemente t\u00e9cnicos que ignoram seus efeitos pol\u00edticos e raciais. \u00c9 assim que o racismo institucional segue ativo no Estado brasileiro. A convoca\u00e7\u00e3o p\u00fablica de Ailton de Aquino Santos, diretor &hellip;<\/p>\n<p class=\"read-more\"> <a class=\"\" href=\"https:\/\/coisasdegentepreta.com.br\/index.php\/e-preciso-fazer-alguma-coisa\/\"> <span class=\"screen-reader-text\">\u00c9 preciso fazer alguma coisa<\/span> Read More &raquo;<\/a><\/p>\n","protected":false},"author":1,"featured_media":0,"parent":0,"menu_order":0,"comment_status":"closed","ping_status":"closed","template":"","meta":{"site-sidebar-layout":"no-sidebar","site-content-layout":"","ast-site-content-layout":"full-width-container","site-content-style":"default","site-sidebar-style":"default","ast-global-header-display":"","ast-banner-title-visibility":"","ast-main-header-display":"","ast-hfb-above-header-display":"","ast-hfb-below-header-display":"","ast-hfb-mobile-header-display":"","site-post-title":"disabled","ast-breadcrumbs-content":"","ast-featured-img":"disabled","footer-sml-layout":"","theme-transparent-header-meta":"","adv-header-id-meta":"","stick-header-meta":"","header-above-stick-meta":"","header-main-stick-meta":"","header-below-stick-meta":"","astra-migrate-meta-layouts":"default","ast-page-background-enabled":"default","ast-page-background-meta":{"desktop":{"background-color":"var(--ast-global-color-4)","background-image":"","background-repeat":"repeat","background-position":"center center","background-size":"auto","background-attachment":"scroll","background-type":"","background-media":"","overlay-type":"","overlay-color":"","overlay-gradient":""},"tablet":{"background-color":"","background-image":"","background-repeat":"repeat","background-position":"center center","background-size":"auto","background-attachment":"scroll","background-type":"","background-media":"","overlay-type":"","overlay-color":"","overlay-gradient":""},"mobile":{"background-color":"","background-image":"","background-repeat":"repeat","background-position":"center center","background-size":"auto","background-attachment":"scroll","background-type":"","background-media":"","overlay-type":"","overlay-color":"","overlay-gradient":""}},"ast-content-background-meta":{"desktop":{"background-color":"var(--ast-global-color-5)","background-image":"","background-repeat":"repeat","background-position":"center center","background-size":"auto","background-attachment":"scroll","background-type":"","background-media":"","overlay-type":"","overlay-color":"","overlay-gradient":""},"tablet":{"background-color":"var(--ast-global-color-5)","background-image":"","background-repeat":"repeat","background-position":"center center","background-size":"auto","background-attachment":"scroll","background-type":"","background-media":"","overlay-type":"","overlay-color":"","overlay-gradient":""},"mobile":{"background-color":"var(--ast-global-color-5)","background-image":"","background-repeat":"repeat","background-position":"center center","background-size":"auto","background-attachment":"scroll","background-type":"","background-media":"","overlay-type":"","overlay-color":"","overlay-gradient":""}},"footnotes":""},"class_list":["post-7628","page","type-page","status-publish","hentry"],"yoast_head":"<!-- This site is optimized with the Yoast SEO plugin v24.2 - https:\/\/yoast.com\/wordpress\/plugins\/seo\/ -->\n<title>\u00c9 preciso fazer alguma coisa -<\/title>\n<meta name=\"robots\" content=\"index, follow, max-snippet:-1, max-image-preview:large, max-video-preview:-1\" \/>\n<link rel=\"canonical\" href=\"https:\/\/coisasdegentepreta.com.br\/index.php\/e-preciso-fazer-alguma-coisa\/\" \/>\n<meta property=\"og:locale\" content=\"en_US\" \/>\n<meta property=\"og:type\" content=\"article\" \/>\n<meta property=\"og:title\" content=\"\u00c9 preciso fazer alguma coisa -\" \/>\n<meta property=\"og:description\" content=\"Ministro Alexandre de Moraes, \u00e9 preciso fazer alguma coisa Nem toda injusti\u00e7a nasce da ilegalidade. Muitas se produzem dentro da forma correta, por meio de ritos aparentemente t\u00e9cnicos que ignoram seus efeitos pol\u00edticos e raciais. \u00c9 assim que o racismo institucional segue ativo no Estado brasileiro. A convoca\u00e7\u00e3o p\u00fablica de Ailton de Aquino Santos, diretor &hellip; \u00c9 preciso fazer alguma coisa Read More &raquo;\" \/>\n<meta property=\"og:url\" content=\"https:\/\/coisasdegentepreta.com.br\/index.php\/e-preciso-fazer-alguma-coisa\/\" \/>\n<meta property=\"article:publisher\" content=\"https:\/\/facebook.com\/cmmcomcoisasdegente\" \/>\n<meta property=\"article:modified_time\" content=\"2026-01-04T17:19:39+00:00\" \/>\n<meta property=\"og:image\" content=\"https:\/\/coisasdegentepreta.com.br\/wp-content\/uploads\/2026\/01\/WhatsApp-Image-2026-01-04-at-10.31.12.jpeg\" \/>\n\t<meta property=\"og:image:width\" content=\"1536\" \/>\n\t<meta property=\"og:image:height\" content=\"1024\" \/>\n\t<meta property=\"og:image:type\" content=\"image\/jpeg\" \/>\n<meta name=\"twitter:card\" content=\"summary_large_image\" \/>\n<meta name=\"twitter:site\" content=\"@cmmcomcoisasdegente\" \/>\n<meta name=\"twitter:label1\" content=\"Est. reading time\" \/>\n\t<meta name=\"twitter:data1\" content=\"2 minutes\" \/>\n<script type=\"application\/ld+json\" class=\"yoast-schema-graph\">{\"@context\":\"https:\/\/schema.org\",\"@graph\":[{\"@type\":\"WebPage\",\"@id\":\"https:\/\/coisasdegentepreta.com.br\/index.php\/e-preciso-fazer-alguma-coisa\/\",\"url\":\"https:\/\/coisasdegentepreta.com.br\/index.php\/e-preciso-fazer-alguma-coisa\/\",\"name\":\"\u00c9 preciso fazer alguma coisa -\",\"isPartOf\":{\"@id\":\"https:\/\/coisasdegentepreta.com.br\/#website\"},\"primaryImageOfPage\":{\"@id\":\"https:\/\/coisasdegentepreta.com.br\/index.php\/e-preciso-fazer-alguma-coisa\/#primaryimage\"},\"image\":{\"@id\":\"https:\/\/coisasdegentepreta.com.br\/index.php\/e-preciso-fazer-alguma-coisa\/#primaryimage\"},\"thumbnailUrl\":\"https:\/\/coisasdegentepreta.com.br\/wp-content\/uploads\/2026\/01\/WhatsApp-Image-2026-01-04-at-10.31.12.jpeg\",\"datePublished\":\"2026-01-04T17:17:27+00:00\",\"dateModified\":\"2026-01-04T17:19:39+00:00\",\"breadcrumb\":{\"@id\":\"https:\/\/coisasdegentepreta.com.br\/index.php\/e-preciso-fazer-alguma-coisa\/#breadcrumb\"},\"inLanguage\":\"en-US\",\"potentialAction\":[{\"@type\":\"ReadAction\",\"target\":[\"https:\/\/coisasdegentepreta.com.br\/index.php\/e-preciso-fazer-alguma-coisa\/\"]}]},{\"@type\":\"ImageObject\",\"inLanguage\":\"en-US\",\"@id\":\"https:\/\/coisasdegentepreta.com.br\/index.php\/e-preciso-fazer-alguma-coisa\/#primaryimage\",\"url\":\"https:\/\/coisasdegentepreta.com.br\/wp-content\/uploads\/2026\/01\/WhatsApp-Image-2026-01-04-at-10.31.12.jpeg\",\"contentUrl\":\"https:\/\/coisasdegentepreta.com.br\/wp-content\/uploads\/2026\/01\/WhatsApp-Image-2026-01-04-at-10.31.12.jpeg\",\"width\":1536,\"height\":1024},{\"@type\":\"BreadcrumbList\",\"@id\":\"https:\/\/coisasdegentepreta.com.br\/index.php\/e-preciso-fazer-alguma-coisa\/#breadcrumb\",\"itemListElement\":[{\"@type\":\"ListItem\",\"position\":1,\"name\":\"ECMM\",\"item\":\"https:\/\/coisasdegentepreta.com.br\/\"},{\"@type\":\"ListItem\",\"position\":2,\"name\":\"\u00c9 preciso fazer alguma coisa\"}]},{\"@type\":\"WebSite\",\"@id\":\"https:\/\/coisasdegentepreta.com.br\/#website\",\"url\":\"https:\/\/coisasdegentepreta.com.br\/\",\"name\":\"https:\/\/coisasdegentepreta.com.br\",\"description\":\"\",\"publisher\":{\"@id\":\"https:\/\/coisasdegentepreta.com.br\/#organization\"},\"potentialAction\":[{\"@type\":\"SearchAction\",\"target\":{\"@type\":\"EntryPoint\",\"urlTemplate\":\"https:\/\/coisasdegentepreta.com.br\/?s={search_term_string}\"},\"query-input\":{\"@type\":\"PropertyValueSpecification\",\"valueRequired\":true,\"valueName\":\"search_term_string\"}}],\"inLanguage\":\"en-US\"},{\"@type\":\"Organization\",\"@id\":\"https:\/\/coisasdegentepreta.com.br\/#organization\",\"name\":\"Espa\u00e7o de Capacita\u00e7\u00e3o M\u00e1rcio Madeira RJ\",\"url\":\"https:\/\/coisasdegentepreta.com.br\/\",\"logo\":{\"@type\":\"ImageObject\",\"inLanguage\":\"en-US\",\"@id\":\"https:\/\/coisasdegentepreta.com.br\/#\/schema\/logo\/image\/\",\"url\":\"https:\/\/coisasdegentepreta.com.br\/wp-content\/uploads\/2023\/12\/logo-2.png\",\"contentUrl\":\"https:\/\/coisasdegentepreta.com.br\/wp-content\/uploads\/2023\/12\/logo-2.png\",\"width\":2064,\"height\":1021,\"caption\":\"Espa\u00e7o de Capacita\u00e7\u00e3o M\u00e1rcio Madeira RJ\"},\"image\":{\"@id\":\"https:\/\/coisasdegentepreta.com.br\/#\/schema\/logo\/image\/\"},\"sameAs\":[\"https:\/\/facebook.com\/cmmcomcoisasdegente\",\"https:\/\/x.com\/cmmcomcoisasdegente\",\"https:\/\/instagram.com\/cmmcomcoisasdegente\"]}]}<\/script>\n<!-- \/ Yoast SEO plugin. -->","yoast_head_json":{"title":"\u00c9 preciso fazer alguma coisa -","robots":{"index":"index","follow":"follow","max-snippet":"max-snippet:-1","max-image-preview":"max-image-preview:large","max-video-preview":"max-video-preview:-1"},"canonical":"https:\/\/coisasdegentepreta.com.br\/index.php\/e-preciso-fazer-alguma-coisa\/","og_locale":"en_US","og_type":"article","og_title":"\u00c9 preciso fazer alguma coisa -","og_description":"Ministro Alexandre de Moraes, \u00e9 preciso fazer alguma coisa Nem toda injusti\u00e7a nasce da ilegalidade. Muitas se produzem dentro da forma correta, por meio de ritos aparentemente t\u00e9cnicos que ignoram seus efeitos pol\u00edticos e raciais. \u00c9 assim que o racismo institucional segue ativo no Estado brasileiro. A convoca\u00e7\u00e3o p\u00fablica de Ailton de Aquino Santos, diretor &hellip; \u00c9 preciso fazer alguma coisa Read More &raquo;","og_url":"https:\/\/coisasdegentepreta.com.br\/index.php\/e-preciso-fazer-alguma-coisa\/","article_publisher":"https:\/\/facebook.com\/cmmcomcoisasdegente","article_modified_time":"2026-01-04T17:19:39+00:00","og_image":[{"width":1536,"height":1024,"url":"https:\/\/coisasdegentepreta.com.br\/wp-content\/uploads\/2026\/01\/WhatsApp-Image-2026-01-04-at-10.31.12.jpeg","type":"image\/jpeg"}],"twitter_card":"summary_large_image","twitter_site":"@cmmcomcoisasdegente","twitter_misc":{"Est. reading time":"2 minutes"},"schema":{"@context":"https:\/\/schema.org","@graph":[{"@type":"WebPage","@id":"https:\/\/coisasdegentepreta.com.br\/index.php\/e-preciso-fazer-alguma-coisa\/","url":"https:\/\/coisasdegentepreta.com.br\/index.php\/e-preciso-fazer-alguma-coisa\/","name":"\u00c9 preciso fazer alguma coisa -","isPartOf":{"@id":"https:\/\/coisasdegentepreta.com.br\/#website"},"primaryImageOfPage":{"@id":"https:\/\/coisasdegentepreta.com.br\/index.php\/e-preciso-fazer-alguma-coisa\/#primaryimage"},"image":{"@id":"https:\/\/coisasdegentepreta.com.br\/index.php\/e-preciso-fazer-alguma-coisa\/#primaryimage"},"thumbnailUrl":"https:\/\/coisasdegentepreta.com.br\/wp-content\/uploads\/2026\/01\/WhatsApp-Image-2026-01-04-at-10.31.12.jpeg","datePublished":"2026-01-04T17:17:27+00:00","dateModified":"2026-01-04T17:19:39+00:00","breadcrumb":{"@id":"https:\/\/coisasdegentepreta.com.br\/index.php\/e-preciso-fazer-alguma-coisa\/#breadcrumb"},"inLanguage":"en-US","potentialAction":[{"@type":"ReadAction","target":["https:\/\/coisasdegentepreta.com.br\/index.php\/e-preciso-fazer-alguma-coisa\/"]}]},{"@type":"ImageObject","inLanguage":"en-US","@id":"https:\/\/coisasdegentepreta.com.br\/index.php\/e-preciso-fazer-alguma-coisa\/#primaryimage","url":"https:\/\/coisasdegentepreta.com.br\/wp-content\/uploads\/2026\/01\/WhatsApp-Image-2026-01-04-at-10.31.12.jpeg","contentUrl":"https:\/\/coisasdegentepreta.com.br\/wp-content\/uploads\/2026\/01\/WhatsApp-Image-2026-01-04-at-10.31.12.jpeg","width":1536,"height":1024},{"@type":"BreadcrumbList","@id":"https:\/\/coisasdegentepreta.com.br\/index.php\/e-preciso-fazer-alguma-coisa\/#breadcrumb","itemListElement":[{"@type":"ListItem","position":1,"name":"ECMM","item":"https:\/\/coisasdegentepreta.com.br\/"},{"@type":"ListItem","position":2,"name":"\u00c9 preciso fazer alguma coisa"}]},{"@type":"WebSite","@id":"https:\/\/coisasdegentepreta.com.br\/#website","url":"https:\/\/coisasdegentepreta.com.br\/","name":"https:\/\/coisasdegentepreta.com.br","description":"","publisher":{"@id":"https:\/\/coisasdegentepreta.com.br\/#organization"},"potentialAction":[{"@type":"SearchAction","target":{"@type":"EntryPoint","urlTemplate":"https:\/\/coisasdegentepreta.com.br\/?s={search_term_string}"},"query-input":{"@type":"PropertyValueSpecification","valueRequired":true,"valueName":"search_term_string"}}],"inLanguage":"en-US"},{"@type":"Organization","@id":"https:\/\/coisasdegentepreta.com.br\/#organization","name":"Espa\u00e7o de Capacita\u00e7\u00e3o M\u00e1rcio Madeira RJ","url":"https:\/\/coisasdegentepreta.com.br\/","logo":{"@type":"ImageObject","inLanguage":"en-US","@id":"https:\/\/coisasdegentepreta.com.br\/#\/schema\/logo\/image\/","url":"https:\/\/coisasdegentepreta.com.br\/wp-content\/uploads\/2023\/12\/logo-2.png","contentUrl":"https:\/\/coisasdegentepreta.com.br\/wp-content\/uploads\/2023\/12\/logo-2.png","width":2064,"height":1021,"caption":"Espa\u00e7o de Capacita\u00e7\u00e3o M\u00e1rcio Madeira RJ"},"image":{"@id":"https:\/\/coisasdegentepreta.com.br\/#\/schema\/logo\/image\/"},"sameAs":["https:\/\/facebook.com\/cmmcomcoisasdegente","https:\/\/x.com\/cmmcomcoisasdegente","https:\/\/instagram.com\/cmmcomcoisasdegente"]}]}},"_links":{"self":[{"href":"https:\/\/coisasdegentepreta.com.br\/index.php\/wp-json\/wp\/v2\/pages\/7628","targetHints":{"allow":["GET"]}}],"collection":[{"href":"https:\/\/coisasdegentepreta.com.br\/index.php\/wp-json\/wp\/v2\/pages"}],"about":[{"href":"https:\/\/coisasdegentepreta.com.br\/index.php\/wp-json\/wp\/v2\/types\/page"}],"author":[{"embeddable":true,"href":"https:\/\/coisasdegentepreta.com.br\/index.php\/wp-json\/wp\/v2\/users\/1"}],"replies":[{"embeddable":true,"href":"https:\/\/coisasdegentepreta.com.br\/index.php\/wp-json\/wp\/v2\/comments?post=7628"}],"version-history":[{"count":4,"href":"https:\/\/coisasdegentepreta.com.br\/index.php\/wp-json\/wp\/v2\/pages\/7628\/revisions"}],"predecessor-version":[{"id":7633,"href":"https:\/\/coisasdegentepreta.com.br\/index.php\/wp-json\/wp\/v2\/pages\/7628\/revisions\/7633"}],"wp:attachment":[{"href":"https:\/\/coisasdegentepreta.com.br\/index.php\/wp-json\/wp\/v2\/media?parent=7628"}],"curies":[{"name":"wp","href":"https:\/\/api.w.org\/{rel}","templated":true}]}}