{"id":7604,"date":"2025-12-28T23:03:05","date_gmt":"2025-12-29T02:03:05","guid":{"rendered":"https:\/\/coisasdegentepreta.com.br\/?page_id=7604"},"modified":"2025-12-28T23:26:37","modified_gmt":"2025-12-29T02:26:37","slug":"diversidade-nao-e-discurso","status":"publish","type":"page","link":"https:\/\/coisasdegentepreta.com.br\/index.php\/diversidade-nao-e-discurso\/","title":{"rendered":"Diversidade n\u00e3o \u00e9 discurso"},"content":{"rendered":"\t\t<div data-elementor-type=\"wp-page\" data-elementor-id=\"7604\" class=\"elementor elementor-7604\">\n\t\t\t\t<div class=\"elementor-element elementor-element-5596c9b e-flex e-con-boxed e-con e-parent\" data-id=\"5596c9b\" data-element_type=\"container\" data-settings=\"{&quot;background_background&quot;:&quot;classic&quot;}\">\n\t\t\t\t\t<div class=\"e-con-inner\">\n\t\t<div class=\"elementor-element elementor-element-f3f2636 e-con-full e-flex e-con e-child\" data-id=\"f3f2636\" data-element_type=\"container\" data-settings=\"{&quot;background_background&quot;:&quot;classic&quot;}\">\n\t\t\t\t<div class=\"elementor-element elementor-element-6933159 elementor-widget elementor-widget-image\" data-id=\"6933159\" data-element_type=\"widget\" data-widget_type=\"image.default\">\n\t\t\t\t<div class=\"elementor-widget-container\">\n\t\t\t\t\t\t\t\t\t\t\t\t\t\t\t<img fetchpriority=\"high\" decoding=\"async\" width=\"853\" height=\"1280\" src=\"https:\/\/coisasdegentepreta.com.br\/wp-content\/uploads\/2025\/12\/WhatsApp-Image-2025-12-28-at-14.27.28.jpeg\" class=\"attachment-full size-full wp-image-7606\" alt=\"\" srcset=\"https:\/\/coisasdegentepreta.com.br\/wp-content\/uploads\/2025\/12\/WhatsApp-Image-2025-12-28-at-14.27.28.jpeg 853w, https:\/\/coisasdegentepreta.com.br\/wp-content\/uploads\/2025\/12\/WhatsApp-Image-2025-12-28-at-14.27.28-200x300.jpeg 200w, https:\/\/coisasdegentepreta.com.br\/wp-content\/uploads\/2025\/12\/WhatsApp-Image-2025-12-28-at-14.27.28-682x1024.jpeg 682w, https:\/\/coisasdegentepreta.com.br\/wp-content\/uploads\/2025\/12\/WhatsApp-Image-2025-12-28-at-14.27.28-768x1152.jpeg 768w, https:\/\/coisasdegentepreta.com.br\/wp-content\/uploads\/2025\/12\/WhatsApp-Image-2025-12-28-at-14.27.28-600x900.jpeg 600w\" sizes=\"(max-width: 853px) 100vw, 853px\" \/>\t\t\t\t\t\t\t\t\t\t\t\t\t\t\t<\/div>\n\t\t\t\t<\/div>\n\t\t\t\t<\/div>\n\t\t<div class=\"elementor-element elementor-element-0094973 e-con-full e-flex e-con e-child\" data-id=\"0094973\" data-element_type=\"container\" data-settings=\"{&quot;background_background&quot;:&quot;classic&quot;}\">\n\t\t\t\t<div class=\"elementor-element elementor-element-61c57a1 elementor-widget elementor-widget-heading\" data-id=\"61c57a1\" data-element_type=\"widget\" data-widget_type=\"heading.default\">\n\t\t\t\t<div class=\"elementor-widget-container\">\n\t\t\t\t\t<h2 class=\"elementor-heading-title elementor-size-default\">Entre o p\u00e3o, o circo e o racismo estrutural: o projeto de poder de Eduardo Paes<\/h2>\t\t\t\t<\/div>\n\t\t\t\t<\/div>\n\t\t\t\t<div class=\"elementor-element elementor-element-ff56773 elementor-widget elementor-widget-text-editor\" data-id=\"ff56773\" data-element_type=\"widget\" data-widget_type=\"text-editor.default\">\n\t\t\t\t<div class=\"elementor-widget-container\">\n\t\t\t\t\t\t\t\t\t<p>Encerramos 2025 com a obriga\u00e7\u00e3o \u00e9tica de provocar reflex\u00e3o. Quando o poder p\u00fablico flerta com s\u00edmbolos da cultura negra, mas se afasta do compromisso real com a dignidade do povo preto e das religi\u00f5es de matriz africana, n\u00e3o estamos diante de inclus\u00e3o estamos diante de oportunismo pol\u00edtico.<\/p><p>O prefeito do Rio de Janeiro, Eduardo Paes, hoje pr\u00e9-candidato ao Governo do Estado, construiu ao longo dos anos uma imagem p\u00fablica marcada pela presen\u00e7a constante nos territ\u00f3rios simb\u00f3licos da negritude carioca: desfiles de Carnaval, lavagem do Samb\u00f3dromo, visitas a quadras da Portela e do Imp\u00e9rio Serrano, apari\u00e7\u00f5es calculadas em eventos que mobilizam afeto, identidade e mem\u00f3ria coletiva.<\/p><p>Mas \u00e9 preciso perguntar: a quem serve essa presen\u00e7a?<br \/>\u00c0 valoriza\u00e7\u00e3o estrutural da popula\u00e7\u00e3o negra ou \u00e0 l\u00f3gica do p\u00e3o e circo, que entret\u00e9m enquanto silencia demandas hist\u00f3ricas?<\/p><p>A coniv\u00eancia com o racismo estrutural se revela n\u00e3o apenas pelo que se faz, mas sobretudo pelo que se tolera. Quando religi\u00f5es de matriz africana seguem sendo atacadas, criminalizadas e desrespeitadas; quando terreiros continuam sendo alvos de viol\u00eancia simb\u00f3lica e material; quando lideran\u00e7as religiosas negras s\u00e3o deslegitimadas o sil\u00eancio institucional tamb\u00e9m \u00e9 uma escolha pol\u00edtica.<\/p><p>Chamar o Babalorix\u00e1 Ivanir dos Santos, uma das maiores autoridades nacionais na defesa da liberdade religiosa, de \u201cpreconceituoso\u201d n\u00e3o \u00e9 um deslize ret\u00f3rico. \u00c9 um gesto grave. Revela desprezo por uma trajet\u00f3ria constru\u00edda com di\u00e1logo, resist\u00eancia e compromisso com o Estado laico. Revela, sobretudo, o inc\u00f4modo que vozes negras aut\u00f4nomas causam quando n\u00e3o se submetem \u00e0 encena\u00e7\u00e3o do poder.<\/p><p>Causa ainda mais estranhamento que esse mesmo gestor demonstre enorme dilig\u00eancia em visitas \u00e0 igreja do pastor Silas Malafaia, enquanto assiste passivamente \u00e0 expans\u00e3o de s\u00edmbolos crist\u00e3os institucionalizados como a constru\u00e7\u00e3o de um batist\u00e9rio em Copacabana sem o mesmo zelo quando se trata das express\u00f5es religiosas de origem africana. O Estado que escolhe quais cren\u00e7as acolher publicamente deixa de ser laico.<\/p><p>O chamado \u201cCais do Valongo\u201d, patrim\u00f4nio da mem\u00f3ria da di\u00e1spora africana e da escraviza\u00e7\u00e3o, n\u00e3o pode ser tratado como um adere\u00e7o pol\u00edtico ou, pior, como um despacho simb\u00f3lico \u00e0 porta da Prefeitura, esvaziado de pol\u00edticas p\u00fablicas consistentes de repara\u00e7\u00e3o, educa\u00e7\u00e3o e preserva\u00e7\u00e3o hist\u00f3rica.<\/p><p>O que est\u00e1 em jogo n\u00e3o \u00e9 f\u00e9, cultura ou Carnaval. \u00c9 poder.<br \/>\u00c9 o uso maquiav\u00e9lico de s\u00edmbolos negros para obten\u00e7\u00e3o de popularidade, enquanto se mant\u00e9m intacta a estrutura que marginaliza o povo preto no acesso \u00e0 cidade, \u00e0 seguran\u00e7a, \u00e0 moradia, \u00e0 mem\u00f3ria e ao respeito religioso.<\/p><p>Este editorial n\u00e3o \u00e9 sobre 2025 apenas.<br \/>\u00c9 um alerta para 2026.<\/p><p>O povo preto do Rio de Janeiro n\u00e3o \u00e9 cen\u00e1rio de campanha.<br \/>Nossa f\u00e9 n\u00e3o \u00e9 instrumento eleitoral.<br \/>Nossa cultura n\u00e3o \u00e9 moeda de troca.<\/p><p>Seguiremos atentos.<br \/>Seguiremos denunciando.<br \/>Seguiremos exigindo coer\u00eancia de quem pretende governar este estado.<\/p><p>Coisas de Gente Preta<br \/>Porque mem\u00f3ria, dignidade e consci\u00eancia n\u00e3o se negociam.<\/p>\t\t\t\t\t\t\t\t<\/div>\n\t\t\t\t<\/div>\n\t\t\t\t<\/div>\n\t\t\t\t\t<\/div>\n\t\t\t\t<\/div>\n\t\t\t\t<\/div>\n\t\t","protected":false},"excerpt":{"rendered":"<p>Entre o p\u00e3o, o circo e o racismo estrutural: o projeto de poder de Eduardo Paes Encerramos 2025 com a obriga\u00e7\u00e3o \u00e9tica de provocar reflex\u00e3o. Quando o poder p\u00fablico flerta com s\u00edmbolos da cultura negra, mas se afasta do compromisso real com a dignidade do povo preto e das religi\u00f5es de matriz africana, n\u00e3o estamos &hellip;<\/p>\n<p class=\"read-more\"> <a class=\"\" href=\"https:\/\/coisasdegentepreta.com.br\/index.php\/diversidade-nao-e-discurso\/\"> <span class=\"screen-reader-text\">Diversidade n\u00e3o \u00e9 discurso<\/span> Read More &raquo;<\/a><\/p>\n","protected":false},"author":1,"featured_media":0,"parent":0,"menu_order":0,"comment_status":"closed","ping_status":"closed","template":"","meta":{"site-sidebar-layout":"no-sidebar","site-content-layout":"","ast-site-content-layout":"full-width-container","site-content-style":"default","site-sidebar-style":"default","ast-global-header-display":"","ast-banner-title-visibility":"","ast-main-header-display":"","ast-hfb-above-header-display":"","ast-hfb-below-header-display":"","ast-hfb-mobile-header-display":"","site-post-title":"disabled","ast-breadcrumbs-content":"","ast-featured-img":"disabled","footer-sml-layout":"","theme-transparent-header-meta":"","adv-header-id-meta":"","stick-header-meta":"","header-above-stick-meta":"","header-main-stick-meta":"","header-below-stick-meta":"","astra-migrate-meta-layouts":"default","ast-page-background-enabled":"default","ast-page-background-meta":{"desktop":{"background-color":"var(--ast-global-color-4)","background-image":"","background-repeat":"repeat","background-position":"center center","background-size":"auto","background-attachment":"scroll","background-type":"","background-media":"","overlay-type":"","overlay-color":"","overlay-gradient":""},"tablet":{"background-color":"","background-image":"","background-repeat":"repeat","background-position":"center center","background-size":"auto","background-attachment":"scroll","background-type":"","background-media":"","overlay-type":"","overlay-color":"","overlay-gradient":""},"mobile":{"background-color":"","background-image":"","background-repeat":"repeat","background-position":"center center","background-size":"auto","background-attachment":"scroll","background-type":"","background-media":"","overlay-type":"","overlay-color":"","overlay-gradient":""}},"ast-content-background-meta":{"desktop":{"background-color":"var(--ast-global-color-5)","background-image":"","background-repeat":"repeat","background-position":"center center","background-size":"auto","background-attachment":"scroll","background-type":"","background-media":"","overlay-type":"","overlay-color":"","overlay-gradient":""},"tablet":{"background-color":"var(--ast-global-color-5)","background-image":"","background-repeat":"repeat","background-position":"center center","background-size":"auto","background-attachment":"scroll","background-type":"","background-media":"","overlay-type":"","overlay-color":"","overlay-gradient":""},"mobile":{"background-color":"var(--ast-global-color-5)","background-image":"","background-repeat":"repeat","background-position":"center center","background-size":"auto","background-attachment":"scroll","background-type":"","background-media":"","overlay-type":"","overlay-color":"","overlay-gradient":""}},"footnotes":""},"class_list":["post-7604","page","type-page","status-publish","hentry"],"yoast_head":"<!-- This site is optimized with the Yoast SEO plugin v24.2 - https:\/\/yoast.com\/wordpress\/plugins\/seo\/ -->\n<title>Diversidade n\u00e3o \u00e9 discurso -<\/title>\n<meta name=\"robots\" content=\"index, follow, max-snippet:-1, max-image-preview:large, max-video-preview:-1\" \/>\n<link rel=\"canonical\" href=\"https:\/\/coisasdegentepreta.com.br\/index.php\/diversidade-nao-e-discurso\/\" \/>\n<meta property=\"og:locale\" content=\"en_US\" \/>\n<meta property=\"og:type\" content=\"article\" \/>\n<meta property=\"og:title\" content=\"Diversidade n\u00e3o \u00e9 discurso -\" \/>\n<meta property=\"og:description\" content=\"Entre o p\u00e3o, o circo e o racismo estrutural: o projeto de poder de Eduardo Paes Encerramos 2025 com a obriga\u00e7\u00e3o \u00e9tica de provocar reflex\u00e3o. Quando o poder p\u00fablico flerta com s\u00edmbolos da cultura negra, mas se afasta do compromisso real com a dignidade do povo preto e das religi\u00f5es de matriz africana, n\u00e3o estamos &hellip; Diversidade n\u00e3o \u00e9 discurso Read More &raquo;\" \/>\n<meta property=\"og:url\" content=\"https:\/\/coisasdegentepreta.com.br\/index.php\/diversidade-nao-e-discurso\/\" \/>\n<meta property=\"article:publisher\" content=\"https:\/\/facebook.com\/cmmcomcoisasdegente\" \/>\n<meta property=\"article:modified_time\" content=\"2025-12-29T02:26:37+00:00\" \/>\n<meta property=\"og:image\" content=\"https:\/\/coisasdegentepreta.com.br\/wp-content\/uploads\/2025\/12\/WhatsApp-Image-2025-12-28-at-14.27.28.jpeg\" \/>\n\t<meta property=\"og:image:width\" content=\"853\" \/>\n\t<meta property=\"og:image:height\" content=\"1280\" \/>\n\t<meta property=\"og:image:type\" content=\"image\/jpeg\" \/>\n<meta name=\"twitter:card\" content=\"summary_large_image\" \/>\n<meta name=\"twitter:site\" content=\"@cmmcomcoisasdegente\" \/>\n<meta name=\"twitter:label1\" content=\"Est. reading time\" \/>\n\t<meta name=\"twitter:data1\" content=\"3 minutes\" \/>\n<script type=\"application\/ld+json\" class=\"yoast-schema-graph\">{\"@context\":\"https:\/\/schema.org\",\"@graph\":[{\"@type\":\"WebPage\",\"@id\":\"https:\/\/coisasdegentepreta.com.br\/index.php\/diversidade-nao-e-discurso\/\",\"url\":\"https:\/\/coisasdegentepreta.com.br\/index.php\/diversidade-nao-e-discurso\/\",\"name\":\"Diversidade n\u00e3o \u00e9 discurso -\",\"isPartOf\":{\"@id\":\"https:\/\/coisasdegentepreta.com.br\/#website\"},\"primaryImageOfPage\":{\"@id\":\"https:\/\/coisasdegentepreta.com.br\/index.php\/diversidade-nao-e-discurso\/#primaryimage\"},\"image\":{\"@id\":\"https:\/\/coisasdegentepreta.com.br\/index.php\/diversidade-nao-e-discurso\/#primaryimage\"},\"thumbnailUrl\":\"https:\/\/coisasdegentepreta.com.br\/wp-content\/uploads\/2025\/12\/WhatsApp-Image-2025-12-28-at-14.27.28.jpeg\",\"datePublished\":\"2025-12-29T02:03:05+00:00\",\"dateModified\":\"2025-12-29T02:26:37+00:00\",\"breadcrumb\":{\"@id\":\"https:\/\/coisasdegentepreta.com.br\/index.php\/diversidade-nao-e-discurso\/#breadcrumb\"},\"inLanguage\":\"en-US\",\"potentialAction\":[{\"@type\":\"ReadAction\",\"target\":[\"https:\/\/coisasdegentepreta.com.br\/index.php\/diversidade-nao-e-discurso\/\"]}]},{\"@type\":\"ImageObject\",\"inLanguage\":\"en-US\",\"@id\":\"https:\/\/coisasdegentepreta.com.br\/index.php\/diversidade-nao-e-discurso\/#primaryimage\",\"url\":\"https:\/\/coisasdegentepreta.com.br\/wp-content\/uploads\/2025\/12\/WhatsApp-Image-2025-12-28-at-14.27.28.jpeg\",\"contentUrl\":\"https:\/\/coisasdegentepreta.com.br\/wp-content\/uploads\/2025\/12\/WhatsApp-Image-2025-12-28-at-14.27.28.jpeg\",\"width\":853,\"height\":1280},{\"@type\":\"BreadcrumbList\",\"@id\":\"https:\/\/coisasdegentepreta.com.br\/index.php\/diversidade-nao-e-discurso\/#breadcrumb\",\"itemListElement\":[{\"@type\":\"ListItem\",\"position\":1,\"name\":\"ECMM\",\"item\":\"https:\/\/coisasdegentepreta.com.br\/\"},{\"@type\":\"ListItem\",\"position\":2,\"name\":\"Diversidade n\u00e3o \u00e9 discurso\"}]},{\"@type\":\"WebSite\",\"@id\":\"https:\/\/coisasdegentepreta.com.br\/#website\",\"url\":\"https:\/\/coisasdegentepreta.com.br\/\",\"name\":\"https:\/\/coisasdegentepreta.com.br\",\"description\":\"\",\"publisher\":{\"@id\":\"https:\/\/coisasdegentepreta.com.br\/#organization\"},\"potentialAction\":[{\"@type\":\"SearchAction\",\"target\":{\"@type\":\"EntryPoint\",\"urlTemplate\":\"https:\/\/coisasdegentepreta.com.br\/?s={search_term_string}\"},\"query-input\":{\"@type\":\"PropertyValueSpecification\",\"valueRequired\":true,\"valueName\":\"search_term_string\"}}],\"inLanguage\":\"en-US\"},{\"@type\":\"Organization\",\"@id\":\"https:\/\/coisasdegentepreta.com.br\/#organization\",\"name\":\"Espa\u00e7o de Capacita\u00e7\u00e3o M\u00e1rcio Madeira RJ\",\"url\":\"https:\/\/coisasdegentepreta.com.br\/\",\"logo\":{\"@type\":\"ImageObject\",\"inLanguage\":\"en-US\",\"@id\":\"https:\/\/coisasdegentepreta.com.br\/#\/schema\/logo\/image\/\",\"url\":\"https:\/\/coisasdegentepreta.com.br\/wp-content\/uploads\/2023\/12\/logo-2.png\",\"contentUrl\":\"https:\/\/coisasdegentepreta.com.br\/wp-content\/uploads\/2023\/12\/logo-2.png\",\"width\":2064,\"height\":1021,\"caption\":\"Espa\u00e7o de Capacita\u00e7\u00e3o M\u00e1rcio Madeira RJ\"},\"image\":{\"@id\":\"https:\/\/coisasdegentepreta.com.br\/#\/schema\/logo\/image\/\"},\"sameAs\":[\"https:\/\/facebook.com\/cmmcomcoisasdegente\",\"https:\/\/x.com\/cmmcomcoisasdegente\",\"https:\/\/instagram.com\/cmmcomcoisasdegente\"]}]}<\/script>\n<!-- \/ Yoast SEO plugin. -->","yoast_head_json":{"title":"Diversidade n\u00e3o \u00e9 discurso -","robots":{"index":"index","follow":"follow","max-snippet":"max-snippet:-1","max-image-preview":"max-image-preview:large","max-video-preview":"max-video-preview:-1"},"canonical":"https:\/\/coisasdegentepreta.com.br\/index.php\/diversidade-nao-e-discurso\/","og_locale":"en_US","og_type":"article","og_title":"Diversidade n\u00e3o \u00e9 discurso -","og_description":"Entre o p\u00e3o, o circo e o racismo estrutural: o projeto de poder de Eduardo Paes Encerramos 2025 com a obriga\u00e7\u00e3o \u00e9tica de provocar reflex\u00e3o. Quando o poder p\u00fablico flerta com s\u00edmbolos da cultura negra, mas se afasta do compromisso real com a dignidade do povo preto e das religi\u00f5es de matriz africana, n\u00e3o estamos &hellip; Diversidade n\u00e3o \u00e9 discurso Read More &raquo;","og_url":"https:\/\/coisasdegentepreta.com.br\/index.php\/diversidade-nao-e-discurso\/","article_publisher":"https:\/\/facebook.com\/cmmcomcoisasdegente","article_modified_time":"2025-12-29T02:26:37+00:00","og_image":[{"width":853,"height":1280,"url":"https:\/\/coisasdegentepreta.com.br\/wp-content\/uploads\/2025\/12\/WhatsApp-Image-2025-12-28-at-14.27.28.jpeg","type":"image\/jpeg"}],"twitter_card":"summary_large_image","twitter_site":"@cmmcomcoisasdegente","twitter_misc":{"Est. reading time":"3 minutes"},"schema":{"@context":"https:\/\/schema.org","@graph":[{"@type":"WebPage","@id":"https:\/\/coisasdegentepreta.com.br\/index.php\/diversidade-nao-e-discurso\/","url":"https:\/\/coisasdegentepreta.com.br\/index.php\/diversidade-nao-e-discurso\/","name":"Diversidade n\u00e3o \u00e9 discurso -","isPartOf":{"@id":"https:\/\/coisasdegentepreta.com.br\/#website"},"primaryImageOfPage":{"@id":"https:\/\/coisasdegentepreta.com.br\/index.php\/diversidade-nao-e-discurso\/#primaryimage"},"image":{"@id":"https:\/\/coisasdegentepreta.com.br\/index.php\/diversidade-nao-e-discurso\/#primaryimage"},"thumbnailUrl":"https:\/\/coisasdegentepreta.com.br\/wp-content\/uploads\/2025\/12\/WhatsApp-Image-2025-12-28-at-14.27.28.jpeg","datePublished":"2025-12-29T02:03:05+00:00","dateModified":"2025-12-29T02:26:37+00:00","breadcrumb":{"@id":"https:\/\/coisasdegentepreta.com.br\/index.php\/diversidade-nao-e-discurso\/#breadcrumb"},"inLanguage":"en-US","potentialAction":[{"@type":"ReadAction","target":["https:\/\/coisasdegentepreta.com.br\/index.php\/diversidade-nao-e-discurso\/"]}]},{"@type":"ImageObject","inLanguage":"en-US","@id":"https:\/\/coisasdegentepreta.com.br\/index.php\/diversidade-nao-e-discurso\/#primaryimage","url":"https:\/\/coisasdegentepreta.com.br\/wp-content\/uploads\/2025\/12\/WhatsApp-Image-2025-12-28-at-14.27.28.jpeg","contentUrl":"https:\/\/coisasdegentepreta.com.br\/wp-content\/uploads\/2025\/12\/WhatsApp-Image-2025-12-28-at-14.27.28.jpeg","width":853,"height":1280},{"@type":"BreadcrumbList","@id":"https:\/\/coisasdegentepreta.com.br\/index.php\/diversidade-nao-e-discurso\/#breadcrumb","itemListElement":[{"@type":"ListItem","position":1,"name":"ECMM","item":"https:\/\/coisasdegentepreta.com.br\/"},{"@type":"ListItem","position":2,"name":"Diversidade n\u00e3o \u00e9 discurso"}]},{"@type":"WebSite","@id":"https:\/\/coisasdegentepreta.com.br\/#website","url":"https:\/\/coisasdegentepreta.com.br\/","name":"https:\/\/coisasdegentepreta.com.br","description":"","publisher":{"@id":"https:\/\/coisasdegentepreta.com.br\/#organization"},"potentialAction":[{"@type":"SearchAction","target":{"@type":"EntryPoint","urlTemplate":"https:\/\/coisasdegentepreta.com.br\/?s={search_term_string}"},"query-input":{"@type":"PropertyValueSpecification","valueRequired":true,"valueName":"search_term_string"}}],"inLanguage":"en-US"},{"@type":"Organization","@id":"https:\/\/coisasdegentepreta.com.br\/#organization","name":"Espa\u00e7o de Capacita\u00e7\u00e3o M\u00e1rcio Madeira RJ","url":"https:\/\/coisasdegentepreta.com.br\/","logo":{"@type":"ImageObject","inLanguage":"en-US","@id":"https:\/\/coisasdegentepreta.com.br\/#\/schema\/logo\/image\/","url":"https:\/\/coisasdegentepreta.com.br\/wp-content\/uploads\/2023\/12\/logo-2.png","contentUrl":"https:\/\/coisasdegentepreta.com.br\/wp-content\/uploads\/2023\/12\/logo-2.png","width":2064,"height":1021,"caption":"Espa\u00e7o de Capacita\u00e7\u00e3o M\u00e1rcio Madeira RJ"},"image":{"@id":"https:\/\/coisasdegentepreta.com.br\/#\/schema\/logo\/image\/"},"sameAs":["https:\/\/facebook.com\/cmmcomcoisasdegente","https:\/\/x.com\/cmmcomcoisasdegente","https:\/\/instagram.com\/cmmcomcoisasdegente"]}]}},"_links":{"self":[{"href":"https:\/\/coisasdegentepreta.com.br\/index.php\/wp-json\/wp\/v2\/pages\/7604","targetHints":{"allow":["GET"]}}],"collection":[{"href":"https:\/\/coisasdegentepreta.com.br\/index.php\/wp-json\/wp\/v2\/pages"}],"about":[{"href":"https:\/\/coisasdegentepreta.com.br\/index.php\/wp-json\/wp\/v2\/types\/page"}],"author":[{"embeddable":true,"href":"https:\/\/coisasdegentepreta.com.br\/index.php\/wp-json\/wp\/v2\/users\/1"}],"replies":[{"embeddable":true,"href":"https:\/\/coisasdegentepreta.com.br\/index.php\/wp-json\/wp\/v2\/comments?post=7604"}],"version-history":[{"count":10,"href":"https:\/\/coisasdegentepreta.com.br\/index.php\/wp-json\/wp\/v2\/pages\/7604\/revisions"}],"predecessor-version":[{"id":7627,"href":"https:\/\/coisasdegentepreta.com.br\/index.php\/wp-json\/wp\/v2\/pages\/7604\/revisions\/7627"}],"wp:attachment":[{"href":"https:\/\/coisasdegentepreta.com.br\/index.php\/wp-json\/wp\/v2\/media?parent=7604"}],"curies":[{"name":"wp","href":"https:\/\/api.w.org\/{rel}","templated":true}]}}