{"id":7556,"date":"2025-11-25T10:04:26","date_gmt":"2025-11-25T13:04:26","guid":{"rendered":"https:\/\/coisasdegentepreta.com.br\/?page_id=7556"},"modified":"2025-11-25T10:10:58","modified_gmt":"2025-11-25T13:10:58","slug":"os-sete-pecados-capitais-de-um-governo-que-violentou-o-brasil","status":"publish","type":"page","link":"https:\/\/coisasdegentepreta.com.br\/index.php\/os-sete-pecados-capitais-de-um-governo-que-violentou-o-brasil\/","title":{"rendered":"Os Sete Pecados Capitais de um Governo que Violentou o Brasil"},"content":{"rendered":"\t\t<div data-elementor-type=\"wp-page\" data-elementor-id=\"7556\" class=\"elementor elementor-7556\">\n\t\t\t\t<div class=\"elementor-element elementor-element-435575b e-flex e-con-boxed e-con e-parent\" data-id=\"435575b\" data-element_type=\"container\" data-settings=\"{&quot;background_background&quot;:&quot;classic&quot;}\">\n\t\t\t\t\t<div class=\"e-con-inner\">\n\t\t<div class=\"elementor-element elementor-element-dd548eb e-con-full e-flex e-con e-child\" data-id=\"dd548eb\" data-element_type=\"container\" data-settings=\"{&quot;background_background&quot;:&quot;classic&quot;}\">\n\t\t\t\t<div class=\"elementor-element elementor-element-ed5f7ce elementor-widget elementor-widget-image\" data-id=\"ed5f7ce\" data-element_type=\"widget\" data-widget_type=\"image.default\">\n\t\t\t\t<div class=\"elementor-widget-container\">\n\t\t\t\t\t\t\t\t\t\t\t\t\t\t\t<img fetchpriority=\"high\" decoding=\"async\" width=\"853\" height=\"1303\" src=\"https:\/\/coisasdegentepreta.com.br\/wp-content\/uploads\/2025\/11\/WhatsApp-Image-2025-11-23-at-08.34.382.jpg\" class=\"attachment-full size-full wp-image-7562\" alt=\"\" srcset=\"https:\/\/coisasdegentepreta.com.br\/wp-content\/uploads\/2025\/11\/WhatsApp-Image-2025-11-23-at-08.34.382.jpg 853w, https:\/\/coisasdegentepreta.com.br\/wp-content\/uploads\/2025\/11\/WhatsApp-Image-2025-11-23-at-08.34.382-196x300.jpg 196w, https:\/\/coisasdegentepreta.com.br\/wp-content\/uploads\/2025\/11\/WhatsApp-Image-2025-11-23-at-08.34.382-670x1024.jpg 670w, https:\/\/coisasdegentepreta.com.br\/wp-content\/uploads\/2025\/11\/WhatsApp-Image-2025-11-23-at-08.34.382-768x1173.jpg 768w, https:\/\/coisasdegentepreta.com.br\/wp-content\/uploads\/2025\/11\/WhatsApp-Image-2025-11-23-at-08.34.382-600x917.jpg 600w\" sizes=\"(max-width: 853px) 100vw, 853px\" \/>\t\t\t\t\t\t\t\t\t\t\t\t\t\t\t<\/div>\n\t\t\t\t<\/div>\n\t\t\t\t<\/div>\n\t\t<div class=\"elementor-element elementor-element-666c2ca e-con-full e-flex e-con e-child\" data-id=\"666c2ca\" data-element_type=\"container\" data-settings=\"{&quot;background_background&quot;:&quot;classic&quot;}\">\n\t\t\t\t<div class=\"elementor-element elementor-element-e3152cd elementor-widget elementor-widget-heading\" data-id=\"e3152cd\" data-element_type=\"widget\" data-widget_type=\"heading.default\">\n\t\t\t\t<div class=\"elementor-widget-container\">\n\t\t\t\t\t<h2 class=\"elementor-heading-title elementor-size-default\">Os Sete Pecados Capitais de um Governo que Violentou o Brasil<\/h2>\t\t\t\t<\/div>\n\t\t\t\t<\/div>\n\t\t\t\t<div class=\"elementor-element elementor-element-c1a2668 elementor-widget elementor-widget-text-editor\" data-id=\"c1a2668\" data-element_type=\"widget\" data-widget_type=\"text-editor.default\">\n\t\t\t\t<div class=\"elementor-widget-container\">\n\t\t\t\t\t\t\t\t\t<p>Porque a mem\u00f3ria preta n\u00e3o aceita apagamento<\/p><p>H\u00e1 momentos na hist\u00f3ria em que o sil\u00eancio \u00e9 cumplicidade. O Brasil viveu quatro anos em que o descaso se transformou em m\u00e9todo, a neglig\u00eancia em pol\u00edtica p\u00fablica e o desprezo pela vida em rotina institucional \u2014 e o povo preto, como sempre, pagou a conta mais cara.<\/p><p>Por isso, o Coisas de Gente Preta escolhe nomear o que muitos tentam suavizar. Nosso pr\u00f3ximo edital toma como tema uma leitura simb\u00f3lica, mas necess\u00e1ria: \u201cOs Sete Pecados Capitais de um Governo que Violentou o Brasil.\u201d<br \/>E n\u00e3o se trata apenas de met\u00e1fora liter\u00e1ria; \u00e9 um exerc\u00edcio de mem\u00f3ria, responsabilidade e resist\u00eancia contra o apagamento.<\/p><p>1. Soberba \u2014 o deboche diante da pandemia<\/p><p>O sarcasmo diante da dor, o desprezo pelas v\u00edtimas, o atraso deliberado das vacinas e a incapacidade de reconhecer erros.<\/p><p>2. Ira \u2014 o incentivo \u00e0 viol\u00eancia e ao armamentismo<\/p><p>Uma pol\u00edtica que estimulou o \u00f3dio, normalizou o conflito e aprofundou a letalidade que recai sobre corpos negros.<\/p><p>3. Pregui\u00e7a \u2014 o abandono da pauta racial<\/p><p>O desmonte das pol\u00edticas de igualdade racial, o apagamento institucional e a recusa em enfrentar o racismo estrutural.<\/p><p>4. Avareza \u2014 os cortes na educa\u00e7\u00e3o e na cultura<\/p><p>Desprezo pelo conhecimento, ataque \u00e0s universidades, persegui\u00e7\u00e3o \u00e0s artes e estrangulamento das express\u00f5es perif\u00e9ricas.<\/p><p>5. Inveja \u2014 o ataque \u00e0 democracia e \u00e0s institui\u00e7\u00f5es<\/p><p>Tentativas de ruptura, amea\u00e7as, desinforma\u00e7\u00e3o e a recusa em aceitar a pluralidade que sustenta a vida democr\u00e1tica.<\/p><p>6. Gula \u2014 o garimpo, o desmatamento e a devasta\u00e7\u00e3o ambiental<\/p><p>A fome por lucro que colocou em risco povos tradicionais, territ\u00f3rios, rios e florestas.<\/p><p>7. Lux\u00faria \u2014 a celebra\u00e7\u00e3o irrespons\u00e1vel do poder pelo poder<\/p><p>A vaidade autorit\u00e1ria que tratou vidas como moeda pol\u00edtica e transformou o Estado em palco de guerra ideol\u00f3gica.<\/p><p>Por que este editorial importa<\/p><p>O Brasil vive hoje uma disputa de narrativa, enquanto h\u00e1 um esfor\u00e7o organizado para reabilitar o que foi indefens\u00e1vel. E a hist\u00f3ria do povo preto \u2014 constru\u00edda com mem\u00f3ria, luta e resist\u00eancia \u2014 n\u00e3o ser\u00e1 escrita com eufemismos. Lembrar \u00e9 um ato pol\u00edtico, denunciar \u00e9 um ato de cuidado e criar \u00e9 um ato de liberta\u00e7\u00e3o; por isso, este editorial \u00e9 um gesto de responsabilidade com a mem\u00f3ria preta e um chamado para manter viva a verdade, porque n\u00e3o h\u00e1 futuro poss\u00edvel onde o passado recente \u00e9 apagado \u2014 e porque o que n\u00e3o pode ser perdoado tamb\u00e9m n\u00e3o pode ser esquecido.<\/p><p><br \/>M\u00e1rcio Madeira \u2234<br \/>Editor-chefe do Portal Coisas de Gente Preta <br \/>\/ Lideran\u00e7a Nacional do PCN<\/p>\t\t\t\t\t\t\t\t<\/div>\n\t\t\t\t<\/div>\n\t\t\t\t<\/div>\n\t\t\t\t\t<\/div>\n\t\t\t\t<\/div>\n\t\t\t\t<\/div>\n\t\t","protected":false},"excerpt":{"rendered":"<p>Os Sete Pecados Capitais de um Governo que Violentou o Brasil Porque a mem\u00f3ria preta n\u00e3o aceita apagamento H\u00e1 momentos na hist\u00f3ria em que o sil\u00eancio \u00e9 cumplicidade. O Brasil viveu quatro anos em que o descaso se transformou em m\u00e9todo, a neglig\u00eancia em pol\u00edtica p\u00fablica e o desprezo pela vida em rotina institucional \u2014 &hellip;<\/p>\n<p class=\"read-more\"> <a class=\"\" href=\"https:\/\/coisasdegentepreta.com.br\/index.php\/os-sete-pecados-capitais-de-um-governo-que-violentou-o-brasil\/\"> <span class=\"screen-reader-text\">Os Sete Pecados Capitais de um Governo que Violentou o Brasil<\/span> Read More &raquo;<\/a><\/p>\n","protected":false},"author":1,"featured_media":0,"parent":0,"menu_order":0,"comment_status":"closed","ping_status":"closed","template":"","meta":{"site-sidebar-layout":"no-sidebar","site-content-layout":"","ast-site-content-layout":"full-width-container","site-content-style":"default","site-sidebar-style":"default","ast-global-header-display":"","ast-banner-title-visibility":"","ast-main-header-display":"","ast-hfb-above-header-display":"","ast-hfb-below-header-display":"","ast-hfb-mobile-header-display":"","site-post-title":"disabled","ast-breadcrumbs-content":"","ast-featured-img":"disabled","footer-sml-layout":"","theme-transparent-header-meta":"","adv-header-id-meta":"","stick-header-meta":"","header-above-stick-meta":"","header-main-stick-meta":"","header-below-stick-meta":"","astra-migrate-meta-layouts":"default","ast-page-background-enabled":"default","ast-page-background-meta":{"desktop":{"background-color":"var(--ast-global-color-4)","background-image":"","background-repeat":"repeat","background-position":"center center","background-size":"auto","background-attachment":"scroll","background-type":"","background-media":"","overlay-type":"","overlay-color":"","overlay-gradient":""},"tablet":{"background-color":"","background-image":"","background-repeat":"repeat","background-position":"center center","background-size":"auto","background-attachment":"scroll","background-type":"","background-media":"","overlay-type":"","overlay-color":"","overlay-gradient":""},"mobile":{"background-color":"","background-image":"","background-repeat":"repeat","background-position":"center center","background-size":"auto","background-attachment":"scroll","background-type":"","background-media":"","overlay-type":"","overlay-color":"","overlay-gradient":""}},"ast-content-background-meta":{"desktop":{"background-color":"var(--ast-global-color-5)","background-image":"","background-repeat":"repeat","background-position":"center center","background-size":"auto","background-attachment":"scroll","background-type":"","background-media":"","overlay-type":"","overlay-color":"","overlay-gradient":""},"tablet":{"background-color":"var(--ast-global-color-5)","background-image":"","background-repeat":"repeat","background-position":"center center","background-size":"auto","background-attachment":"scroll","background-type":"","background-media":"","overlay-type":"","overlay-color":"","overlay-gradient":""},"mobile":{"background-color":"var(--ast-global-color-5)","background-image":"","background-repeat":"repeat","background-position":"center center","background-size":"auto","background-attachment":"scroll","background-type":"","background-media":"","overlay-type":"","overlay-color":"","overlay-gradient":""}},"footnotes":""},"class_list":["post-7556","page","type-page","status-publish","hentry"],"yoast_head":"<!-- This site is optimized with the Yoast SEO plugin v24.2 - https:\/\/yoast.com\/wordpress\/plugins\/seo\/ -->\n<title>Os Sete Pecados Capitais de um Governo que Violentou o Brasil -<\/title>\n<meta name=\"robots\" content=\"index, follow, max-snippet:-1, max-image-preview:large, max-video-preview:-1\" \/>\n<link rel=\"canonical\" href=\"https:\/\/coisasdegentepreta.com.br\/index.php\/os-sete-pecados-capitais-de-um-governo-que-violentou-o-brasil\/\" \/>\n<meta property=\"og:locale\" content=\"en_US\" \/>\n<meta property=\"og:type\" content=\"article\" \/>\n<meta property=\"og:title\" content=\"Os Sete Pecados Capitais de um Governo que Violentou o Brasil -\" \/>\n<meta property=\"og:description\" content=\"Os Sete Pecados Capitais de um Governo que Violentou o Brasil Porque a mem\u00f3ria preta n\u00e3o aceita apagamento H\u00e1 momentos na hist\u00f3ria em que o sil\u00eancio \u00e9 cumplicidade. O Brasil viveu quatro anos em que o descaso se transformou em m\u00e9todo, a neglig\u00eancia em pol\u00edtica p\u00fablica e o desprezo pela vida em rotina institucional \u2014 &hellip; Os Sete Pecados Capitais de um Governo que Violentou o Brasil Read More &raquo;\" \/>\n<meta property=\"og:url\" content=\"https:\/\/coisasdegentepreta.com.br\/index.php\/os-sete-pecados-capitais-de-um-governo-que-violentou-o-brasil\/\" \/>\n<meta property=\"article:publisher\" content=\"https:\/\/facebook.com\/cmmcomcoisasdegente\" \/>\n<meta property=\"article:modified_time\" content=\"2025-11-25T13:10:58+00:00\" \/>\n<meta property=\"og:image\" content=\"https:\/\/coisasdegentepreta.com.br\/wp-content\/uploads\/2025\/11\/WhatsApp-Image-2025-11-23-at-08.34.382.jpg\" \/>\n\t<meta property=\"og:image:width\" content=\"853\" \/>\n\t<meta property=\"og:image:height\" content=\"1303\" \/>\n\t<meta property=\"og:image:type\" content=\"image\/jpeg\" \/>\n<meta name=\"twitter:card\" content=\"summary_large_image\" \/>\n<meta name=\"twitter:site\" content=\"@cmmcomcoisasdegente\" \/>\n<meta name=\"twitter:label1\" content=\"Est. reading time\" \/>\n\t<meta name=\"twitter:data1\" content=\"3 minutes\" \/>\n<script type=\"application\/ld+json\" class=\"yoast-schema-graph\">{\"@context\":\"https:\/\/schema.org\",\"@graph\":[{\"@type\":\"WebPage\",\"@id\":\"https:\/\/coisasdegentepreta.com.br\/index.php\/os-sete-pecados-capitais-de-um-governo-que-violentou-o-brasil\/\",\"url\":\"https:\/\/coisasdegentepreta.com.br\/index.php\/os-sete-pecados-capitais-de-um-governo-que-violentou-o-brasil\/\",\"name\":\"Os Sete Pecados Capitais de um Governo que Violentou o Brasil -\",\"isPartOf\":{\"@id\":\"https:\/\/coisasdegentepreta.com.br\/#website\"},\"primaryImageOfPage\":{\"@id\":\"https:\/\/coisasdegentepreta.com.br\/index.php\/os-sete-pecados-capitais-de-um-governo-que-violentou-o-brasil\/#primaryimage\"},\"image\":{\"@id\":\"https:\/\/coisasdegentepreta.com.br\/index.php\/os-sete-pecados-capitais-de-um-governo-que-violentou-o-brasil\/#primaryimage\"},\"thumbnailUrl\":\"https:\/\/coisasdegentepreta.com.br\/wp-content\/uploads\/2025\/11\/WhatsApp-Image-2025-11-23-at-08.34.382.jpg\",\"datePublished\":\"2025-11-25T13:04:26+00:00\",\"dateModified\":\"2025-11-25T13:10:58+00:00\",\"breadcrumb\":{\"@id\":\"https:\/\/coisasdegentepreta.com.br\/index.php\/os-sete-pecados-capitais-de-um-governo-que-violentou-o-brasil\/#breadcrumb\"},\"inLanguage\":\"en-US\",\"potentialAction\":[{\"@type\":\"ReadAction\",\"target\":[\"https:\/\/coisasdegentepreta.com.br\/index.php\/os-sete-pecados-capitais-de-um-governo-que-violentou-o-brasil\/\"]}]},{\"@type\":\"ImageObject\",\"inLanguage\":\"en-US\",\"@id\":\"https:\/\/coisasdegentepreta.com.br\/index.php\/os-sete-pecados-capitais-de-um-governo-que-violentou-o-brasil\/#primaryimage\",\"url\":\"https:\/\/coisasdegentepreta.com.br\/wp-content\/uploads\/2025\/11\/WhatsApp-Image-2025-11-23-at-08.34.382.jpg\",\"contentUrl\":\"https:\/\/coisasdegentepreta.com.br\/wp-content\/uploads\/2025\/11\/WhatsApp-Image-2025-11-23-at-08.34.382.jpg\",\"width\":853,\"height\":1303},{\"@type\":\"BreadcrumbList\",\"@id\":\"https:\/\/coisasdegentepreta.com.br\/index.php\/os-sete-pecados-capitais-de-um-governo-que-violentou-o-brasil\/#breadcrumb\",\"itemListElement\":[{\"@type\":\"ListItem\",\"position\":1,\"name\":\"ECMM\",\"item\":\"https:\/\/coisasdegentepreta.com.br\/\"},{\"@type\":\"ListItem\",\"position\":2,\"name\":\"Os Sete Pecados Capitais de um Governo que Violentou o Brasil\"}]},{\"@type\":\"WebSite\",\"@id\":\"https:\/\/coisasdegentepreta.com.br\/#website\",\"url\":\"https:\/\/coisasdegentepreta.com.br\/\",\"name\":\"https:\/\/coisasdegentepreta.com.br\",\"description\":\"\",\"publisher\":{\"@id\":\"https:\/\/coisasdegentepreta.com.br\/#organization\"},\"potentialAction\":[{\"@type\":\"SearchAction\",\"target\":{\"@type\":\"EntryPoint\",\"urlTemplate\":\"https:\/\/coisasdegentepreta.com.br\/?s={search_term_string}\"},\"query-input\":{\"@type\":\"PropertyValueSpecification\",\"valueRequired\":true,\"valueName\":\"search_term_string\"}}],\"inLanguage\":\"en-US\"},{\"@type\":\"Organization\",\"@id\":\"https:\/\/coisasdegentepreta.com.br\/#organization\",\"name\":\"Espa\u00e7o de Capacita\u00e7\u00e3o M\u00e1rcio Madeira RJ\",\"url\":\"https:\/\/coisasdegentepreta.com.br\/\",\"logo\":{\"@type\":\"ImageObject\",\"inLanguage\":\"en-US\",\"@id\":\"https:\/\/coisasdegentepreta.com.br\/#\/schema\/logo\/image\/\",\"url\":\"https:\/\/coisasdegentepreta.com.br\/wp-content\/uploads\/2023\/12\/logo-2.png\",\"contentUrl\":\"https:\/\/coisasdegentepreta.com.br\/wp-content\/uploads\/2023\/12\/logo-2.png\",\"width\":2064,\"height\":1021,\"caption\":\"Espa\u00e7o de Capacita\u00e7\u00e3o M\u00e1rcio Madeira RJ\"},\"image\":{\"@id\":\"https:\/\/coisasdegentepreta.com.br\/#\/schema\/logo\/image\/\"},\"sameAs\":[\"https:\/\/facebook.com\/cmmcomcoisasdegente\",\"https:\/\/x.com\/cmmcomcoisasdegente\",\"https:\/\/instagram.com\/cmmcomcoisasdegente\"]}]}<\/script>\n<!-- \/ Yoast SEO plugin. -->","yoast_head_json":{"title":"Os Sete Pecados Capitais de um Governo que Violentou o Brasil -","robots":{"index":"index","follow":"follow","max-snippet":"max-snippet:-1","max-image-preview":"max-image-preview:large","max-video-preview":"max-video-preview:-1"},"canonical":"https:\/\/coisasdegentepreta.com.br\/index.php\/os-sete-pecados-capitais-de-um-governo-que-violentou-o-brasil\/","og_locale":"en_US","og_type":"article","og_title":"Os Sete Pecados Capitais de um Governo que Violentou o Brasil -","og_description":"Os Sete Pecados Capitais de um Governo que Violentou o Brasil Porque a mem\u00f3ria preta n\u00e3o aceita apagamento H\u00e1 momentos na hist\u00f3ria em que o sil\u00eancio \u00e9 cumplicidade. O Brasil viveu quatro anos em que o descaso se transformou em m\u00e9todo, a neglig\u00eancia em pol\u00edtica p\u00fablica e o desprezo pela vida em rotina institucional \u2014 &hellip; Os Sete Pecados Capitais de um Governo que Violentou o Brasil Read More &raquo;","og_url":"https:\/\/coisasdegentepreta.com.br\/index.php\/os-sete-pecados-capitais-de-um-governo-que-violentou-o-brasil\/","article_publisher":"https:\/\/facebook.com\/cmmcomcoisasdegente","article_modified_time":"2025-11-25T13:10:58+00:00","og_image":[{"width":853,"height":1303,"url":"https:\/\/coisasdegentepreta.com.br\/wp-content\/uploads\/2025\/11\/WhatsApp-Image-2025-11-23-at-08.34.382.jpg","type":"image\/jpeg"}],"twitter_card":"summary_large_image","twitter_site":"@cmmcomcoisasdegente","twitter_misc":{"Est. reading time":"3 minutes"},"schema":{"@context":"https:\/\/schema.org","@graph":[{"@type":"WebPage","@id":"https:\/\/coisasdegentepreta.com.br\/index.php\/os-sete-pecados-capitais-de-um-governo-que-violentou-o-brasil\/","url":"https:\/\/coisasdegentepreta.com.br\/index.php\/os-sete-pecados-capitais-de-um-governo-que-violentou-o-brasil\/","name":"Os Sete Pecados Capitais de um Governo que Violentou o Brasil -","isPartOf":{"@id":"https:\/\/coisasdegentepreta.com.br\/#website"},"primaryImageOfPage":{"@id":"https:\/\/coisasdegentepreta.com.br\/index.php\/os-sete-pecados-capitais-de-um-governo-que-violentou-o-brasil\/#primaryimage"},"image":{"@id":"https:\/\/coisasdegentepreta.com.br\/index.php\/os-sete-pecados-capitais-de-um-governo-que-violentou-o-brasil\/#primaryimage"},"thumbnailUrl":"https:\/\/coisasdegentepreta.com.br\/wp-content\/uploads\/2025\/11\/WhatsApp-Image-2025-11-23-at-08.34.382.jpg","datePublished":"2025-11-25T13:04:26+00:00","dateModified":"2025-11-25T13:10:58+00:00","breadcrumb":{"@id":"https:\/\/coisasdegentepreta.com.br\/index.php\/os-sete-pecados-capitais-de-um-governo-que-violentou-o-brasil\/#breadcrumb"},"inLanguage":"en-US","potentialAction":[{"@type":"ReadAction","target":["https:\/\/coisasdegentepreta.com.br\/index.php\/os-sete-pecados-capitais-de-um-governo-que-violentou-o-brasil\/"]}]},{"@type":"ImageObject","inLanguage":"en-US","@id":"https:\/\/coisasdegentepreta.com.br\/index.php\/os-sete-pecados-capitais-de-um-governo-que-violentou-o-brasil\/#primaryimage","url":"https:\/\/coisasdegentepreta.com.br\/wp-content\/uploads\/2025\/11\/WhatsApp-Image-2025-11-23-at-08.34.382.jpg","contentUrl":"https:\/\/coisasdegentepreta.com.br\/wp-content\/uploads\/2025\/11\/WhatsApp-Image-2025-11-23-at-08.34.382.jpg","width":853,"height":1303},{"@type":"BreadcrumbList","@id":"https:\/\/coisasdegentepreta.com.br\/index.php\/os-sete-pecados-capitais-de-um-governo-que-violentou-o-brasil\/#breadcrumb","itemListElement":[{"@type":"ListItem","position":1,"name":"ECMM","item":"https:\/\/coisasdegentepreta.com.br\/"},{"@type":"ListItem","position":2,"name":"Os Sete Pecados Capitais de um Governo que Violentou o Brasil"}]},{"@type":"WebSite","@id":"https:\/\/coisasdegentepreta.com.br\/#website","url":"https:\/\/coisasdegentepreta.com.br\/","name":"https:\/\/coisasdegentepreta.com.br","description":"","publisher":{"@id":"https:\/\/coisasdegentepreta.com.br\/#organization"},"potentialAction":[{"@type":"SearchAction","target":{"@type":"EntryPoint","urlTemplate":"https:\/\/coisasdegentepreta.com.br\/?s={search_term_string}"},"query-input":{"@type":"PropertyValueSpecification","valueRequired":true,"valueName":"search_term_string"}}],"inLanguage":"en-US"},{"@type":"Organization","@id":"https:\/\/coisasdegentepreta.com.br\/#organization","name":"Espa\u00e7o de Capacita\u00e7\u00e3o M\u00e1rcio Madeira RJ","url":"https:\/\/coisasdegentepreta.com.br\/","logo":{"@type":"ImageObject","inLanguage":"en-US","@id":"https:\/\/coisasdegentepreta.com.br\/#\/schema\/logo\/image\/","url":"https:\/\/coisasdegentepreta.com.br\/wp-content\/uploads\/2023\/12\/logo-2.png","contentUrl":"https:\/\/coisasdegentepreta.com.br\/wp-content\/uploads\/2023\/12\/logo-2.png","width":2064,"height":1021,"caption":"Espa\u00e7o de Capacita\u00e7\u00e3o M\u00e1rcio Madeira RJ"},"image":{"@id":"https:\/\/coisasdegentepreta.com.br\/#\/schema\/logo\/image\/"},"sameAs":["https:\/\/facebook.com\/cmmcomcoisasdegente","https:\/\/x.com\/cmmcomcoisasdegente","https:\/\/instagram.com\/cmmcomcoisasdegente"]}]}},"_links":{"self":[{"href":"https:\/\/coisasdegentepreta.com.br\/index.php\/wp-json\/wp\/v2\/pages\/7556","targetHints":{"allow":["GET"]}}],"collection":[{"href":"https:\/\/coisasdegentepreta.com.br\/index.php\/wp-json\/wp\/v2\/pages"}],"about":[{"href":"https:\/\/coisasdegentepreta.com.br\/index.php\/wp-json\/wp\/v2\/types\/page"}],"author":[{"embeddable":true,"href":"https:\/\/coisasdegentepreta.com.br\/index.php\/wp-json\/wp\/v2\/users\/1"}],"replies":[{"embeddable":true,"href":"https:\/\/coisasdegentepreta.com.br\/index.php\/wp-json\/wp\/v2\/comments?post=7556"}],"version-history":[{"count":7,"href":"https:\/\/coisasdegentepreta.com.br\/index.php\/wp-json\/wp\/v2\/pages\/7556\/revisions"}],"predecessor-version":[{"id":7565,"href":"https:\/\/coisasdegentepreta.com.br\/index.php\/wp-json\/wp\/v2\/pages\/7556\/revisions\/7565"}],"wp:attachment":[{"href":"https:\/\/coisasdegentepreta.com.br\/index.php\/wp-json\/wp\/v2\/media?parent=7556"}],"curies":[{"name":"wp","href":"https:\/\/api.w.org\/{rel}","templated":true}]}}