{"id":7539,"date":"2025-11-15T06:52:18","date_gmt":"2025-11-15T09:52:18","guid":{"rendered":"https:\/\/coisasdegentepreta.com.br\/?page_id=7539"},"modified":"2025-11-15T06:54:13","modified_gmt":"2025-11-15T09:54:13","slug":"dia-nacional-da-umbanda","status":"publish","type":"page","link":"https:\/\/coisasdegentepreta.com.br\/index.php\/dia-nacional-da-umbanda\/","title":{"rendered":"DIA NACIONAL DA UMBANDA"},"content":{"rendered":"\t\t<div data-elementor-type=\"wp-page\" data-elementor-id=\"7539\" class=\"elementor elementor-7539\">\n\t\t\t\t<div class=\"elementor-element elementor-element-0928aa9 e-flex e-con-boxed e-con e-parent\" data-id=\"0928aa9\" data-element_type=\"container\" data-settings=\"{&quot;background_background&quot;:&quot;classic&quot;}\">\n\t\t\t\t\t<div class=\"e-con-inner\">\n\t\t<div class=\"elementor-element elementor-element-f4c3194 e-con-full e-flex e-con e-child\" data-id=\"f4c3194\" data-element_type=\"container\" data-settings=\"{&quot;background_background&quot;:&quot;classic&quot;}\">\n\t\t\t\t<div class=\"elementor-element elementor-element-7d83af0 elementor-widget elementor-widget-image\" data-id=\"7d83af0\" data-element_type=\"widget\" data-widget_type=\"image.default\">\n\t\t\t\t<div class=\"elementor-widget-container\">\n\t\t\t\t\t\t\t\t\t\t\t\t\t\t\t<img fetchpriority=\"high\" decoding=\"async\" width=\"1280\" height=\"853\" src=\"https:\/\/coisasdegentepreta.com.br\/wp-content\/uploads\/2025\/11\/WhatsApp-Image-2025-11-14-at-17.35.07.jpeg\" class=\"attachment-full size-full wp-image-7541\" alt=\"\" srcset=\"https:\/\/coisasdegentepreta.com.br\/wp-content\/uploads\/2025\/11\/WhatsApp-Image-2025-11-14-at-17.35.07.jpeg 1280w, https:\/\/coisasdegentepreta.com.br\/wp-content\/uploads\/2025\/11\/WhatsApp-Image-2025-11-14-at-17.35.07-300x200.jpeg 300w, https:\/\/coisasdegentepreta.com.br\/wp-content\/uploads\/2025\/11\/WhatsApp-Image-2025-11-14-at-17.35.07-1024x682.jpeg 1024w, https:\/\/coisasdegentepreta.com.br\/wp-content\/uploads\/2025\/11\/WhatsApp-Image-2025-11-14-at-17.35.07-768x512.jpeg 768w, https:\/\/coisasdegentepreta.com.br\/wp-content\/uploads\/2025\/11\/WhatsApp-Image-2025-11-14-at-17.35.07-600x400.jpeg 600w\" sizes=\"(max-width: 1280px) 100vw, 1280px\" \/>\t\t\t\t\t\t\t\t\t\t\t\t\t\t\t<\/div>\n\t\t\t\t<\/div>\n\t\t\t\t<\/div>\n\t\t<div class=\"elementor-element elementor-element-ce1d068 e-con-full e-flex e-con e-child\" data-id=\"ce1d068\" data-element_type=\"container\" data-settings=\"{&quot;background_background&quot;:&quot;classic&quot;}\">\n\t\t\t\t<div class=\"elementor-element elementor-element-861d1a6 elementor-widget elementor-widget-heading\" data-id=\"861d1a6\" data-element_type=\"widget\" data-widget_type=\"heading.default\">\n\t\t\t\t<div class=\"elementor-widget-container\">\n\t\t\t\t\t<h2 class=\"elementor-heading-title elementor-size-default\">DIA NACIONAL DA UMBANDA\n<\/h2>\t\t\t\t<\/div>\n\t\t\t\t<\/div>\n\t\t\t\t<div class=\"elementor-element elementor-element-39b674e elementor-widget elementor-widget-text-editor\" data-id=\"39b674e\" data-element_type=\"widget\" data-widget_type=\"text-editor.default\">\n\t\t\t\t<div class=\"elementor-widget-container\">\n\t\t\t\t\t\t\t\t\t<p>15 de novembro<\/p><p>A Umbanda, religi\u00e3o nascida em solo brasileiro, \u00e9 uma das maiores express\u00f5es da espiritualidade negra, ind\u00edgena e popular deste pa\u00eds. Fruto da resist\u00eancia e da ancestralidade, ela se ergueu como caminho de f\u00e9, cura, acolhimento e dignidade para quem sempre teve sua exist\u00eancia amea\u00e7ada \u2014 mas nunca derrotada.<\/p><p>Celebrar o Dia Nacional da Umbanda \u00e9 reconhecer que nossos terreiros s\u00e3o espa\u00e7os de cuidado comunit\u00e1rio, de combate ao racismo religioso e de constru\u00e7\u00e3o de paz. S\u00e3o lugares onde o Brasil real acontece: aquele que valoriza a ancestralidade, protege a diversidade e reafirma a for\u00e7a do nosso povo.<\/p><p>Mesmo diante da intoler\u00e2ncia que ainda insiste em nos atingir, a Umbanda segue viva. Cresce, acolhe e transforma. E cada toque, cada canto, cada gira reafirma que a espiritualidade negra \u00e9 fundadora deste pa\u00eds \u2014 e merece respeito, prote\u00e7\u00e3o e pol\u00edticas p\u00fablicas efetivas.<\/p><p>Neste 15 de novembro, o Portal Coisas de Gente Preta reafirma seu compromisso com a defesa da liberdade religiosa, com os povos de terreiro e com todas as tradi\u00e7\u00f5es que fazem da f\u00e9 um instrumento de luta e de vida.<\/p><p>Que os nossos passos sejam firmes.<br \/>Que a ancestralidade nos guie.<br \/>E que a Umbanda siga iluminando o caminho de quem acredita no Brasil poss\u00edvel, justo e plural.<\/p><p>Sarav\u00e1!<\/p><p>M\u00e1rcio Madeira<br \/>Portal Coisas de Gente Preta<\/p>\t\t\t\t\t\t\t\t<\/div>\n\t\t\t\t<\/div>\n\t\t\t\t<\/div>\n\t\t\t\t\t<\/div>\n\t\t\t\t<\/div>\n\t\t\t\t<\/div>\n\t\t","protected":false},"excerpt":{"rendered":"<p>DIA NACIONAL DA UMBANDA 15 de novembro A Umbanda, religi\u00e3o nascida em solo brasileiro, \u00e9 uma das maiores express\u00f5es da espiritualidade negra, ind\u00edgena e popular deste pa\u00eds. Fruto da resist\u00eancia e da ancestralidade, ela se ergueu como caminho de f\u00e9, cura, acolhimento e dignidade para quem sempre teve sua exist\u00eancia amea\u00e7ada \u2014 mas nunca derrotada. &hellip;<\/p>\n<p class=\"read-more\"> <a class=\"\" href=\"https:\/\/coisasdegentepreta.com.br\/index.php\/dia-nacional-da-umbanda\/\"> <span class=\"screen-reader-text\">DIA NACIONAL DA UMBANDA<\/span> Read More &raquo;<\/a><\/p>\n","protected":false},"author":1,"featured_media":0,"parent":0,"menu_order":0,"comment_status":"closed","ping_status":"closed","template":"","meta":{"site-sidebar-layout":"no-sidebar","site-content-layout":"","ast-site-content-layout":"full-width-container","site-content-style":"default","site-sidebar-style":"default","ast-global-header-display":"","ast-banner-title-visibility":"","ast-main-header-display":"","ast-hfb-above-header-display":"","ast-hfb-below-header-display":"","ast-hfb-mobile-header-display":"","site-post-title":"disabled","ast-breadcrumbs-content":"","ast-featured-img":"disabled","footer-sml-layout":"","theme-transparent-header-meta":"","adv-header-id-meta":"","stick-header-meta":"","header-above-stick-meta":"","header-main-stick-meta":"","header-below-stick-meta":"","astra-migrate-meta-layouts":"default","ast-page-background-enabled":"default","ast-page-background-meta":{"desktop":{"background-color":"var(--ast-global-color-4)","background-image":"","background-repeat":"repeat","background-position":"center center","background-size":"auto","background-attachment":"scroll","background-type":"","background-media":"","overlay-type":"","overlay-color":"","overlay-gradient":""},"tablet":{"background-color":"","background-image":"","background-repeat":"repeat","background-position":"center center","background-size":"auto","background-attachment":"scroll","background-type":"","background-media":"","overlay-type":"","overlay-color":"","overlay-gradient":""},"mobile":{"background-color":"","background-image":"","background-repeat":"repeat","background-position":"center center","background-size":"auto","background-attachment":"scroll","background-type":"","background-media":"","overlay-type":"","overlay-color":"","overlay-gradient":""}},"ast-content-background-meta":{"desktop":{"background-color":"var(--ast-global-color-5)","background-image":"","background-repeat":"repeat","background-position":"center center","background-size":"auto","background-attachment":"scroll","background-type":"","background-media":"","overlay-type":"","overlay-color":"","overlay-gradient":""},"tablet":{"background-color":"var(--ast-global-color-5)","background-image":"","background-repeat":"repeat","background-position":"center center","background-size":"auto","background-attachment":"scroll","background-type":"","background-media":"","overlay-type":"","overlay-color":"","overlay-gradient":""},"mobile":{"background-color":"var(--ast-global-color-5)","background-image":"","background-repeat":"repeat","background-position":"center center","background-size":"auto","background-attachment":"scroll","background-type":"","background-media":"","overlay-type":"","overlay-color":"","overlay-gradient":""}},"footnotes":""},"class_list":["post-7539","page","type-page","status-publish","hentry"],"yoast_head":"<!-- This site is optimized with the Yoast SEO plugin v24.2 - https:\/\/yoast.com\/wordpress\/plugins\/seo\/ -->\n<title>DIA NACIONAL DA UMBANDA -<\/title>\n<meta name=\"robots\" content=\"index, follow, max-snippet:-1, max-image-preview:large, max-video-preview:-1\" \/>\n<link rel=\"canonical\" href=\"https:\/\/coisasdegentepreta.com.br\/index.php\/dia-nacional-da-umbanda\/\" \/>\n<meta property=\"og:locale\" content=\"en_US\" \/>\n<meta property=\"og:type\" content=\"article\" \/>\n<meta property=\"og:title\" content=\"DIA NACIONAL DA UMBANDA -\" \/>\n<meta property=\"og:description\" content=\"DIA NACIONAL DA UMBANDA 15 de novembro A Umbanda, religi\u00e3o nascida em solo brasileiro, \u00e9 uma das maiores express\u00f5es da espiritualidade negra, ind\u00edgena e popular deste pa\u00eds. Fruto da resist\u00eancia e da ancestralidade, ela se ergueu como caminho de f\u00e9, cura, acolhimento e dignidade para quem sempre teve sua exist\u00eancia amea\u00e7ada \u2014 mas nunca derrotada. &hellip; DIA NACIONAL DA UMBANDA Read More &raquo;\" \/>\n<meta property=\"og:url\" content=\"https:\/\/coisasdegentepreta.com.br\/index.php\/dia-nacional-da-umbanda\/\" \/>\n<meta property=\"article:publisher\" content=\"https:\/\/facebook.com\/cmmcomcoisasdegente\" \/>\n<meta property=\"article:modified_time\" content=\"2025-11-15T09:54:13+00:00\" \/>\n<meta property=\"og:image\" content=\"https:\/\/coisasdegentepreta.com.br\/wp-content\/uploads\/2025\/11\/WhatsApp-Image-2025-11-14-at-17.35.07.jpeg\" \/>\n\t<meta property=\"og:image:width\" content=\"1280\" \/>\n\t<meta property=\"og:image:height\" content=\"853\" \/>\n\t<meta property=\"og:image:type\" content=\"image\/jpeg\" \/>\n<meta name=\"twitter:card\" content=\"summary_large_image\" \/>\n<meta name=\"twitter:site\" content=\"@cmmcomcoisasdegente\" \/>\n<meta name=\"twitter:label1\" content=\"Est. reading time\" \/>\n\t<meta name=\"twitter:data1\" content=\"2 minutes\" \/>\n<script type=\"application\/ld+json\" class=\"yoast-schema-graph\">{\"@context\":\"https:\/\/schema.org\",\"@graph\":[{\"@type\":\"WebPage\",\"@id\":\"https:\/\/coisasdegentepreta.com.br\/index.php\/dia-nacional-da-umbanda\/\",\"url\":\"https:\/\/coisasdegentepreta.com.br\/index.php\/dia-nacional-da-umbanda\/\",\"name\":\"DIA NACIONAL DA UMBANDA -\",\"isPartOf\":{\"@id\":\"https:\/\/coisasdegentepreta.com.br\/#website\"},\"primaryImageOfPage\":{\"@id\":\"https:\/\/coisasdegentepreta.com.br\/index.php\/dia-nacional-da-umbanda\/#primaryimage\"},\"image\":{\"@id\":\"https:\/\/coisasdegentepreta.com.br\/index.php\/dia-nacional-da-umbanda\/#primaryimage\"},\"thumbnailUrl\":\"https:\/\/coisasdegentepreta.com.br\/wp-content\/uploads\/2025\/11\/WhatsApp-Image-2025-11-14-at-17.35.07.jpeg\",\"datePublished\":\"2025-11-15T09:52:18+00:00\",\"dateModified\":\"2025-11-15T09:54:13+00:00\",\"breadcrumb\":{\"@id\":\"https:\/\/coisasdegentepreta.com.br\/index.php\/dia-nacional-da-umbanda\/#breadcrumb\"},\"inLanguage\":\"en-US\",\"potentialAction\":[{\"@type\":\"ReadAction\",\"target\":[\"https:\/\/coisasdegentepreta.com.br\/index.php\/dia-nacional-da-umbanda\/\"]}]},{\"@type\":\"ImageObject\",\"inLanguage\":\"en-US\",\"@id\":\"https:\/\/coisasdegentepreta.com.br\/index.php\/dia-nacional-da-umbanda\/#primaryimage\",\"url\":\"https:\/\/coisasdegentepreta.com.br\/wp-content\/uploads\/2025\/11\/WhatsApp-Image-2025-11-14-at-17.35.07.jpeg\",\"contentUrl\":\"https:\/\/coisasdegentepreta.com.br\/wp-content\/uploads\/2025\/11\/WhatsApp-Image-2025-11-14-at-17.35.07.jpeg\",\"width\":1280,\"height\":853},{\"@type\":\"BreadcrumbList\",\"@id\":\"https:\/\/coisasdegentepreta.com.br\/index.php\/dia-nacional-da-umbanda\/#breadcrumb\",\"itemListElement\":[{\"@type\":\"ListItem\",\"position\":1,\"name\":\"ECMM\",\"item\":\"https:\/\/coisasdegentepreta.com.br\/\"},{\"@type\":\"ListItem\",\"position\":2,\"name\":\"DIA NACIONAL DA UMBANDA\"}]},{\"@type\":\"WebSite\",\"@id\":\"https:\/\/coisasdegentepreta.com.br\/#website\",\"url\":\"https:\/\/coisasdegentepreta.com.br\/\",\"name\":\"https:\/\/coisasdegentepreta.com.br\",\"description\":\"\",\"publisher\":{\"@id\":\"https:\/\/coisasdegentepreta.com.br\/#organization\"},\"potentialAction\":[{\"@type\":\"SearchAction\",\"target\":{\"@type\":\"EntryPoint\",\"urlTemplate\":\"https:\/\/coisasdegentepreta.com.br\/?s={search_term_string}\"},\"query-input\":{\"@type\":\"PropertyValueSpecification\",\"valueRequired\":true,\"valueName\":\"search_term_string\"}}],\"inLanguage\":\"en-US\"},{\"@type\":\"Organization\",\"@id\":\"https:\/\/coisasdegentepreta.com.br\/#organization\",\"name\":\"Espa\u00e7o de Capacita\u00e7\u00e3o M\u00e1rcio Madeira RJ\",\"url\":\"https:\/\/coisasdegentepreta.com.br\/\",\"logo\":{\"@type\":\"ImageObject\",\"inLanguage\":\"en-US\",\"@id\":\"https:\/\/coisasdegentepreta.com.br\/#\/schema\/logo\/image\/\",\"url\":\"https:\/\/coisasdegentepreta.com.br\/wp-content\/uploads\/2023\/12\/logo-2.png\",\"contentUrl\":\"https:\/\/coisasdegentepreta.com.br\/wp-content\/uploads\/2023\/12\/logo-2.png\",\"width\":2064,\"height\":1021,\"caption\":\"Espa\u00e7o de Capacita\u00e7\u00e3o M\u00e1rcio Madeira RJ\"},\"image\":{\"@id\":\"https:\/\/coisasdegentepreta.com.br\/#\/schema\/logo\/image\/\"},\"sameAs\":[\"https:\/\/facebook.com\/cmmcomcoisasdegente\",\"https:\/\/x.com\/cmmcomcoisasdegente\",\"https:\/\/instagram.com\/cmmcomcoisasdegente\"]}]}<\/script>\n<!-- \/ Yoast SEO plugin. -->","yoast_head_json":{"title":"DIA NACIONAL DA UMBANDA -","robots":{"index":"index","follow":"follow","max-snippet":"max-snippet:-1","max-image-preview":"max-image-preview:large","max-video-preview":"max-video-preview:-1"},"canonical":"https:\/\/coisasdegentepreta.com.br\/index.php\/dia-nacional-da-umbanda\/","og_locale":"en_US","og_type":"article","og_title":"DIA NACIONAL DA UMBANDA -","og_description":"DIA NACIONAL DA UMBANDA 15 de novembro A Umbanda, religi\u00e3o nascida em solo brasileiro, \u00e9 uma das maiores express\u00f5es da espiritualidade negra, ind\u00edgena e popular deste pa\u00eds. Fruto da resist\u00eancia e da ancestralidade, ela se ergueu como caminho de f\u00e9, cura, acolhimento e dignidade para quem sempre teve sua exist\u00eancia amea\u00e7ada \u2014 mas nunca derrotada. &hellip; DIA NACIONAL DA UMBANDA Read More &raquo;","og_url":"https:\/\/coisasdegentepreta.com.br\/index.php\/dia-nacional-da-umbanda\/","article_publisher":"https:\/\/facebook.com\/cmmcomcoisasdegente","article_modified_time":"2025-11-15T09:54:13+00:00","og_image":[{"width":1280,"height":853,"url":"https:\/\/coisasdegentepreta.com.br\/wp-content\/uploads\/2025\/11\/WhatsApp-Image-2025-11-14-at-17.35.07.jpeg","type":"image\/jpeg"}],"twitter_card":"summary_large_image","twitter_site":"@cmmcomcoisasdegente","twitter_misc":{"Est. reading time":"2 minutes"},"schema":{"@context":"https:\/\/schema.org","@graph":[{"@type":"WebPage","@id":"https:\/\/coisasdegentepreta.com.br\/index.php\/dia-nacional-da-umbanda\/","url":"https:\/\/coisasdegentepreta.com.br\/index.php\/dia-nacional-da-umbanda\/","name":"DIA NACIONAL DA UMBANDA -","isPartOf":{"@id":"https:\/\/coisasdegentepreta.com.br\/#website"},"primaryImageOfPage":{"@id":"https:\/\/coisasdegentepreta.com.br\/index.php\/dia-nacional-da-umbanda\/#primaryimage"},"image":{"@id":"https:\/\/coisasdegentepreta.com.br\/index.php\/dia-nacional-da-umbanda\/#primaryimage"},"thumbnailUrl":"https:\/\/coisasdegentepreta.com.br\/wp-content\/uploads\/2025\/11\/WhatsApp-Image-2025-11-14-at-17.35.07.jpeg","datePublished":"2025-11-15T09:52:18+00:00","dateModified":"2025-11-15T09:54:13+00:00","breadcrumb":{"@id":"https:\/\/coisasdegentepreta.com.br\/index.php\/dia-nacional-da-umbanda\/#breadcrumb"},"inLanguage":"en-US","potentialAction":[{"@type":"ReadAction","target":["https:\/\/coisasdegentepreta.com.br\/index.php\/dia-nacional-da-umbanda\/"]}]},{"@type":"ImageObject","inLanguage":"en-US","@id":"https:\/\/coisasdegentepreta.com.br\/index.php\/dia-nacional-da-umbanda\/#primaryimage","url":"https:\/\/coisasdegentepreta.com.br\/wp-content\/uploads\/2025\/11\/WhatsApp-Image-2025-11-14-at-17.35.07.jpeg","contentUrl":"https:\/\/coisasdegentepreta.com.br\/wp-content\/uploads\/2025\/11\/WhatsApp-Image-2025-11-14-at-17.35.07.jpeg","width":1280,"height":853},{"@type":"BreadcrumbList","@id":"https:\/\/coisasdegentepreta.com.br\/index.php\/dia-nacional-da-umbanda\/#breadcrumb","itemListElement":[{"@type":"ListItem","position":1,"name":"ECMM","item":"https:\/\/coisasdegentepreta.com.br\/"},{"@type":"ListItem","position":2,"name":"DIA NACIONAL DA UMBANDA"}]},{"@type":"WebSite","@id":"https:\/\/coisasdegentepreta.com.br\/#website","url":"https:\/\/coisasdegentepreta.com.br\/","name":"https:\/\/coisasdegentepreta.com.br","description":"","publisher":{"@id":"https:\/\/coisasdegentepreta.com.br\/#organization"},"potentialAction":[{"@type":"SearchAction","target":{"@type":"EntryPoint","urlTemplate":"https:\/\/coisasdegentepreta.com.br\/?s={search_term_string}"},"query-input":{"@type":"PropertyValueSpecification","valueRequired":true,"valueName":"search_term_string"}}],"inLanguage":"en-US"},{"@type":"Organization","@id":"https:\/\/coisasdegentepreta.com.br\/#organization","name":"Espa\u00e7o de Capacita\u00e7\u00e3o M\u00e1rcio Madeira RJ","url":"https:\/\/coisasdegentepreta.com.br\/","logo":{"@type":"ImageObject","inLanguage":"en-US","@id":"https:\/\/coisasdegentepreta.com.br\/#\/schema\/logo\/image\/","url":"https:\/\/coisasdegentepreta.com.br\/wp-content\/uploads\/2023\/12\/logo-2.png","contentUrl":"https:\/\/coisasdegentepreta.com.br\/wp-content\/uploads\/2023\/12\/logo-2.png","width":2064,"height":1021,"caption":"Espa\u00e7o de Capacita\u00e7\u00e3o M\u00e1rcio Madeira RJ"},"image":{"@id":"https:\/\/coisasdegentepreta.com.br\/#\/schema\/logo\/image\/"},"sameAs":["https:\/\/facebook.com\/cmmcomcoisasdegente","https:\/\/x.com\/cmmcomcoisasdegente","https:\/\/instagram.com\/cmmcomcoisasdegente"]}]}},"_links":{"self":[{"href":"https:\/\/coisasdegentepreta.com.br\/index.php\/wp-json\/wp\/v2\/pages\/7539","targetHints":{"allow":["GET"]}}],"collection":[{"href":"https:\/\/coisasdegentepreta.com.br\/index.php\/wp-json\/wp\/v2\/pages"}],"about":[{"href":"https:\/\/coisasdegentepreta.com.br\/index.php\/wp-json\/wp\/v2\/types\/page"}],"author":[{"embeddable":true,"href":"https:\/\/coisasdegentepreta.com.br\/index.php\/wp-json\/wp\/v2\/users\/1"}],"replies":[{"embeddable":true,"href":"https:\/\/coisasdegentepreta.com.br\/index.php\/wp-json\/wp\/v2\/comments?post=7539"}],"version-history":[{"count":4,"href":"https:\/\/coisasdegentepreta.com.br\/index.php\/wp-json\/wp\/v2\/pages\/7539\/revisions"}],"predecessor-version":[{"id":7544,"href":"https:\/\/coisasdegentepreta.com.br\/index.php\/wp-json\/wp\/v2\/pages\/7539\/revisions\/7544"}],"wp:attachment":[{"href":"https:\/\/coisasdegentepreta.com.br\/index.php\/wp-json\/wp\/v2\/media?parent=7539"}],"curies":[{"name":"wp","href":"https:\/\/api.w.org\/{rel}","templated":true}]}}