{"id":7496,"date":"2025-11-03T18:13:47","date_gmt":"2025-11-03T21:13:47","guid":{"rendered":"https:\/\/coisasdegentepreta.com.br\/?page_id=7496"},"modified":"2025-11-03T18:16:13","modified_gmt":"2025-11-03T21:16:13","slug":"morte-politica-e-manipulacao-a-voz-do-bope-em-debate-contra-uma-governadora-honesta-e-mulher-preta","status":"publish","type":"page","link":"https:\/\/coisasdegentepreta.com.br\/index.php\/morte-politica-e-manipulacao-a-voz-do-bope-em-debate-contra-uma-governadora-honesta-e-mulher-preta\/","title":{"rendered":"Morte, Pol\u00edtica e Manipula\u00e7\u00e3o: A Voz do BOPE em Debate contra uma Governadora Honesta e Mulher Preta."},"content":{"rendered":"\t\t<div data-elementor-type=\"wp-page\" data-elementor-id=\"7496\" class=\"elementor elementor-7496\">\n\t\t\t\t<div class=\"elementor-element elementor-element-b2a8c4a e-flex e-con-boxed e-con e-parent\" data-id=\"b2a8c4a\" data-element_type=\"container\" data-settings=\"{&quot;background_background&quot;:&quot;classic&quot;}\">\n\t\t\t\t\t<div class=\"e-con-inner\">\n\t\t<div class=\"elementor-element elementor-element-e4911a0 e-con-full e-flex e-con e-child\" data-id=\"e4911a0\" data-element_type=\"container\" data-settings=\"{&quot;background_background&quot;:&quot;classic&quot;}\">\n\t\t\t\t<div class=\"elementor-element elementor-element-9bad1b9 elementor-widget elementor-widget-image\" data-id=\"9bad1b9\" data-element_type=\"widget\" data-widget_type=\"image.default\">\n\t\t\t\t<div class=\"elementor-widget-container\">\n\t\t\t\t\t\t\t\t\t\t\t\t\t\t\t<img fetchpriority=\"high\" decoding=\"async\" width=\"1536\" height=\"1024\" src=\"https:\/\/coisasdegentepreta.com.br\/wp-content\/uploads\/2025\/11\/WhatsApp-Image-2025-11-03-at-17.33.38.jpeg\" class=\"attachment-full size-full wp-image-7498\" alt=\"\" srcset=\"https:\/\/coisasdegentepreta.com.br\/wp-content\/uploads\/2025\/11\/WhatsApp-Image-2025-11-03-at-17.33.38.jpeg 1536w, https:\/\/coisasdegentepreta.com.br\/wp-content\/uploads\/2025\/11\/WhatsApp-Image-2025-11-03-at-17.33.38-300x200.jpeg 300w, https:\/\/coisasdegentepreta.com.br\/wp-content\/uploads\/2025\/11\/WhatsApp-Image-2025-11-03-at-17.33.38-1024x683.jpeg 1024w, https:\/\/coisasdegentepreta.com.br\/wp-content\/uploads\/2025\/11\/WhatsApp-Image-2025-11-03-at-17.33.38-768x512.jpeg 768w, https:\/\/coisasdegentepreta.com.br\/wp-content\/uploads\/2025\/11\/WhatsApp-Image-2025-11-03-at-17.33.38-600x400.jpeg 600w\" sizes=\"(max-width: 1536px) 100vw, 1536px\" \/>\t\t\t\t\t\t\t\t\t\t\t\t\t\t\t<\/div>\n\t\t\t\t<\/div>\n\t\t\t\t<\/div>\n\t\t<div class=\"elementor-element elementor-element-0c4f1ae e-con-full e-flex e-con e-child\" data-id=\"0c4f1ae\" data-element_type=\"container\" data-settings=\"{&quot;background_background&quot;:&quot;classic&quot;}\">\n\t\t\t\t<div class=\"elementor-element elementor-element-ea7c00f elementor-widget elementor-widget-heading\" data-id=\"ea7c00f\" data-element_type=\"widget\" data-widget_type=\"heading.default\">\n\t\t\t\t<div class=\"elementor-widget-container\">\n\t\t\t\t\t<h2 class=\"elementor-heading-title elementor-size-default\">Morte, Pol\u00edtica e Manipula\u00e7\u00e3o: A Voz do BOPE em Debate contra uma Governadora Honesta e Mulher Preta.<\/h2>\t\t\t\t<\/div>\n\t\t\t\t<\/div>\n\t\t\t\t<div class=\"elementor-element elementor-element-f27d482 elementor-widget elementor-widget-text-editor\" data-id=\"f27d482\" data-element_type=\"widget\" data-widget_type=\"text-editor.default\">\n\t\t\t\t<div class=\"elementor-widget-container\">\n\t\t\t\t\t\t\t\t\t<div>No debate sobre seguran\u00e7a p\u00fablica no Rio de Janeiro, torna-se inevit\u00e1vel confrontar as vozes que moldam a narrativa oficial. Entre elas, destaca-se a governadora Benedita da Silva, e em contraponto, o ex-capit\u00e3o do BOPE, Rodrigo Pimentel, cuja interpreta\u00e7\u00e3o da letalidade policial revela mais espet\u00e1culo midi\u00e1tico do que an\u00e1lise cr\u00edtica.<\/div><div>\u00a0<\/div><div>Em postagem nas redes sociais, o ex-capit\u00e3o Rodrigo Pimentel alegou que a pol\u00edcia matou, mas n\u00e3o explica de que forma ou sob quais circunst\u00e2ncias. Ele tenta impor sua pr\u00f3pria interpreta\u00e7\u00e3o ao ouvinte, sem contextualizar a complexidade das ocorr\u00eancias de letalidade policial no per\u00edodo. N\u00e3o se trata, portanto, de uma a\u00e7\u00e3o ofensiva organizada, mas de epis\u00f3dios dentro de uma realidade complexa de viol\u00eancia urbana.<\/div><div>\u00a0<\/div><div>Pimentel se oportunizou de uma situa\u00e7\u00e3o de desgra\u00e7a para valorizar suas pr\u00f3prias narrativas midi\u00e1ticas. Critica pol\u00edticas passadas, mas n\u00e3o aborda publicamente estruturas fundamentais: o Legislativo, o Judici\u00e1rio e poss\u00edveis falhas dentro de comandos policiais, incluindo men\u00e7\u00f5es a supostos desvios de armas e muni\u00e7\u00f5es, amplamente discutidos em conversas informais e rumores, sem confirma\u00e7\u00e3o oficial.<\/div><div>\u00a0<\/div><div>Sua fala sobre respeitar a governadora \u2014 apresentada como alega\u00e7\u00e3o de reconhecimento da licitude de Benedita, algo que nem precisaria ser afirmado \u2014 revela-se uma jogada de cena, destinada a insuflar a sociedade com seu poder de persuas\u00e3o e a moldar opini\u00f5es. Ao mesmo tempo, evidencia racismo estrutural e machismo, descompromissando uma mulher preta e colocando-se acima da cr\u00edtica, enquanto se omite diante de quest\u00f5es estruturais mais amplas.<\/div><div>\u00a0<\/div><div>Al\u00e9m disso, Pimentel recorre a compara\u00e7\u00f5es com a administra\u00e7\u00e3o do governador da Bahia, trazendo isso como cortina de fuma\u00e7a para desviar o foco das discuss\u00f5es sobre seguran\u00e7a no Rio. Essa estrat\u00e9gia funciona em tom de grave amea\u00e7a de desqualifica\u00e7\u00e3o da administra\u00e7\u00e3o da governadora Benedita, tentando transferir cr\u00edticas de forma indireta e manipular a percep\u00e7\u00e3o do p\u00fablico, sem enfrentar as quest\u00f5es estruturais locais de forma transparente.<\/div><div>\u00a0<\/div><div>Podemos classificar sua postura em tr\u00eas aspectos principais:<\/div><div>1.Sensacionalismo midi\u00e1tico: utiliza trag\u00e9dias para refor\u00e7ar sua pr\u00f3pria narrativa.<\/div><div>2.Oportunismo: aproveita eventos de grande repercuss\u00e3o para autopromo\u00e7\u00e3o.<\/div><div>3.Covardia estrutural: evita discutir publicamente o poder constitu\u00eddo nas for\u00e7as estatais, como falhas no Legislativo, Judici\u00e1rio e comando policial.<\/div><div>\u00a0<\/div><div>No final, tudo se reduz a midiatismo e covardia, um espet\u00e1culo p\u00fablico que ignora a responsabilidade \u00e9tica. Cabe ao povo preto ler nas entrelinhas, refletir e exercer bom senso. A an\u00e1lise de seguran\u00e7a p\u00fablica n\u00e3o pode se limitar \u00e0s falhas individuais ou \u00e0 explora\u00e7\u00e3o midi\u00e1tica, mas precisa considerar as falhas da base, a aus\u00eancia de atua\u00e7\u00e3o efetiva do Estado e a precariedade administrativa, que retiram do povo direitos fundamentais \u2014 educa\u00e7\u00e3o, seguran\u00e7a e sa\u00fade \u2014 princ\u00edpios b\u00e1sicos de uma sociedade em que a contribui\u00e7\u00e3o fiscal de cada cidad\u00e3o, ao comprar o p\u00e3o, o leite ou qualquer produto do dia a dia, mant\u00e9m o Estado funcionando, mas mesmo assim n\u00e3o garante a prote\u00e7\u00e3o e os servi\u00e7os que s\u00e3o devidos.<\/div><div>\u00a0<\/div><div>\u00a0<\/div><div>M\u00e1rcio Madeira, respons\u00e1vel pelo editorial do Portal Coisas de Gente Preta e Lideran\u00e7a Nacional do PCN.<\/div>\t\t\t\t\t\t\t\t<\/div>\n\t\t\t\t<\/div>\n\t\t\t\t<\/div>\n\t\t\t\t\t<\/div>\n\t\t\t\t<\/div>\n\t\t\t\t<\/div>\n\t\t","protected":false},"excerpt":{"rendered":"<p>Morte, Pol\u00edtica e Manipula\u00e7\u00e3o: A Voz do BOPE em Debate contra uma Governadora Honesta e Mulher Preta. No debate sobre seguran\u00e7a p\u00fablica no Rio de Janeiro, torna-se inevit\u00e1vel confrontar as vozes que moldam a narrativa oficial. Entre elas, destaca-se a governadora Benedita da Silva, e em contraponto, o ex-capit\u00e3o do BOPE, Rodrigo Pimentel, cuja interpreta\u00e7\u00e3o &hellip;<\/p>\n<p class=\"read-more\"> <a class=\"\" href=\"https:\/\/coisasdegentepreta.com.br\/index.php\/morte-politica-e-manipulacao-a-voz-do-bope-em-debate-contra-uma-governadora-honesta-e-mulher-preta\/\"> <span class=\"screen-reader-text\">Morte, Pol\u00edtica e Manipula\u00e7\u00e3o: A Voz do BOPE em Debate contra uma Governadora Honesta e Mulher Preta.<\/span> Read More &raquo;<\/a><\/p>\n","protected":false},"author":1,"featured_media":0,"parent":0,"menu_order":0,"comment_status":"closed","ping_status":"closed","template":"","meta":{"site-sidebar-layout":"no-sidebar","site-content-layout":"","ast-site-content-layout":"full-width-container","site-content-style":"default","site-sidebar-style":"default","ast-global-header-display":"","ast-banner-title-visibility":"","ast-main-header-display":"","ast-hfb-above-header-display":"","ast-hfb-below-header-display":"","ast-hfb-mobile-header-display":"","site-post-title":"disabled","ast-breadcrumbs-content":"","ast-featured-img":"disabled","footer-sml-layout":"","theme-transparent-header-meta":"","adv-header-id-meta":"","stick-header-meta":"","header-above-stick-meta":"","header-main-stick-meta":"","header-below-stick-meta":"","astra-migrate-meta-layouts":"default","ast-page-background-enabled":"default","ast-page-background-meta":{"desktop":{"background-color":"var(--ast-global-color-4)","background-image":"","background-repeat":"repeat","background-position":"center center","background-size":"auto","background-attachment":"scroll","background-type":"","background-media":"","overlay-type":"","overlay-color":"","overlay-gradient":""},"tablet":{"background-color":"","background-image":"","background-repeat":"repeat","background-position":"center center","background-size":"auto","background-attachment":"scroll","background-type":"","background-media":"","overlay-type":"","overlay-color":"","overlay-gradient":""},"mobile":{"background-color":"","background-image":"","background-repeat":"repeat","background-position":"center center","background-size":"auto","background-attachment":"scroll","background-type":"","background-media":"","overlay-type":"","overlay-color":"","overlay-gradient":""}},"ast-content-background-meta":{"desktop":{"background-color":"var(--ast-global-color-5)","background-image":"","background-repeat":"repeat","background-position":"center center","background-size":"auto","background-attachment":"scroll","background-type":"","background-media":"","overlay-type":"","overlay-color":"","overlay-gradient":""},"tablet":{"background-color":"var(--ast-global-color-5)","background-image":"","background-repeat":"repeat","background-position":"center center","background-size":"auto","background-attachment":"scroll","background-type":"","background-media":"","overlay-type":"","overlay-color":"","overlay-gradient":""},"mobile":{"background-color":"var(--ast-global-color-5)","background-image":"","background-repeat":"repeat","background-position":"center center","background-size":"auto","background-attachment":"scroll","background-type":"","background-media":"","overlay-type":"","overlay-color":"","overlay-gradient":""}},"footnotes":""},"class_list":["post-7496","page","type-page","status-publish","hentry"],"yoast_head":"<!-- This site is optimized with the Yoast SEO plugin v24.2 - https:\/\/yoast.com\/wordpress\/plugins\/seo\/ -->\n<title>Morte, Pol\u00edtica e Manipula\u00e7\u00e3o: A Voz do BOPE em Debate contra uma Governadora Honesta e Mulher Preta. -<\/title>\n<meta name=\"robots\" content=\"index, follow, max-snippet:-1, max-image-preview:large, max-video-preview:-1\" \/>\n<link rel=\"canonical\" href=\"https:\/\/coisasdegentepreta.com.br\/index.php\/morte-politica-e-manipulacao-a-voz-do-bope-em-debate-contra-uma-governadora-honesta-e-mulher-preta\/\" \/>\n<meta property=\"og:locale\" content=\"en_US\" \/>\n<meta property=\"og:type\" content=\"article\" \/>\n<meta property=\"og:title\" content=\"Morte, Pol\u00edtica e Manipula\u00e7\u00e3o: A Voz do BOPE em Debate contra uma Governadora Honesta e Mulher Preta. -\" \/>\n<meta property=\"og:description\" content=\"Morte, Pol\u00edtica e Manipula\u00e7\u00e3o: A Voz do BOPE em Debate contra uma Governadora Honesta e Mulher Preta. No debate sobre seguran\u00e7a p\u00fablica no Rio de Janeiro, torna-se inevit\u00e1vel confrontar as vozes que moldam a narrativa oficial. Entre elas, destaca-se a governadora Benedita da Silva, e em contraponto, o ex-capit\u00e3o do BOPE, Rodrigo Pimentel, cuja interpreta\u00e7\u00e3o &hellip; Morte, Pol\u00edtica e Manipula\u00e7\u00e3o: A Voz do BOPE em Debate contra uma Governadora Honesta e Mulher Preta. Read More &raquo;\" \/>\n<meta property=\"og:url\" content=\"https:\/\/coisasdegentepreta.com.br\/index.php\/morte-politica-e-manipulacao-a-voz-do-bope-em-debate-contra-uma-governadora-honesta-e-mulher-preta\/\" \/>\n<meta property=\"article:publisher\" content=\"https:\/\/facebook.com\/cmmcomcoisasdegente\" \/>\n<meta property=\"article:modified_time\" content=\"2025-11-03T21:16:13+00:00\" \/>\n<meta property=\"og:image\" content=\"https:\/\/coisasdegentepreta.com.br\/wp-content\/uploads\/2025\/11\/WhatsApp-Image-2025-11-03-at-17.33.38.jpeg\" \/>\n\t<meta property=\"og:image:width\" content=\"1536\" \/>\n\t<meta property=\"og:image:height\" content=\"1024\" \/>\n\t<meta property=\"og:image:type\" content=\"image\/jpeg\" \/>\n<meta name=\"twitter:card\" content=\"summary_large_image\" \/>\n<meta name=\"twitter:site\" content=\"@cmmcomcoisasdegente\" \/>\n<meta name=\"twitter:label1\" content=\"Est. reading time\" \/>\n\t<meta name=\"twitter:data1\" content=\"3 minutes\" \/>\n<script type=\"application\/ld+json\" class=\"yoast-schema-graph\">{\"@context\":\"https:\/\/schema.org\",\"@graph\":[{\"@type\":\"WebPage\",\"@id\":\"https:\/\/coisasdegentepreta.com.br\/index.php\/morte-politica-e-manipulacao-a-voz-do-bope-em-debate-contra-uma-governadora-honesta-e-mulher-preta\/\",\"url\":\"https:\/\/coisasdegentepreta.com.br\/index.php\/morte-politica-e-manipulacao-a-voz-do-bope-em-debate-contra-uma-governadora-honesta-e-mulher-preta\/\",\"name\":\"Morte, Pol\u00edtica e Manipula\u00e7\u00e3o: A Voz do BOPE em Debate contra uma Governadora Honesta e Mulher Preta. -\",\"isPartOf\":{\"@id\":\"https:\/\/coisasdegentepreta.com.br\/#website\"},\"primaryImageOfPage\":{\"@id\":\"https:\/\/coisasdegentepreta.com.br\/index.php\/morte-politica-e-manipulacao-a-voz-do-bope-em-debate-contra-uma-governadora-honesta-e-mulher-preta\/#primaryimage\"},\"image\":{\"@id\":\"https:\/\/coisasdegentepreta.com.br\/index.php\/morte-politica-e-manipulacao-a-voz-do-bope-em-debate-contra-uma-governadora-honesta-e-mulher-preta\/#primaryimage\"},\"thumbnailUrl\":\"https:\/\/coisasdegentepreta.com.br\/wp-content\/uploads\/2025\/11\/WhatsApp-Image-2025-11-03-at-17.33.38.jpeg\",\"datePublished\":\"2025-11-03T21:13:47+00:00\",\"dateModified\":\"2025-11-03T21:16:13+00:00\",\"breadcrumb\":{\"@id\":\"https:\/\/coisasdegentepreta.com.br\/index.php\/morte-politica-e-manipulacao-a-voz-do-bope-em-debate-contra-uma-governadora-honesta-e-mulher-preta\/#breadcrumb\"},\"inLanguage\":\"en-US\",\"potentialAction\":[{\"@type\":\"ReadAction\",\"target\":[\"https:\/\/coisasdegentepreta.com.br\/index.php\/morte-politica-e-manipulacao-a-voz-do-bope-em-debate-contra-uma-governadora-honesta-e-mulher-preta\/\"]}]},{\"@type\":\"ImageObject\",\"inLanguage\":\"en-US\",\"@id\":\"https:\/\/coisasdegentepreta.com.br\/index.php\/morte-politica-e-manipulacao-a-voz-do-bope-em-debate-contra-uma-governadora-honesta-e-mulher-preta\/#primaryimage\",\"url\":\"https:\/\/coisasdegentepreta.com.br\/wp-content\/uploads\/2025\/11\/WhatsApp-Image-2025-11-03-at-17.33.38.jpeg\",\"contentUrl\":\"https:\/\/coisasdegentepreta.com.br\/wp-content\/uploads\/2025\/11\/WhatsApp-Image-2025-11-03-at-17.33.38.jpeg\",\"width\":1536,\"height\":1024},{\"@type\":\"BreadcrumbList\",\"@id\":\"https:\/\/coisasdegentepreta.com.br\/index.php\/morte-politica-e-manipulacao-a-voz-do-bope-em-debate-contra-uma-governadora-honesta-e-mulher-preta\/#breadcrumb\",\"itemListElement\":[{\"@type\":\"ListItem\",\"position\":1,\"name\":\"ECMM\",\"item\":\"https:\/\/coisasdegentepreta.com.br\/\"},{\"@type\":\"ListItem\",\"position\":2,\"name\":\"Morte, Pol\u00edtica e Manipula\u00e7\u00e3o: A Voz do BOPE em Debate contra uma Governadora Honesta e Mulher Preta.\"}]},{\"@type\":\"WebSite\",\"@id\":\"https:\/\/coisasdegentepreta.com.br\/#website\",\"url\":\"https:\/\/coisasdegentepreta.com.br\/\",\"name\":\"https:\/\/coisasdegentepreta.com.br\",\"description\":\"\",\"publisher\":{\"@id\":\"https:\/\/coisasdegentepreta.com.br\/#organization\"},\"potentialAction\":[{\"@type\":\"SearchAction\",\"target\":{\"@type\":\"EntryPoint\",\"urlTemplate\":\"https:\/\/coisasdegentepreta.com.br\/?s={search_term_string}\"},\"query-input\":{\"@type\":\"PropertyValueSpecification\",\"valueRequired\":true,\"valueName\":\"search_term_string\"}}],\"inLanguage\":\"en-US\"},{\"@type\":\"Organization\",\"@id\":\"https:\/\/coisasdegentepreta.com.br\/#organization\",\"name\":\"Espa\u00e7o de Capacita\u00e7\u00e3o M\u00e1rcio Madeira RJ\",\"url\":\"https:\/\/coisasdegentepreta.com.br\/\",\"logo\":{\"@type\":\"ImageObject\",\"inLanguage\":\"en-US\",\"@id\":\"https:\/\/coisasdegentepreta.com.br\/#\/schema\/logo\/image\/\",\"url\":\"https:\/\/coisasdegentepreta.com.br\/wp-content\/uploads\/2023\/12\/logo-2.png\",\"contentUrl\":\"https:\/\/coisasdegentepreta.com.br\/wp-content\/uploads\/2023\/12\/logo-2.png\",\"width\":2064,\"height\":1021,\"caption\":\"Espa\u00e7o de Capacita\u00e7\u00e3o M\u00e1rcio Madeira RJ\"},\"image\":{\"@id\":\"https:\/\/coisasdegentepreta.com.br\/#\/schema\/logo\/image\/\"},\"sameAs\":[\"https:\/\/facebook.com\/cmmcomcoisasdegente\",\"https:\/\/x.com\/cmmcomcoisasdegente\",\"https:\/\/instagram.com\/cmmcomcoisasdegente\"]}]}<\/script>\n<!-- \/ Yoast SEO plugin. -->","yoast_head_json":{"title":"Morte, Pol\u00edtica e Manipula\u00e7\u00e3o: A Voz do BOPE em Debate contra uma Governadora Honesta e Mulher Preta. -","robots":{"index":"index","follow":"follow","max-snippet":"max-snippet:-1","max-image-preview":"max-image-preview:large","max-video-preview":"max-video-preview:-1"},"canonical":"https:\/\/coisasdegentepreta.com.br\/index.php\/morte-politica-e-manipulacao-a-voz-do-bope-em-debate-contra-uma-governadora-honesta-e-mulher-preta\/","og_locale":"en_US","og_type":"article","og_title":"Morte, Pol\u00edtica e Manipula\u00e7\u00e3o: A Voz do BOPE em Debate contra uma Governadora Honesta e Mulher Preta. -","og_description":"Morte, Pol\u00edtica e Manipula\u00e7\u00e3o: A Voz do BOPE em Debate contra uma Governadora Honesta e Mulher Preta. No debate sobre seguran\u00e7a p\u00fablica no Rio de Janeiro, torna-se inevit\u00e1vel confrontar as vozes que moldam a narrativa oficial. Entre elas, destaca-se a governadora Benedita da Silva, e em contraponto, o ex-capit\u00e3o do BOPE, Rodrigo Pimentel, cuja interpreta\u00e7\u00e3o &hellip; Morte, Pol\u00edtica e Manipula\u00e7\u00e3o: A Voz do BOPE em Debate contra uma Governadora Honesta e Mulher Preta. Read More &raquo;","og_url":"https:\/\/coisasdegentepreta.com.br\/index.php\/morte-politica-e-manipulacao-a-voz-do-bope-em-debate-contra-uma-governadora-honesta-e-mulher-preta\/","article_publisher":"https:\/\/facebook.com\/cmmcomcoisasdegente","article_modified_time":"2025-11-03T21:16:13+00:00","og_image":[{"width":1536,"height":1024,"url":"https:\/\/coisasdegentepreta.com.br\/wp-content\/uploads\/2025\/11\/WhatsApp-Image-2025-11-03-at-17.33.38.jpeg","type":"image\/jpeg"}],"twitter_card":"summary_large_image","twitter_site":"@cmmcomcoisasdegente","twitter_misc":{"Est. reading time":"3 minutes"},"schema":{"@context":"https:\/\/schema.org","@graph":[{"@type":"WebPage","@id":"https:\/\/coisasdegentepreta.com.br\/index.php\/morte-politica-e-manipulacao-a-voz-do-bope-em-debate-contra-uma-governadora-honesta-e-mulher-preta\/","url":"https:\/\/coisasdegentepreta.com.br\/index.php\/morte-politica-e-manipulacao-a-voz-do-bope-em-debate-contra-uma-governadora-honesta-e-mulher-preta\/","name":"Morte, Pol\u00edtica e Manipula\u00e7\u00e3o: A Voz do BOPE em Debate contra uma Governadora Honesta e Mulher Preta. -","isPartOf":{"@id":"https:\/\/coisasdegentepreta.com.br\/#website"},"primaryImageOfPage":{"@id":"https:\/\/coisasdegentepreta.com.br\/index.php\/morte-politica-e-manipulacao-a-voz-do-bope-em-debate-contra-uma-governadora-honesta-e-mulher-preta\/#primaryimage"},"image":{"@id":"https:\/\/coisasdegentepreta.com.br\/index.php\/morte-politica-e-manipulacao-a-voz-do-bope-em-debate-contra-uma-governadora-honesta-e-mulher-preta\/#primaryimage"},"thumbnailUrl":"https:\/\/coisasdegentepreta.com.br\/wp-content\/uploads\/2025\/11\/WhatsApp-Image-2025-11-03-at-17.33.38.jpeg","datePublished":"2025-11-03T21:13:47+00:00","dateModified":"2025-11-03T21:16:13+00:00","breadcrumb":{"@id":"https:\/\/coisasdegentepreta.com.br\/index.php\/morte-politica-e-manipulacao-a-voz-do-bope-em-debate-contra-uma-governadora-honesta-e-mulher-preta\/#breadcrumb"},"inLanguage":"en-US","potentialAction":[{"@type":"ReadAction","target":["https:\/\/coisasdegentepreta.com.br\/index.php\/morte-politica-e-manipulacao-a-voz-do-bope-em-debate-contra-uma-governadora-honesta-e-mulher-preta\/"]}]},{"@type":"ImageObject","inLanguage":"en-US","@id":"https:\/\/coisasdegentepreta.com.br\/index.php\/morte-politica-e-manipulacao-a-voz-do-bope-em-debate-contra-uma-governadora-honesta-e-mulher-preta\/#primaryimage","url":"https:\/\/coisasdegentepreta.com.br\/wp-content\/uploads\/2025\/11\/WhatsApp-Image-2025-11-03-at-17.33.38.jpeg","contentUrl":"https:\/\/coisasdegentepreta.com.br\/wp-content\/uploads\/2025\/11\/WhatsApp-Image-2025-11-03-at-17.33.38.jpeg","width":1536,"height":1024},{"@type":"BreadcrumbList","@id":"https:\/\/coisasdegentepreta.com.br\/index.php\/morte-politica-e-manipulacao-a-voz-do-bope-em-debate-contra-uma-governadora-honesta-e-mulher-preta\/#breadcrumb","itemListElement":[{"@type":"ListItem","position":1,"name":"ECMM","item":"https:\/\/coisasdegentepreta.com.br\/"},{"@type":"ListItem","position":2,"name":"Morte, Pol\u00edtica e Manipula\u00e7\u00e3o: A Voz do BOPE em Debate contra uma Governadora Honesta e Mulher Preta."}]},{"@type":"WebSite","@id":"https:\/\/coisasdegentepreta.com.br\/#website","url":"https:\/\/coisasdegentepreta.com.br\/","name":"https:\/\/coisasdegentepreta.com.br","description":"","publisher":{"@id":"https:\/\/coisasdegentepreta.com.br\/#organization"},"potentialAction":[{"@type":"SearchAction","target":{"@type":"EntryPoint","urlTemplate":"https:\/\/coisasdegentepreta.com.br\/?s={search_term_string}"},"query-input":{"@type":"PropertyValueSpecification","valueRequired":true,"valueName":"search_term_string"}}],"inLanguage":"en-US"},{"@type":"Organization","@id":"https:\/\/coisasdegentepreta.com.br\/#organization","name":"Espa\u00e7o de Capacita\u00e7\u00e3o M\u00e1rcio Madeira RJ","url":"https:\/\/coisasdegentepreta.com.br\/","logo":{"@type":"ImageObject","inLanguage":"en-US","@id":"https:\/\/coisasdegentepreta.com.br\/#\/schema\/logo\/image\/","url":"https:\/\/coisasdegentepreta.com.br\/wp-content\/uploads\/2023\/12\/logo-2.png","contentUrl":"https:\/\/coisasdegentepreta.com.br\/wp-content\/uploads\/2023\/12\/logo-2.png","width":2064,"height":1021,"caption":"Espa\u00e7o de Capacita\u00e7\u00e3o M\u00e1rcio Madeira RJ"},"image":{"@id":"https:\/\/coisasdegentepreta.com.br\/#\/schema\/logo\/image\/"},"sameAs":["https:\/\/facebook.com\/cmmcomcoisasdegente","https:\/\/x.com\/cmmcomcoisasdegente","https:\/\/instagram.com\/cmmcomcoisasdegente"]}]}},"_links":{"self":[{"href":"https:\/\/coisasdegentepreta.com.br\/index.php\/wp-json\/wp\/v2\/pages\/7496","targetHints":{"allow":["GET"]}}],"collection":[{"href":"https:\/\/coisasdegentepreta.com.br\/index.php\/wp-json\/wp\/v2\/pages"}],"about":[{"href":"https:\/\/coisasdegentepreta.com.br\/index.php\/wp-json\/wp\/v2\/types\/page"}],"author":[{"embeddable":true,"href":"https:\/\/coisasdegentepreta.com.br\/index.php\/wp-json\/wp\/v2\/users\/1"}],"replies":[{"embeddable":true,"href":"https:\/\/coisasdegentepreta.com.br\/index.php\/wp-json\/wp\/v2\/comments?post=7496"}],"version-history":[{"count":4,"href":"https:\/\/coisasdegentepreta.com.br\/index.php\/wp-json\/wp\/v2\/pages\/7496\/revisions"}],"predecessor-version":[{"id":7501,"href":"https:\/\/coisasdegentepreta.com.br\/index.php\/wp-json\/wp\/v2\/pages\/7496\/revisions\/7501"}],"wp:attachment":[{"href":"https:\/\/coisasdegentepreta.com.br\/index.php\/wp-json\/wp\/v2\/media?parent=7496"}],"curies":[{"name":"wp","href":"https:\/\/api.w.org\/{rel}","templated":true}]}}