{"id":7476,"date":"2025-10-19T22:35:30","date_gmt":"2025-10-20T01:35:30","guid":{"rendered":"https:\/\/coisasdegentepreta.com.br\/?page_id=7476"},"modified":"2025-10-19T22:38:09","modified_gmt":"2025-10-20T01:38:09","slug":"povo-negro-vamos-para-a-rua","status":"publish","type":"page","link":"https:\/\/coisasdegentepreta.com.br\/index.php\/povo-negro-vamos-para-a-rua\/","title":{"rendered":"POVO NEGRO, VAMOS PARA A RUA!"},"content":{"rendered":"\t\t<div data-elementor-type=\"wp-page\" data-elementor-id=\"7476\" class=\"elementor elementor-7476\">\n\t\t\t\t<div class=\"elementor-element elementor-element-a6380ce e-flex e-con-boxed e-con e-parent\" data-id=\"a6380ce\" data-element_type=\"container\" data-settings=\"{&quot;background_background&quot;:&quot;classic&quot;}\">\n\t\t\t\t\t<div class=\"e-con-inner\">\n\t\t<div class=\"elementor-element elementor-element-da1307b e-con-full e-flex e-con e-child\" data-id=\"da1307b\" data-element_type=\"container\" data-settings=\"{&quot;background_background&quot;:&quot;classic&quot;}\">\n\t\t\t\t<div class=\"elementor-element elementor-element-39a7308 elementor-widget elementor-widget-image\" data-id=\"39a7308\" data-element_type=\"widget\" data-widget_type=\"image.default\">\n\t\t\t\t<div class=\"elementor-widget-container\">\n\t\t\t\t\t\t\t\t\t\t\t\t\t\t\t<img fetchpriority=\"high\" decoding=\"async\" width=\"1040\" height=\"780\" src=\"https:\/\/coisasdegentepreta.com.br\/wp-content\/uploads\/2025\/10\/Imagem-do-WhatsApp-de-2025-10-18-as-06.00.57_a95adf81.jpg\" class=\"attachment-full size-full wp-image-7478\" alt=\"\" srcset=\"https:\/\/coisasdegentepreta.com.br\/wp-content\/uploads\/2025\/10\/Imagem-do-WhatsApp-de-2025-10-18-as-06.00.57_a95adf81.jpg 1040w, https:\/\/coisasdegentepreta.com.br\/wp-content\/uploads\/2025\/10\/Imagem-do-WhatsApp-de-2025-10-18-as-06.00.57_a95adf81-300x225.jpg 300w, https:\/\/coisasdegentepreta.com.br\/wp-content\/uploads\/2025\/10\/Imagem-do-WhatsApp-de-2025-10-18-as-06.00.57_a95adf81-1024x768.jpg 1024w, https:\/\/coisasdegentepreta.com.br\/wp-content\/uploads\/2025\/10\/Imagem-do-WhatsApp-de-2025-10-18-as-06.00.57_a95adf81-768x576.jpg 768w, https:\/\/coisasdegentepreta.com.br\/wp-content\/uploads\/2025\/10\/Imagem-do-WhatsApp-de-2025-10-18-as-06.00.57_a95adf81-600x450.jpg 600w\" sizes=\"(max-width: 1040px) 100vw, 1040px\" \/>\t\t\t\t\t\t\t\t\t\t\t\t\t\t\t<\/div>\n\t\t\t\t<\/div>\n\t\t\t\t<\/div>\n\t\t<div class=\"elementor-element elementor-element-f067002 e-con-full e-flex e-con e-child\" data-id=\"f067002\" data-element_type=\"container\" data-settings=\"{&quot;background_background&quot;:&quot;classic&quot;}\">\n\t\t\t\t<div class=\"elementor-element elementor-element-7c5f6b6 elementor-widget elementor-widget-heading\" data-id=\"7c5f6b6\" data-element_type=\"widget\" data-widget_type=\"heading.default\">\n\t\t\t\t<div class=\"elementor-widget-container\">\n\t\t\t\t\t<h2 class=\"elementor-heading-title elementor-size-default\">POVO NEGRO, VAMOS PARA A RUA!\n<\/h2>\t\t\t\t<\/div>\n\t\t\t\t<\/div>\n\t\t\t\t<div class=\"elementor-element elementor-element-8420aa1 elementor-widget elementor-widget-text-editor\" data-id=\"8420aa1\" data-element_type=\"widget\" data-widget_type=\"text-editor.default\">\n\t\t\t\t<div class=\"elementor-widget-container\">\n\t\t\t\t\t\t\t\t\t<p>O INSTITUTO COISAS DE GENTE PRETA e o PORTAL COISAS DE GENTE PRETA manifestam seu mais profundo REP\u00daDIO \u00c0 DECIS\u00c3O DA UNIVERSIDADE DE S\u00c3O PAULO (USP) de anular o concurso p\u00fablico no qual a professora \u00c9RICA CRISTINA BISPO, mulher negra, doutora e pesquisadora de excel\u00eancia, foi aprovada em primeiro lugar para a vaga de Literaturas Africanas de L\u00edngua Portuguesa.<\/p><p>A USP REVELA SUA BRANQUITUDE ESTRUTURAL!<\/p><p>A decis\u00e3o da universidade \u00e9 um ataque direto \u00e0 presen\u00e7a negra nos espa\u00e7os de produ\u00e7\u00e3o de saber. O concurso foi regular, transparente e leg\u00edtimo, mas o inc\u00f4modo foi outro: uma mulher negra ocupar o espa\u00e7o da palavra e da c\u00e1tedra.<br \/>A rea\u00e7\u00e3o dos derrotados \u2014 amparada pela institui\u00e7\u00e3o \u2014 mostra que o racismo acad\u00eamico continua a ser a principal ferramenta de exclus\u00e3o dentro das universidades p\u00fablicas brasileiras.<\/p><p>N\u00c3O \u00c9 UM CASO ISOLADO \u2014 \u00c9 UM PADR\u00c3O!<\/p><p>O que acontece com \u00c9rica \u00e9 o que tem acontecido com tantos e tantas intelectuais pretas que ousam ocupar lugares de destaque e romper o monop\u00f3lio branco do pensamento.<br \/>As mesmas institui\u00e7\u00f5es que dizem defender diversidade s\u00e3o as primeiras a barrar o corpo preto quando ele chega qualificado, competente e vitorioso.<br \/>A USP n\u00e3o cancelou um concurso \u2014 ela cancelou um s\u00edmbolo de repara\u00e7\u00e3o hist\u00f3rica e de avan\u00e7o da justi\u00e7a racial.<\/p><p>O RACISMO INSTITUCIONAL TEM NOME, ENDERE\u00c7O E PR\u00c1TICA!<\/p><p>N\u00e3o h\u00e1 justificativa t\u00e9cnica que apague a viol\u00eancia simb\u00f3lica e pol\u00edtica dessa decis\u00e3o.<br \/>O que se v\u00ea \u00e9 a reprodu\u00e7\u00e3o de um sistema que busca min\u00facias burocr\u00e1ticas para deslegitimar conquistas negras.<br \/>\u00c9 o mesmo modelo que persegue, descredibiliza e expulsa profissionais pretos das universidades, empresas e espa\u00e7os de poder \u2014 sempre sob o disfarce da \u201clegalidade\u201d.<\/p><p>POVO NEGRO, VAMOS PARA A RUA!<\/p><p>N\u00e3o podemos permitir que mais uma vez o m\u00e9rito negro seja apagado pela arrog\u00e2ncia branca.<br \/>N\u00e3o podemos aceitar que a hist\u00f3ria da professora \u00c9rica seja transformada em estat\u00edstica de injusti\u00e7a.<br \/>\u00c9 hora de erguer as vozes, marchar, ocupar e denunciar.<br \/>Se a universidade insiste em ser um espa\u00e7o de exclus\u00e3o, n\u00f3s faremos das ruas as nossas salas de aula.<\/p><p>POR UMA UNIVERSIDADE ANTIRRACISTA E PELA POSSE IMEDIATA DE \u00c9RICA BISPO!<\/p><p>Exigimos a revis\u00e3o da decis\u00e3o, a responsabiliza\u00e7\u00e3o dos autores do recurso racista e a garantia da posse imediata da professora \u00c9rica Cristina Bispo.<br \/>O que est\u00e1 em jogo n\u00e3o \u00e9 apenas um cargo \u2014 \u00e9 a dignidade e o direito do povo preto de ensinar, pensar e existir em todas as dimens\u00f5es da sociedade.<\/p><p>ASSINA: PORTAL COISAS DE GENTE PRETA<\/p><p>INSTITUTO COISAS DE GENTE PRETA \u2013 M\u00c1RCIO MADEIRA \u2234 DIRE\u00c7\u00c3O.<\/p><p>\u201cEnquanto houver racismo, nossa palavra ser\u00e1 tambor\u00a0e\u00a0espada.\u201d<\/p>\t\t\t\t\t\t\t\t<\/div>\n\t\t\t\t<\/div>\n\t\t\t\t<\/div>\n\t\t\t\t\t<\/div>\n\t\t\t\t<\/div>\n\t\t\t\t<\/div>\n\t\t","protected":false},"excerpt":{"rendered":"<p>POVO NEGRO, VAMOS PARA A RUA! O INSTITUTO COISAS DE GENTE PRETA e o PORTAL COISAS DE GENTE PRETA manifestam seu mais profundo REP\u00daDIO \u00c0 DECIS\u00c3O DA UNIVERSIDADE DE S\u00c3O PAULO (USP) de anular o concurso p\u00fablico no qual a professora \u00c9RICA CRISTINA BISPO, mulher negra, doutora e pesquisadora de excel\u00eancia, foi aprovada em primeiro &hellip;<\/p>\n<p class=\"read-more\"> <a class=\"\" href=\"https:\/\/coisasdegentepreta.com.br\/index.php\/povo-negro-vamos-para-a-rua\/\"> <span class=\"screen-reader-text\">POVO NEGRO, VAMOS PARA A RUA!<\/span> Read More &raquo;<\/a><\/p>\n","protected":false},"author":1,"featured_media":0,"parent":0,"menu_order":0,"comment_status":"closed","ping_status":"closed","template":"","meta":{"site-sidebar-layout":"no-sidebar","site-content-layout":"","ast-site-content-layout":"full-width-container","site-content-style":"default","site-sidebar-style":"default","ast-global-header-display":"","ast-banner-title-visibility":"","ast-main-header-display":"","ast-hfb-above-header-display":"","ast-hfb-below-header-display":"","ast-hfb-mobile-header-display":"","site-post-title":"disabled","ast-breadcrumbs-content":"","ast-featured-img":"disabled","footer-sml-layout":"","theme-transparent-header-meta":"","adv-header-id-meta":"","stick-header-meta":"","header-above-stick-meta":"","header-main-stick-meta":"","header-below-stick-meta":"","astra-migrate-meta-layouts":"default","ast-page-background-enabled":"default","ast-page-background-meta":{"desktop":{"background-color":"var(--ast-global-color-4)","background-image":"","background-repeat":"repeat","background-position":"center center","background-size":"auto","background-attachment":"scroll","background-type":"","background-media":"","overlay-type":"","overlay-color":"","overlay-gradient":""},"tablet":{"background-color":"","background-image":"","background-repeat":"repeat","background-position":"center center","background-size":"auto","background-attachment":"scroll","background-type":"","background-media":"","overlay-type":"","overlay-color":"","overlay-gradient":""},"mobile":{"background-color":"","background-image":"","background-repeat":"repeat","background-position":"center center","background-size":"auto","background-attachment":"scroll","background-type":"","background-media":"","overlay-type":"","overlay-color":"","overlay-gradient":""}},"ast-content-background-meta":{"desktop":{"background-color":"var(--ast-global-color-5)","background-image":"","background-repeat":"repeat","background-position":"center center","background-size":"auto","background-attachment":"scroll","background-type":"","background-media":"","overlay-type":"","overlay-color":"","overlay-gradient":""},"tablet":{"background-color":"var(--ast-global-color-5)","background-image":"","background-repeat":"repeat","background-position":"center center","background-size":"auto","background-attachment":"scroll","background-type":"","background-media":"","overlay-type":"","overlay-color":"","overlay-gradient":""},"mobile":{"background-color":"var(--ast-global-color-5)","background-image":"","background-repeat":"repeat","background-position":"center center","background-size":"auto","background-attachment":"scroll","background-type":"","background-media":"","overlay-type":"","overlay-color":"","overlay-gradient":""}},"footnotes":""},"class_list":["post-7476","page","type-page","status-publish","hentry"],"yoast_head":"<!-- This site is optimized with the Yoast SEO plugin v24.2 - https:\/\/yoast.com\/wordpress\/plugins\/seo\/ -->\n<title>POVO NEGRO, VAMOS PARA A RUA! -<\/title>\n<meta name=\"robots\" content=\"index, follow, max-snippet:-1, max-image-preview:large, max-video-preview:-1\" \/>\n<link rel=\"canonical\" href=\"https:\/\/coisasdegentepreta.com.br\/index.php\/povo-negro-vamos-para-a-rua\/\" \/>\n<meta property=\"og:locale\" content=\"en_US\" \/>\n<meta property=\"og:type\" content=\"article\" \/>\n<meta property=\"og:title\" content=\"POVO NEGRO, VAMOS PARA A RUA! -\" \/>\n<meta property=\"og:description\" content=\"POVO NEGRO, VAMOS PARA A RUA! O INSTITUTO COISAS DE GENTE PRETA e o PORTAL COISAS DE GENTE PRETA manifestam seu mais profundo REP\u00daDIO \u00c0 DECIS\u00c3O DA UNIVERSIDADE DE S\u00c3O PAULO (USP) de anular o concurso p\u00fablico no qual a professora \u00c9RICA CRISTINA BISPO, mulher negra, doutora e pesquisadora de excel\u00eancia, foi aprovada em primeiro &hellip; POVO NEGRO, VAMOS PARA A RUA! Read More &raquo;\" \/>\n<meta property=\"og:url\" content=\"https:\/\/coisasdegentepreta.com.br\/index.php\/povo-negro-vamos-para-a-rua\/\" \/>\n<meta property=\"article:publisher\" content=\"https:\/\/facebook.com\/cmmcomcoisasdegente\" \/>\n<meta property=\"article:modified_time\" content=\"2025-10-20T01:38:09+00:00\" \/>\n<meta property=\"og:image\" content=\"https:\/\/coisasdegentepreta.com.br\/wp-content\/uploads\/2025\/10\/Imagem-do-WhatsApp-de-2025-10-18-as-06.00.57_a95adf81.jpg\" \/>\n\t<meta property=\"og:image:width\" content=\"1040\" \/>\n\t<meta property=\"og:image:height\" content=\"780\" \/>\n\t<meta property=\"og:image:type\" content=\"image\/jpeg\" \/>\n<meta name=\"twitter:card\" content=\"summary_large_image\" \/>\n<meta name=\"twitter:site\" content=\"@cmmcomcoisasdegente\" \/>\n<meta name=\"twitter:label1\" content=\"Est. reading time\" \/>\n\t<meta name=\"twitter:data1\" content=\"3 minutes\" \/>\n<script type=\"application\/ld+json\" class=\"yoast-schema-graph\">{\"@context\":\"https:\/\/schema.org\",\"@graph\":[{\"@type\":\"WebPage\",\"@id\":\"https:\/\/coisasdegentepreta.com.br\/index.php\/povo-negro-vamos-para-a-rua\/\",\"url\":\"https:\/\/coisasdegentepreta.com.br\/index.php\/povo-negro-vamos-para-a-rua\/\",\"name\":\"POVO NEGRO, VAMOS PARA A RUA! -\",\"isPartOf\":{\"@id\":\"https:\/\/coisasdegentepreta.com.br\/#website\"},\"primaryImageOfPage\":{\"@id\":\"https:\/\/coisasdegentepreta.com.br\/index.php\/povo-negro-vamos-para-a-rua\/#primaryimage\"},\"image\":{\"@id\":\"https:\/\/coisasdegentepreta.com.br\/index.php\/povo-negro-vamos-para-a-rua\/#primaryimage\"},\"thumbnailUrl\":\"https:\/\/coisasdegentepreta.com.br\/wp-content\/uploads\/2025\/10\/Imagem-do-WhatsApp-de-2025-10-18-as-06.00.57_a95adf81.jpg\",\"datePublished\":\"2025-10-20T01:35:30+00:00\",\"dateModified\":\"2025-10-20T01:38:09+00:00\",\"breadcrumb\":{\"@id\":\"https:\/\/coisasdegentepreta.com.br\/index.php\/povo-negro-vamos-para-a-rua\/#breadcrumb\"},\"inLanguage\":\"en-US\",\"potentialAction\":[{\"@type\":\"ReadAction\",\"target\":[\"https:\/\/coisasdegentepreta.com.br\/index.php\/povo-negro-vamos-para-a-rua\/\"]}]},{\"@type\":\"ImageObject\",\"inLanguage\":\"en-US\",\"@id\":\"https:\/\/coisasdegentepreta.com.br\/index.php\/povo-negro-vamos-para-a-rua\/#primaryimage\",\"url\":\"https:\/\/coisasdegentepreta.com.br\/wp-content\/uploads\/2025\/10\/Imagem-do-WhatsApp-de-2025-10-18-as-06.00.57_a95adf81.jpg\",\"contentUrl\":\"https:\/\/coisasdegentepreta.com.br\/wp-content\/uploads\/2025\/10\/Imagem-do-WhatsApp-de-2025-10-18-as-06.00.57_a95adf81.jpg\",\"width\":1040,\"height\":780},{\"@type\":\"BreadcrumbList\",\"@id\":\"https:\/\/coisasdegentepreta.com.br\/index.php\/povo-negro-vamos-para-a-rua\/#breadcrumb\",\"itemListElement\":[{\"@type\":\"ListItem\",\"position\":1,\"name\":\"ECMM\",\"item\":\"https:\/\/coisasdegentepreta.com.br\/\"},{\"@type\":\"ListItem\",\"position\":2,\"name\":\"POVO NEGRO, VAMOS PARA A RUA!\"}]},{\"@type\":\"WebSite\",\"@id\":\"https:\/\/coisasdegentepreta.com.br\/#website\",\"url\":\"https:\/\/coisasdegentepreta.com.br\/\",\"name\":\"https:\/\/coisasdegentepreta.com.br\",\"description\":\"\",\"publisher\":{\"@id\":\"https:\/\/coisasdegentepreta.com.br\/#organization\"},\"potentialAction\":[{\"@type\":\"SearchAction\",\"target\":{\"@type\":\"EntryPoint\",\"urlTemplate\":\"https:\/\/coisasdegentepreta.com.br\/?s={search_term_string}\"},\"query-input\":{\"@type\":\"PropertyValueSpecification\",\"valueRequired\":true,\"valueName\":\"search_term_string\"}}],\"inLanguage\":\"en-US\"},{\"@type\":\"Organization\",\"@id\":\"https:\/\/coisasdegentepreta.com.br\/#organization\",\"name\":\"Espa\u00e7o de Capacita\u00e7\u00e3o M\u00e1rcio Madeira RJ\",\"url\":\"https:\/\/coisasdegentepreta.com.br\/\",\"logo\":{\"@type\":\"ImageObject\",\"inLanguage\":\"en-US\",\"@id\":\"https:\/\/coisasdegentepreta.com.br\/#\/schema\/logo\/image\/\",\"url\":\"https:\/\/coisasdegentepreta.com.br\/wp-content\/uploads\/2023\/12\/logo-2.png\",\"contentUrl\":\"https:\/\/coisasdegentepreta.com.br\/wp-content\/uploads\/2023\/12\/logo-2.png\",\"width\":2064,\"height\":1021,\"caption\":\"Espa\u00e7o de Capacita\u00e7\u00e3o M\u00e1rcio Madeira RJ\"},\"image\":{\"@id\":\"https:\/\/coisasdegentepreta.com.br\/#\/schema\/logo\/image\/\"},\"sameAs\":[\"https:\/\/facebook.com\/cmmcomcoisasdegente\",\"https:\/\/x.com\/cmmcomcoisasdegente\",\"https:\/\/instagram.com\/cmmcomcoisasdegente\"]}]}<\/script>\n<!-- \/ Yoast SEO plugin. -->","yoast_head_json":{"title":"POVO NEGRO, VAMOS PARA A RUA! -","robots":{"index":"index","follow":"follow","max-snippet":"max-snippet:-1","max-image-preview":"max-image-preview:large","max-video-preview":"max-video-preview:-1"},"canonical":"https:\/\/coisasdegentepreta.com.br\/index.php\/povo-negro-vamos-para-a-rua\/","og_locale":"en_US","og_type":"article","og_title":"POVO NEGRO, VAMOS PARA A RUA! -","og_description":"POVO NEGRO, VAMOS PARA A RUA! O INSTITUTO COISAS DE GENTE PRETA e o PORTAL COISAS DE GENTE PRETA manifestam seu mais profundo REP\u00daDIO \u00c0 DECIS\u00c3O DA UNIVERSIDADE DE S\u00c3O PAULO (USP) de anular o concurso p\u00fablico no qual a professora \u00c9RICA CRISTINA BISPO, mulher negra, doutora e pesquisadora de excel\u00eancia, foi aprovada em primeiro &hellip; POVO NEGRO, VAMOS PARA A RUA! Read More &raquo;","og_url":"https:\/\/coisasdegentepreta.com.br\/index.php\/povo-negro-vamos-para-a-rua\/","article_publisher":"https:\/\/facebook.com\/cmmcomcoisasdegente","article_modified_time":"2025-10-20T01:38:09+00:00","og_image":[{"width":1040,"height":780,"url":"https:\/\/coisasdegentepreta.com.br\/wp-content\/uploads\/2025\/10\/Imagem-do-WhatsApp-de-2025-10-18-as-06.00.57_a95adf81.jpg","type":"image\/jpeg"}],"twitter_card":"summary_large_image","twitter_site":"@cmmcomcoisasdegente","twitter_misc":{"Est. reading time":"3 minutes"},"schema":{"@context":"https:\/\/schema.org","@graph":[{"@type":"WebPage","@id":"https:\/\/coisasdegentepreta.com.br\/index.php\/povo-negro-vamos-para-a-rua\/","url":"https:\/\/coisasdegentepreta.com.br\/index.php\/povo-negro-vamos-para-a-rua\/","name":"POVO NEGRO, VAMOS PARA A RUA! -","isPartOf":{"@id":"https:\/\/coisasdegentepreta.com.br\/#website"},"primaryImageOfPage":{"@id":"https:\/\/coisasdegentepreta.com.br\/index.php\/povo-negro-vamos-para-a-rua\/#primaryimage"},"image":{"@id":"https:\/\/coisasdegentepreta.com.br\/index.php\/povo-negro-vamos-para-a-rua\/#primaryimage"},"thumbnailUrl":"https:\/\/coisasdegentepreta.com.br\/wp-content\/uploads\/2025\/10\/Imagem-do-WhatsApp-de-2025-10-18-as-06.00.57_a95adf81.jpg","datePublished":"2025-10-20T01:35:30+00:00","dateModified":"2025-10-20T01:38:09+00:00","breadcrumb":{"@id":"https:\/\/coisasdegentepreta.com.br\/index.php\/povo-negro-vamos-para-a-rua\/#breadcrumb"},"inLanguage":"en-US","potentialAction":[{"@type":"ReadAction","target":["https:\/\/coisasdegentepreta.com.br\/index.php\/povo-negro-vamos-para-a-rua\/"]}]},{"@type":"ImageObject","inLanguage":"en-US","@id":"https:\/\/coisasdegentepreta.com.br\/index.php\/povo-negro-vamos-para-a-rua\/#primaryimage","url":"https:\/\/coisasdegentepreta.com.br\/wp-content\/uploads\/2025\/10\/Imagem-do-WhatsApp-de-2025-10-18-as-06.00.57_a95adf81.jpg","contentUrl":"https:\/\/coisasdegentepreta.com.br\/wp-content\/uploads\/2025\/10\/Imagem-do-WhatsApp-de-2025-10-18-as-06.00.57_a95adf81.jpg","width":1040,"height":780},{"@type":"BreadcrumbList","@id":"https:\/\/coisasdegentepreta.com.br\/index.php\/povo-negro-vamos-para-a-rua\/#breadcrumb","itemListElement":[{"@type":"ListItem","position":1,"name":"ECMM","item":"https:\/\/coisasdegentepreta.com.br\/"},{"@type":"ListItem","position":2,"name":"POVO NEGRO, VAMOS PARA A RUA!"}]},{"@type":"WebSite","@id":"https:\/\/coisasdegentepreta.com.br\/#website","url":"https:\/\/coisasdegentepreta.com.br\/","name":"https:\/\/coisasdegentepreta.com.br","description":"","publisher":{"@id":"https:\/\/coisasdegentepreta.com.br\/#organization"},"potentialAction":[{"@type":"SearchAction","target":{"@type":"EntryPoint","urlTemplate":"https:\/\/coisasdegentepreta.com.br\/?s={search_term_string}"},"query-input":{"@type":"PropertyValueSpecification","valueRequired":true,"valueName":"search_term_string"}}],"inLanguage":"en-US"},{"@type":"Organization","@id":"https:\/\/coisasdegentepreta.com.br\/#organization","name":"Espa\u00e7o de Capacita\u00e7\u00e3o M\u00e1rcio Madeira RJ","url":"https:\/\/coisasdegentepreta.com.br\/","logo":{"@type":"ImageObject","inLanguage":"en-US","@id":"https:\/\/coisasdegentepreta.com.br\/#\/schema\/logo\/image\/","url":"https:\/\/coisasdegentepreta.com.br\/wp-content\/uploads\/2023\/12\/logo-2.png","contentUrl":"https:\/\/coisasdegentepreta.com.br\/wp-content\/uploads\/2023\/12\/logo-2.png","width":2064,"height":1021,"caption":"Espa\u00e7o de Capacita\u00e7\u00e3o M\u00e1rcio Madeira RJ"},"image":{"@id":"https:\/\/coisasdegentepreta.com.br\/#\/schema\/logo\/image\/"},"sameAs":["https:\/\/facebook.com\/cmmcomcoisasdegente","https:\/\/x.com\/cmmcomcoisasdegente","https:\/\/instagram.com\/cmmcomcoisasdegente"]}]}},"_links":{"self":[{"href":"https:\/\/coisasdegentepreta.com.br\/index.php\/wp-json\/wp\/v2\/pages\/7476","targetHints":{"allow":["GET"]}}],"collection":[{"href":"https:\/\/coisasdegentepreta.com.br\/index.php\/wp-json\/wp\/v2\/pages"}],"about":[{"href":"https:\/\/coisasdegentepreta.com.br\/index.php\/wp-json\/wp\/v2\/types\/page"}],"author":[{"embeddable":true,"href":"https:\/\/coisasdegentepreta.com.br\/index.php\/wp-json\/wp\/v2\/users\/1"}],"replies":[{"embeddable":true,"href":"https:\/\/coisasdegentepreta.com.br\/index.php\/wp-json\/wp\/v2\/comments?post=7476"}],"version-history":[{"count":4,"href":"https:\/\/coisasdegentepreta.com.br\/index.php\/wp-json\/wp\/v2\/pages\/7476\/revisions"}],"predecessor-version":[{"id":7481,"href":"https:\/\/coisasdegentepreta.com.br\/index.php\/wp-json\/wp\/v2\/pages\/7476\/revisions\/7481"}],"wp:attachment":[{"href":"https:\/\/coisasdegentepreta.com.br\/index.php\/wp-json\/wp\/v2\/media?parent=7476"}],"curies":[{"name":"wp","href":"https:\/\/api.w.org\/{rel}","templated":true}]}}