{"id":7455,"date":"2025-10-17T08:34:28","date_gmt":"2025-10-17T11:34:28","guid":{"rendered":"https:\/\/coisasdegentepreta.com.br\/?page_id=7455"},"modified":"2025-10-17T08:49:23","modified_gmt":"2025-10-17T11:49:23","slug":"primeiro-seminario-a-saude-do-homem-negro","status":"publish","type":"page","link":"https:\/\/coisasdegentepreta.com.br\/index.php\/primeiro-seminario-a-saude-do-homem-negro\/","title":{"rendered":"Primeiro seminario (A sa\u00fade do homem negro)"},"content":{"rendered":"\t\t<div data-elementor-type=\"wp-page\" data-elementor-id=\"7455\" class=\"elementor elementor-7455\">\n\t\t\t\t<div class=\"elementor-element elementor-element-3392bb3 e-flex e-con-boxed e-con e-parent\" data-id=\"3392bb3\" data-element_type=\"container\" data-settings=\"{&quot;background_background&quot;:&quot;classic&quot;}\">\n\t\t\t\t\t<div class=\"e-con-inner\">\n\t\t<div class=\"elementor-element elementor-element-8a1ec24 e-con-full e-flex e-con e-child\" data-id=\"8a1ec24\" data-element_type=\"container\" data-settings=\"{&quot;background_background&quot;:&quot;classic&quot;}\">\n\t\t\t\t<div class=\"elementor-element elementor-element-f53a729 elementor-widget elementor-widget-image\" data-id=\"f53a729\" data-element_type=\"widget\" data-widget_type=\"image.default\">\n\t\t\t\t<div class=\"elementor-widget-container\">\n\t\t\t\t\t\t\t\t\t\t\t\t\t\t\t<img fetchpriority=\"high\" decoding=\"async\" width=\"1080\" height=\"1350\" src=\"https:\/\/coisasdegentepreta.com.br\/wp-content\/uploads\/2025\/10\/Imagem-do-WhatsApp-de-2025-10-17-as-08.38.11_8a39b8b4.jpg\" class=\"attachment-full size-full wp-image-7458\" alt=\"\" srcset=\"https:\/\/coisasdegentepreta.com.br\/wp-content\/uploads\/2025\/10\/Imagem-do-WhatsApp-de-2025-10-17-as-08.38.11_8a39b8b4.jpg 1080w, https:\/\/coisasdegentepreta.com.br\/wp-content\/uploads\/2025\/10\/Imagem-do-WhatsApp-de-2025-10-17-as-08.38.11_8a39b8b4-240x300.jpg 240w, https:\/\/coisasdegentepreta.com.br\/wp-content\/uploads\/2025\/10\/Imagem-do-WhatsApp-de-2025-10-17-as-08.38.11_8a39b8b4-819x1024.jpg 819w, https:\/\/coisasdegentepreta.com.br\/wp-content\/uploads\/2025\/10\/Imagem-do-WhatsApp-de-2025-10-17-as-08.38.11_8a39b8b4-768x960.jpg 768w, https:\/\/coisasdegentepreta.com.br\/wp-content\/uploads\/2025\/10\/Imagem-do-WhatsApp-de-2025-10-17-as-08.38.11_8a39b8b4-600x750.jpg 600w\" sizes=\"(max-width: 1080px) 100vw, 1080px\" \/>\t\t\t\t\t\t\t\t\t\t\t\t\t\t\t<\/div>\n\t\t\t\t<\/div>\n\t\t\t\t<\/div>\n\t\t<div class=\"elementor-element elementor-element-ac5795a e-con-full e-flex e-con e-child\" data-id=\"ac5795a\" data-element_type=\"container\" data-settings=\"{&quot;background_background&quot;:&quot;classic&quot;}\">\n\t\t\t\t<div class=\"elementor-element elementor-element-74bf1c5 elementor-widget elementor-widget-heading\" data-id=\"74bf1c5\" data-element_type=\"widget\" data-widget_type=\"heading.default\">\n\t\t\t\t<div class=\"elementor-widget-container\">\n\t\t\t\t\t<h2 class=\"elementor-heading-title elementor-size-default\">1.\u00ba Semin\u00e1rio a sa\u00fade do homem negro\n<\/h2>\t\t\t\t<\/div>\n\t\t\t\t<\/div>\n\t\t\t\t<div class=\"elementor-element elementor-element-c6f9ae3 elementor-widget elementor-widget-text-editor\" data-id=\"c6f9ae3\" data-element_type=\"widget\" data-widget_type=\"text-editor.default\">\n\t\t\t\t<div class=\"elementor-widget-container\">\n\t\t\t\t\t\t\t\t\t<div>Neste m\u00eas de outubro, o Instituto Coisas de Gente Preta enaltece a trajet\u00f3ria e o compromisso dos irm\u00e3os que comp\u00f5em a Confraria de Homens Negros do Rio de Janeiro, destacando a figura de um dos\u00a0 fundadores, Sr. Dami\u00e3o Chagas, homem de Ax\u00e9, cultura e compromisso com o povo preto.<\/div><div>\u00a0<\/div><div>Natural do Largo do Pedregulho, na Comunidade do Tuiuti, e atualmente morador de Santa Teresa, na Centro, Dami\u00e3o carrega no olhar e na pr\u00e1tica cotidiana a firmeza de quem faz da luta preta um ato cont\u00ednuo de resist\u00eancia e reconstru\u00e7\u00e3o.<\/div><div>\u00a0<\/div><div>Atuante nas frentes da Frente Ampla Suburbana, do Virad\u00e3o Cultural Suburbano, engenheiro eletricista, produtor cultural e s\u00f3cio do IPCN, Dami\u00e3o \u00e9 um articulador incans\u00e1vel da cultura negra carioca.<\/div><div>\u00a0<\/div><div>Foi ao lado de dois primos \u2014 que a confraria carinhosamente chama de \u201cpalavra de contraponto\u201d \u2014 que a irmandade deu origem \u00e0 Confraria: Fernando Luiz, o Nando,\u00a0 anfitri\u00e3o da Casa do Nando, e Cosme Felippsen, guia tur\u00edstico, cria do Morro da Provid\u00eancia, que s\u00e3o os idealizadores da Confraria. Deste trio de consci\u00eancias nasce um espa\u00e7o de fortalecimento, cujo primeiro encontro se deu justamente no Quilombo Urbano Casa do Nando.<\/div><div>\u00a0<\/div><div>Os pilares da Confraria se sustentam sobre tr\u00eas fundamentos essenciais:<\/div><div>1.Apoio m\u00fatuo entre homens negros;<\/div><div>2.Discuss\u00e3o e formula\u00e7\u00e3o de pol\u00edticas p\u00fablicas;<\/div><div>3.Constru\u00e7\u00e3o de uma sede pr\u00f3pria que sirva de refer\u00eancia e acolhimento.<\/div><div>\u00a0<\/div><div>Mais que um grupo de reflex\u00e3o, a Confraria de Homens Negros do Rio \u00e9 uma for\u00e7a ativa que realiza semin\u00e1rios e confer\u00eancias em prol da causa preta, apresentando demandas ao Minist\u00e9rio P\u00fablico e contribuindo de forma direta para a constru\u00e7\u00e3o de um Brasil mais justo e consciente de sua ancestralidade.<\/div><div>\u00a0<\/div><div>No pr\u00f3ximo dia 18 de outubro, o movimento realiza o 1\u00ba Semin\u00e1rio de Cuidado \u00e0 Sa\u00fade Mental, F\u00edsica e Religiosa do Homem Negro, no MUHCAB, a partir das 10h da manh\u00e3, com atividades durante todo o dia.<\/div><div>\u00a0<\/div><div>O encontro contar\u00e1 com a presen\u00e7a de personalidades e lideran\u00e7as da luta preta, entre elas o Professor Doutor Babalorix\u00e1 Ivanir dos Santos, Rolf Malungo de Souza, antrop\u00f3logo, professor da UFF, que esquisa Masculinidade Negra e Estudos Urbanos e Rela\u00e7\u00f5es Raciais, entre outros primos, reafirmando o compromisso da confraria com o bem-viver, a espiritualidade e o cuidado integral do homem negro.<\/div><div>Lembrando que este semin\u00e1rio \u00e9 aberto a todas as pessoas que tenham interesse nesta pauta segue o link de inscri\u00e7\u00e3o: https:\/\/docs.google.com\/forms\/d\/e\/1FAIpQLSdAIh2J45EumcCIA2czQ9Sbnm9pMkC4wwsVOlSbYESaxzhfTw\/viewform?usp=preview\u00a0<\/div>\t\t\t\t\t\t\t\t<\/div>\n\t\t\t\t<\/div>\n\t\t\t\t<\/div>\n\t\t\t\t\t<\/div>\n\t\t\t\t<\/div>\n\t\t\t\t<\/div>\n\t\t","protected":false},"excerpt":{"rendered":"<p>1.\u00ba Semin\u00e1rio a sa\u00fade do homem negro Neste m\u00eas de outubro, o Instituto Coisas de Gente Preta enaltece a trajet\u00f3ria e o compromisso dos irm\u00e3os que comp\u00f5em a Confraria de Homens Negros do Rio de Janeiro, destacando a figura de um dos\u00a0 fundadores, Sr. Dami\u00e3o Chagas, homem de Ax\u00e9, cultura e compromisso com o povo &hellip;<\/p>\n<p class=\"read-more\"> <a class=\"\" href=\"https:\/\/coisasdegentepreta.com.br\/index.php\/primeiro-seminario-a-saude-do-homem-negro\/\"> <span class=\"screen-reader-text\">Primeiro seminario (A sa\u00fade do homem negro)<\/span> Read More &raquo;<\/a><\/p>\n","protected":false},"author":1,"featured_media":0,"parent":0,"menu_order":0,"comment_status":"closed","ping_status":"closed","template":"","meta":{"site-sidebar-layout":"no-sidebar","site-content-layout":"","ast-site-content-layout":"full-width-container","site-content-style":"default","site-sidebar-style":"default","ast-global-header-display":"","ast-banner-title-visibility":"","ast-main-header-display":"","ast-hfb-above-header-display":"","ast-hfb-below-header-display":"","ast-hfb-mobile-header-display":"","site-post-title":"disabled","ast-breadcrumbs-content":"","ast-featured-img":"disabled","footer-sml-layout":"","theme-transparent-header-meta":"","adv-header-id-meta":"","stick-header-meta":"","header-above-stick-meta":"","header-main-stick-meta":"","header-below-stick-meta":"","astra-migrate-meta-layouts":"default","ast-page-background-enabled":"default","ast-page-background-meta":{"desktop":{"background-color":"var(--ast-global-color-4)","background-image":"","background-repeat":"repeat","background-position":"center center","background-size":"auto","background-attachment":"scroll","background-type":"","background-media":"","overlay-type":"","overlay-color":"","overlay-gradient":""},"tablet":{"background-color":"","background-image":"","background-repeat":"repeat","background-position":"center center","background-size":"auto","background-attachment":"scroll","background-type":"","background-media":"","overlay-type":"","overlay-color":"","overlay-gradient":""},"mobile":{"background-color":"","background-image":"","background-repeat":"repeat","background-position":"center center","background-size":"auto","background-attachment":"scroll","background-type":"","background-media":"","overlay-type":"","overlay-color":"","overlay-gradient":""}},"ast-content-background-meta":{"desktop":{"background-color":"var(--ast-global-color-5)","background-image":"","background-repeat":"repeat","background-position":"center center","background-size":"auto","background-attachment":"scroll","background-type":"","background-media":"","overlay-type":"","overlay-color":"","overlay-gradient":""},"tablet":{"background-color":"var(--ast-global-color-5)","background-image":"","background-repeat":"repeat","background-position":"center center","background-size":"auto","background-attachment":"scroll","background-type":"","background-media":"","overlay-type":"","overlay-color":"","overlay-gradient":""},"mobile":{"background-color":"var(--ast-global-color-5)","background-image":"","background-repeat":"repeat","background-position":"center center","background-size":"auto","background-attachment":"scroll","background-type":"","background-media":"","overlay-type":"","overlay-color":"","overlay-gradient":""}},"footnotes":""},"class_list":["post-7455","page","type-page","status-publish","hentry"],"yoast_head":"<!-- This site is optimized with the Yoast SEO plugin v24.2 - https:\/\/yoast.com\/wordpress\/plugins\/seo\/ -->\n<title>Primeiro seminario (A sa\u00fade do homem negro) -<\/title>\n<meta name=\"robots\" content=\"index, follow, max-snippet:-1, max-image-preview:large, max-video-preview:-1\" \/>\n<link rel=\"canonical\" href=\"https:\/\/coisasdegentepreta.com.br\/index.php\/primeiro-seminario-a-saude-do-homem-negro\/\" \/>\n<meta property=\"og:locale\" content=\"en_US\" \/>\n<meta property=\"og:type\" content=\"article\" \/>\n<meta property=\"og:title\" content=\"Primeiro seminario (A sa\u00fade do homem negro) -\" \/>\n<meta property=\"og:description\" content=\"1.\u00ba Semin\u00e1rio a sa\u00fade do homem negro Neste m\u00eas de outubro, o Instituto Coisas de Gente Preta enaltece a trajet\u00f3ria e o compromisso dos irm\u00e3os que comp\u00f5em a Confraria de Homens Negros do Rio de Janeiro, destacando a figura de um dos\u00a0 fundadores, Sr. Dami\u00e3o Chagas, homem de Ax\u00e9, cultura e compromisso com o povo &hellip; Primeiro seminario (A sa\u00fade do homem negro) Read More &raquo;\" \/>\n<meta property=\"og:url\" content=\"https:\/\/coisasdegentepreta.com.br\/index.php\/primeiro-seminario-a-saude-do-homem-negro\/\" \/>\n<meta property=\"article:publisher\" content=\"https:\/\/facebook.com\/cmmcomcoisasdegente\" \/>\n<meta property=\"article:modified_time\" content=\"2025-10-17T11:49:23+00:00\" \/>\n<meta property=\"og:image\" content=\"https:\/\/coisasdegentepreta.com.br\/wp-content\/uploads\/2025\/10\/Imagem-do-WhatsApp-de-2025-10-17-as-08.38.11_8a39b8b4.jpg\" \/>\n\t<meta property=\"og:image:width\" content=\"1080\" \/>\n\t<meta property=\"og:image:height\" content=\"1350\" \/>\n\t<meta property=\"og:image:type\" content=\"image\/jpeg\" \/>\n<meta name=\"twitter:card\" content=\"summary_large_image\" \/>\n<meta name=\"twitter:site\" content=\"@cmmcomcoisasdegente\" \/>\n<meta name=\"twitter:label1\" content=\"Est. reading time\" \/>\n\t<meta name=\"twitter:data1\" content=\"2 minutes\" \/>\n<script type=\"application\/ld+json\" class=\"yoast-schema-graph\">{\"@context\":\"https:\/\/schema.org\",\"@graph\":[{\"@type\":\"WebPage\",\"@id\":\"https:\/\/coisasdegentepreta.com.br\/index.php\/primeiro-seminario-a-saude-do-homem-negro\/\",\"url\":\"https:\/\/coisasdegentepreta.com.br\/index.php\/primeiro-seminario-a-saude-do-homem-negro\/\",\"name\":\"Primeiro seminario (A sa\u00fade do homem negro) -\",\"isPartOf\":{\"@id\":\"https:\/\/coisasdegentepreta.com.br\/#website\"},\"primaryImageOfPage\":{\"@id\":\"https:\/\/coisasdegentepreta.com.br\/index.php\/primeiro-seminario-a-saude-do-homem-negro\/#primaryimage\"},\"image\":{\"@id\":\"https:\/\/coisasdegentepreta.com.br\/index.php\/primeiro-seminario-a-saude-do-homem-negro\/#primaryimage\"},\"thumbnailUrl\":\"https:\/\/coisasdegentepreta.com.br\/wp-content\/uploads\/2025\/10\/Imagem-do-WhatsApp-de-2025-10-17-as-08.38.11_8a39b8b4.jpg\",\"datePublished\":\"2025-10-17T11:34:28+00:00\",\"dateModified\":\"2025-10-17T11:49:23+00:00\",\"breadcrumb\":{\"@id\":\"https:\/\/coisasdegentepreta.com.br\/index.php\/primeiro-seminario-a-saude-do-homem-negro\/#breadcrumb\"},\"inLanguage\":\"en-US\",\"potentialAction\":[{\"@type\":\"ReadAction\",\"target\":[\"https:\/\/coisasdegentepreta.com.br\/index.php\/primeiro-seminario-a-saude-do-homem-negro\/\"]}]},{\"@type\":\"ImageObject\",\"inLanguage\":\"en-US\",\"@id\":\"https:\/\/coisasdegentepreta.com.br\/index.php\/primeiro-seminario-a-saude-do-homem-negro\/#primaryimage\",\"url\":\"https:\/\/coisasdegentepreta.com.br\/wp-content\/uploads\/2025\/10\/Imagem-do-WhatsApp-de-2025-10-17-as-08.38.11_8a39b8b4.jpg\",\"contentUrl\":\"https:\/\/coisasdegentepreta.com.br\/wp-content\/uploads\/2025\/10\/Imagem-do-WhatsApp-de-2025-10-17-as-08.38.11_8a39b8b4.jpg\",\"width\":1080,\"height\":1350},{\"@type\":\"BreadcrumbList\",\"@id\":\"https:\/\/coisasdegentepreta.com.br\/index.php\/primeiro-seminario-a-saude-do-homem-negro\/#breadcrumb\",\"itemListElement\":[{\"@type\":\"ListItem\",\"position\":1,\"name\":\"ECMM\",\"item\":\"https:\/\/coisasdegentepreta.com.br\/\"},{\"@type\":\"ListItem\",\"position\":2,\"name\":\"Primeiro seminario (A sa\u00fade do homem negro)\"}]},{\"@type\":\"WebSite\",\"@id\":\"https:\/\/coisasdegentepreta.com.br\/#website\",\"url\":\"https:\/\/coisasdegentepreta.com.br\/\",\"name\":\"https:\/\/coisasdegentepreta.com.br\",\"description\":\"\",\"publisher\":{\"@id\":\"https:\/\/coisasdegentepreta.com.br\/#organization\"},\"potentialAction\":[{\"@type\":\"SearchAction\",\"target\":{\"@type\":\"EntryPoint\",\"urlTemplate\":\"https:\/\/coisasdegentepreta.com.br\/?s={search_term_string}\"},\"query-input\":{\"@type\":\"PropertyValueSpecification\",\"valueRequired\":true,\"valueName\":\"search_term_string\"}}],\"inLanguage\":\"en-US\"},{\"@type\":\"Organization\",\"@id\":\"https:\/\/coisasdegentepreta.com.br\/#organization\",\"name\":\"Espa\u00e7o de Capacita\u00e7\u00e3o M\u00e1rcio Madeira RJ\",\"url\":\"https:\/\/coisasdegentepreta.com.br\/\",\"logo\":{\"@type\":\"ImageObject\",\"inLanguage\":\"en-US\",\"@id\":\"https:\/\/coisasdegentepreta.com.br\/#\/schema\/logo\/image\/\",\"url\":\"https:\/\/coisasdegentepreta.com.br\/wp-content\/uploads\/2023\/12\/logo-2.png\",\"contentUrl\":\"https:\/\/coisasdegentepreta.com.br\/wp-content\/uploads\/2023\/12\/logo-2.png\",\"width\":2064,\"height\":1021,\"caption\":\"Espa\u00e7o de Capacita\u00e7\u00e3o M\u00e1rcio Madeira RJ\"},\"image\":{\"@id\":\"https:\/\/coisasdegentepreta.com.br\/#\/schema\/logo\/image\/\"},\"sameAs\":[\"https:\/\/facebook.com\/cmmcomcoisasdegente\",\"https:\/\/x.com\/cmmcomcoisasdegente\",\"https:\/\/instagram.com\/cmmcomcoisasdegente\"]}]}<\/script>\n<!-- \/ Yoast SEO plugin. -->","yoast_head_json":{"title":"Primeiro seminario (A sa\u00fade do homem negro) -","robots":{"index":"index","follow":"follow","max-snippet":"max-snippet:-1","max-image-preview":"max-image-preview:large","max-video-preview":"max-video-preview:-1"},"canonical":"https:\/\/coisasdegentepreta.com.br\/index.php\/primeiro-seminario-a-saude-do-homem-negro\/","og_locale":"en_US","og_type":"article","og_title":"Primeiro seminario (A sa\u00fade do homem negro) -","og_description":"1.\u00ba Semin\u00e1rio a sa\u00fade do homem negro Neste m\u00eas de outubro, o Instituto Coisas de Gente Preta enaltece a trajet\u00f3ria e o compromisso dos irm\u00e3os que comp\u00f5em a Confraria de Homens Negros do Rio de Janeiro, destacando a figura de um dos\u00a0 fundadores, Sr. Dami\u00e3o Chagas, homem de Ax\u00e9, cultura e compromisso com o povo &hellip; Primeiro seminario (A sa\u00fade do homem negro) Read More &raquo;","og_url":"https:\/\/coisasdegentepreta.com.br\/index.php\/primeiro-seminario-a-saude-do-homem-negro\/","article_publisher":"https:\/\/facebook.com\/cmmcomcoisasdegente","article_modified_time":"2025-10-17T11:49:23+00:00","og_image":[{"width":1080,"height":1350,"url":"https:\/\/coisasdegentepreta.com.br\/wp-content\/uploads\/2025\/10\/Imagem-do-WhatsApp-de-2025-10-17-as-08.38.11_8a39b8b4.jpg","type":"image\/jpeg"}],"twitter_card":"summary_large_image","twitter_site":"@cmmcomcoisasdegente","twitter_misc":{"Est. reading time":"2 minutes"},"schema":{"@context":"https:\/\/schema.org","@graph":[{"@type":"WebPage","@id":"https:\/\/coisasdegentepreta.com.br\/index.php\/primeiro-seminario-a-saude-do-homem-negro\/","url":"https:\/\/coisasdegentepreta.com.br\/index.php\/primeiro-seminario-a-saude-do-homem-negro\/","name":"Primeiro seminario (A sa\u00fade do homem negro) -","isPartOf":{"@id":"https:\/\/coisasdegentepreta.com.br\/#website"},"primaryImageOfPage":{"@id":"https:\/\/coisasdegentepreta.com.br\/index.php\/primeiro-seminario-a-saude-do-homem-negro\/#primaryimage"},"image":{"@id":"https:\/\/coisasdegentepreta.com.br\/index.php\/primeiro-seminario-a-saude-do-homem-negro\/#primaryimage"},"thumbnailUrl":"https:\/\/coisasdegentepreta.com.br\/wp-content\/uploads\/2025\/10\/Imagem-do-WhatsApp-de-2025-10-17-as-08.38.11_8a39b8b4.jpg","datePublished":"2025-10-17T11:34:28+00:00","dateModified":"2025-10-17T11:49:23+00:00","breadcrumb":{"@id":"https:\/\/coisasdegentepreta.com.br\/index.php\/primeiro-seminario-a-saude-do-homem-negro\/#breadcrumb"},"inLanguage":"en-US","potentialAction":[{"@type":"ReadAction","target":["https:\/\/coisasdegentepreta.com.br\/index.php\/primeiro-seminario-a-saude-do-homem-negro\/"]}]},{"@type":"ImageObject","inLanguage":"en-US","@id":"https:\/\/coisasdegentepreta.com.br\/index.php\/primeiro-seminario-a-saude-do-homem-negro\/#primaryimage","url":"https:\/\/coisasdegentepreta.com.br\/wp-content\/uploads\/2025\/10\/Imagem-do-WhatsApp-de-2025-10-17-as-08.38.11_8a39b8b4.jpg","contentUrl":"https:\/\/coisasdegentepreta.com.br\/wp-content\/uploads\/2025\/10\/Imagem-do-WhatsApp-de-2025-10-17-as-08.38.11_8a39b8b4.jpg","width":1080,"height":1350},{"@type":"BreadcrumbList","@id":"https:\/\/coisasdegentepreta.com.br\/index.php\/primeiro-seminario-a-saude-do-homem-negro\/#breadcrumb","itemListElement":[{"@type":"ListItem","position":1,"name":"ECMM","item":"https:\/\/coisasdegentepreta.com.br\/"},{"@type":"ListItem","position":2,"name":"Primeiro seminario (A sa\u00fade do homem negro)"}]},{"@type":"WebSite","@id":"https:\/\/coisasdegentepreta.com.br\/#website","url":"https:\/\/coisasdegentepreta.com.br\/","name":"https:\/\/coisasdegentepreta.com.br","description":"","publisher":{"@id":"https:\/\/coisasdegentepreta.com.br\/#organization"},"potentialAction":[{"@type":"SearchAction","target":{"@type":"EntryPoint","urlTemplate":"https:\/\/coisasdegentepreta.com.br\/?s={search_term_string}"},"query-input":{"@type":"PropertyValueSpecification","valueRequired":true,"valueName":"search_term_string"}}],"inLanguage":"en-US"},{"@type":"Organization","@id":"https:\/\/coisasdegentepreta.com.br\/#organization","name":"Espa\u00e7o de Capacita\u00e7\u00e3o M\u00e1rcio Madeira RJ","url":"https:\/\/coisasdegentepreta.com.br\/","logo":{"@type":"ImageObject","inLanguage":"en-US","@id":"https:\/\/coisasdegentepreta.com.br\/#\/schema\/logo\/image\/","url":"https:\/\/coisasdegentepreta.com.br\/wp-content\/uploads\/2023\/12\/logo-2.png","contentUrl":"https:\/\/coisasdegentepreta.com.br\/wp-content\/uploads\/2023\/12\/logo-2.png","width":2064,"height":1021,"caption":"Espa\u00e7o de Capacita\u00e7\u00e3o M\u00e1rcio Madeira RJ"},"image":{"@id":"https:\/\/coisasdegentepreta.com.br\/#\/schema\/logo\/image\/"},"sameAs":["https:\/\/facebook.com\/cmmcomcoisasdegente","https:\/\/x.com\/cmmcomcoisasdegente","https:\/\/instagram.com\/cmmcomcoisasdegente"]}]}},"_links":{"self":[{"href":"https:\/\/coisasdegentepreta.com.br\/index.php\/wp-json\/wp\/v2\/pages\/7455","targetHints":{"allow":["GET"]}}],"collection":[{"href":"https:\/\/coisasdegentepreta.com.br\/index.php\/wp-json\/wp\/v2\/pages"}],"about":[{"href":"https:\/\/coisasdegentepreta.com.br\/index.php\/wp-json\/wp\/v2\/types\/page"}],"author":[{"embeddable":true,"href":"https:\/\/coisasdegentepreta.com.br\/index.php\/wp-json\/wp\/v2\/users\/1"}],"replies":[{"embeddable":true,"href":"https:\/\/coisasdegentepreta.com.br\/index.php\/wp-json\/wp\/v2\/comments?post=7455"}],"version-history":[{"count":7,"href":"https:\/\/coisasdegentepreta.com.br\/index.php\/wp-json\/wp\/v2\/pages\/7455\/revisions"}],"predecessor-version":[{"id":7475,"href":"https:\/\/coisasdegentepreta.com.br\/index.php\/wp-json\/wp\/v2\/pages\/7455\/revisions\/7475"}],"wp:attachment":[{"href":"https:\/\/coisasdegentepreta.com.br\/index.php\/wp-json\/wp\/v2\/media?parent=7455"}],"curies":[{"name":"wp","href":"https:\/\/api.w.org\/{rel}","templated":true}]}}