{"id":7409,"date":"2025-10-13T13:26:08","date_gmt":"2025-10-13T16:26:08","guid":{"rendered":"https:\/\/coisasdegentepreta.com.br\/?page_id=7409"},"modified":"2025-10-13T14:23:00","modified_gmt":"2025-10-13T17:23:00","slug":"caso-beatriz-silveira","status":"publish","type":"page","link":"https:\/\/coisasdegentepreta.com.br\/index.php\/caso-beatriz-silveira\/","title":{"rendered":"Caso Beatriz Silveira"},"content":{"rendered":"\t\t<div data-elementor-type=\"wp-page\" data-elementor-id=\"7409\" class=\"elementor elementor-7409\">\n\t\t\t\t<div class=\"elementor-element elementor-element-47af177 e-flex e-con-boxed e-con e-parent\" data-id=\"47af177\" data-element_type=\"container\" data-settings=\"{&quot;background_background&quot;:&quot;classic&quot;}\">\n\t\t\t\t\t<div class=\"e-con-inner\">\n\t\t<div class=\"elementor-element elementor-element-d16599d e-con-full e-flex e-con e-child\" data-id=\"d16599d\" data-element_type=\"container\" data-settings=\"{&quot;background_background&quot;:&quot;classic&quot;}\">\n\t\t\t\t<div class=\"elementor-element elementor-element-08f1cb3 elementor-widget elementor-widget-image\" data-id=\"08f1cb3\" data-element_type=\"widget\" data-widget_type=\"image.default\">\n\t\t\t\t<div class=\"elementor-widget-container\">\n\t\t\t\t\t\t\t\t\t\t\t\t\t\t\t<img fetchpriority=\"high\" decoding=\"async\" width=\"1024\" height=\"1024\" src=\"https:\/\/coisasdegentepreta.com.br\/wp-content\/uploads\/2025\/10\/WhatsApp-Image-2025-10-13-at-13.05.48.jpeg\" class=\"attachment-full size-full wp-image-7411\" alt=\"\" srcset=\"https:\/\/coisasdegentepreta.com.br\/wp-content\/uploads\/2025\/10\/WhatsApp-Image-2025-10-13-at-13.05.48.jpeg 1024w, https:\/\/coisasdegentepreta.com.br\/wp-content\/uploads\/2025\/10\/WhatsApp-Image-2025-10-13-at-13.05.48-300x300.jpeg 300w, https:\/\/coisasdegentepreta.com.br\/wp-content\/uploads\/2025\/10\/WhatsApp-Image-2025-10-13-at-13.05.48-150x150.jpeg 150w, https:\/\/coisasdegentepreta.com.br\/wp-content\/uploads\/2025\/10\/WhatsApp-Image-2025-10-13-at-13.05.48-768x768.jpeg 768w, https:\/\/coisasdegentepreta.com.br\/wp-content\/uploads\/2025\/10\/WhatsApp-Image-2025-10-13-at-13.05.48-600x600.jpeg 600w, https:\/\/coisasdegentepreta.com.br\/wp-content\/uploads\/2025\/10\/WhatsApp-Image-2025-10-13-at-13.05.48-100x100.jpeg 100w\" sizes=\"(max-width: 1024px) 100vw, 1024px\" \/>\t\t\t\t\t\t\t\t\t\t\t\t\t\t\t<\/div>\n\t\t\t\t<\/div>\n\t\t\t\t<\/div>\n\t\t<div class=\"elementor-element elementor-element-f326b45 e-con-full e-flex e-con e-child\" data-id=\"f326b45\" data-element_type=\"container\" data-settings=\"{&quot;background_background&quot;:&quot;classic&quot;}\">\n\t\t\t\t<div class=\"elementor-element elementor-element-72f8bf1 elementor-widget elementor-widget-heading\" data-id=\"72f8bf1\" data-element_type=\"widget\" data-widget_type=\"heading.default\">\n\t\t\t\t<div class=\"elementor-widget-container\">\n\t\t\t\t\t<h2 class=\"elementor-heading-title elementor-size-default\">Caso Beatriz Silveira: Mulher Negra Denuncia Racismo em Hotel da Lapa<\/h2>\t\t\t\t<\/div>\n\t\t\t\t<\/div>\n\t\t\t\t<div class=\"elementor-element elementor-element-d4be86a elementor-widget elementor-widget-text-editor\" data-id=\"d4be86a\" data-element_type=\"widget\" data-widget_type=\"text-editor.default\">\n\t\t\t\t<div class=\"elementor-widget-container\">\n\t\t\t\t\t\t\t\t\t<p>\u201cFui acusada de roubo sem qualquer prova. Senti o peso do racismo no corpo e na alma.\u201d \u2014 relata Beatriz Silveira<\/p><p>Na quinta-feira, dia 10 de outubro, a conselheira de sa\u00fade Beatriz Silveira, participante do evento \u201cParticipa Mais \u2013 SUS\u201d, representando a cidade do Rio de Janeiro, viveu momentos de constrangimento e humilha\u00e7\u00e3o no Hotel A Rosa, localizado no bairro da Lapa (RJ).<\/p><p>Segundo o relato de Beatriz, durante uma das atividades sociais do evento, um h\u00f3spede franc\u00eas identificado como Jhuan a acusou de ter furtado o celular e an\u00e9is pessoais dele. A acusa\u00e7\u00e3o, feita sem qualquer prova, gerou grande constrangimento \u00e0 mulher negra, que estava hospedada em quarto privativo no mesmo hotel.<\/p><p>\u201cMesmo abalada, autorizei que revistassem meu quarto, porque sabia que n\u00e3o tinha nada a esconder. Fiz isso para me defender e mostrar que a verdade estava comigo\u201d, contou Beatriz.<\/p><p>De acordo com o tradutor da recep\u00e7\u00e3o, n\u00e3o seria a primeira vez que estrangeiros hospedados ali demonstram posturas discriminat\u00f3rias em rela\u00e7\u00e3o a mulheres brasileiras.<\/p><p>Ao final, os objetos foram encontrados pelo pr\u00f3prio h\u00f3spede no quarto onde ele estava hospedado, confirmando que Beatriz nada tinha a ver com o desaparecimento.<\/p><p>Mesmo diante do equ\u00edvoco, Beatriz afirma que a administra\u00e7\u00e3o do hotel se recusou a acionar a pol\u00edcia e, segundo seu relato, preferiu oferecer desculpas a uma mulher branca integrante da comiss\u00e3o organizadora, sem qualquer retrata\u00e7\u00e3o p\u00fablica \u00e0 v\u00edtima negra.<\/p><p>\u201cN\u00e3o houve pedido de desculpas, nem reconhecimento do erro. O sil\u00eancio deles fala muito. \u00c9 o mesmo sil\u00eancio que sempre tenta calar as nossas dores\u201d, desabafa Beatriz.<\/p><p>Al\u00e9m de conselheira de sa\u00fade, Beatriz \u00e9 ativista do Movimento Negro Unificado do Rio de Janeiro e parceira da Defensoria P\u00fablica, onde atua em pautas de direitos humanos e justi\u00e7a racial.<br \/>Atualmente, ela est\u00e1 sendo assistida pela especialista em Direito Criminal, Dra. Morgana da Costa Faria, que acompanha o caso e as medidas legais cab\u00edveis diante do epis\u00f3dio.<\/p><p>O ocorrido, que pode ser caracterizado como inj\u00faria racial ou crime de racismo, ser\u00e1 encaminhado para acompanhamento jur\u00eddico e den\u00fancia formal aos \u00f3rg\u00e3os competentes.<\/p><p>Este caso exp\u00f5e, mais uma vez, como o racismo estrutural se manifesta em ambientes sociais e tur\u00edsticos, refor\u00e7ando estigmas e desumanizando corpos negros \u2014 mesmo em espa\u00e7os que deveriam garantir acolhimento e respeito.<\/p><p>O Instituto Coisas de Gente Preta repudia toda e qualquer forma de discrimina\u00e7\u00e3o racial e refor\u00e7a a import\u00e2ncia de denunciar, registrar e acompanhar judicialmente casos como este, que continuam a marcar a experi\u00eancia de tantas mulheres negras no Brasil.<\/p>\t\t\t\t\t\t\t\t<\/div>\n\t\t\t\t<\/div>\n\t\t\t\t<\/div>\n\t\t\t\t\t<\/div>\n\t\t\t\t<\/div>\n\t\t\t\t<\/div>\n\t\t","protected":false},"excerpt":{"rendered":"<p>Caso Beatriz Silveira: Mulher Negra Denuncia Racismo em Hotel da Lapa \u201cFui acusada de roubo sem qualquer prova. Senti o peso do racismo no corpo e na alma.\u201d \u2014 relata Beatriz Silveira Na quinta-feira, dia 10 de outubro, a conselheira de sa\u00fade Beatriz Silveira, participante do evento \u201cParticipa Mais \u2013 SUS\u201d, representando a cidade do &hellip;<\/p>\n<p class=\"read-more\"> <a class=\"\" href=\"https:\/\/coisasdegentepreta.com.br\/index.php\/caso-beatriz-silveira\/\"> <span class=\"screen-reader-text\">Caso Beatriz Silveira<\/span> Read More &raquo;<\/a><\/p>\n","protected":false},"author":1,"featured_media":0,"parent":0,"menu_order":0,"comment_status":"closed","ping_status":"closed","template":"","meta":{"site-sidebar-layout":"no-sidebar","site-content-layout":"","ast-site-content-layout":"full-width-container","site-content-style":"default","site-sidebar-style":"default","ast-global-header-display":"","ast-banner-title-visibility":"","ast-main-header-display":"","ast-hfb-above-header-display":"","ast-hfb-below-header-display":"","ast-hfb-mobile-header-display":"","site-post-title":"disabled","ast-breadcrumbs-content":"","ast-featured-img":"disabled","footer-sml-layout":"","theme-transparent-header-meta":"","adv-header-id-meta":"","stick-header-meta":"","header-above-stick-meta":"","header-main-stick-meta":"","header-below-stick-meta":"","astra-migrate-meta-layouts":"default","ast-page-background-enabled":"default","ast-page-background-meta":{"desktop":{"background-color":"var(--ast-global-color-4)","background-image":"","background-repeat":"repeat","background-position":"center center","background-size":"auto","background-attachment":"scroll","background-type":"","background-media":"","overlay-type":"","overlay-color":"","overlay-gradient":""},"tablet":{"background-color":"","background-image":"","background-repeat":"repeat","background-position":"center center","background-size":"auto","background-attachment":"scroll","background-type":"","background-media":"","overlay-type":"","overlay-color":"","overlay-gradient":""},"mobile":{"background-color":"","background-image":"","background-repeat":"repeat","background-position":"center center","background-size":"auto","background-attachment":"scroll","background-type":"","background-media":"","overlay-type":"","overlay-color":"","overlay-gradient":""}},"ast-content-background-meta":{"desktop":{"background-color":"var(--ast-global-color-5)","background-image":"","background-repeat":"repeat","background-position":"center center","background-size":"auto","background-attachment":"scroll","background-type":"","background-media":"","overlay-type":"","overlay-color":"","overlay-gradient":""},"tablet":{"background-color":"var(--ast-global-color-5)","background-image":"","background-repeat":"repeat","background-position":"center center","background-size":"auto","background-attachment":"scroll","background-type":"","background-media":"","overlay-type":"","overlay-color":"","overlay-gradient":""},"mobile":{"background-color":"var(--ast-global-color-5)","background-image":"","background-repeat":"repeat","background-position":"center center","background-size":"auto","background-attachment":"scroll","background-type":"","background-media":"","overlay-type":"","overlay-color":"","overlay-gradient":""}},"footnotes":""},"class_list":["post-7409","page","type-page","status-publish","hentry"],"yoast_head":"<!-- This site is optimized with the Yoast SEO plugin v24.2 - https:\/\/yoast.com\/wordpress\/plugins\/seo\/ -->\n<title>Caso Beatriz Silveira -<\/title>\n<meta name=\"robots\" content=\"index, follow, max-snippet:-1, max-image-preview:large, max-video-preview:-1\" \/>\n<link rel=\"canonical\" href=\"https:\/\/coisasdegentepreta.com.br\/index.php\/caso-beatriz-silveira\/\" \/>\n<meta property=\"og:locale\" content=\"en_US\" \/>\n<meta property=\"og:type\" content=\"article\" \/>\n<meta property=\"og:title\" content=\"Caso Beatriz Silveira -\" \/>\n<meta property=\"og:description\" content=\"Caso Beatriz Silveira: Mulher Negra Denuncia Racismo em Hotel da Lapa \u201cFui acusada de roubo sem qualquer prova. Senti o peso do racismo no corpo e na alma.\u201d \u2014 relata Beatriz Silveira Na quinta-feira, dia 10 de outubro, a conselheira de sa\u00fade Beatriz Silveira, participante do evento \u201cParticipa Mais \u2013 SUS\u201d, representando a cidade do &hellip; Caso Beatriz Silveira Read More &raquo;\" \/>\n<meta property=\"og:url\" content=\"https:\/\/coisasdegentepreta.com.br\/index.php\/caso-beatriz-silveira\/\" \/>\n<meta property=\"article:publisher\" content=\"https:\/\/facebook.com\/cmmcomcoisasdegente\" \/>\n<meta property=\"article:modified_time\" content=\"2025-10-13T17:23:00+00:00\" \/>\n<meta property=\"og:image\" content=\"https:\/\/coisasdegentepreta.com.br\/wp-content\/uploads\/2025\/10\/WhatsApp-Image-2025-10-13-at-13.05.48.jpeg\" \/>\n\t<meta property=\"og:image:width\" content=\"1024\" \/>\n\t<meta property=\"og:image:height\" content=\"1024\" \/>\n\t<meta property=\"og:image:type\" content=\"image\/jpeg\" \/>\n<meta name=\"twitter:card\" content=\"summary_large_image\" \/>\n<meta name=\"twitter:site\" content=\"@cmmcomcoisasdegente\" \/>\n<meta name=\"twitter:label1\" content=\"Est. reading time\" \/>\n\t<meta name=\"twitter:data1\" content=\"3 minutes\" \/>\n<script type=\"application\/ld+json\" class=\"yoast-schema-graph\">{\"@context\":\"https:\/\/schema.org\",\"@graph\":[{\"@type\":\"WebPage\",\"@id\":\"https:\/\/coisasdegentepreta.com.br\/index.php\/caso-beatriz-silveira\/\",\"url\":\"https:\/\/coisasdegentepreta.com.br\/index.php\/caso-beatriz-silveira\/\",\"name\":\"Caso Beatriz Silveira -\",\"isPartOf\":{\"@id\":\"https:\/\/coisasdegentepreta.com.br\/#website\"},\"primaryImageOfPage\":{\"@id\":\"https:\/\/coisasdegentepreta.com.br\/index.php\/caso-beatriz-silveira\/#primaryimage\"},\"image\":{\"@id\":\"https:\/\/coisasdegentepreta.com.br\/index.php\/caso-beatriz-silveira\/#primaryimage\"},\"thumbnailUrl\":\"https:\/\/coisasdegentepreta.com.br\/wp-content\/uploads\/2025\/10\/WhatsApp-Image-2025-10-13-at-13.05.48.jpeg\",\"datePublished\":\"2025-10-13T16:26:08+00:00\",\"dateModified\":\"2025-10-13T17:23:00+00:00\",\"breadcrumb\":{\"@id\":\"https:\/\/coisasdegentepreta.com.br\/index.php\/caso-beatriz-silveira\/#breadcrumb\"},\"inLanguage\":\"en-US\",\"potentialAction\":[{\"@type\":\"ReadAction\",\"target\":[\"https:\/\/coisasdegentepreta.com.br\/index.php\/caso-beatriz-silveira\/\"]}]},{\"@type\":\"ImageObject\",\"inLanguage\":\"en-US\",\"@id\":\"https:\/\/coisasdegentepreta.com.br\/index.php\/caso-beatriz-silveira\/#primaryimage\",\"url\":\"https:\/\/coisasdegentepreta.com.br\/wp-content\/uploads\/2025\/10\/WhatsApp-Image-2025-10-13-at-13.05.48.jpeg\",\"contentUrl\":\"https:\/\/coisasdegentepreta.com.br\/wp-content\/uploads\/2025\/10\/WhatsApp-Image-2025-10-13-at-13.05.48.jpeg\",\"width\":1024,\"height\":1024},{\"@type\":\"BreadcrumbList\",\"@id\":\"https:\/\/coisasdegentepreta.com.br\/index.php\/caso-beatriz-silveira\/#breadcrumb\",\"itemListElement\":[{\"@type\":\"ListItem\",\"position\":1,\"name\":\"ECMM\",\"item\":\"https:\/\/coisasdegentepreta.com.br\/\"},{\"@type\":\"ListItem\",\"position\":2,\"name\":\"Caso Beatriz Silveira\"}]},{\"@type\":\"WebSite\",\"@id\":\"https:\/\/coisasdegentepreta.com.br\/#website\",\"url\":\"https:\/\/coisasdegentepreta.com.br\/\",\"name\":\"https:\/\/coisasdegentepreta.com.br\",\"description\":\"\",\"publisher\":{\"@id\":\"https:\/\/coisasdegentepreta.com.br\/#organization\"},\"potentialAction\":[{\"@type\":\"SearchAction\",\"target\":{\"@type\":\"EntryPoint\",\"urlTemplate\":\"https:\/\/coisasdegentepreta.com.br\/?s={search_term_string}\"},\"query-input\":{\"@type\":\"PropertyValueSpecification\",\"valueRequired\":true,\"valueName\":\"search_term_string\"}}],\"inLanguage\":\"en-US\"},{\"@type\":\"Organization\",\"@id\":\"https:\/\/coisasdegentepreta.com.br\/#organization\",\"name\":\"Espa\u00e7o de Capacita\u00e7\u00e3o M\u00e1rcio Madeira RJ\",\"url\":\"https:\/\/coisasdegentepreta.com.br\/\",\"logo\":{\"@type\":\"ImageObject\",\"inLanguage\":\"en-US\",\"@id\":\"https:\/\/coisasdegentepreta.com.br\/#\/schema\/logo\/image\/\",\"url\":\"https:\/\/coisasdegentepreta.com.br\/wp-content\/uploads\/2023\/12\/logo-2.png\",\"contentUrl\":\"https:\/\/coisasdegentepreta.com.br\/wp-content\/uploads\/2023\/12\/logo-2.png\",\"width\":2064,\"height\":1021,\"caption\":\"Espa\u00e7o de Capacita\u00e7\u00e3o M\u00e1rcio Madeira RJ\"},\"image\":{\"@id\":\"https:\/\/coisasdegentepreta.com.br\/#\/schema\/logo\/image\/\"},\"sameAs\":[\"https:\/\/facebook.com\/cmmcomcoisasdegente\",\"https:\/\/x.com\/cmmcomcoisasdegente\",\"https:\/\/instagram.com\/cmmcomcoisasdegente\"]}]}<\/script>\n<!-- \/ Yoast SEO plugin. -->","yoast_head_json":{"title":"Caso Beatriz Silveira -","robots":{"index":"index","follow":"follow","max-snippet":"max-snippet:-1","max-image-preview":"max-image-preview:large","max-video-preview":"max-video-preview:-1"},"canonical":"https:\/\/coisasdegentepreta.com.br\/index.php\/caso-beatriz-silveira\/","og_locale":"en_US","og_type":"article","og_title":"Caso Beatriz Silveira -","og_description":"Caso Beatriz Silveira: Mulher Negra Denuncia Racismo em Hotel da Lapa \u201cFui acusada de roubo sem qualquer prova. Senti o peso do racismo no corpo e na alma.\u201d \u2014 relata Beatriz Silveira Na quinta-feira, dia 10 de outubro, a conselheira de sa\u00fade Beatriz Silveira, participante do evento \u201cParticipa Mais \u2013 SUS\u201d, representando a cidade do &hellip; Caso Beatriz Silveira Read More &raquo;","og_url":"https:\/\/coisasdegentepreta.com.br\/index.php\/caso-beatriz-silveira\/","article_publisher":"https:\/\/facebook.com\/cmmcomcoisasdegente","article_modified_time":"2025-10-13T17:23:00+00:00","og_image":[{"width":1024,"height":1024,"url":"https:\/\/coisasdegentepreta.com.br\/wp-content\/uploads\/2025\/10\/WhatsApp-Image-2025-10-13-at-13.05.48.jpeg","type":"image\/jpeg"}],"twitter_card":"summary_large_image","twitter_site":"@cmmcomcoisasdegente","twitter_misc":{"Est. reading time":"3 minutes"},"schema":{"@context":"https:\/\/schema.org","@graph":[{"@type":"WebPage","@id":"https:\/\/coisasdegentepreta.com.br\/index.php\/caso-beatriz-silveira\/","url":"https:\/\/coisasdegentepreta.com.br\/index.php\/caso-beatriz-silveira\/","name":"Caso Beatriz Silveira -","isPartOf":{"@id":"https:\/\/coisasdegentepreta.com.br\/#website"},"primaryImageOfPage":{"@id":"https:\/\/coisasdegentepreta.com.br\/index.php\/caso-beatriz-silveira\/#primaryimage"},"image":{"@id":"https:\/\/coisasdegentepreta.com.br\/index.php\/caso-beatriz-silveira\/#primaryimage"},"thumbnailUrl":"https:\/\/coisasdegentepreta.com.br\/wp-content\/uploads\/2025\/10\/WhatsApp-Image-2025-10-13-at-13.05.48.jpeg","datePublished":"2025-10-13T16:26:08+00:00","dateModified":"2025-10-13T17:23:00+00:00","breadcrumb":{"@id":"https:\/\/coisasdegentepreta.com.br\/index.php\/caso-beatriz-silveira\/#breadcrumb"},"inLanguage":"en-US","potentialAction":[{"@type":"ReadAction","target":["https:\/\/coisasdegentepreta.com.br\/index.php\/caso-beatriz-silveira\/"]}]},{"@type":"ImageObject","inLanguage":"en-US","@id":"https:\/\/coisasdegentepreta.com.br\/index.php\/caso-beatriz-silveira\/#primaryimage","url":"https:\/\/coisasdegentepreta.com.br\/wp-content\/uploads\/2025\/10\/WhatsApp-Image-2025-10-13-at-13.05.48.jpeg","contentUrl":"https:\/\/coisasdegentepreta.com.br\/wp-content\/uploads\/2025\/10\/WhatsApp-Image-2025-10-13-at-13.05.48.jpeg","width":1024,"height":1024},{"@type":"BreadcrumbList","@id":"https:\/\/coisasdegentepreta.com.br\/index.php\/caso-beatriz-silveira\/#breadcrumb","itemListElement":[{"@type":"ListItem","position":1,"name":"ECMM","item":"https:\/\/coisasdegentepreta.com.br\/"},{"@type":"ListItem","position":2,"name":"Caso Beatriz Silveira"}]},{"@type":"WebSite","@id":"https:\/\/coisasdegentepreta.com.br\/#website","url":"https:\/\/coisasdegentepreta.com.br\/","name":"https:\/\/coisasdegentepreta.com.br","description":"","publisher":{"@id":"https:\/\/coisasdegentepreta.com.br\/#organization"},"potentialAction":[{"@type":"SearchAction","target":{"@type":"EntryPoint","urlTemplate":"https:\/\/coisasdegentepreta.com.br\/?s={search_term_string}"},"query-input":{"@type":"PropertyValueSpecification","valueRequired":true,"valueName":"search_term_string"}}],"inLanguage":"en-US"},{"@type":"Organization","@id":"https:\/\/coisasdegentepreta.com.br\/#organization","name":"Espa\u00e7o de Capacita\u00e7\u00e3o M\u00e1rcio Madeira RJ","url":"https:\/\/coisasdegentepreta.com.br\/","logo":{"@type":"ImageObject","inLanguage":"en-US","@id":"https:\/\/coisasdegentepreta.com.br\/#\/schema\/logo\/image\/","url":"https:\/\/coisasdegentepreta.com.br\/wp-content\/uploads\/2023\/12\/logo-2.png","contentUrl":"https:\/\/coisasdegentepreta.com.br\/wp-content\/uploads\/2023\/12\/logo-2.png","width":2064,"height":1021,"caption":"Espa\u00e7o de Capacita\u00e7\u00e3o M\u00e1rcio Madeira RJ"},"image":{"@id":"https:\/\/coisasdegentepreta.com.br\/#\/schema\/logo\/image\/"},"sameAs":["https:\/\/facebook.com\/cmmcomcoisasdegente","https:\/\/x.com\/cmmcomcoisasdegente","https:\/\/instagram.com\/cmmcomcoisasdegente"]}]}},"_links":{"self":[{"href":"https:\/\/coisasdegentepreta.com.br\/index.php\/wp-json\/wp\/v2\/pages\/7409","targetHints":{"allow":["GET"]}}],"collection":[{"href":"https:\/\/coisasdegentepreta.com.br\/index.php\/wp-json\/wp\/v2\/pages"}],"about":[{"href":"https:\/\/coisasdegentepreta.com.br\/index.php\/wp-json\/wp\/v2\/types\/page"}],"author":[{"embeddable":true,"href":"https:\/\/coisasdegentepreta.com.br\/index.php\/wp-json\/wp\/v2\/users\/1"}],"replies":[{"embeddable":true,"href":"https:\/\/coisasdegentepreta.com.br\/index.php\/wp-json\/wp\/v2\/comments?post=7409"}],"version-history":[{"count":10,"href":"https:\/\/coisasdegentepreta.com.br\/index.php\/wp-json\/wp\/v2\/pages\/7409\/revisions"}],"predecessor-version":[{"id":7434,"href":"https:\/\/coisasdegentepreta.com.br\/index.php\/wp-json\/wp\/v2\/pages\/7409\/revisions\/7434"}],"wp:attachment":[{"href":"https:\/\/coisasdegentepreta.com.br\/index.php\/wp-json\/wp\/v2\/media?parent=7409"}],"curies":[{"name":"wp","href":"https:\/\/api.w.org\/{rel}","templated":true}]}}