{"id":7382,"date":"2025-10-12T22:26:37","date_gmt":"2025-10-13T01:26:37","guid":{"rendered":"https:\/\/coisasdegentepreta.com.br\/?page_id=7382"},"modified":"2025-10-12T22:32:02","modified_gmt":"2025-10-13T01:32:02","slug":"julgamento-de-moise-kabagambe","status":"publish","type":"page","link":"https:\/\/coisasdegentepreta.com.br\/index.php\/julgamento-de-moise-kabagambe\/","title":{"rendered":"Julgamento de Mo\u00efse Kabagambe"},"content":{"rendered":"\t\t<div data-elementor-type=\"wp-page\" data-elementor-id=\"7382\" class=\"elementor elementor-7382\">\n\t\t\t\t<div class=\"elementor-element elementor-element-eb62701 e-flex e-con-boxed e-con e-parent\" data-id=\"eb62701\" data-element_type=\"container\" data-settings=\"{&quot;background_background&quot;:&quot;classic&quot;}\">\n\t\t\t\t\t<div class=\"e-con-inner\">\n\t\t<div class=\"elementor-element elementor-element-86d109d e-con-full e-flex e-con e-child\" data-id=\"86d109d\" data-element_type=\"container\" data-settings=\"{&quot;background_background&quot;:&quot;classic&quot;}\">\n\t\t\t\t<div class=\"elementor-element elementor-element-4e07fa4 elementor-widget elementor-widget-image\" data-id=\"4e07fa4\" data-element_type=\"widget\" data-widget_type=\"image.default\">\n\t\t\t\t<div class=\"elementor-widget-container\">\n\t\t\t\t\t\t\t\t\t\t\t\t\t\t\t<img fetchpriority=\"high\" decoding=\"async\" width=\"576\" height=\"318\" src=\"https:\/\/coisasdegentepreta.com.br\/wp-content\/uploads\/2025\/10\/Imagem-do-WhatsApp-de-2025-10-12-as-13.14.40_a9140345.jpg\" class=\"attachment-full size-full wp-image-7391\" alt=\"\" srcset=\"https:\/\/coisasdegentepreta.com.br\/wp-content\/uploads\/2025\/10\/Imagem-do-WhatsApp-de-2025-10-12-as-13.14.40_a9140345.jpg 576w, https:\/\/coisasdegentepreta.com.br\/wp-content\/uploads\/2025\/10\/Imagem-do-WhatsApp-de-2025-10-12-as-13.14.40_a9140345-300x166.jpg 300w\" sizes=\"(max-width: 576px) 100vw, 576px\" \/>\t\t\t\t\t\t\t\t\t\t\t\t\t\t\t<\/div>\n\t\t\t\t<\/div>\n\t\t\t\t<\/div>\n\t\t<div class=\"elementor-element elementor-element-c020061 e-con-full e-flex e-con e-child\" data-id=\"c020061\" data-element_type=\"container\" data-settings=\"{&quot;background_background&quot;:&quot;classic&quot;}\">\n\t\t\t\t<div class=\"elementor-element elementor-element-b8ba426 elementor-widget elementor-widget-heading\" data-id=\"b8ba426\" data-element_type=\"widget\" data-widget_type=\"heading.default\">\n\t\t\t\t<div class=\"elementor-widget-container\">\n\t\t\t\t\t<h2 class=\"elementor-heading-title elementor-size-default\">Julgamento de Mo\u00efse Kabagambe tem in\u00edcio no Rio de Janeiro<\/h2>\t\t\t\t<\/div>\n\t\t\t\t<\/div>\n\t\t\t\t<div class=\"elementor-element elementor-element-dd63df4 elementor-widget elementor-widget-text-editor\" data-id=\"dd63df4\" data-element_type=\"widget\" data-widget_type=\"text-editor.default\">\n\t\t\t\t<div class=\"elementor-widget-container\">\n\t\t\t\t\t\t\t\t\t<p>Teve in\u00edcio o julgamento dos acusados pela morte do jovem congol\u00eas Mo\u00efse Mugenyi Kabagambe, assassinado em janeiro de 2022, nas depend\u00eancias do quiosque Tropic\u00e1lia, na Barra da Tijuca, ap\u00f3s cobrar dois dias de pagamento atrasado.<\/p><p>O crime gerou ampla repercuss\u00e3o e mobilizou o movimento negro, entidades de direitos humanos e setores da sociedade civil.<br \/>Cabe destacar que a marcha em mem\u00f3ria de Mo\u00efse foi convocada pelo Instituto de Pesquisa das Culturas Negras (IPCN), que articulou o chamado ao movimento negro carioca em defesa da justi\u00e7a e da vida negra.<\/p><p>Segundo M\u00e1rcio Madeira, que \u00e0 \u00e9poca presidia o IPCN, a marcha ganhou dimens\u00e3o nacional e repercuss\u00e3o internacional, consolidando-se como um marco na luta contra o racismo e pela preserva\u00e7\u00e3o da mem\u00f3ria de Mo\u00efse.<\/p><p>A mobiliza\u00e7\u00e3o resultou ainda em a\u00e7\u00f5es concretas de apoio e repara\u00e7\u00e3o. A fam\u00edlia de Mo\u00efse recebeu, da Prefeitura do Rio de Janeiro, sob a gest\u00e3o do prefeito Eduardo Paes, a concess\u00e3o de um quiosque no Parque de Madureira.<br \/>Al\u00e9m disso, com apoio do IPCN, foi viabilizada a retirada do pa\u00eds de um primo de Mo\u00efse, que passou a sofrer amea\u00e7as no Brasil ap\u00f3s o crime.<\/p><p>Atualmente, o j\u00fari popular julga F\u00e1bio Pirineus da Silva e Aleson Cristiano de Oliveira Fonseca, acusados de homic\u00eddio qualificado.<\/p><p>\u2e3b<\/p><p>Portal Coisas de Gente Preta<br \/>M\u00e1rcio Madeira \u2234<br \/>Respons\u00e1vel pelo Portal Coisas\u00a0de\u00a0Gente\u00a0Preta<\/p>\t\t\t\t\t\t\t\t<\/div>\n\t\t\t\t<\/div>\n\t\t\t\t<\/div>\n\t\t\t\t\t<\/div>\n\t\t\t\t<\/div>\n\t\t\t\t<\/div>\n\t\t","protected":false},"excerpt":{"rendered":"<p>Julgamento de Mo\u00efse Kabagambe tem in\u00edcio no Rio de Janeiro Teve in\u00edcio o julgamento dos acusados pela morte do jovem congol\u00eas Mo\u00efse Mugenyi Kabagambe, assassinado em janeiro de 2022, nas depend\u00eancias do quiosque Tropic\u00e1lia, na Barra da Tijuca, ap\u00f3s cobrar dois dias de pagamento atrasado. O crime gerou ampla repercuss\u00e3o e mobilizou o movimento negro, &hellip;<\/p>\n<p class=\"read-more\"> <a class=\"\" href=\"https:\/\/coisasdegentepreta.com.br\/index.php\/julgamento-de-moise-kabagambe\/\"> <span class=\"screen-reader-text\">Julgamento de Mo\u00efse Kabagambe<\/span> Read More &raquo;<\/a><\/p>\n","protected":false},"author":1,"featured_media":0,"parent":0,"menu_order":0,"comment_status":"closed","ping_status":"closed","template":"","meta":{"site-sidebar-layout":"no-sidebar","site-content-layout":"","ast-site-content-layout":"full-width-container","site-content-style":"default","site-sidebar-style":"default","ast-global-header-display":"","ast-banner-title-visibility":"","ast-main-header-display":"","ast-hfb-above-header-display":"","ast-hfb-below-header-display":"","ast-hfb-mobile-header-display":"","site-post-title":"disabled","ast-breadcrumbs-content":"","ast-featured-img":"disabled","footer-sml-layout":"","theme-transparent-header-meta":"","adv-header-id-meta":"","stick-header-meta":"","header-above-stick-meta":"","header-main-stick-meta":"","header-below-stick-meta":"","astra-migrate-meta-layouts":"default","ast-page-background-enabled":"default","ast-page-background-meta":{"desktop":{"background-color":"var(--ast-global-color-4)","background-image":"","background-repeat":"repeat","background-position":"center center","background-size":"auto","background-attachment":"scroll","background-type":"","background-media":"","overlay-type":"","overlay-color":"","overlay-gradient":""},"tablet":{"background-color":"","background-image":"","background-repeat":"repeat","background-position":"center center","background-size":"auto","background-attachment":"scroll","background-type":"","background-media":"","overlay-type":"","overlay-color":"","overlay-gradient":""},"mobile":{"background-color":"","background-image":"","background-repeat":"repeat","background-position":"center center","background-size":"auto","background-attachment":"scroll","background-type":"","background-media":"","overlay-type":"","overlay-color":"","overlay-gradient":""}},"ast-content-background-meta":{"desktop":{"background-color":"var(--ast-global-color-5)","background-image":"","background-repeat":"repeat","background-position":"center center","background-size":"auto","background-attachment":"scroll","background-type":"","background-media":"","overlay-type":"","overlay-color":"","overlay-gradient":""},"tablet":{"background-color":"var(--ast-global-color-5)","background-image":"","background-repeat":"repeat","background-position":"center center","background-size":"auto","background-attachment":"scroll","background-type":"","background-media":"","overlay-type":"","overlay-color":"","overlay-gradient":""},"mobile":{"background-color":"var(--ast-global-color-5)","background-image":"","background-repeat":"repeat","background-position":"center center","background-size":"auto","background-attachment":"scroll","background-type":"","background-media":"","overlay-type":"","overlay-color":"","overlay-gradient":""}},"footnotes":""},"class_list":["post-7382","page","type-page","status-publish","hentry"],"yoast_head":"<!-- This site is optimized with the Yoast SEO plugin v24.2 - https:\/\/yoast.com\/wordpress\/plugins\/seo\/ -->\n<title>Julgamento de Mo\u00efse Kabagambe -<\/title>\n<meta name=\"robots\" content=\"index, follow, max-snippet:-1, max-image-preview:large, max-video-preview:-1\" \/>\n<link rel=\"canonical\" href=\"https:\/\/coisasdegentepreta.com.br\/index.php\/julgamento-de-moise-kabagambe\/\" \/>\n<meta property=\"og:locale\" content=\"en_US\" \/>\n<meta property=\"og:type\" content=\"article\" \/>\n<meta property=\"og:title\" content=\"Julgamento de Mo\u00efse Kabagambe -\" \/>\n<meta property=\"og:description\" content=\"Julgamento de Mo\u00efse Kabagambe tem in\u00edcio no Rio de Janeiro Teve in\u00edcio o julgamento dos acusados pela morte do jovem congol\u00eas Mo\u00efse Mugenyi Kabagambe, assassinado em janeiro de 2022, nas depend\u00eancias do quiosque Tropic\u00e1lia, na Barra da Tijuca, ap\u00f3s cobrar dois dias de pagamento atrasado. O crime gerou ampla repercuss\u00e3o e mobilizou o movimento negro, &hellip; Julgamento de Mo\u00efse Kabagambe Read More &raquo;\" \/>\n<meta property=\"og:url\" content=\"https:\/\/coisasdegentepreta.com.br\/index.php\/julgamento-de-moise-kabagambe\/\" \/>\n<meta property=\"article:publisher\" content=\"https:\/\/facebook.com\/cmmcomcoisasdegente\" \/>\n<meta property=\"article:modified_time\" content=\"2025-10-13T01:32:02+00:00\" \/>\n<meta property=\"og:image\" content=\"https:\/\/coisasdegentepreta.com.br\/wp-content\/uploads\/2025\/10\/Imagem-do-WhatsApp-de-2025-10-12-as-13.14.40_a9140345.jpg\" \/>\n\t<meta property=\"og:image:width\" content=\"576\" \/>\n\t<meta property=\"og:image:height\" content=\"318\" \/>\n\t<meta property=\"og:image:type\" content=\"image\/jpeg\" \/>\n<meta name=\"twitter:card\" content=\"summary_large_image\" \/>\n<meta name=\"twitter:site\" content=\"@cmmcomcoisasdegente\" \/>\n<meta name=\"twitter:label1\" content=\"Est. reading time\" \/>\n\t<meta name=\"twitter:data1\" content=\"2 minutes\" \/>\n<script type=\"application\/ld+json\" class=\"yoast-schema-graph\">{\"@context\":\"https:\/\/schema.org\",\"@graph\":[{\"@type\":\"WebPage\",\"@id\":\"https:\/\/coisasdegentepreta.com.br\/index.php\/julgamento-de-moise-kabagambe\/\",\"url\":\"https:\/\/coisasdegentepreta.com.br\/index.php\/julgamento-de-moise-kabagambe\/\",\"name\":\"Julgamento de Mo\u00efse Kabagambe -\",\"isPartOf\":{\"@id\":\"https:\/\/coisasdegentepreta.com.br\/#website\"},\"primaryImageOfPage\":{\"@id\":\"https:\/\/coisasdegentepreta.com.br\/index.php\/julgamento-de-moise-kabagambe\/#primaryimage\"},\"image\":{\"@id\":\"https:\/\/coisasdegentepreta.com.br\/index.php\/julgamento-de-moise-kabagambe\/#primaryimage\"},\"thumbnailUrl\":\"https:\/\/coisasdegentepreta.com.br\/wp-content\/uploads\/2025\/10\/Imagem-do-WhatsApp-de-2025-10-12-as-13.14.40_a9140345.jpg\",\"datePublished\":\"2025-10-13T01:26:37+00:00\",\"dateModified\":\"2025-10-13T01:32:02+00:00\",\"breadcrumb\":{\"@id\":\"https:\/\/coisasdegentepreta.com.br\/index.php\/julgamento-de-moise-kabagambe\/#breadcrumb\"},\"inLanguage\":\"en-US\",\"potentialAction\":[{\"@type\":\"ReadAction\",\"target\":[\"https:\/\/coisasdegentepreta.com.br\/index.php\/julgamento-de-moise-kabagambe\/\"]}]},{\"@type\":\"ImageObject\",\"inLanguage\":\"en-US\",\"@id\":\"https:\/\/coisasdegentepreta.com.br\/index.php\/julgamento-de-moise-kabagambe\/#primaryimage\",\"url\":\"https:\/\/coisasdegentepreta.com.br\/wp-content\/uploads\/2025\/10\/Imagem-do-WhatsApp-de-2025-10-12-as-13.14.40_a9140345.jpg\",\"contentUrl\":\"https:\/\/coisasdegentepreta.com.br\/wp-content\/uploads\/2025\/10\/Imagem-do-WhatsApp-de-2025-10-12-as-13.14.40_a9140345.jpg\",\"width\":576,\"height\":318},{\"@type\":\"BreadcrumbList\",\"@id\":\"https:\/\/coisasdegentepreta.com.br\/index.php\/julgamento-de-moise-kabagambe\/#breadcrumb\",\"itemListElement\":[{\"@type\":\"ListItem\",\"position\":1,\"name\":\"ECMM\",\"item\":\"https:\/\/coisasdegentepreta.com.br\/\"},{\"@type\":\"ListItem\",\"position\":2,\"name\":\"Julgamento de Mo\u00efse Kabagambe\"}]},{\"@type\":\"WebSite\",\"@id\":\"https:\/\/coisasdegentepreta.com.br\/#website\",\"url\":\"https:\/\/coisasdegentepreta.com.br\/\",\"name\":\"https:\/\/coisasdegentepreta.com.br\",\"description\":\"\",\"publisher\":{\"@id\":\"https:\/\/coisasdegentepreta.com.br\/#organization\"},\"potentialAction\":[{\"@type\":\"SearchAction\",\"target\":{\"@type\":\"EntryPoint\",\"urlTemplate\":\"https:\/\/coisasdegentepreta.com.br\/?s={search_term_string}\"},\"query-input\":{\"@type\":\"PropertyValueSpecification\",\"valueRequired\":true,\"valueName\":\"search_term_string\"}}],\"inLanguage\":\"en-US\"},{\"@type\":\"Organization\",\"@id\":\"https:\/\/coisasdegentepreta.com.br\/#organization\",\"name\":\"Espa\u00e7o de Capacita\u00e7\u00e3o M\u00e1rcio Madeira RJ\",\"url\":\"https:\/\/coisasdegentepreta.com.br\/\",\"logo\":{\"@type\":\"ImageObject\",\"inLanguage\":\"en-US\",\"@id\":\"https:\/\/coisasdegentepreta.com.br\/#\/schema\/logo\/image\/\",\"url\":\"https:\/\/coisasdegentepreta.com.br\/wp-content\/uploads\/2023\/12\/logo-2.png\",\"contentUrl\":\"https:\/\/coisasdegentepreta.com.br\/wp-content\/uploads\/2023\/12\/logo-2.png\",\"width\":2064,\"height\":1021,\"caption\":\"Espa\u00e7o de Capacita\u00e7\u00e3o M\u00e1rcio Madeira RJ\"},\"image\":{\"@id\":\"https:\/\/coisasdegentepreta.com.br\/#\/schema\/logo\/image\/\"},\"sameAs\":[\"https:\/\/facebook.com\/cmmcomcoisasdegente\",\"https:\/\/x.com\/cmmcomcoisasdegente\",\"https:\/\/instagram.com\/cmmcomcoisasdegente\"]}]}<\/script>\n<!-- \/ Yoast SEO plugin. -->","yoast_head_json":{"title":"Julgamento de Mo\u00efse Kabagambe -","robots":{"index":"index","follow":"follow","max-snippet":"max-snippet:-1","max-image-preview":"max-image-preview:large","max-video-preview":"max-video-preview:-1"},"canonical":"https:\/\/coisasdegentepreta.com.br\/index.php\/julgamento-de-moise-kabagambe\/","og_locale":"en_US","og_type":"article","og_title":"Julgamento de Mo\u00efse Kabagambe -","og_description":"Julgamento de Mo\u00efse Kabagambe tem in\u00edcio no Rio de Janeiro Teve in\u00edcio o julgamento dos acusados pela morte do jovem congol\u00eas Mo\u00efse Mugenyi Kabagambe, assassinado em janeiro de 2022, nas depend\u00eancias do quiosque Tropic\u00e1lia, na Barra da Tijuca, ap\u00f3s cobrar dois dias de pagamento atrasado. O crime gerou ampla repercuss\u00e3o e mobilizou o movimento negro, &hellip; Julgamento de Mo\u00efse Kabagambe Read More &raquo;","og_url":"https:\/\/coisasdegentepreta.com.br\/index.php\/julgamento-de-moise-kabagambe\/","article_publisher":"https:\/\/facebook.com\/cmmcomcoisasdegente","article_modified_time":"2025-10-13T01:32:02+00:00","og_image":[{"width":576,"height":318,"url":"https:\/\/coisasdegentepreta.com.br\/wp-content\/uploads\/2025\/10\/Imagem-do-WhatsApp-de-2025-10-12-as-13.14.40_a9140345.jpg","type":"image\/jpeg"}],"twitter_card":"summary_large_image","twitter_site":"@cmmcomcoisasdegente","twitter_misc":{"Est. reading time":"2 minutes"},"schema":{"@context":"https:\/\/schema.org","@graph":[{"@type":"WebPage","@id":"https:\/\/coisasdegentepreta.com.br\/index.php\/julgamento-de-moise-kabagambe\/","url":"https:\/\/coisasdegentepreta.com.br\/index.php\/julgamento-de-moise-kabagambe\/","name":"Julgamento de Mo\u00efse Kabagambe -","isPartOf":{"@id":"https:\/\/coisasdegentepreta.com.br\/#website"},"primaryImageOfPage":{"@id":"https:\/\/coisasdegentepreta.com.br\/index.php\/julgamento-de-moise-kabagambe\/#primaryimage"},"image":{"@id":"https:\/\/coisasdegentepreta.com.br\/index.php\/julgamento-de-moise-kabagambe\/#primaryimage"},"thumbnailUrl":"https:\/\/coisasdegentepreta.com.br\/wp-content\/uploads\/2025\/10\/Imagem-do-WhatsApp-de-2025-10-12-as-13.14.40_a9140345.jpg","datePublished":"2025-10-13T01:26:37+00:00","dateModified":"2025-10-13T01:32:02+00:00","breadcrumb":{"@id":"https:\/\/coisasdegentepreta.com.br\/index.php\/julgamento-de-moise-kabagambe\/#breadcrumb"},"inLanguage":"en-US","potentialAction":[{"@type":"ReadAction","target":["https:\/\/coisasdegentepreta.com.br\/index.php\/julgamento-de-moise-kabagambe\/"]}]},{"@type":"ImageObject","inLanguage":"en-US","@id":"https:\/\/coisasdegentepreta.com.br\/index.php\/julgamento-de-moise-kabagambe\/#primaryimage","url":"https:\/\/coisasdegentepreta.com.br\/wp-content\/uploads\/2025\/10\/Imagem-do-WhatsApp-de-2025-10-12-as-13.14.40_a9140345.jpg","contentUrl":"https:\/\/coisasdegentepreta.com.br\/wp-content\/uploads\/2025\/10\/Imagem-do-WhatsApp-de-2025-10-12-as-13.14.40_a9140345.jpg","width":576,"height":318},{"@type":"BreadcrumbList","@id":"https:\/\/coisasdegentepreta.com.br\/index.php\/julgamento-de-moise-kabagambe\/#breadcrumb","itemListElement":[{"@type":"ListItem","position":1,"name":"ECMM","item":"https:\/\/coisasdegentepreta.com.br\/"},{"@type":"ListItem","position":2,"name":"Julgamento de Mo\u00efse Kabagambe"}]},{"@type":"WebSite","@id":"https:\/\/coisasdegentepreta.com.br\/#website","url":"https:\/\/coisasdegentepreta.com.br\/","name":"https:\/\/coisasdegentepreta.com.br","description":"","publisher":{"@id":"https:\/\/coisasdegentepreta.com.br\/#organization"},"potentialAction":[{"@type":"SearchAction","target":{"@type":"EntryPoint","urlTemplate":"https:\/\/coisasdegentepreta.com.br\/?s={search_term_string}"},"query-input":{"@type":"PropertyValueSpecification","valueRequired":true,"valueName":"search_term_string"}}],"inLanguage":"en-US"},{"@type":"Organization","@id":"https:\/\/coisasdegentepreta.com.br\/#organization","name":"Espa\u00e7o de Capacita\u00e7\u00e3o M\u00e1rcio Madeira RJ","url":"https:\/\/coisasdegentepreta.com.br\/","logo":{"@type":"ImageObject","inLanguage":"en-US","@id":"https:\/\/coisasdegentepreta.com.br\/#\/schema\/logo\/image\/","url":"https:\/\/coisasdegentepreta.com.br\/wp-content\/uploads\/2023\/12\/logo-2.png","contentUrl":"https:\/\/coisasdegentepreta.com.br\/wp-content\/uploads\/2023\/12\/logo-2.png","width":2064,"height":1021,"caption":"Espa\u00e7o de Capacita\u00e7\u00e3o M\u00e1rcio Madeira RJ"},"image":{"@id":"https:\/\/coisasdegentepreta.com.br\/#\/schema\/logo\/image\/"},"sameAs":["https:\/\/facebook.com\/cmmcomcoisasdegente","https:\/\/x.com\/cmmcomcoisasdegente","https:\/\/instagram.com\/cmmcomcoisasdegente"]}]}},"_links":{"self":[{"href":"https:\/\/coisasdegentepreta.com.br\/index.php\/wp-json\/wp\/v2\/pages\/7382","targetHints":{"allow":["GET"]}}],"collection":[{"href":"https:\/\/coisasdegentepreta.com.br\/index.php\/wp-json\/wp\/v2\/pages"}],"about":[{"href":"https:\/\/coisasdegentepreta.com.br\/index.php\/wp-json\/wp\/v2\/types\/page"}],"author":[{"embeddable":true,"href":"https:\/\/coisasdegentepreta.com.br\/index.php\/wp-json\/wp\/v2\/users\/1"}],"replies":[{"embeddable":true,"href":"https:\/\/coisasdegentepreta.com.br\/index.php\/wp-json\/wp\/v2\/comments?post=7382"}],"version-history":[{"count":10,"href":"https:\/\/coisasdegentepreta.com.br\/index.php\/wp-json\/wp\/v2\/pages\/7382\/revisions"}],"predecessor-version":[{"id":7394,"href":"https:\/\/coisasdegentepreta.com.br\/index.php\/wp-json\/wp\/v2\/pages\/7382\/revisions\/7394"}],"wp:attachment":[{"href":"https:\/\/coisasdegentepreta.com.br\/index.php\/wp-json\/wp\/v2\/media?parent=7382"}],"curies":[{"name":"wp","href":"https:\/\/api.w.org\/{rel}","templated":true}]}}