{"id":7340,"date":"2025-10-05T23:37:48","date_gmt":"2025-10-06T02:37:48","guid":{"rendered":"https:\/\/coisasdegentepreta.com.br\/?page_id=7340"},"modified":"2025-10-05T23:40:21","modified_gmt":"2025-10-06T02:40:21","slug":"frente-negra-brasileira-entre-a-memoria-e-a-atualidade-da-luta","status":"publish","type":"page","link":"https:\/\/coisasdegentepreta.com.br\/index.php\/frente-negra-brasileira-entre-a-memoria-e-a-atualidade-da-luta\/","title":{"rendered":"Frente Negra Brasileira: entre a mem\u00f3ria e a atualidade da luta"},"content":{"rendered":"\t\t<div data-elementor-type=\"wp-page\" data-elementor-id=\"7340\" class=\"elementor elementor-7340\">\n\t\t\t\t<div class=\"elementor-element elementor-element-b275837 e-flex e-con-boxed e-con e-parent\" data-id=\"b275837\" data-element_type=\"container\" data-settings=\"{&quot;background_background&quot;:&quot;classic&quot;}\">\n\t\t\t\t\t<div class=\"e-con-inner\">\n\t\t<div class=\"elementor-element elementor-element-ebd6e16 e-con-full e-flex e-con e-child\" data-id=\"ebd6e16\" data-element_type=\"container\" data-settings=\"{&quot;background_background&quot;:&quot;classic&quot;}\">\n\t\t\t\t<div class=\"elementor-element elementor-element-b95babc elementor-widget elementor-widget-image\" data-id=\"b95babc\" data-element_type=\"widget\" data-widget_type=\"image.default\">\n\t\t\t\t<div class=\"elementor-widget-container\">\n\t\t\t\t\t\t\t\t\t\t\t\t\t\t\t<img fetchpriority=\"high\" decoding=\"async\" width=\"296\" height=\"370\" src=\"https:\/\/coisasdegentepreta.com.br\/wp-content\/uploads\/2025\/10\/Imagem-do-WhatsApp-de-2025-10-04-as-21.43.34_e4ae3565.jpg\" class=\"attachment-full size-full wp-image-7342\" alt=\"\" srcset=\"https:\/\/coisasdegentepreta.com.br\/wp-content\/uploads\/2025\/10\/Imagem-do-WhatsApp-de-2025-10-04-as-21.43.34_e4ae3565.jpg 296w, https:\/\/coisasdegentepreta.com.br\/wp-content\/uploads\/2025\/10\/Imagem-do-WhatsApp-de-2025-10-04-as-21.43.34_e4ae3565-240x300.jpg 240w\" sizes=\"(max-width: 296px) 100vw, 296px\" \/>\t\t\t\t\t\t\t\t\t\t\t\t\t\t\t<\/div>\n\t\t\t\t<\/div>\n\t\t\t\t<\/div>\n\t\t<div class=\"elementor-element elementor-element-e187cf6 e-con-full e-flex e-con e-child\" data-id=\"e187cf6\" data-element_type=\"container\" data-settings=\"{&quot;background_background&quot;:&quot;classic&quot;}\">\n\t\t\t\t<div class=\"elementor-element elementor-element-2beec4e elementor-widget elementor-widget-heading\" data-id=\"2beec4e\" data-element_type=\"widget\" data-widget_type=\"heading.default\">\n\t\t\t\t<div class=\"elementor-widget-container\">\n\t\t\t\t\t<h2 class=\"elementor-heading-title elementor-size-default\">Frente Negra Brasileira: entre a mem\u00f3ria e a atualidade da luta\n<\/h2>\t\t\t\t<\/div>\n\t\t\t\t<\/div>\n\t\t\t\t<div class=\"elementor-element elementor-element-44b0f91 elementor-widget elementor-widget-text-editor\" data-id=\"44b0f91\" data-element_type=\"widget\" data-widget_type=\"text-editor.default\">\n\t\t\t\t<div class=\"elementor-widget-container\">\n\t\t\t\t\t\t\t\t\t<div>Fundada em 1931, em S\u00e3o Paulo, a Frente Negra Brasileira (FNB) representou uma das mais estruturadas organiza\u00e7\u00f5es de afrodescendentes no Brasil do s\u00e9culo XX. Em um contexto de exclus\u00e3o sistem\u00e1tica da popula\u00e7\u00e3o negra, a Frente n\u00e3o se limitou \u00e0 den\u00fancia, mas prop\u00f4s alternativas concretas nas esferas pol\u00edtica, educacional, cultural e social.<\/div><div>\u00a0<\/div><div>Sua sede, localizada na Rua Liberdade, tornou-se um centro de refer\u00eancia para a comunidade negra. Ali, funcionavam a Escola Jos\u00e9 do Patroc\u00ednio, departamentos de assist\u00eancia social e jur\u00eddica, cursos profissionalizantes, grupos teatrais e musicais, al\u00e9m de espa\u00e7os para lazer e conviv\u00eancia. Esse modelo de organiza\u00e7\u00e3o comunit\u00e1ria antecipou, em certo sentido, o papel de institui\u00e7\u00f5es como o Instituto de Pesquisas das Culturas Negras (IPCN), fundado em 1975 no Rio de Janeiro, que tamb\u00e9m se consolidou como um polo de resist\u00eancia e afirma\u00e7\u00e3o cultural negra (IPCN, 2025).<\/div><div>\u00a0<\/div><div>A Frente Negra Brasileira tamb\u00e9m se destacou pela sua produ\u00e7\u00e3o cultural. O jornal A Voz da Ra\u00e7a circulava nacionalmente, promovendo debates sobre identidade e direitos. A banda de m\u00fasica da FNB animava eventos e manifesta\u00e7\u00f5es, enquanto o grupo feminino das Rosas Negras organizava saraus, bailes e festivais, refor\u00e7ando a import\u00e2ncia da cultura como ferramenta de resist\u00eancia e afirma\u00e7\u00e3o (Domingues, 2008).<\/div><div>\u00a0<\/div><div>Em 1936, a Frente tornou-se o primeiro partido pol\u00edtico negro registrado no Brasil, consolidando-se como uma refer\u00eancia na luta por igualdade e cidadania. Embora tenha sido dissolvida em 1937 pelo Estado Novo, seu legado perdura como exemplo de organiza\u00e7\u00e3o aut\u00f4noma e propositiva da popula\u00e7\u00e3o negra brasileira (Franco, 2019).<\/div><div>\u00a0<\/div><div>Quase noventa anos depois, o legado da FNB continua a inspirar. Sua trajet\u00f3ria demonstra que a luta contra a exclus\u00e3o n\u00e3o se limita \u00e0 den\u00fancia, mas implica na cria\u00e7\u00e3o de solu\u00e7\u00f5es concretas e na afirma\u00e7\u00e3o da identidade negra nas diversas esferas da sociedade.<\/div><div>\u00a0<\/div><div>\u2e3b<\/div><div>\u00a0<\/div><div>Refer\u00eancias<\/div><div>\u2022DOMINGUES, Petr\u00f4nio. \u201cUm \u2018templo de luz\u2019: Frente Negra Brasileira (1931-1937) e a quest\u00e3o da educa\u00e7\u00e3o\u201d. Revista Brasileira de Educa\u00e7\u00e3o, v. 13, n. 39, 2008. Dispon\u00edvel em: https:\/\/www.scielo.br\/j\/rbedu\/a\/hqBHpKJHNtbrVMgJb3Fpv9M\/. Acesso em: 3 out. 2025.<\/div><div>\u2022FRANCO, Paulo Fernando Campbell. \u201cA trajet\u00f3ria do movimento negro organizado e suas estrat\u00e9gias de supera\u00e7\u00e3o do racismo na sociedade brasileira (1931-2003)\u201d. Leopoldianum, v. 45, n. 125, 2019. Dispon\u00edvel em: https:\/\/www.scielo.br\/j\/leopoldianum\/a\/2w5j6q7Wq5X8Xh8j9V8L6V9\/?lang=pt. Acesso em: 3 out. 2025.<\/div><div>\u2022INSTITUTO DE PESQUISAS DAS CULTURAS NEGRAS (IPCN). \u201cQuem somos\u201d. Dispon\u00edvel em: https:\/\/ipcnbrasil.org\/. Acesso em: 3 out. 2025.<\/div><div>\u00a0<\/div><div>\u00a0<\/div><div>M\u00e1rcio Madeira \u2234 Respons\u00e1vel pelo Portal Coisas de Gente Preta<\/div>\t\t\t\t\t\t\t\t<\/div>\n\t\t\t\t<\/div>\n\t\t\t\t<\/div>\n\t\t\t\t\t<\/div>\n\t\t\t\t<\/div>\n\t\t\t\t<\/div>\n\t\t","protected":false},"excerpt":{"rendered":"<p>Frente Negra Brasileira: entre a mem\u00f3ria e a atualidade da luta Fundada em 1931, em S\u00e3o Paulo, a Frente Negra Brasileira (FNB) representou uma das mais estruturadas organiza\u00e7\u00f5es de afrodescendentes no Brasil do s\u00e9culo XX. Em um contexto de exclus\u00e3o sistem\u00e1tica da popula\u00e7\u00e3o negra, a Frente n\u00e3o se limitou \u00e0 den\u00fancia, mas prop\u00f4s alternativas concretas &hellip;<\/p>\n<p class=\"read-more\"> <a class=\"\" href=\"https:\/\/coisasdegentepreta.com.br\/index.php\/frente-negra-brasileira-entre-a-memoria-e-a-atualidade-da-luta\/\"> <span class=\"screen-reader-text\">Frente Negra Brasileira: entre a mem\u00f3ria e a atualidade da luta<\/span> Read More &raquo;<\/a><\/p>\n","protected":false},"author":1,"featured_media":0,"parent":0,"menu_order":0,"comment_status":"closed","ping_status":"closed","template":"","meta":{"site-sidebar-layout":"no-sidebar","site-content-layout":"","ast-site-content-layout":"full-width-container","site-content-style":"default","site-sidebar-style":"default","ast-global-header-display":"","ast-banner-title-visibility":"","ast-main-header-display":"","ast-hfb-above-header-display":"","ast-hfb-below-header-display":"","ast-hfb-mobile-header-display":"","site-post-title":"disabled","ast-breadcrumbs-content":"","ast-featured-img":"disabled","footer-sml-layout":"","theme-transparent-header-meta":"","adv-header-id-meta":"","stick-header-meta":"","header-above-stick-meta":"","header-main-stick-meta":"","header-below-stick-meta":"","astra-migrate-meta-layouts":"default","ast-page-background-enabled":"default","ast-page-background-meta":{"desktop":{"background-color":"var(--ast-global-color-4)","background-image":"","background-repeat":"repeat","background-position":"center center","background-size":"auto","background-attachment":"scroll","background-type":"","background-media":"","overlay-type":"","overlay-color":"","overlay-gradient":""},"tablet":{"background-color":"","background-image":"","background-repeat":"repeat","background-position":"center center","background-size":"auto","background-attachment":"scroll","background-type":"","background-media":"","overlay-type":"","overlay-color":"","overlay-gradient":""},"mobile":{"background-color":"","background-image":"","background-repeat":"repeat","background-position":"center center","background-size":"auto","background-attachment":"scroll","background-type":"","background-media":"","overlay-type":"","overlay-color":"","overlay-gradient":""}},"ast-content-background-meta":{"desktop":{"background-color":"var(--ast-global-color-5)","background-image":"","background-repeat":"repeat","background-position":"center center","background-size":"auto","background-attachment":"scroll","background-type":"","background-media":"","overlay-type":"","overlay-color":"","overlay-gradient":""},"tablet":{"background-color":"var(--ast-global-color-5)","background-image":"","background-repeat":"repeat","background-position":"center center","background-size":"auto","background-attachment":"scroll","background-type":"","background-media":"","overlay-type":"","overlay-color":"","overlay-gradient":""},"mobile":{"background-color":"var(--ast-global-color-5)","background-image":"","background-repeat":"repeat","background-position":"center center","background-size":"auto","background-attachment":"scroll","background-type":"","background-media":"","overlay-type":"","overlay-color":"","overlay-gradient":""}},"footnotes":""},"class_list":["post-7340","page","type-page","status-publish","hentry"],"yoast_head":"<!-- This site is optimized with the Yoast SEO plugin v24.2 - https:\/\/yoast.com\/wordpress\/plugins\/seo\/ -->\n<title>Frente Negra Brasileira: entre a mem\u00f3ria e a atualidade da luta -<\/title>\n<meta name=\"robots\" content=\"index, follow, max-snippet:-1, max-image-preview:large, max-video-preview:-1\" \/>\n<link rel=\"canonical\" href=\"https:\/\/coisasdegentepreta.com.br\/index.php\/frente-negra-brasileira-entre-a-memoria-e-a-atualidade-da-luta\/\" \/>\n<meta property=\"og:locale\" content=\"en_US\" \/>\n<meta property=\"og:type\" content=\"article\" \/>\n<meta property=\"og:title\" content=\"Frente Negra Brasileira: entre a mem\u00f3ria e a atualidade da luta -\" \/>\n<meta property=\"og:description\" content=\"Frente Negra Brasileira: entre a mem\u00f3ria e a atualidade da luta Fundada em 1931, em S\u00e3o Paulo, a Frente Negra Brasileira (FNB) representou uma das mais estruturadas organiza\u00e7\u00f5es de afrodescendentes no Brasil do s\u00e9culo XX. Em um contexto de exclus\u00e3o sistem\u00e1tica da popula\u00e7\u00e3o negra, a Frente n\u00e3o se limitou \u00e0 den\u00fancia, mas prop\u00f4s alternativas concretas &hellip; Frente Negra Brasileira: entre a mem\u00f3ria e a atualidade da luta Read More &raquo;\" \/>\n<meta property=\"og:url\" content=\"https:\/\/coisasdegentepreta.com.br\/index.php\/frente-negra-brasileira-entre-a-memoria-e-a-atualidade-da-luta\/\" \/>\n<meta property=\"article:publisher\" content=\"https:\/\/facebook.com\/cmmcomcoisasdegente\" \/>\n<meta property=\"article:modified_time\" content=\"2025-10-06T02:40:21+00:00\" \/>\n<meta property=\"og:image\" content=\"https:\/\/coisasdegentepreta.com.br\/wp-content\/uploads\/2025\/10\/Imagem-do-WhatsApp-de-2025-10-04-as-21.43.34_e4ae3565.jpg\" \/>\n\t<meta property=\"og:image:width\" content=\"296\" \/>\n\t<meta property=\"og:image:height\" content=\"370\" \/>\n\t<meta property=\"og:image:type\" content=\"image\/jpeg\" \/>\n<meta name=\"twitter:card\" content=\"summary_large_image\" \/>\n<meta name=\"twitter:site\" content=\"@cmmcomcoisasdegente\" \/>\n<meta name=\"twitter:label1\" content=\"Est. reading time\" \/>\n\t<meta name=\"twitter:data1\" content=\"2 minutes\" \/>\n<script type=\"application\/ld+json\" class=\"yoast-schema-graph\">{\"@context\":\"https:\/\/schema.org\",\"@graph\":[{\"@type\":\"WebPage\",\"@id\":\"https:\/\/coisasdegentepreta.com.br\/index.php\/frente-negra-brasileira-entre-a-memoria-e-a-atualidade-da-luta\/\",\"url\":\"https:\/\/coisasdegentepreta.com.br\/index.php\/frente-negra-brasileira-entre-a-memoria-e-a-atualidade-da-luta\/\",\"name\":\"Frente Negra Brasileira: entre a mem\u00f3ria e a atualidade da luta -\",\"isPartOf\":{\"@id\":\"https:\/\/coisasdegentepreta.com.br\/#website\"},\"primaryImageOfPage\":{\"@id\":\"https:\/\/coisasdegentepreta.com.br\/index.php\/frente-negra-brasileira-entre-a-memoria-e-a-atualidade-da-luta\/#primaryimage\"},\"image\":{\"@id\":\"https:\/\/coisasdegentepreta.com.br\/index.php\/frente-negra-brasileira-entre-a-memoria-e-a-atualidade-da-luta\/#primaryimage\"},\"thumbnailUrl\":\"https:\/\/coisasdegentepreta.com.br\/wp-content\/uploads\/2025\/10\/Imagem-do-WhatsApp-de-2025-10-04-as-21.43.34_e4ae3565.jpg\",\"datePublished\":\"2025-10-06T02:37:48+00:00\",\"dateModified\":\"2025-10-06T02:40:21+00:00\",\"breadcrumb\":{\"@id\":\"https:\/\/coisasdegentepreta.com.br\/index.php\/frente-negra-brasileira-entre-a-memoria-e-a-atualidade-da-luta\/#breadcrumb\"},\"inLanguage\":\"en-US\",\"potentialAction\":[{\"@type\":\"ReadAction\",\"target\":[\"https:\/\/coisasdegentepreta.com.br\/index.php\/frente-negra-brasileira-entre-a-memoria-e-a-atualidade-da-luta\/\"]}]},{\"@type\":\"ImageObject\",\"inLanguage\":\"en-US\",\"@id\":\"https:\/\/coisasdegentepreta.com.br\/index.php\/frente-negra-brasileira-entre-a-memoria-e-a-atualidade-da-luta\/#primaryimage\",\"url\":\"https:\/\/coisasdegentepreta.com.br\/wp-content\/uploads\/2025\/10\/Imagem-do-WhatsApp-de-2025-10-04-as-21.43.34_e4ae3565.jpg\",\"contentUrl\":\"https:\/\/coisasdegentepreta.com.br\/wp-content\/uploads\/2025\/10\/Imagem-do-WhatsApp-de-2025-10-04-as-21.43.34_e4ae3565.jpg\",\"width\":296,\"height\":370},{\"@type\":\"BreadcrumbList\",\"@id\":\"https:\/\/coisasdegentepreta.com.br\/index.php\/frente-negra-brasileira-entre-a-memoria-e-a-atualidade-da-luta\/#breadcrumb\",\"itemListElement\":[{\"@type\":\"ListItem\",\"position\":1,\"name\":\"ECMM\",\"item\":\"https:\/\/coisasdegentepreta.com.br\/\"},{\"@type\":\"ListItem\",\"position\":2,\"name\":\"Frente Negra Brasileira: entre a mem\u00f3ria e a atualidade da luta\"}]},{\"@type\":\"WebSite\",\"@id\":\"https:\/\/coisasdegentepreta.com.br\/#website\",\"url\":\"https:\/\/coisasdegentepreta.com.br\/\",\"name\":\"https:\/\/coisasdegentepreta.com.br\",\"description\":\"\",\"publisher\":{\"@id\":\"https:\/\/coisasdegentepreta.com.br\/#organization\"},\"potentialAction\":[{\"@type\":\"SearchAction\",\"target\":{\"@type\":\"EntryPoint\",\"urlTemplate\":\"https:\/\/coisasdegentepreta.com.br\/?s={search_term_string}\"},\"query-input\":{\"@type\":\"PropertyValueSpecification\",\"valueRequired\":true,\"valueName\":\"search_term_string\"}}],\"inLanguage\":\"en-US\"},{\"@type\":\"Organization\",\"@id\":\"https:\/\/coisasdegentepreta.com.br\/#organization\",\"name\":\"Espa\u00e7o de Capacita\u00e7\u00e3o M\u00e1rcio Madeira RJ\",\"url\":\"https:\/\/coisasdegentepreta.com.br\/\",\"logo\":{\"@type\":\"ImageObject\",\"inLanguage\":\"en-US\",\"@id\":\"https:\/\/coisasdegentepreta.com.br\/#\/schema\/logo\/image\/\",\"url\":\"https:\/\/coisasdegentepreta.com.br\/wp-content\/uploads\/2023\/12\/logo-2.png\",\"contentUrl\":\"https:\/\/coisasdegentepreta.com.br\/wp-content\/uploads\/2023\/12\/logo-2.png\",\"width\":2064,\"height\":1021,\"caption\":\"Espa\u00e7o de Capacita\u00e7\u00e3o M\u00e1rcio Madeira RJ\"},\"image\":{\"@id\":\"https:\/\/coisasdegentepreta.com.br\/#\/schema\/logo\/image\/\"},\"sameAs\":[\"https:\/\/facebook.com\/cmmcomcoisasdegente\",\"https:\/\/x.com\/cmmcomcoisasdegente\",\"https:\/\/instagram.com\/cmmcomcoisasdegente\"]}]}<\/script>\n<!-- \/ Yoast SEO plugin. -->","yoast_head_json":{"title":"Frente Negra Brasileira: entre a mem\u00f3ria e a atualidade da luta -","robots":{"index":"index","follow":"follow","max-snippet":"max-snippet:-1","max-image-preview":"max-image-preview:large","max-video-preview":"max-video-preview:-1"},"canonical":"https:\/\/coisasdegentepreta.com.br\/index.php\/frente-negra-brasileira-entre-a-memoria-e-a-atualidade-da-luta\/","og_locale":"en_US","og_type":"article","og_title":"Frente Negra Brasileira: entre a mem\u00f3ria e a atualidade da luta -","og_description":"Frente Negra Brasileira: entre a mem\u00f3ria e a atualidade da luta Fundada em 1931, em S\u00e3o Paulo, a Frente Negra Brasileira (FNB) representou uma das mais estruturadas organiza\u00e7\u00f5es de afrodescendentes no Brasil do s\u00e9culo XX. Em um contexto de exclus\u00e3o sistem\u00e1tica da popula\u00e7\u00e3o negra, a Frente n\u00e3o se limitou \u00e0 den\u00fancia, mas prop\u00f4s alternativas concretas &hellip; Frente Negra Brasileira: entre a mem\u00f3ria e a atualidade da luta Read More &raquo;","og_url":"https:\/\/coisasdegentepreta.com.br\/index.php\/frente-negra-brasileira-entre-a-memoria-e-a-atualidade-da-luta\/","article_publisher":"https:\/\/facebook.com\/cmmcomcoisasdegente","article_modified_time":"2025-10-06T02:40:21+00:00","og_image":[{"width":296,"height":370,"url":"https:\/\/coisasdegentepreta.com.br\/wp-content\/uploads\/2025\/10\/Imagem-do-WhatsApp-de-2025-10-04-as-21.43.34_e4ae3565.jpg","type":"image\/jpeg"}],"twitter_card":"summary_large_image","twitter_site":"@cmmcomcoisasdegente","twitter_misc":{"Est. reading time":"2 minutes"},"schema":{"@context":"https:\/\/schema.org","@graph":[{"@type":"WebPage","@id":"https:\/\/coisasdegentepreta.com.br\/index.php\/frente-negra-brasileira-entre-a-memoria-e-a-atualidade-da-luta\/","url":"https:\/\/coisasdegentepreta.com.br\/index.php\/frente-negra-brasileira-entre-a-memoria-e-a-atualidade-da-luta\/","name":"Frente Negra Brasileira: entre a mem\u00f3ria e a atualidade da luta -","isPartOf":{"@id":"https:\/\/coisasdegentepreta.com.br\/#website"},"primaryImageOfPage":{"@id":"https:\/\/coisasdegentepreta.com.br\/index.php\/frente-negra-brasileira-entre-a-memoria-e-a-atualidade-da-luta\/#primaryimage"},"image":{"@id":"https:\/\/coisasdegentepreta.com.br\/index.php\/frente-negra-brasileira-entre-a-memoria-e-a-atualidade-da-luta\/#primaryimage"},"thumbnailUrl":"https:\/\/coisasdegentepreta.com.br\/wp-content\/uploads\/2025\/10\/Imagem-do-WhatsApp-de-2025-10-04-as-21.43.34_e4ae3565.jpg","datePublished":"2025-10-06T02:37:48+00:00","dateModified":"2025-10-06T02:40:21+00:00","breadcrumb":{"@id":"https:\/\/coisasdegentepreta.com.br\/index.php\/frente-negra-brasileira-entre-a-memoria-e-a-atualidade-da-luta\/#breadcrumb"},"inLanguage":"en-US","potentialAction":[{"@type":"ReadAction","target":["https:\/\/coisasdegentepreta.com.br\/index.php\/frente-negra-brasileira-entre-a-memoria-e-a-atualidade-da-luta\/"]}]},{"@type":"ImageObject","inLanguage":"en-US","@id":"https:\/\/coisasdegentepreta.com.br\/index.php\/frente-negra-brasileira-entre-a-memoria-e-a-atualidade-da-luta\/#primaryimage","url":"https:\/\/coisasdegentepreta.com.br\/wp-content\/uploads\/2025\/10\/Imagem-do-WhatsApp-de-2025-10-04-as-21.43.34_e4ae3565.jpg","contentUrl":"https:\/\/coisasdegentepreta.com.br\/wp-content\/uploads\/2025\/10\/Imagem-do-WhatsApp-de-2025-10-04-as-21.43.34_e4ae3565.jpg","width":296,"height":370},{"@type":"BreadcrumbList","@id":"https:\/\/coisasdegentepreta.com.br\/index.php\/frente-negra-brasileira-entre-a-memoria-e-a-atualidade-da-luta\/#breadcrumb","itemListElement":[{"@type":"ListItem","position":1,"name":"ECMM","item":"https:\/\/coisasdegentepreta.com.br\/"},{"@type":"ListItem","position":2,"name":"Frente Negra Brasileira: entre a mem\u00f3ria e a atualidade da luta"}]},{"@type":"WebSite","@id":"https:\/\/coisasdegentepreta.com.br\/#website","url":"https:\/\/coisasdegentepreta.com.br\/","name":"https:\/\/coisasdegentepreta.com.br","description":"","publisher":{"@id":"https:\/\/coisasdegentepreta.com.br\/#organization"},"potentialAction":[{"@type":"SearchAction","target":{"@type":"EntryPoint","urlTemplate":"https:\/\/coisasdegentepreta.com.br\/?s={search_term_string}"},"query-input":{"@type":"PropertyValueSpecification","valueRequired":true,"valueName":"search_term_string"}}],"inLanguage":"en-US"},{"@type":"Organization","@id":"https:\/\/coisasdegentepreta.com.br\/#organization","name":"Espa\u00e7o de Capacita\u00e7\u00e3o M\u00e1rcio Madeira RJ","url":"https:\/\/coisasdegentepreta.com.br\/","logo":{"@type":"ImageObject","inLanguage":"en-US","@id":"https:\/\/coisasdegentepreta.com.br\/#\/schema\/logo\/image\/","url":"https:\/\/coisasdegentepreta.com.br\/wp-content\/uploads\/2023\/12\/logo-2.png","contentUrl":"https:\/\/coisasdegentepreta.com.br\/wp-content\/uploads\/2023\/12\/logo-2.png","width":2064,"height":1021,"caption":"Espa\u00e7o de Capacita\u00e7\u00e3o M\u00e1rcio Madeira RJ"},"image":{"@id":"https:\/\/coisasdegentepreta.com.br\/#\/schema\/logo\/image\/"},"sameAs":["https:\/\/facebook.com\/cmmcomcoisasdegente","https:\/\/x.com\/cmmcomcoisasdegente","https:\/\/instagram.com\/cmmcomcoisasdegente"]}]}},"_links":{"self":[{"href":"https:\/\/coisasdegentepreta.com.br\/index.php\/wp-json\/wp\/v2\/pages\/7340","targetHints":{"allow":["GET"]}}],"collection":[{"href":"https:\/\/coisasdegentepreta.com.br\/index.php\/wp-json\/wp\/v2\/pages"}],"about":[{"href":"https:\/\/coisasdegentepreta.com.br\/index.php\/wp-json\/wp\/v2\/types\/page"}],"author":[{"embeddable":true,"href":"https:\/\/coisasdegentepreta.com.br\/index.php\/wp-json\/wp\/v2\/users\/1"}],"replies":[{"embeddable":true,"href":"https:\/\/coisasdegentepreta.com.br\/index.php\/wp-json\/wp\/v2\/comments?post=7340"}],"version-history":[{"count":4,"href":"https:\/\/coisasdegentepreta.com.br\/index.php\/wp-json\/wp\/v2\/pages\/7340\/revisions"}],"predecessor-version":[{"id":7345,"href":"https:\/\/coisasdegentepreta.com.br\/index.php\/wp-json\/wp\/v2\/pages\/7340\/revisions\/7345"}],"wp:attachment":[{"href":"https:\/\/coisasdegentepreta.com.br\/index.php\/wp-json\/wp\/v2\/media?parent=7340"}],"curies":[{"name":"wp","href":"https:\/\/api.w.org\/{rel}","templated":true}]}}