{"id":7323,"date":"2025-10-05T23:18:49","date_gmt":"2025-10-06T02:18:49","guid":{"rendered":"https:\/\/coisasdegentepreta.com.br\/?page_id=7323"},"modified":"2025-10-05T23:48:16","modified_gmt":"2025-10-06T02:48:16","slug":"pcn-partido-da-causa-negra","status":"publish","type":"page","link":"https:\/\/coisasdegentepreta.com.br\/index.php\/pcn-partido-da-causa-negra\/","title":{"rendered":"PCN &#8211; Partido da Causa Negra"},"content":{"rendered":"\t\t<div data-elementor-type=\"wp-page\" data-elementor-id=\"7323\" class=\"elementor elementor-7323\">\n\t\t\t\t<div class=\"elementor-element elementor-element-e2d89f8 e-flex e-con-boxed e-con e-parent\" data-id=\"e2d89f8\" data-element_type=\"container\" data-settings=\"{&quot;background_background&quot;:&quot;classic&quot;}\">\n\t\t\t\t\t<div class=\"e-con-inner\">\n\t\t<div class=\"elementor-element elementor-element-b801757 e-con-full e-flex e-con e-child\" data-id=\"b801757\" data-element_type=\"container\" data-settings=\"{&quot;background_background&quot;:&quot;classic&quot;}\">\n\t\t\t\t<div class=\"elementor-element elementor-element-90cfcf9 elementor-widget elementor-widget-image\" data-id=\"90cfcf9\" data-element_type=\"widget\" data-widget_type=\"image.default\">\n\t\t\t\t<div class=\"elementor-widget-container\">\n\t\t\t\t\t\t\t\t\t\t\t\t\t\t\t<img fetchpriority=\"high\" decoding=\"async\" width=\"1080\" height=\"1053\" src=\"https:\/\/coisasdegentepreta.com.br\/wp-content\/uploads\/2025\/10\/Imagem-do-WhatsApp-de-2025-10-04-as-21.43.33_5ad26a7e.jpg\" class=\"attachment-full size-full wp-image-7325\" alt=\"\" srcset=\"https:\/\/coisasdegentepreta.com.br\/wp-content\/uploads\/2025\/10\/Imagem-do-WhatsApp-de-2025-10-04-as-21.43.33_5ad26a7e.jpg 1080w, https:\/\/coisasdegentepreta.com.br\/wp-content\/uploads\/2025\/10\/Imagem-do-WhatsApp-de-2025-10-04-as-21.43.33_5ad26a7e-300x293.jpg 300w, https:\/\/coisasdegentepreta.com.br\/wp-content\/uploads\/2025\/10\/Imagem-do-WhatsApp-de-2025-10-04-as-21.43.33_5ad26a7e-1024x998.jpg 1024w, https:\/\/coisasdegentepreta.com.br\/wp-content\/uploads\/2025\/10\/Imagem-do-WhatsApp-de-2025-10-04-as-21.43.33_5ad26a7e-768x749.jpg 768w, https:\/\/coisasdegentepreta.com.br\/wp-content\/uploads\/2025\/10\/Imagem-do-WhatsApp-de-2025-10-04-as-21.43.33_5ad26a7e-600x585.jpg 600w\" sizes=\"(max-width: 1080px) 100vw, 1080px\" \/>\t\t\t\t\t\t\t\t\t\t\t\t\t\t\t<\/div>\n\t\t\t\t<\/div>\n\t\t\t\t<\/div>\n\t\t<div class=\"elementor-element elementor-element-eb523d8 e-con-full e-flex e-con e-child\" data-id=\"eb523d8\" data-element_type=\"container\" data-settings=\"{&quot;background_background&quot;:&quot;classic&quot;}\">\n\t\t\t\t<div class=\"elementor-element elementor-element-34c0aa9 elementor-widget elementor-widget-heading\" data-id=\"34c0aa9\" data-element_type=\"widget\" data-widget_type=\"heading.default\">\n\t\t\t\t<div class=\"elementor-widget-container\">\n\t\t\t\t\t<h2 class=\"elementor-heading-title elementor-size-default\">O novo partido negro chegou: PCN entra em cena para transformar o Brasil!<\/h2>\t\t\t\t<\/div>\n\t\t\t\t<\/div>\n\t\t\t\t<div class=\"elementor-element elementor-element-8a782ca elementor-widget elementor-widget-text-editor\" data-id=\"8a782ca\" data-element_type=\"widget\" data-widget_type=\"text-editor.default\">\n\t\t\t\t<div class=\"elementor-widget-container\">\n\t\t\t\t\t\t\t\t\t<p>O Brasil \u00e9 marcado pelo racismo estrutural, heran\u00e7a direta de s\u00e9culos de escravid\u00e3o. A aboli\u00e7\u00e3o em 1888 n\u00e3o significou liberdade plena para o povo negro, que continua sendo minoria nos espa\u00e7os de poder e majorit\u00e1rio nas estat\u00edsticas de viol\u00eancia, desemprego, fome e exclus\u00e3o.<\/p><p>Diante desse contexto, foi fundado o Partido da Causa Negra (PCN), com o objetivo de ser instrumento de luta, protagonismo pol\u00edtico e mobiliza\u00e7\u00e3o popular. O partido defende que a igualdade racial \u00e9 fundamento da verdadeira democracia, a repara\u00e7\u00e3o hist\u00f3rica \u00e9 necess\u00e1ria e a contribui\u00e7\u00e3o negra para a forma\u00e7\u00e3o do Brasil deve ser plenamente reconhecida.<\/p><p>O PCN se orienta pelo combate ao racismo estrutural, pela valoriza\u00e7\u00e3o da cultura afro-brasileira, pela justi\u00e7a social, pela democracia participativa, pela defesa da vida e pela soberania nacional. Entre suas metas est\u00e3o garantir poder pol\u00edtico \u00e0 popula\u00e7\u00e3o negra, fortalecer a participa\u00e7\u00e3o da juventude, das mulheres e dos quilombolas, promover educa\u00e7\u00e3o e sa\u00fade inclusivas, combater a viol\u00eancia policial e impulsionar o empreendedorismo negro.<\/p><p>Mais do que um partido de gabinete, o PCN prop\u00f5e-se como partido de rua, de base popular, atuando em bairros, favelas, quilombos, escolas, universidades, f\u00e1bricas e locais de trabalho. Cada militante \u00e9 convidado a ser sujeito da transforma\u00e7\u00e3o, e cada a\u00e7\u00e3o representa resposta hist\u00f3rica \u00e0 exclus\u00e3o e \u00e0 injusti\u00e7a.<\/p><p>O PCN \u00e9 considerado a voz de Zumbi, Dandara, Luiz Gama, Abdias do Nascimento, Carolina Maria de Jesus e de todas as vozes negras que ecoam na hist\u00f3ria.<\/p><p>O compromisso do partido se estende ao presente e ao futuro: garantir que as novas gera\u00e7\u00f5es de crian\u00e7as negras cres\u00e7am em um pa\u00eds onde sua cor seja motivo de orgulho, e n\u00e3o de condena\u00e7\u00e3o.<\/p><p>A bandeira erguida pelo Povo Negro, Poder Negro convida toda a sociedade a se somar a essa causa.<\/p><p><br \/>Mais informa\u00e7\u00f5es: causanegra.org<\/p><p>M\u00e1rcio Madeira \u2234 Respons\u00e1vel pelo Portal Coisas de Gente Pret<\/p>\t\t\t\t\t\t\t\t<\/div>\n\t\t\t\t<\/div>\n\t\t\t\t<\/div>\n\t\t\t\t\t<\/div>\n\t\t\t\t<\/div>\n\t\t\t\t<\/div>\n\t\t","protected":false},"excerpt":{"rendered":"<p>O novo partido negro chegou: PCN entra em cena para transformar o Brasil! O Brasil \u00e9 marcado pelo racismo estrutural, heran\u00e7a direta de s\u00e9culos de escravid\u00e3o. A aboli\u00e7\u00e3o em 1888 n\u00e3o significou liberdade plena para o povo negro, que continua sendo minoria nos espa\u00e7os de poder e majorit\u00e1rio nas estat\u00edsticas de viol\u00eancia, desemprego, fome e &hellip;<\/p>\n<p class=\"read-more\"> <a class=\"\" href=\"https:\/\/coisasdegentepreta.com.br\/index.php\/pcn-partido-da-causa-negra\/\"> <span class=\"screen-reader-text\">PCN &#8211; Partido da Causa Negra<\/span> Read More &raquo;<\/a><\/p>\n","protected":false},"author":1,"featured_media":0,"parent":0,"menu_order":0,"comment_status":"closed","ping_status":"closed","template":"","meta":{"site-sidebar-layout":"no-sidebar","site-content-layout":"","ast-site-content-layout":"full-width-container","site-content-style":"default","site-sidebar-style":"default","ast-global-header-display":"","ast-banner-title-visibility":"","ast-main-header-display":"","ast-hfb-above-header-display":"","ast-hfb-below-header-display":"","ast-hfb-mobile-header-display":"","site-post-title":"disabled","ast-breadcrumbs-content":"","ast-featured-img":"disabled","footer-sml-layout":"","theme-transparent-header-meta":"","adv-header-id-meta":"","stick-header-meta":"","header-above-stick-meta":"","header-main-stick-meta":"","header-below-stick-meta":"","astra-migrate-meta-layouts":"default","ast-page-background-enabled":"default","ast-page-background-meta":{"desktop":{"background-color":"var(--ast-global-color-4)","background-image":"","background-repeat":"repeat","background-position":"center center","background-size":"auto","background-attachment":"scroll","background-type":"","background-media":"","overlay-type":"","overlay-color":"","overlay-gradient":""},"tablet":{"background-color":"","background-image":"","background-repeat":"repeat","background-position":"center center","background-size":"auto","background-attachment":"scroll","background-type":"","background-media":"","overlay-type":"","overlay-color":"","overlay-gradient":""},"mobile":{"background-color":"","background-image":"","background-repeat":"repeat","background-position":"center center","background-size":"auto","background-attachment":"scroll","background-type":"","background-media":"","overlay-type":"","overlay-color":"","overlay-gradient":""}},"ast-content-background-meta":{"desktop":{"background-color":"var(--ast-global-color-5)","background-image":"","background-repeat":"repeat","background-position":"center center","background-size":"auto","background-attachment":"scroll","background-type":"","background-media":"","overlay-type":"","overlay-color":"","overlay-gradient":""},"tablet":{"background-color":"var(--ast-global-color-5)","background-image":"","background-repeat":"repeat","background-position":"center center","background-size":"auto","background-attachment":"scroll","background-type":"","background-media":"","overlay-type":"","overlay-color":"","overlay-gradient":""},"mobile":{"background-color":"var(--ast-global-color-5)","background-image":"","background-repeat":"repeat","background-position":"center center","background-size":"auto","background-attachment":"scroll","background-type":"","background-media":"","overlay-type":"","overlay-color":"","overlay-gradient":""}},"footnotes":""},"class_list":["post-7323","page","type-page","status-publish","hentry"],"yoast_head":"<!-- This site is optimized with the Yoast SEO plugin v24.2 - https:\/\/yoast.com\/wordpress\/plugins\/seo\/ -->\n<title>PCN - Partido da Causa Negra -<\/title>\n<meta name=\"robots\" content=\"index, follow, max-snippet:-1, max-image-preview:large, max-video-preview:-1\" \/>\n<link rel=\"canonical\" href=\"https:\/\/coisasdegentepreta.com.br\/index.php\/pcn-partido-da-causa-negra\/\" \/>\n<meta property=\"og:locale\" content=\"en_US\" \/>\n<meta property=\"og:type\" content=\"article\" \/>\n<meta property=\"og:title\" content=\"PCN - Partido da Causa Negra -\" \/>\n<meta property=\"og:description\" content=\"O novo partido negro chegou: PCN entra em cena para transformar o Brasil! O Brasil \u00e9 marcado pelo racismo estrutural, heran\u00e7a direta de s\u00e9culos de escravid\u00e3o. A aboli\u00e7\u00e3o em 1888 n\u00e3o significou liberdade plena para o povo negro, que continua sendo minoria nos espa\u00e7os de poder e majorit\u00e1rio nas estat\u00edsticas de viol\u00eancia, desemprego, fome e &hellip; PCN &#8211; Partido da Causa Negra Read More &raquo;\" \/>\n<meta property=\"og:url\" content=\"https:\/\/coisasdegentepreta.com.br\/index.php\/pcn-partido-da-causa-negra\/\" \/>\n<meta property=\"article:publisher\" content=\"https:\/\/facebook.com\/cmmcomcoisasdegente\" \/>\n<meta property=\"article:modified_time\" content=\"2025-10-06T02:48:16+00:00\" \/>\n<meta property=\"og:image\" content=\"https:\/\/coisasdegentepreta.com.br\/wp-content\/uploads\/2025\/10\/Imagem-do-WhatsApp-de-2025-10-04-as-21.43.33_5ad26a7e.jpg\" \/>\n\t<meta property=\"og:image:width\" content=\"1080\" \/>\n\t<meta property=\"og:image:height\" content=\"1053\" \/>\n\t<meta property=\"og:image:type\" content=\"image\/jpeg\" \/>\n<meta name=\"twitter:card\" content=\"summary_large_image\" \/>\n<meta name=\"twitter:site\" content=\"@cmmcomcoisasdegente\" \/>\n<meta name=\"twitter:label1\" content=\"Est. reading time\" \/>\n\t<meta name=\"twitter:data1\" content=\"2 minutes\" \/>\n<script type=\"application\/ld+json\" class=\"yoast-schema-graph\">{\"@context\":\"https:\/\/schema.org\",\"@graph\":[{\"@type\":\"WebPage\",\"@id\":\"https:\/\/coisasdegentepreta.com.br\/index.php\/pcn-partido-da-causa-negra\/\",\"url\":\"https:\/\/coisasdegentepreta.com.br\/index.php\/pcn-partido-da-causa-negra\/\",\"name\":\"PCN - Partido da Causa Negra -\",\"isPartOf\":{\"@id\":\"https:\/\/coisasdegentepreta.com.br\/#website\"},\"primaryImageOfPage\":{\"@id\":\"https:\/\/coisasdegentepreta.com.br\/index.php\/pcn-partido-da-causa-negra\/#primaryimage\"},\"image\":{\"@id\":\"https:\/\/coisasdegentepreta.com.br\/index.php\/pcn-partido-da-causa-negra\/#primaryimage\"},\"thumbnailUrl\":\"https:\/\/coisasdegentepreta.com.br\/wp-content\/uploads\/2025\/10\/Imagem-do-WhatsApp-de-2025-10-04-as-21.43.33_5ad26a7e.jpg\",\"datePublished\":\"2025-10-06T02:18:49+00:00\",\"dateModified\":\"2025-10-06T02:48:16+00:00\",\"breadcrumb\":{\"@id\":\"https:\/\/coisasdegentepreta.com.br\/index.php\/pcn-partido-da-causa-negra\/#breadcrumb\"},\"inLanguage\":\"en-US\",\"potentialAction\":[{\"@type\":\"ReadAction\",\"target\":[\"https:\/\/coisasdegentepreta.com.br\/index.php\/pcn-partido-da-causa-negra\/\"]}]},{\"@type\":\"ImageObject\",\"inLanguage\":\"en-US\",\"@id\":\"https:\/\/coisasdegentepreta.com.br\/index.php\/pcn-partido-da-causa-negra\/#primaryimage\",\"url\":\"https:\/\/coisasdegentepreta.com.br\/wp-content\/uploads\/2025\/10\/Imagem-do-WhatsApp-de-2025-10-04-as-21.43.33_5ad26a7e.jpg\",\"contentUrl\":\"https:\/\/coisasdegentepreta.com.br\/wp-content\/uploads\/2025\/10\/Imagem-do-WhatsApp-de-2025-10-04-as-21.43.33_5ad26a7e.jpg\",\"width\":1080,\"height\":1053},{\"@type\":\"BreadcrumbList\",\"@id\":\"https:\/\/coisasdegentepreta.com.br\/index.php\/pcn-partido-da-causa-negra\/#breadcrumb\",\"itemListElement\":[{\"@type\":\"ListItem\",\"position\":1,\"name\":\"ECMM\",\"item\":\"https:\/\/coisasdegentepreta.com.br\/\"},{\"@type\":\"ListItem\",\"position\":2,\"name\":\"PCN &#8211; Partido da Causa Negra\"}]},{\"@type\":\"WebSite\",\"@id\":\"https:\/\/coisasdegentepreta.com.br\/#website\",\"url\":\"https:\/\/coisasdegentepreta.com.br\/\",\"name\":\"https:\/\/coisasdegentepreta.com.br\",\"description\":\"\",\"publisher\":{\"@id\":\"https:\/\/coisasdegentepreta.com.br\/#organization\"},\"potentialAction\":[{\"@type\":\"SearchAction\",\"target\":{\"@type\":\"EntryPoint\",\"urlTemplate\":\"https:\/\/coisasdegentepreta.com.br\/?s={search_term_string}\"},\"query-input\":{\"@type\":\"PropertyValueSpecification\",\"valueRequired\":true,\"valueName\":\"search_term_string\"}}],\"inLanguage\":\"en-US\"},{\"@type\":\"Organization\",\"@id\":\"https:\/\/coisasdegentepreta.com.br\/#organization\",\"name\":\"Espa\u00e7o de Capacita\u00e7\u00e3o M\u00e1rcio Madeira RJ\",\"url\":\"https:\/\/coisasdegentepreta.com.br\/\",\"logo\":{\"@type\":\"ImageObject\",\"inLanguage\":\"en-US\",\"@id\":\"https:\/\/coisasdegentepreta.com.br\/#\/schema\/logo\/image\/\",\"url\":\"https:\/\/coisasdegentepreta.com.br\/wp-content\/uploads\/2023\/12\/logo-2.png\",\"contentUrl\":\"https:\/\/coisasdegentepreta.com.br\/wp-content\/uploads\/2023\/12\/logo-2.png\",\"width\":2064,\"height\":1021,\"caption\":\"Espa\u00e7o de Capacita\u00e7\u00e3o M\u00e1rcio Madeira RJ\"},\"image\":{\"@id\":\"https:\/\/coisasdegentepreta.com.br\/#\/schema\/logo\/image\/\"},\"sameAs\":[\"https:\/\/facebook.com\/cmmcomcoisasdegente\",\"https:\/\/x.com\/cmmcomcoisasdegente\",\"https:\/\/instagram.com\/cmmcomcoisasdegente\"]}]}<\/script>\n<!-- \/ Yoast SEO plugin. -->","yoast_head_json":{"title":"PCN - Partido da Causa Negra -","robots":{"index":"index","follow":"follow","max-snippet":"max-snippet:-1","max-image-preview":"max-image-preview:large","max-video-preview":"max-video-preview:-1"},"canonical":"https:\/\/coisasdegentepreta.com.br\/index.php\/pcn-partido-da-causa-negra\/","og_locale":"en_US","og_type":"article","og_title":"PCN - Partido da Causa Negra -","og_description":"O novo partido negro chegou: PCN entra em cena para transformar o Brasil! O Brasil \u00e9 marcado pelo racismo estrutural, heran\u00e7a direta de s\u00e9culos de escravid\u00e3o. A aboli\u00e7\u00e3o em 1888 n\u00e3o significou liberdade plena para o povo negro, que continua sendo minoria nos espa\u00e7os de poder e majorit\u00e1rio nas estat\u00edsticas de viol\u00eancia, desemprego, fome e &hellip; PCN &#8211; Partido da Causa Negra Read More &raquo;","og_url":"https:\/\/coisasdegentepreta.com.br\/index.php\/pcn-partido-da-causa-negra\/","article_publisher":"https:\/\/facebook.com\/cmmcomcoisasdegente","article_modified_time":"2025-10-06T02:48:16+00:00","og_image":[{"width":1080,"height":1053,"url":"https:\/\/coisasdegentepreta.com.br\/wp-content\/uploads\/2025\/10\/Imagem-do-WhatsApp-de-2025-10-04-as-21.43.33_5ad26a7e.jpg","type":"image\/jpeg"}],"twitter_card":"summary_large_image","twitter_site":"@cmmcomcoisasdegente","twitter_misc":{"Est. reading time":"2 minutes"},"schema":{"@context":"https:\/\/schema.org","@graph":[{"@type":"WebPage","@id":"https:\/\/coisasdegentepreta.com.br\/index.php\/pcn-partido-da-causa-negra\/","url":"https:\/\/coisasdegentepreta.com.br\/index.php\/pcn-partido-da-causa-negra\/","name":"PCN - Partido da Causa Negra -","isPartOf":{"@id":"https:\/\/coisasdegentepreta.com.br\/#website"},"primaryImageOfPage":{"@id":"https:\/\/coisasdegentepreta.com.br\/index.php\/pcn-partido-da-causa-negra\/#primaryimage"},"image":{"@id":"https:\/\/coisasdegentepreta.com.br\/index.php\/pcn-partido-da-causa-negra\/#primaryimage"},"thumbnailUrl":"https:\/\/coisasdegentepreta.com.br\/wp-content\/uploads\/2025\/10\/Imagem-do-WhatsApp-de-2025-10-04-as-21.43.33_5ad26a7e.jpg","datePublished":"2025-10-06T02:18:49+00:00","dateModified":"2025-10-06T02:48:16+00:00","breadcrumb":{"@id":"https:\/\/coisasdegentepreta.com.br\/index.php\/pcn-partido-da-causa-negra\/#breadcrumb"},"inLanguage":"en-US","potentialAction":[{"@type":"ReadAction","target":["https:\/\/coisasdegentepreta.com.br\/index.php\/pcn-partido-da-causa-negra\/"]}]},{"@type":"ImageObject","inLanguage":"en-US","@id":"https:\/\/coisasdegentepreta.com.br\/index.php\/pcn-partido-da-causa-negra\/#primaryimage","url":"https:\/\/coisasdegentepreta.com.br\/wp-content\/uploads\/2025\/10\/Imagem-do-WhatsApp-de-2025-10-04-as-21.43.33_5ad26a7e.jpg","contentUrl":"https:\/\/coisasdegentepreta.com.br\/wp-content\/uploads\/2025\/10\/Imagem-do-WhatsApp-de-2025-10-04-as-21.43.33_5ad26a7e.jpg","width":1080,"height":1053},{"@type":"BreadcrumbList","@id":"https:\/\/coisasdegentepreta.com.br\/index.php\/pcn-partido-da-causa-negra\/#breadcrumb","itemListElement":[{"@type":"ListItem","position":1,"name":"ECMM","item":"https:\/\/coisasdegentepreta.com.br\/"},{"@type":"ListItem","position":2,"name":"PCN &#8211; Partido da Causa Negra"}]},{"@type":"WebSite","@id":"https:\/\/coisasdegentepreta.com.br\/#website","url":"https:\/\/coisasdegentepreta.com.br\/","name":"https:\/\/coisasdegentepreta.com.br","description":"","publisher":{"@id":"https:\/\/coisasdegentepreta.com.br\/#organization"},"potentialAction":[{"@type":"SearchAction","target":{"@type":"EntryPoint","urlTemplate":"https:\/\/coisasdegentepreta.com.br\/?s={search_term_string}"},"query-input":{"@type":"PropertyValueSpecification","valueRequired":true,"valueName":"search_term_string"}}],"inLanguage":"en-US"},{"@type":"Organization","@id":"https:\/\/coisasdegentepreta.com.br\/#organization","name":"Espa\u00e7o de Capacita\u00e7\u00e3o M\u00e1rcio Madeira RJ","url":"https:\/\/coisasdegentepreta.com.br\/","logo":{"@type":"ImageObject","inLanguage":"en-US","@id":"https:\/\/coisasdegentepreta.com.br\/#\/schema\/logo\/image\/","url":"https:\/\/coisasdegentepreta.com.br\/wp-content\/uploads\/2023\/12\/logo-2.png","contentUrl":"https:\/\/coisasdegentepreta.com.br\/wp-content\/uploads\/2023\/12\/logo-2.png","width":2064,"height":1021,"caption":"Espa\u00e7o de Capacita\u00e7\u00e3o M\u00e1rcio Madeira RJ"},"image":{"@id":"https:\/\/coisasdegentepreta.com.br\/#\/schema\/logo\/image\/"},"sameAs":["https:\/\/facebook.com\/cmmcomcoisasdegente","https:\/\/x.com\/cmmcomcoisasdegente","https:\/\/instagram.com\/cmmcomcoisasdegente"]}]}},"_links":{"self":[{"href":"https:\/\/coisasdegentepreta.com.br\/index.php\/wp-json\/wp\/v2\/pages\/7323","targetHints":{"allow":["GET"]}}],"collection":[{"href":"https:\/\/coisasdegentepreta.com.br\/index.php\/wp-json\/wp\/v2\/pages"}],"about":[{"href":"https:\/\/coisasdegentepreta.com.br\/index.php\/wp-json\/wp\/v2\/types\/page"}],"author":[{"embeddable":true,"href":"https:\/\/coisasdegentepreta.com.br\/index.php\/wp-json\/wp\/v2\/users\/1"}],"replies":[{"embeddable":true,"href":"https:\/\/coisasdegentepreta.com.br\/index.php\/wp-json\/wp\/v2\/comments?post=7323"}],"version-history":[{"count":7,"href":"https:\/\/coisasdegentepreta.com.br\/index.php\/wp-json\/wp\/v2\/pages\/7323\/revisions"}],"predecessor-version":[{"id":7353,"href":"https:\/\/coisasdegentepreta.com.br\/index.php\/wp-json\/wp\/v2\/pages\/7323\/revisions\/7353"}],"wp:attachment":[{"href":"https:\/\/coisasdegentepreta.com.br\/index.php\/wp-json\/wp\/v2\/media?parent=7323"}],"curies":[{"name":"wp","href":"https:\/\/api.w.org\/{rel}","templated":true}]}}