{"id":7222,"date":"2025-09-27T20:20:47","date_gmt":"2025-09-27T23:20:47","guid":{"rendered":"https:\/\/coisasdegentepreta.com.br\/?page_id=7222"},"modified":"2025-09-27T20:30:52","modified_gmt":"2025-09-27T23:30:52","slug":"partido-preto","status":"publish","type":"page","link":"https:\/\/coisasdegentepreta.com.br\/index.php\/partido-preto\/","title":{"rendered":"Partido preto"},"content":{"rendered":"\t\t<div data-elementor-type=\"wp-page\" data-elementor-id=\"7222\" class=\"elementor elementor-7222\">\n\t\t\t\t<div class=\"elementor-element elementor-element-ec37a6c e-flex e-con-boxed e-con e-parent\" data-id=\"ec37a6c\" data-element_type=\"container\" data-settings=\"{&quot;background_background&quot;:&quot;classic&quot;}\">\n\t\t\t\t\t<div class=\"e-con-inner\">\n\t\t<div class=\"elementor-element elementor-element-d60d7a6 e-con-full e-flex e-con e-child\" data-id=\"d60d7a6\" data-element_type=\"container\" data-settings=\"{&quot;background_background&quot;:&quot;classic&quot;}\">\n\t\t\t\t<div class=\"elementor-element elementor-element-2d54102 elementor-widget elementor-widget-image\" data-id=\"2d54102\" data-element_type=\"widget\" data-widget_type=\"image.default\">\n\t\t\t\t<div class=\"elementor-widget-container\">\n\t\t\t\t\t\t\t\t\t\t\t\t\t\t\t<img fetchpriority=\"high\" decoding=\"async\" width=\"991\" height=\"1024\" src=\"https:\/\/coisasdegentepreta.com.br\/wp-content\/uploads\/2025\/09\/Imagem-do-WhatsApp-de-2025-09-27-as-15.23.00_9036b0a4.jpg\" class=\"attachment-full size-full wp-image-7230\" alt=\"\" srcset=\"https:\/\/coisasdegentepreta.com.br\/wp-content\/uploads\/2025\/09\/Imagem-do-WhatsApp-de-2025-09-27-as-15.23.00_9036b0a4.jpg 991w, https:\/\/coisasdegentepreta.com.br\/wp-content\/uploads\/2025\/09\/Imagem-do-WhatsApp-de-2025-09-27-as-15.23.00_9036b0a4-290x300.jpg 290w, https:\/\/coisasdegentepreta.com.br\/wp-content\/uploads\/2025\/09\/Imagem-do-WhatsApp-de-2025-09-27-as-15.23.00_9036b0a4-768x794.jpg 768w, https:\/\/coisasdegentepreta.com.br\/wp-content\/uploads\/2025\/09\/Imagem-do-WhatsApp-de-2025-09-27-as-15.23.00_9036b0a4-600x620.jpg 600w\" sizes=\"(max-width: 991px) 100vw, 991px\" \/>\t\t\t\t\t\t\t\t\t\t\t\t\t\t\t<\/div>\n\t\t\t\t<\/div>\n\t\t\t\t<\/div>\n\t\t<div class=\"elementor-element elementor-element-87d874f e-con-full e-flex e-con e-child\" data-id=\"87d874f\" data-element_type=\"container\" data-settings=\"{&quot;background_background&quot;:&quot;classic&quot;}\">\n\t\t\t\t<div class=\"elementor-element elementor-element-63d8a19 elementor-widget elementor-widget-heading\" data-id=\"63d8a19\" data-element_type=\"widget\" data-widget_type=\"heading.default\">\n\t\t\t\t<div class=\"elementor-widget-container\">\n\t\t\t\t\t<h2 class=\"elementor-heading-title elementor-size-default\">\u00c9 hora de um partido preto no Brasil!<\/h2>\t\t\t\t<\/div>\n\t\t\t\t<\/div>\n\t\t\t\t<div class=\"elementor-element elementor-element-bb295cb elementor-widget elementor-widget-text-editor\" data-id=\"bb295cb\" data-element_type=\"widget\" data-widget_type=\"text-editor.default\">\n\t\t\t\t<div class=\"elementor-widget-container\">\n\t\t\t\t\t\t\t\t\t<p>Mais de 56% da popula\u00e7\u00e3o brasileira se autodeclara preta ou parda (IBGE, 2022). Ainda assim, essa maioria n\u00e3o se reflete no poder pol\u00edtico: no Congresso, a presen\u00e7a negra n\u00e3o alcan\u00e7a 30% e, quando existe, em grande parte est\u00e1 submetida a partidos brancos, alheios \u00e0s pautas da popula\u00e7\u00e3o preta. A discrep\u00e2ncia n\u00e3o \u00e9 apenas num\u00e9rica \u2014 revela como o Brasil insiste em excluir o povo preto das decis\u00f5es sobre seu futuro.<\/p><p>A hist\u00f3ria da luta pol\u00edtica negra no Brasil mostra que a organiza\u00e7\u00e3o coletiva \u00e9 essencial. O Movimento Negro Unificado (MNU), fundado em 1978, recolocou a quest\u00e3o racial no centro do debate nacional e inspirou diversas iniciativas de mobiliza\u00e7\u00e3o e cidadania. Junto a organiza\u00e7\u00f5es como o CEAP (Centro de Articula\u00e7\u00e3o de Popula\u00e7\u00f5es Marginalizadas), o IPCN (Instituto de Pesquisas das Culturas Negras) e o Instituto Nelson Mandela, essas institui\u00e7\u00f5es refor\u00e7am a import\u00e2ncia de estrat\u00e9gias comunit\u00e1rias, educativas e de pesquisa para fortalecer a presen\u00e7a pol\u00edtica preta. O IPCN, institui\u00e7\u00e3o mais antiga com sede pr\u00f3pria, esteve \u00e0 frente da primeira marcha de pessoas pretas no Brasil, em 1986, organizou a marcha em mem\u00f3ria de Mo\u00efse, jovem congol\u00eas assassinado na Barra da Tijuca (RJ), e promoveu uma plena de aproximadamente 30 dias para auxiliar na elabora\u00e7\u00e3o da Constitui\u00e7\u00e3o de 1988, com o apoio e interven\u00e7\u00e3o da Senadora Benedita da Silva, atuando sempre nessa perspectiva de fortalecimento da participa\u00e7\u00e3o pol\u00edtica e cidadania da popula\u00e7\u00e3o negra.<\/p><p>Experi\u00eancias internacionais ajudam a iluminar caminhos. Nos Estados Unidos, o Congressional Black Caucus atua com peso dentro do sistema, e movimentos hist\u00f3ricos como os Panteras Negras refor\u00e7am a import\u00e2ncia da organiza\u00e7\u00e3o aut\u00f4noma e da luta por direitos civis e sociais. Em pa\u00edses africanos e caribenhos, partidos negros foram decisivos para mudan\u00e7as estruturais. O recado \u00e9 claro: autonomia n\u00e3o nasce do favor, mas da organiza\u00e7\u00e3o.<\/p><p>Por isso, cabe perguntar: n\u00e3o chegou a hora de retomarmos o debate sobre um partido preto no Brasil? A quest\u00e3o vai al\u00e9m da formaliza\u00e7\u00e3o de uma sigla; trata-se de garantir que a maioria da popula\u00e7\u00e3o possa disputar projetos de pa\u00eds a partir de sua pr\u00f3pria perspectiva, sem intermedia\u00e7\u00f5es que historicamente nos silenciaram.<\/p><p>O desafio \u00e9 grande e exige constru\u00e7\u00e3o coletiva, debate amplo e coragem pol\u00edtica. Mas talvez este seja o momento de pensar na cria\u00e7\u00e3o de um partido que seja express\u00e3o direta da luta, da representa\u00e7\u00e3o e da perspectiva do povo preto.<\/p><p>M\u00e1rcio Madeira \u2013 Respons\u00e1vel pelo Instituto Coisas de Gente Preta \/ Portal Coisas de Gente Preta<\/p>\t\t\t\t\t\t\t\t<\/div>\n\t\t\t\t<\/div>\n\t\t\t\t<\/div>\n\t\t\t\t\t<\/div>\n\t\t\t\t<\/div>\n\t\t\t\t<\/div>\n\t\t","protected":false},"excerpt":{"rendered":"<p>\u00c9 hora de um partido preto no Brasil! Mais de 56% da popula\u00e7\u00e3o brasileira se autodeclara preta ou parda (IBGE, 2022). Ainda assim, essa maioria n\u00e3o se reflete no poder pol\u00edtico: no Congresso, a presen\u00e7a negra n\u00e3o alcan\u00e7a 30% e, quando existe, em grande parte est\u00e1 submetida a partidos brancos, alheios \u00e0s pautas da popula\u00e7\u00e3o &hellip;<\/p>\n<p class=\"read-more\"> <a class=\"\" href=\"https:\/\/coisasdegentepreta.com.br\/index.php\/partido-preto\/\"> <span class=\"screen-reader-text\">Partido preto<\/span> Read More &raquo;<\/a><\/p>\n","protected":false},"author":1,"featured_media":0,"parent":0,"menu_order":0,"comment_status":"closed","ping_status":"closed","template":"","meta":{"site-sidebar-layout":"no-sidebar","site-content-layout":"","ast-site-content-layout":"full-width-container","site-content-style":"default","site-sidebar-style":"default","ast-global-header-display":"","ast-banner-title-visibility":"","ast-main-header-display":"","ast-hfb-above-header-display":"","ast-hfb-below-header-display":"","ast-hfb-mobile-header-display":"","site-post-title":"disabled","ast-breadcrumbs-content":"","ast-featured-img":"disabled","footer-sml-layout":"","theme-transparent-header-meta":"","adv-header-id-meta":"","stick-header-meta":"","header-above-stick-meta":"","header-main-stick-meta":"","header-below-stick-meta":"","astra-migrate-meta-layouts":"default","ast-page-background-enabled":"default","ast-page-background-meta":{"desktop":{"background-color":"var(--ast-global-color-4)","background-image":"","background-repeat":"repeat","background-position":"center center","background-size":"auto","background-attachment":"scroll","background-type":"","background-media":"","overlay-type":"","overlay-color":"","overlay-gradient":""},"tablet":{"background-color":"","background-image":"","background-repeat":"repeat","background-position":"center center","background-size":"auto","background-attachment":"scroll","background-type":"","background-media":"","overlay-type":"","overlay-color":"","overlay-gradient":""},"mobile":{"background-color":"","background-image":"","background-repeat":"repeat","background-position":"center center","background-size":"auto","background-attachment":"scroll","background-type":"","background-media":"","overlay-type":"","overlay-color":"","overlay-gradient":""}},"ast-content-background-meta":{"desktop":{"background-color":"var(--ast-global-color-5)","background-image":"","background-repeat":"repeat","background-position":"center center","background-size":"auto","background-attachment":"scroll","background-type":"","background-media":"","overlay-type":"","overlay-color":"","overlay-gradient":""},"tablet":{"background-color":"var(--ast-global-color-5)","background-image":"","background-repeat":"repeat","background-position":"center center","background-size":"auto","background-attachment":"scroll","background-type":"","background-media":"","overlay-type":"","overlay-color":"","overlay-gradient":""},"mobile":{"background-color":"var(--ast-global-color-5)","background-image":"","background-repeat":"repeat","background-position":"center center","background-size":"auto","background-attachment":"scroll","background-type":"","background-media":"","overlay-type":"","overlay-color":"","overlay-gradient":""}},"footnotes":""},"class_list":["post-7222","page","type-page","status-publish","hentry"],"yoast_head":"<!-- This site is optimized with the Yoast SEO plugin v24.2 - https:\/\/yoast.com\/wordpress\/plugins\/seo\/ -->\n<title>Partido preto -<\/title>\n<meta name=\"robots\" content=\"index, follow, max-snippet:-1, max-image-preview:large, max-video-preview:-1\" \/>\n<link rel=\"canonical\" href=\"https:\/\/coisasdegentepreta.com.br\/index.php\/partido-preto\/\" \/>\n<meta property=\"og:locale\" content=\"en_US\" \/>\n<meta property=\"og:type\" content=\"article\" \/>\n<meta property=\"og:title\" content=\"Partido preto -\" \/>\n<meta property=\"og:description\" content=\"\u00c9 hora de um partido preto no Brasil! Mais de 56% da popula\u00e7\u00e3o brasileira se autodeclara preta ou parda (IBGE, 2022). Ainda assim, essa maioria n\u00e3o se reflete no poder pol\u00edtico: no Congresso, a presen\u00e7a negra n\u00e3o alcan\u00e7a 30% e, quando existe, em grande parte est\u00e1 submetida a partidos brancos, alheios \u00e0s pautas da popula\u00e7\u00e3o &hellip; Partido preto Read More &raquo;\" \/>\n<meta property=\"og:url\" content=\"https:\/\/coisasdegentepreta.com.br\/index.php\/partido-preto\/\" \/>\n<meta property=\"article:publisher\" content=\"https:\/\/facebook.com\/cmmcomcoisasdegente\" \/>\n<meta property=\"article:modified_time\" content=\"2025-09-27T23:30:52+00:00\" \/>\n<meta property=\"og:image\" content=\"https:\/\/coisasdegentepreta.com.br\/wp-content\/uploads\/2025\/09\/Imagem-do-WhatsApp-de-2025-09-27-as-15.23.00_9036b0a4.jpg\" \/>\n\t<meta property=\"og:image:width\" content=\"991\" \/>\n\t<meta property=\"og:image:height\" content=\"1024\" \/>\n\t<meta property=\"og:image:type\" content=\"image\/jpeg\" \/>\n<meta name=\"twitter:card\" content=\"summary_large_image\" \/>\n<meta name=\"twitter:site\" content=\"@cmmcomcoisasdegente\" \/>\n<meta name=\"twitter:label1\" content=\"Est. reading time\" \/>\n\t<meta name=\"twitter:data1\" content=\"2 minutes\" \/>\n<script type=\"application\/ld+json\" class=\"yoast-schema-graph\">{\"@context\":\"https:\/\/schema.org\",\"@graph\":[{\"@type\":\"WebPage\",\"@id\":\"https:\/\/coisasdegentepreta.com.br\/index.php\/partido-preto\/\",\"url\":\"https:\/\/coisasdegentepreta.com.br\/index.php\/partido-preto\/\",\"name\":\"Partido preto -\",\"isPartOf\":{\"@id\":\"https:\/\/coisasdegentepreta.com.br\/#website\"},\"primaryImageOfPage\":{\"@id\":\"https:\/\/coisasdegentepreta.com.br\/index.php\/partido-preto\/#primaryimage\"},\"image\":{\"@id\":\"https:\/\/coisasdegentepreta.com.br\/index.php\/partido-preto\/#primaryimage\"},\"thumbnailUrl\":\"https:\/\/coisasdegentepreta.com.br\/wp-content\/uploads\/2025\/09\/Imagem-do-WhatsApp-de-2025-09-27-as-15.23.00_9036b0a4.jpg\",\"datePublished\":\"2025-09-27T23:20:47+00:00\",\"dateModified\":\"2025-09-27T23:30:52+00:00\",\"breadcrumb\":{\"@id\":\"https:\/\/coisasdegentepreta.com.br\/index.php\/partido-preto\/#breadcrumb\"},\"inLanguage\":\"en-US\",\"potentialAction\":[{\"@type\":\"ReadAction\",\"target\":[\"https:\/\/coisasdegentepreta.com.br\/index.php\/partido-preto\/\"]}]},{\"@type\":\"ImageObject\",\"inLanguage\":\"en-US\",\"@id\":\"https:\/\/coisasdegentepreta.com.br\/index.php\/partido-preto\/#primaryimage\",\"url\":\"https:\/\/coisasdegentepreta.com.br\/wp-content\/uploads\/2025\/09\/Imagem-do-WhatsApp-de-2025-09-27-as-15.23.00_9036b0a4.jpg\",\"contentUrl\":\"https:\/\/coisasdegentepreta.com.br\/wp-content\/uploads\/2025\/09\/Imagem-do-WhatsApp-de-2025-09-27-as-15.23.00_9036b0a4.jpg\",\"width\":991,\"height\":1024},{\"@type\":\"BreadcrumbList\",\"@id\":\"https:\/\/coisasdegentepreta.com.br\/index.php\/partido-preto\/#breadcrumb\",\"itemListElement\":[{\"@type\":\"ListItem\",\"position\":1,\"name\":\"ECMM\",\"item\":\"https:\/\/coisasdegentepreta.com.br\/\"},{\"@type\":\"ListItem\",\"position\":2,\"name\":\"Partido preto\"}]},{\"@type\":\"WebSite\",\"@id\":\"https:\/\/coisasdegentepreta.com.br\/#website\",\"url\":\"https:\/\/coisasdegentepreta.com.br\/\",\"name\":\"https:\/\/coisasdegentepreta.com.br\",\"description\":\"\",\"publisher\":{\"@id\":\"https:\/\/coisasdegentepreta.com.br\/#organization\"},\"potentialAction\":[{\"@type\":\"SearchAction\",\"target\":{\"@type\":\"EntryPoint\",\"urlTemplate\":\"https:\/\/coisasdegentepreta.com.br\/?s={search_term_string}\"},\"query-input\":{\"@type\":\"PropertyValueSpecification\",\"valueRequired\":true,\"valueName\":\"search_term_string\"}}],\"inLanguage\":\"en-US\"},{\"@type\":\"Organization\",\"@id\":\"https:\/\/coisasdegentepreta.com.br\/#organization\",\"name\":\"Espa\u00e7o de Capacita\u00e7\u00e3o M\u00e1rcio Madeira RJ\",\"url\":\"https:\/\/coisasdegentepreta.com.br\/\",\"logo\":{\"@type\":\"ImageObject\",\"inLanguage\":\"en-US\",\"@id\":\"https:\/\/coisasdegentepreta.com.br\/#\/schema\/logo\/image\/\",\"url\":\"https:\/\/coisasdegentepreta.com.br\/wp-content\/uploads\/2023\/12\/logo-2.png\",\"contentUrl\":\"https:\/\/coisasdegentepreta.com.br\/wp-content\/uploads\/2023\/12\/logo-2.png\",\"width\":2064,\"height\":1021,\"caption\":\"Espa\u00e7o de Capacita\u00e7\u00e3o M\u00e1rcio Madeira RJ\"},\"image\":{\"@id\":\"https:\/\/coisasdegentepreta.com.br\/#\/schema\/logo\/image\/\"},\"sameAs\":[\"https:\/\/facebook.com\/cmmcomcoisasdegente\",\"https:\/\/x.com\/cmmcomcoisasdegente\",\"https:\/\/instagram.com\/cmmcomcoisasdegente\"]}]}<\/script>\n<!-- \/ Yoast SEO plugin. -->","yoast_head_json":{"title":"Partido preto -","robots":{"index":"index","follow":"follow","max-snippet":"max-snippet:-1","max-image-preview":"max-image-preview:large","max-video-preview":"max-video-preview:-1"},"canonical":"https:\/\/coisasdegentepreta.com.br\/index.php\/partido-preto\/","og_locale":"en_US","og_type":"article","og_title":"Partido preto -","og_description":"\u00c9 hora de um partido preto no Brasil! Mais de 56% da popula\u00e7\u00e3o brasileira se autodeclara preta ou parda (IBGE, 2022). Ainda assim, essa maioria n\u00e3o se reflete no poder pol\u00edtico: no Congresso, a presen\u00e7a negra n\u00e3o alcan\u00e7a 30% e, quando existe, em grande parte est\u00e1 submetida a partidos brancos, alheios \u00e0s pautas da popula\u00e7\u00e3o &hellip; Partido preto Read More &raquo;","og_url":"https:\/\/coisasdegentepreta.com.br\/index.php\/partido-preto\/","article_publisher":"https:\/\/facebook.com\/cmmcomcoisasdegente","article_modified_time":"2025-09-27T23:30:52+00:00","og_image":[{"width":991,"height":1024,"url":"https:\/\/coisasdegentepreta.com.br\/wp-content\/uploads\/2025\/09\/Imagem-do-WhatsApp-de-2025-09-27-as-15.23.00_9036b0a4.jpg","type":"image\/jpeg"}],"twitter_card":"summary_large_image","twitter_site":"@cmmcomcoisasdegente","twitter_misc":{"Est. reading time":"2 minutes"},"schema":{"@context":"https:\/\/schema.org","@graph":[{"@type":"WebPage","@id":"https:\/\/coisasdegentepreta.com.br\/index.php\/partido-preto\/","url":"https:\/\/coisasdegentepreta.com.br\/index.php\/partido-preto\/","name":"Partido preto -","isPartOf":{"@id":"https:\/\/coisasdegentepreta.com.br\/#website"},"primaryImageOfPage":{"@id":"https:\/\/coisasdegentepreta.com.br\/index.php\/partido-preto\/#primaryimage"},"image":{"@id":"https:\/\/coisasdegentepreta.com.br\/index.php\/partido-preto\/#primaryimage"},"thumbnailUrl":"https:\/\/coisasdegentepreta.com.br\/wp-content\/uploads\/2025\/09\/Imagem-do-WhatsApp-de-2025-09-27-as-15.23.00_9036b0a4.jpg","datePublished":"2025-09-27T23:20:47+00:00","dateModified":"2025-09-27T23:30:52+00:00","breadcrumb":{"@id":"https:\/\/coisasdegentepreta.com.br\/index.php\/partido-preto\/#breadcrumb"},"inLanguage":"en-US","potentialAction":[{"@type":"ReadAction","target":["https:\/\/coisasdegentepreta.com.br\/index.php\/partido-preto\/"]}]},{"@type":"ImageObject","inLanguage":"en-US","@id":"https:\/\/coisasdegentepreta.com.br\/index.php\/partido-preto\/#primaryimage","url":"https:\/\/coisasdegentepreta.com.br\/wp-content\/uploads\/2025\/09\/Imagem-do-WhatsApp-de-2025-09-27-as-15.23.00_9036b0a4.jpg","contentUrl":"https:\/\/coisasdegentepreta.com.br\/wp-content\/uploads\/2025\/09\/Imagem-do-WhatsApp-de-2025-09-27-as-15.23.00_9036b0a4.jpg","width":991,"height":1024},{"@type":"BreadcrumbList","@id":"https:\/\/coisasdegentepreta.com.br\/index.php\/partido-preto\/#breadcrumb","itemListElement":[{"@type":"ListItem","position":1,"name":"ECMM","item":"https:\/\/coisasdegentepreta.com.br\/"},{"@type":"ListItem","position":2,"name":"Partido preto"}]},{"@type":"WebSite","@id":"https:\/\/coisasdegentepreta.com.br\/#website","url":"https:\/\/coisasdegentepreta.com.br\/","name":"https:\/\/coisasdegentepreta.com.br","description":"","publisher":{"@id":"https:\/\/coisasdegentepreta.com.br\/#organization"},"potentialAction":[{"@type":"SearchAction","target":{"@type":"EntryPoint","urlTemplate":"https:\/\/coisasdegentepreta.com.br\/?s={search_term_string}"},"query-input":{"@type":"PropertyValueSpecification","valueRequired":true,"valueName":"search_term_string"}}],"inLanguage":"en-US"},{"@type":"Organization","@id":"https:\/\/coisasdegentepreta.com.br\/#organization","name":"Espa\u00e7o de Capacita\u00e7\u00e3o M\u00e1rcio Madeira RJ","url":"https:\/\/coisasdegentepreta.com.br\/","logo":{"@type":"ImageObject","inLanguage":"en-US","@id":"https:\/\/coisasdegentepreta.com.br\/#\/schema\/logo\/image\/","url":"https:\/\/coisasdegentepreta.com.br\/wp-content\/uploads\/2023\/12\/logo-2.png","contentUrl":"https:\/\/coisasdegentepreta.com.br\/wp-content\/uploads\/2023\/12\/logo-2.png","width":2064,"height":1021,"caption":"Espa\u00e7o de Capacita\u00e7\u00e3o M\u00e1rcio Madeira RJ"},"image":{"@id":"https:\/\/coisasdegentepreta.com.br\/#\/schema\/logo\/image\/"},"sameAs":["https:\/\/facebook.com\/cmmcomcoisasdegente","https:\/\/x.com\/cmmcomcoisasdegente","https:\/\/instagram.com\/cmmcomcoisasdegente"]}]}},"_links":{"self":[{"href":"https:\/\/coisasdegentepreta.com.br\/index.php\/wp-json\/wp\/v2\/pages\/7222","targetHints":{"allow":["GET"]}}],"collection":[{"href":"https:\/\/coisasdegentepreta.com.br\/index.php\/wp-json\/wp\/v2\/pages"}],"about":[{"href":"https:\/\/coisasdegentepreta.com.br\/index.php\/wp-json\/wp\/v2\/types\/page"}],"author":[{"embeddable":true,"href":"https:\/\/coisasdegentepreta.com.br\/index.php\/wp-json\/wp\/v2\/users\/1"}],"replies":[{"embeddable":true,"href":"https:\/\/coisasdegentepreta.com.br\/index.php\/wp-json\/wp\/v2\/comments?post=7222"}],"version-history":[{"count":13,"href":"https:\/\/coisasdegentepreta.com.br\/index.php\/wp-json\/wp\/v2\/pages\/7222\/revisions"}],"predecessor-version":[{"id":7237,"href":"https:\/\/coisasdegentepreta.com.br\/index.php\/wp-json\/wp\/v2\/pages\/7222\/revisions\/7237"}],"wp:attachment":[{"href":"https:\/\/coisasdegentepreta.com.br\/index.php\/wp-json\/wp\/v2\/media?parent=7222"}],"curies":[{"name":"wp","href":"https:\/\/api.w.org\/{rel}","templated":true}]}}