{"id":7196,"date":"2025-09-24T11:32:16","date_gmt":"2025-09-24T14:32:16","guid":{"rendered":"https:\/\/coisasdegentepreta.com.br\/?page_id=7196"},"modified":"2025-09-24T11:37:25","modified_gmt":"2025-09-24T14:37:25","slug":"quem-nao-deve-nao-teme","status":"publish","type":"page","link":"https:\/\/coisasdegentepreta.com.br\/index.php\/quem-nao-deve-nao-teme\/","title":{"rendered":"Quem n\u00e3o deve, n\u00e3o teme"},"content":{"rendered":"\t\t<div data-elementor-type=\"wp-page\" data-elementor-id=\"7196\" class=\"elementor elementor-7196\">\n\t\t\t\t<div class=\"elementor-element elementor-element-c8f63df e-flex e-con-boxed e-con e-parent\" data-id=\"c8f63df\" data-element_type=\"container\" data-settings=\"{&quot;background_background&quot;:&quot;classic&quot;}\">\n\t\t\t\t\t<div class=\"e-con-inner\">\n\t\t<div class=\"elementor-element elementor-element-c40f70b e-con-full e-flex e-con e-child\" data-id=\"c40f70b\" data-element_type=\"container\" data-settings=\"{&quot;background_background&quot;:&quot;classic&quot;}\">\n\t\t\t\t<div class=\"elementor-element elementor-element-ff365de elementor-widget elementor-widget-image\" data-id=\"ff365de\" data-element_type=\"widget\" data-widget_type=\"image.default\">\n\t\t\t\t<div class=\"elementor-widget-container\">\n\t\t\t\t\t\t\t\t\t\t\t\t\t\t\t<img fetchpriority=\"high\" decoding=\"async\" width=\"1280\" height=\"964\" src=\"https:\/\/coisasdegentepreta.com.br\/wp-content\/uploads\/2025\/09\/WhatsApp-Image-2025-09-23-at-21.40.51.jpeg\" class=\"attachment-full size-full wp-image-7201\" alt=\"\" srcset=\"https:\/\/coisasdegentepreta.com.br\/wp-content\/uploads\/2025\/09\/WhatsApp-Image-2025-09-23-at-21.40.51.jpeg 1280w, https:\/\/coisasdegentepreta.com.br\/wp-content\/uploads\/2025\/09\/WhatsApp-Image-2025-09-23-at-21.40.51-300x226.jpeg 300w, https:\/\/coisasdegentepreta.com.br\/wp-content\/uploads\/2025\/09\/WhatsApp-Image-2025-09-23-at-21.40.51-1024x771.jpeg 1024w, https:\/\/coisasdegentepreta.com.br\/wp-content\/uploads\/2025\/09\/WhatsApp-Image-2025-09-23-at-21.40.51-768x578.jpeg 768w, https:\/\/coisasdegentepreta.com.br\/wp-content\/uploads\/2025\/09\/WhatsApp-Image-2025-09-23-at-21.40.51-600x452.jpeg 600w\" sizes=\"(max-width: 1280px) 100vw, 1280px\" \/>\t\t\t\t\t\t\t\t\t\t\t\t\t\t\t<\/div>\n\t\t\t\t<\/div>\n\t\t\t\t<\/div>\n\t\t<div class=\"elementor-element elementor-element-1cb4144 e-con-full e-flex e-con e-child\" data-id=\"1cb4144\" data-element_type=\"container\" data-settings=\"{&quot;background_background&quot;:&quot;classic&quot;}\">\n\t\t\t\t<div class=\"elementor-element elementor-element-6a2c531 elementor-widget elementor-widget-heading\" data-id=\"6a2c531\" data-element_type=\"widget\" data-widget_type=\"heading.default\">\n\t\t\t\t<div class=\"elementor-widget-container\">\n\t\t\t\t\t<h2 class=\"elementor-heading-title elementor-size-default\">Em Copacabana, pintou um clima do Bolsonaro: \u201cquem n\u00e3o deve, n\u00e3o teme\u201d, enquanto a pol\u00edcia  age como cafet\u00e3o .<\/h2>\t\t\t\t<\/div>\n\t\t\t\t<\/div>\n\t\t\t\t<div class=\"elementor-element elementor-element-ff12fb1 elementor-widget elementor-widget-text-editor\" data-id=\"ff12fb1\" data-element_type=\"widget\" data-widget_type=\"text-editor.default\">\n\t\t\t\t<div class=\"elementor-widget-container\">\n\t\t\t\t\t\t\t\t\t<div>O epis\u00f3dio em Copacabana, no qual jovens foram presas por aplicar o \u201cboa noite, Cinderela\u201d em turistas estrangeiros, evidencia a seletividade da repress\u00e3o. Meninas pobres e perif\u00e9ricas s\u00e3o rapidamente criminalizadas, enquanto redes de explora\u00e7\u00e3o sexual de luxo \u2014 protegidas por seguran\u00e7as privados e v\u00ednculos pol\u00edticos \u2014 permanecem praticamente intactas.<\/div><div>\u00a0<\/div><div>Historicidade<\/div><div>\u00a0<\/div><div>A precariedade social no Brasil reflete um longo processo hist\u00f3rico de explora\u00e7\u00e3o: desde os corpos das mulheres ind\u00edgenas na coloniza\u00e7\u00e3o, passando pelas mulheres negras na escravid\u00e3o, at\u00e9 a neglig\u00eancia dos poderosos de hoje. Meninas pobres \u2014 sobretudo negras e perif\u00e9ricas \u2014 s\u00e3o empurradas para a prostitui\u00e7\u00e3o como forma de sobreviv\u00eancia, e a aus\u00eancia de pol\u00edticas p\u00fablicas transforma seus corpos em mercadoria de desejo colonial, perpetuando um ciclo que atravessa gera\u00e7\u00f5es.<\/div><div>\u00a0<\/div><div>Fala do ex-presidente Bolsonaro<\/div><div>\u00a0<\/div><div>Quando Jair Bolsonaro afirmou que \u201cpintou um clima\u201d sobre o interesse de estrangeiros por meninas venezuelanas de 14 e 15 anos, n\u00e3o foi apenas insensibilidade. A declara\u00e7\u00e3o exp\u00f5e aus\u00eancia de moral, falhas institucionais e abandono pol\u00edtico que permitem que corpos vulner\u00e1veis continuem sendo explorados.<\/div><div>\u00a0<\/div><div>Fun\u00e7\u00e3o pedag\u00f3gica da puni\u00e7\u00e3o<\/div><div>\u00a0<\/div><div>A puni\u00e7\u00e3o aplicada \u00e0s meninas no caso do boa noite Cinderela no Rio de Janeiro recentemente, cumpre uma fun\u00e7\u00e3o pedag\u00f3gica seletiva: transforma corpos vulner\u00e1veis em exemplo p\u00fablico de \u201cdesvio\u201d, enquanto redes estruturadas de explora\u00e7\u00e3o sexual de luxo permanecem impunes. Essa seletividade refor\u00e7a estigmas sociais e desigualdades hist\u00f3ricas, sem reduzir a vulnerabilidade ou combater a explora\u00e7\u00e3o estrutural.<\/div><div>\u00a0<\/div><div>M\u00eddia e naturaliza\u00e7\u00e3o da explora\u00e7\u00e3o<\/div><div>\u00a0<\/div><div>A cobertura midi\u00e1tica foca nas a\u00e7\u00f5es das meninas e sugere que turistas seriam supostamente seduzidos a visitar locais como a Pedra do Sal \u2014 espa\u00e7o hist\u00f3rico de resist\u00eancia do povo preto no Rio \u2014 mas raramente menciona que boa parte em sua maioria s\u00e3o orientados por ag\u00eancias ou empresas sem fiscaliza\u00e7\u00e3o do poder p\u00fablico a se utilizarem destas oportunidades. Essa omiss\u00e3o naturaliza a prostitui\u00e7\u00e3o como algo de f\u00e1cil acesso e oculta a responsabilidade estrutural de redes que exploram vulnerabilidades hist\u00f3ricas e sociais. Sem contar que constantemente os acordos n\u00e3o s\u00e3o cumpridos e boa parte destas meninas, violentadas e as vezes assasinadas.<\/div><div>\u00a0<\/div><div>A cumplicidade velada da repress\u00e3o<\/div><div>\u00a0<\/div><div>A lei define o cafet\u00e3o como quem explora a prostitui\u00e7\u00e3o alheia, mas a CPI da Explora\u00e7\u00e3o Sexual (2014) revelou que policiais tamb\u00e9m atuaram protegendo prost\u00edbulos, cobrando propinas e at\u00e9 como s\u00f3cios ocultos \u2014 fun\u00e7\u00f5es t\u00edpicas do cafet\u00e3o, que exp\u00f5em a cumplicidade entre repress\u00e3o estatal e explora\u00e7\u00e3o sexual.<\/div><div>\u00a0<\/div><div>A necessidade de pol\u00edticas p\u00fablicas<\/div><div>\u00a0<\/div><div>O enfrentamento dessa sistem\u00e1tica hist\u00f3rica exige pol\u00edticas p\u00fablicas efetivas que protejam meninas e mulheres vulner\u00e1veis, promovam educa\u00e7\u00e3o, assist\u00eancia social e acesso a oportunidades econ\u00f4micas, e garantam investiga\u00e7\u00e3o e puni\u00e7\u00e3o rigorosa das redes de explora\u00e7\u00e3o. Sem a\u00e7\u00e3o estruturada do Estado, a desigualdade e a vulnerabilidade continuar\u00e3o sendo reproduzidas gera\u00e7\u00e3o ap\u00f3s gera\u00e7\u00e3o.<\/div><div>\u00a0<\/div><div>Lei de amparo<\/div><div>\u00a0<\/div><div>O art. 227 da Constitui\u00e7\u00e3o Federal assegura prioridade absoluta \u00e0 prote\u00e7\u00e3o de crian\u00e7as e adolescentes contra toda forma de explora\u00e7\u00e3o e viol\u00eancia (Alana). J\u00e1 a Lei Maria da Penha (Lei n\u00ba 11.340\/2006) garante prote\u00e7\u00e3o integral \u00e0s mulheres contra qualquer tipo de viol\u00eancia, inclusive sexual (JusBrasil). Dessa forma, \u00e9 dever do Estado responsabilizar donos de estabelecimentos, intermedi\u00e1rios e clientes \u2014 nacionais ou estrangeiros \u2014 que contribuam, direta ou indiretamente, para essas pr\u00e1ticas il\u00edcitas.<\/div><div>\u00a0<\/div><div>Justificativa institucional<\/div><div>\u00a0<\/div><div>N\u00e3o apoiamos pr\u00e1ticas incorretas ou ilegais, mas, como institui\u00e7\u00e3o reflexiva, nosso papel \u00e9 analisar criticamente a seletividade da lei e a vulnerabilidade social. Nosso objetivo \u00e9 pensar de forma \u00e9tica e respons\u00e1vel, promovendo di\u00e1logo com o poder p\u00fablico para reduzir desigualdades e injusti\u00e7as hist\u00f3ricas.<\/div><div>\u00a0<\/div><div>Conclus\u00e3o\u00a0<\/div><div>\u00a0<\/div><div>O epis\u00f3dio em Copacabana nos remete \u00e0 narrativa b\u00edblica em que apresentaram a prostituta a Jesus, e ele disse: \u201cAquele que n\u00e3o tem pecado, atire a primeira pedra\u201d. Assim como naquele momento, a sociedade contempor\u00e2nea insiste em transformar corpos perif\u00e9ricos em espet\u00e1culo p\u00fablico, enquanto redes de explora\u00e7\u00e3o permanecem protegidas, evidenciando a seletividade e a hipocrisia do julgamento sobre quem realmente merece puni\u00e7\u00e3o.<\/div><div>\u00a0<\/div><div>\u2e3b<\/div><div>\u00a0<\/div><div>Fontes<\/div><div>\u2022Constitui\u00e7\u00e3o Federal, art. 227 \u2013 prioridade absoluta \u00e0 prote\u00e7\u00e3o de crian\u00e7as e adolescentes (Alana)<\/div><div>\u2022Lei Maria da Penha (Lei n\u00ba 11.340\/2006) \u2013 prote\u00e7\u00e3o integral \u00e0s mulheres contra viol\u00eancia (JusBrasil)<\/div><div>\u2022BBC Brasil \u2013 \u201c\u2018Pintou um clima\u2019: como fala de Bolsonaro sobre meninas venezuelanas repercutiu\u201d<\/div><div>\u2022Ag\u00eancia Brasil \u2013 \u201cJusti\u00e7a condena Bolsonaro por fala sobre meninas venezuelanas\u201d<\/div><div>\u2022UOL Not\u00edcias \u2013 \u201cBolsonaro \u00e9 condenado a pagar R$ 150 mil por fala sobre venezuelanas\u201d<\/div><div>\u2022CPI da Explora\u00e7\u00e3o Sexual (2014) \u2013 Relat\u00f3rio Final<\/div><div>* B\u00edblia Sagrada, Jo\u00e3o 8:3-11<\/div><div>\u00a0<\/div><div>Autoria: M\u00e1rcio Madeira | Coisas de Gente Preta<\/div>\t\t\t\t\t\t\t\t<\/div>\n\t\t\t\t<\/div>\n\t\t\t\t<\/div>\n\t\t\t\t\t<\/div>\n\t\t\t\t<\/div>\n\t\t\t\t<\/div>\n\t\t","protected":false},"excerpt":{"rendered":"<p>Em Copacabana, pintou um clima do Bolsonaro: \u201cquem n\u00e3o deve, n\u00e3o teme\u201d, enquanto a pol\u00edcia age como cafet\u00e3o . O epis\u00f3dio em Copacabana, no qual jovens foram presas por aplicar o \u201cboa noite, Cinderela\u201d em turistas estrangeiros, evidencia a seletividade da repress\u00e3o. Meninas pobres e perif\u00e9ricas s\u00e3o rapidamente criminalizadas, enquanto redes de explora\u00e7\u00e3o sexual de &hellip;<\/p>\n<p class=\"read-more\"> <a class=\"\" href=\"https:\/\/coisasdegentepreta.com.br\/index.php\/quem-nao-deve-nao-teme\/\"> <span class=\"screen-reader-text\">Quem n\u00e3o deve, n\u00e3o teme<\/span> Read More &raquo;<\/a><\/p>\n","protected":false},"author":1,"featured_media":0,"parent":0,"menu_order":0,"comment_status":"closed","ping_status":"closed","template":"","meta":{"site-sidebar-layout":"no-sidebar","site-content-layout":"","ast-site-content-layout":"full-width-container","site-content-style":"default","site-sidebar-style":"default","ast-global-header-display":"","ast-banner-title-visibility":"","ast-main-header-display":"","ast-hfb-above-header-display":"","ast-hfb-below-header-display":"","ast-hfb-mobile-header-display":"","site-post-title":"disabled","ast-breadcrumbs-content":"","ast-featured-img":"disabled","footer-sml-layout":"","theme-transparent-header-meta":"","adv-header-id-meta":"","stick-header-meta":"","header-above-stick-meta":"","header-main-stick-meta":"","header-below-stick-meta":"","astra-migrate-meta-layouts":"default","ast-page-background-enabled":"default","ast-page-background-meta":{"desktop":{"background-color":"var(--ast-global-color-4)","background-image":"","background-repeat":"repeat","background-position":"center center","background-size":"auto","background-attachment":"scroll","background-type":"","background-media":"","overlay-type":"","overlay-color":"","overlay-gradient":""},"tablet":{"background-color":"","background-image":"","background-repeat":"repeat","background-position":"center center","background-size":"auto","background-attachment":"scroll","background-type":"","background-media":"","overlay-type":"","overlay-color":"","overlay-gradient":""},"mobile":{"background-color":"","background-image":"","background-repeat":"repeat","background-position":"center center","background-size":"auto","background-attachment":"scroll","background-type":"","background-media":"","overlay-type":"","overlay-color":"","overlay-gradient":""}},"ast-content-background-meta":{"desktop":{"background-color":"var(--ast-global-color-5)","background-image":"","background-repeat":"repeat","background-position":"center center","background-size":"auto","background-attachment":"scroll","background-type":"","background-media":"","overlay-type":"","overlay-color":"","overlay-gradient":""},"tablet":{"background-color":"var(--ast-global-color-5)","background-image":"","background-repeat":"repeat","background-position":"center center","background-size":"auto","background-attachment":"scroll","background-type":"","background-media":"","overlay-type":"","overlay-color":"","overlay-gradient":""},"mobile":{"background-color":"var(--ast-global-color-5)","background-image":"","background-repeat":"repeat","background-position":"center center","background-size":"auto","background-attachment":"scroll","background-type":"","background-media":"","overlay-type":"","overlay-color":"","overlay-gradient":""}},"footnotes":""},"class_list":["post-7196","page","type-page","status-publish","hentry"],"yoast_head":"<!-- This site is optimized with the Yoast SEO plugin v24.2 - https:\/\/yoast.com\/wordpress\/plugins\/seo\/ -->\n<title>Quem n\u00e3o deve, n\u00e3o teme -<\/title>\n<meta name=\"robots\" content=\"index, follow, max-snippet:-1, max-image-preview:large, max-video-preview:-1\" \/>\n<link rel=\"canonical\" href=\"https:\/\/coisasdegentepreta.com.br\/index.php\/quem-nao-deve-nao-teme\/\" \/>\n<meta property=\"og:locale\" content=\"en_US\" \/>\n<meta property=\"og:type\" content=\"article\" \/>\n<meta property=\"og:title\" content=\"Quem n\u00e3o deve, n\u00e3o teme -\" \/>\n<meta property=\"og:description\" content=\"Em Copacabana, pintou um clima do Bolsonaro: \u201cquem n\u00e3o deve, n\u00e3o teme\u201d, enquanto a pol\u00edcia age como cafet\u00e3o . O epis\u00f3dio em Copacabana, no qual jovens foram presas por aplicar o \u201cboa noite, Cinderela\u201d em turistas estrangeiros, evidencia a seletividade da repress\u00e3o. Meninas pobres e perif\u00e9ricas s\u00e3o rapidamente criminalizadas, enquanto redes de explora\u00e7\u00e3o sexual de &hellip; Quem n\u00e3o deve, n\u00e3o teme Read More &raquo;\" \/>\n<meta property=\"og:url\" content=\"https:\/\/coisasdegentepreta.com.br\/index.php\/quem-nao-deve-nao-teme\/\" \/>\n<meta property=\"article:publisher\" content=\"https:\/\/facebook.com\/cmmcomcoisasdegente\" \/>\n<meta property=\"article:modified_time\" content=\"2025-09-24T14:37:25+00:00\" \/>\n<meta property=\"og:image\" content=\"https:\/\/coisasdegentepreta.com.br\/wp-content\/uploads\/2025\/09\/WhatsApp-Image-2025-09-23-at-21.40.51.jpeg\" \/>\n\t<meta property=\"og:image:width\" content=\"1280\" \/>\n\t<meta property=\"og:image:height\" content=\"964\" \/>\n\t<meta property=\"og:image:type\" content=\"image\/jpeg\" \/>\n<meta name=\"twitter:card\" content=\"summary_large_image\" \/>\n<meta name=\"twitter:site\" content=\"@cmmcomcoisasdegente\" \/>\n<meta name=\"twitter:label1\" content=\"Est. reading time\" \/>\n\t<meta name=\"twitter:data1\" content=\"4 minutes\" \/>\n<script type=\"application\/ld+json\" class=\"yoast-schema-graph\">{\"@context\":\"https:\/\/schema.org\",\"@graph\":[{\"@type\":\"WebPage\",\"@id\":\"https:\/\/coisasdegentepreta.com.br\/index.php\/quem-nao-deve-nao-teme\/\",\"url\":\"https:\/\/coisasdegentepreta.com.br\/index.php\/quem-nao-deve-nao-teme\/\",\"name\":\"Quem n\u00e3o deve, n\u00e3o teme -\",\"isPartOf\":{\"@id\":\"https:\/\/coisasdegentepreta.com.br\/#website\"},\"primaryImageOfPage\":{\"@id\":\"https:\/\/coisasdegentepreta.com.br\/index.php\/quem-nao-deve-nao-teme\/#primaryimage\"},\"image\":{\"@id\":\"https:\/\/coisasdegentepreta.com.br\/index.php\/quem-nao-deve-nao-teme\/#primaryimage\"},\"thumbnailUrl\":\"https:\/\/coisasdegentepreta.com.br\/wp-content\/uploads\/2025\/09\/WhatsApp-Image-2025-09-23-at-21.40.51.jpeg\",\"datePublished\":\"2025-09-24T14:32:16+00:00\",\"dateModified\":\"2025-09-24T14:37:25+00:00\",\"breadcrumb\":{\"@id\":\"https:\/\/coisasdegentepreta.com.br\/index.php\/quem-nao-deve-nao-teme\/#breadcrumb\"},\"inLanguage\":\"en-US\",\"potentialAction\":[{\"@type\":\"ReadAction\",\"target\":[\"https:\/\/coisasdegentepreta.com.br\/index.php\/quem-nao-deve-nao-teme\/\"]}]},{\"@type\":\"ImageObject\",\"inLanguage\":\"en-US\",\"@id\":\"https:\/\/coisasdegentepreta.com.br\/index.php\/quem-nao-deve-nao-teme\/#primaryimage\",\"url\":\"https:\/\/coisasdegentepreta.com.br\/wp-content\/uploads\/2025\/09\/WhatsApp-Image-2025-09-23-at-21.40.51.jpeg\",\"contentUrl\":\"https:\/\/coisasdegentepreta.com.br\/wp-content\/uploads\/2025\/09\/WhatsApp-Image-2025-09-23-at-21.40.51.jpeg\",\"width\":1280,\"height\":964},{\"@type\":\"BreadcrumbList\",\"@id\":\"https:\/\/coisasdegentepreta.com.br\/index.php\/quem-nao-deve-nao-teme\/#breadcrumb\",\"itemListElement\":[{\"@type\":\"ListItem\",\"position\":1,\"name\":\"ECMM\",\"item\":\"https:\/\/coisasdegentepreta.com.br\/\"},{\"@type\":\"ListItem\",\"position\":2,\"name\":\"Quem n\u00e3o deve, n\u00e3o teme\"}]},{\"@type\":\"WebSite\",\"@id\":\"https:\/\/coisasdegentepreta.com.br\/#website\",\"url\":\"https:\/\/coisasdegentepreta.com.br\/\",\"name\":\"https:\/\/coisasdegentepreta.com.br\",\"description\":\"\",\"publisher\":{\"@id\":\"https:\/\/coisasdegentepreta.com.br\/#organization\"},\"potentialAction\":[{\"@type\":\"SearchAction\",\"target\":{\"@type\":\"EntryPoint\",\"urlTemplate\":\"https:\/\/coisasdegentepreta.com.br\/?s={search_term_string}\"},\"query-input\":{\"@type\":\"PropertyValueSpecification\",\"valueRequired\":true,\"valueName\":\"search_term_string\"}}],\"inLanguage\":\"en-US\"},{\"@type\":\"Organization\",\"@id\":\"https:\/\/coisasdegentepreta.com.br\/#organization\",\"name\":\"Espa\u00e7o de Capacita\u00e7\u00e3o M\u00e1rcio Madeira RJ\",\"url\":\"https:\/\/coisasdegentepreta.com.br\/\",\"logo\":{\"@type\":\"ImageObject\",\"inLanguage\":\"en-US\",\"@id\":\"https:\/\/coisasdegentepreta.com.br\/#\/schema\/logo\/image\/\",\"url\":\"https:\/\/coisasdegentepreta.com.br\/wp-content\/uploads\/2023\/12\/logo-2.png\",\"contentUrl\":\"https:\/\/coisasdegentepreta.com.br\/wp-content\/uploads\/2023\/12\/logo-2.png\",\"width\":2064,\"height\":1021,\"caption\":\"Espa\u00e7o de Capacita\u00e7\u00e3o M\u00e1rcio Madeira RJ\"},\"image\":{\"@id\":\"https:\/\/coisasdegentepreta.com.br\/#\/schema\/logo\/image\/\"},\"sameAs\":[\"https:\/\/facebook.com\/cmmcomcoisasdegente\",\"https:\/\/x.com\/cmmcomcoisasdegente\",\"https:\/\/instagram.com\/cmmcomcoisasdegente\"]}]}<\/script>\n<!-- \/ Yoast SEO plugin. -->","yoast_head_json":{"title":"Quem n\u00e3o deve, n\u00e3o teme -","robots":{"index":"index","follow":"follow","max-snippet":"max-snippet:-1","max-image-preview":"max-image-preview:large","max-video-preview":"max-video-preview:-1"},"canonical":"https:\/\/coisasdegentepreta.com.br\/index.php\/quem-nao-deve-nao-teme\/","og_locale":"en_US","og_type":"article","og_title":"Quem n\u00e3o deve, n\u00e3o teme -","og_description":"Em Copacabana, pintou um clima do Bolsonaro: \u201cquem n\u00e3o deve, n\u00e3o teme\u201d, enquanto a pol\u00edcia age como cafet\u00e3o . O epis\u00f3dio em Copacabana, no qual jovens foram presas por aplicar o \u201cboa noite, Cinderela\u201d em turistas estrangeiros, evidencia a seletividade da repress\u00e3o. Meninas pobres e perif\u00e9ricas s\u00e3o rapidamente criminalizadas, enquanto redes de explora\u00e7\u00e3o sexual de &hellip; Quem n\u00e3o deve, n\u00e3o teme Read More &raquo;","og_url":"https:\/\/coisasdegentepreta.com.br\/index.php\/quem-nao-deve-nao-teme\/","article_publisher":"https:\/\/facebook.com\/cmmcomcoisasdegente","article_modified_time":"2025-09-24T14:37:25+00:00","og_image":[{"width":1280,"height":964,"url":"https:\/\/coisasdegentepreta.com.br\/wp-content\/uploads\/2025\/09\/WhatsApp-Image-2025-09-23-at-21.40.51.jpeg","type":"image\/jpeg"}],"twitter_card":"summary_large_image","twitter_site":"@cmmcomcoisasdegente","twitter_misc":{"Est. reading time":"4 minutes"},"schema":{"@context":"https:\/\/schema.org","@graph":[{"@type":"WebPage","@id":"https:\/\/coisasdegentepreta.com.br\/index.php\/quem-nao-deve-nao-teme\/","url":"https:\/\/coisasdegentepreta.com.br\/index.php\/quem-nao-deve-nao-teme\/","name":"Quem n\u00e3o deve, n\u00e3o teme -","isPartOf":{"@id":"https:\/\/coisasdegentepreta.com.br\/#website"},"primaryImageOfPage":{"@id":"https:\/\/coisasdegentepreta.com.br\/index.php\/quem-nao-deve-nao-teme\/#primaryimage"},"image":{"@id":"https:\/\/coisasdegentepreta.com.br\/index.php\/quem-nao-deve-nao-teme\/#primaryimage"},"thumbnailUrl":"https:\/\/coisasdegentepreta.com.br\/wp-content\/uploads\/2025\/09\/WhatsApp-Image-2025-09-23-at-21.40.51.jpeg","datePublished":"2025-09-24T14:32:16+00:00","dateModified":"2025-09-24T14:37:25+00:00","breadcrumb":{"@id":"https:\/\/coisasdegentepreta.com.br\/index.php\/quem-nao-deve-nao-teme\/#breadcrumb"},"inLanguage":"en-US","potentialAction":[{"@type":"ReadAction","target":["https:\/\/coisasdegentepreta.com.br\/index.php\/quem-nao-deve-nao-teme\/"]}]},{"@type":"ImageObject","inLanguage":"en-US","@id":"https:\/\/coisasdegentepreta.com.br\/index.php\/quem-nao-deve-nao-teme\/#primaryimage","url":"https:\/\/coisasdegentepreta.com.br\/wp-content\/uploads\/2025\/09\/WhatsApp-Image-2025-09-23-at-21.40.51.jpeg","contentUrl":"https:\/\/coisasdegentepreta.com.br\/wp-content\/uploads\/2025\/09\/WhatsApp-Image-2025-09-23-at-21.40.51.jpeg","width":1280,"height":964},{"@type":"BreadcrumbList","@id":"https:\/\/coisasdegentepreta.com.br\/index.php\/quem-nao-deve-nao-teme\/#breadcrumb","itemListElement":[{"@type":"ListItem","position":1,"name":"ECMM","item":"https:\/\/coisasdegentepreta.com.br\/"},{"@type":"ListItem","position":2,"name":"Quem n\u00e3o deve, n\u00e3o teme"}]},{"@type":"WebSite","@id":"https:\/\/coisasdegentepreta.com.br\/#website","url":"https:\/\/coisasdegentepreta.com.br\/","name":"https:\/\/coisasdegentepreta.com.br","description":"","publisher":{"@id":"https:\/\/coisasdegentepreta.com.br\/#organization"},"potentialAction":[{"@type":"SearchAction","target":{"@type":"EntryPoint","urlTemplate":"https:\/\/coisasdegentepreta.com.br\/?s={search_term_string}"},"query-input":{"@type":"PropertyValueSpecification","valueRequired":true,"valueName":"search_term_string"}}],"inLanguage":"en-US"},{"@type":"Organization","@id":"https:\/\/coisasdegentepreta.com.br\/#organization","name":"Espa\u00e7o de Capacita\u00e7\u00e3o M\u00e1rcio Madeira RJ","url":"https:\/\/coisasdegentepreta.com.br\/","logo":{"@type":"ImageObject","inLanguage":"en-US","@id":"https:\/\/coisasdegentepreta.com.br\/#\/schema\/logo\/image\/","url":"https:\/\/coisasdegentepreta.com.br\/wp-content\/uploads\/2023\/12\/logo-2.png","contentUrl":"https:\/\/coisasdegentepreta.com.br\/wp-content\/uploads\/2023\/12\/logo-2.png","width":2064,"height":1021,"caption":"Espa\u00e7o de Capacita\u00e7\u00e3o M\u00e1rcio Madeira RJ"},"image":{"@id":"https:\/\/coisasdegentepreta.com.br\/#\/schema\/logo\/image\/"},"sameAs":["https:\/\/facebook.com\/cmmcomcoisasdegente","https:\/\/x.com\/cmmcomcoisasdegente","https:\/\/instagram.com\/cmmcomcoisasdegente"]}]}},"_links":{"self":[{"href":"https:\/\/coisasdegentepreta.com.br\/index.php\/wp-json\/wp\/v2\/pages\/7196","targetHints":{"allow":["GET"]}}],"collection":[{"href":"https:\/\/coisasdegentepreta.com.br\/index.php\/wp-json\/wp\/v2\/pages"}],"about":[{"href":"https:\/\/coisasdegentepreta.com.br\/index.php\/wp-json\/wp\/v2\/types\/page"}],"author":[{"embeddable":true,"href":"https:\/\/coisasdegentepreta.com.br\/index.php\/wp-json\/wp\/v2\/users\/1"}],"replies":[{"embeddable":true,"href":"https:\/\/coisasdegentepreta.com.br\/index.php\/wp-json\/wp\/v2\/comments?post=7196"}],"version-history":[{"count":13,"href":"https:\/\/coisasdegentepreta.com.br\/index.php\/wp-json\/wp\/v2\/pages\/7196\/revisions"}],"predecessor-version":[{"id":7210,"href":"https:\/\/coisasdegentepreta.com.br\/index.php\/wp-json\/wp\/v2\/pages\/7196\/revisions\/7210"}],"wp:attachment":[{"href":"https:\/\/coisasdegentepreta.com.br\/index.php\/wp-json\/wp\/v2\/media?parent=7196"}],"curies":[{"name":"wp","href":"https:\/\/api.w.org\/{rel}","templated":true}]}}