{"id":7160,"date":"2025-09-22T07:43:12","date_gmt":"2025-09-22T10:43:12","guid":{"rendered":"https:\/\/coisasdegentepreta.com.br\/?page_id=7160"},"modified":"2025-09-22T08:07:37","modified_gmt":"2025-09-22T11:07:37","slug":"entre-contradicoes-e-aliancas2","status":"publish","type":"page","link":"https:\/\/coisasdegentepreta.com.br\/index.php\/entre-contradicoes-e-aliancas2\/","title":{"rendered":"Entre contradi\u00e7\u00f5es e alian\u00e7as2"},"content":{"rendered":"\t\t<div data-elementor-type=\"wp-page\" data-elementor-id=\"7160\" class=\"elementor elementor-7160\">\n\t\t\t\t<div class=\"elementor-element elementor-element-641bf16 e-flex e-con-boxed e-con e-parent\" data-id=\"641bf16\" data-element_type=\"container\" data-settings=\"{&quot;background_background&quot;:&quot;classic&quot;}\">\n\t\t\t\t\t<div class=\"e-con-inner\">\n\t\t<div class=\"elementor-element elementor-element-3b70bb1 e-con-full e-flex e-con e-child\" data-id=\"3b70bb1\" data-element_type=\"container\" data-settings=\"{&quot;background_background&quot;:&quot;classic&quot;}\">\n\t\t\t\t<div class=\"elementor-element elementor-element-48ddfa2 elementor-widget elementor-widget-image\" data-id=\"48ddfa2\" data-element_type=\"widget\" data-widget_type=\"image.default\">\n\t\t\t\t<div class=\"elementor-widget-container\">\n\t\t\t\t\t\t\t\t\t\t\t\t\t\t\t<img fetchpriority=\"high\" decoding=\"async\" width=\"720\" height=\"1280\" src=\"https:\/\/coisasdegentepreta.com.br\/wp-content\/uploads\/2025\/09\/Imagem-do-WhatsApp-de-2025-09-22-as-07.21.21_3d813375.jpg\" class=\"attachment-full size-full wp-image-7187\" alt=\"\" srcset=\"https:\/\/coisasdegentepreta.com.br\/wp-content\/uploads\/2025\/09\/Imagem-do-WhatsApp-de-2025-09-22-as-07.21.21_3d813375.jpg 720w, https:\/\/coisasdegentepreta.com.br\/wp-content\/uploads\/2025\/09\/Imagem-do-WhatsApp-de-2025-09-22-as-07.21.21_3d813375-169x300.jpg 169w, https:\/\/coisasdegentepreta.com.br\/wp-content\/uploads\/2025\/09\/Imagem-do-WhatsApp-de-2025-09-22-as-07.21.21_3d813375-576x1024.jpg 576w, https:\/\/coisasdegentepreta.com.br\/wp-content\/uploads\/2025\/09\/Imagem-do-WhatsApp-de-2025-09-22-as-07.21.21_3d813375-600x1067.jpg 600w\" sizes=\"(max-width: 720px) 100vw, 720px\" \/>\t\t\t\t\t\t\t\t\t\t\t\t\t\t\t<\/div>\n\t\t\t\t<\/div>\n\t\t\t\t<\/div>\n\t\t<div class=\"elementor-element elementor-element-1f3cd0d e-con-full e-flex e-con e-child\" data-id=\"1f3cd0d\" data-element_type=\"container\" data-settings=\"{&quot;background_background&quot;:&quot;classic&quot;}\">\n\t\t\t\t<div class=\"elementor-element elementor-element-19a06c9 elementor-widget elementor-widget-heading\" data-id=\"19a06c9\" data-element_type=\"widget\" data-widget_type=\"heading.default\">\n\t\t\t\t<div class=\"elementor-widget-container\">\n\t\t\t\t\t<h2 class=\"elementor-heading-title elementor-size-default\">A f\u00e9 como t\u00e1tica de poder\n<\/h2>\t\t\t\t<\/div>\n\t\t\t\t<\/div>\n\t\t\t\t<div class=\"elementor-element elementor-element-21bcf44 elementor-widget elementor-widget-text-editor\" data-id=\"21bcf44\" data-element_type=\"widget\" data-widget_type=\"text-editor.default\">\n\t\t\t\t<div class=\"elementor-widget-container\">\n\t\t\t\t\t\t\t\t\t<p>Eduardo Paes e Cl\u00e1udio Castro recorreram \u00e0 mesma f\u00f3rmula: instrumentalizar a f\u00e9 ao lado de Malafaia, em nome do lema \u201cDeus, P\u00e1tria e Fam\u00edlia.\u201d Esse gesto, longe de ser inocente, precisa ser lido como movimento estrat\u00e9gico de poder.<\/p><p>Caminhada em Defesa da Liberdade Religiosa<\/p><p>Enquanto milhares de fi\u00e9is se mobilizam anualmente na Caminhada em Defesa da Liberdade Religiosa, reafirmando seu compromisso com a diversidade de cren\u00e7as e o respeito \u00e0s tradi\u00e7\u00f5es, Paes e Castro permanecem ausentes. Essa aus\u00eancia evidencia que seu engajamento religioso \u00e9 estritamente simb\u00f3lico, voltado apenas para impressionar setores conservadores ao lado de Malafaia, e n\u00e3o para apoiar a f\u00e9 genu\u00edna do povo ou defender seus direitos religiosos.<\/p><p>O evento, que \u00e9 coordenado pelo CEAP (Centro de Articula\u00e7\u00e3o de Popula\u00e7\u00e3o Marginalizada) e pelo Professor Doutor Babalorix\u00e1 Ivanir dos Santos, reafirma a import\u00e2ncia da mobiliza\u00e7\u00e3o coletiva em torno da liberdade religiosa. Sob sua lideran\u00e7a e com o apoio de diversas institui\u00e7\u00f5es, a caminhada se consolidou como um espa\u00e7o de resist\u00eancia, di\u00e1logo e valoriza\u00e7\u00e3o das tradi\u00e7\u00f5es de matriz africana, projetando para a sociedade a for\u00e7a da diversidade e da conviv\u00eancia pac\u00edfica entre as cren\u00e7as.<\/p><p>A caminhada contou com a presen\u00e7a de lideran\u00e7as de diferentes matizes religiosas e sociais, entre elas o Pastor Cl\u00e9ber Lucas, o Pastor Otoni de Paula e o Padre GG. Essa composi\u00e7\u00e3o plural evidenciou que o ensino da representatividade vai al\u00e9m do discurso: \u00e9 no gesto coletivo, no encontro entre diferen\u00e7as, que a mensagem se torna mais forte e transformadora.<\/p><p>Estrat\u00e9gia calculada<\/p><p>Em A Arte da Guerra, Sun Tzu ensina que \u201ctoda guerra \u00e9 baseada no engano\u201d\u00b9. Paes e Castro, ao assumirem um discurso religioso, mascaram suas contradi\u00e7\u00f5es pol\u00edticas e sociais para se apresentarem como l\u00edderes pr\u00f3ximos ao povo.<\/p><p>No entanto, a justi\u00e7a social de Cristo, segundo os evangelhos, vai muito al\u00e9m das grandes sinagogas e dos templos luxuosos. Jesus advertiu contra os que aparentam santidade mas negam a pr\u00e1tica da justi\u00e7a e da miseric\u00f3rdia, chamando-os de \u201csepulcros caiados\u201d \u2014 belos por fora, mas cheios de corrup\u00e7\u00e3o por dentro (Mateus 23:27-28)\u00b2.<\/p><p>Essa passagem mostra que a verdadeira espiritualidade n\u00e3o se mede pelo espet\u00e1culo religioso, mas pela pr\u00e1tica concreta de amor, solidariedade e defesa dos marginalizados. \u00c9 justamente essa dimens\u00e3o que se perde quando a f\u00e9 \u00e9 transformada em estrat\u00e9gia de poder pol\u00edtico.<\/p><p>A apar\u00eancia do pr\u00edncipe<\/p><p>Maquiavel, em O Pr\u00edncipe, recomenda que o governante \u201cn\u00e3o precisa ser virtuoso, mas parecer virtuoso\u201d\u00b3. O uso do p\u00falpito religioso e da simbologia crist\u00e3 \u00e9 justamente esse jogo de apar\u00eancia: a encena\u00e7\u00e3o da f\u00e9 serve para fortalecer a imagem de governantes, ainda que suas pr\u00e1ticas n\u00e3o dialoguem com os princ\u00edpios que proclamam.<\/p><p>Nesse cen\u00e1rio, Malafaia desempenha papel central. Ele se posiciona duramente contra ONGs, associa\u00e7\u00f5es comunit\u00e1rias e o pr\u00f3prio terceiro setor \u2014 justamente os espa\u00e7os onde a solidariedade do Cristo \u00e9 vivida de forma concreta, conforme os evangelhos (Mateus 25:35-40)\u2074. Ou seja, combate aqueles que d\u00e3o de comer, de beber, que acolhem e cuidam, ao mesmo tempo em que se apresenta como porta-voz da moral crist\u00e3.<\/p><p>Leis do poder em a\u00e7\u00e3o<\/p><p>Robert Greene, em As 48 Leis do Poder, alerta que uma das formas de manter dom\u00ednio \u00e9 \u201ccontrolar as op\u00e7\u00f5es\u201d\u2075. Paes e Castro oferecem ao p\u00fablico conservador uma escolha aparente: alinhar-se a eles como defensores da moral religiosa, ou cair no campo do \u201cinimigo\u201d. Essa manipula\u00e7\u00e3o da f\u00e9 limita o espa\u00e7o para alternativas pol\u00edticas reais.<\/p><p>Institui\u00e7\u00f5es inclusivas ou extrativas?<\/p><p>Em Por que as Na\u00e7\u00f5es Fracassam, Daron Acemoglu e James Robinson demonstram que sociedades prosperam quando suas institui\u00e7\u00f5es s\u00e3o inclusivas e colapsam quando elites as capturam para si\u2076. Ao se aliarem a Malafaia, prefeito e governador refor\u00e7am pr\u00e1ticas extrativas: a f\u00e9 popular \u00e9 explorada como instrumento de poder, e n\u00e3o como espa\u00e7o de emancipa\u00e7\u00e3o.<\/p><p>Uma leitura negra do poder<\/p><p>Aqui, cabe recuperar o pensamento de Achille Mbembe, que em Necropol\u00edtica nos mostra como o poder moderno se organiza em torno da administra\u00e7\u00e3o da vida e da morte\u2077. Ao instrumentalizar a f\u00e9 e negar pol\u00edticas efetivas para a popula\u00e7\u00e3o preta, Paes e Castro reafirmam uma necropol\u00edtica que marginaliza, controla e descarta vidas negras, ao mesmo tempo em que as usa como espet\u00e1culo para legitimar sua autoridade.<\/p><p>A aproxima\u00e7\u00e3o de Silas Malafaia<\/p><p>A aproxima\u00e7\u00e3o do Pastor Silas Malafaia com determinados governantes nos faz entender uma tentativa de instrumentalizar a f\u00e9 em benef\u00edcio pol\u00edtico, usando estrat\u00e9gias que lembram esperteza. A B\u00edblia adverte claramente: \u201cNingu\u00e9m pode servir a dois senhores; porque ou h\u00e1 de odiar a um e amar o outro, ou se dedicar\u00e1 a um e desprezar\u00e1 o outro\u201d (Mateus 6:24). Observa-se que esses dois j\u00e1 se organizaram em seus grupos visando a governan\u00e7a do Rio nas pr\u00f3ximas elei\u00e7\u00f5es, e que Malafaia mesmo j\u00e1 declarou ter poder de manipula\u00e7\u00e3o de votos entre seus fi\u00e9is. Essa reflex\u00e3o nos lembra que a espiritualidade genu\u00edna n\u00e3o se presta a jogos de poder.<\/p><p>Conclus\u00e3o<\/p><p>A pol\u00edtica que transforma espiritualidade em moeda eleitoral n\u00e3o nos serve. Se a f\u00e9 \u00e9 usada como estrat\u00e9gia de poder, nossa resposta precisa ser transformar a cultura preta e a ancestralidade em estrat\u00e9gia de emancipa\u00e7\u00e3o e poder pol\u00edtico real. S\u00f3 assim garantiremos que nossas vidas e tradi\u00e7\u00f5es n\u00e3o sejam apenas instrumentos na m\u00e3o de governantes, mas caminhos para justi\u00e7a e liberdade.<\/p><p>O evento, por sua vez, mostrou-se lindo, harmonioso e profundamente significativo, provando que o amor e o respeito continuam sendo o melhor caminho para a constru\u00e7\u00e3o de uma sociedade mais justa e solid\u00e1ria.<\/p><p>\u2e3b<br \/>\ud83d\udccc Editorial do Instituto Coisas de Gente Preta<br \/>Por M\u00e1rcio Madeira, coordenador do portal<br \/>\u2e3b<\/p><p>Refer\u00eancias<br \/>1. SUN TZU. A Arte da Guerra. S\u00e3o Paulo: Martins Fontes, 2006.<br \/>2. A B\u00cdBLIA SAGRADA. Evangelho de Mateus, cap\u00edtulo 23, vers\u00edculos 27-28.<br \/>3. MAQUIAVEL, Nicolau. O Pr\u00edncipe. S\u00e3o Paulo: Martins Fontes, 2017.<br \/>4. A B\u00cdBLIA SAGRADA. Evangelho de Mateus, cap\u00edtulo 25, vers\u00edculos 35-40.<br \/>5. GREENE, Robert. As 48 Leis do Poder. Rio de Janeiro: Record, 2000.<br \/>6. ACEMOGLU, Daron; ROBINSON, James. Por que as Na\u00e7\u00f5es Fracassam. Rio de Janeiro: Elsevier, 2012.<br \/>7. MBEMBE, Achille. Necropol\u00edtica. S\u00e3o Paulo: n-1 edi\u00e7\u00f5es, 2018.<\/p>\t\t\t\t\t\t\t\t<\/div>\n\t\t\t\t<\/div>\n\t\t\t\t<\/div>\n\t\t\t\t\t<\/div>\n\t\t\t\t<\/div>\n\t\t\t\t<\/div>\n\t\t","protected":false},"excerpt":{"rendered":"<p>A f\u00e9 como t\u00e1tica de poder Eduardo Paes e Cl\u00e1udio Castro recorreram \u00e0 mesma f\u00f3rmula: instrumentalizar a f\u00e9 ao lado de Malafaia, em nome do lema \u201cDeus, P\u00e1tria e Fam\u00edlia.\u201d Esse gesto, longe de ser inocente, precisa ser lido como movimento estrat\u00e9gico de poder. Caminhada em Defesa da Liberdade Religiosa Enquanto milhares de fi\u00e9is se &hellip;<\/p>\n<p class=\"read-more\"> <a class=\"\" href=\"https:\/\/coisasdegentepreta.com.br\/index.php\/entre-contradicoes-e-aliancas2\/\"> <span class=\"screen-reader-text\">Entre contradi\u00e7\u00f5es e alian\u00e7as2<\/span> Read More &raquo;<\/a><\/p>\n","protected":false},"author":1,"featured_media":0,"parent":0,"menu_order":0,"comment_status":"closed","ping_status":"closed","template":"","meta":{"site-sidebar-layout":"no-sidebar","site-content-layout":"","ast-site-content-layout":"full-width-container","site-content-style":"default","site-sidebar-style":"default","ast-global-header-display":"","ast-banner-title-visibility":"","ast-main-header-display":"","ast-hfb-above-header-display":"","ast-hfb-below-header-display":"","ast-hfb-mobile-header-display":"","site-post-title":"disabled","ast-breadcrumbs-content":"","ast-featured-img":"disabled","footer-sml-layout":"","theme-transparent-header-meta":"","adv-header-id-meta":"","stick-header-meta":"","header-above-stick-meta":"","header-main-stick-meta":"","header-below-stick-meta":"","astra-migrate-meta-layouts":"default","ast-page-background-enabled":"default","ast-page-background-meta":{"desktop":{"background-color":"var(--ast-global-color-4)","background-image":"","background-repeat":"repeat","background-position":"center center","background-size":"auto","background-attachment":"scroll","background-type":"","background-media":"","overlay-type":"","overlay-color":"","overlay-gradient":""},"tablet":{"background-color":"","background-image":"","background-repeat":"repeat","background-position":"center center","background-size":"auto","background-attachment":"scroll","background-type":"","background-media":"","overlay-type":"","overlay-color":"","overlay-gradient":""},"mobile":{"background-color":"","background-image":"","background-repeat":"repeat","background-position":"center center","background-size":"auto","background-attachment":"scroll","background-type":"","background-media":"","overlay-type":"","overlay-color":"","overlay-gradient":""}},"ast-content-background-meta":{"desktop":{"background-color":"var(--ast-global-color-5)","background-image":"","background-repeat":"repeat","background-position":"center center","background-size":"auto","background-attachment":"scroll","background-type":"","background-media":"","overlay-type":"","overlay-color":"","overlay-gradient":""},"tablet":{"background-color":"var(--ast-global-color-5)","background-image":"","background-repeat":"repeat","background-position":"center center","background-size":"auto","background-attachment":"scroll","background-type":"","background-media":"","overlay-type":"","overlay-color":"","overlay-gradient":""},"mobile":{"background-color":"var(--ast-global-color-5)","background-image":"","background-repeat":"repeat","background-position":"center center","background-size":"auto","background-attachment":"scroll","background-type":"","background-media":"","overlay-type":"","overlay-color":"","overlay-gradient":""}},"footnotes":""},"class_list":["post-7160","page","type-page","status-publish","hentry"],"yoast_head":"<!-- This site is optimized with the Yoast SEO plugin v24.2 - https:\/\/yoast.com\/wordpress\/plugins\/seo\/ -->\n<title>Entre contradi\u00e7\u00f5es e alian\u00e7as2 -<\/title>\n<meta name=\"robots\" content=\"index, follow, max-snippet:-1, max-image-preview:large, max-video-preview:-1\" \/>\n<link rel=\"canonical\" href=\"https:\/\/coisasdegentepreta.com.br\/index.php\/entre-contradicoes-e-aliancas2\/\" \/>\n<meta property=\"og:locale\" content=\"en_US\" \/>\n<meta property=\"og:type\" content=\"article\" \/>\n<meta property=\"og:title\" content=\"Entre contradi\u00e7\u00f5es e alian\u00e7as2 -\" \/>\n<meta property=\"og:description\" content=\"A f\u00e9 como t\u00e1tica de poder Eduardo Paes e Cl\u00e1udio Castro recorreram \u00e0 mesma f\u00f3rmula: instrumentalizar a f\u00e9 ao lado de Malafaia, em nome do lema \u201cDeus, P\u00e1tria e Fam\u00edlia.\u201d Esse gesto, longe de ser inocente, precisa ser lido como movimento estrat\u00e9gico de poder. Caminhada em Defesa da Liberdade Religiosa Enquanto milhares de fi\u00e9is se &hellip; Entre contradi\u00e7\u00f5es e alian\u00e7as2 Read More &raquo;\" \/>\n<meta property=\"og:url\" content=\"https:\/\/coisasdegentepreta.com.br\/index.php\/entre-contradicoes-e-aliancas2\/\" \/>\n<meta property=\"article:publisher\" content=\"https:\/\/facebook.com\/cmmcomcoisasdegente\" \/>\n<meta property=\"article:modified_time\" content=\"2025-09-22T11:07:37+00:00\" \/>\n<meta property=\"og:image\" content=\"https:\/\/coisasdegentepreta.com.br\/wp-content\/uploads\/2025\/09\/Imagem-do-WhatsApp-de-2025-09-22-as-07.21.21_3d813375.jpg\" \/>\n\t<meta property=\"og:image:width\" content=\"720\" \/>\n\t<meta property=\"og:image:height\" content=\"1280\" \/>\n\t<meta property=\"og:image:type\" content=\"image\/jpeg\" \/>\n<meta name=\"twitter:card\" content=\"summary_large_image\" \/>\n<meta name=\"twitter:site\" content=\"@cmmcomcoisasdegente\" \/>\n<meta name=\"twitter:label1\" content=\"Est. reading time\" \/>\n\t<meta name=\"twitter:data1\" content=\"5 minutes\" \/>\n<script type=\"application\/ld+json\" class=\"yoast-schema-graph\">{\"@context\":\"https:\/\/schema.org\",\"@graph\":[{\"@type\":\"WebPage\",\"@id\":\"https:\/\/coisasdegentepreta.com.br\/index.php\/entre-contradicoes-e-aliancas2\/\",\"url\":\"https:\/\/coisasdegentepreta.com.br\/index.php\/entre-contradicoes-e-aliancas2\/\",\"name\":\"Entre contradi\u00e7\u00f5es e alian\u00e7as2 -\",\"isPartOf\":{\"@id\":\"https:\/\/coisasdegentepreta.com.br\/#website\"},\"primaryImageOfPage\":{\"@id\":\"https:\/\/coisasdegentepreta.com.br\/index.php\/entre-contradicoes-e-aliancas2\/#primaryimage\"},\"image\":{\"@id\":\"https:\/\/coisasdegentepreta.com.br\/index.php\/entre-contradicoes-e-aliancas2\/#primaryimage\"},\"thumbnailUrl\":\"https:\/\/coisasdegentepreta.com.br\/wp-content\/uploads\/2025\/09\/Imagem-do-WhatsApp-de-2025-09-22-as-07.21.21_3d813375.jpg\",\"datePublished\":\"2025-09-22T10:43:12+00:00\",\"dateModified\":\"2025-09-22T11:07:37+00:00\",\"breadcrumb\":{\"@id\":\"https:\/\/coisasdegentepreta.com.br\/index.php\/entre-contradicoes-e-aliancas2\/#breadcrumb\"},\"inLanguage\":\"en-US\",\"potentialAction\":[{\"@type\":\"ReadAction\",\"target\":[\"https:\/\/coisasdegentepreta.com.br\/index.php\/entre-contradicoes-e-aliancas2\/\"]}]},{\"@type\":\"ImageObject\",\"inLanguage\":\"en-US\",\"@id\":\"https:\/\/coisasdegentepreta.com.br\/index.php\/entre-contradicoes-e-aliancas2\/#primaryimage\",\"url\":\"https:\/\/coisasdegentepreta.com.br\/wp-content\/uploads\/2025\/09\/Imagem-do-WhatsApp-de-2025-09-22-as-07.21.21_3d813375.jpg\",\"contentUrl\":\"https:\/\/coisasdegentepreta.com.br\/wp-content\/uploads\/2025\/09\/Imagem-do-WhatsApp-de-2025-09-22-as-07.21.21_3d813375.jpg\",\"width\":720,\"height\":1280},{\"@type\":\"BreadcrumbList\",\"@id\":\"https:\/\/coisasdegentepreta.com.br\/index.php\/entre-contradicoes-e-aliancas2\/#breadcrumb\",\"itemListElement\":[{\"@type\":\"ListItem\",\"position\":1,\"name\":\"ECMM\",\"item\":\"https:\/\/coisasdegentepreta.com.br\/\"},{\"@type\":\"ListItem\",\"position\":2,\"name\":\"Entre contradi\u00e7\u00f5es e alian\u00e7as2\"}]},{\"@type\":\"WebSite\",\"@id\":\"https:\/\/coisasdegentepreta.com.br\/#website\",\"url\":\"https:\/\/coisasdegentepreta.com.br\/\",\"name\":\"https:\/\/coisasdegentepreta.com.br\",\"description\":\"\",\"publisher\":{\"@id\":\"https:\/\/coisasdegentepreta.com.br\/#organization\"},\"potentialAction\":[{\"@type\":\"SearchAction\",\"target\":{\"@type\":\"EntryPoint\",\"urlTemplate\":\"https:\/\/coisasdegentepreta.com.br\/?s={search_term_string}\"},\"query-input\":{\"@type\":\"PropertyValueSpecification\",\"valueRequired\":true,\"valueName\":\"search_term_string\"}}],\"inLanguage\":\"en-US\"},{\"@type\":\"Organization\",\"@id\":\"https:\/\/coisasdegentepreta.com.br\/#organization\",\"name\":\"Espa\u00e7o de Capacita\u00e7\u00e3o M\u00e1rcio Madeira RJ\",\"url\":\"https:\/\/coisasdegentepreta.com.br\/\",\"logo\":{\"@type\":\"ImageObject\",\"inLanguage\":\"en-US\",\"@id\":\"https:\/\/coisasdegentepreta.com.br\/#\/schema\/logo\/image\/\",\"url\":\"https:\/\/coisasdegentepreta.com.br\/wp-content\/uploads\/2023\/12\/logo-2.png\",\"contentUrl\":\"https:\/\/coisasdegentepreta.com.br\/wp-content\/uploads\/2023\/12\/logo-2.png\",\"width\":2064,\"height\":1021,\"caption\":\"Espa\u00e7o de Capacita\u00e7\u00e3o M\u00e1rcio Madeira RJ\"},\"image\":{\"@id\":\"https:\/\/coisasdegentepreta.com.br\/#\/schema\/logo\/image\/\"},\"sameAs\":[\"https:\/\/facebook.com\/cmmcomcoisasdegente\",\"https:\/\/x.com\/cmmcomcoisasdegente\",\"https:\/\/instagram.com\/cmmcomcoisasdegente\"]}]}<\/script>\n<!-- \/ Yoast SEO plugin. -->","yoast_head_json":{"title":"Entre contradi\u00e7\u00f5es e alian\u00e7as2 -","robots":{"index":"index","follow":"follow","max-snippet":"max-snippet:-1","max-image-preview":"max-image-preview:large","max-video-preview":"max-video-preview:-1"},"canonical":"https:\/\/coisasdegentepreta.com.br\/index.php\/entre-contradicoes-e-aliancas2\/","og_locale":"en_US","og_type":"article","og_title":"Entre contradi\u00e7\u00f5es e alian\u00e7as2 -","og_description":"A f\u00e9 como t\u00e1tica de poder Eduardo Paes e Cl\u00e1udio Castro recorreram \u00e0 mesma f\u00f3rmula: instrumentalizar a f\u00e9 ao lado de Malafaia, em nome do lema \u201cDeus, P\u00e1tria e Fam\u00edlia.\u201d Esse gesto, longe de ser inocente, precisa ser lido como movimento estrat\u00e9gico de poder. Caminhada em Defesa da Liberdade Religiosa Enquanto milhares de fi\u00e9is se &hellip; Entre contradi\u00e7\u00f5es e alian\u00e7as2 Read More &raquo;","og_url":"https:\/\/coisasdegentepreta.com.br\/index.php\/entre-contradicoes-e-aliancas2\/","article_publisher":"https:\/\/facebook.com\/cmmcomcoisasdegente","article_modified_time":"2025-09-22T11:07:37+00:00","og_image":[{"width":720,"height":1280,"url":"https:\/\/coisasdegentepreta.com.br\/wp-content\/uploads\/2025\/09\/Imagem-do-WhatsApp-de-2025-09-22-as-07.21.21_3d813375.jpg","type":"image\/jpeg"}],"twitter_card":"summary_large_image","twitter_site":"@cmmcomcoisasdegente","twitter_misc":{"Est. reading time":"5 minutes"},"schema":{"@context":"https:\/\/schema.org","@graph":[{"@type":"WebPage","@id":"https:\/\/coisasdegentepreta.com.br\/index.php\/entre-contradicoes-e-aliancas2\/","url":"https:\/\/coisasdegentepreta.com.br\/index.php\/entre-contradicoes-e-aliancas2\/","name":"Entre contradi\u00e7\u00f5es e alian\u00e7as2 -","isPartOf":{"@id":"https:\/\/coisasdegentepreta.com.br\/#website"},"primaryImageOfPage":{"@id":"https:\/\/coisasdegentepreta.com.br\/index.php\/entre-contradicoes-e-aliancas2\/#primaryimage"},"image":{"@id":"https:\/\/coisasdegentepreta.com.br\/index.php\/entre-contradicoes-e-aliancas2\/#primaryimage"},"thumbnailUrl":"https:\/\/coisasdegentepreta.com.br\/wp-content\/uploads\/2025\/09\/Imagem-do-WhatsApp-de-2025-09-22-as-07.21.21_3d813375.jpg","datePublished":"2025-09-22T10:43:12+00:00","dateModified":"2025-09-22T11:07:37+00:00","breadcrumb":{"@id":"https:\/\/coisasdegentepreta.com.br\/index.php\/entre-contradicoes-e-aliancas2\/#breadcrumb"},"inLanguage":"en-US","potentialAction":[{"@type":"ReadAction","target":["https:\/\/coisasdegentepreta.com.br\/index.php\/entre-contradicoes-e-aliancas2\/"]}]},{"@type":"ImageObject","inLanguage":"en-US","@id":"https:\/\/coisasdegentepreta.com.br\/index.php\/entre-contradicoes-e-aliancas2\/#primaryimage","url":"https:\/\/coisasdegentepreta.com.br\/wp-content\/uploads\/2025\/09\/Imagem-do-WhatsApp-de-2025-09-22-as-07.21.21_3d813375.jpg","contentUrl":"https:\/\/coisasdegentepreta.com.br\/wp-content\/uploads\/2025\/09\/Imagem-do-WhatsApp-de-2025-09-22-as-07.21.21_3d813375.jpg","width":720,"height":1280},{"@type":"BreadcrumbList","@id":"https:\/\/coisasdegentepreta.com.br\/index.php\/entre-contradicoes-e-aliancas2\/#breadcrumb","itemListElement":[{"@type":"ListItem","position":1,"name":"ECMM","item":"https:\/\/coisasdegentepreta.com.br\/"},{"@type":"ListItem","position":2,"name":"Entre contradi\u00e7\u00f5es e alian\u00e7as2"}]},{"@type":"WebSite","@id":"https:\/\/coisasdegentepreta.com.br\/#website","url":"https:\/\/coisasdegentepreta.com.br\/","name":"https:\/\/coisasdegentepreta.com.br","description":"","publisher":{"@id":"https:\/\/coisasdegentepreta.com.br\/#organization"},"potentialAction":[{"@type":"SearchAction","target":{"@type":"EntryPoint","urlTemplate":"https:\/\/coisasdegentepreta.com.br\/?s={search_term_string}"},"query-input":{"@type":"PropertyValueSpecification","valueRequired":true,"valueName":"search_term_string"}}],"inLanguage":"en-US"},{"@type":"Organization","@id":"https:\/\/coisasdegentepreta.com.br\/#organization","name":"Espa\u00e7o de Capacita\u00e7\u00e3o M\u00e1rcio Madeira RJ","url":"https:\/\/coisasdegentepreta.com.br\/","logo":{"@type":"ImageObject","inLanguage":"en-US","@id":"https:\/\/coisasdegentepreta.com.br\/#\/schema\/logo\/image\/","url":"https:\/\/coisasdegentepreta.com.br\/wp-content\/uploads\/2023\/12\/logo-2.png","contentUrl":"https:\/\/coisasdegentepreta.com.br\/wp-content\/uploads\/2023\/12\/logo-2.png","width":2064,"height":1021,"caption":"Espa\u00e7o de Capacita\u00e7\u00e3o M\u00e1rcio Madeira RJ"},"image":{"@id":"https:\/\/coisasdegentepreta.com.br\/#\/schema\/logo\/image\/"},"sameAs":["https:\/\/facebook.com\/cmmcomcoisasdegente","https:\/\/x.com\/cmmcomcoisasdegente","https:\/\/instagram.com\/cmmcomcoisasdegente"]}]}},"_links":{"self":[{"href":"https:\/\/coisasdegentepreta.com.br\/index.php\/wp-json\/wp\/v2\/pages\/7160","targetHints":{"allow":["GET"]}}],"collection":[{"href":"https:\/\/coisasdegentepreta.com.br\/index.php\/wp-json\/wp\/v2\/pages"}],"about":[{"href":"https:\/\/coisasdegentepreta.com.br\/index.php\/wp-json\/wp\/v2\/types\/page"}],"author":[{"embeddable":true,"href":"https:\/\/coisasdegentepreta.com.br\/index.php\/wp-json\/wp\/v2\/users\/1"}],"replies":[{"embeddable":true,"href":"https:\/\/coisasdegentepreta.com.br\/index.php\/wp-json\/wp\/v2\/comments?post=7160"}],"version-history":[{"count":13,"href":"https:\/\/coisasdegentepreta.com.br\/index.php\/wp-json\/wp\/v2\/pages\/7160\/revisions"}],"predecessor-version":[{"id":7195,"href":"https:\/\/coisasdegentepreta.com.br\/index.php\/wp-json\/wp\/v2\/pages\/7160\/revisions\/7195"}],"wp:attachment":[{"href":"https:\/\/coisasdegentepreta.com.br\/index.php\/wp-json\/wp\/v2\/media?parent=7160"}],"curies":[{"name":"wp","href":"https:\/\/api.w.org\/{rel}","templated":true}]}}