{"id":7130,"date":"2025-09-17T08:12:05","date_gmt":"2025-09-17T11:12:05","guid":{"rendered":"https:\/\/coisasdegentepreta.com.br\/?page_id=7130"},"modified":"2025-09-17T08:26:39","modified_gmt":"2025-09-17T11:26:39","slug":"viva-pequena-africa","status":"publish","type":"page","link":"https:\/\/coisasdegentepreta.com.br\/index.php\/viva-pequena-africa\/","title":{"rendered":"Viva pequena \u00c1frica"},"content":{"rendered":"\t\t<div data-elementor-type=\"wp-page\" data-elementor-id=\"7130\" class=\"elementor elementor-7130\">\n\t\t\t\t<div class=\"elementor-element elementor-element-35f79ae e-flex e-con-boxed e-con e-parent\" data-id=\"35f79ae\" data-element_type=\"container\" data-settings=\"{&quot;background_background&quot;:&quot;classic&quot;}\">\n\t\t\t\t\t<div class=\"e-con-inner\">\n\t\t<div class=\"elementor-element elementor-element-80a9e4f e-con-full e-flex e-con e-child\" data-id=\"80a9e4f\" data-element_type=\"container\" data-settings=\"{&quot;background_background&quot;:&quot;classic&quot;}\">\n\t\t<div class=\"elementor-element elementor-element-654acc0 e-con-full e-flex e-con e-child\" data-id=\"654acc0\" data-element_type=\"container\" data-settings=\"{&quot;background_background&quot;:&quot;classic&quot;}\">\n\t\t\t\t<div class=\"elementor-element elementor-element-efbc906 elementor-widget elementor-widget-video\" data-id=\"efbc906\" data-element_type=\"widget\" data-settings=\"{&quot;video_type&quot;:&quot;hosted&quot;,&quot;controls&quot;:&quot;yes&quot;}\" data-widget_type=\"video.default\">\n\t\t\t\t<div class=\"elementor-widget-container\">\n\t\t\t\t\t\t\t<div class=\"e-hosted-video elementor-wrapper elementor-open-inline\">\n\t\t\t\t\t<video class=\"elementor-video\" src=\"https:\/\/coisasdegentepreta.com.br\/wp-content\/uploads\/2025\/09\/Video-do-WhatsApp-de-2025-09-17-as-07.55.20_222c8062.mp4\" controls=\"\" preload=\"metadata\" controlsList=\"nodownload\"><\/video>\n\t\t\t\t<\/div>\n\t\t\t\t\t\t<\/div>\n\t\t\t\t<\/div>\n\t\t\t\t<\/div>\n\t\t\t\t<\/div>\n\t\t<div class=\"elementor-element elementor-element-bf34995 e-con-full e-flex e-con e-child\" data-id=\"bf34995\" data-element_type=\"container\" data-settings=\"{&quot;background_background&quot;:&quot;classic&quot;}\">\n\t\t\t\t<div class=\"elementor-element elementor-element-01d1839 elementor-widget elementor-widget-heading\" data-id=\"01d1839\" data-element_type=\"widget\" data-widget_type=\"heading.default\">\n\t\t\t\t<div class=\"elementor-widget-container\">\n\t\t\t\t\t<h2 class=\"elementor-heading-title elementor-size-default\">Viva Pequena \u00c1frica\n<\/h2>\t\t\t\t<\/div>\n\t\t\t\t<\/div>\n\t\t\t\t<div class=\"elementor-element elementor-element-68a279a elementor-widget elementor-widget-text-editor\" data-id=\"68a279a\" data-element_type=\"widget\" data-widget_type=\"text-editor.default\">\n\t\t\t\t<div class=\"elementor-widget-container\">\n\t\t\t\t\t\t\t\t\t<div>A Pequena \u00c1frica \u00e9 um territ\u00f3rio de mem\u00f3ria, luta e cria\u00e7\u00e3o, onde a cultura preta do Rio pulsa com for\u00e7a e ancestralidade. Foi nesse espa\u00e7o simb\u00f3lico e real que o Banco Nacional de Desenvolvimento Econ\u00f4mico e Social (BNDES) lan\u00e7ou o edital Viva Pequena \u00c1frica, iniciativa que reuniu parceiros como CEAP, Di\u00e1spora.Black, Feira Preta e grandes funda\u00e7\u00f5es para fortalecer institui\u00e7\u00f5es culturais e coletivos que atuam pela valoriza\u00e7\u00e3o da mem\u00f3ria afro-brasileira.<\/div><div>\u00a0<\/div><div>Com um aporte de R$5 milh\u00f5es, o edital contemplou 11 projetos, que agora se somam para resgatar hist\u00f3rias, potencializar saberes e ampliar a pot\u00eancia do territ\u00f3rio. Cada institui\u00e7\u00e3o selecionada receber\u00e1 entre R$ 308 mil e R$ 500 mil, al\u00e9m de participar de um ciclo formativo em gest\u00e3o, governan\u00e7a e comunica\u00e7\u00e3o, construindo n\u00e3o apenas a\u00e7\u00f5es pontuais, mas tamb\u00e9m sustentabilidade para o futuro.<\/div><div>\u00a0<\/div><div>Institui\u00e7\u00f5es contempladas:<\/div><div>\u00a0<\/div><div>1.Il\u00ea As\u00e9 Iy\u00e1 Omi Funfun<\/div><div>2.Providenciando a Favor da Vida<\/div><div>3.Afox\u00e9 Filhos de Gandhi<\/div><div>4.Cora\u00e7\u00e3o das Meninas<\/div><div>5.Casar\u00e3o Cultural Jo\u00e3o de Alab\u00e1<\/div><div>6.Instituto Efeito Urbano<\/div><div>7.Prata Preta<\/div><div>8.Casa Amarela<\/div><div>9.Instituto Entre o C\u00e9u e a Favela<\/div><div>10.Casa Tia Ciata<\/div><div>11.Casa Escreviv\u00eancias<\/div><div>\u00a0<\/div><div>Mais que um investimento, trata-se de um ato de repara\u00e7\u00e3o hist\u00f3rica e fortalecimento da cultura preta em uma cidade que tantas vezes negligenciou suas ra\u00edzes africanas.<\/div><div>\u00a0<\/div><div>\u2728 Reflex\u00e3o final<\/div><div>Ao celebrarmos essas institui\u00e7\u00f5es, n\u00e3o podemos esquecer que a cultura preta, tantas vezes desvalorizada e marginalizada, \u00e9 justamente a base da identidade carioca e brasileira. Apoiar a Pequena \u00c1frica n\u00e3o \u00e9 favor, \u00e9 justi\u00e7a. Que este seja apenas um passo de muitos na dire\u00e7\u00e3o de um Rio que reconhe\u00e7a, respeite e valorize quem sustenta sua alma cultural.<\/div><div>\u00a0<\/div><div>Ax\u00e9, Rio! \ud83e\udd0d<\/div>\t\t\t\t\t\t\t\t<\/div>\n\t\t\t\t<\/div>\n\t\t\t\t<\/div>\n\t\t\t\t\t<\/div>\n\t\t\t\t<\/div>\n\t\t\t\t<\/div>\n\t\t","protected":false},"excerpt":{"rendered":"<p>https:\/\/coisasdegentepreta.com.br\/wp-content\/uploads\/2025\/09\/Video-do-WhatsApp-de-2025-09-17-as-07.55.20_222c8062.mp4 Viva Pequena \u00c1frica A Pequena \u00c1frica \u00e9 um territ\u00f3rio de mem\u00f3ria, luta e cria\u00e7\u00e3o, onde a cultura preta do Rio pulsa com for\u00e7a e ancestralidade. Foi nesse espa\u00e7o simb\u00f3lico e real que o Banco Nacional de Desenvolvimento Econ\u00f4mico e Social (BNDES) lan\u00e7ou o edital Viva Pequena \u00c1frica, iniciativa que reuniu parceiros como CEAP, Di\u00e1spora.Black, &hellip;<\/p>\n<p class=\"read-more\"> <a class=\"\" href=\"https:\/\/coisasdegentepreta.com.br\/index.php\/viva-pequena-africa\/\"> <span class=\"screen-reader-text\">Viva pequena \u00c1frica<\/span> Read More &raquo;<\/a><\/p>\n","protected":false},"author":1,"featured_media":0,"parent":0,"menu_order":0,"comment_status":"closed","ping_status":"closed","template":"","meta":{"site-sidebar-layout":"no-sidebar","site-content-layout":"","ast-site-content-layout":"full-width-container","site-content-style":"default","site-sidebar-style":"default","ast-global-header-display":"","ast-banner-title-visibility":"","ast-main-header-display":"","ast-hfb-above-header-display":"","ast-hfb-below-header-display":"","ast-hfb-mobile-header-display":"","site-post-title":"disabled","ast-breadcrumbs-content":"","ast-featured-img":"disabled","footer-sml-layout":"","theme-transparent-header-meta":"","adv-header-id-meta":"","stick-header-meta":"","header-above-stick-meta":"","header-main-stick-meta":"","header-below-stick-meta":"","astra-migrate-meta-layouts":"default","ast-page-background-enabled":"default","ast-page-background-meta":{"desktop":{"background-color":"var(--ast-global-color-4)","background-image":"","background-repeat":"repeat","background-position":"center center","background-size":"auto","background-attachment":"scroll","background-type":"","background-media":"","overlay-type":"","overlay-color":"","overlay-gradient":""},"tablet":{"background-color":"","background-image":"","background-repeat":"repeat","background-position":"center center","background-size":"auto","background-attachment":"scroll","background-type":"","background-media":"","overlay-type":"","overlay-color":"","overlay-gradient":""},"mobile":{"background-color":"","background-image":"","background-repeat":"repeat","background-position":"center center","background-size":"auto","background-attachment":"scroll","background-type":"","background-media":"","overlay-type":"","overlay-color":"","overlay-gradient":""}},"ast-content-background-meta":{"desktop":{"background-color":"var(--ast-global-color-5)","background-image":"","background-repeat":"repeat","background-position":"center center","background-size":"auto","background-attachment":"scroll","background-type":"","background-media":"","overlay-type":"","overlay-color":"","overlay-gradient":""},"tablet":{"background-color":"var(--ast-global-color-5)","background-image":"","background-repeat":"repeat","background-position":"center center","background-size":"auto","background-attachment":"scroll","background-type":"","background-media":"","overlay-type":"","overlay-color":"","overlay-gradient":""},"mobile":{"background-color":"var(--ast-global-color-5)","background-image":"","background-repeat":"repeat","background-position":"center center","background-size":"auto","background-attachment":"scroll","background-type":"","background-media":"","overlay-type":"","overlay-color":"","overlay-gradient":""}},"footnotes":""},"class_list":["post-7130","page","type-page","status-publish","hentry"],"yoast_head":"<!-- This site is optimized with the Yoast SEO plugin v24.2 - https:\/\/yoast.com\/wordpress\/plugins\/seo\/ -->\n<title>Viva pequena \u00c1frica -<\/title>\n<meta name=\"robots\" content=\"index, follow, max-snippet:-1, max-image-preview:large, max-video-preview:-1\" \/>\n<link rel=\"canonical\" href=\"https:\/\/coisasdegentepreta.com.br\/index.php\/viva-pequena-africa\/\" \/>\n<meta property=\"og:locale\" content=\"en_US\" \/>\n<meta property=\"og:type\" content=\"article\" \/>\n<meta property=\"og:title\" content=\"Viva pequena \u00c1frica -\" \/>\n<meta property=\"og:description\" content=\"https:\/\/coisasdegentepreta.com.br\/wp-content\/uploads\/2025\/09\/Video-do-WhatsApp-de-2025-09-17-as-07.55.20_222c8062.mp4 Viva Pequena \u00c1frica A Pequena \u00c1frica \u00e9 um territ\u00f3rio de mem\u00f3ria, luta e cria\u00e7\u00e3o, onde a cultura preta do Rio pulsa com for\u00e7a e ancestralidade. Foi nesse espa\u00e7o simb\u00f3lico e real que o Banco Nacional de Desenvolvimento Econ\u00f4mico e Social (BNDES) lan\u00e7ou o edital Viva Pequena \u00c1frica, iniciativa que reuniu parceiros como CEAP, Di\u00e1spora.Black, &hellip; Viva pequena \u00c1frica Read More &raquo;\" \/>\n<meta property=\"og:url\" content=\"https:\/\/coisasdegentepreta.com.br\/index.php\/viva-pequena-africa\/\" \/>\n<meta property=\"article:publisher\" content=\"https:\/\/facebook.com\/cmmcomcoisasdegente\" \/>\n<meta property=\"article:modified_time\" content=\"2025-09-17T11:26:39+00:00\" \/>\n<meta name=\"twitter:card\" content=\"summary_large_image\" \/>\n<meta name=\"twitter:site\" content=\"@cmmcomcoisasdegente\" \/>\n<meta name=\"twitter:label1\" content=\"Est. reading time\" \/>\n\t<meta name=\"twitter:data1\" content=\"2 minutes\" \/>\n<script type=\"application\/ld+json\" class=\"yoast-schema-graph\">{\"@context\":\"https:\/\/schema.org\",\"@graph\":[{\"@type\":\"WebPage\",\"@id\":\"https:\/\/coisasdegentepreta.com.br\/index.php\/viva-pequena-africa\/\",\"url\":\"https:\/\/coisasdegentepreta.com.br\/index.php\/viva-pequena-africa\/\",\"name\":\"Viva pequena \u00c1frica -\",\"isPartOf\":{\"@id\":\"https:\/\/coisasdegentepreta.com.br\/#website\"},\"datePublished\":\"2025-09-17T11:12:05+00:00\",\"dateModified\":\"2025-09-17T11:26:39+00:00\",\"breadcrumb\":{\"@id\":\"https:\/\/coisasdegentepreta.com.br\/index.php\/viva-pequena-africa\/#breadcrumb\"},\"inLanguage\":\"en-US\",\"potentialAction\":[{\"@type\":\"ReadAction\",\"target\":[\"https:\/\/coisasdegentepreta.com.br\/index.php\/viva-pequena-africa\/\"]}]},{\"@type\":\"BreadcrumbList\",\"@id\":\"https:\/\/coisasdegentepreta.com.br\/index.php\/viva-pequena-africa\/#breadcrumb\",\"itemListElement\":[{\"@type\":\"ListItem\",\"position\":1,\"name\":\"ECMM\",\"item\":\"https:\/\/coisasdegentepreta.com.br\/\"},{\"@type\":\"ListItem\",\"position\":2,\"name\":\"Viva pequena \u00c1frica\"}]},{\"@type\":\"WebSite\",\"@id\":\"https:\/\/coisasdegentepreta.com.br\/#website\",\"url\":\"https:\/\/coisasdegentepreta.com.br\/\",\"name\":\"https:\/\/coisasdegentepreta.com.br\",\"description\":\"\",\"publisher\":{\"@id\":\"https:\/\/coisasdegentepreta.com.br\/#organization\"},\"potentialAction\":[{\"@type\":\"SearchAction\",\"target\":{\"@type\":\"EntryPoint\",\"urlTemplate\":\"https:\/\/coisasdegentepreta.com.br\/?s={search_term_string}\"},\"query-input\":{\"@type\":\"PropertyValueSpecification\",\"valueRequired\":true,\"valueName\":\"search_term_string\"}}],\"inLanguage\":\"en-US\"},{\"@type\":\"Organization\",\"@id\":\"https:\/\/coisasdegentepreta.com.br\/#organization\",\"name\":\"Espa\u00e7o de Capacita\u00e7\u00e3o M\u00e1rcio Madeira RJ\",\"url\":\"https:\/\/coisasdegentepreta.com.br\/\",\"logo\":{\"@type\":\"ImageObject\",\"inLanguage\":\"en-US\",\"@id\":\"https:\/\/coisasdegentepreta.com.br\/#\/schema\/logo\/image\/\",\"url\":\"https:\/\/coisasdegentepreta.com.br\/wp-content\/uploads\/2023\/12\/logo-2.png\",\"contentUrl\":\"https:\/\/coisasdegentepreta.com.br\/wp-content\/uploads\/2023\/12\/logo-2.png\",\"width\":2064,\"height\":1021,\"caption\":\"Espa\u00e7o de Capacita\u00e7\u00e3o M\u00e1rcio Madeira RJ\"},\"image\":{\"@id\":\"https:\/\/coisasdegentepreta.com.br\/#\/schema\/logo\/image\/\"},\"sameAs\":[\"https:\/\/facebook.com\/cmmcomcoisasdegente\",\"https:\/\/x.com\/cmmcomcoisasdegente\",\"https:\/\/instagram.com\/cmmcomcoisasdegente\"]}]}<\/script>\n<!-- \/ Yoast SEO plugin. -->","yoast_head_json":{"title":"Viva pequena \u00c1frica -","robots":{"index":"index","follow":"follow","max-snippet":"max-snippet:-1","max-image-preview":"max-image-preview:large","max-video-preview":"max-video-preview:-1"},"canonical":"https:\/\/coisasdegentepreta.com.br\/index.php\/viva-pequena-africa\/","og_locale":"en_US","og_type":"article","og_title":"Viva pequena \u00c1frica -","og_description":"https:\/\/coisasdegentepreta.com.br\/wp-content\/uploads\/2025\/09\/Video-do-WhatsApp-de-2025-09-17-as-07.55.20_222c8062.mp4 Viva Pequena \u00c1frica A Pequena \u00c1frica \u00e9 um territ\u00f3rio de mem\u00f3ria, luta e cria\u00e7\u00e3o, onde a cultura preta do Rio pulsa com for\u00e7a e ancestralidade. Foi nesse espa\u00e7o simb\u00f3lico e real que o Banco Nacional de Desenvolvimento Econ\u00f4mico e Social (BNDES) lan\u00e7ou o edital Viva Pequena \u00c1frica, iniciativa que reuniu parceiros como CEAP, Di\u00e1spora.Black, &hellip; Viva pequena \u00c1frica Read More &raquo;","og_url":"https:\/\/coisasdegentepreta.com.br\/index.php\/viva-pequena-africa\/","article_publisher":"https:\/\/facebook.com\/cmmcomcoisasdegente","article_modified_time":"2025-09-17T11:26:39+00:00","twitter_card":"summary_large_image","twitter_site":"@cmmcomcoisasdegente","twitter_misc":{"Est. reading time":"2 minutes"},"schema":{"@context":"https:\/\/schema.org","@graph":[{"@type":"WebPage","@id":"https:\/\/coisasdegentepreta.com.br\/index.php\/viva-pequena-africa\/","url":"https:\/\/coisasdegentepreta.com.br\/index.php\/viva-pequena-africa\/","name":"Viva pequena \u00c1frica -","isPartOf":{"@id":"https:\/\/coisasdegentepreta.com.br\/#website"},"datePublished":"2025-09-17T11:12:05+00:00","dateModified":"2025-09-17T11:26:39+00:00","breadcrumb":{"@id":"https:\/\/coisasdegentepreta.com.br\/index.php\/viva-pequena-africa\/#breadcrumb"},"inLanguage":"en-US","potentialAction":[{"@type":"ReadAction","target":["https:\/\/coisasdegentepreta.com.br\/index.php\/viva-pequena-africa\/"]}]},{"@type":"BreadcrumbList","@id":"https:\/\/coisasdegentepreta.com.br\/index.php\/viva-pequena-africa\/#breadcrumb","itemListElement":[{"@type":"ListItem","position":1,"name":"ECMM","item":"https:\/\/coisasdegentepreta.com.br\/"},{"@type":"ListItem","position":2,"name":"Viva pequena \u00c1frica"}]},{"@type":"WebSite","@id":"https:\/\/coisasdegentepreta.com.br\/#website","url":"https:\/\/coisasdegentepreta.com.br\/","name":"https:\/\/coisasdegentepreta.com.br","description":"","publisher":{"@id":"https:\/\/coisasdegentepreta.com.br\/#organization"},"potentialAction":[{"@type":"SearchAction","target":{"@type":"EntryPoint","urlTemplate":"https:\/\/coisasdegentepreta.com.br\/?s={search_term_string}"},"query-input":{"@type":"PropertyValueSpecification","valueRequired":true,"valueName":"search_term_string"}}],"inLanguage":"en-US"},{"@type":"Organization","@id":"https:\/\/coisasdegentepreta.com.br\/#organization","name":"Espa\u00e7o de Capacita\u00e7\u00e3o M\u00e1rcio Madeira RJ","url":"https:\/\/coisasdegentepreta.com.br\/","logo":{"@type":"ImageObject","inLanguage":"en-US","@id":"https:\/\/coisasdegentepreta.com.br\/#\/schema\/logo\/image\/","url":"https:\/\/coisasdegentepreta.com.br\/wp-content\/uploads\/2023\/12\/logo-2.png","contentUrl":"https:\/\/coisasdegentepreta.com.br\/wp-content\/uploads\/2023\/12\/logo-2.png","width":2064,"height":1021,"caption":"Espa\u00e7o de Capacita\u00e7\u00e3o M\u00e1rcio Madeira RJ"},"image":{"@id":"https:\/\/coisasdegentepreta.com.br\/#\/schema\/logo\/image\/"},"sameAs":["https:\/\/facebook.com\/cmmcomcoisasdegente","https:\/\/x.com\/cmmcomcoisasdegente","https:\/\/instagram.com\/cmmcomcoisasdegente"]}]}},"_links":{"self":[{"href":"https:\/\/coisasdegentepreta.com.br\/index.php\/wp-json\/wp\/v2\/pages\/7130","targetHints":{"allow":["GET"]}}],"collection":[{"href":"https:\/\/coisasdegentepreta.com.br\/index.php\/wp-json\/wp\/v2\/pages"}],"about":[{"href":"https:\/\/coisasdegentepreta.com.br\/index.php\/wp-json\/wp\/v2\/types\/page"}],"author":[{"embeddable":true,"href":"https:\/\/coisasdegentepreta.com.br\/index.php\/wp-json\/wp\/v2\/users\/1"}],"replies":[{"embeddable":true,"href":"https:\/\/coisasdegentepreta.com.br\/index.php\/wp-json\/wp\/v2\/comments?post=7130"}],"version-history":[{"count":4,"href":"https:\/\/coisasdegentepreta.com.br\/index.php\/wp-json\/wp\/v2\/pages\/7130\/revisions"}],"predecessor-version":[{"id":7136,"href":"https:\/\/coisasdegentepreta.com.br\/index.php\/wp-json\/wp\/v2\/pages\/7130\/revisions\/7136"}],"wp:attachment":[{"href":"https:\/\/coisasdegentepreta.com.br\/index.php\/wp-json\/wp\/v2\/media?parent=7130"}],"curies":[{"name":"wp","href":"https:\/\/api.w.org\/{rel}","templated":true}]}}