{"id":7112,"date":"2025-09-17T07:55:02","date_gmt":"2025-09-17T10:55:02","guid":{"rendered":"https:\/\/coisasdegentepreta.com.br\/?page_id=7112"},"modified":"2025-09-17T07:57:49","modified_gmt":"2025-09-17T10:57:49","slug":"entre-contradicoes-e-aliancas","status":"publish","type":"page","link":"https:\/\/coisasdegentepreta.com.br\/index.php\/entre-contradicoes-e-aliancas\/","title":{"rendered":"Entre contradi\u00e7\u00f5es e alian\u00e7as"},"content":{"rendered":"\t\t<div data-elementor-type=\"wp-page\" data-elementor-id=\"7112\" class=\"elementor elementor-7112\">\n\t\t\t\t<div class=\"elementor-element elementor-element-a297394 e-flex e-con-boxed e-con e-parent\" data-id=\"a297394\" data-element_type=\"container\" data-settings=\"{&quot;background_background&quot;:&quot;classic&quot;}\">\n\t\t\t\t\t<div class=\"e-con-inner\">\n\t\t<div class=\"elementor-element elementor-element-1d6b7e8 e-con-full e-flex e-con e-child\" data-id=\"1d6b7e8\" data-element_type=\"container\" data-settings=\"{&quot;background_background&quot;:&quot;classic&quot;}\">\n\t\t\t\t<div class=\"elementor-element elementor-element-1483155 elementor-widget elementor-widget-image\" data-id=\"1483155\" data-element_type=\"widget\" data-widget_type=\"image.default\">\n\t\t\t\t<div class=\"elementor-widget-container\">\n\t\t\t\t\t\t\t\t\t\t\t\t\t\t\t<img fetchpriority=\"high\" decoding=\"async\" width=\"924\" height=\"552\" src=\"https:\/\/coisasdegentepreta.com.br\/wp-content\/uploads\/2025\/09\/Imagem-do-WhatsApp-de-2025-09-16-as-21.46.30_a3393569.jpg\" class=\"attachment-full size-full wp-image-7114\" alt=\"\" srcset=\"https:\/\/coisasdegentepreta.com.br\/wp-content\/uploads\/2025\/09\/Imagem-do-WhatsApp-de-2025-09-16-as-21.46.30_a3393569.jpg 924w, https:\/\/coisasdegentepreta.com.br\/wp-content\/uploads\/2025\/09\/Imagem-do-WhatsApp-de-2025-09-16-as-21.46.30_a3393569-300x179.jpg 300w, https:\/\/coisasdegentepreta.com.br\/wp-content\/uploads\/2025\/09\/Imagem-do-WhatsApp-de-2025-09-16-as-21.46.30_a3393569-768x459.jpg 768w, https:\/\/coisasdegentepreta.com.br\/wp-content\/uploads\/2025\/09\/Imagem-do-WhatsApp-de-2025-09-16-as-21.46.30_a3393569-600x358.jpg 600w\" sizes=\"(max-width: 924px) 100vw, 924px\" \/>\t\t\t\t\t\t\t\t\t\t\t\t\t\t\t<\/div>\n\t\t\t\t<\/div>\n\t\t\t\t<\/div>\n\t\t<div class=\"elementor-element elementor-element-f5f081f e-con-full e-flex e-con e-child\" data-id=\"f5f081f\" data-element_type=\"container\" data-settings=\"{&quot;background_background&quot;:&quot;classic&quot;}\">\n\t\t\t\t<div class=\"elementor-element elementor-element-799c5d3 elementor-widget elementor-widget-heading\" data-id=\"799c5d3\" data-element_type=\"widget\" data-widget_type=\"heading.default\">\n\t\t\t\t<div class=\"elementor-widget-container\">\n\t\t\t\t\t<h2 class=\"elementor-heading-title elementor-size-default\">Entre contradi\u00e7\u00f5es e alian\u00e7as\n<\/h2>\t\t\t\t<\/div>\n\t\t\t\t<\/div>\n\t\t\t\t<div class=\"elementor-element elementor-element-f5eebef elementor-widget elementor-widget-text-editor\" data-id=\"f5eebef\" data-element_type=\"widget\" data-widget_type=\"text-editor.default\">\n\t\t\t\t<div class=\"elementor-widget-container\">\n\t\t\t\t\t\t\t\t\t<div>Entre f\u00e9 e pol\u00edtica<\/div><div>\u00a0<\/div><div>Nada como um anivers\u00e1rio para evidenciar alian\u00e7as improv\u00e1veis. O prefeito Eduardo Paes marcou presen\u00e7a no anivers\u00e1rio do pastor Silas Malafaia, conhecido por sua cruzada contra as religi\u00f5es de matriz africana. A ironia \u00e9 que, enquanto se apoia no cristianismo para condenar a f\u00e9 preta, os princ\u00edpios b\u00edblicos que ele proclama \u2014 amor ao pr\u00f3ximo, respeito e liberdade de consci\u00eancia \u2014 deveriam garantir a toler\u00e2ncia religiosa.<\/div><div>\u00a0<\/div><div>Pantomima cultural<\/div><div>\u00a0<\/div><div>A contradi\u00e7\u00e3o se intensifica ao observarmos que Paes, que se apresenta como carnavalesco, participa anualmente da lavagem do Samb\u00f3dromo \u2014 ritual carregado de sacralidade afro-brasileira. Mas nossas tradi\u00e7\u00f5es seguem marginalizadas.<\/div><div>\u00a0<\/div><div>A cultura preta como espet\u00e1culo<\/div><div>\u00a0<\/div><div>Como j\u00e1 advertiu L\u00e9lia Gonzalez, no Brasil a cultura negra \u00e9 muitas vezes reduzida a uma \u201cmesti\u00e7agem folcl\u00f3rica\u201d, onde samba, carnaval e religiosidade s\u00e3o celebrados, mas o povo preto segue sem direitos reais\u00b9.<\/div><div>\u00a0<\/div><div>Frantz Fanon lembra: \u201co colonizado \u00e9 exaltado quando canta e dan\u00e7a, mas \u00e9 negado enquanto sujeito pol\u00edtico\u201d\u00b2.<\/div><div>\u00a0<\/div><div>Abdias do Nascimento denunciava que a cultura negra \u00e9 vitrine nacional, enquanto a popula\u00e7\u00e3o preta permanece marginalizada\u00b3.<\/div><div>\u00a0<\/div><div>Beatriz Nascimento enfatizou que quilombos s\u00e3o espa\u00e7os pol\u00edticos de resist\u00eancia\u2074.<\/div><div>\u00a0<\/div><div>Cl\u00f3vis Moura mostrou que a hist\u00f3ria da popula\u00e7\u00e3o negra no Brasil \u00e9 de insurg\u00eancia permanente\u2076.<\/div><div>\u00a0<\/div><div>Silvio Almeida alerta que o racismo \u00e9 estrutural, e gestos simb\u00f3licos sem pol\u00edticas concretas refor\u00e7am o sistema\u2075.<\/div><div>\u00a0<\/div><div>Neuza Santos evidencia como a cidade continua desenhada para excluir a popula\u00e7\u00e3o preta\u2077.<\/div><div>\u00a0<\/div><div>O poder pol\u00edtico de Malafaia<\/div><div>\u00a0<\/div><div>As entidades de Malafaia acumulam R$ 29,3 milh\u00f5es em d\u00edvidas tribut\u00e1rias (O Hoje) (DCM).<\/div><div>\u00a0<\/div><div>Al\u00e9m disso, em entrevista ao ICL Not\u00edcias, Malafaia afirmou ter influ\u00eancia direta sobre seus fi\u00e9is na orienta\u00e7\u00e3o de escolhas eleitorais. Um capital religioso convertido em capital pol\u00edtico, sempre em detrimento das pautas que defendem a vida e a dignidade da popula\u00e7\u00e3o preta.<\/div><div>\u00a0<\/div><div>P\u00e3o e circo n\u00e3o nos basta<\/div><div>\u00a0<\/div><div>O movimento de Eduardo em estar ao lado da cultura preta soa como pantomima de p\u00e3o e circo: gesto de apar\u00eancia, sem entrega real. Somos usados como cen\u00e1rio, nossos valores transformados em moeda de troca.<\/div><div>\u00a0<\/div><div>Emancipa\u00e7\u00e3o e lideran\u00e7a preta<\/div><div>\u00a0<\/div><div>\u00c9 urgente que a popula\u00e7\u00e3o preta ocupe os espa\u00e7os de decis\u00e3o, transforme o poder simb\u00f3lico da cultura preta em poder pol\u00edtico concreto e garanta direitos e justi\u00e7a hist\u00f3rica. Somente assim nossa ancestralidade e conquistas culturais deixar\u00e3o de ser exploradas e se tornar\u00e3o instrumentos de verdadeira liberdade.<\/div><div>\u00a0<\/div><div>\u2e3b<\/div><div>\u00a0<\/div><div>\ud83d\udccc Editorial do Instituto Coisas de Gente Preta<\/div><div>Por M\u00e1rcio Madeira, coordenador do portal.<\/div><div>\u00a0<\/div><div>\u2e3b<\/div><div>\u00a0<\/div><div>Refer\u00eancias<\/div><div>1.GONZALEZ, L\u00e9lia. Por um feminismo afro-latino-americano. Rio de Janeiro: Zahar, 2020.<\/div><div>2.FANON, Frantz. Pele Negra, M\u00e1scaras Brancas. Salvador: EDUFBA, 2008.<\/div><div>3.NASCIMENTO, Abdias do. O Genoc\u00eddio do Negro Brasileiro. S\u00e3o Paulo: Perspectiva, 2017.<\/div><div>4.NASCIMENTO, Beatriz. Beatriz Nascimento: textos, entrevistas e ensaios. S\u00e3o Paulo: Zahar, 2021.<\/div><div>5.ALMEIDA, Silvio. Racismo Estrutural. S\u00e3o Paulo: P\u00f3len, 2019.<\/div><div>6.MOURA, Cl\u00f3vis. Rebeli\u00f5es da Senzala. S\u00e3o Paulo: Express\u00e3o Popular, 2010.<\/div><div>7.SANTOS, Neuza. Cidade e Periferia: habita\u00e7\u00e3o e exclus\u00e3o social. Rio de Janeiro: Paz e Terra, 2005.<\/div><div>8.O Hoje. \u201cEntidades de Malafaia possuem d\u00edvidas que chegam a R$ 29 milh\u00f5es.\u201d Link<\/div><div>9.DCM. \u201cIndiciado pela PF: Malafaia deve quase R$ 30 milh\u00f5es em impostos.\u201d Link<\/div><div>10.ICL Not\u00edcias. Entrevista com Silas Malafaia sobre influ\u00eancia pol\u00edtica junto aos fi\u00e9is.<\/div>\t\t\t\t\t\t\t\t<\/div>\n\t\t\t\t<\/div>\n\t\t\t\t<\/div>\n\t\t\t\t\t<\/div>\n\t\t\t\t<\/div>\n\t\t\t\t<\/div>\n\t\t","protected":false},"excerpt":{"rendered":"<p>Entre contradi\u00e7\u00f5es e alian\u00e7as Entre f\u00e9 e pol\u00edtica\u00a0Nada como um anivers\u00e1rio para evidenciar alian\u00e7as improv\u00e1veis. O prefeito Eduardo Paes marcou presen\u00e7a no anivers\u00e1rio do pastor Silas Malafaia, conhecido por sua cruzada contra as religi\u00f5es de matriz africana. A ironia \u00e9 que, enquanto se apoia no cristianismo para condenar a f\u00e9 preta, os princ\u00edpios b\u00edblicos que &hellip;<\/p>\n<p class=\"read-more\"> <a class=\"\" href=\"https:\/\/coisasdegentepreta.com.br\/index.php\/entre-contradicoes-e-aliancas\/\"> <span class=\"screen-reader-text\">Entre contradi\u00e7\u00f5es e alian\u00e7as<\/span> Read More &raquo;<\/a><\/p>\n","protected":false},"author":1,"featured_media":0,"parent":0,"menu_order":0,"comment_status":"closed","ping_status":"closed","template":"","meta":{"site-sidebar-layout":"no-sidebar","site-content-layout":"","ast-site-content-layout":"full-width-container","site-content-style":"default","site-sidebar-style":"default","ast-global-header-display":"","ast-banner-title-visibility":"","ast-main-header-display":"","ast-hfb-above-header-display":"","ast-hfb-below-header-display":"","ast-hfb-mobile-header-display":"","site-post-title":"disabled","ast-breadcrumbs-content":"","ast-featured-img":"disabled","footer-sml-layout":"","theme-transparent-header-meta":"","adv-header-id-meta":"","stick-header-meta":"","header-above-stick-meta":"","header-main-stick-meta":"","header-below-stick-meta":"","astra-migrate-meta-layouts":"default","ast-page-background-enabled":"default","ast-page-background-meta":{"desktop":{"background-color":"var(--ast-global-color-4)","background-image":"","background-repeat":"repeat","background-position":"center center","background-size":"auto","background-attachment":"scroll","background-type":"","background-media":"","overlay-type":"","overlay-color":"","overlay-gradient":""},"tablet":{"background-color":"","background-image":"","background-repeat":"repeat","background-position":"center center","background-size":"auto","background-attachment":"scroll","background-type":"","background-media":"","overlay-type":"","overlay-color":"","overlay-gradient":""},"mobile":{"background-color":"","background-image":"","background-repeat":"repeat","background-position":"center center","background-size":"auto","background-attachment":"scroll","background-type":"","background-media":"","overlay-type":"","overlay-color":"","overlay-gradient":""}},"ast-content-background-meta":{"desktop":{"background-color":"var(--ast-global-color-5)","background-image":"","background-repeat":"repeat","background-position":"center center","background-size":"auto","background-attachment":"scroll","background-type":"","background-media":"","overlay-type":"","overlay-color":"","overlay-gradient":""},"tablet":{"background-color":"var(--ast-global-color-5)","background-image":"","background-repeat":"repeat","background-position":"center center","background-size":"auto","background-attachment":"scroll","background-type":"","background-media":"","overlay-type":"","overlay-color":"","overlay-gradient":""},"mobile":{"background-color":"var(--ast-global-color-5)","background-image":"","background-repeat":"repeat","background-position":"center center","background-size":"auto","background-attachment":"scroll","background-type":"","background-media":"","overlay-type":"","overlay-color":"","overlay-gradient":""}},"footnotes":""},"class_list":["post-7112","page","type-page","status-publish","hentry"],"yoast_head":"<!-- This site is optimized with the Yoast SEO plugin v24.2 - https:\/\/yoast.com\/wordpress\/plugins\/seo\/ -->\n<title>Entre contradi\u00e7\u00f5es e alian\u00e7as -<\/title>\n<meta name=\"robots\" content=\"index, follow, max-snippet:-1, max-image-preview:large, max-video-preview:-1\" \/>\n<link rel=\"canonical\" href=\"https:\/\/coisasdegentepreta.com.br\/index.php\/entre-contradicoes-e-aliancas\/\" \/>\n<meta property=\"og:locale\" content=\"en_US\" \/>\n<meta property=\"og:type\" content=\"article\" \/>\n<meta property=\"og:title\" content=\"Entre contradi\u00e7\u00f5es e alian\u00e7as -\" \/>\n<meta property=\"og:description\" content=\"Entre contradi\u00e7\u00f5es e alian\u00e7as Entre f\u00e9 e pol\u00edtica\u00a0Nada como um anivers\u00e1rio para evidenciar alian\u00e7as improv\u00e1veis. O prefeito Eduardo Paes marcou presen\u00e7a no anivers\u00e1rio do pastor Silas Malafaia, conhecido por sua cruzada contra as religi\u00f5es de matriz africana. A ironia \u00e9 que, enquanto se apoia no cristianismo para condenar a f\u00e9 preta, os princ\u00edpios b\u00edblicos que &hellip; Entre contradi\u00e7\u00f5es e alian\u00e7as Read More &raquo;\" \/>\n<meta property=\"og:url\" content=\"https:\/\/coisasdegentepreta.com.br\/index.php\/entre-contradicoes-e-aliancas\/\" \/>\n<meta property=\"article:publisher\" content=\"https:\/\/facebook.com\/cmmcomcoisasdegente\" \/>\n<meta property=\"article:modified_time\" content=\"2025-09-17T10:57:49+00:00\" \/>\n<meta property=\"og:image\" content=\"https:\/\/coisasdegentepreta.com.br\/wp-content\/uploads\/2025\/09\/Imagem-do-WhatsApp-de-2025-09-16-as-21.46.30_a3393569.jpg\" \/>\n\t<meta property=\"og:image:width\" content=\"924\" \/>\n\t<meta property=\"og:image:height\" content=\"552\" \/>\n\t<meta property=\"og:image:type\" content=\"image\/jpeg\" \/>\n<meta name=\"twitter:card\" content=\"summary_large_image\" \/>\n<meta name=\"twitter:site\" content=\"@cmmcomcoisasdegente\" \/>\n<meta name=\"twitter:label1\" content=\"Est. reading time\" \/>\n\t<meta name=\"twitter:data1\" content=\"3 minutes\" \/>\n<script type=\"application\/ld+json\" class=\"yoast-schema-graph\">{\"@context\":\"https:\/\/schema.org\",\"@graph\":[{\"@type\":\"WebPage\",\"@id\":\"https:\/\/coisasdegentepreta.com.br\/index.php\/entre-contradicoes-e-aliancas\/\",\"url\":\"https:\/\/coisasdegentepreta.com.br\/index.php\/entre-contradicoes-e-aliancas\/\",\"name\":\"Entre contradi\u00e7\u00f5es e alian\u00e7as -\",\"isPartOf\":{\"@id\":\"https:\/\/coisasdegentepreta.com.br\/#website\"},\"primaryImageOfPage\":{\"@id\":\"https:\/\/coisasdegentepreta.com.br\/index.php\/entre-contradicoes-e-aliancas\/#primaryimage\"},\"image\":{\"@id\":\"https:\/\/coisasdegentepreta.com.br\/index.php\/entre-contradicoes-e-aliancas\/#primaryimage\"},\"thumbnailUrl\":\"https:\/\/coisasdegentepreta.com.br\/wp-content\/uploads\/2025\/09\/Imagem-do-WhatsApp-de-2025-09-16-as-21.46.30_a3393569.jpg\",\"datePublished\":\"2025-09-17T10:55:02+00:00\",\"dateModified\":\"2025-09-17T10:57:49+00:00\",\"breadcrumb\":{\"@id\":\"https:\/\/coisasdegentepreta.com.br\/index.php\/entre-contradicoes-e-aliancas\/#breadcrumb\"},\"inLanguage\":\"en-US\",\"potentialAction\":[{\"@type\":\"ReadAction\",\"target\":[\"https:\/\/coisasdegentepreta.com.br\/index.php\/entre-contradicoes-e-aliancas\/\"]}]},{\"@type\":\"ImageObject\",\"inLanguage\":\"en-US\",\"@id\":\"https:\/\/coisasdegentepreta.com.br\/index.php\/entre-contradicoes-e-aliancas\/#primaryimage\",\"url\":\"https:\/\/coisasdegentepreta.com.br\/wp-content\/uploads\/2025\/09\/Imagem-do-WhatsApp-de-2025-09-16-as-21.46.30_a3393569.jpg\",\"contentUrl\":\"https:\/\/coisasdegentepreta.com.br\/wp-content\/uploads\/2025\/09\/Imagem-do-WhatsApp-de-2025-09-16-as-21.46.30_a3393569.jpg\",\"width\":924,\"height\":552},{\"@type\":\"BreadcrumbList\",\"@id\":\"https:\/\/coisasdegentepreta.com.br\/index.php\/entre-contradicoes-e-aliancas\/#breadcrumb\",\"itemListElement\":[{\"@type\":\"ListItem\",\"position\":1,\"name\":\"ECMM\",\"item\":\"https:\/\/coisasdegentepreta.com.br\/\"},{\"@type\":\"ListItem\",\"position\":2,\"name\":\"Entre contradi\u00e7\u00f5es e alian\u00e7as\"}]},{\"@type\":\"WebSite\",\"@id\":\"https:\/\/coisasdegentepreta.com.br\/#website\",\"url\":\"https:\/\/coisasdegentepreta.com.br\/\",\"name\":\"https:\/\/coisasdegentepreta.com.br\",\"description\":\"\",\"publisher\":{\"@id\":\"https:\/\/coisasdegentepreta.com.br\/#organization\"},\"potentialAction\":[{\"@type\":\"SearchAction\",\"target\":{\"@type\":\"EntryPoint\",\"urlTemplate\":\"https:\/\/coisasdegentepreta.com.br\/?s={search_term_string}\"},\"query-input\":{\"@type\":\"PropertyValueSpecification\",\"valueRequired\":true,\"valueName\":\"search_term_string\"}}],\"inLanguage\":\"en-US\"},{\"@type\":\"Organization\",\"@id\":\"https:\/\/coisasdegentepreta.com.br\/#organization\",\"name\":\"Espa\u00e7o de Capacita\u00e7\u00e3o M\u00e1rcio Madeira RJ\",\"url\":\"https:\/\/coisasdegentepreta.com.br\/\",\"logo\":{\"@type\":\"ImageObject\",\"inLanguage\":\"en-US\",\"@id\":\"https:\/\/coisasdegentepreta.com.br\/#\/schema\/logo\/image\/\",\"url\":\"https:\/\/coisasdegentepreta.com.br\/wp-content\/uploads\/2023\/12\/logo-2.png\",\"contentUrl\":\"https:\/\/coisasdegentepreta.com.br\/wp-content\/uploads\/2023\/12\/logo-2.png\",\"width\":2064,\"height\":1021,\"caption\":\"Espa\u00e7o de Capacita\u00e7\u00e3o M\u00e1rcio Madeira RJ\"},\"image\":{\"@id\":\"https:\/\/coisasdegentepreta.com.br\/#\/schema\/logo\/image\/\"},\"sameAs\":[\"https:\/\/facebook.com\/cmmcomcoisasdegente\",\"https:\/\/x.com\/cmmcomcoisasdegente\",\"https:\/\/instagram.com\/cmmcomcoisasdegente\"]}]}<\/script>\n<!-- \/ Yoast SEO plugin. -->","yoast_head_json":{"title":"Entre contradi\u00e7\u00f5es e alian\u00e7as -","robots":{"index":"index","follow":"follow","max-snippet":"max-snippet:-1","max-image-preview":"max-image-preview:large","max-video-preview":"max-video-preview:-1"},"canonical":"https:\/\/coisasdegentepreta.com.br\/index.php\/entre-contradicoes-e-aliancas\/","og_locale":"en_US","og_type":"article","og_title":"Entre contradi\u00e7\u00f5es e alian\u00e7as -","og_description":"Entre contradi\u00e7\u00f5es e alian\u00e7as Entre f\u00e9 e pol\u00edtica\u00a0Nada como um anivers\u00e1rio para evidenciar alian\u00e7as improv\u00e1veis. O prefeito Eduardo Paes marcou presen\u00e7a no anivers\u00e1rio do pastor Silas Malafaia, conhecido por sua cruzada contra as religi\u00f5es de matriz africana. A ironia \u00e9 que, enquanto se apoia no cristianismo para condenar a f\u00e9 preta, os princ\u00edpios b\u00edblicos que &hellip; Entre contradi\u00e7\u00f5es e alian\u00e7as Read More &raquo;","og_url":"https:\/\/coisasdegentepreta.com.br\/index.php\/entre-contradicoes-e-aliancas\/","article_publisher":"https:\/\/facebook.com\/cmmcomcoisasdegente","article_modified_time":"2025-09-17T10:57:49+00:00","og_image":[{"width":924,"height":552,"url":"https:\/\/coisasdegentepreta.com.br\/wp-content\/uploads\/2025\/09\/Imagem-do-WhatsApp-de-2025-09-16-as-21.46.30_a3393569.jpg","type":"image\/jpeg"}],"twitter_card":"summary_large_image","twitter_site":"@cmmcomcoisasdegente","twitter_misc":{"Est. reading time":"3 minutes"},"schema":{"@context":"https:\/\/schema.org","@graph":[{"@type":"WebPage","@id":"https:\/\/coisasdegentepreta.com.br\/index.php\/entre-contradicoes-e-aliancas\/","url":"https:\/\/coisasdegentepreta.com.br\/index.php\/entre-contradicoes-e-aliancas\/","name":"Entre contradi\u00e7\u00f5es e alian\u00e7as -","isPartOf":{"@id":"https:\/\/coisasdegentepreta.com.br\/#website"},"primaryImageOfPage":{"@id":"https:\/\/coisasdegentepreta.com.br\/index.php\/entre-contradicoes-e-aliancas\/#primaryimage"},"image":{"@id":"https:\/\/coisasdegentepreta.com.br\/index.php\/entre-contradicoes-e-aliancas\/#primaryimage"},"thumbnailUrl":"https:\/\/coisasdegentepreta.com.br\/wp-content\/uploads\/2025\/09\/Imagem-do-WhatsApp-de-2025-09-16-as-21.46.30_a3393569.jpg","datePublished":"2025-09-17T10:55:02+00:00","dateModified":"2025-09-17T10:57:49+00:00","breadcrumb":{"@id":"https:\/\/coisasdegentepreta.com.br\/index.php\/entre-contradicoes-e-aliancas\/#breadcrumb"},"inLanguage":"en-US","potentialAction":[{"@type":"ReadAction","target":["https:\/\/coisasdegentepreta.com.br\/index.php\/entre-contradicoes-e-aliancas\/"]}]},{"@type":"ImageObject","inLanguage":"en-US","@id":"https:\/\/coisasdegentepreta.com.br\/index.php\/entre-contradicoes-e-aliancas\/#primaryimage","url":"https:\/\/coisasdegentepreta.com.br\/wp-content\/uploads\/2025\/09\/Imagem-do-WhatsApp-de-2025-09-16-as-21.46.30_a3393569.jpg","contentUrl":"https:\/\/coisasdegentepreta.com.br\/wp-content\/uploads\/2025\/09\/Imagem-do-WhatsApp-de-2025-09-16-as-21.46.30_a3393569.jpg","width":924,"height":552},{"@type":"BreadcrumbList","@id":"https:\/\/coisasdegentepreta.com.br\/index.php\/entre-contradicoes-e-aliancas\/#breadcrumb","itemListElement":[{"@type":"ListItem","position":1,"name":"ECMM","item":"https:\/\/coisasdegentepreta.com.br\/"},{"@type":"ListItem","position":2,"name":"Entre contradi\u00e7\u00f5es e alian\u00e7as"}]},{"@type":"WebSite","@id":"https:\/\/coisasdegentepreta.com.br\/#website","url":"https:\/\/coisasdegentepreta.com.br\/","name":"https:\/\/coisasdegentepreta.com.br","description":"","publisher":{"@id":"https:\/\/coisasdegentepreta.com.br\/#organization"},"potentialAction":[{"@type":"SearchAction","target":{"@type":"EntryPoint","urlTemplate":"https:\/\/coisasdegentepreta.com.br\/?s={search_term_string}"},"query-input":{"@type":"PropertyValueSpecification","valueRequired":true,"valueName":"search_term_string"}}],"inLanguage":"en-US"},{"@type":"Organization","@id":"https:\/\/coisasdegentepreta.com.br\/#organization","name":"Espa\u00e7o de Capacita\u00e7\u00e3o M\u00e1rcio Madeira RJ","url":"https:\/\/coisasdegentepreta.com.br\/","logo":{"@type":"ImageObject","inLanguage":"en-US","@id":"https:\/\/coisasdegentepreta.com.br\/#\/schema\/logo\/image\/","url":"https:\/\/coisasdegentepreta.com.br\/wp-content\/uploads\/2023\/12\/logo-2.png","contentUrl":"https:\/\/coisasdegentepreta.com.br\/wp-content\/uploads\/2023\/12\/logo-2.png","width":2064,"height":1021,"caption":"Espa\u00e7o de Capacita\u00e7\u00e3o M\u00e1rcio Madeira RJ"},"image":{"@id":"https:\/\/coisasdegentepreta.com.br\/#\/schema\/logo\/image\/"},"sameAs":["https:\/\/facebook.com\/cmmcomcoisasdegente","https:\/\/x.com\/cmmcomcoisasdegente","https:\/\/instagram.com\/cmmcomcoisasdegente"]}]}},"_links":{"self":[{"href":"https:\/\/coisasdegentepreta.com.br\/index.php\/wp-json\/wp\/v2\/pages\/7112","targetHints":{"allow":["GET"]}}],"collection":[{"href":"https:\/\/coisasdegentepreta.com.br\/index.php\/wp-json\/wp\/v2\/pages"}],"about":[{"href":"https:\/\/coisasdegentepreta.com.br\/index.php\/wp-json\/wp\/v2\/types\/page"}],"author":[{"embeddable":true,"href":"https:\/\/coisasdegentepreta.com.br\/index.php\/wp-json\/wp\/v2\/users\/1"}],"replies":[{"embeddable":true,"href":"https:\/\/coisasdegentepreta.com.br\/index.php\/wp-json\/wp\/v2\/comments?post=7112"}],"version-history":[{"count":4,"href":"https:\/\/coisasdegentepreta.com.br\/index.php\/wp-json\/wp\/v2\/pages\/7112\/revisions"}],"predecessor-version":[{"id":7117,"href":"https:\/\/coisasdegentepreta.com.br\/index.php\/wp-json\/wp\/v2\/pages\/7112\/revisions\/7117"}],"wp:attachment":[{"href":"https:\/\/coisasdegentepreta.com.br\/index.php\/wp-json\/wp\/v2\/media?parent=7112"}],"curies":[{"name":"wp","href":"https:\/\/api.w.org\/{rel}","templated":true}]}}