{"id":7037,"date":"2025-09-13T12:17:22","date_gmt":"2025-09-13T15:17:22","guid":{"rendered":"https:\/\/coisasdegentepreta.com.br\/?page_id=7037"},"modified":"2025-09-13T12:30:30","modified_gmt":"2025-09-13T15:30:30","slug":"bolsonaro-condenado","status":"publish","type":"page","link":"https:\/\/coisasdegentepreta.com.br\/index.php\/bolsonaro-condenado\/","title":{"rendered":"Bolsonaro Condenado"},"content":{"rendered":"\t\t<div data-elementor-type=\"wp-page\" data-elementor-id=\"7037\" class=\"elementor elementor-7037\">\n\t\t\t\t<div class=\"elementor-element elementor-element-8e735ed e-flex e-con-boxed e-con e-parent\" data-id=\"8e735ed\" data-element_type=\"container\" data-settings=\"{&quot;background_background&quot;:&quot;classic&quot;}\">\n\t\t\t\t\t<div class=\"e-con-inner\">\n\t\t<div class=\"elementor-element elementor-element-a3c6e1e e-con-full e-flex e-con e-child\" data-id=\"a3c6e1e\" data-element_type=\"container\" data-settings=\"{&quot;background_background&quot;:&quot;classic&quot;}\">\n\t\t\t\t<div class=\"elementor-element elementor-element-1807f8a elementor-widget elementor-widget-image\" data-id=\"1807f8a\" data-element_type=\"widget\" data-widget_type=\"image.default\">\n\t\t\t\t<div class=\"elementor-widget-container\">\n\t\t\t\t\t\t\t\t\t\t\t\t\t\t\t<img fetchpriority=\"high\" decoding=\"async\" width=\"676\" height=\"676\" src=\"https:\/\/coisasdegentepreta.com.br\/wp-content\/uploads\/2025\/09\/Imagem-do-WhatsApp-de-2025-09-13-as-00.49.14_376ce026.jpg\" class=\"attachment-full size-full wp-image-7040\" alt=\"\" srcset=\"https:\/\/coisasdegentepreta.com.br\/wp-content\/uploads\/2025\/09\/Imagem-do-WhatsApp-de-2025-09-13-as-00.49.14_376ce026.jpg 676w, https:\/\/coisasdegentepreta.com.br\/wp-content\/uploads\/2025\/09\/Imagem-do-WhatsApp-de-2025-09-13-as-00.49.14_376ce026-300x300.jpg 300w, https:\/\/coisasdegentepreta.com.br\/wp-content\/uploads\/2025\/09\/Imagem-do-WhatsApp-de-2025-09-13-as-00.49.14_376ce026-150x150.jpg 150w, https:\/\/coisasdegentepreta.com.br\/wp-content\/uploads\/2025\/09\/Imagem-do-WhatsApp-de-2025-09-13-as-00.49.14_376ce026-600x600.jpg 600w, https:\/\/coisasdegentepreta.com.br\/wp-content\/uploads\/2025\/09\/Imagem-do-WhatsApp-de-2025-09-13-as-00.49.14_376ce026-100x100.jpg 100w\" sizes=\"(max-width: 676px) 100vw, 676px\" \/>\t\t\t\t\t\t\t\t\t\t\t\t\t\t\t<\/div>\n\t\t\t\t<\/div>\n\t\t\t\t<\/div>\n\t\t<div class=\"elementor-element elementor-element-d8dfe9e e-con-full e-flex e-con e-child\" data-id=\"d8dfe9e\" data-element_type=\"container\" data-settings=\"{&quot;background_background&quot;:&quot;classic&quot;}\">\n\t\t\t\t<div class=\"elementor-element elementor-element-0986634 elementor-widget elementor-widget-heading\" data-id=\"0986634\" data-element_type=\"widget\" data-widget_type=\"heading.default\">\n\t\t\t\t<div class=\"elementor-widget-container\">\n\t\t\t\t\t<h2 class=\"elementor-heading-title elementor-size-default\">A queda do mito e a vit\u00f3ria da democracia<\/h2>\t\t\t\t<\/div>\n\t\t\t\t<\/div>\n\t\t\t\t<div class=\"elementor-element elementor-element-cf5d463 elementor-widget elementor-widget-text-editor\" data-id=\"cf5d463\" data-element_type=\"widget\" data-widget_type=\"text-editor.default\">\n\t\t\t\t<div class=\"elementor-widget-container\">\n\t\t\t\t\t\t\t\t\t<p>O Supremo Tribunal Federal encerrou uma das p\u00e1ginas mais vergonhosas da hist\u00f3ria recente do Brasil. Jair Bolsonaro, ex-presidente que durante anos alimentou \u00f3dio, fake news e amea\u00e7as contra as institui\u00e7\u00f5es, foi condenado a 27 anos e 3 meses de pris\u00e3o pela tentativa de golpe de Estado.<\/p><p>O placar de 4 a 1 n\u00e3o foi apenas um resultado jur\u00eddico. Foi tamb\u00e9m um retrato da diversidade de perfis que, a partir de experi\u00eancias distintas, convergiram para a defesa da democracia.<\/p><p>Alexandre de Moraes, relator, sustentou com firmeza o peso das provas e a necessidade de uma resposta dura ao autoritarismo. Sua marca \u00e9 a dureza \u2014 a mesma que j\u00e1 o transformou em alvo constante do bolsonarismo, e que agora se afirma como uma resist\u00eancia institucional.<\/p><p>C\u00e1rmen L\u00facia, discreta mas implac\u00e1vel, trouxe ao voto sua conhecida sobriedade. A ministra que tantas vezes repetiu que \u201ca Constitui\u00e7\u00e3o n\u00e3o se dobra\u201d fez da serenidade sua arma contra a barb\u00e1rie.<\/p><p>Cristiano Zanin, o mais novo na Corte, carregou a biografia de quem foi advogado de Lula. Seu voto t\u00e9cnico, sem estrid\u00eancias, buscou mostrar que n\u00e3o se tratava de persegui\u00e7\u00e3o, mas de Justi\u00e7a: um recado direto a quem insiste em criminalizar o STF.<\/p><p>Fl\u00e1vio Dino, rec\u00e9m-chegado e com longa trajet\u00f3ria pol\u00edtica, uniu erudi\u00e7\u00e3o jur\u00eddica e contund\u00eancia ret\u00f3rica. No Senado foi combatido pelos bolsonaristas, no Supremo respondeu com a toga: democracia n\u00e3o se negocia.<\/p><p>Na contram\u00e3o, Luiz Fux preferiu a leni\u00eancia. Seu voto pela absolvi\u00e7\u00e3o parcial n\u00e3o surpreendeu quem j\u00e1 acompanhava sua trajet\u00f3ria de gestos mais cautelosos em julgamentos sens\u00edveis. Representou, neste caso, a dubiedade de uma Justi\u00e7a que por vezes hesita diante do poder.<\/p><p>A oposi\u00e7\u00e3o tentou desqualificar o julgamento, dizendo que apenas o plen\u00e1rio poderia decidir sobre um ex-presidente. Mas Bolsonaro j\u00e1 n\u00e3o era chefe do Executivo quando foi denunciado: era apenas mais um cidad\u00e3o diante da lei. E, nesse caso, o regimento do Supremo \u00e9 claro \u2014 as turmas t\u00eam compet\u00eancia para julgar. A tentativa de transformar uma quest\u00e3o regimental em persegui\u00e7\u00e3o pol\u00edtica n\u00e3o resiste \u00e0 an\u00e1lise jur\u00eddica.<\/p><p>N\u00e3o h\u00e1 aqui espa\u00e7o para meias palavras: tratou-se de uma trama arquitetada por um grupo que desprezou a democracia e tentou arrastar o Brasil para as trevas do autoritarismo. Agora, o \u201cmito\u201d cai no seu devido lugar: o banco dos r\u00e9us e a pris\u00e3o.<\/p><p>Os ac\u00e9falos que ainda o seguem repetem slogans vazios e teorias conspirat\u00f3rias. Est\u00e3o diante de uma dura li\u00e7\u00e3o: a democracia, apesar de suas imperfei\u00e7\u00f5es, resiste. E quando atacada, reage.<\/p><p>Que esta condena\u00e7\u00e3o sirva de aviso e de esperan\u00e7a. Aviso para os que sonham com aventuras golpistas. Esperan\u00e7a para quem acredita que o Brasil pode caminhar, com todas as suas contradi\u00e7\u00f5es, sob a luz\u00a0da\u00a0democracia.<\/p>\t\t\t\t\t\t\t\t<\/div>\n\t\t\t\t<\/div>\n\t\t\t\t<\/div>\n\t\t\t\t\t<\/div>\n\t\t\t\t<\/div>\n\t\t\t\t<\/div>\n\t\t","protected":false},"excerpt":{"rendered":"<p>A queda do mito e a vit\u00f3ria da democracia O Supremo Tribunal Federal encerrou uma das p\u00e1ginas mais vergonhosas da hist\u00f3ria recente do Brasil. Jair Bolsonaro, ex-presidente que durante anos alimentou \u00f3dio, fake news e amea\u00e7as contra as institui\u00e7\u00f5es, foi condenado a 27 anos e 3 meses de pris\u00e3o pela tentativa de golpe de Estado. &hellip;<\/p>\n<p class=\"read-more\"> <a class=\"\" href=\"https:\/\/coisasdegentepreta.com.br\/index.php\/bolsonaro-condenado\/\"> <span class=\"screen-reader-text\">Bolsonaro Condenado<\/span> Read More &raquo;<\/a><\/p>\n","protected":false},"author":1,"featured_media":0,"parent":0,"menu_order":0,"comment_status":"closed","ping_status":"closed","template":"","meta":{"site-sidebar-layout":"no-sidebar","site-content-layout":"","ast-site-content-layout":"full-width-container","site-content-style":"default","site-sidebar-style":"default","ast-global-header-display":"","ast-banner-title-visibility":"","ast-main-header-display":"","ast-hfb-above-header-display":"","ast-hfb-below-header-display":"","ast-hfb-mobile-header-display":"","site-post-title":"disabled","ast-breadcrumbs-content":"","ast-featured-img":"disabled","footer-sml-layout":"","theme-transparent-header-meta":"","adv-header-id-meta":"","stick-header-meta":"","header-above-stick-meta":"","header-main-stick-meta":"","header-below-stick-meta":"","astra-migrate-meta-layouts":"default","ast-page-background-enabled":"default","ast-page-background-meta":{"desktop":{"background-color":"var(--ast-global-color-4)","background-image":"","background-repeat":"repeat","background-position":"center center","background-size":"auto","background-attachment":"scroll","background-type":"","background-media":"","overlay-type":"","overlay-color":"","overlay-gradient":""},"tablet":{"background-color":"","background-image":"","background-repeat":"repeat","background-position":"center center","background-size":"auto","background-attachment":"scroll","background-type":"","background-media":"","overlay-type":"","overlay-color":"","overlay-gradient":""},"mobile":{"background-color":"","background-image":"","background-repeat":"repeat","background-position":"center center","background-size":"auto","background-attachment":"scroll","background-type":"","background-media":"","overlay-type":"","overlay-color":"","overlay-gradient":""}},"ast-content-background-meta":{"desktop":{"background-color":"var(--ast-global-color-5)","background-image":"","background-repeat":"repeat","background-position":"center center","background-size":"auto","background-attachment":"scroll","background-type":"","background-media":"","overlay-type":"","overlay-color":"","overlay-gradient":""},"tablet":{"background-color":"var(--ast-global-color-5)","background-image":"","background-repeat":"repeat","background-position":"center center","background-size":"auto","background-attachment":"scroll","background-type":"","background-media":"","overlay-type":"","overlay-color":"","overlay-gradient":""},"mobile":{"background-color":"var(--ast-global-color-5)","background-image":"","background-repeat":"repeat","background-position":"center center","background-size":"auto","background-attachment":"scroll","background-type":"","background-media":"","overlay-type":"","overlay-color":"","overlay-gradient":""}},"footnotes":""},"class_list":["post-7037","page","type-page","status-publish","hentry"],"yoast_head":"<!-- This site is optimized with the Yoast SEO plugin v24.2 - https:\/\/yoast.com\/wordpress\/plugins\/seo\/ -->\n<title>Bolsonaro Condenado -<\/title>\n<meta name=\"robots\" content=\"index, follow, max-snippet:-1, max-image-preview:large, max-video-preview:-1\" \/>\n<link rel=\"canonical\" href=\"https:\/\/coisasdegentepreta.com.br\/index.php\/bolsonaro-condenado\/\" \/>\n<meta property=\"og:locale\" content=\"en_US\" \/>\n<meta property=\"og:type\" content=\"article\" \/>\n<meta property=\"og:title\" content=\"Bolsonaro Condenado -\" \/>\n<meta property=\"og:description\" content=\"A queda do mito e a vit\u00f3ria da democracia O Supremo Tribunal Federal encerrou uma das p\u00e1ginas mais vergonhosas da hist\u00f3ria recente do Brasil. Jair Bolsonaro, ex-presidente que durante anos alimentou \u00f3dio, fake news e amea\u00e7as contra as institui\u00e7\u00f5es, foi condenado a 27 anos e 3 meses de pris\u00e3o pela tentativa de golpe de Estado. &hellip; Bolsonaro Condenado Read More &raquo;\" \/>\n<meta property=\"og:url\" content=\"https:\/\/coisasdegentepreta.com.br\/index.php\/bolsonaro-condenado\/\" \/>\n<meta property=\"article:publisher\" content=\"https:\/\/facebook.com\/cmmcomcoisasdegente\" \/>\n<meta property=\"article:modified_time\" content=\"2025-09-13T15:30:30+00:00\" \/>\n<meta property=\"og:image\" content=\"https:\/\/coisasdegentepreta.com.br\/wp-content\/uploads\/2025\/09\/Imagem-do-WhatsApp-de-2025-09-13-as-00.49.14_376ce026.jpg\" \/>\n\t<meta property=\"og:image:width\" content=\"676\" \/>\n\t<meta property=\"og:image:height\" content=\"676\" \/>\n\t<meta property=\"og:image:type\" content=\"image\/jpeg\" \/>\n<meta name=\"twitter:card\" content=\"summary_large_image\" \/>\n<meta name=\"twitter:site\" content=\"@cmmcomcoisasdegente\" \/>\n<meta name=\"twitter:label1\" content=\"Est. reading time\" \/>\n\t<meta name=\"twitter:data1\" content=\"3 minutes\" \/>\n<script type=\"application\/ld+json\" class=\"yoast-schema-graph\">{\"@context\":\"https:\/\/schema.org\",\"@graph\":[{\"@type\":\"WebPage\",\"@id\":\"https:\/\/coisasdegentepreta.com.br\/index.php\/bolsonaro-condenado\/\",\"url\":\"https:\/\/coisasdegentepreta.com.br\/index.php\/bolsonaro-condenado\/\",\"name\":\"Bolsonaro Condenado -\",\"isPartOf\":{\"@id\":\"https:\/\/coisasdegentepreta.com.br\/#website\"},\"primaryImageOfPage\":{\"@id\":\"https:\/\/coisasdegentepreta.com.br\/index.php\/bolsonaro-condenado\/#primaryimage\"},\"image\":{\"@id\":\"https:\/\/coisasdegentepreta.com.br\/index.php\/bolsonaro-condenado\/#primaryimage\"},\"thumbnailUrl\":\"https:\/\/coisasdegentepreta.com.br\/wp-content\/uploads\/2025\/09\/Imagem-do-WhatsApp-de-2025-09-13-as-00.49.14_376ce026.jpg\",\"datePublished\":\"2025-09-13T15:17:22+00:00\",\"dateModified\":\"2025-09-13T15:30:30+00:00\",\"breadcrumb\":{\"@id\":\"https:\/\/coisasdegentepreta.com.br\/index.php\/bolsonaro-condenado\/#breadcrumb\"},\"inLanguage\":\"en-US\",\"potentialAction\":[{\"@type\":\"ReadAction\",\"target\":[\"https:\/\/coisasdegentepreta.com.br\/index.php\/bolsonaro-condenado\/\"]}]},{\"@type\":\"ImageObject\",\"inLanguage\":\"en-US\",\"@id\":\"https:\/\/coisasdegentepreta.com.br\/index.php\/bolsonaro-condenado\/#primaryimage\",\"url\":\"https:\/\/coisasdegentepreta.com.br\/wp-content\/uploads\/2025\/09\/Imagem-do-WhatsApp-de-2025-09-13-as-00.49.14_376ce026.jpg\",\"contentUrl\":\"https:\/\/coisasdegentepreta.com.br\/wp-content\/uploads\/2025\/09\/Imagem-do-WhatsApp-de-2025-09-13-as-00.49.14_376ce026.jpg\",\"width\":676,\"height\":676},{\"@type\":\"BreadcrumbList\",\"@id\":\"https:\/\/coisasdegentepreta.com.br\/index.php\/bolsonaro-condenado\/#breadcrumb\",\"itemListElement\":[{\"@type\":\"ListItem\",\"position\":1,\"name\":\"ECMM\",\"item\":\"https:\/\/coisasdegentepreta.com.br\/\"},{\"@type\":\"ListItem\",\"position\":2,\"name\":\"Bolsonaro Condenado\"}]},{\"@type\":\"WebSite\",\"@id\":\"https:\/\/coisasdegentepreta.com.br\/#website\",\"url\":\"https:\/\/coisasdegentepreta.com.br\/\",\"name\":\"https:\/\/coisasdegentepreta.com.br\",\"description\":\"\",\"publisher\":{\"@id\":\"https:\/\/coisasdegentepreta.com.br\/#organization\"},\"potentialAction\":[{\"@type\":\"SearchAction\",\"target\":{\"@type\":\"EntryPoint\",\"urlTemplate\":\"https:\/\/coisasdegentepreta.com.br\/?s={search_term_string}\"},\"query-input\":{\"@type\":\"PropertyValueSpecification\",\"valueRequired\":true,\"valueName\":\"search_term_string\"}}],\"inLanguage\":\"en-US\"},{\"@type\":\"Organization\",\"@id\":\"https:\/\/coisasdegentepreta.com.br\/#organization\",\"name\":\"Espa\u00e7o de Capacita\u00e7\u00e3o M\u00e1rcio Madeira RJ\",\"url\":\"https:\/\/coisasdegentepreta.com.br\/\",\"logo\":{\"@type\":\"ImageObject\",\"inLanguage\":\"en-US\",\"@id\":\"https:\/\/coisasdegentepreta.com.br\/#\/schema\/logo\/image\/\",\"url\":\"https:\/\/coisasdegentepreta.com.br\/wp-content\/uploads\/2023\/12\/logo-2.png\",\"contentUrl\":\"https:\/\/coisasdegentepreta.com.br\/wp-content\/uploads\/2023\/12\/logo-2.png\",\"width\":2064,\"height\":1021,\"caption\":\"Espa\u00e7o de Capacita\u00e7\u00e3o M\u00e1rcio Madeira RJ\"},\"image\":{\"@id\":\"https:\/\/coisasdegentepreta.com.br\/#\/schema\/logo\/image\/\"},\"sameAs\":[\"https:\/\/facebook.com\/cmmcomcoisasdegente\",\"https:\/\/x.com\/cmmcomcoisasdegente\",\"https:\/\/instagram.com\/cmmcomcoisasdegente\"]}]}<\/script>\n<!-- \/ Yoast SEO plugin. -->","yoast_head_json":{"title":"Bolsonaro Condenado -","robots":{"index":"index","follow":"follow","max-snippet":"max-snippet:-1","max-image-preview":"max-image-preview:large","max-video-preview":"max-video-preview:-1"},"canonical":"https:\/\/coisasdegentepreta.com.br\/index.php\/bolsonaro-condenado\/","og_locale":"en_US","og_type":"article","og_title":"Bolsonaro Condenado -","og_description":"A queda do mito e a vit\u00f3ria da democracia O Supremo Tribunal Federal encerrou uma das p\u00e1ginas mais vergonhosas da hist\u00f3ria recente do Brasil. Jair Bolsonaro, ex-presidente que durante anos alimentou \u00f3dio, fake news e amea\u00e7as contra as institui\u00e7\u00f5es, foi condenado a 27 anos e 3 meses de pris\u00e3o pela tentativa de golpe de Estado. &hellip; Bolsonaro Condenado Read More &raquo;","og_url":"https:\/\/coisasdegentepreta.com.br\/index.php\/bolsonaro-condenado\/","article_publisher":"https:\/\/facebook.com\/cmmcomcoisasdegente","article_modified_time":"2025-09-13T15:30:30+00:00","og_image":[{"width":676,"height":676,"url":"https:\/\/coisasdegentepreta.com.br\/wp-content\/uploads\/2025\/09\/Imagem-do-WhatsApp-de-2025-09-13-as-00.49.14_376ce026.jpg","type":"image\/jpeg"}],"twitter_card":"summary_large_image","twitter_site":"@cmmcomcoisasdegente","twitter_misc":{"Est. reading time":"3 minutes"},"schema":{"@context":"https:\/\/schema.org","@graph":[{"@type":"WebPage","@id":"https:\/\/coisasdegentepreta.com.br\/index.php\/bolsonaro-condenado\/","url":"https:\/\/coisasdegentepreta.com.br\/index.php\/bolsonaro-condenado\/","name":"Bolsonaro Condenado -","isPartOf":{"@id":"https:\/\/coisasdegentepreta.com.br\/#website"},"primaryImageOfPage":{"@id":"https:\/\/coisasdegentepreta.com.br\/index.php\/bolsonaro-condenado\/#primaryimage"},"image":{"@id":"https:\/\/coisasdegentepreta.com.br\/index.php\/bolsonaro-condenado\/#primaryimage"},"thumbnailUrl":"https:\/\/coisasdegentepreta.com.br\/wp-content\/uploads\/2025\/09\/Imagem-do-WhatsApp-de-2025-09-13-as-00.49.14_376ce026.jpg","datePublished":"2025-09-13T15:17:22+00:00","dateModified":"2025-09-13T15:30:30+00:00","breadcrumb":{"@id":"https:\/\/coisasdegentepreta.com.br\/index.php\/bolsonaro-condenado\/#breadcrumb"},"inLanguage":"en-US","potentialAction":[{"@type":"ReadAction","target":["https:\/\/coisasdegentepreta.com.br\/index.php\/bolsonaro-condenado\/"]}]},{"@type":"ImageObject","inLanguage":"en-US","@id":"https:\/\/coisasdegentepreta.com.br\/index.php\/bolsonaro-condenado\/#primaryimage","url":"https:\/\/coisasdegentepreta.com.br\/wp-content\/uploads\/2025\/09\/Imagem-do-WhatsApp-de-2025-09-13-as-00.49.14_376ce026.jpg","contentUrl":"https:\/\/coisasdegentepreta.com.br\/wp-content\/uploads\/2025\/09\/Imagem-do-WhatsApp-de-2025-09-13-as-00.49.14_376ce026.jpg","width":676,"height":676},{"@type":"BreadcrumbList","@id":"https:\/\/coisasdegentepreta.com.br\/index.php\/bolsonaro-condenado\/#breadcrumb","itemListElement":[{"@type":"ListItem","position":1,"name":"ECMM","item":"https:\/\/coisasdegentepreta.com.br\/"},{"@type":"ListItem","position":2,"name":"Bolsonaro Condenado"}]},{"@type":"WebSite","@id":"https:\/\/coisasdegentepreta.com.br\/#website","url":"https:\/\/coisasdegentepreta.com.br\/","name":"https:\/\/coisasdegentepreta.com.br","description":"","publisher":{"@id":"https:\/\/coisasdegentepreta.com.br\/#organization"},"potentialAction":[{"@type":"SearchAction","target":{"@type":"EntryPoint","urlTemplate":"https:\/\/coisasdegentepreta.com.br\/?s={search_term_string}"},"query-input":{"@type":"PropertyValueSpecification","valueRequired":true,"valueName":"search_term_string"}}],"inLanguage":"en-US"},{"@type":"Organization","@id":"https:\/\/coisasdegentepreta.com.br\/#organization","name":"Espa\u00e7o de Capacita\u00e7\u00e3o M\u00e1rcio Madeira RJ","url":"https:\/\/coisasdegentepreta.com.br\/","logo":{"@type":"ImageObject","inLanguage":"en-US","@id":"https:\/\/coisasdegentepreta.com.br\/#\/schema\/logo\/image\/","url":"https:\/\/coisasdegentepreta.com.br\/wp-content\/uploads\/2023\/12\/logo-2.png","contentUrl":"https:\/\/coisasdegentepreta.com.br\/wp-content\/uploads\/2023\/12\/logo-2.png","width":2064,"height":1021,"caption":"Espa\u00e7o de Capacita\u00e7\u00e3o M\u00e1rcio Madeira RJ"},"image":{"@id":"https:\/\/coisasdegentepreta.com.br\/#\/schema\/logo\/image\/"},"sameAs":["https:\/\/facebook.com\/cmmcomcoisasdegente","https:\/\/x.com\/cmmcomcoisasdegente","https:\/\/instagram.com\/cmmcomcoisasdegente"]}]}},"_links":{"self":[{"href":"https:\/\/coisasdegentepreta.com.br\/index.php\/wp-json\/wp\/v2\/pages\/7037","targetHints":{"allow":["GET"]}}],"collection":[{"href":"https:\/\/coisasdegentepreta.com.br\/index.php\/wp-json\/wp\/v2\/pages"}],"about":[{"href":"https:\/\/coisasdegentepreta.com.br\/index.php\/wp-json\/wp\/v2\/types\/page"}],"author":[{"embeddable":true,"href":"https:\/\/coisasdegentepreta.com.br\/index.php\/wp-json\/wp\/v2\/users\/1"}],"replies":[{"embeddable":true,"href":"https:\/\/coisasdegentepreta.com.br\/index.php\/wp-json\/wp\/v2\/comments?post=7037"}],"version-history":[{"count":7,"href":"https:\/\/coisasdegentepreta.com.br\/index.php\/wp-json\/wp\/v2\/pages\/7037\/revisions"}],"predecessor-version":[{"id":7046,"href":"https:\/\/coisasdegentepreta.com.br\/index.php\/wp-json\/wp\/v2\/pages\/7037\/revisions\/7046"}],"wp:attachment":[{"href":"https:\/\/coisasdegentepreta.com.br\/index.php\/wp-json\/wp\/v2\/media?parent=7037"}],"curies":[{"name":"wp","href":"https:\/\/api.w.org\/{rel}","templated":true}]}}