{"id":7008,"date":"2025-09-10T06:30:35","date_gmt":"2025-09-10T09:30:35","guid":{"rendered":"https:\/\/coisasdegentepreta.com.br\/?page_id=7008"},"modified":"2025-09-10T06:54:42","modified_gmt":"2025-09-10T09:54:42","slug":"nota-publica-entre-violencia-e-omissao","status":"publish","type":"page","link":"https:\/\/coisasdegentepreta.com.br\/index.php\/nota-publica-entre-violencia-e-omissao\/","title":{"rendered":"Nota p\u00fablica entre violencia e omiss\u00e3o"},"content":{"rendered":"\t\t<div data-elementor-type=\"wp-page\" data-elementor-id=\"7008\" class=\"elementor elementor-7008\">\n\t\t\t\t<div class=\"elementor-element elementor-element-2bbcadc e-flex e-con-boxed e-con e-parent\" data-id=\"2bbcadc\" data-element_type=\"container\" data-settings=\"{&quot;background_background&quot;:&quot;classic&quot;}\">\n\t\t\t\t\t<div class=\"e-con-inner\">\n\t\t<div class=\"elementor-element elementor-element-163c623 e-con-full e-flex e-con e-child\" data-id=\"163c623\" data-element_type=\"container\" data-settings=\"{&quot;background_background&quot;:&quot;classic&quot;}\">\n\t\t\t\t<div class=\"elementor-element elementor-element-01b1747 elementor-widget elementor-widget-image\" data-id=\"01b1747\" data-element_type=\"widget\" data-widget_type=\"image.default\">\n\t\t\t\t<div class=\"elementor-widget-container\">\n\t\t\t\t\t\t\t\t\t\t\t\t\t\t\t<img fetchpriority=\"high\" decoding=\"async\" width=\"680\" height=\"451\" src=\"https:\/\/coisasdegentepreta.com.br\/wp-content\/uploads\/2025\/09\/Imagem-do-WhatsApp-de-2025-09-08-as-23.33.32_59019010.jpg\" class=\"attachment-full size-full wp-image-7010\" alt=\"\" srcset=\"https:\/\/coisasdegentepreta.com.br\/wp-content\/uploads\/2025\/09\/Imagem-do-WhatsApp-de-2025-09-08-as-23.33.32_59019010.jpg 680w, https:\/\/coisasdegentepreta.com.br\/wp-content\/uploads\/2025\/09\/Imagem-do-WhatsApp-de-2025-09-08-as-23.33.32_59019010-300x199.jpg 300w, https:\/\/coisasdegentepreta.com.br\/wp-content\/uploads\/2025\/09\/Imagem-do-WhatsApp-de-2025-09-08-as-23.33.32_59019010-600x398.jpg 600w\" sizes=\"(max-width: 680px) 100vw, 680px\" \/>\t\t\t\t\t\t\t\t\t\t\t\t\t\t\t<\/div>\n\t\t\t\t<\/div>\n\t\t\t\t<\/div>\n\t\t<div class=\"elementor-element elementor-element-86ca352 e-con-full e-flex e-con e-child\" data-id=\"86ca352\" data-element_type=\"container\" data-settings=\"{&quot;background_background&quot;:&quot;classic&quot;}\">\n\t\t\t\t<div class=\"elementor-element elementor-element-99d7f83 elementor-widget elementor-widget-heading\" data-id=\"99d7f83\" data-element_type=\"widget\" data-widget_type=\"heading.default\">\n\t\t\t\t<div class=\"elementor-widget-container\">\n\t\t\t\t\t<h2 class=\"elementor-heading-title elementor-size-default\">Nota P\u00fablica \u2013 Entre a Viol\u00eancia e a Omiss\u00e3o: o Rio de Janeiro pede Dignidade<\/h2>\t\t\t\t<\/div>\n\t\t\t\t<\/div>\n\t\t\t\t<div class=\"elementor-element elementor-element-05e6c23 elementor-widget elementor-widget-text-editor\" data-id=\"05e6c23\" data-element_type=\"widget\" data-widget_type=\"text-editor.default\">\n\t\t\t\t<div class=\"elementor-widget-container\">\n\t\t\t\t\t\t\t\t\t<p>\u00c9 impressionante \u2013 para n\u00e3o dizer tr\u00e1gico \u2013 assistir ao Governador do Estado do Rio de Janeiro, Cl\u00e1udio Castro, usar seu tempo e sua posi\u00e7\u00e3o de autoridade n\u00e3o para pacificar, mas para exaltar a viol\u00eancia da Guarda Municipal contra um deputado estadual em pleno exerc\u00edcio de mandato. Ironia das ironias: aquele que deveria ser s\u00edmbolo de equil\u00edbrio, di\u00e1logo e serenidade, conforme prev\u00ea a Constitui\u00e7\u00e3o Federal em seus princ\u00edpios da administra\u00e7\u00e3o p\u00fablica (art. 37), escolhe o caminho da provoca\u00e7\u00e3o, da parcialidade e da pol\u00edtica rasteira.<\/p><p>Um governador, em qualquer democracia que se preze, deve ser mediador de conflitos, defensor da ordem e da paz social. No entanto, Castro prefere a ret\u00f3rica do ataque, como se fosse l\u00edder de torcida organizada, n\u00e3o gestor do Estado. Atacar advers\u00e1rios pol\u00edticos em vez de apresentar solu\u00e7\u00f5es s\u00f3 confirma o \u00f3bvio: a aus\u00eancia de projeto, de vis\u00e3o e de car\u00e1ter para governar.<\/p><p>Essa postura n\u00e3o se revela apenas em discursos, mas tamb\u00e9m no sil\u00eancio c\u00famplice diante de trag\u00e9dias sociais, como a reintegra\u00e7\u00e3o de posse ocorrida no \u00faltimo domingo no pr\u00e9dio da Av. Venezuela, 53 \u2013 a Ocupa\u00e7\u00e3o Palmares. Mais de cem fam\u00edlias foram despejadas de um pr\u00e9dio p\u00fablico abandonado por 40 anos, que jamais cumpriu fun\u00e7\u00e3o social e que, pela a\u00e7\u00e3o da pr\u00f3pria comunidade, havia sido ressignificado como lar, escola e espa\u00e7o de sobreviv\u00eancia.<\/p><p>A a\u00e7\u00e3o foi conduzida em nome da \u201clegalidade\u201d, mas a legalidade n\u00e3o pode estar dissociada da justi\u00e7a social. A Constitui\u00e7\u00e3o \u00e9 clara: a moradia \u00e9 direito social (art. 6\u00ba) e a propriedade deve cumprir fun\u00e7\u00e3o social (art. 5\u00ba, XXIII). Cumprir a Constitui\u00e7\u00e3o significa garantir um plano habitacional digno antes de executar qualquer despejo. Significa colocar as pessoas no centro das decis\u00f5es, e n\u00e3o trat\u00e1-las como descart\u00e1veis em nome de muros vazios.<\/p><p>No entanto, o que se viu foi um Estado ausente no cuidado, mas presente na repress\u00e3o. Uma Justi\u00e7a \u00e1gil para devolver pr\u00e9dios ao abandono, mas lenta e omissa em assegurar teto, dignidade e futuro para os mais pobres. Esse \u00e9 o retrato de um governo que, em vez de proteger vidas, prefere fazer palanque em cima da viol\u00eancia e da exclus\u00e3o.<\/p><p>O Rio de Janeiro n\u00e3o precisa de um governador que aja como animador de arquibancada. Precisa de um gestor que honre o cargo, pacifique os \u00e2nimos, respeite a Constitui\u00e7\u00e3o e governe com dignidade. At\u00e9 l\u00e1, seguiremos lembrando que legalidade sem justi\u00e7a social \u00e9 apenas viol\u00eancia institucionalizada.<\/p>\t\t\t\t\t\t\t\t<\/div>\n\t\t\t\t<\/div>\n\t\t\t\t<\/div>\n\t\t\t\t\t<\/div>\n\t\t\t\t<\/div>\n\t\t\t\t<\/div>\n\t\t","protected":false},"excerpt":{"rendered":"<p>Nota P\u00fablica \u2013 Entre a Viol\u00eancia e a Omiss\u00e3o: o Rio de Janeiro pede Dignidade \u00c9 impressionante \u2013 para n\u00e3o dizer tr\u00e1gico \u2013 assistir ao Governador do Estado do Rio de Janeiro, Cl\u00e1udio Castro, usar seu tempo e sua posi\u00e7\u00e3o de autoridade n\u00e3o para pacificar, mas para exaltar a viol\u00eancia da Guarda Municipal contra um &hellip;<\/p>\n<p class=\"read-more\"> <a class=\"\" href=\"https:\/\/coisasdegentepreta.com.br\/index.php\/nota-publica-entre-violencia-e-omissao\/\"> <span class=\"screen-reader-text\">Nota p\u00fablica entre violencia e omiss\u00e3o<\/span> Read More &raquo;<\/a><\/p>\n","protected":false},"author":1,"featured_media":0,"parent":0,"menu_order":0,"comment_status":"closed","ping_status":"closed","template":"","meta":{"site-sidebar-layout":"no-sidebar","site-content-layout":"","ast-site-content-layout":"full-width-container","site-content-style":"default","site-sidebar-style":"default","ast-global-header-display":"","ast-banner-title-visibility":"","ast-main-header-display":"","ast-hfb-above-header-display":"","ast-hfb-below-header-display":"","ast-hfb-mobile-header-display":"","site-post-title":"disabled","ast-breadcrumbs-content":"","ast-featured-img":"disabled","footer-sml-layout":"","theme-transparent-header-meta":"","adv-header-id-meta":"","stick-header-meta":"","header-above-stick-meta":"","header-main-stick-meta":"","header-below-stick-meta":"","astra-migrate-meta-layouts":"default","ast-page-background-enabled":"default","ast-page-background-meta":{"desktop":{"background-color":"var(--ast-global-color-4)","background-image":"","background-repeat":"repeat","background-position":"center center","background-size":"auto","background-attachment":"scroll","background-type":"","background-media":"","overlay-type":"","overlay-color":"","overlay-gradient":""},"tablet":{"background-color":"","background-image":"","background-repeat":"repeat","background-position":"center center","background-size":"auto","background-attachment":"scroll","background-type":"","background-media":"","overlay-type":"","overlay-color":"","overlay-gradient":""},"mobile":{"background-color":"","background-image":"","background-repeat":"repeat","background-position":"center center","background-size":"auto","background-attachment":"scroll","background-type":"","background-media":"","overlay-type":"","overlay-color":"","overlay-gradient":""}},"ast-content-background-meta":{"desktop":{"background-color":"var(--ast-global-color-5)","background-image":"","background-repeat":"repeat","background-position":"center center","background-size":"auto","background-attachment":"scroll","background-type":"","background-media":"","overlay-type":"","overlay-color":"","overlay-gradient":""},"tablet":{"background-color":"var(--ast-global-color-5)","background-image":"","background-repeat":"repeat","background-position":"center center","background-size":"auto","background-attachment":"scroll","background-type":"","background-media":"","overlay-type":"","overlay-color":"","overlay-gradient":""},"mobile":{"background-color":"var(--ast-global-color-5)","background-image":"","background-repeat":"repeat","background-position":"center center","background-size":"auto","background-attachment":"scroll","background-type":"","background-media":"","overlay-type":"","overlay-color":"","overlay-gradient":""}},"footnotes":""},"class_list":["post-7008","page","type-page","status-publish","hentry"],"yoast_head":"<!-- This site is optimized with the Yoast SEO plugin v24.2 - https:\/\/yoast.com\/wordpress\/plugins\/seo\/ -->\n<title>Nota p\u00fablica entre violencia e omiss\u00e3o -<\/title>\n<meta name=\"robots\" content=\"index, follow, max-snippet:-1, max-image-preview:large, max-video-preview:-1\" \/>\n<link rel=\"canonical\" href=\"https:\/\/coisasdegentepreta.com.br\/index.php\/nota-publica-entre-violencia-e-omissao\/\" \/>\n<meta property=\"og:locale\" content=\"en_US\" \/>\n<meta property=\"og:type\" content=\"article\" \/>\n<meta property=\"og:title\" content=\"Nota p\u00fablica entre violencia e omiss\u00e3o -\" \/>\n<meta property=\"og:description\" content=\"Nota P\u00fablica \u2013 Entre a Viol\u00eancia e a Omiss\u00e3o: o Rio de Janeiro pede Dignidade \u00c9 impressionante \u2013 para n\u00e3o dizer tr\u00e1gico \u2013 assistir ao Governador do Estado do Rio de Janeiro, Cl\u00e1udio Castro, usar seu tempo e sua posi\u00e7\u00e3o de autoridade n\u00e3o para pacificar, mas para exaltar a viol\u00eancia da Guarda Municipal contra um &hellip; Nota p\u00fablica entre violencia e omiss\u00e3o Read More &raquo;\" \/>\n<meta property=\"og:url\" content=\"https:\/\/coisasdegentepreta.com.br\/index.php\/nota-publica-entre-violencia-e-omissao\/\" \/>\n<meta property=\"article:publisher\" content=\"https:\/\/facebook.com\/cmmcomcoisasdegente\" \/>\n<meta property=\"article:modified_time\" content=\"2025-09-10T09:54:42+00:00\" \/>\n<meta property=\"og:image\" content=\"https:\/\/coisasdegentepreta.com.br\/wp-content\/uploads\/2025\/09\/Imagem-do-WhatsApp-de-2025-09-08-as-23.33.32_59019010.jpg\" \/>\n\t<meta property=\"og:image:width\" content=\"680\" \/>\n\t<meta property=\"og:image:height\" content=\"451\" \/>\n\t<meta property=\"og:image:type\" content=\"image\/jpeg\" \/>\n<meta name=\"twitter:card\" content=\"summary_large_image\" \/>\n<meta name=\"twitter:site\" content=\"@cmmcomcoisasdegente\" \/>\n<meta name=\"twitter:label1\" content=\"Est. reading time\" \/>\n\t<meta name=\"twitter:data1\" content=\"2 minutes\" \/>\n<script type=\"application\/ld+json\" class=\"yoast-schema-graph\">{\"@context\":\"https:\/\/schema.org\",\"@graph\":[{\"@type\":\"WebPage\",\"@id\":\"https:\/\/coisasdegentepreta.com.br\/index.php\/nota-publica-entre-violencia-e-omissao\/\",\"url\":\"https:\/\/coisasdegentepreta.com.br\/index.php\/nota-publica-entre-violencia-e-omissao\/\",\"name\":\"Nota p\u00fablica entre violencia e omiss\u00e3o -\",\"isPartOf\":{\"@id\":\"https:\/\/coisasdegentepreta.com.br\/#website\"},\"primaryImageOfPage\":{\"@id\":\"https:\/\/coisasdegentepreta.com.br\/index.php\/nota-publica-entre-violencia-e-omissao\/#primaryimage\"},\"image\":{\"@id\":\"https:\/\/coisasdegentepreta.com.br\/index.php\/nota-publica-entre-violencia-e-omissao\/#primaryimage\"},\"thumbnailUrl\":\"https:\/\/coisasdegentepreta.com.br\/wp-content\/uploads\/2025\/09\/Imagem-do-WhatsApp-de-2025-09-08-as-23.33.32_59019010.jpg\",\"datePublished\":\"2025-09-10T09:30:35+00:00\",\"dateModified\":\"2025-09-10T09:54:42+00:00\",\"breadcrumb\":{\"@id\":\"https:\/\/coisasdegentepreta.com.br\/index.php\/nota-publica-entre-violencia-e-omissao\/#breadcrumb\"},\"inLanguage\":\"en-US\",\"potentialAction\":[{\"@type\":\"ReadAction\",\"target\":[\"https:\/\/coisasdegentepreta.com.br\/index.php\/nota-publica-entre-violencia-e-omissao\/\"]}]},{\"@type\":\"ImageObject\",\"inLanguage\":\"en-US\",\"@id\":\"https:\/\/coisasdegentepreta.com.br\/index.php\/nota-publica-entre-violencia-e-omissao\/#primaryimage\",\"url\":\"https:\/\/coisasdegentepreta.com.br\/wp-content\/uploads\/2025\/09\/Imagem-do-WhatsApp-de-2025-09-08-as-23.33.32_59019010.jpg\",\"contentUrl\":\"https:\/\/coisasdegentepreta.com.br\/wp-content\/uploads\/2025\/09\/Imagem-do-WhatsApp-de-2025-09-08-as-23.33.32_59019010.jpg\",\"width\":680,\"height\":451},{\"@type\":\"BreadcrumbList\",\"@id\":\"https:\/\/coisasdegentepreta.com.br\/index.php\/nota-publica-entre-violencia-e-omissao\/#breadcrumb\",\"itemListElement\":[{\"@type\":\"ListItem\",\"position\":1,\"name\":\"ECMM\",\"item\":\"https:\/\/coisasdegentepreta.com.br\/\"},{\"@type\":\"ListItem\",\"position\":2,\"name\":\"Nota p\u00fablica entre violencia e omiss\u00e3o\"}]},{\"@type\":\"WebSite\",\"@id\":\"https:\/\/coisasdegentepreta.com.br\/#website\",\"url\":\"https:\/\/coisasdegentepreta.com.br\/\",\"name\":\"https:\/\/coisasdegentepreta.com.br\",\"description\":\"\",\"publisher\":{\"@id\":\"https:\/\/coisasdegentepreta.com.br\/#organization\"},\"potentialAction\":[{\"@type\":\"SearchAction\",\"target\":{\"@type\":\"EntryPoint\",\"urlTemplate\":\"https:\/\/coisasdegentepreta.com.br\/?s={search_term_string}\"},\"query-input\":{\"@type\":\"PropertyValueSpecification\",\"valueRequired\":true,\"valueName\":\"search_term_string\"}}],\"inLanguage\":\"en-US\"},{\"@type\":\"Organization\",\"@id\":\"https:\/\/coisasdegentepreta.com.br\/#organization\",\"name\":\"Espa\u00e7o de Capacita\u00e7\u00e3o M\u00e1rcio Madeira RJ\",\"url\":\"https:\/\/coisasdegentepreta.com.br\/\",\"logo\":{\"@type\":\"ImageObject\",\"inLanguage\":\"en-US\",\"@id\":\"https:\/\/coisasdegentepreta.com.br\/#\/schema\/logo\/image\/\",\"url\":\"https:\/\/coisasdegentepreta.com.br\/wp-content\/uploads\/2023\/12\/logo-2.png\",\"contentUrl\":\"https:\/\/coisasdegentepreta.com.br\/wp-content\/uploads\/2023\/12\/logo-2.png\",\"width\":2064,\"height\":1021,\"caption\":\"Espa\u00e7o de Capacita\u00e7\u00e3o M\u00e1rcio Madeira RJ\"},\"image\":{\"@id\":\"https:\/\/coisasdegentepreta.com.br\/#\/schema\/logo\/image\/\"},\"sameAs\":[\"https:\/\/facebook.com\/cmmcomcoisasdegente\",\"https:\/\/x.com\/cmmcomcoisasdegente\",\"https:\/\/instagram.com\/cmmcomcoisasdegente\"]}]}<\/script>\n<!-- \/ Yoast SEO plugin. -->","yoast_head_json":{"title":"Nota p\u00fablica entre violencia e omiss\u00e3o -","robots":{"index":"index","follow":"follow","max-snippet":"max-snippet:-1","max-image-preview":"max-image-preview:large","max-video-preview":"max-video-preview:-1"},"canonical":"https:\/\/coisasdegentepreta.com.br\/index.php\/nota-publica-entre-violencia-e-omissao\/","og_locale":"en_US","og_type":"article","og_title":"Nota p\u00fablica entre violencia e omiss\u00e3o -","og_description":"Nota P\u00fablica \u2013 Entre a Viol\u00eancia e a Omiss\u00e3o: o Rio de Janeiro pede Dignidade \u00c9 impressionante \u2013 para n\u00e3o dizer tr\u00e1gico \u2013 assistir ao Governador do Estado do Rio de Janeiro, Cl\u00e1udio Castro, usar seu tempo e sua posi\u00e7\u00e3o de autoridade n\u00e3o para pacificar, mas para exaltar a viol\u00eancia da Guarda Municipal contra um &hellip; Nota p\u00fablica entre violencia e omiss\u00e3o Read More &raquo;","og_url":"https:\/\/coisasdegentepreta.com.br\/index.php\/nota-publica-entre-violencia-e-omissao\/","article_publisher":"https:\/\/facebook.com\/cmmcomcoisasdegente","article_modified_time":"2025-09-10T09:54:42+00:00","og_image":[{"width":680,"height":451,"url":"https:\/\/coisasdegentepreta.com.br\/wp-content\/uploads\/2025\/09\/Imagem-do-WhatsApp-de-2025-09-08-as-23.33.32_59019010.jpg","type":"image\/jpeg"}],"twitter_card":"summary_large_image","twitter_site":"@cmmcomcoisasdegente","twitter_misc":{"Est. reading time":"2 minutes"},"schema":{"@context":"https:\/\/schema.org","@graph":[{"@type":"WebPage","@id":"https:\/\/coisasdegentepreta.com.br\/index.php\/nota-publica-entre-violencia-e-omissao\/","url":"https:\/\/coisasdegentepreta.com.br\/index.php\/nota-publica-entre-violencia-e-omissao\/","name":"Nota p\u00fablica entre violencia e omiss\u00e3o -","isPartOf":{"@id":"https:\/\/coisasdegentepreta.com.br\/#website"},"primaryImageOfPage":{"@id":"https:\/\/coisasdegentepreta.com.br\/index.php\/nota-publica-entre-violencia-e-omissao\/#primaryimage"},"image":{"@id":"https:\/\/coisasdegentepreta.com.br\/index.php\/nota-publica-entre-violencia-e-omissao\/#primaryimage"},"thumbnailUrl":"https:\/\/coisasdegentepreta.com.br\/wp-content\/uploads\/2025\/09\/Imagem-do-WhatsApp-de-2025-09-08-as-23.33.32_59019010.jpg","datePublished":"2025-09-10T09:30:35+00:00","dateModified":"2025-09-10T09:54:42+00:00","breadcrumb":{"@id":"https:\/\/coisasdegentepreta.com.br\/index.php\/nota-publica-entre-violencia-e-omissao\/#breadcrumb"},"inLanguage":"en-US","potentialAction":[{"@type":"ReadAction","target":["https:\/\/coisasdegentepreta.com.br\/index.php\/nota-publica-entre-violencia-e-omissao\/"]}]},{"@type":"ImageObject","inLanguage":"en-US","@id":"https:\/\/coisasdegentepreta.com.br\/index.php\/nota-publica-entre-violencia-e-omissao\/#primaryimage","url":"https:\/\/coisasdegentepreta.com.br\/wp-content\/uploads\/2025\/09\/Imagem-do-WhatsApp-de-2025-09-08-as-23.33.32_59019010.jpg","contentUrl":"https:\/\/coisasdegentepreta.com.br\/wp-content\/uploads\/2025\/09\/Imagem-do-WhatsApp-de-2025-09-08-as-23.33.32_59019010.jpg","width":680,"height":451},{"@type":"BreadcrumbList","@id":"https:\/\/coisasdegentepreta.com.br\/index.php\/nota-publica-entre-violencia-e-omissao\/#breadcrumb","itemListElement":[{"@type":"ListItem","position":1,"name":"ECMM","item":"https:\/\/coisasdegentepreta.com.br\/"},{"@type":"ListItem","position":2,"name":"Nota p\u00fablica entre violencia e omiss\u00e3o"}]},{"@type":"WebSite","@id":"https:\/\/coisasdegentepreta.com.br\/#website","url":"https:\/\/coisasdegentepreta.com.br\/","name":"https:\/\/coisasdegentepreta.com.br","description":"","publisher":{"@id":"https:\/\/coisasdegentepreta.com.br\/#organization"},"potentialAction":[{"@type":"SearchAction","target":{"@type":"EntryPoint","urlTemplate":"https:\/\/coisasdegentepreta.com.br\/?s={search_term_string}"},"query-input":{"@type":"PropertyValueSpecification","valueRequired":true,"valueName":"search_term_string"}}],"inLanguage":"en-US"},{"@type":"Organization","@id":"https:\/\/coisasdegentepreta.com.br\/#organization","name":"Espa\u00e7o de Capacita\u00e7\u00e3o M\u00e1rcio Madeira RJ","url":"https:\/\/coisasdegentepreta.com.br\/","logo":{"@type":"ImageObject","inLanguage":"en-US","@id":"https:\/\/coisasdegentepreta.com.br\/#\/schema\/logo\/image\/","url":"https:\/\/coisasdegentepreta.com.br\/wp-content\/uploads\/2023\/12\/logo-2.png","contentUrl":"https:\/\/coisasdegentepreta.com.br\/wp-content\/uploads\/2023\/12\/logo-2.png","width":2064,"height":1021,"caption":"Espa\u00e7o de Capacita\u00e7\u00e3o M\u00e1rcio Madeira RJ"},"image":{"@id":"https:\/\/coisasdegentepreta.com.br\/#\/schema\/logo\/image\/"},"sameAs":["https:\/\/facebook.com\/cmmcomcoisasdegente","https:\/\/x.com\/cmmcomcoisasdegente","https:\/\/instagram.com\/cmmcomcoisasdegente"]}]}},"_links":{"self":[{"href":"https:\/\/coisasdegentepreta.com.br\/index.php\/wp-json\/wp\/v2\/pages\/7008","targetHints":{"allow":["GET"]}}],"collection":[{"href":"https:\/\/coisasdegentepreta.com.br\/index.php\/wp-json\/wp\/v2\/pages"}],"about":[{"href":"https:\/\/coisasdegentepreta.com.br\/index.php\/wp-json\/wp\/v2\/types\/page"}],"author":[{"embeddable":true,"href":"https:\/\/coisasdegentepreta.com.br\/index.php\/wp-json\/wp\/v2\/users\/1"}],"replies":[{"embeddable":true,"href":"https:\/\/coisasdegentepreta.com.br\/index.php\/wp-json\/wp\/v2\/comments?post=7008"}],"version-history":[{"count":10,"href":"https:\/\/coisasdegentepreta.com.br\/index.php\/wp-json\/wp\/v2\/pages\/7008\/revisions"}],"predecessor-version":[{"id":7036,"href":"https:\/\/coisasdegentepreta.com.br\/index.php\/wp-json\/wp\/v2\/pages\/7008\/revisions\/7036"}],"wp:attachment":[{"href":"https:\/\/coisasdegentepreta.com.br\/index.php\/wp-json\/wp\/v2\/media?parent=7008"}],"curies":[{"name":"wp","href":"https:\/\/api.w.org\/{rel}","templated":true}]}}