{"id":6974,"date":"2025-09-07T20:41:15","date_gmt":"2025-09-07T23:41:15","guid":{"rendered":"https:\/\/coisasdegentepreta.com.br\/?page_id=6974"},"modified":"2025-09-07T21:58:55","modified_gmt":"2025-09-08T00:58:55","slug":"nota-de-repudio-e-reflexao","status":"publish","type":"page","link":"https:\/\/coisasdegentepreta.com.br\/index.php\/nota-de-repudio-e-reflexao\/","title":{"rendered":"Nota de repudio e reflex\u00e3o"},"content":{"rendered":"\t\t<div data-elementor-type=\"wp-page\" data-elementor-id=\"6974\" class=\"elementor elementor-6974\">\n\t\t\t\t<div class=\"elementor-element elementor-element-b9e6992 e-flex e-con-boxed e-con e-parent\" data-id=\"b9e6992\" data-element_type=\"container\" data-settings=\"{&quot;background_background&quot;:&quot;classic&quot;}\">\n\t\t\t\t\t<div class=\"e-con-inner\">\n\t\t<div class=\"elementor-element elementor-element-749d1d7 e-con-full e-flex e-con e-child\" data-id=\"749d1d7\" data-element_type=\"container\">\n\t\t\t\t<div class=\"elementor-element elementor-element-a0f62af elementor-widget elementor-widget-video\" data-id=\"a0f62af\" data-element_type=\"widget\" data-settings=\"{&quot;video_type&quot;:&quot;hosted&quot;,&quot;controls&quot;:&quot;yes&quot;}\" data-widget_type=\"video.default\">\n\t\t\t\t<div class=\"elementor-widget-container\">\n\t\t\t\t\t\t\t<div class=\"e-hosted-video elementor-wrapper elementor-open-inline\">\n\t\t\t\t\t<video class=\"elementor-video\" src=\"https:\/\/coisasdegentepreta.com.br\/wp-content\/uploads\/2025\/09\/Video-do-WhatsApp-de-2025-09-07-as-20.07.27_f727a826.mp4\" controls=\"\" preload=\"metadata\" controlsList=\"nodownload\"><\/video>\n\t\t\t\t<\/div>\n\t\t\t\t\t\t<\/div>\n\t\t\t\t<\/div>\n\t\t\t\t<\/div>\n\t\t<div class=\"elementor-element elementor-element-06914f9 e-con-full e-flex e-con e-child\" data-id=\"06914f9\" data-element_type=\"container\" data-settings=\"{&quot;background_background&quot;:&quot;classic&quot;}\">\n\t\t\t\t<div class=\"elementor-element elementor-element-c7bc6dd elementor-widget elementor-widget-heading\" data-id=\"c7bc6dd\" data-element_type=\"widget\" data-widget_type=\"heading.default\">\n\t\t\t\t<div class=\"elementor-widget-container\">\n\t\t\t\t\t<h2 class=\"elementor-heading-title elementor-size-default\">NOTA DE REP\u00daDIO E REFLEX\u00c3O\n<\/h2>\t\t\t\t<\/div>\n\t\t\t\t<\/div>\n\t\t\t\t<div class=\"elementor-element elementor-element-d374a9e elementor-widget elementor-widget-text-editor\" data-id=\"d374a9e\" data-element_type=\"widget\" data-widget_type=\"text-editor.default\">\n\t\t\t\t<div class=\"elementor-widget-container\">\n\t\t\t\t\t\t\t\t\t<p>O epis\u00f3dio ocorrido no Rio de Janeiro, em que a Guarda Municipal agrediu o deputado estadual Josemar, outros parlamentares e integrantes de movimentos de ocupa\u00e7\u00e3o, \u00e9 grav\u00edssimo e inaceit\u00e1vel. Um deputado estadual \u00e9 uma autoridade constitu\u00edda, com prerrogativas legais e voz de pris\u00e3o, que deveriam ser respeitadas em qualquer circunst\u00e2ncia.<\/p><p>O que presenciamos revela n\u00e3o apenas a falta de preparo da Guarda Municipal, mas tamb\u00e9m os riscos de um armamento precoce, que pode transformar conflitos em trag\u00e9dias. Este caso deve servir de alerta para uma revis\u00e3o profunda das pr\u00e1ticas de abordagem, treinamento e protocolos de atua\u00e7\u00e3o das for\u00e7as municipais.<\/p><p>Mas h\u00e1 um aspecto ainda mais doloroso que n\u00e3o pode ser silenciado: o racismo estrutural que atravessa nossas institui\u00e7\u00f5es. \u00c9 inevit\u00e1vel a pergunta \u2014 se fosse o filho de Bolsonaro, ou um parlamentar branco de sobrenome tradicional, o tratamento seria o mesmo? A resposta \u00e9 evidente, e ela escancara a seletividade do racismo que insiste em negar dignidade, autoridade e respeito \u00e0s nossas lideran\u00e7as negras.<\/p><p>Este epis\u00f3dio deve gerar mais do que indigna\u00e7\u00e3o: deve provocar reflex\u00e3o coletiva e a\u00e7\u00e3o pol\u00edtica firme. \u00c9 hora de exigir mudan\u00e7as estruturais, responsabiliza\u00e7\u00f5es e o reconhecimento pleno de que n\u00e3o se pode mais aceitar que parlamentares e movimentos populares sejam tratados com viol\u00eancia e desrespeito.<\/p><p>A democracia s\u00f3 \u00e9 verdadeira quando a autoridade negra \u00e9 respeitada com a mesma legitimidade que qualquer outra. Enquanto isso n\u00e3o acontece, seguiremos denunciando, resistindo e lutando por um Brasil que reconhe\u00e7a a humanidade e a lideran\u00e7a do nosso povo.<\/p>\t\t\t\t\t\t\t\t<\/div>\n\t\t\t\t<\/div>\n\t\t\t\t<\/div>\n\t\t\t\t\t<\/div>\n\t\t\t\t<\/div>\n\t\t\t\t<\/div>\n\t\t","protected":false},"excerpt":{"rendered":"<p>https:\/\/coisasdegentepreta.com.br\/wp-content\/uploads\/2025\/09\/Video-do-WhatsApp-de-2025-09-07-as-20.07.27_f727a826.mp4 NOTA DE REP\u00daDIO E REFLEX\u00c3O O epis\u00f3dio ocorrido no Rio de Janeiro, em que a Guarda Municipal agrediu o deputado estadual Josemar, outros parlamentares e integrantes de movimentos de ocupa\u00e7\u00e3o, \u00e9 grav\u00edssimo e inaceit\u00e1vel. Um deputado estadual \u00e9 uma autoridade constitu\u00edda, com prerrogativas legais e voz de pris\u00e3o, que deveriam ser respeitadas em qualquer &hellip;<\/p>\n<p class=\"read-more\"> <a class=\"\" href=\"https:\/\/coisasdegentepreta.com.br\/index.php\/nota-de-repudio-e-reflexao\/\"> <span class=\"screen-reader-text\">Nota de repudio e reflex\u00e3o<\/span> Read More &raquo;<\/a><\/p>\n","protected":false},"author":1,"featured_media":0,"parent":0,"menu_order":0,"comment_status":"closed","ping_status":"closed","template":"","meta":{"site-sidebar-layout":"no-sidebar","site-content-layout":"","ast-site-content-layout":"full-width-container","site-content-style":"default","site-sidebar-style":"default","ast-global-header-display":"","ast-banner-title-visibility":"","ast-main-header-display":"","ast-hfb-above-header-display":"","ast-hfb-below-header-display":"","ast-hfb-mobile-header-display":"","site-post-title":"disabled","ast-breadcrumbs-content":"","ast-featured-img":"disabled","footer-sml-layout":"","theme-transparent-header-meta":"","adv-header-id-meta":"","stick-header-meta":"","header-above-stick-meta":"","header-main-stick-meta":"","header-below-stick-meta":"","astra-migrate-meta-layouts":"default","ast-page-background-enabled":"default","ast-page-background-meta":{"desktop":{"background-color":"var(--ast-global-color-4)","background-image":"","background-repeat":"repeat","background-position":"center center","background-size":"auto","background-attachment":"scroll","background-type":"","background-media":"","overlay-type":"","overlay-color":"","overlay-gradient":""},"tablet":{"background-color":"","background-image":"","background-repeat":"repeat","background-position":"center center","background-size":"auto","background-attachment":"scroll","background-type":"","background-media":"","overlay-type":"","overlay-color":"","overlay-gradient":""},"mobile":{"background-color":"","background-image":"","background-repeat":"repeat","background-position":"center center","background-size":"auto","background-attachment":"scroll","background-type":"","background-media":"","overlay-type":"","overlay-color":"","overlay-gradient":""}},"ast-content-background-meta":{"desktop":{"background-color":"var(--ast-global-color-5)","background-image":"","background-repeat":"repeat","background-position":"center center","background-size":"auto","background-attachment":"scroll","background-type":"","background-media":"","overlay-type":"","overlay-color":"","overlay-gradient":""},"tablet":{"background-color":"var(--ast-global-color-5)","background-image":"","background-repeat":"repeat","background-position":"center center","background-size":"auto","background-attachment":"scroll","background-type":"","background-media":"","overlay-type":"","overlay-color":"","overlay-gradient":""},"mobile":{"background-color":"var(--ast-global-color-5)","background-image":"","background-repeat":"repeat","background-position":"center center","background-size":"auto","background-attachment":"scroll","background-type":"","background-media":"","overlay-type":"","overlay-color":"","overlay-gradient":""}},"footnotes":""},"class_list":["post-6974","page","type-page","status-publish","hentry"],"yoast_head":"<!-- This site is optimized with the Yoast SEO plugin v24.2 - https:\/\/yoast.com\/wordpress\/plugins\/seo\/ -->\n<title>Nota de repudio e reflex\u00e3o -<\/title>\n<meta name=\"robots\" content=\"index, follow, max-snippet:-1, max-image-preview:large, max-video-preview:-1\" \/>\n<link rel=\"canonical\" href=\"https:\/\/coisasdegentepreta.com.br\/index.php\/nota-de-repudio-e-reflexao\/\" \/>\n<meta property=\"og:locale\" content=\"en_US\" \/>\n<meta property=\"og:type\" content=\"article\" \/>\n<meta property=\"og:title\" content=\"Nota de repudio e reflex\u00e3o -\" \/>\n<meta property=\"og:description\" content=\"https:\/\/coisasdegentepreta.com.br\/wp-content\/uploads\/2025\/09\/Video-do-WhatsApp-de-2025-09-07-as-20.07.27_f727a826.mp4 NOTA DE REP\u00daDIO E REFLEX\u00c3O O epis\u00f3dio ocorrido no Rio de Janeiro, em que a Guarda Municipal agrediu o deputado estadual Josemar, outros parlamentares e integrantes de movimentos de ocupa\u00e7\u00e3o, \u00e9 grav\u00edssimo e inaceit\u00e1vel. Um deputado estadual \u00e9 uma autoridade constitu\u00edda, com prerrogativas legais e voz de pris\u00e3o, que deveriam ser respeitadas em qualquer &hellip; Nota de repudio e reflex\u00e3o Read More &raquo;\" \/>\n<meta property=\"og:url\" content=\"https:\/\/coisasdegentepreta.com.br\/index.php\/nota-de-repudio-e-reflexao\/\" \/>\n<meta property=\"article:publisher\" content=\"https:\/\/facebook.com\/cmmcomcoisasdegente\" \/>\n<meta property=\"article:modified_time\" content=\"2025-09-08T00:58:55+00:00\" \/>\n<meta name=\"twitter:card\" content=\"summary_large_image\" \/>\n<meta name=\"twitter:site\" content=\"@cmmcomcoisasdegente\" \/>\n<meta name=\"twitter:label1\" content=\"Est. reading time\" \/>\n\t<meta name=\"twitter:data1\" content=\"2 minutes\" \/>\n<script type=\"application\/ld+json\" class=\"yoast-schema-graph\">{\"@context\":\"https:\/\/schema.org\",\"@graph\":[{\"@type\":\"WebPage\",\"@id\":\"https:\/\/coisasdegentepreta.com.br\/index.php\/nota-de-repudio-e-reflexao\/\",\"url\":\"https:\/\/coisasdegentepreta.com.br\/index.php\/nota-de-repudio-e-reflexao\/\",\"name\":\"Nota de repudio e reflex\u00e3o -\",\"isPartOf\":{\"@id\":\"https:\/\/coisasdegentepreta.com.br\/#website\"},\"datePublished\":\"2025-09-07T23:41:15+00:00\",\"dateModified\":\"2025-09-08T00:58:55+00:00\",\"breadcrumb\":{\"@id\":\"https:\/\/coisasdegentepreta.com.br\/index.php\/nota-de-repudio-e-reflexao\/#breadcrumb\"},\"inLanguage\":\"en-US\",\"potentialAction\":[{\"@type\":\"ReadAction\",\"target\":[\"https:\/\/coisasdegentepreta.com.br\/index.php\/nota-de-repudio-e-reflexao\/\"]}]},{\"@type\":\"BreadcrumbList\",\"@id\":\"https:\/\/coisasdegentepreta.com.br\/index.php\/nota-de-repudio-e-reflexao\/#breadcrumb\",\"itemListElement\":[{\"@type\":\"ListItem\",\"position\":1,\"name\":\"ECMM\",\"item\":\"https:\/\/coisasdegentepreta.com.br\/\"},{\"@type\":\"ListItem\",\"position\":2,\"name\":\"Nota de repudio e reflex\u00e3o\"}]},{\"@type\":\"WebSite\",\"@id\":\"https:\/\/coisasdegentepreta.com.br\/#website\",\"url\":\"https:\/\/coisasdegentepreta.com.br\/\",\"name\":\"https:\/\/coisasdegentepreta.com.br\",\"description\":\"\",\"publisher\":{\"@id\":\"https:\/\/coisasdegentepreta.com.br\/#organization\"},\"potentialAction\":[{\"@type\":\"SearchAction\",\"target\":{\"@type\":\"EntryPoint\",\"urlTemplate\":\"https:\/\/coisasdegentepreta.com.br\/?s={search_term_string}\"},\"query-input\":{\"@type\":\"PropertyValueSpecification\",\"valueRequired\":true,\"valueName\":\"search_term_string\"}}],\"inLanguage\":\"en-US\"},{\"@type\":\"Organization\",\"@id\":\"https:\/\/coisasdegentepreta.com.br\/#organization\",\"name\":\"Espa\u00e7o de Capacita\u00e7\u00e3o M\u00e1rcio Madeira RJ\",\"url\":\"https:\/\/coisasdegentepreta.com.br\/\",\"logo\":{\"@type\":\"ImageObject\",\"inLanguage\":\"en-US\",\"@id\":\"https:\/\/coisasdegentepreta.com.br\/#\/schema\/logo\/image\/\",\"url\":\"https:\/\/coisasdegentepreta.com.br\/wp-content\/uploads\/2023\/12\/logo-2.png\",\"contentUrl\":\"https:\/\/coisasdegentepreta.com.br\/wp-content\/uploads\/2023\/12\/logo-2.png\",\"width\":2064,\"height\":1021,\"caption\":\"Espa\u00e7o de Capacita\u00e7\u00e3o M\u00e1rcio Madeira RJ\"},\"image\":{\"@id\":\"https:\/\/coisasdegentepreta.com.br\/#\/schema\/logo\/image\/\"},\"sameAs\":[\"https:\/\/facebook.com\/cmmcomcoisasdegente\",\"https:\/\/x.com\/cmmcomcoisasdegente\",\"https:\/\/instagram.com\/cmmcomcoisasdegente\"]}]}<\/script>\n<!-- \/ Yoast SEO plugin. -->","yoast_head_json":{"title":"Nota de repudio e reflex\u00e3o -","robots":{"index":"index","follow":"follow","max-snippet":"max-snippet:-1","max-image-preview":"max-image-preview:large","max-video-preview":"max-video-preview:-1"},"canonical":"https:\/\/coisasdegentepreta.com.br\/index.php\/nota-de-repudio-e-reflexao\/","og_locale":"en_US","og_type":"article","og_title":"Nota de repudio e reflex\u00e3o -","og_description":"https:\/\/coisasdegentepreta.com.br\/wp-content\/uploads\/2025\/09\/Video-do-WhatsApp-de-2025-09-07-as-20.07.27_f727a826.mp4 NOTA DE REP\u00daDIO E REFLEX\u00c3O O epis\u00f3dio ocorrido no Rio de Janeiro, em que a Guarda Municipal agrediu o deputado estadual Josemar, outros parlamentares e integrantes de movimentos de ocupa\u00e7\u00e3o, \u00e9 grav\u00edssimo e inaceit\u00e1vel. Um deputado estadual \u00e9 uma autoridade constitu\u00edda, com prerrogativas legais e voz de pris\u00e3o, que deveriam ser respeitadas em qualquer &hellip; Nota de repudio e reflex\u00e3o Read More &raquo;","og_url":"https:\/\/coisasdegentepreta.com.br\/index.php\/nota-de-repudio-e-reflexao\/","article_publisher":"https:\/\/facebook.com\/cmmcomcoisasdegente","article_modified_time":"2025-09-08T00:58:55+00:00","twitter_card":"summary_large_image","twitter_site":"@cmmcomcoisasdegente","twitter_misc":{"Est. reading time":"2 minutes"},"schema":{"@context":"https:\/\/schema.org","@graph":[{"@type":"WebPage","@id":"https:\/\/coisasdegentepreta.com.br\/index.php\/nota-de-repudio-e-reflexao\/","url":"https:\/\/coisasdegentepreta.com.br\/index.php\/nota-de-repudio-e-reflexao\/","name":"Nota de repudio e reflex\u00e3o -","isPartOf":{"@id":"https:\/\/coisasdegentepreta.com.br\/#website"},"datePublished":"2025-09-07T23:41:15+00:00","dateModified":"2025-09-08T00:58:55+00:00","breadcrumb":{"@id":"https:\/\/coisasdegentepreta.com.br\/index.php\/nota-de-repudio-e-reflexao\/#breadcrumb"},"inLanguage":"en-US","potentialAction":[{"@type":"ReadAction","target":["https:\/\/coisasdegentepreta.com.br\/index.php\/nota-de-repudio-e-reflexao\/"]}]},{"@type":"BreadcrumbList","@id":"https:\/\/coisasdegentepreta.com.br\/index.php\/nota-de-repudio-e-reflexao\/#breadcrumb","itemListElement":[{"@type":"ListItem","position":1,"name":"ECMM","item":"https:\/\/coisasdegentepreta.com.br\/"},{"@type":"ListItem","position":2,"name":"Nota de repudio e reflex\u00e3o"}]},{"@type":"WebSite","@id":"https:\/\/coisasdegentepreta.com.br\/#website","url":"https:\/\/coisasdegentepreta.com.br\/","name":"https:\/\/coisasdegentepreta.com.br","description":"","publisher":{"@id":"https:\/\/coisasdegentepreta.com.br\/#organization"},"potentialAction":[{"@type":"SearchAction","target":{"@type":"EntryPoint","urlTemplate":"https:\/\/coisasdegentepreta.com.br\/?s={search_term_string}"},"query-input":{"@type":"PropertyValueSpecification","valueRequired":true,"valueName":"search_term_string"}}],"inLanguage":"en-US"},{"@type":"Organization","@id":"https:\/\/coisasdegentepreta.com.br\/#organization","name":"Espa\u00e7o de Capacita\u00e7\u00e3o M\u00e1rcio Madeira RJ","url":"https:\/\/coisasdegentepreta.com.br\/","logo":{"@type":"ImageObject","inLanguage":"en-US","@id":"https:\/\/coisasdegentepreta.com.br\/#\/schema\/logo\/image\/","url":"https:\/\/coisasdegentepreta.com.br\/wp-content\/uploads\/2023\/12\/logo-2.png","contentUrl":"https:\/\/coisasdegentepreta.com.br\/wp-content\/uploads\/2023\/12\/logo-2.png","width":2064,"height":1021,"caption":"Espa\u00e7o de Capacita\u00e7\u00e3o M\u00e1rcio Madeira RJ"},"image":{"@id":"https:\/\/coisasdegentepreta.com.br\/#\/schema\/logo\/image\/"},"sameAs":["https:\/\/facebook.com\/cmmcomcoisasdegente","https:\/\/x.com\/cmmcomcoisasdegente","https:\/\/instagram.com\/cmmcomcoisasdegente"]}]}},"_links":{"self":[{"href":"https:\/\/coisasdegentepreta.com.br\/index.php\/wp-json\/wp\/v2\/pages\/6974","targetHints":{"allow":["GET"]}}],"collection":[{"href":"https:\/\/coisasdegentepreta.com.br\/index.php\/wp-json\/wp\/v2\/pages"}],"about":[{"href":"https:\/\/coisasdegentepreta.com.br\/index.php\/wp-json\/wp\/v2\/types\/page"}],"author":[{"embeddable":true,"href":"https:\/\/coisasdegentepreta.com.br\/index.php\/wp-json\/wp\/v2\/users\/1"}],"replies":[{"embeddable":true,"href":"https:\/\/coisasdegentepreta.com.br\/index.php\/wp-json\/wp\/v2\/comments?post=6974"}],"version-history":[{"count":16,"href":"https:\/\/coisasdegentepreta.com.br\/index.php\/wp-json\/wp\/v2\/pages\/6974\/revisions"}],"predecessor-version":[{"id":7007,"href":"https:\/\/coisasdegentepreta.com.br\/index.php\/wp-json\/wp\/v2\/pages\/6974\/revisions\/7007"}],"wp:attachment":[{"href":"https:\/\/coisasdegentepreta.com.br\/index.php\/wp-json\/wp\/v2\/media?parent=6974"}],"curies":[{"name":"wp","href":"https:\/\/api.w.org\/{rel}","templated":true}]}}