{"id":6757,"date":"2025-09-06T16:38:03","date_gmt":"2025-09-06T19:38:03","guid":{"rendered":"https:\/\/coisasdegentepreta.com.br\/?page_id=6757"},"modified":"2025-09-15T19:36:10","modified_gmt":"2025-09-15T22:36:10","slug":"telefone-preto","status":"publish","type":"page","link":"https:\/\/coisasdegentepreta.com.br\/index.php\/telefone-preto\/","title":{"rendered":"Telefone Preto"},"content":{"rendered":"\t\t<div data-elementor-type=\"wp-page\" data-elementor-id=\"6757\" class=\"elementor elementor-6757\">\n\t\t\t\t<div class=\"elementor-element elementor-element-39fea3c e-flex e-con-boxed e-con e-parent\" data-id=\"39fea3c\" data-element_type=\"container\" data-settings=\"{&quot;background_background&quot;:&quot;classic&quot;}\">\n\t\t\t\t\t<div class=\"e-con-inner\">\n\t\t\t\t<div class=\"elementor-element elementor-element-e9634b2 elementor-widget elementor-widget-heading\" data-id=\"e9634b2\" data-element_type=\"widget\" data-widget_type=\"heading.default\">\n\t\t\t\t<div class=\"elementor-widget-container\">\n\t\t\t\t\t<h4 class=\"elementor-heading-title elementor-size-default\">Telefone Preto<\/h4>\t\t\t\t<\/div>\n\t\t\t\t<\/div>\n\t\t\t\t\t<\/div>\n\t\t\t\t<\/div>\n\t\t<div class=\"elementor-element elementor-element-0239e94 elementor-hidden-mobile e-flex e-con-boxed e-con e-parent\" data-id=\"0239e94\" data-element_type=\"container\" data-settings=\"{&quot;background_background&quot;:&quot;classic&quot;}\">\n\t\t\t\t\t<div class=\"e-con-inner\">\n\t\t\t\t<div class=\"elementor-element elementor-element-2978920 elementor-widget elementor-widget-image\" data-id=\"2978920\" data-element_type=\"widget\" data-widget_type=\"image.default\">\n\t\t\t\t<div class=\"elementor-widget-container\">\n\t\t\t\t\t\t\t\t\t\t\t\t\t\t\t<img fetchpriority=\"high\" decoding=\"async\" width=\"768\" height=\"768\" src=\"https:\/\/coisasdegentepreta.com.br\/wp-content\/uploads\/2025\/09\/Imagem-do-WhatsApp-de-2025-09-04-as-07.32.06_0276f02b-768x768.jpg\" class=\"attachment-medium_large size-medium_large wp-image-6781\" alt=\"\" srcset=\"https:\/\/coisasdegentepreta.com.br\/wp-content\/uploads\/2025\/09\/Imagem-do-WhatsApp-de-2025-09-04-as-07.32.06_0276f02b-768x768.jpg 768w, https:\/\/coisasdegentepreta.com.br\/wp-content\/uploads\/2025\/09\/Imagem-do-WhatsApp-de-2025-09-04-as-07.32.06_0276f02b-300x300.jpg 300w, https:\/\/coisasdegentepreta.com.br\/wp-content\/uploads\/2025\/09\/Imagem-do-WhatsApp-de-2025-09-04-as-07.32.06_0276f02b-150x150.jpg 150w, https:\/\/coisasdegentepreta.com.br\/wp-content\/uploads\/2025\/09\/Imagem-do-WhatsApp-de-2025-09-04-as-07.32.06_0276f02b-600x600.jpg 600w, https:\/\/coisasdegentepreta.com.br\/wp-content\/uploads\/2025\/09\/Imagem-do-WhatsApp-de-2025-09-04-as-07.32.06_0276f02b-100x100.jpg 100w, https:\/\/coisasdegentepreta.com.br\/wp-content\/uploads\/2025\/09\/Imagem-do-WhatsApp-de-2025-09-04-as-07.32.06_0276f02b.jpg 1024w\" sizes=\"(max-width: 768px) 100vw, 768px\" \/>\t\t\t\t\t\t\t\t\t\t\t\t\t\t\t<\/div>\n\t\t\t\t<\/div>\n\t\t\t\t<div class=\"elementor-element elementor-element-b0ad42f elementor-widget__width-inherit elementor-widget-mobile__width-inherit elementor-widget elementor-widget-heading\" data-id=\"b0ad42f\" data-element_type=\"widget\" data-widget_type=\"heading.default\">\n\t\t\t\t<div class=\"elementor-widget-container\">\n\t\t\t\t\t<h2 class=\"elementor-heading-title elementor-size-default\">PORTAL DE INFORMA\u00c7\u00d5ES PRETAS\n\n<\/h2>\t\t\t\t<\/div>\n\t\t\t\t<\/div>\n\t\t\t\t<div class=\"elementor-element elementor-element-a27c405 elementor-widget elementor-widget-text-editor\" data-id=\"a27c405\" data-element_type=\"widget\" data-widget_type=\"text-editor.default\">\n\t\t\t\t<div class=\"elementor-widget-container\">\n\t\t\t\t\t\t\t\t\t<div>O Telefone Preto \u00e9 um espa\u00e7o criado para facilitar o acesso a informa\u00e7\u00f5es confi\u00e1veis sobre profissionais, institui\u00e7\u00f5es e servi\u00e7os voltados \u00e0 popula\u00e7\u00e3o negra. Seu objetivo principal \u00e9 conectar pessoas e organiza\u00e7\u00f5es, fortalecer redes de apoio, divulgar oportunidades e promover a representatividade negra em diferentes \u00e1reas.<\/div><div>\u00a0<\/div><div><strong>Respons\u00e1vel: M\u00e1rcio Madeira<\/strong><span style=\"font-weight: var(--bs-body-font-weight); font-style: inherit;\">\u00a0<\/span><\/div><div>\u00a0<\/div><div><strong>Objetivos do Telefone Preto:<\/strong><\/div><div>\u2022Fornecer informa\u00e7\u00f5es profissionais de forma acess\u00edvel ao p\u00fablico.<\/div><div>\u2022Divulgar institui\u00e7\u00f5es e servi\u00e7os voltados ao povo preto.<\/div><div>\u2022Fortalecer redes de apoio, trabalho e cultura negra.<\/div><div>\u2022Conectar profissionais com oportunidades e parcerias.<\/div><div>\u00a0<\/div><div>O Telefone Preto funcionar\u00e1 como um espa\u00e7o informativo, organizado e confi\u00e1vel, reunindo contatos de profissionais, institui\u00e7\u00f5es e servi\u00e7os voltados \u00e0 popula\u00e7\u00e3o\u00a0negra<\/div>\t\t\t\t\t\t\t\t<\/div>\n\t\t\t\t<\/div>\n\t\t<div class=\"elementor-element elementor-element-1f8ec54 e-con-full e-grid e-con e-child\" data-id=\"1f8ec54\" data-element_type=\"container\">\n\t\t\t\t<div class=\"elementor-element elementor-element-e2cd235 elementor-widget__width-initial elementor-widget elementor-widget-text-editor\" data-id=\"e2cd235\" data-element_type=\"widget\" data-widget_type=\"text-editor.default\">\n\t\t\t\t<div class=\"elementor-widget-container\">\n\t\t\t\t\t\t\t\t\t<p><span style=\"color: darkgreen;\">PROFISSIONAIS:<\/span><\/p><p>Camilla Costa<\/p>\t\t\t\t\t\t\t\t<\/div>\n\t\t\t\t<\/div>\n\t\t\t\t<div class=\"elementor-element elementor-element-a978f1f elementor-widget__width-initial elementor-widget elementor-widget-text-editor\" data-id=\"a978f1f\" data-element_type=\"widget\" data-widget_type=\"text-editor.default\">\n\t\t\t\t<div class=\"elementor-widget-container\">\n\t\t\t\t\t\t\t\t\t<p><span style=\"color: darkgreen;\">INSTITUI\u00c7\u00d5ES:<\/span><\/p><p>Designer: Camilla Costa<\/p><p>COMDEDINE<\/p><p>CRIOLA<\/p><p>DECRADI<\/p><p>IPN<\/p><p>IPCN<\/p><p>CETRAB<\/p>\t\t\t\t\t\t\t\t<\/div>\n\t\t\t\t<\/div>\n\t\t\t\t<div class=\"elementor-element elementor-element-8ac67e9 elementor-widget__width-initial elementor-widget elementor-widget-text-editor\" data-id=\"8ac67e9\" data-element_type=\"widget\" data-widget_type=\"text-editor.default\">\n\t\t\t\t<div class=\"elementor-widget-container\">\n\t\t\t\t\t\t\t\t\t<p><span style=\"color: darkgreen;\">CONTATO:<\/span><\/p><p>(21) 96553-0678<\/p><p>(21) 2976-1227<\/p><p>(21) 2518-7964<\/p><p>(21) 2333-3509<\/p><p>(21) 2516-7089<\/p><p>(21) 97285- 9639 \/ (21) 3096-5339<\/p><p>(21) 3042.6394 \/ (21) 98116.1878<\/p>\t\t\t\t\t\t\t\t<\/div>\n\t\t\t\t<\/div>\n\t\t\t\t<\/div>\n\t\t\t\t\t<\/div>\n\t\t\t\t<\/div>\n\t\t<div class=\"elementor-element elementor-element-21cf990 elementor-hidden-desktop elementor-hidden-tablet e-flex e-con-boxed e-con e-parent\" data-id=\"21cf990\" data-element_type=\"container\" data-settings=\"{&quot;background_background&quot;:&quot;classic&quot;}\">\n\t\t\t\t\t<div class=\"e-con-inner\">\n\t\t\t\t<div class=\"elementor-element elementor-element-1b19bd3 elementor-widget elementor-widget-image\" data-id=\"1b19bd3\" data-element_type=\"widget\" data-widget_type=\"image.default\">\n\t\t\t\t<div class=\"elementor-widget-container\">\n\t\t\t\t\t\t\t\t\t\t\t\t\t\t\t<img fetchpriority=\"high\" decoding=\"async\" width=\"768\" height=\"768\" src=\"https:\/\/coisasdegentepreta.com.br\/wp-content\/uploads\/2025\/09\/Imagem-do-WhatsApp-de-2025-09-04-as-07.32.06_0276f02b-768x768.jpg\" class=\"attachment-medium_large size-medium_large wp-image-6781\" alt=\"\" srcset=\"https:\/\/coisasdegentepreta.com.br\/wp-content\/uploads\/2025\/09\/Imagem-do-WhatsApp-de-2025-09-04-as-07.32.06_0276f02b-768x768.jpg 768w, https:\/\/coisasdegentepreta.com.br\/wp-content\/uploads\/2025\/09\/Imagem-do-WhatsApp-de-2025-09-04-as-07.32.06_0276f02b-300x300.jpg 300w, https:\/\/coisasdegentepreta.com.br\/wp-content\/uploads\/2025\/09\/Imagem-do-WhatsApp-de-2025-09-04-as-07.32.06_0276f02b-150x150.jpg 150w, https:\/\/coisasdegentepreta.com.br\/wp-content\/uploads\/2025\/09\/Imagem-do-WhatsApp-de-2025-09-04-as-07.32.06_0276f02b-600x600.jpg 600w, https:\/\/coisasdegentepreta.com.br\/wp-content\/uploads\/2025\/09\/Imagem-do-WhatsApp-de-2025-09-04-as-07.32.06_0276f02b-100x100.jpg 100w, https:\/\/coisasdegentepreta.com.br\/wp-content\/uploads\/2025\/09\/Imagem-do-WhatsApp-de-2025-09-04-as-07.32.06_0276f02b.jpg 1024w\" sizes=\"(max-width: 768px) 100vw, 768px\" \/>\t\t\t\t\t\t\t\t\t\t\t\t\t\t\t<\/div>\n\t\t\t\t<\/div>\n\t\t\t\t<div class=\"elementor-element elementor-element-23f7ce3 elementor-widget__width-inherit elementor-widget-mobile__width-inherit elementor-widget elementor-widget-heading\" data-id=\"23f7ce3\" data-element_type=\"widget\" data-widget_type=\"heading.default\">\n\t\t\t\t<div class=\"elementor-widget-container\">\n\t\t\t\t\t<h2 class=\"elementor-heading-title elementor-size-default\">PORTAL DE INFORMA\u00c7\u00d5ES PRETAS\n\n<\/h2>\t\t\t\t<\/div>\n\t\t\t\t<\/div>\n\t\t\t\t<div class=\"elementor-element elementor-element-45b200f elementor-widget elementor-widget-text-editor\" data-id=\"45b200f\" data-element_type=\"widget\" data-widget_type=\"text-editor.default\">\n\t\t\t\t<div class=\"elementor-widget-container\">\n\t\t\t\t\t\t\t\t\t<div>O Telefone Preto \u00e9 um espa\u00e7o criado para facilitar o acesso a informa\u00e7\u00f5es confi\u00e1veis sobre profissionais, institui\u00e7\u00f5es e servi\u00e7os voltados \u00e0 popula\u00e7\u00e3o negra. Seu objetivo principal \u00e9 conectar pessoas e organiza\u00e7\u00f5es, fortalecer redes de apoio, divulgar oportunidades e promover a representatividade negra em diferentes \u00e1reas.<\/div><div>\u00a0<\/div><div><strong>Respons\u00e1vel: M\u00e1rcio Madeira<\/strong><span style=\"font-weight: var(--bs-body-font-weight); font-style: inherit;\">\u00a0<\/span><\/div><div>\u00a0<\/div><div><strong>Objetivos do Telefone Preto:<\/strong><\/div><div>\u2022Fornecer informa\u00e7\u00f5es profissionais de forma acess\u00edvel ao p\u00fablico.<\/div><div>\u2022Divulgar institui\u00e7\u00f5es e servi\u00e7os voltados ao povo preto.<\/div><div>\u2022Fortalecer redes de apoio, trabalho e cultura negra.<\/div><div>\u2022Conectar profissionais com oportunidades e parcerias.<\/div><div>\u00a0<\/div><div>O Telefone Preto funcionar\u00e1 como um espa\u00e7o informativo, organizado e confi\u00e1vel, reunindo contatos de profissionais, institui\u00e7\u00f5es e servi\u00e7os voltados \u00e0 popula\u00e7\u00e3o\u00a0negra<\/div>\t\t\t\t\t\t\t\t<\/div>\n\t\t\t\t<\/div>\n\t\t<div class=\"elementor-element elementor-element-89671bd e-con-full e-grid e-con e-child\" data-id=\"89671bd\" data-element_type=\"container\">\n\t\t\t\t<div class=\"elementor-element elementor-element-96534cb elementor-widget__width-initial elementor-widget elementor-widget-text-editor\" data-id=\"96534cb\" data-element_type=\"widget\" data-widget_type=\"text-editor.default\">\n\t\t\t\t<div class=\"elementor-widget-container\">\n\t\t\t\t\t\t\t\t\t<p><span style=\"color: darkgreen;\">PROFISSIONAIS:<\/span><\/p><p>Designer<br \/>Camilla Costa<br \/>(21) 965530678<\/p><p><span style=\"color: darkgreen;\">INSTITUI\u00c7\u00d5ES:<\/span><\/p><p>COMDEDINE<\/p><p>(21) 2976 &#8211; 1227<\/p><p>CRIOLA<\/p><p>(21) 2518 &#8211; 7964<\/p><p>DECRADI<\/p><p>(21) 2333 &#8211; 3509<\/p><p>IPN<\/p><p>(21) 2516 &#8211; 7089<\/p><p>(21) 3096 &#8211; 5339<\/p><p>IPCN<\/p><p>(21) 97285 &#8211; 9639<\/p><p>CETRAB<\/p><p>(21) 3042 &#8211; 6394<\/p><p>(21) 98116 &#8211; 1878<\/p>\t\t\t\t\t\t\t\t<\/div>\n\t\t\t\t<\/div>\n\t\t\t\t<\/div>\n\t\t\t\t\t<\/div>\n\t\t\t\t<\/div>\n\t\t\t\t<\/div>\n\t\t","protected":false},"excerpt":{"rendered":"<p>Telefone Preto PORTAL DE INFORMA\u00c7\u00d5ES PRETAS O Telefone Preto \u00e9 um espa\u00e7o criado para facilitar o acesso a informa\u00e7\u00f5es confi\u00e1veis sobre profissionais, institui\u00e7\u00f5es e servi\u00e7os voltados \u00e0 popula\u00e7\u00e3o negra. Seu objetivo principal \u00e9 conectar pessoas e organiza\u00e7\u00f5es, fortalecer redes de apoio, divulgar oportunidades e promover a representatividade negra em diferentes \u00e1reas.\u00a0Respons\u00e1vel: M\u00e1rcio Madeira\u00a0\u00a0Objetivos do Telefone &hellip;<\/p>\n<p class=\"read-more\"> <a class=\"\" href=\"https:\/\/coisasdegentepreta.com.br\/index.php\/telefone-preto\/\"> <span class=\"screen-reader-text\">Telefone Preto<\/span> Read More &raquo;<\/a><\/p>\n","protected":false},"author":1,"featured_media":0,"parent":0,"menu_order":0,"comment_status":"closed","ping_status":"closed","template":"","meta":{"site-sidebar-layout":"no-sidebar","site-content-layout":"","ast-site-content-layout":"full-width-container","site-content-style":"default","site-sidebar-style":"default","ast-global-header-display":"","ast-banner-title-visibility":"","ast-main-header-display":"","ast-hfb-above-header-display":"","ast-hfb-below-header-display":"","ast-hfb-mobile-header-display":"","site-post-title":"disabled","ast-breadcrumbs-content":"","ast-featured-img":"disabled","footer-sml-layout":"","theme-transparent-header-meta":"","adv-header-id-meta":"","stick-header-meta":"","header-above-stick-meta":"","header-main-stick-meta":"","header-below-stick-meta":"","astra-migrate-meta-layouts":"default","ast-page-background-enabled":"default","ast-page-background-meta":{"desktop":{"background-color":"var(--ast-global-color-4)","background-image":"","background-repeat":"repeat","background-position":"center center","background-size":"auto","background-attachment":"scroll","background-type":"","background-media":"","overlay-type":"","overlay-color":"","overlay-gradient":""},"tablet":{"background-color":"","background-image":"","background-repeat":"repeat","background-position":"center center","background-size":"auto","background-attachment":"scroll","background-type":"","background-media":"","overlay-type":"","overlay-color":"","overlay-gradient":""},"mobile":{"background-color":"","background-image":"","background-repeat":"repeat","background-position":"center center","background-size":"auto","background-attachment":"scroll","background-type":"","background-media":"","overlay-type":"","overlay-color":"","overlay-gradient":""}},"ast-content-background-meta":{"desktop":{"background-color":"var(--ast-global-color-5)","background-image":"","background-repeat":"repeat","background-position":"center center","background-size":"auto","background-attachment":"scroll","background-type":"","background-media":"","overlay-type":"","overlay-color":"","overlay-gradient":""},"tablet":{"background-color":"var(--ast-global-color-5)","background-image":"","background-repeat":"repeat","background-position":"center center","background-size":"auto","background-attachment":"scroll","background-type":"","background-media":"","overlay-type":"","overlay-color":"","overlay-gradient":""},"mobile":{"background-color":"var(--ast-global-color-5)","background-image":"","background-repeat":"repeat","background-position":"center center","background-size":"auto","background-attachment":"scroll","background-type":"","background-media":"","overlay-type":"","overlay-color":"","overlay-gradient":""}},"footnotes":""},"class_list":["post-6757","page","type-page","status-publish","hentry"],"yoast_head":"<!-- This site is optimized with the Yoast SEO plugin v24.2 - https:\/\/yoast.com\/wordpress\/plugins\/seo\/ -->\n<title>Telefone Preto -<\/title>\n<meta name=\"robots\" content=\"index, follow, max-snippet:-1, max-image-preview:large, max-video-preview:-1\" \/>\n<link rel=\"canonical\" href=\"https:\/\/coisasdegentepreta.com.br\/index.php\/telefone-preto\/\" \/>\n<meta property=\"og:locale\" content=\"en_US\" \/>\n<meta property=\"og:type\" content=\"article\" \/>\n<meta property=\"og:title\" content=\"Telefone Preto -\" \/>\n<meta property=\"og:description\" content=\"Telefone Preto PORTAL DE INFORMA\u00c7\u00d5ES PRETAS O Telefone Preto \u00e9 um espa\u00e7o criado para facilitar o acesso a informa\u00e7\u00f5es confi\u00e1veis sobre profissionais, institui\u00e7\u00f5es e servi\u00e7os voltados \u00e0 popula\u00e7\u00e3o negra. Seu objetivo principal \u00e9 conectar pessoas e organiza\u00e7\u00f5es, fortalecer redes de apoio, divulgar oportunidades e promover a representatividade negra em diferentes \u00e1reas.\u00a0Respons\u00e1vel: M\u00e1rcio Madeira\u00a0\u00a0Objetivos do Telefone &hellip; Telefone Preto Read More &raquo;\" \/>\n<meta property=\"og:url\" content=\"https:\/\/coisasdegentepreta.com.br\/index.php\/telefone-preto\/\" \/>\n<meta property=\"article:publisher\" content=\"https:\/\/facebook.com\/cmmcomcoisasdegente\" \/>\n<meta property=\"article:modified_time\" content=\"2025-09-15T22:36:10+00:00\" \/>\n<meta property=\"og:image\" content=\"https:\/\/coisasdegentepreta.com.br\/wp-content\/uploads\/2025\/09\/Imagem-do-WhatsApp-de-2025-09-04-as-07.32.06_0276f02b.jpg\" \/>\n\t<meta property=\"og:image:width\" content=\"1024\" \/>\n\t<meta property=\"og:image:height\" content=\"1024\" \/>\n\t<meta property=\"og:image:type\" content=\"image\/jpeg\" \/>\n<meta name=\"twitter:card\" content=\"summary_large_image\" \/>\n<meta name=\"twitter:site\" content=\"@cmmcomcoisasdegente\" \/>\n<meta name=\"twitter:label1\" content=\"Est. reading time\" \/>\n\t<meta name=\"twitter:data1\" content=\"2 minutes\" \/>\n<script type=\"application\/ld+json\" class=\"yoast-schema-graph\">{\"@context\":\"https:\/\/schema.org\",\"@graph\":[{\"@type\":\"WebPage\",\"@id\":\"https:\/\/coisasdegentepreta.com.br\/index.php\/telefone-preto\/\",\"url\":\"https:\/\/coisasdegentepreta.com.br\/index.php\/telefone-preto\/\",\"name\":\"Telefone Preto -\",\"isPartOf\":{\"@id\":\"https:\/\/coisasdegentepreta.com.br\/#website\"},\"primaryImageOfPage\":{\"@id\":\"https:\/\/coisasdegentepreta.com.br\/index.php\/telefone-preto\/#primaryimage\"},\"image\":{\"@id\":\"https:\/\/coisasdegentepreta.com.br\/index.php\/telefone-preto\/#primaryimage\"},\"thumbnailUrl\":\"https:\/\/coisasdegentepreta.com.br\/wp-content\/uploads\/2025\/09\/Imagem-do-WhatsApp-de-2025-09-04-as-07.32.06_0276f02b-768x768.jpg\",\"datePublished\":\"2025-09-06T19:38:03+00:00\",\"dateModified\":\"2025-09-15T22:36:10+00:00\",\"breadcrumb\":{\"@id\":\"https:\/\/coisasdegentepreta.com.br\/index.php\/telefone-preto\/#breadcrumb\"},\"inLanguage\":\"en-US\",\"potentialAction\":[{\"@type\":\"ReadAction\",\"target\":[\"https:\/\/coisasdegentepreta.com.br\/index.php\/telefone-preto\/\"]}]},{\"@type\":\"ImageObject\",\"inLanguage\":\"en-US\",\"@id\":\"https:\/\/coisasdegentepreta.com.br\/index.php\/telefone-preto\/#primaryimage\",\"url\":\"https:\/\/coisasdegentepreta.com.br\/wp-content\/uploads\/2025\/09\/Imagem-do-WhatsApp-de-2025-09-04-as-07.32.06_0276f02b.jpg\",\"contentUrl\":\"https:\/\/coisasdegentepreta.com.br\/wp-content\/uploads\/2025\/09\/Imagem-do-WhatsApp-de-2025-09-04-as-07.32.06_0276f02b.jpg\",\"width\":1024,\"height\":1024},{\"@type\":\"BreadcrumbList\",\"@id\":\"https:\/\/coisasdegentepreta.com.br\/index.php\/telefone-preto\/#breadcrumb\",\"itemListElement\":[{\"@type\":\"ListItem\",\"position\":1,\"name\":\"ECMM\",\"item\":\"https:\/\/coisasdegentepreta.com.br\/\"},{\"@type\":\"ListItem\",\"position\":2,\"name\":\"Telefone Preto\"}]},{\"@type\":\"WebSite\",\"@id\":\"https:\/\/coisasdegentepreta.com.br\/#website\",\"url\":\"https:\/\/coisasdegentepreta.com.br\/\",\"name\":\"https:\/\/coisasdegentepreta.com.br\",\"description\":\"\",\"publisher\":{\"@id\":\"https:\/\/coisasdegentepreta.com.br\/#organization\"},\"potentialAction\":[{\"@type\":\"SearchAction\",\"target\":{\"@type\":\"EntryPoint\",\"urlTemplate\":\"https:\/\/coisasdegentepreta.com.br\/?s={search_term_string}\"},\"query-input\":{\"@type\":\"PropertyValueSpecification\",\"valueRequired\":true,\"valueName\":\"search_term_string\"}}],\"inLanguage\":\"en-US\"},{\"@type\":\"Organization\",\"@id\":\"https:\/\/coisasdegentepreta.com.br\/#organization\",\"name\":\"Espa\u00e7o de Capacita\u00e7\u00e3o M\u00e1rcio Madeira RJ\",\"url\":\"https:\/\/coisasdegentepreta.com.br\/\",\"logo\":{\"@type\":\"ImageObject\",\"inLanguage\":\"en-US\",\"@id\":\"https:\/\/coisasdegentepreta.com.br\/#\/schema\/logo\/image\/\",\"url\":\"https:\/\/coisasdegentepreta.com.br\/wp-content\/uploads\/2023\/12\/logo-2.png\",\"contentUrl\":\"https:\/\/coisasdegentepreta.com.br\/wp-content\/uploads\/2023\/12\/logo-2.png\",\"width\":2064,\"height\":1021,\"caption\":\"Espa\u00e7o de Capacita\u00e7\u00e3o M\u00e1rcio Madeira RJ\"},\"image\":{\"@id\":\"https:\/\/coisasdegentepreta.com.br\/#\/schema\/logo\/image\/\"},\"sameAs\":[\"https:\/\/facebook.com\/cmmcomcoisasdegente\",\"https:\/\/x.com\/cmmcomcoisasdegente\",\"https:\/\/instagram.com\/cmmcomcoisasdegente\"]}]}<\/script>\n<!-- \/ Yoast SEO plugin. -->","yoast_head_json":{"title":"Telefone Preto -","robots":{"index":"index","follow":"follow","max-snippet":"max-snippet:-1","max-image-preview":"max-image-preview:large","max-video-preview":"max-video-preview:-1"},"canonical":"https:\/\/coisasdegentepreta.com.br\/index.php\/telefone-preto\/","og_locale":"en_US","og_type":"article","og_title":"Telefone Preto -","og_description":"Telefone Preto PORTAL DE INFORMA\u00c7\u00d5ES PRETAS O Telefone Preto \u00e9 um espa\u00e7o criado para facilitar o acesso a informa\u00e7\u00f5es confi\u00e1veis sobre profissionais, institui\u00e7\u00f5es e servi\u00e7os voltados \u00e0 popula\u00e7\u00e3o negra. Seu objetivo principal \u00e9 conectar pessoas e organiza\u00e7\u00f5es, fortalecer redes de apoio, divulgar oportunidades e promover a representatividade negra em diferentes \u00e1reas.\u00a0Respons\u00e1vel: M\u00e1rcio Madeira\u00a0\u00a0Objetivos do Telefone &hellip; Telefone Preto Read More &raquo;","og_url":"https:\/\/coisasdegentepreta.com.br\/index.php\/telefone-preto\/","article_publisher":"https:\/\/facebook.com\/cmmcomcoisasdegente","article_modified_time":"2025-09-15T22:36:10+00:00","og_image":[{"width":1024,"height":1024,"url":"https:\/\/coisasdegentepreta.com.br\/wp-content\/uploads\/2025\/09\/Imagem-do-WhatsApp-de-2025-09-04-as-07.32.06_0276f02b.jpg","type":"image\/jpeg"}],"twitter_card":"summary_large_image","twitter_site":"@cmmcomcoisasdegente","twitter_misc":{"Est. reading time":"2 minutes"},"schema":{"@context":"https:\/\/schema.org","@graph":[{"@type":"WebPage","@id":"https:\/\/coisasdegentepreta.com.br\/index.php\/telefone-preto\/","url":"https:\/\/coisasdegentepreta.com.br\/index.php\/telefone-preto\/","name":"Telefone Preto -","isPartOf":{"@id":"https:\/\/coisasdegentepreta.com.br\/#website"},"primaryImageOfPage":{"@id":"https:\/\/coisasdegentepreta.com.br\/index.php\/telefone-preto\/#primaryimage"},"image":{"@id":"https:\/\/coisasdegentepreta.com.br\/index.php\/telefone-preto\/#primaryimage"},"thumbnailUrl":"https:\/\/coisasdegentepreta.com.br\/wp-content\/uploads\/2025\/09\/Imagem-do-WhatsApp-de-2025-09-04-as-07.32.06_0276f02b-768x768.jpg","datePublished":"2025-09-06T19:38:03+00:00","dateModified":"2025-09-15T22:36:10+00:00","breadcrumb":{"@id":"https:\/\/coisasdegentepreta.com.br\/index.php\/telefone-preto\/#breadcrumb"},"inLanguage":"en-US","potentialAction":[{"@type":"ReadAction","target":["https:\/\/coisasdegentepreta.com.br\/index.php\/telefone-preto\/"]}]},{"@type":"ImageObject","inLanguage":"en-US","@id":"https:\/\/coisasdegentepreta.com.br\/index.php\/telefone-preto\/#primaryimage","url":"https:\/\/coisasdegentepreta.com.br\/wp-content\/uploads\/2025\/09\/Imagem-do-WhatsApp-de-2025-09-04-as-07.32.06_0276f02b.jpg","contentUrl":"https:\/\/coisasdegentepreta.com.br\/wp-content\/uploads\/2025\/09\/Imagem-do-WhatsApp-de-2025-09-04-as-07.32.06_0276f02b.jpg","width":1024,"height":1024},{"@type":"BreadcrumbList","@id":"https:\/\/coisasdegentepreta.com.br\/index.php\/telefone-preto\/#breadcrumb","itemListElement":[{"@type":"ListItem","position":1,"name":"ECMM","item":"https:\/\/coisasdegentepreta.com.br\/"},{"@type":"ListItem","position":2,"name":"Telefone Preto"}]},{"@type":"WebSite","@id":"https:\/\/coisasdegentepreta.com.br\/#website","url":"https:\/\/coisasdegentepreta.com.br\/","name":"https:\/\/coisasdegentepreta.com.br","description":"","publisher":{"@id":"https:\/\/coisasdegentepreta.com.br\/#organization"},"potentialAction":[{"@type":"SearchAction","target":{"@type":"EntryPoint","urlTemplate":"https:\/\/coisasdegentepreta.com.br\/?s={search_term_string}"},"query-input":{"@type":"PropertyValueSpecification","valueRequired":true,"valueName":"search_term_string"}}],"inLanguage":"en-US"},{"@type":"Organization","@id":"https:\/\/coisasdegentepreta.com.br\/#organization","name":"Espa\u00e7o de Capacita\u00e7\u00e3o M\u00e1rcio Madeira RJ","url":"https:\/\/coisasdegentepreta.com.br\/","logo":{"@type":"ImageObject","inLanguage":"en-US","@id":"https:\/\/coisasdegentepreta.com.br\/#\/schema\/logo\/image\/","url":"https:\/\/coisasdegentepreta.com.br\/wp-content\/uploads\/2023\/12\/logo-2.png","contentUrl":"https:\/\/coisasdegentepreta.com.br\/wp-content\/uploads\/2023\/12\/logo-2.png","width":2064,"height":1021,"caption":"Espa\u00e7o de Capacita\u00e7\u00e3o M\u00e1rcio Madeira RJ"},"image":{"@id":"https:\/\/coisasdegentepreta.com.br\/#\/schema\/logo\/image\/"},"sameAs":["https:\/\/facebook.com\/cmmcomcoisasdegente","https:\/\/x.com\/cmmcomcoisasdegente","https:\/\/instagram.com\/cmmcomcoisasdegente"]}]}},"_links":{"self":[{"href":"https:\/\/coisasdegentepreta.com.br\/index.php\/wp-json\/wp\/v2\/pages\/6757","targetHints":{"allow":["GET"]}}],"collection":[{"href":"https:\/\/coisasdegentepreta.com.br\/index.php\/wp-json\/wp\/v2\/pages"}],"about":[{"href":"https:\/\/coisasdegentepreta.com.br\/index.php\/wp-json\/wp\/v2\/types\/page"}],"author":[{"embeddable":true,"href":"https:\/\/coisasdegentepreta.com.br\/index.php\/wp-json\/wp\/v2\/users\/1"}],"replies":[{"embeddable":true,"href":"https:\/\/coisasdegentepreta.com.br\/index.php\/wp-json\/wp\/v2\/comments?post=6757"}],"version-history":[{"count":166,"href":"https:\/\/coisasdegentepreta.com.br\/index.php\/wp-json\/wp\/v2\/pages\/6757\/revisions"}],"predecessor-version":[{"id":7111,"href":"https:\/\/coisasdegentepreta.com.br\/index.php\/wp-json\/wp\/v2\/pages\/6757\/revisions\/7111"}],"wp:attachment":[{"href":"https:\/\/coisasdegentepreta.com.br\/index.php\/wp-json\/wp\/v2\/media?parent=6757"}],"curies":[{"name":"wp","href":"https:\/\/api.w.org\/{rel}","templated":true}]}}