{"id":6731,"date":"2025-08-29T18:27:14","date_gmt":"2025-08-29T21:27:14","guid":{"rendered":"https:\/\/coisasdegentepreta.com.br\/?page_id=6731"},"modified":"2025-08-29T19:09:52","modified_gmt":"2025-08-29T22:09:52","slug":"25-anos-de-cota","status":"publish","type":"page","link":"https:\/\/coisasdegentepreta.com.br\/index.php\/25-anos-de-cota\/","title":{"rendered":"25 Anos de cota"},"content":{"rendered":"\t\t<div data-elementor-type=\"wp-page\" data-elementor-id=\"6731\" class=\"elementor elementor-6731\">\n\t\t\t\t<div class=\"elementor-element elementor-element-ac26862 e-flex e-con-boxed e-con e-parent\" data-id=\"ac26862\" data-element_type=\"container\" data-settings=\"{&quot;background_background&quot;:&quot;classic&quot;}\">\n\t\t\t\t\t<div class=\"e-con-inner\">\n\t\t<div class=\"elementor-element elementor-element-c31bbf3 e-con-full e-flex e-con e-child\" data-id=\"c31bbf3\" data-element_type=\"container\">\n\t\t\t\t<div class=\"elementor-element elementor-element-55cf147 elementor-widget elementor-widget-image\" data-id=\"55cf147\" data-element_type=\"widget\" data-widget_type=\"image.default\">\n\t\t\t\t<div class=\"elementor-widget-container\">\n\t\t\t\t\t\t\t\t\t\t\t\t\t\t\t<img fetchpriority=\"high\" decoding=\"async\" width=\"682\" height=\"1024\" src=\"https:\/\/coisasdegentepreta.com.br\/wp-content\/uploads\/2025\/08\/WhatsApp-Image-2025-08-29-at-13.24.24-682x1024.jpeg\" class=\"attachment-large size-large wp-image-6733\" alt=\"\" srcset=\"https:\/\/coisasdegentepreta.com.br\/wp-content\/uploads\/2025\/08\/WhatsApp-Image-2025-08-29-at-13.24.24-682x1024.jpeg 682w, https:\/\/coisasdegentepreta.com.br\/wp-content\/uploads\/2025\/08\/WhatsApp-Image-2025-08-29-at-13.24.24-200x300.jpeg 200w, https:\/\/coisasdegentepreta.com.br\/wp-content\/uploads\/2025\/08\/WhatsApp-Image-2025-08-29-at-13.24.24-768x1152.jpeg 768w, https:\/\/coisasdegentepreta.com.br\/wp-content\/uploads\/2025\/08\/WhatsApp-Image-2025-08-29-at-13.24.24-600x900.jpeg 600w, https:\/\/coisasdegentepreta.com.br\/wp-content\/uploads\/2025\/08\/WhatsApp-Image-2025-08-29-at-13.24.24.jpeg 853w\" sizes=\"(max-width: 682px) 100vw, 682px\" \/>\t\t\t\t\t\t\t\t\t\t\t\t\t\t\t<\/div>\n\t\t\t\t<\/div>\n\t\t\t\t<\/div>\n\t\t<div class=\"elementor-element elementor-element-e0670ae e-con-full e-flex e-con e-child\" data-id=\"e0670ae\" data-element_type=\"container\" data-settings=\"{&quot;background_background&quot;:&quot;classic&quot;}\">\n\t\t\t\t<div class=\"elementor-element elementor-element-be63481 elementor-widget elementor-widget-heading\" data-id=\"be63481\" data-element_type=\"widget\" data-widget_type=\"heading.default\">\n\t\t\t\t<div class=\"elementor-widget-container\">\n\t\t\t\t\t<h2 class=\"elementor-heading-title elementor-size-default\">25 anos da Lei de Cotas: Um marco de inclus\u00e3o e transforma\u00e7\u00e3o\n<\/h2>\t\t\t\t<\/div>\n\t\t\t\t<\/div>\n\t\t\t\t<div class=\"elementor-element elementor-element-83d317b elementor-widget elementor-widget-text-editor\" data-id=\"83d317b\" data-element_type=\"widget\" data-widget_type=\"text-editor.default\">\n\t\t\t\t<div class=\"elementor-widget-container\">\n\t\t\t\t\t\t\t\t\t<p>Em 2025, celebramos os 25 anos da Lei de Cotas, um dos instrumentos mais importantes de promo\u00e7\u00e3o da equidade no ensino superior brasileiro. Criada em 2000, a lei garante que universidades p\u00fablicas reservem vagas para estudantes negros, pardos, ind\u00edgenas e, em alguns casos, pessoas com defici\u00eancia. Mais do que n\u00fameros, a legisla\u00e7\u00e3o transformou vidas, ampliando oportunidades e fortalecendo a diversidade nos espa\u00e7os acad\u00eamicos.<\/p><p>Ao longo de um quarto de s\u00e9culo, o impacto da lei se refletiu n\u00e3o apenas na composi\u00e7\u00e3o das universidades, mas tamb\u00e9m na sociedade. Estudantes cotistas v\u00eam ocupando cargos estrat\u00e9gicos, desenvolvendo pesquisas relevantes e inspirando novas gera\u00e7\u00f5es. A medida simboliza que pol\u00edticas afirmativas s\u00e3o essenciais para reduzir desigualdades hist\u00f3ricas e promover justi\u00e7a social.<\/p><p>O desafio agora \u00e9 avan\u00e7ar: ampliar o acesso, garantir perman\u00eancia e apoiar a inclus\u00e3o plena dentro e fora das universidades. Celebrar os 25 anos da Lei de Cotas \u00e9 reconhecer conquistas, mas tamb\u00e9m refor\u00e7ar o compromisso com um futuro educacional mais justo e igualit\u00e1rio.<\/p>\t\t\t\t\t\t\t\t<\/div>\n\t\t\t\t<\/div>\n\t\t\t\t<\/div>\n\t\t\t\t\t<\/div>\n\t\t\t\t<\/div>\n\t\t\t\t<\/div>\n\t\t","protected":false},"excerpt":{"rendered":"<p>25 anos da Lei de Cotas: Um marco de inclus\u00e3o e transforma\u00e7\u00e3o Em 2025, celebramos os 25 anos da Lei de Cotas, um dos instrumentos mais importantes de promo\u00e7\u00e3o da equidade no ensino superior brasileiro. Criada em 2000, a lei garante que universidades p\u00fablicas reservem vagas para estudantes negros, pardos, ind\u00edgenas e, em alguns casos, &hellip;<\/p>\n<p class=\"read-more\"> <a class=\"\" href=\"https:\/\/coisasdegentepreta.com.br\/index.php\/25-anos-de-cota\/\"> <span class=\"screen-reader-text\">25 Anos de cota<\/span> Read More &raquo;<\/a><\/p>\n","protected":false},"author":1,"featured_media":0,"parent":0,"menu_order":0,"comment_status":"closed","ping_status":"closed","template":"","meta":{"site-sidebar-layout":"no-sidebar","site-content-layout":"","ast-site-content-layout":"full-width-container","site-content-style":"default","site-sidebar-style":"default","ast-global-header-display":"","ast-banner-title-visibility":"","ast-main-header-display":"","ast-hfb-above-header-display":"","ast-hfb-below-header-display":"","ast-hfb-mobile-header-display":"","site-post-title":"disabled","ast-breadcrumbs-content":"","ast-featured-img":"disabled","footer-sml-layout":"","theme-transparent-header-meta":"","adv-header-id-meta":"","stick-header-meta":"","header-above-stick-meta":"","header-main-stick-meta":"","header-below-stick-meta":"","astra-migrate-meta-layouts":"default","ast-page-background-enabled":"default","ast-page-background-meta":{"desktop":{"background-color":"var(--ast-global-color-4)","background-image":"","background-repeat":"repeat","background-position":"center center","background-size":"auto","background-attachment":"scroll","background-type":"","background-media":"","overlay-type":"","overlay-color":"","overlay-gradient":""},"tablet":{"background-color":"","background-image":"","background-repeat":"repeat","background-position":"center center","background-size":"auto","background-attachment":"scroll","background-type":"","background-media":"","overlay-type":"","overlay-color":"","overlay-gradient":""},"mobile":{"background-color":"","background-image":"","background-repeat":"repeat","background-position":"center center","background-size":"auto","background-attachment":"scroll","background-type":"","background-media":"","overlay-type":"","overlay-color":"","overlay-gradient":""}},"ast-content-background-meta":{"desktop":{"background-color":"var(--ast-global-color-5)","background-image":"","background-repeat":"repeat","background-position":"center center","background-size":"auto","background-attachment":"scroll","background-type":"","background-media":"","overlay-type":"","overlay-color":"","overlay-gradient":""},"tablet":{"background-color":"var(--ast-global-color-5)","background-image":"","background-repeat":"repeat","background-position":"center center","background-size":"auto","background-attachment":"scroll","background-type":"","background-media":"","overlay-type":"","overlay-color":"","overlay-gradient":""},"mobile":{"background-color":"var(--ast-global-color-5)","background-image":"","background-repeat":"repeat","background-position":"center center","background-size":"auto","background-attachment":"scroll","background-type":"","background-media":"","overlay-type":"","overlay-color":"","overlay-gradient":""}},"footnotes":""},"class_list":["post-6731","page","type-page","status-publish","hentry"],"yoast_head":"<!-- This site is optimized with the Yoast SEO plugin v24.2 - https:\/\/yoast.com\/wordpress\/plugins\/seo\/ -->\n<title>25 Anos de cota -<\/title>\n<meta name=\"robots\" content=\"index, follow, max-snippet:-1, max-image-preview:large, max-video-preview:-1\" \/>\n<link rel=\"canonical\" href=\"https:\/\/coisasdegentepreta.com.br\/index.php\/25-anos-de-cota\/\" \/>\n<meta property=\"og:locale\" content=\"en_US\" \/>\n<meta property=\"og:type\" content=\"article\" \/>\n<meta property=\"og:title\" content=\"25 Anos de cota -\" \/>\n<meta property=\"og:description\" content=\"25 anos da Lei de Cotas: Um marco de inclus\u00e3o e transforma\u00e7\u00e3o Em 2025, celebramos os 25 anos da Lei de Cotas, um dos instrumentos mais importantes de promo\u00e7\u00e3o da equidade no ensino superior brasileiro. Criada em 2000, a lei garante que universidades p\u00fablicas reservem vagas para estudantes negros, pardos, ind\u00edgenas e, em alguns casos, &hellip; 25 Anos de cota Read More &raquo;\" \/>\n<meta property=\"og:url\" content=\"https:\/\/coisasdegentepreta.com.br\/index.php\/25-anos-de-cota\/\" \/>\n<meta property=\"article:publisher\" content=\"https:\/\/facebook.com\/cmmcomcoisasdegente\" \/>\n<meta property=\"article:modified_time\" content=\"2025-08-29T22:09:52+00:00\" \/>\n<meta property=\"og:image\" content=\"https:\/\/coisasdegentepreta.com.br\/wp-content\/uploads\/2025\/08\/WhatsApp-Image-2025-08-29-at-13.24.24.jpeg\" \/>\n\t<meta property=\"og:image:width\" content=\"853\" \/>\n\t<meta property=\"og:image:height\" content=\"1280\" \/>\n\t<meta property=\"og:image:type\" content=\"image\/jpeg\" \/>\n<meta name=\"twitter:card\" content=\"summary_large_image\" \/>\n<meta name=\"twitter:site\" content=\"@cmmcomcoisasdegente\" \/>\n<meta name=\"twitter:label1\" content=\"Est. reading time\" \/>\n\t<meta name=\"twitter:data1\" content=\"1 minute\" \/>\n<script type=\"application\/ld+json\" class=\"yoast-schema-graph\">{\"@context\":\"https:\/\/schema.org\",\"@graph\":[{\"@type\":\"WebPage\",\"@id\":\"https:\/\/coisasdegentepreta.com.br\/index.php\/25-anos-de-cota\/\",\"url\":\"https:\/\/coisasdegentepreta.com.br\/index.php\/25-anos-de-cota\/\",\"name\":\"25 Anos de cota -\",\"isPartOf\":{\"@id\":\"https:\/\/coisasdegentepreta.com.br\/#website\"},\"primaryImageOfPage\":{\"@id\":\"https:\/\/coisasdegentepreta.com.br\/index.php\/25-anos-de-cota\/#primaryimage\"},\"image\":{\"@id\":\"https:\/\/coisasdegentepreta.com.br\/index.php\/25-anos-de-cota\/#primaryimage\"},\"thumbnailUrl\":\"https:\/\/coisasdegentepreta.com.br\/wp-content\/uploads\/2025\/08\/WhatsApp-Image-2025-08-29-at-13.24.24-682x1024.jpeg\",\"datePublished\":\"2025-08-29T21:27:14+00:00\",\"dateModified\":\"2025-08-29T22:09:52+00:00\",\"breadcrumb\":{\"@id\":\"https:\/\/coisasdegentepreta.com.br\/index.php\/25-anos-de-cota\/#breadcrumb\"},\"inLanguage\":\"en-US\",\"potentialAction\":[{\"@type\":\"ReadAction\",\"target\":[\"https:\/\/coisasdegentepreta.com.br\/index.php\/25-anos-de-cota\/\"]}]},{\"@type\":\"ImageObject\",\"inLanguage\":\"en-US\",\"@id\":\"https:\/\/coisasdegentepreta.com.br\/index.php\/25-anos-de-cota\/#primaryimage\",\"url\":\"https:\/\/coisasdegentepreta.com.br\/wp-content\/uploads\/2025\/08\/WhatsApp-Image-2025-08-29-at-13.24.24.jpeg\",\"contentUrl\":\"https:\/\/coisasdegentepreta.com.br\/wp-content\/uploads\/2025\/08\/WhatsApp-Image-2025-08-29-at-13.24.24.jpeg\",\"width\":853,\"height\":1280},{\"@type\":\"BreadcrumbList\",\"@id\":\"https:\/\/coisasdegentepreta.com.br\/index.php\/25-anos-de-cota\/#breadcrumb\",\"itemListElement\":[{\"@type\":\"ListItem\",\"position\":1,\"name\":\"ECMM\",\"item\":\"https:\/\/coisasdegentepreta.com.br\/\"},{\"@type\":\"ListItem\",\"position\":2,\"name\":\"25 Anos de cota\"}]},{\"@type\":\"WebSite\",\"@id\":\"https:\/\/coisasdegentepreta.com.br\/#website\",\"url\":\"https:\/\/coisasdegentepreta.com.br\/\",\"name\":\"https:\/\/coisasdegentepreta.com.br\",\"description\":\"\",\"publisher\":{\"@id\":\"https:\/\/coisasdegentepreta.com.br\/#organization\"},\"potentialAction\":[{\"@type\":\"SearchAction\",\"target\":{\"@type\":\"EntryPoint\",\"urlTemplate\":\"https:\/\/coisasdegentepreta.com.br\/?s={search_term_string}\"},\"query-input\":{\"@type\":\"PropertyValueSpecification\",\"valueRequired\":true,\"valueName\":\"search_term_string\"}}],\"inLanguage\":\"en-US\"},{\"@type\":\"Organization\",\"@id\":\"https:\/\/coisasdegentepreta.com.br\/#organization\",\"name\":\"Espa\u00e7o de Capacita\u00e7\u00e3o M\u00e1rcio Madeira RJ\",\"url\":\"https:\/\/coisasdegentepreta.com.br\/\",\"logo\":{\"@type\":\"ImageObject\",\"inLanguage\":\"en-US\",\"@id\":\"https:\/\/coisasdegentepreta.com.br\/#\/schema\/logo\/image\/\",\"url\":\"https:\/\/coisasdegentepreta.com.br\/wp-content\/uploads\/2023\/12\/logo-2.png\",\"contentUrl\":\"https:\/\/coisasdegentepreta.com.br\/wp-content\/uploads\/2023\/12\/logo-2.png\",\"width\":2064,\"height\":1021,\"caption\":\"Espa\u00e7o de Capacita\u00e7\u00e3o M\u00e1rcio Madeira RJ\"},\"image\":{\"@id\":\"https:\/\/coisasdegentepreta.com.br\/#\/schema\/logo\/image\/\"},\"sameAs\":[\"https:\/\/facebook.com\/cmmcomcoisasdegente\",\"https:\/\/x.com\/cmmcomcoisasdegente\",\"https:\/\/instagram.com\/cmmcomcoisasdegente\"]}]}<\/script>\n<!-- \/ Yoast SEO plugin. -->","yoast_head_json":{"title":"25 Anos de cota -","robots":{"index":"index","follow":"follow","max-snippet":"max-snippet:-1","max-image-preview":"max-image-preview:large","max-video-preview":"max-video-preview:-1"},"canonical":"https:\/\/coisasdegentepreta.com.br\/index.php\/25-anos-de-cota\/","og_locale":"en_US","og_type":"article","og_title":"25 Anos de cota -","og_description":"25 anos da Lei de Cotas: Um marco de inclus\u00e3o e transforma\u00e7\u00e3o Em 2025, celebramos os 25 anos da Lei de Cotas, um dos instrumentos mais importantes de promo\u00e7\u00e3o da equidade no ensino superior brasileiro. Criada em 2000, a lei garante que universidades p\u00fablicas reservem vagas para estudantes negros, pardos, ind\u00edgenas e, em alguns casos, &hellip; 25 Anos de cota Read More &raquo;","og_url":"https:\/\/coisasdegentepreta.com.br\/index.php\/25-anos-de-cota\/","article_publisher":"https:\/\/facebook.com\/cmmcomcoisasdegente","article_modified_time":"2025-08-29T22:09:52+00:00","og_image":[{"width":853,"height":1280,"url":"https:\/\/coisasdegentepreta.com.br\/wp-content\/uploads\/2025\/08\/WhatsApp-Image-2025-08-29-at-13.24.24.jpeg","type":"image\/jpeg"}],"twitter_card":"summary_large_image","twitter_site":"@cmmcomcoisasdegente","twitter_misc":{"Est. reading time":"1 minute"},"schema":{"@context":"https:\/\/schema.org","@graph":[{"@type":"WebPage","@id":"https:\/\/coisasdegentepreta.com.br\/index.php\/25-anos-de-cota\/","url":"https:\/\/coisasdegentepreta.com.br\/index.php\/25-anos-de-cota\/","name":"25 Anos de cota -","isPartOf":{"@id":"https:\/\/coisasdegentepreta.com.br\/#website"},"primaryImageOfPage":{"@id":"https:\/\/coisasdegentepreta.com.br\/index.php\/25-anos-de-cota\/#primaryimage"},"image":{"@id":"https:\/\/coisasdegentepreta.com.br\/index.php\/25-anos-de-cota\/#primaryimage"},"thumbnailUrl":"https:\/\/coisasdegentepreta.com.br\/wp-content\/uploads\/2025\/08\/WhatsApp-Image-2025-08-29-at-13.24.24-682x1024.jpeg","datePublished":"2025-08-29T21:27:14+00:00","dateModified":"2025-08-29T22:09:52+00:00","breadcrumb":{"@id":"https:\/\/coisasdegentepreta.com.br\/index.php\/25-anos-de-cota\/#breadcrumb"},"inLanguage":"en-US","potentialAction":[{"@type":"ReadAction","target":["https:\/\/coisasdegentepreta.com.br\/index.php\/25-anos-de-cota\/"]}]},{"@type":"ImageObject","inLanguage":"en-US","@id":"https:\/\/coisasdegentepreta.com.br\/index.php\/25-anos-de-cota\/#primaryimage","url":"https:\/\/coisasdegentepreta.com.br\/wp-content\/uploads\/2025\/08\/WhatsApp-Image-2025-08-29-at-13.24.24.jpeg","contentUrl":"https:\/\/coisasdegentepreta.com.br\/wp-content\/uploads\/2025\/08\/WhatsApp-Image-2025-08-29-at-13.24.24.jpeg","width":853,"height":1280},{"@type":"BreadcrumbList","@id":"https:\/\/coisasdegentepreta.com.br\/index.php\/25-anos-de-cota\/#breadcrumb","itemListElement":[{"@type":"ListItem","position":1,"name":"ECMM","item":"https:\/\/coisasdegentepreta.com.br\/"},{"@type":"ListItem","position":2,"name":"25 Anos de cota"}]},{"@type":"WebSite","@id":"https:\/\/coisasdegentepreta.com.br\/#website","url":"https:\/\/coisasdegentepreta.com.br\/","name":"https:\/\/coisasdegentepreta.com.br","description":"","publisher":{"@id":"https:\/\/coisasdegentepreta.com.br\/#organization"},"potentialAction":[{"@type":"SearchAction","target":{"@type":"EntryPoint","urlTemplate":"https:\/\/coisasdegentepreta.com.br\/?s={search_term_string}"},"query-input":{"@type":"PropertyValueSpecification","valueRequired":true,"valueName":"search_term_string"}}],"inLanguage":"en-US"},{"@type":"Organization","@id":"https:\/\/coisasdegentepreta.com.br\/#organization","name":"Espa\u00e7o de Capacita\u00e7\u00e3o M\u00e1rcio Madeira RJ","url":"https:\/\/coisasdegentepreta.com.br\/","logo":{"@type":"ImageObject","inLanguage":"en-US","@id":"https:\/\/coisasdegentepreta.com.br\/#\/schema\/logo\/image\/","url":"https:\/\/coisasdegentepreta.com.br\/wp-content\/uploads\/2023\/12\/logo-2.png","contentUrl":"https:\/\/coisasdegentepreta.com.br\/wp-content\/uploads\/2023\/12\/logo-2.png","width":2064,"height":1021,"caption":"Espa\u00e7o de Capacita\u00e7\u00e3o M\u00e1rcio Madeira RJ"},"image":{"@id":"https:\/\/coisasdegentepreta.com.br\/#\/schema\/logo\/image\/"},"sameAs":["https:\/\/facebook.com\/cmmcomcoisasdegente","https:\/\/x.com\/cmmcomcoisasdegente","https:\/\/instagram.com\/cmmcomcoisasdegente"]}]}},"_links":{"self":[{"href":"https:\/\/coisasdegentepreta.com.br\/index.php\/wp-json\/wp\/v2\/pages\/6731","targetHints":{"allow":["GET"]}}],"collection":[{"href":"https:\/\/coisasdegentepreta.com.br\/index.php\/wp-json\/wp\/v2\/pages"}],"about":[{"href":"https:\/\/coisasdegentepreta.com.br\/index.php\/wp-json\/wp\/v2\/types\/page"}],"author":[{"embeddable":true,"href":"https:\/\/coisasdegentepreta.com.br\/index.php\/wp-json\/wp\/v2\/users\/1"}],"replies":[{"embeddable":true,"href":"https:\/\/coisasdegentepreta.com.br\/index.php\/wp-json\/wp\/v2\/comments?post=6731"}],"version-history":[{"count":13,"href":"https:\/\/coisasdegentepreta.com.br\/index.php\/wp-json\/wp\/v2\/pages\/6731\/revisions"}],"predecessor-version":[{"id":6756,"href":"https:\/\/coisasdegentepreta.com.br\/index.php\/wp-json\/wp\/v2\/pages\/6731\/revisions\/6756"}],"wp:attachment":[{"href":"https:\/\/coisasdegentepreta.com.br\/index.php\/wp-json\/wp\/v2\/media?parent=6731"}],"curies":[{"name":"wp","href":"https:\/\/api.w.org\/{rel}","templated":true}]}}