{"id":6697,"date":"2025-08-28T14:20:17","date_gmt":"2025-08-28T17:20:17","guid":{"rendered":"https:\/\/coisasdegentepreta.com.br\/?page_id=6697"},"modified":"2025-09-07T14:15:38","modified_gmt":"2025-09-07T17:15:38","slug":"lula-e-a-populacao-negra","status":"publish","type":"page","link":"https:\/\/coisasdegentepreta.com.br\/index.php\/lula-e-a-populacao-negra\/","title":{"rendered":"Lula e a popula\u00e7\u00e3o negra"},"content":{"rendered":"\t\t<div data-elementor-type=\"wp-page\" data-elementor-id=\"6697\" class=\"elementor elementor-6697\">\n\t\t\t\t<div class=\"elementor-element elementor-element-9078564 e-flex e-con-boxed e-con e-parent\" data-id=\"9078564\" data-element_type=\"container\" data-settings=\"{&quot;background_background&quot;:&quot;classic&quot;}\">\n\t\t\t\t\t<div class=\"e-con-inner\">\n\t\t<div class=\"elementor-element elementor-element-38a7797 e-con-full e-flex e-con e-child\" data-id=\"38a7797\" data-element_type=\"container\">\n\t\t\t\t<div class=\"elementor-element elementor-element-72689fb elementor-widget elementor-widget-image\" data-id=\"72689fb\" data-element_type=\"widget\" data-widget_type=\"image.default\">\n\t\t\t\t<div class=\"elementor-widget-container\">\n\t\t\t\t\t\t\t\t\t\t\t\t\t\t\t<img fetchpriority=\"high\" decoding=\"async\" width=\"1024\" height=\"682\" src=\"https:\/\/coisasdegentepreta.com.br\/wp-content\/uploads\/2025\/08\/WhatsApp-Image-2025-08-28-at-13.26.09-1024x682.jpeg\" class=\"attachment-large size-large wp-image-6699\" alt=\"\" srcset=\"https:\/\/coisasdegentepreta.com.br\/wp-content\/uploads\/2025\/08\/WhatsApp-Image-2025-08-28-at-13.26.09-1024x682.jpeg 1024w, https:\/\/coisasdegentepreta.com.br\/wp-content\/uploads\/2025\/08\/WhatsApp-Image-2025-08-28-at-13.26.09-300x200.jpeg 300w, https:\/\/coisasdegentepreta.com.br\/wp-content\/uploads\/2025\/08\/WhatsApp-Image-2025-08-28-at-13.26.09-768x512.jpeg 768w, https:\/\/coisasdegentepreta.com.br\/wp-content\/uploads\/2025\/08\/WhatsApp-Image-2025-08-28-at-13.26.09-600x400.jpeg 600w, https:\/\/coisasdegentepreta.com.br\/wp-content\/uploads\/2025\/08\/WhatsApp-Image-2025-08-28-at-13.26.09.jpeg 1280w\" sizes=\"(max-width: 1024px) 100vw, 1024px\" \/>\t\t\t\t\t\t\t\t\t\t\t\t\t\t\t<\/div>\n\t\t\t\t<\/div>\n\t\t\t\t<\/div>\n\t\t<div class=\"elementor-element elementor-element-ae44c7c e-con-full e-flex e-con e-child\" data-id=\"ae44c7c\" data-element_type=\"container\" data-settings=\"{&quot;background_background&quot;:&quot;classic&quot;}\">\n\t\t\t\t<div class=\"elementor-element elementor-element-f28b5e5 elementor-widget elementor-widget-heading\" data-id=\"f28b5e5\" data-element_type=\"widget\" data-widget_type=\"heading.default\">\n\t\t\t\t<div class=\"elementor-widget-container\">\n\t\t\t\t\t<h2 class=\"elementor-heading-title elementor-size-default\">A fala de Lula e a representa\u00e7\u00e3o da popula\u00e7\u00e3o negra<\/h2>\t\t\t\t<\/div>\n\t\t\t\t<\/div>\n\t\t\t\t<div class=\"elementor-element elementor-element-8d0603a elementor-widget elementor-widget-text-editor\" data-id=\"8d0603a\" data-element_type=\"widget\" data-widget_type=\"text-editor.default\">\n\t\t\t\t<div class=\"elementor-widget-container\">\n\t\t\t\t\t\t\t\t\t<p>Nos \u00faltimos dias, uma fala do presidente Luiz In\u00e1cio Lula da Silva gerou repercuss\u00f5es em todo o pa\u00eds. Ao comentar a foto de um homem negro sem dentes usada em uma revista institucional, Lula questionou:<\/p><p>\u201cVoc\u00ea acha que isso \u00e9 bonito? Isso \u00e9 fotografia para voc\u00ea colocar representando o Brasil no exterior? Um cara sem dente e ainda negro. Voc\u00ea n\u00e3o acha que isso \u00e9 preconceito?\u201d<\/p><p>Trechos isolados dessa fala viralizaram nas redes sociais, com acusa\u00e7\u00f5es de racismo contra o presidente. Mas o que se viu, de fato, foi uma tentativa de denunciar a estigmatiza\u00e7\u00e3o da popula\u00e7\u00e3o negra \u2014 historicamente representada a partir da dor, da mis\u00e9ria e da aus\u00eancia de dignidade.<\/p><p>\u2e3b<\/p><p>Representa\u00e7\u00e3o importa<\/p><p>A quest\u00e3o aqui n\u00e3o \u00e9 sobre o homem retratado, mas sobre a escolha pol\u00edtica da imagem. Por que, em um pa\u00eds com tamanha diversidade, algu\u00e9m decidiu que o Brasil seria representado no exterior por uma foto que refor\u00e7a estere\u00f3tipos negativos sobre pessoas negras?<\/p><p>Esse tipo de escolha n\u00e3o \u00e9 neutra: \u00e9 fruto de um racismo estrutural que insiste em reduzir nossa comunidade a imagens de pobreza, falta e exclus\u00e3o.<\/p><p>\u2e3b<\/p><p>A fala e o recorte<\/p><p>Sim, a forma como Lula expressou sua cr\u00edtica pode soar dura e at\u00e9 abrir espa\u00e7o para interpreta\u00e7\u00f5es equivocadas. Mas \u00e9 preciso deixar claro: n\u00e3o houve racismo em suas palavras. O que houve foi a tentativa de expor o preconceito embutido na comunica\u00e7\u00e3o oficial e de defender uma representa\u00e7\u00e3o mais digna do povo brasileiro.<\/p><p>N\u00e3o por acaso, o pr\u00f3prio presidente relembrou que foi a partir de situa\u00e7\u00f5es assim que nasceu o programa Brasil Sorridente, respons\u00e1vel por devolver o direito ao sorriso para milh\u00f5es de brasileiros e brasileiras.<\/p><p>\u2e3b<\/p><p>Nossa posi\u00e7\u00e3o<\/p><p>Como portal comprometido com a valoriza\u00e7\u00e3o da hist\u00f3ria, da cultura e da luta da popula\u00e7\u00e3o negra, afirmamos:<br \/>\u2022 O verdadeiro problema n\u00e3o est\u00e1 na fala de Lula, mas na forma como a m\u00eddia escolhe retratar o povo negro.<br \/>\u2022 Precisamos de imagens que expressem for\u00e7a, beleza, alegria e diversidade, sem negar as desigualdades, mas tamb\u00e9m sem aprisionar a identidade negra apenas na dor.<br \/>\u2022 Esse epis\u00f3dio deve servir de alerta para que institui\u00e7\u00f5es p\u00fablicas e privadas repensem suas escolhas de comunica\u00e7\u00e3o e representa\u00e7\u00e3o.<\/p><p>\u2e3b<\/p><p>Conclus\u00e3o<\/p><p>Este n\u00e3o \u00e9 apenas um debate sobre uma fala presidencial. \u00c9 um chamado para que o Brasil aprenda, de uma vez por todas, a olhar para a popula\u00e7\u00e3o negra com respeito, dignidade e humanidade.<\/p><p>Se queremos um pa\u00eds justo e igualit\u00e1rio, precisamos romper com estere\u00f3tipos que nos aprisionam e construir narrativas que celebrem quem somos: um povo m\u00faltiplo, potente e indispens\u00e1vel para a verdadeira face do Brasil.<\/p><p>\u2e3b<\/p><p>\u270a\ud83c\udffe Editorial \u2014 Portal Coisas de Gente Preta<\/p>\t\t\t\t\t\t\t\t<\/div>\n\t\t\t\t<\/div>\n\t\t\t\t<\/div>\n\t\t\t\t\t<\/div>\n\t\t\t\t<\/div>\n\t\t\t\t<\/div>\n\t\t","protected":false},"excerpt":{"rendered":"<p>A fala de Lula e a representa\u00e7\u00e3o da popula\u00e7\u00e3o negra Nos \u00faltimos dias, uma fala do presidente Luiz In\u00e1cio Lula da Silva gerou repercuss\u00f5es em todo o pa\u00eds. Ao comentar a foto de um homem negro sem dentes usada em uma revista institucional, Lula questionou: \u201cVoc\u00ea acha que isso \u00e9 bonito? Isso \u00e9 fotografia para &hellip;<\/p>\n<p class=\"read-more\"> <a class=\"\" href=\"https:\/\/coisasdegentepreta.com.br\/index.php\/lula-e-a-populacao-negra\/\"> <span class=\"screen-reader-text\">Lula e a popula\u00e7\u00e3o negra<\/span> Read More &raquo;<\/a><\/p>\n","protected":false},"author":1,"featured_media":0,"parent":0,"menu_order":0,"comment_status":"closed","ping_status":"closed","template":"","meta":{"site-sidebar-layout":"no-sidebar","site-content-layout":"","ast-site-content-layout":"full-width-container","site-content-style":"default","site-sidebar-style":"default","ast-global-header-display":"","ast-banner-title-visibility":"","ast-main-header-display":"","ast-hfb-above-header-display":"","ast-hfb-below-header-display":"","ast-hfb-mobile-header-display":"","site-post-title":"disabled","ast-breadcrumbs-content":"","ast-featured-img":"disabled","footer-sml-layout":"","theme-transparent-header-meta":"","adv-header-id-meta":"","stick-header-meta":"","header-above-stick-meta":"","header-main-stick-meta":"","header-below-stick-meta":"","astra-migrate-meta-layouts":"default","ast-page-background-enabled":"default","ast-page-background-meta":{"desktop":{"background-color":"var(--ast-global-color-4)","background-image":"","background-repeat":"repeat","background-position":"center center","background-size":"auto","background-attachment":"scroll","background-type":"","background-media":"","overlay-type":"","overlay-color":"","overlay-gradient":""},"tablet":{"background-color":"","background-image":"","background-repeat":"repeat","background-position":"center center","background-size":"auto","background-attachment":"scroll","background-type":"","background-media":"","overlay-type":"","overlay-color":"","overlay-gradient":""},"mobile":{"background-color":"","background-image":"","background-repeat":"repeat","background-position":"center center","background-size":"auto","background-attachment":"scroll","background-type":"","background-media":"","overlay-type":"","overlay-color":"","overlay-gradient":""}},"ast-content-background-meta":{"desktop":{"background-color":"var(--ast-global-color-5)","background-image":"","background-repeat":"repeat","background-position":"center center","background-size":"auto","background-attachment":"scroll","background-type":"","background-media":"","overlay-type":"","overlay-color":"","overlay-gradient":""},"tablet":{"background-color":"var(--ast-global-color-5)","background-image":"","background-repeat":"repeat","background-position":"center center","background-size":"auto","background-attachment":"scroll","background-type":"","background-media":"","overlay-type":"","overlay-color":"","overlay-gradient":""},"mobile":{"background-color":"var(--ast-global-color-5)","background-image":"","background-repeat":"repeat","background-position":"center center","background-size":"auto","background-attachment":"scroll","background-type":"","background-media":"","overlay-type":"","overlay-color":"","overlay-gradient":""}},"footnotes":""},"class_list":["post-6697","page","type-page","status-publish","hentry"],"yoast_head":"<!-- This site is optimized with the Yoast SEO plugin v24.2 - https:\/\/yoast.com\/wordpress\/plugins\/seo\/ -->\n<title>Lula e a popula\u00e7\u00e3o negra -<\/title>\n<meta name=\"robots\" content=\"index, follow, max-snippet:-1, max-image-preview:large, max-video-preview:-1\" \/>\n<link rel=\"canonical\" href=\"https:\/\/coisasdegentepreta.com.br\/index.php\/lula-e-a-populacao-negra\/\" \/>\n<meta property=\"og:locale\" content=\"en_US\" \/>\n<meta property=\"og:type\" content=\"article\" \/>\n<meta property=\"og:title\" content=\"Lula e a popula\u00e7\u00e3o negra -\" \/>\n<meta property=\"og:description\" content=\"A fala de Lula e a representa\u00e7\u00e3o da popula\u00e7\u00e3o negra Nos \u00faltimos dias, uma fala do presidente Luiz In\u00e1cio Lula da Silva gerou repercuss\u00f5es em todo o pa\u00eds. Ao comentar a foto de um homem negro sem dentes usada em uma revista institucional, Lula questionou: \u201cVoc\u00ea acha que isso \u00e9 bonito? Isso \u00e9 fotografia para &hellip; Lula e a popula\u00e7\u00e3o negra Read More &raquo;\" \/>\n<meta property=\"og:url\" content=\"https:\/\/coisasdegentepreta.com.br\/index.php\/lula-e-a-populacao-negra\/\" \/>\n<meta property=\"article:publisher\" content=\"https:\/\/facebook.com\/cmmcomcoisasdegente\" \/>\n<meta property=\"article:modified_time\" content=\"2025-09-07T17:15:38+00:00\" \/>\n<meta property=\"og:image\" content=\"https:\/\/coisasdegentepreta.com.br\/wp-content\/uploads\/2025\/08\/WhatsApp-Image-2025-08-28-at-13.26.09.jpeg\" \/>\n\t<meta property=\"og:image:width\" content=\"1280\" \/>\n\t<meta property=\"og:image:height\" content=\"853\" \/>\n\t<meta property=\"og:image:type\" content=\"image\/jpeg\" \/>\n<meta name=\"twitter:card\" content=\"summary_large_image\" \/>\n<meta name=\"twitter:site\" content=\"@cmmcomcoisasdegente\" \/>\n<meta name=\"twitter:label1\" content=\"Est. reading time\" \/>\n\t<meta name=\"twitter:data1\" content=\"3 minutes\" \/>\n<script type=\"application\/ld+json\" class=\"yoast-schema-graph\">{\"@context\":\"https:\/\/schema.org\",\"@graph\":[{\"@type\":\"WebPage\",\"@id\":\"https:\/\/coisasdegentepreta.com.br\/index.php\/lula-e-a-populacao-negra\/\",\"url\":\"https:\/\/coisasdegentepreta.com.br\/index.php\/lula-e-a-populacao-negra\/\",\"name\":\"Lula e a popula\u00e7\u00e3o negra -\",\"isPartOf\":{\"@id\":\"https:\/\/coisasdegentepreta.com.br\/#website\"},\"primaryImageOfPage\":{\"@id\":\"https:\/\/coisasdegentepreta.com.br\/index.php\/lula-e-a-populacao-negra\/#primaryimage\"},\"image\":{\"@id\":\"https:\/\/coisasdegentepreta.com.br\/index.php\/lula-e-a-populacao-negra\/#primaryimage\"},\"thumbnailUrl\":\"https:\/\/coisasdegentepreta.com.br\/wp-content\/uploads\/2025\/08\/WhatsApp-Image-2025-08-28-at-13.26.09-1024x682.jpeg\",\"datePublished\":\"2025-08-28T17:20:17+00:00\",\"dateModified\":\"2025-09-07T17:15:38+00:00\",\"breadcrumb\":{\"@id\":\"https:\/\/coisasdegentepreta.com.br\/index.php\/lula-e-a-populacao-negra\/#breadcrumb\"},\"inLanguage\":\"en-US\",\"potentialAction\":[{\"@type\":\"ReadAction\",\"target\":[\"https:\/\/coisasdegentepreta.com.br\/index.php\/lula-e-a-populacao-negra\/\"]}]},{\"@type\":\"ImageObject\",\"inLanguage\":\"en-US\",\"@id\":\"https:\/\/coisasdegentepreta.com.br\/index.php\/lula-e-a-populacao-negra\/#primaryimage\",\"url\":\"https:\/\/coisasdegentepreta.com.br\/wp-content\/uploads\/2025\/08\/WhatsApp-Image-2025-08-28-at-13.26.09.jpeg\",\"contentUrl\":\"https:\/\/coisasdegentepreta.com.br\/wp-content\/uploads\/2025\/08\/WhatsApp-Image-2025-08-28-at-13.26.09.jpeg\",\"width\":1280,\"height\":853},{\"@type\":\"BreadcrumbList\",\"@id\":\"https:\/\/coisasdegentepreta.com.br\/index.php\/lula-e-a-populacao-negra\/#breadcrumb\",\"itemListElement\":[{\"@type\":\"ListItem\",\"position\":1,\"name\":\"ECMM\",\"item\":\"https:\/\/coisasdegentepreta.com.br\/\"},{\"@type\":\"ListItem\",\"position\":2,\"name\":\"Lula e a popula\u00e7\u00e3o negra\"}]},{\"@type\":\"WebSite\",\"@id\":\"https:\/\/coisasdegentepreta.com.br\/#website\",\"url\":\"https:\/\/coisasdegentepreta.com.br\/\",\"name\":\"https:\/\/coisasdegentepreta.com.br\",\"description\":\"\",\"publisher\":{\"@id\":\"https:\/\/coisasdegentepreta.com.br\/#organization\"},\"potentialAction\":[{\"@type\":\"SearchAction\",\"target\":{\"@type\":\"EntryPoint\",\"urlTemplate\":\"https:\/\/coisasdegentepreta.com.br\/?s={search_term_string}\"},\"query-input\":{\"@type\":\"PropertyValueSpecification\",\"valueRequired\":true,\"valueName\":\"search_term_string\"}}],\"inLanguage\":\"en-US\"},{\"@type\":\"Organization\",\"@id\":\"https:\/\/coisasdegentepreta.com.br\/#organization\",\"name\":\"Espa\u00e7o de Capacita\u00e7\u00e3o M\u00e1rcio Madeira RJ\",\"url\":\"https:\/\/coisasdegentepreta.com.br\/\",\"logo\":{\"@type\":\"ImageObject\",\"inLanguage\":\"en-US\",\"@id\":\"https:\/\/coisasdegentepreta.com.br\/#\/schema\/logo\/image\/\",\"url\":\"https:\/\/coisasdegentepreta.com.br\/wp-content\/uploads\/2023\/12\/logo-2.png\",\"contentUrl\":\"https:\/\/coisasdegentepreta.com.br\/wp-content\/uploads\/2023\/12\/logo-2.png\",\"width\":2064,\"height\":1021,\"caption\":\"Espa\u00e7o de Capacita\u00e7\u00e3o M\u00e1rcio Madeira RJ\"},\"image\":{\"@id\":\"https:\/\/coisasdegentepreta.com.br\/#\/schema\/logo\/image\/\"},\"sameAs\":[\"https:\/\/facebook.com\/cmmcomcoisasdegente\",\"https:\/\/x.com\/cmmcomcoisasdegente\",\"https:\/\/instagram.com\/cmmcomcoisasdegente\"]}]}<\/script>\n<!-- \/ Yoast SEO plugin. -->","yoast_head_json":{"title":"Lula e a popula\u00e7\u00e3o negra -","robots":{"index":"index","follow":"follow","max-snippet":"max-snippet:-1","max-image-preview":"max-image-preview:large","max-video-preview":"max-video-preview:-1"},"canonical":"https:\/\/coisasdegentepreta.com.br\/index.php\/lula-e-a-populacao-negra\/","og_locale":"en_US","og_type":"article","og_title":"Lula e a popula\u00e7\u00e3o negra -","og_description":"A fala de Lula e a representa\u00e7\u00e3o da popula\u00e7\u00e3o negra Nos \u00faltimos dias, uma fala do presidente Luiz In\u00e1cio Lula da Silva gerou repercuss\u00f5es em todo o pa\u00eds. Ao comentar a foto de um homem negro sem dentes usada em uma revista institucional, Lula questionou: \u201cVoc\u00ea acha que isso \u00e9 bonito? Isso \u00e9 fotografia para &hellip; Lula e a popula\u00e7\u00e3o negra Read More &raquo;","og_url":"https:\/\/coisasdegentepreta.com.br\/index.php\/lula-e-a-populacao-negra\/","article_publisher":"https:\/\/facebook.com\/cmmcomcoisasdegente","article_modified_time":"2025-09-07T17:15:38+00:00","og_image":[{"width":1280,"height":853,"url":"https:\/\/coisasdegentepreta.com.br\/wp-content\/uploads\/2025\/08\/WhatsApp-Image-2025-08-28-at-13.26.09.jpeg","type":"image\/jpeg"}],"twitter_card":"summary_large_image","twitter_site":"@cmmcomcoisasdegente","twitter_misc":{"Est. reading time":"3 minutes"},"schema":{"@context":"https:\/\/schema.org","@graph":[{"@type":"WebPage","@id":"https:\/\/coisasdegentepreta.com.br\/index.php\/lula-e-a-populacao-negra\/","url":"https:\/\/coisasdegentepreta.com.br\/index.php\/lula-e-a-populacao-negra\/","name":"Lula e a popula\u00e7\u00e3o negra -","isPartOf":{"@id":"https:\/\/coisasdegentepreta.com.br\/#website"},"primaryImageOfPage":{"@id":"https:\/\/coisasdegentepreta.com.br\/index.php\/lula-e-a-populacao-negra\/#primaryimage"},"image":{"@id":"https:\/\/coisasdegentepreta.com.br\/index.php\/lula-e-a-populacao-negra\/#primaryimage"},"thumbnailUrl":"https:\/\/coisasdegentepreta.com.br\/wp-content\/uploads\/2025\/08\/WhatsApp-Image-2025-08-28-at-13.26.09-1024x682.jpeg","datePublished":"2025-08-28T17:20:17+00:00","dateModified":"2025-09-07T17:15:38+00:00","breadcrumb":{"@id":"https:\/\/coisasdegentepreta.com.br\/index.php\/lula-e-a-populacao-negra\/#breadcrumb"},"inLanguage":"en-US","potentialAction":[{"@type":"ReadAction","target":["https:\/\/coisasdegentepreta.com.br\/index.php\/lula-e-a-populacao-negra\/"]}]},{"@type":"ImageObject","inLanguage":"en-US","@id":"https:\/\/coisasdegentepreta.com.br\/index.php\/lula-e-a-populacao-negra\/#primaryimage","url":"https:\/\/coisasdegentepreta.com.br\/wp-content\/uploads\/2025\/08\/WhatsApp-Image-2025-08-28-at-13.26.09.jpeg","contentUrl":"https:\/\/coisasdegentepreta.com.br\/wp-content\/uploads\/2025\/08\/WhatsApp-Image-2025-08-28-at-13.26.09.jpeg","width":1280,"height":853},{"@type":"BreadcrumbList","@id":"https:\/\/coisasdegentepreta.com.br\/index.php\/lula-e-a-populacao-negra\/#breadcrumb","itemListElement":[{"@type":"ListItem","position":1,"name":"ECMM","item":"https:\/\/coisasdegentepreta.com.br\/"},{"@type":"ListItem","position":2,"name":"Lula e a popula\u00e7\u00e3o negra"}]},{"@type":"WebSite","@id":"https:\/\/coisasdegentepreta.com.br\/#website","url":"https:\/\/coisasdegentepreta.com.br\/","name":"https:\/\/coisasdegentepreta.com.br","description":"","publisher":{"@id":"https:\/\/coisasdegentepreta.com.br\/#organization"},"potentialAction":[{"@type":"SearchAction","target":{"@type":"EntryPoint","urlTemplate":"https:\/\/coisasdegentepreta.com.br\/?s={search_term_string}"},"query-input":{"@type":"PropertyValueSpecification","valueRequired":true,"valueName":"search_term_string"}}],"inLanguage":"en-US"},{"@type":"Organization","@id":"https:\/\/coisasdegentepreta.com.br\/#organization","name":"Espa\u00e7o de Capacita\u00e7\u00e3o M\u00e1rcio Madeira RJ","url":"https:\/\/coisasdegentepreta.com.br\/","logo":{"@type":"ImageObject","inLanguage":"en-US","@id":"https:\/\/coisasdegentepreta.com.br\/#\/schema\/logo\/image\/","url":"https:\/\/coisasdegentepreta.com.br\/wp-content\/uploads\/2023\/12\/logo-2.png","contentUrl":"https:\/\/coisasdegentepreta.com.br\/wp-content\/uploads\/2023\/12\/logo-2.png","width":2064,"height":1021,"caption":"Espa\u00e7o de Capacita\u00e7\u00e3o M\u00e1rcio Madeira RJ"},"image":{"@id":"https:\/\/coisasdegentepreta.com.br\/#\/schema\/logo\/image\/"},"sameAs":["https:\/\/facebook.com\/cmmcomcoisasdegente","https:\/\/x.com\/cmmcomcoisasdegente","https:\/\/instagram.com\/cmmcomcoisasdegente"]}]}},"_links":{"self":[{"href":"https:\/\/coisasdegentepreta.com.br\/index.php\/wp-json\/wp\/v2\/pages\/6697","targetHints":{"allow":["GET"]}}],"collection":[{"href":"https:\/\/coisasdegentepreta.com.br\/index.php\/wp-json\/wp\/v2\/pages"}],"about":[{"href":"https:\/\/coisasdegentepreta.com.br\/index.php\/wp-json\/wp\/v2\/types\/page"}],"author":[{"embeddable":true,"href":"https:\/\/coisasdegentepreta.com.br\/index.php\/wp-json\/wp\/v2\/users\/1"}],"replies":[{"embeddable":true,"href":"https:\/\/coisasdegentepreta.com.br\/index.php\/wp-json\/wp\/v2\/comments?post=6697"}],"version-history":[{"count":10,"href":"https:\/\/coisasdegentepreta.com.br\/index.php\/wp-json\/wp\/v2\/pages\/6697\/revisions"}],"predecessor-version":[{"id":6955,"href":"https:\/\/coisasdegentepreta.com.br\/index.php\/wp-json\/wp\/v2\/pages\/6697\/revisions\/6955"}],"wp:attachment":[{"href":"https:\/\/coisasdegentepreta.com.br\/index.php\/wp-json\/wp\/v2\/media?parent=6697"}],"curies":[{"name":"wp","href":"https:\/\/api.w.org\/{rel}","templated":true}]}}