{"id":6673,"date":"2025-08-26T11:47:16","date_gmt":"2025-08-26T14:47:16","guid":{"rendered":"https:\/\/coisasdegentepreta.com.br\/?page_id=6673"},"modified":"2025-08-26T11:58:04","modified_gmt":"2025-08-26T14:58:04","slug":"oruam","status":"publish","type":"page","link":"https:\/\/coisasdegentepreta.com.br\/index.php\/oruam\/","title":{"rendered":"Oruam"},"content":{"rendered":"\t\t<div data-elementor-type=\"wp-page\" data-elementor-id=\"6673\" class=\"elementor elementor-6673\">\n\t\t\t\t<div class=\"elementor-element elementor-element-e30f32f e-flex e-con-boxed e-con e-parent\" data-id=\"e30f32f\" data-element_type=\"container\" data-settings=\"{&quot;background_background&quot;:&quot;classic&quot;}\">\n\t\t\t\t\t<div class=\"e-con-inner\">\n\t\t<div class=\"elementor-element elementor-element-776465c e-con-full e-flex e-con e-child\" data-id=\"776465c\" data-element_type=\"container\">\n\t\t\t\t<div class=\"elementor-element elementor-element-533f622 elementor-widget elementor-widget-image\" data-id=\"533f622\" data-element_type=\"widget\" data-widget_type=\"image.default\">\n\t\t\t\t<div class=\"elementor-widget-container\">\n\t\t\t\t\t\t\t\t\t\t\t\t\t\t\t<img fetchpriority=\"high\" decoding=\"async\" width=\"1024\" height=\"682\" src=\"https:\/\/coisasdegentepreta.com.br\/wp-content\/uploads\/2025\/08\/WhatsApp-Image-2025-08-26-at-08.20.00-1024x682.jpeg\" class=\"attachment-large size-large wp-image-6676\" alt=\"\" srcset=\"https:\/\/coisasdegentepreta.com.br\/wp-content\/uploads\/2025\/08\/WhatsApp-Image-2025-08-26-at-08.20.00-1024x682.jpeg 1024w, https:\/\/coisasdegentepreta.com.br\/wp-content\/uploads\/2025\/08\/WhatsApp-Image-2025-08-26-at-08.20.00-300x200.jpeg 300w, https:\/\/coisasdegentepreta.com.br\/wp-content\/uploads\/2025\/08\/WhatsApp-Image-2025-08-26-at-08.20.00-768x512.jpeg 768w, https:\/\/coisasdegentepreta.com.br\/wp-content\/uploads\/2025\/08\/WhatsApp-Image-2025-08-26-at-08.20.00-600x400.jpeg 600w, https:\/\/coisasdegentepreta.com.br\/wp-content\/uploads\/2025\/08\/WhatsApp-Image-2025-08-26-at-08.20.00.jpeg 1280w\" sizes=\"(max-width: 1024px) 100vw, 1024px\" \/>\t\t\t\t\t\t\t\t\t\t\t\t\t\t\t<\/div>\n\t\t\t\t<\/div>\n\t\t\t\t<\/div>\n\t\t<div class=\"elementor-element elementor-element-4c6d0fb e-con-full e-flex e-con e-child\" data-id=\"4c6d0fb\" data-element_type=\"container\" data-settings=\"{&quot;background_background&quot;:&quot;classic&quot;}\">\n\t\t\t\t<div class=\"elementor-element elementor-element-15d7634 elementor-widget elementor-widget-heading\" data-id=\"15d7634\" data-element_type=\"widget\" data-widget_type=\"heading.default\">\n\t\t\t\t<div class=\"elementor-widget-container\">\n\t\t\t\t\t<h2 class=\"elementor-heading-title elementor-size-default\">Oruam e a Criminaliza\u00e7\u00e3o da Arte Perif\u00e9rica: Um Reflexo do Racismo Estrutural<\/h2>\t\t\t\t<\/div>\n\t\t\t\t<\/div>\n\t\t\t\t<div class=\"elementor-element elementor-element-3cf414a elementor-widget elementor-widget-text-editor\" data-id=\"3cf414a\" data-element_type=\"widget\" data-widget_type=\"text-editor.default\">\n\t\t\t\t<div class=\"elementor-widget-container\">\n\t\t\t\t\t\t\t\t\t<div>A pris\u00e3o do cantor Oruam, filho de Marcinho VP, em julho de 2025, n\u00e3o \u00e9 apenas um caso judicial: \u00e9 um sintoma da forma como o Estado criminaliza a juventude negra e perif\u00e9rica.<\/div><div>\u00a0<\/div><div>Acusado de associa\u00e7\u00e3o ao tr\u00e1fico e tentativa de homic\u00eddio contra policiais, Oruam foi detido em sua resid\u00eancia durante uma opera\u00e7\u00e3o que a pr\u00f3pria defesa classifica como abuso de autoridade: policiais sem farda e sem mandado de busca invadiram sua casa, colocando em risco sua vida e a de familiares.<\/div><div>\u00a0<\/div><div>Essa pris\u00e3o acontece em um contexto em que artistas negros e das periferias sofrem uma seletividade penal brutal, enquanto outros grupos, muitas vezes brancos ou com poder econ\u00f4mico, recebem tratamento diferenciado. \u00c9 a marginaliza\u00e7\u00e3o institucionalizada, que transforma a cultura perif\u00e9rica em alvo pol\u00edtico.<\/div><div>\u00a0<\/div><div>N\u00e3o por acaso, surgem iniciativas como a chamada \u201cLei Anti-Oruam\u201d, proposta pelo deputado Kim Kataguiri, tentando censurar a arte e silenciar quem denuncia a viol\u00eancia e a desigualdade. Em contrapartida, movimentos como \u201cMC N\u00e3o \u00e9 Bandido\u201d reafirmam que a cultura perif\u00e9rica \u00e9 resist\u00eancia e que expressar nossa realidade n\u00e3o \u00e9 crime.<\/div><div>\u00a0<\/div><div>O caso de Oruam mostra que a luta antirracista e perif\u00e9rica \u00e9 urgente: n\u00e3o se trata apenas de um artista preso, mas de um sistema que, atrav\u00e9s da lei e da pol\u00edtica, tenta colocar pretos e perif\u00e9ricos em posi\u00e7\u00e3o marginal. Defender a liberdade de express\u00e3o, valorizar nossa cultura e denunciar a seletividade penal \u00e9, portanto, uma luta coletiva que nos envolve a todos.<\/div><div>\u00a0<\/div><div>\u2e3b<\/div><div>\u00a0<\/div><div>Refer\u00eancias<\/div><div>1.Brasil de Fato \u2013 Pris\u00e3o de Oruam completa um m\u00eas marcada por lacunas jur\u00eddicas<\/div><div>2.CNN Brasil \u2013 Caso Oruam: entenda a acusa\u00e7\u00e3o e conex\u00e3o com o Comando Vermelho<\/div><div>3.Ag\u00eancia Brasil \u2013 Rapper Oruam vira r\u00e9u por tentativa de homic\u00eddio contra policiais<\/div><div>4.Wikip\u00e9dia \u2013 \u00c1lbum \u201cLiberdade\u201d de Oruam<\/div>\t\t\t\t\t\t\t\t<\/div>\n\t\t\t\t<\/div>\n\t\t\t\t<\/div>\n\t\t\t\t\t<\/div>\n\t\t\t\t<\/div>\n\t\t\t\t<\/div>\n\t\t","protected":false},"excerpt":{"rendered":"<p>Oruam e a Criminaliza\u00e7\u00e3o da Arte Perif\u00e9rica: Um Reflexo do Racismo Estrutural A pris\u00e3o do cantor Oruam, filho de Marcinho VP, em julho de 2025, n\u00e3o \u00e9 apenas um caso judicial: \u00e9 um sintoma da forma como o Estado criminaliza a juventude negra e perif\u00e9rica.\u00a0Acusado de associa\u00e7\u00e3o ao tr\u00e1fico e tentativa de homic\u00eddio contra policiais, &hellip;<\/p>\n<p class=\"read-more\"> <a class=\"\" href=\"https:\/\/coisasdegentepreta.com.br\/index.php\/oruam\/\"> <span class=\"screen-reader-text\">Oruam<\/span> Read More &raquo;<\/a><\/p>\n","protected":false},"author":1,"featured_media":0,"parent":0,"menu_order":0,"comment_status":"closed","ping_status":"closed","template":"","meta":{"site-sidebar-layout":"no-sidebar","site-content-layout":"","ast-site-content-layout":"full-width-container","site-content-style":"default","site-sidebar-style":"default","ast-global-header-display":"","ast-banner-title-visibility":"","ast-main-header-display":"","ast-hfb-above-header-display":"","ast-hfb-below-header-display":"","ast-hfb-mobile-header-display":"","site-post-title":"disabled","ast-breadcrumbs-content":"","ast-featured-img":"disabled","footer-sml-layout":"","theme-transparent-header-meta":"","adv-header-id-meta":"","stick-header-meta":"","header-above-stick-meta":"","header-main-stick-meta":"","header-below-stick-meta":"","astra-migrate-meta-layouts":"default","ast-page-background-enabled":"default","ast-page-background-meta":{"desktop":{"background-color":"var(--ast-global-color-4)","background-image":"","background-repeat":"repeat","background-position":"center center","background-size":"auto","background-attachment":"scroll","background-type":"","background-media":"","overlay-type":"","overlay-color":"","overlay-gradient":""},"tablet":{"background-color":"","background-image":"","background-repeat":"repeat","background-position":"center center","background-size":"auto","background-attachment":"scroll","background-type":"","background-media":"","overlay-type":"","overlay-color":"","overlay-gradient":""},"mobile":{"background-color":"","background-image":"","background-repeat":"repeat","background-position":"center center","background-size":"auto","background-attachment":"scroll","background-type":"","background-media":"","overlay-type":"","overlay-color":"","overlay-gradient":""}},"ast-content-background-meta":{"desktop":{"background-color":"var(--ast-global-color-5)","background-image":"","background-repeat":"repeat","background-position":"center center","background-size":"auto","background-attachment":"scroll","background-type":"","background-media":"","overlay-type":"","overlay-color":"","overlay-gradient":""},"tablet":{"background-color":"var(--ast-global-color-5)","background-image":"","background-repeat":"repeat","background-position":"center center","background-size":"auto","background-attachment":"scroll","background-type":"","background-media":"","overlay-type":"","overlay-color":"","overlay-gradient":""},"mobile":{"background-color":"var(--ast-global-color-5)","background-image":"","background-repeat":"repeat","background-position":"center center","background-size":"auto","background-attachment":"scroll","background-type":"","background-media":"","overlay-type":"","overlay-color":"","overlay-gradient":""}},"footnotes":""},"class_list":["post-6673","page","type-page","status-publish","hentry"],"yoast_head":"<!-- This site is optimized with the Yoast SEO plugin v24.2 - https:\/\/yoast.com\/wordpress\/plugins\/seo\/ -->\n<title>Oruam -<\/title>\n<meta name=\"robots\" content=\"index, follow, max-snippet:-1, max-image-preview:large, max-video-preview:-1\" \/>\n<link rel=\"canonical\" href=\"https:\/\/coisasdegentepreta.com.br\/index.php\/oruam\/\" \/>\n<meta property=\"og:locale\" content=\"en_US\" \/>\n<meta property=\"og:type\" content=\"article\" \/>\n<meta property=\"og:title\" content=\"Oruam -\" \/>\n<meta property=\"og:description\" content=\"Oruam e a Criminaliza\u00e7\u00e3o da Arte Perif\u00e9rica: Um Reflexo do Racismo Estrutural A pris\u00e3o do cantor Oruam, filho de Marcinho VP, em julho de 2025, n\u00e3o \u00e9 apenas um caso judicial: \u00e9 um sintoma da forma como o Estado criminaliza a juventude negra e perif\u00e9rica.\u00a0Acusado de associa\u00e7\u00e3o ao tr\u00e1fico e tentativa de homic\u00eddio contra policiais, &hellip; Oruam Read More &raquo;\" \/>\n<meta property=\"og:url\" content=\"https:\/\/coisasdegentepreta.com.br\/index.php\/oruam\/\" \/>\n<meta property=\"article:publisher\" content=\"https:\/\/facebook.com\/cmmcomcoisasdegente\" \/>\n<meta property=\"article:modified_time\" content=\"2025-08-26T14:58:04+00:00\" \/>\n<meta property=\"og:image\" content=\"https:\/\/coisasdegentepreta.com.br\/wp-content\/uploads\/2025\/08\/WhatsApp-Image-2025-08-26-at-08.20.00.jpeg\" \/>\n\t<meta property=\"og:image:width\" content=\"1280\" \/>\n\t<meta property=\"og:image:height\" content=\"853\" \/>\n\t<meta property=\"og:image:type\" content=\"image\/jpeg\" \/>\n<meta name=\"twitter:card\" content=\"summary_large_image\" \/>\n<meta name=\"twitter:site\" content=\"@cmmcomcoisasdegente\" \/>\n<meta name=\"twitter:label1\" content=\"Est. reading time\" \/>\n\t<meta name=\"twitter:data1\" content=\"2 minutes\" \/>\n<script type=\"application\/ld+json\" class=\"yoast-schema-graph\">{\"@context\":\"https:\/\/schema.org\",\"@graph\":[{\"@type\":\"WebPage\",\"@id\":\"https:\/\/coisasdegentepreta.com.br\/index.php\/oruam\/\",\"url\":\"https:\/\/coisasdegentepreta.com.br\/index.php\/oruam\/\",\"name\":\"Oruam -\",\"isPartOf\":{\"@id\":\"https:\/\/coisasdegentepreta.com.br\/#website\"},\"primaryImageOfPage\":{\"@id\":\"https:\/\/coisasdegentepreta.com.br\/index.php\/oruam\/#primaryimage\"},\"image\":{\"@id\":\"https:\/\/coisasdegentepreta.com.br\/index.php\/oruam\/#primaryimage\"},\"thumbnailUrl\":\"https:\/\/coisasdegentepreta.com.br\/wp-content\/uploads\/2025\/08\/WhatsApp-Image-2025-08-26-at-08.20.00-1024x682.jpeg\",\"datePublished\":\"2025-08-26T14:47:16+00:00\",\"dateModified\":\"2025-08-26T14:58:04+00:00\",\"breadcrumb\":{\"@id\":\"https:\/\/coisasdegentepreta.com.br\/index.php\/oruam\/#breadcrumb\"},\"inLanguage\":\"en-US\",\"potentialAction\":[{\"@type\":\"ReadAction\",\"target\":[\"https:\/\/coisasdegentepreta.com.br\/index.php\/oruam\/\"]}]},{\"@type\":\"ImageObject\",\"inLanguage\":\"en-US\",\"@id\":\"https:\/\/coisasdegentepreta.com.br\/index.php\/oruam\/#primaryimage\",\"url\":\"https:\/\/coisasdegentepreta.com.br\/wp-content\/uploads\/2025\/08\/WhatsApp-Image-2025-08-26-at-08.20.00.jpeg\",\"contentUrl\":\"https:\/\/coisasdegentepreta.com.br\/wp-content\/uploads\/2025\/08\/WhatsApp-Image-2025-08-26-at-08.20.00.jpeg\",\"width\":1280,\"height\":853},{\"@type\":\"BreadcrumbList\",\"@id\":\"https:\/\/coisasdegentepreta.com.br\/index.php\/oruam\/#breadcrumb\",\"itemListElement\":[{\"@type\":\"ListItem\",\"position\":1,\"name\":\"ECMM\",\"item\":\"https:\/\/coisasdegentepreta.com.br\/\"},{\"@type\":\"ListItem\",\"position\":2,\"name\":\"Oruam\"}]},{\"@type\":\"WebSite\",\"@id\":\"https:\/\/coisasdegentepreta.com.br\/#website\",\"url\":\"https:\/\/coisasdegentepreta.com.br\/\",\"name\":\"https:\/\/coisasdegentepreta.com.br\",\"description\":\"\",\"publisher\":{\"@id\":\"https:\/\/coisasdegentepreta.com.br\/#organization\"},\"potentialAction\":[{\"@type\":\"SearchAction\",\"target\":{\"@type\":\"EntryPoint\",\"urlTemplate\":\"https:\/\/coisasdegentepreta.com.br\/?s={search_term_string}\"},\"query-input\":{\"@type\":\"PropertyValueSpecification\",\"valueRequired\":true,\"valueName\":\"search_term_string\"}}],\"inLanguage\":\"en-US\"},{\"@type\":\"Organization\",\"@id\":\"https:\/\/coisasdegentepreta.com.br\/#organization\",\"name\":\"Espa\u00e7o de Capacita\u00e7\u00e3o M\u00e1rcio Madeira RJ\",\"url\":\"https:\/\/coisasdegentepreta.com.br\/\",\"logo\":{\"@type\":\"ImageObject\",\"inLanguage\":\"en-US\",\"@id\":\"https:\/\/coisasdegentepreta.com.br\/#\/schema\/logo\/image\/\",\"url\":\"https:\/\/coisasdegentepreta.com.br\/wp-content\/uploads\/2023\/12\/logo-2.png\",\"contentUrl\":\"https:\/\/coisasdegentepreta.com.br\/wp-content\/uploads\/2023\/12\/logo-2.png\",\"width\":2064,\"height\":1021,\"caption\":\"Espa\u00e7o de Capacita\u00e7\u00e3o M\u00e1rcio Madeira RJ\"},\"image\":{\"@id\":\"https:\/\/coisasdegentepreta.com.br\/#\/schema\/logo\/image\/\"},\"sameAs\":[\"https:\/\/facebook.com\/cmmcomcoisasdegente\",\"https:\/\/x.com\/cmmcomcoisasdegente\",\"https:\/\/instagram.com\/cmmcomcoisasdegente\"]}]}<\/script>\n<!-- \/ Yoast SEO plugin. -->","yoast_head_json":{"title":"Oruam -","robots":{"index":"index","follow":"follow","max-snippet":"max-snippet:-1","max-image-preview":"max-image-preview:large","max-video-preview":"max-video-preview:-1"},"canonical":"https:\/\/coisasdegentepreta.com.br\/index.php\/oruam\/","og_locale":"en_US","og_type":"article","og_title":"Oruam -","og_description":"Oruam e a Criminaliza\u00e7\u00e3o da Arte Perif\u00e9rica: Um Reflexo do Racismo Estrutural A pris\u00e3o do cantor Oruam, filho de Marcinho VP, em julho de 2025, n\u00e3o \u00e9 apenas um caso judicial: \u00e9 um sintoma da forma como o Estado criminaliza a juventude negra e perif\u00e9rica.\u00a0Acusado de associa\u00e7\u00e3o ao tr\u00e1fico e tentativa de homic\u00eddio contra policiais, &hellip; Oruam Read More &raquo;","og_url":"https:\/\/coisasdegentepreta.com.br\/index.php\/oruam\/","article_publisher":"https:\/\/facebook.com\/cmmcomcoisasdegente","article_modified_time":"2025-08-26T14:58:04+00:00","og_image":[{"width":1280,"height":853,"url":"https:\/\/coisasdegentepreta.com.br\/wp-content\/uploads\/2025\/08\/WhatsApp-Image-2025-08-26-at-08.20.00.jpeg","type":"image\/jpeg"}],"twitter_card":"summary_large_image","twitter_site":"@cmmcomcoisasdegente","twitter_misc":{"Est. reading time":"2 minutes"},"schema":{"@context":"https:\/\/schema.org","@graph":[{"@type":"WebPage","@id":"https:\/\/coisasdegentepreta.com.br\/index.php\/oruam\/","url":"https:\/\/coisasdegentepreta.com.br\/index.php\/oruam\/","name":"Oruam -","isPartOf":{"@id":"https:\/\/coisasdegentepreta.com.br\/#website"},"primaryImageOfPage":{"@id":"https:\/\/coisasdegentepreta.com.br\/index.php\/oruam\/#primaryimage"},"image":{"@id":"https:\/\/coisasdegentepreta.com.br\/index.php\/oruam\/#primaryimage"},"thumbnailUrl":"https:\/\/coisasdegentepreta.com.br\/wp-content\/uploads\/2025\/08\/WhatsApp-Image-2025-08-26-at-08.20.00-1024x682.jpeg","datePublished":"2025-08-26T14:47:16+00:00","dateModified":"2025-08-26T14:58:04+00:00","breadcrumb":{"@id":"https:\/\/coisasdegentepreta.com.br\/index.php\/oruam\/#breadcrumb"},"inLanguage":"en-US","potentialAction":[{"@type":"ReadAction","target":["https:\/\/coisasdegentepreta.com.br\/index.php\/oruam\/"]}]},{"@type":"ImageObject","inLanguage":"en-US","@id":"https:\/\/coisasdegentepreta.com.br\/index.php\/oruam\/#primaryimage","url":"https:\/\/coisasdegentepreta.com.br\/wp-content\/uploads\/2025\/08\/WhatsApp-Image-2025-08-26-at-08.20.00.jpeg","contentUrl":"https:\/\/coisasdegentepreta.com.br\/wp-content\/uploads\/2025\/08\/WhatsApp-Image-2025-08-26-at-08.20.00.jpeg","width":1280,"height":853},{"@type":"BreadcrumbList","@id":"https:\/\/coisasdegentepreta.com.br\/index.php\/oruam\/#breadcrumb","itemListElement":[{"@type":"ListItem","position":1,"name":"ECMM","item":"https:\/\/coisasdegentepreta.com.br\/"},{"@type":"ListItem","position":2,"name":"Oruam"}]},{"@type":"WebSite","@id":"https:\/\/coisasdegentepreta.com.br\/#website","url":"https:\/\/coisasdegentepreta.com.br\/","name":"https:\/\/coisasdegentepreta.com.br","description":"","publisher":{"@id":"https:\/\/coisasdegentepreta.com.br\/#organization"},"potentialAction":[{"@type":"SearchAction","target":{"@type":"EntryPoint","urlTemplate":"https:\/\/coisasdegentepreta.com.br\/?s={search_term_string}"},"query-input":{"@type":"PropertyValueSpecification","valueRequired":true,"valueName":"search_term_string"}}],"inLanguage":"en-US"},{"@type":"Organization","@id":"https:\/\/coisasdegentepreta.com.br\/#organization","name":"Espa\u00e7o de Capacita\u00e7\u00e3o M\u00e1rcio Madeira RJ","url":"https:\/\/coisasdegentepreta.com.br\/","logo":{"@type":"ImageObject","inLanguage":"en-US","@id":"https:\/\/coisasdegentepreta.com.br\/#\/schema\/logo\/image\/","url":"https:\/\/coisasdegentepreta.com.br\/wp-content\/uploads\/2023\/12\/logo-2.png","contentUrl":"https:\/\/coisasdegentepreta.com.br\/wp-content\/uploads\/2023\/12\/logo-2.png","width":2064,"height":1021,"caption":"Espa\u00e7o de Capacita\u00e7\u00e3o M\u00e1rcio Madeira RJ"},"image":{"@id":"https:\/\/coisasdegentepreta.com.br\/#\/schema\/logo\/image\/"},"sameAs":["https:\/\/facebook.com\/cmmcomcoisasdegente","https:\/\/x.com\/cmmcomcoisasdegente","https:\/\/instagram.com\/cmmcomcoisasdegente"]}]}},"_links":{"self":[{"href":"https:\/\/coisasdegentepreta.com.br\/index.php\/wp-json\/wp\/v2\/pages\/6673","targetHints":{"allow":["GET"]}}],"collection":[{"href":"https:\/\/coisasdegentepreta.com.br\/index.php\/wp-json\/wp\/v2\/pages"}],"about":[{"href":"https:\/\/coisasdegentepreta.com.br\/index.php\/wp-json\/wp\/v2\/types\/page"}],"author":[{"embeddable":true,"href":"https:\/\/coisasdegentepreta.com.br\/index.php\/wp-json\/wp\/v2\/users\/1"}],"replies":[{"embeddable":true,"href":"https:\/\/coisasdegentepreta.com.br\/index.php\/wp-json\/wp\/v2\/comments?post=6673"}],"version-history":[{"count":7,"href":"https:\/\/coisasdegentepreta.com.br\/index.php\/wp-json\/wp\/v2\/pages\/6673\/revisions"}],"predecessor-version":[{"id":6682,"href":"https:\/\/coisasdegentepreta.com.br\/index.php\/wp-json\/wp\/v2\/pages\/6673\/revisions\/6682"}],"wp:attachment":[{"href":"https:\/\/coisasdegentepreta.com.br\/index.php\/wp-json\/wp\/v2\/media?parent=6673"}],"curies":[{"name":"wp","href":"https:\/\/api.w.org\/{rel}","templated":true}]}}