{"id":6394,"date":"2025-07-27T20:47:59","date_gmt":"2025-07-27T23:47:59","guid":{"rendered":"https:\/\/coisasdegentepreta.com.br\/?page_id=6394"},"modified":"2025-07-28T10:25:22","modified_gmt":"2025-07-28T13:25:22","slug":"premio-joselina-da-silva","status":"publish","type":"page","link":"https:\/\/coisasdegentepreta.com.br\/index.php\/premio-joselina-da-silva\/","title":{"rendered":"Pr\u00eamio joselina da silva"},"content":{"rendered":"\t\t<div data-elementor-type=\"wp-page\" data-elementor-id=\"6394\" class=\"elementor elementor-6394\">\n\t\t\t\t<div class=\"elementor-element elementor-element-4da20c2 e-con-full e-flex e-con e-child\" data-id=\"4da20c2\" data-element_type=\"container\" data-settings=\"{&quot;background_background&quot;:&quot;classic&quot;}\">\n\t\t<div class=\"elementor-element elementor-element-cd197c0 e-con-full e-flex e-con e-child\" data-id=\"cd197c0\" data-element_type=\"container\">\n\t\t<div class=\"elementor-element elementor-element-9028522 e-con-full e-flex e-con e-child\" data-id=\"9028522\" data-element_type=\"container\" data-settings=\"{&quot;background_background&quot;:&quot;classic&quot;}\">\n\t\t<div class=\"elementor-element elementor-element-050b9ab e-con-full e-flex e-con e-child\" data-id=\"050b9ab\" data-element_type=\"container\">\n\t\t\t\t<div class=\"elementor-element elementor-element-2504896 gallery-spacing-custom elementor-widget__width-inherit elementor-widget elementor-widget-image-gallery\" data-id=\"2504896\" data-element_type=\"widget\" data-widget_type=\"image-gallery.default\">\n\t\t\t\t<div class=\"elementor-widget-container\">\n\t\t\t\t\t\t\t<div class=\"elementor-image-gallery\">\n\t\t\t<div id='gallery-1' class='gallery galleryid-6394 gallery-columns-1 gallery-size-full'><figure class='gallery-item'>\n\t\t\t<div class='gallery-icon portrait'>\n\t\t\t\t<a data-elementor-open-lightbox=\"yes\" data-elementor-lightbox-slideshow=\"2504896\" data-elementor-lightbox-title=\"Imagem do WhatsApp de 2025-07-26 \u00e0(s) 10.33.35_9855147c\" data-e-action-hash=\"#elementor-action%3Aaction%3Dlightbox%26settings%3DeyJpZCI6NjM5NiwidXJsIjoiaHR0cHM6XC9cL2NvaXNhc2RlZ2VudGVwcmV0YS5jb20uYnJcL3dwLWNvbnRlbnRcL3VwbG9hZHNcLzIwMjVcLzA3XC9JbWFnZW0tZG8tV2hhdHNBcHAtZGUtMjAyNS0wNy0yNi1hcy0xMC4zMy4zNV85ODU1MTQ3Yy5qcGciLCJzbGlkZXNob3ciOiIyNTA0ODk2In0%3D\" href='https:\/\/coisasdegentepreta.com.br\/wp-content\/uploads\/2025\/07\/Imagem-do-WhatsApp-de-2025-07-26-as-10.33.35_9855147c.jpg'><img fetchpriority=\"high\" decoding=\"async\" width=\"1079\" height=\"1325\" src=\"https:\/\/coisasdegentepreta.com.br\/wp-content\/uploads\/2025\/07\/Imagem-do-WhatsApp-de-2025-07-26-as-10.33.35_9855147c.jpg\" class=\"attachment-full size-full\" alt=\"\" srcset=\"https:\/\/coisasdegentepreta.com.br\/wp-content\/uploads\/2025\/07\/Imagem-do-WhatsApp-de-2025-07-26-as-10.33.35_9855147c.jpg 1079w, https:\/\/coisasdegentepreta.com.br\/wp-content\/uploads\/2025\/07\/Imagem-do-WhatsApp-de-2025-07-26-as-10.33.35_9855147c-244x300.jpg 244w, https:\/\/coisasdegentepreta.com.br\/wp-content\/uploads\/2025\/07\/Imagem-do-WhatsApp-de-2025-07-26-as-10.33.35_9855147c-834x1024.jpg 834w, https:\/\/coisasdegentepreta.com.br\/wp-content\/uploads\/2025\/07\/Imagem-do-WhatsApp-de-2025-07-26-as-10.33.35_9855147c-768x943.jpg 768w, https:\/\/coisasdegentepreta.com.br\/wp-content\/uploads\/2025\/07\/Imagem-do-WhatsApp-de-2025-07-26-as-10.33.35_9855147c-600x737.jpg 600w\" sizes=\"(max-width: 1079px) 100vw, 1079px\" \/><\/a>\n\t\t\t<\/div><\/figure>\n\t\t<\/div>\n\t\t<\/div>\n\t\t\t\t\t\t<\/div>\n\t\t\t\t<\/div>\n\t\t\t\t<\/div>\n\t\t<div class=\"elementor-element elementor-element-2494f40 e-con-full e-flex e-con e-child\" data-id=\"2494f40\" data-element_type=\"container\" data-settings=\"{&quot;background_background&quot;:&quot;classic&quot;}\">\n\t\t\t\t<div class=\"elementor-element elementor-element-c259358 elementor-widget elementor-widget-heading\" data-id=\"c259358\" data-element_type=\"widget\" data-widget_type=\"heading.default\">\n\t\t\t\t<div class=\"elementor-widget-container\">\n\t\t\t\t\t<h2 class=\"elementor-heading-title elementor-size-default\">Pr\u00eamio Joselina da\nSilva<\/h2>\t\t\t\t<\/div>\n\t\t\t\t<\/div>\n\t\t\t\t<div class=\"elementor-element elementor-element-33941da elementor-widget elementor-widget-text-editor\" data-id=\"33941da\" data-element_type=\"widget\" data-widget_type=\"text-editor.default\">\n\t\t\t\t<div class=\"elementor-widget-container\">\n\t\t\t\t\t\t\t\t\t<p>Neste 25 de julho, Dia Internacional da Mulher Negra Latino-Americana e Caribenha, o CEAP, por meio do Coletivo Mait\u00ea Ferreira, teve a alegria e o profundo orgulho de anunciar a cria\u00e7\u00e3o do Pr\u00eamio Joselina da<br \/>Silva.<\/p><p>Dar o nome de nossa eterna professora J\u00f4 a esse pr\u00eamio \u00e9 mais do que uma homenagem.<\/p><p>\u00c9 a reafirma\u00e7\u00e3o de um compromisso hist\u00f3rico com as lutas que ela encarnou em vida: o combate ao racismo, a defesa das mulheres negras, a valoriza\u00e7\u00e3o das religi\u00f5es de matriz africana e a constru\u00e7\u00e3o de um Brasil mais justo, plural e democr\u00e1tico.<\/p><p>Joselina da Silva, ou simplesmente J\u00f4, foi uma das maiores intelectuais negras do nosso pais. Professora, pesquisadora, conselheira fundadora do CEAP, mas tamb\u00e9m m\u00e3e de ideias, condutora de caminhos e ancestral em vida.<\/p><p>Com sua fala firme e sua escuta generosa, ela formou gera\u00e7\u00f5es de ativistas, acad\u00eamicos e lideran\u00e7as negras.<\/p><p>Hoje, ao lan\u00e7armos esse pr\u00eamio, reavivamos sua presen\u00e7a.<\/p><p>Transformamos saudade em a\u00e7\u00e3o, mem\u00f3ria em resist\u00eancia, e rever\u00eancia em continuidade.<\/p><p>O Pr\u00eamio Joselina da Silva nasce para reconhecer, valorizar e impulsionar mulheres negras que, assim como ela, fazem da sua trajet\u00f3ria um ato de coragem coletiva.<\/p>\t\t\t\t\t\t\t\t<\/div>\n\t\t\t\t<\/div>\n\t\t\t\t<\/div>\n\t\t\t\t<\/div>\n\t\t\t\t<\/div>\n\t\t\t\t<\/div>\n\t\t\t\t<\/div>\n\t\t","protected":false},"excerpt":{"rendered":"<p>Pr\u00eamio Joselina da Silva Neste 25 de julho, Dia Internacional da Mulher Negra Latino-Americana e Caribenha, o CEAP, por meio do Coletivo Mait\u00ea Ferreira, teve a alegria e o profundo orgulho de anunciar a cria\u00e7\u00e3o do Pr\u00eamio Joselina daSilva. Dar o nome de nossa eterna professora J\u00f4 a esse pr\u00eamio \u00e9 mais do que uma &hellip;<\/p>\n<p class=\"read-more\"> <a class=\"\" href=\"https:\/\/coisasdegentepreta.com.br\/index.php\/premio-joselina-da-silva\/\"> <span class=\"screen-reader-text\">Pr\u00eamio joselina da silva<\/span> Read More &raquo;<\/a><\/p>\n","protected":false},"author":1,"featured_media":0,"parent":0,"menu_order":0,"comment_status":"closed","ping_status":"closed","template":"","meta":{"site-sidebar-layout":"no-sidebar","site-content-layout":"","ast-site-content-layout":"full-width-container","site-content-style":"default","site-sidebar-style":"default","ast-global-header-display":"","ast-banner-title-visibility":"","ast-main-header-display":"","ast-hfb-above-header-display":"","ast-hfb-below-header-display":"","ast-hfb-mobile-header-display":"","site-post-title":"disabled","ast-breadcrumbs-content":"","ast-featured-img":"disabled","footer-sml-layout":"","theme-transparent-header-meta":"","adv-header-id-meta":"","stick-header-meta":"","header-above-stick-meta":"","header-main-stick-meta":"","header-below-stick-meta":"","astra-migrate-meta-layouts":"default","ast-page-background-enabled":"default","ast-page-background-meta":{"desktop":{"background-color":"var(--ast-global-color-4)","background-image":"","background-repeat":"repeat","background-position":"center center","background-size":"auto","background-attachment":"scroll","background-type":"","background-media":"","overlay-type":"","overlay-color":"","overlay-gradient":""},"tablet":{"background-color":"","background-image":"","background-repeat":"repeat","background-position":"center center","background-size":"auto","background-attachment":"scroll","background-type":"","background-media":"","overlay-type":"","overlay-color":"","overlay-gradient":""},"mobile":{"background-color":"","background-image":"","background-repeat":"repeat","background-position":"center center","background-size":"auto","background-attachment":"scroll","background-type":"","background-media":"","overlay-type":"","overlay-color":"","overlay-gradient":""}},"ast-content-background-meta":{"desktop":{"background-color":"var(--ast-global-color-5)","background-image":"","background-repeat":"repeat","background-position":"center center","background-size":"auto","background-attachment":"scroll","background-type":"","background-media":"","overlay-type":"","overlay-color":"","overlay-gradient":""},"tablet":{"background-color":"var(--ast-global-color-5)","background-image":"","background-repeat":"repeat","background-position":"center center","background-size":"auto","background-attachment":"scroll","background-type":"","background-media":"","overlay-type":"","overlay-color":"","overlay-gradient":""},"mobile":{"background-color":"var(--ast-global-color-5)","background-image":"","background-repeat":"repeat","background-position":"center center","background-size":"auto","background-attachment":"scroll","background-type":"","background-media":"","overlay-type":"","overlay-color":"","overlay-gradient":""}},"footnotes":""},"class_list":["post-6394","page","type-page","status-publish","hentry"],"yoast_head":"<!-- This site is optimized with the Yoast SEO plugin v24.2 - https:\/\/yoast.com\/wordpress\/plugins\/seo\/ -->\n<title>Pr\u00eamio joselina da silva -<\/title>\n<meta name=\"robots\" content=\"index, follow, max-snippet:-1, max-image-preview:large, max-video-preview:-1\" \/>\n<link rel=\"canonical\" href=\"https:\/\/coisasdegentepreta.com.br\/index.php\/premio-joselina-da-silva\/\" \/>\n<meta property=\"og:locale\" content=\"en_US\" \/>\n<meta property=\"og:type\" content=\"article\" \/>\n<meta property=\"og:title\" content=\"Pr\u00eamio joselina da silva -\" \/>\n<meta property=\"og:description\" content=\"Pr\u00eamio Joselina da Silva Neste 25 de julho, Dia Internacional da Mulher Negra Latino-Americana e Caribenha, o CEAP, por meio do Coletivo Mait\u00ea Ferreira, teve a alegria e o profundo orgulho de anunciar a cria\u00e7\u00e3o do Pr\u00eamio Joselina daSilva. Dar o nome de nossa eterna professora J\u00f4 a esse pr\u00eamio \u00e9 mais do que uma &hellip; Pr\u00eamio joselina da silva Read More &raquo;\" \/>\n<meta property=\"og:url\" content=\"https:\/\/coisasdegentepreta.com.br\/index.php\/premio-joselina-da-silva\/\" \/>\n<meta property=\"article:publisher\" content=\"https:\/\/facebook.com\/cmmcomcoisasdegente\" \/>\n<meta property=\"article:modified_time\" content=\"2025-07-28T13:25:22+00:00\" \/>\n<meta property=\"og:image\" content=\"https:\/\/coisasdegentepreta.com.br\/wp-content\/uploads\/2025\/07\/Imagem-do-WhatsApp-de-2025-07-26-as-10.33.35_9855147c.jpg\" \/>\n<meta name=\"twitter:card\" content=\"summary_large_image\" \/>\n<meta name=\"twitter:site\" content=\"@cmmcomcoisasdegente\" \/>\n<meta name=\"twitter:label1\" content=\"Est. reading time\" \/>\n\t<meta name=\"twitter:data1\" content=\"2 minutes\" \/>\n<script type=\"application\/ld+json\" class=\"yoast-schema-graph\">{\"@context\":\"https:\/\/schema.org\",\"@graph\":[{\"@type\":\"WebPage\",\"@id\":\"https:\/\/coisasdegentepreta.com.br\/index.php\/premio-joselina-da-silva\/\",\"url\":\"https:\/\/coisasdegentepreta.com.br\/index.php\/premio-joselina-da-silva\/\",\"name\":\"Pr\u00eamio joselina da silva -\",\"isPartOf\":{\"@id\":\"https:\/\/coisasdegentepreta.com.br\/#website\"},\"primaryImageOfPage\":{\"@id\":\"https:\/\/coisasdegentepreta.com.br\/index.php\/premio-joselina-da-silva\/#primaryimage\"},\"image\":{\"@id\":\"https:\/\/coisasdegentepreta.com.br\/index.php\/premio-joselina-da-silva\/#primaryimage\"},\"thumbnailUrl\":\"https:\/\/coisasdegentepreta.com.br\/wp-content\/uploads\/2025\/07\/Imagem-do-WhatsApp-de-2025-07-26-as-10.33.35_9855147c.jpg\",\"datePublished\":\"2025-07-27T23:47:59+00:00\",\"dateModified\":\"2025-07-28T13:25:22+00:00\",\"breadcrumb\":{\"@id\":\"https:\/\/coisasdegentepreta.com.br\/index.php\/premio-joselina-da-silva\/#breadcrumb\"},\"inLanguage\":\"en-US\",\"potentialAction\":[{\"@type\":\"ReadAction\",\"target\":[\"https:\/\/coisasdegentepreta.com.br\/index.php\/premio-joselina-da-silva\/\"]}]},{\"@type\":\"ImageObject\",\"inLanguage\":\"en-US\",\"@id\":\"https:\/\/coisasdegentepreta.com.br\/index.php\/premio-joselina-da-silva\/#primaryimage\",\"url\":\"https:\/\/coisasdegentepreta.com.br\/wp-content\/uploads\/2025\/07\/Imagem-do-WhatsApp-de-2025-07-26-as-10.33.35_9855147c.jpg\",\"contentUrl\":\"https:\/\/coisasdegentepreta.com.br\/wp-content\/uploads\/2025\/07\/Imagem-do-WhatsApp-de-2025-07-26-as-10.33.35_9855147c.jpg\"},{\"@type\":\"BreadcrumbList\",\"@id\":\"https:\/\/coisasdegentepreta.com.br\/index.php\/premio-joselina-da-silva\/#breadcrumb\",\"itemListElement\":[{\"@type\":\"ListItem\",\"position\":1,\"name\":\"ECMM\",\"item\":\"https:\/\/coisasdegentepreta.com.br\/\"},{\"@type\":\"ListItem\",\"position\":2,\"name\":\"Pr\u00eamio joselina da silva\"}]},{\"@type\":\"WebSite\",\"@id\":\"https:\/\/coisasdegentepreta.com.br\/#website\",\"url\":\"https:\/\/coisasdegentepreta.com.br\/\",\"name\":\"https:\/\/coisasdegentepreta.com.br\",\"description\":\"\",\"publisher\":{\"@id\":\"https:\/\/coisasdegentepreta.com.br\/#organization\"},\"potentialAction\":[{\"@type\":\"SearchAction\",\"target\":{\"@type\":\"EntryPoint\",\"urlTemplate\":\"https:\/\/coisasdegentepreta.com.br\/?s={search_term_string}\"},\"query-input\":{\"@type\":\"PropertyValueSpecification\",\"valueRequired\":true,\"valueName\":\"search_term_string\"}}],\"inLanguage\":\"en-US\"},{\"@type\":\"Organization\",\"@id\":\"https:\/\/coisasdegentepreta.com.br\/#organization\",\"name\":\"Espa\u00e7o de Capacita\u00e7\u00e3o M\u00e1rcio Madeira RJ\",\"url\":\"https:\/\/coisasdegentepreta.com.br\/\",\"logo\":{\"@type\":\"ImageObject\",\"inLanguage\":\"en-US\",\"@id\":\"https:\/\/coisasdegentepreta.com.br\/#\/schema\/logo\/image\/\",\"url\":\"https:\/\/coisasdegentepreta.com.br\/wp-content\/uploads\/2023\/12\/logo-2.png\",\"contentUrl\":\"https:\/\/coisasdegentepreta.com.br\/wp-content\/uploads\/2023\/12\/logo-2.png\",\"width\":2064,\"height\":1021,\"caption\":\"Espa\u00e7o de Capacita\u00e7\u00e3o M\u00e1rcio Madeira RJ\"},\"image\":{\"@id\":\"https:\/\/coisasdegentepreta.com.br\/#\/schema\/logo\/image\/\"},\"sameAs\":[\"https:\/\/facebook.com\/cmmcomcoisasdegente\",\"https:\/\/x.com\/cmmcomcoisasdegente\",\"https:\/\/instagram.com\/cmmcomcoisasdegente\"]}]}<\/script>\n<!-- \/ Yoast SEO plugin. -->","yoast_head_json":{"title":"Pr\u00eamio joselina da silva -","robots":{"index":"index","follow":"follow","max-snippet":"max-snippet:-1","max-image-preview":"max-image-preview:large","max-video-preview":"max-video-preview:-1"},"canonical":"https:\/\/coisasdegentepreta.com.br\/index.php\/premio-joselina-da-silva\/","og_locale":"en_US","og_type":"article","og_title":"Pr\u00eamio joselina da silva -","og_description":"Pr\u00eamio Joselina da Silva Neste 25 de julho, Dia Internacional da Mulher Negra Latino-Americana e Caribenha, o CEAP, por meio do Coletivo Mait\u00ea Ferreira, teve a alegria e o profundo orgulho de anunciar a cria\u00e7\u00e3o do Pr\u00eamio Joselina daSilva. Dar o nome de nossa eterna professora J\u00f4 a esse pr\u00eamio \u00e9 mais do que uma &hellip; Pr\u00eamio joselina da silva Read More &raquo;","og_url":"https:\/\/coisasdegentepreta.com.br\/index.php\/premio-joselina-da-silva\/","article_publisher":"https:\/\/facebook.com\/cmmcomcoisasdegente","article_modified_time":"2025-07-28T13:25:22+00:00","og_image":[{"url":"https:\/\/coisasdegentepreta.com.br\/wp-content\/uploads\/2025\/07\/Imagem-do-WhatsApp-de-2025-07-26-as-10.33.35_9855147c.jpg","type":"","width":"","height":""}],"twitter_card":"summary_large_image","twitter_site":"@cmmcomcoisasdegente","twitter_misc":{"Est. reading time":"2 minutes"},"schema":{"@context":"https:\/\/schema.org","@graph":[{"@type":"WebPage","@id":"https:\/\/coisasdegentepreta.com.br\/index.php\/premio-joselina-da-silva\/","url":"https:\/\/coisasdegentepreta.com.br\/index.php\/premio-joselina-da-silva\/","name":"Pr\u00eamio joselina da silva -","isPartOf":{"@id":"https:\/\/coisasdegentepreta.com.br\/#website"},"primaryImageOfPage":{"@id":"https:\/\/coisasdegentepreta.com.br\/index.php\/premio-joselina-da-silva\/#primaryimage"},"image":{"@id":"https:\/\/coisasdegentepreta.com.br\/index.php\/premio-joselina-da-silva\/#primaryimage"},"thumbnailUrl":"https:\/\/coisasdegentepreta.com.br\/wp-content\/uploads\/2025\/07\/Imagem-do-WhatsApp-de-2025-07-26-as-10.33.35_9855147c.jpg","datePublished":"2025-07-27T23:47:59+00:00","dateModified":"2025-07-28T13:25:22+00:00","breadcrumb":{"@id":"https:\/\/coisasdegentepreta.com.br\/index.php\/premio-joselina-da-silva\/#breadcrumb"},"inLanguage":"en-US","potentialAction":[{"@type":"ReadAction","target":["https:\/\/coisasdegentepreta.com.br\/index.php\/premio-joselina-da-silva\/"]}]},{"@type":"ImageObject","inLanguage":"en-US","@id":"https:\/\/coisasdegentepreta.com.br\/index.php\/premio-joselina-da-silva\/#primaryimage","url":"https:\/\/coisasdegentepreta.com.br\/wp-content\/uploads\/2025\/07\/Imagem-do-WhatsApp-de-2025-07-26-as-10.33.35_9855147c.jpg","contentUrl":"https:\/\/coisasdegentepreta.com.br\/wp-content\/uploads\/2025\/07\/Imagem-do-WhatsApp-de-2025-07-26-as-10.33.35_9855147c.jpg"},{"@type":"BreadcrumbList","@id":"https:\/\/coisasdegentepreta.com.br\/index.php\/premio-joselina-da-silva\/#breadcrumb","itemListElement":[{"@type":"ListItem","position":1,"name":"ECMM","item":"https:\/\/coisasdegentepreta.com.br\/"},{"@type":"ListItem","position":2,"name":"Pr\u00eamio joselina da silva"}]},{"@type":"WebSite","@id":"https:\/\/coisasdegentepreta.com.br\/#website","url":"https:\/\/coisasdegentepreta.com.br\/","name":"https:\/\/coisasdegentepreta.com.br","description":"","publisher":{"@id":"https:\/\/coisasdegentepreta.com.br\/#organization"},"potentialAction":[{"@type":"SearchAction","target":{"@type":"EntryPoint","urlTemplate":"https:\/\/coisasdegentepreta.com.br\/?s={search_term_string}"},"query-input":{"@type":"PropertyValueSpecification","valueRequired":true,"valueName":"search_term_string"}}],"inLanguage":"en-US"},{"@type":"Organization","@id":"https:\/\/coisasdegentepreta.com.br\/#organization","name":"Espa\u00e7o de Capacita\u00e7\u00e3o M\u00e1rcio Madeira RJ","url":"https:\/\/coisasdegentepreta.com.br\/","logo":{"@type":"ImageObject","inLanguage":"en-US","@id":"https:\/\/coisasdegentepreta.com.br\/#\/schema\/logo\/image\/","url":"https:\/\/coisasdegentepreta.com.br\/wp-content\/uploads\/2023\/12\/logo-2.png","contentUrl":"https:\/\/coisasdegentepreta.com.br\/wp-content\/uploads\/2023\/12\/logo-2.png","width":2064,"height":1021,"caption":"Espa\u00e7o de Capacita\u00e7\u00e3o M\u00e1rcio Madeira RJ"},"image":{"@id":"https:\/\/coisasdegentepreta.com.br\/#\/schema\/logo\/image\/"},"sameAs":["https:\/\/facebook.com\/cmmcomcoisasdegente","https:\/\/x.com\/cmmcomcoisasdegente","https:\/\/instagram.com\/cmmcomcoisasdegente"]}]}},"_links":{"self":[{"href":"https:\/\/coisasdegentepreta.com.br\/index.php\/wp-json\/wp\/v2\/pages\/6394","targetHints":{"allow":["GET"]}}],"collection":[{"href":"https:\/\/coisasdegentepreta.com.br\/index.php\/wp-json\/wp\/v2\/pages"}],"about":[{"href":"https:\/\/coisasdegentepreta.com.br\/index.php\/wp-json\/wp\/v2\/types\/page"}],"author":[{"embeddable":true,"href":"https:\/\/coisasdegentepreta.com.br\/index.php\/wp-json\/wp\/v2\/users\/1"}],"replies":[{"embeddable":true,"href":"https:\/\/coisasdegentepreta.com.br\/index.php\/wp-json\/wp\/v2\/comments?post=6394"}],"version-history":[{"count":13,"href":"https:\/\/coisasdegentepreta.com.br\/index.php\/wp-json\/wp\/v2\/pages\/6394\/revisions"}],"predecessor-version":[{"id":6418,"href":"https:\/\/coisasdegentepreta.com.br\/index.php\/wp-json\/wp\/v2\/pages\/6394\/revisions\/6418"}],"wp:attachment":[{"href":"https:\/\/coisasdegentepreta.com.br\/index.php\/wp-json\/wp\/v2\/media?parent=6394"}],"curies":[{"name":"wp","href":"https:\/\/api.w.org\/{rel}","templated":true}]}}