{"id":6225,"date":"2025-07-09T00:53:19","date_gmt":"2025-07-09T03:53:19","guid":{"rendered":"https:\/\/coisasdegentepreta.com.br\/?page_id=6225"},"modified":"2025-07-09T07:51:53","modified_gmt":"2025-07-09T10:51:53","slug":"benedita","status":"publish","type":"page","link":"https:\/\/coisasdegentepreta.com.br\/index.php\/benedita\/","title":{"rendered":"Benedita"},"content":{"rendered":"\t\t<div data-elementor-type=\"wp-page\" data-elementor-id=\"6225\" class=\"elementor elementor-6225\">\n\t\t\t\t<div class=\"elementor-element elementor-element-2921460 e-flex e-con-boxed e-con e-parent\" data-id=\"2921460\" data-element_type=\"container\" data-settings=\"{&quot;background_background&quot;:&quot;classic&quot;}\">\n\t\t\t\t\t<div class=\"e-con-inner\">\n\t\t\t\t<div class=\"elementor-element elementor-element-f4036a7 elementor-widget elementor-widget-heading\" data-id=\"f4036a7\" data-element_type=\"widget\" data-widget_type=\"heading.default\">\n\t\t\t\t<div class=\"elementor-widget-container\">\n\t\t\t\t\t<h4 class=\"elementor-heading-title elementor-size-default\">O DESPERTAR DA ALIENA\u00c7\u00c3O por Benedita Maria Vieira de Carvalho<\/h4>\t\t\t\t<\/div>\n\t\t\t\t<\/div>\n\t\t\t\t\t<\/div>\n\t\t\t\t<\/div>\n\t\t<div class=\"elementor-element elementor-element-4337321 e-flex e-con-boxed e-con e-parent\" data-id=\"4337321\" data-element_type=\"container\" data-settings=\"{&quot;background_background&quot;:&quot;classic&quot;}\">\n\t\t\t\t\t<div class=\"e-con-inner\">\n\t\t<div class=\"elementor-element elementor-element-f0b0b17 e-con-full e-flex e-con e-child\" data-id=\"f0b0b17\" data-element_type=\"container\">\n\t\t\t\t<div class=\"elementor-element elementor-element-5ee42b9 elementor-widget elementor-widget-image\" data-id=\"5ee42b9\" data-element_type=\"widget\" data-widget_type=\"image.default\">\n\t\t\t\t<div class=\"elementor-widget-container\">\n\t\t\t\t\t\t\t\t\t\t\t\t\t\t\t<img fetchpriority=\"high\" decoding=\"async\" width=\"750\" height=\"1024\" src=\"https:\/\/coisasdegentepreta.com.br\/wp-content\/uploads\/2025\/07\/Imagem-do-WhatsApp-de-2025-07-07-as-15.13.41_625aa68c-750x1024.jpg\" class=\"attachment-large size-large wp-image-6236\" alt=\"\" srcset=\"https:\/\/coisasdegentepreta.com.br\/wp-content\/uploads\/2025\/07\/Imagem-do-WhatsApp-de-2025-07-07-as-15.13.41_625aa68c-750x1024.jpg 750w, https:\/\/coisasdegentepreta.com.br\/wp-content\/uploads\/2025\/07\/Imagem-do-WhatsApp-de-2025-07-07-as-15.13.41_625aa68c-220x300.jpg 220w, https:\/\/coisasdegentepreta.com.br\/wp-content\/uploads\/2025\/07\/Imagem-do-WhatsApp-de-2025-07-07-as-15.13.41_625aa68c-768x1048.jpg 768w, https:\/\/coisasdegentepreta.com.br\/wp-content\/uploads\/2025\/07\/Imagem-do-WhatsApp-de-2025-07-07-as-15.13.41_625aa68c-1125x1536.jpg 1125w, https:\/\/coisasdegentepreta.com.br\/wp-content\/uploads\/2025\/07\/Imagem-do-WhatsApp-de-2025-07-07-as-15.13.41_625aa68c-600x819.jpg 600w, https:\/\/coisasdegentepreta.com.br\/wp-content\/uploads\/2025\/07\/Imagem-do-WhatsApp-de-2025-07-07-as-15.13.41_625aa68c.jpg 1172w\" sizes=\"(max-width: 750px) 100vw, 750px\" \/>\t\t\t\t\t\t\t\t\t\t\t\t\t\t\t<\/div>\n\t\t\t\t<\/div>\n\t\t\t\t<\/div>\n\t\t<div class=\"elementor-element elementor-element-6bf925b e-con-full e-flex e-con e-child\" data-id=\"6bf925b\" data-element_type=\"container\" data-settings=\"{&quot;background_background&quot;:&quot;classic&quot;}\">\n\t\t\t\t<div class=\"elementor-element elementor-element-8504bff elementor-widget elementor-widget-text-editor\" data-id=\"8504bff\" data-element_type=\"widget\" data-widget_type=\"text-editor.default\">\n\t\t\t\t<div class=\"elementor-widget-container\">\n\t\t\t\t\t\t\t\t\t<p>Depois de um longo per\u00edodo de letargia, a popula\u00e7\u00e3o brasileira parece despertar do sono alienante a que foi colocada pelas for\u00e7as mais reacion\u00e1rias deste pa\u00eds.<br \/>Desde a primeira elei\u00e7\u00e3o de Lula para comandar o governo, quando o entusiasmo agitava quase todos os segmentos da popula\u00e7\u00e3o ante a perspectiva de mudan\u00e7as e melhorias de vida, n\u00e3o se via tanta mobiliza\u00e7\u00e3o.<br \/>Nos dois primeiros mandatos Lula tirou o Brasil do mapa da fome. Ele levou eletricidade para os mais afastados rinc\u00f5es, abriu cisternas em todo o \u00e1rido Nordeste, levou \u00e0 universidade milhares de jovens pobres, elevou a taxa de emprego com carteira assinada a n\u00edveis nunca vistos, aumentou o sal\u00e1rio m\u00ednimo e a renda geral dos trabalhadores, criou um enorme n\u00famero de universidades e escolas t\u00e9cnicas e implementou tantos projetos de benef\u00edcios sociais, que este papel seria insuficiente para enumer\u00e1-los.<br \/>A direita ficou em p\u00e2nico. Alguma coisa teria que fazer para deter a ascens\u00e3o do PT e dos seus aliados, porque a conscientiza\u00e7\u00e3o do povo era cada dia maior. E Lula estava preparando a sua secess\u00e3o com Jos\u00e9 Dirceu, atuando na Casa Civil.<br \/>Ent\u00e3o criaram a narrativa do mensal\u00e3o. Criminalizaram Jos\u00e9 Dirceu e os maiores expoentes do PT. Cooptaram o Judici\u00e1rio, amedrontado pela m\u00eddia amea\u00e7adora, e julgaram e condenaram quadros inquestionavelmente \u00edntegros, como Jos\u00e9 Geno\u00edno e tantos outros. S\u00f3 n\u00e3o empreenderam o impeachment de Lula, por temerem a rea\u00e7\u00e3o popular.<br \/>Lula colocou Dilma Rousseff na Casa Civil. Ela criou o PAC, o maior programa de obras p\u00fablicas jamais ocorrido no pa\u00eds. E assim, n\u00e3o s\u00f3 criou milhares de empregos, como destravou o caminho para o maior desenvolvimento experimentado pelo o pa\u00eds e livrou-nos do processo de recess\u00e3o que assolava o mundo como efeito da crise econ\u00f4mica de 2008 nos EEUU.<br \/>Lula termina seu governo com a maior avalia\u00e7\u00e3o da Hist\u00f3ria e elege Dilma. As pol\u00edticas p\u00fablicas em favor dos pobres continuam. Vem ent\u00e3o o programa Mais M\u00e9dicos, levando assist\u00eancia m\u00e9dica aos lugares mais remotos e desassistidos, o programa habitacional Minha Casa, Minha Vida, al\u00e9m de muitos outros. Especialmente o Mais M\u00e9dicos foi muito pol\u00eamico, porque, ante o desinteresse dos m\u00e9dicos brasileiros em aceitar o emprego regiamente remunerado pelo governo para trabalhar nos munic\u00edpios afastados, onde as popula\u00e7\u00f5es locais estavam desde sempre desassistidas, Dilma n\u00e3o se deteve e contratou os m\u00e9dicos cubanos, mundialmente conhecidos por sua compet\u00eancia e dedica\u00e7\u00e3o profissional.<br \/>Enfim, Dilma terminou o seu mandato com elevada avalia\u00e7\u00e3o e o menor \u00edndice de desemprego da hist\u00f3ria do pa\u00eds. N\u00e3o deu outra, se reelegeu.<br \/>A\u00ed a direita n\u00e3o aguentou mais. A\u00e9cio Neves n\u00e3o se conformou com a derrota, inclusive em seu pr\u00f3prio estado, Minas Gerais. Eles se uniram em uma intensa campanha de demoniza\u00e7\u00e3o do PT. Tiveram o apoio determinante dos EEUU, que se vira frustrado pela negativa de Dilma de entregar o Pr\u00e9 Sal para as petroleiras americanas e ent\u00e3o surgiu a Lava-Jato, com Moro e seus asseclas preparando o golpe para desacreditar tudo o que j\u00e1 estava constru\u00eddo. Criaram<br \/>a narrativa das pedaladas fiscais e tiraram vergonhosamente a presidenta legalmente eleita do poder.<br \/>Come\u00e7a a\u00ed o pesadelo que colocou o Brasil no sono profundo da aliena\u00e7\u00e3o. O governo do golpista Temer (o menor \u00edndice de avalia\u00e7\u00e3o do Brasil, 3%), inicia o desmonte dos direitos trabalhistas e previdenci\u00e1rios, a precariza\u00e7\u00e3o do trabalho, a reforma do Ensino M\u00e9dio, que esvaziou a educa\u00e7\u00e3o dos jovens de disciplinas e conte\u00fados que favorecem o racioc\u00ednio e o desenvolvimento intelectual e, o pior de todos, a PEC 241\/55 que imp\u00f4s o congelamento dos investimentos do or\u00e7amento por vinte anos. A quem interessaria engessar o desenvolvimento do Brasil? Aquele sonho de desenvolvimento e justi\u00e7a social chegou ao fim. E o povo n\u00e3o reclamava. E a coisa piorou. O que n\u00e3o conseguiram com o mensal\u00e3o, conseguiram com a Lava-a-Jato. Lula foi v\u00edtima de lawfare, julgado sem provas, preso e impedido de se eleger. A campanha de difama\u00e7\u00e3o ganhou refor\u00e7os com as fake-news, com a ascens\u00e3o da extrema direita, essa mais virulenta, e se deu a passagem para a grande noite de pesadelos com Bolsonaro no poder. A alian\u00e7a de Bolsonaro com as igrejas neopentecostais completou o trabalho de aliena\u00e7\u00e3o de imensa parcela da popula\u00e7\u00e3o brasileira. Agora o nome de Jesus era sordidamente usado para disseminar o \u00f3dio e a irracionalidade como motores da frustra\u00e7\u00e3o do povo, que voltava para o mapa da fome, ao desemprego, \u00e0 marginalidade social. O poder de embotamento mental proporcionado pelas prega\u00e7\u00f5es desses pastores, que de crist\u00e3os nada t\u00eam, \u00e9 impressionante, ao ponto de as pessoas perderem a total racionalidade e discernimento para descobrir onde estavam as raz\u00f5es de sua decad\u00eancia econ\u00f4mica e social. O PT passou a ser o culpado de todos os males. Os filhos de Lula eram os \u201cdonos da Friboi\u201d, \u201cLula era ladr\u00e3o\u201d, \u201cDilma era corrupta\u201d.<br \/>Mesmo assim, Lula se reelegeu, mas o Congresso foi majoritariamente eleito pelos evang\u00e9licos e pelos bolsonaristas. Lula conseguiu deter o golpe de estado preparado por Bolsonaro e seus seguidores fanatizados, mas come\u00e7ou a governar ref\u00e9m do pior Congresso das nossa Hist\u00f3ria, tendo que ceder sem parar \u00e0s chantagens de pol\u00edticos inescrupulosos do chamado Centr\u00e3o, composto pelos partidos de direita, agora aliados aos da extrema direita, unidos no af\u00e3 de abocanhar cada vez mais os recursos p\u00fablicos para seu enriquecimento pessoal e para alimentar suas bases eleitorais. T\u00e3o seguros de seu poder e de sua impunidade, que n\u00e3o se detiveram em aprovar as pautas mais descaradamente antipovo; derrubaram a proposta do governo de medidas para redu\u00e7\u00e3o da conta de luz, e, mais recentemente, derrubaram o decreto do governo para aumento do IOF, imposto de transa\u00e7\u00f5es financeiras que atinge majoritariamente os mais ricos.<br \/>E foi a\u00ed que o PT saiu do imobilismo e come\u00e7ou a lan\u00e7ar v\u00eddeos esclarecedores \u00e0 popula\u00e7\u00e3o. Os v\u00eddeos come\u00e7aram a mostrar onde os deputados querem que o governo corte gastos para manter o controle fiscal. Em lugar de cortar gastos com os benef\u00edcios sociais, especialmente o Bolsa Fam\u00edlia e o BPC, que consomem pouco dinheiro e beneficiam milhares de pessoas pobres e desamparadas, o Governo quer fazer com que os bilion\u00e1rios, os bancos e as bets (empresas de apostas que levam milhares ao endividamento na ilus\u00e3o do enriquecimento f\u00e1cil) paguem um pouco de impostos. E quer que as empresas que t\u00eam isen\u00e7\u00f5es fiscais, cerca de oitocentos bilh\u00f5es de reais, que cumpram com suas obriga\u00e7\u00f5es tribut\u00e1rias. Os v\u00eddeos come\u00e7aram a viralizar nas redes sociais. E surgiram de todos os lados mais v\u00eddeos, de produ\u00e7\u00e3o espont\u00e2nea.<br \/>As pessoas come\u00e7aram a acordar, a se manifestar. Isso \u00e9 quase inacredit\u00e1vel. O povo acordou. Agora \u00e9 s\u00f3 manter essa chama acesa e aprender a li\u00e7\u00e3o. \u00c9 preciso compreender que n\u00e3o basta eleger um governante amigo do povo. \u00c9 preciso tamb\u00e9m eleger uma maioria de deputados e senadores amigos do povo. Esse congresso \u00e9 inimigo do povo. # CONGRESSO INIMIGO DO POVO. Vamos \u00e0 luta. Ainda h\u00e1 muito por fazer e isso \u00e9 s\u00f3 o come\u00e7o para o Brasil cumprir o seu destino de na\u00e7\u00e3o desenvolvida e com justi\u00e7a social<\/p>\t\t\t\t\t\t\t\t<\/div>\n\t\t\t\t<\/div>\n\t\t\t\t<\/div>\n\t\t\t\t\t<\/div>\n\t\t\t\t<\/div>\n\t\t\t\t<\/div>\n\t\t","protected":false},"excerpt":{"rendered":"<p>O DESPERTAR DA ALIENA\u00c7\u00c3O por Benedita Maria Vieira de Carvalho Depois de um longo per\u00edodo de letargia, a popula\u00e7\u00e3o brasileira parece despertar do sono alienante a que foi colocada pelas for\u00e7as mais reacion\u00e1rias deste pa\u00eds.Desde a primeira elei\u00e7\u00e3o de Lula para comandar o governo, quando o entusiasmo agitava quase todos os segmentos da popula\u00e7\u00e3o ante &hellip;<\/p>\n<p class=\"read-more\"> <a class=\"\" href=\"https:\/\/coisasdegentepreta.com.br\/index.php\/benedita\/\"> <span class=\"screen-reader-text\">Benedita<\/span> Read More &raquo;<\/a><\/p>\n","protected":false},"author":1,"featured_media":0,"parent":0,"menu_order":0,"comment_status":"closed","ping_status":"closed","template":"","meta":{"site-sidebar-layout":"no-sidebar","site-content-layout":"","ast-site-content-layout":"full-width-container","site-content-style":"default","site-sidebar-style":"default","ast-global-header-display":"","ast-banner-title-visibility":"","ast-main-header-display":"","ast-hfb-above-header-display":"","ast-hfb-below-header-display":"","ast-hfb-mobile-header-display":"","site-post-title":"disabled","ast-breadcrumbs-content":"","ast-featured-img":"disabled","footer-sml-layout":"","theme-transparent-header-meta":"","adv-header-id-meta":"","stick-header-meta":"","header-above-stick-meta":"","header-main-stick-meta":"","header-below-stick-meta":"","astra-migrate-meta-layouts":"default","ast-page-background-enabled":"default","ast-page-background-meta":{"desktop":{"background-color":"var(--ast-global-color-4)","background-image":"","background-repeat":"repeat","background-position":"center center","background-size":"auto","background-attachment":"scroll","background-type":"","background-media":"","overlay-type":"","overlay-color":"","overlay-gradient":""},"tablet":{"background-color":"","background-image":"","background-repeat":"repeat","background-position":"center center","background-size":"auto","background-attachment":"scroll","background-type":"","background-media":"","overlay-type":"","overlay-color":"","overlay-gradient":""},"mobile":{"background-color":"","background-image":"","background-repeat":"repeat","background-position":"center center","background-size":"auto","background-attachment":"scroll","background-type":"","background-media":"","overlay-type":"","overlay-color":"","overlay-gradient":""}},"ast-content-background-meta":{"desktop":{"background-color":"var(--ast-global-color-5)","background-image":"","background-repeat":"repeat","background-position":"center center","background-size":"auto","background-attachment":"scroll","background-type":"","background-media":"","overlay-type":"","overlay-color":"","overlay-gradient":""},"tablet":{"background-color":"var(--ast-global-color-5)","background-image":"","background-repeat":"repeat","background-position":"center center","background-size":"auto","background-attachment":"scroll","background-type":"","background-media":"","overlay-type":"","overlay-color":"","overlay-gradient":""},"mobile":{"background-color":"var(--ast-global-color-5)","background-image":"","background-repeat":"repeat","background-position":"center center","background-size":"auto","background-attachment":"scroll","background-type":"","background-media":"","overlay-type":"","overlay-color":"","overlay-gradient":""}},"footnotes":""},"class_list":["post-6225","page","type-page","status-publish","hentry"],"yoast_head":"<!-- This site is optimized with the Yoast SEO plugin v24.2 - https:\/\/yoast.com\/wordpress\/plugins\/seo\/ -->\n<title>Benedita -<\/title>\n<meta name=\"robots\" content=\"index, follow, max-snippet:-1, max-image-preview:large, max-video-preview:-1\" \/>\n<link rel=\"canonical\" href=\"https:\/\/coisasdegentepreta.com.br\/index.php\/benedita\/\" \/>\n<meta property=\"og:locale\" content=\"en_US\" \/>\n<meta property=\"og:type\" content=\"article\" \/>\n<meta property=\"og:title\" content=\"Benedita -\" \/>\n<meta property=\"og:description\" content=\"O DESPERTAR DA ALIENA\u00c7\u00c3O por Benedita Maria Vieira de Carvalho Depois de um longo per\u00edodo de letargia, a popula\u00e7\u00e3o brasileira parece despertar do sono alienante a que foi colocada pelas for\u00e7as mais reacion\u00e1rias deste pa\u00eds.Desde a primeira elei\u00e7\u00e3o de Lula para comandar o governo, quando o entusiasmo agitava quase todos os segmentos da popula\u00e7\u00e3o ante &hellip; Benedita Read More &raquo;\" \/>\n<meta property=\"og:url\" content=\"https:\/\/coisasdegentepreta.com.br\/index.php\/benedita\/\" \/>\n<meta property=\"article:publisher\" content=\"https:\/\/facebook.com\/cmmcomcoisasdegente\" \/>\n<meta property=\"article:modified_time\" content=\"2025-07-09T10:51:53+00:00\" \/>\n<meta property=\"og:image\" content=\"https:\/\/coisasdegentepreta.com.br\/wp-content\/uploads\/2025\/07\/Imagem-do-WhatsApp-de-2025-07-07-as-15.13.41_625aa68c.jpg\" \/>\n\t<meta property=\"og:image:width\" content=\"1172\" \/>\n\t<meta property=\"og:image:height\" content=\"1600\" \/>\n\t<meta property=\"og:image:type\" content=\"image\/jpeg\" \/>\n<meta name=\"twitter:card\" content=\"summary_large_image\" \/>\n<meta name=\"twitter:site\" content=\"@cmmcomcoisasdegente\" \/>\n<meta name=\"twitter:label1\" content=\"Est. reading time\" \/>\n\t<meta name=\"twitter:data1\" content=\"6 minutes\" \/>\n<script type=\"application\/ld+json\" class=\"yoast-schema-graph\">{\"@context\":\"https:\/\/schema.org\",\"@graph\":[{\"@type\":\"WebPage\",\"@id\":\"https:\/\/coisasdegentepreta.com.br\/index.php\/benedita\/\",\"url\":\"https:\/\/coisasdegentepreta.com.br\/index.php\/benedita\/\",\"name\":\"Benedita -\",\"isPartOf\":{\"@id\":\"https:\/\/coisasdegentepreta.com.br\/#website\"},\"primaryImageOfPage\":{\"@id\":\"https:\/\/coisasdegentepreta.com.br\/index.php\/benedita\/#primaryimage\"},\"image\":{\"@id\":\"https:\/\/coisasdegentepreta.com.br\/index.php\/benedita\/#primaryimage\"},\"thumbnailUrl\":\"https:\/\/coisasdegentepreta.com.br\/wp-content\/uploads\/2025\/07\/Imagem-do-WhatsApp-de-2025-07-07-as-15.13.41_625aa68c-750x1024.jpg\",\"datePublished\":\"2025-07-09T03:53:19+00:00\",\"dateModified\":\"2025-07-09T10:51:53+00:00\",\"breadcrumb\":{\"@id\":\"https:\/\/coisasdegentepreta.com.br\/index.php\/benedita\/#breadcrumb\"},\"inLanguage\":\"en-US\",\"potentialAction\":[{\"@type\":\"ReadAction\",\"target\":[\"https:\/\/coisasdegentepreta.com.br\/index.php\/benedita\/\"]}]},{\"@type\":\"ImageObject\",\"inLanguage\":\"en-US\",\"@id\":\"https:\/\/coisasdegentepreta.com.br\/index.php\/benedita\/#primaryimage\",\"url\":\"https:\/\/coisasdegentepreta.com.br\/wp-content\/uploads\/2025\/07\/Imagem-do-WhatsApp-de-2025-07-07-as-15.13.41_625aa68c.jpg\",\"contentUrl\":\"https:\/\/coisasdegentepreta.com.br\/wp-content\/uploads\/2025\/07\/Imagem-do-WhatsApp-de-2025-07-07-as-15.13.41_625aa68c.jpg\",\"width\":1172,\"height\":1600},{\"@type\":\"BreadcrumbList\",\"@id\":\"https:\/\/coisasdegentepreta.com.br\/index.php\/benedita\/#breadcrumb\",\"itemListElement\":[{\"@type\":\"ListItem\",\"position\":1,\"name\":\"ECMM\",\"item\":\"https:\/\/coisasdegentepreta.com.br\/\"},{\"@type\":\"ListItem\",\"position\":2,\"name\":\"Benedita\"}]},{\"@type\":\"WebSite\",\"@id\":\"https:\/\/coisasdegentepreta.com.br\/#website\",\"url\":\"https:\/\/coisasdegentepreta.com.br\/\",\"name\":\"https:\/\/coisasdegentepreta.com.br\",\"description\":\"\",\"publisher\":{\"@id\":\"https:\/\/coisasdegentepreta.com.br\/#organization\"},\"potentialAction\":[{\"@type\":\"SearchAction\",\"target\":{\"@type\":\"EntryPoint\",\"urlTemplate\":\"https:\/\/coisasdegentepreta.com.br\/?s={search_term_string}\"},\"query-input\":{\"@type\":\"PropertyValueSpecification\",\"valueRequired\":true,\"valueName\":\"search_term_string\"}}],\"inLanguage\":\"en-US\"},{\"@type\":\"Organization\",\"@id\":\"https:\/\/coisasdegentepreta.com.br\/#organization\",\"name\":\"Espa\u00e7o de Capacita\u00e7\u00e3o M\u00e1rcio Madeira RJ\",\"url\":\"https:\/\/coisasdegentepreta.com.br\/\",\"logo\":{\"@type\":\"ImageObject\",\"inLanguage\":\"en-US\",\"@id\":\"https:\/\/coisasdegentepreta.com.br\/#\/schema\/logo\/image\/\",\"url\":\"https:\/\/coisasdegentepreta.com.br\/wp-content\/uploads\/2023\/12\/logo-2.png\",\"contentUrl\":\"https:\/\/coisasdegentepreta.com.br\/wp-content\/uploads\/2023\/12\/logo-2.png\",\"width\":2064,\"height\":1021,\"caption\":\"Espa\u00e7o de Capacita\u00e7\u00e3o M\u00e1rcio Madeira RJ\"},\"image\":{\"@id\":\"https:\/\/coisasdegentepreta.com.br\/#\/schema\/logo\/image\/\"},\"sameAs\":[\"https:\/\/facebook.com\/cmmcomcoisasdegente\",\"https:\/\/x.com\/cmmcomcoisasdegente\",\"https:\/\/instagram.com\/cmmcomcoisasdegente\"]}]}<\/script>\n<!-- \/ Yoast SEO plugin. -->","yoast_head_json":{"title":"Benedita -","robots":{"index":"index","follow":"follow","max-snippet":"max-snippet:-1","max-image-preview":"max-image-preview:large","max-video-preview":"max-video-preview:-1"},"canonical":"https:\/\/coisasdegentepreta.com.br\/index.php\/benedita\/","og_locale":"en_US","og_type":"article","og_title":"Benedita -","og_description":"O DESPERTAR DA ALIENA\u00c7\u00c3O por Benedita Maria Vieira de Carvalho Depois de um longo per\u00edodo de letargia, a popula\u00e7\u00e3o brasileira parece despertar do sono alienante a que foi colocada pelas for\u00e7as mais reacion\u00e1rias deste pa\u00eds.Desde a primeira elei\u00e7\u00e3o de Lula para comandar o governo, quando o entusiasmo agitava quase todos os segmentos da popula\u00e7\u00e3o ante &hellip; Benedita Read More &raquo;","og_url":"https:\/\/coisasdegentepreta.com.br\/index.php\/benedita\/","article_publisher":"https:\/\/facebook.com\/cmmcomcoisasdegente","article_modified_time":"2025-07-09T10:51:53+00:00","og_image":[{"width":1172,"height":1600,"url":"https:\/\/coisasdegentepreta.com.br\/wp-content\/uploads\/2025\/07\/Imagem-do-WhatsApp-de-2025-07-07-as-15.13.41_625aa68c.jpg","type":"image\/jpeg"}],"twitter_card":"summary_large_image","twitter_site":"@cmmcomcoisasdegente","twitter_misc":{"Est. reading time":"6 minutes"},"schema":{"@context":"https:\/\/schema.org","@graph":[{"@type":"WebPage","@id":"https:\/\/coisasdegentepreta.com.br\/index.php\/benedita\/","url":"https:\/\/coisasdegentepreta.com.br\/index.php\/benedita\/","name":"Benedita -","isPartOf":{"@id":"https:\/\/coisasdegentepreta.com.br\/#website"},"primaryImageOfPage":{"@id":"https:\/\/coisasdegentepreta.com.br\/index.php\/benedita\/#primaryimage"},"image":{"@id":"https:\/\/coisasdegentepreta.com.br\/index.php\/benedita\/#primaryimage"},"thumbnailUrl":"https:\/\/coisasdegentepreta.com.br\/wp-content\/uploads\/2025\/07\/Imagem-do-WhatsApp-de-2025-07-07-as-15.13.41_625aa68c-750x1024.jpg","datePublished":"2025-07-09T03:53:19+00:00","dateModified":"2025-07-09T10:51:53+00:00","breadcrumb":{"@id":"https:\/\/coisasdegentepreta.com.br\/index.php\/benedita\/#breadcrumb"},"inLanguage":"en-US","potentialAction":[{"@type":"ReadAction","target":["https:\/\/coisasdegentepreta.com.br\/index.php\/benedita\/"]}]},{"@type":"ImageObject","inLanguage":"en-US","@id":"https:\/\/coisasdegentepreta.com.br\/index.php\/benedita\/#primaryimage","url":"https:\/\/coisasdegentepreta.com.br\/wp-content\/uploads\/2025\/07\/Imagem-do-WhatsApp-de-2025-07-07-as-15.13.41_625aa68c.jpg","contentUrl":"https:\/\/coisasdegentepreta.com.br\/wp-content\/uploads\/2025\/07\/Imagem-do-WhatsApp-de-2025-07-07-as-15.13.41_625aa68c.jpg","width":1172,"height":1600},{"@type":"BreadcrumbList","@id":"https:\/\/coisasdegentepreta.com.br\/index.php\/benedita\/#breadcrumb","itemListElement":[{"@type":"ListItem","position":1,"name":"ECMM","item":"https:\/\/coisasdegentepreta.com.br\/"},{"@type":"ListItem","position":2,"name":"Benedita"}]},{"@type":"WebSite","@id":"https:\/\/coisasdegentepreta.com.br\/#website","url":"https:\/\/coisasdegentepreta.com.br\/","name":"https:\/\/coisasdegentepreta.com.br","description":"","publisher":{"@id":"https:\/\/coisasdegentepreta.com.br\/#organization"},"potentialAction":[{"@type":"SearchAction","target":{"@type":"EntryPoint","urlTemplate":"https:\/\/coisasdegentepreta.com.br\/?s={search_term_string}"},"query-input":{"@type":"PropertyValueSpecification","valueRequired":true,"valueName":"search_term_string"}}],"inLanguage":"en-US"},{"@type":"Organization","@id":"https:\/\/coisasdegentepreta.com.br\/#organization","name":"Espa\u00e7o de Capacita\u00e7\u00e3o M\u00e1rcio Madeira RJ","url":"https:\/\/coisasdegentepreta.com.br\/","logo":{"@type":"ImageObject","inLanguage":"en-US","@id":"https:\/\/coisasdegentepreta.com.br\/#\/schema\/logo\/image\/","url":"https:\/\/coisasdegentepreta.com.br\/wp-content\/uploads\/2023\/12\/logo-2.png","contentUrl":"https:\/\/coisasdegentepreta.com.br\/wp-content\/uploads\/2023\/12\/logo-2.png","width":2064,"height":1021,"caption":"Espa\u00e7o de Capacita\u00e7\u00e3o M\u00e1rcio Madeira RJ"},"image":{"@id":"https:\/\/coisasdegentepreta.com.br\/#\/schema\/logo\/image\/"},"sameAs":["https:\/\/facebook.com\/cmmcomcoisasdegente","https:\/\/x.com\/cmmcomcoisasdegente","https:\/\/instagram.com\/cmmcomcoisasdegente"]}]}},"_links":{"self":[{"href":"https:\/\/coisasdegentepreta.com.br\/index.php\/wp-json\/wp\/v2\/pages\/6225","targetHints":{"allow":["GET"]}}],"collection":[{"href":"https:\/\/coisasdegentepreta.com.br\/index.php\/wp-json\/wp\/v2\/pages"}],"about":[{"href":"https:\/\/coisasdegentepreta.com.br\/index.php\/wp-json\/wp\/v2\/types\/page"}],"author":[{"embeddable":true,"href":"https:\/\/coisasdegentepreta.com.br\/index.php\/wp-json\/wp\/v2\/users\/1"}],"replies":[{"embeddable":true,"href":"https:\/\/coisasdegentepreta.com.br\/index.php\/wp-json\/wp\/v2\/comments?post=6225"}],"version-history":[{"count":19,"href":"https:\/\/coisasdegentepreta.com.br\/index.php\/wp-json\/wp\/v2\/pages\/6225\/revisions"}],"predecessor-version":[{"id":6253,"href":"https:\/\/coisasdegentepreta.com.br\/index.php\/wp-json\/wp\/v2\/pages\/6225\/revisions\/6253"}],"wp:attachment":[{"href":"https:\/\/coisasdegentepreta.com.br\/index.php\/wp-json\/wp\/v2\/media?parent=6225"}],"curies":[{"name":"wp","href":"https:\/\/api.w.org\/{rel}","templated":true}]}}