{"id":5788,"date":"2025-05-26T14:20:45","date_gmt":"2025-05-26T17:20:45","guid":{"rendered":"https:\/\/coisasdegentepreta.com.br\/?page_id=5788"},"modified":"2025-05-26T15:42:16","modified_gmt":"2025-05-26T18:42:16","slug":"africanizando-educa","status":"publish","type":"page","link":"https:\/\/coisasdegentepreta.com.br\/index.php\/africanizando-educa\/","title":{"rendered":"Africanizando educa"},"content":{"rendered":"\t\t<div data-elementor-type=\"wp-page\" data-elementor-id=\"5788\" class=\"elementor elementor-5788\">\n\t\t\t\t<div class=\"elementor-element elementor-element-01c9510 e-flex e-con-boxed e-con e-parent\" data-id=\"01c9510\" data-element_type=\"container\" data-settings=\"{&quot;background_background&quot;:&quot;classic&quot;}\">\n\t\t\t\t\t<div class=\"e-con-inner\">\n\t\t\t\t<div class=\"elementor-element elementor-element-25f9016 elementor-widget elementor-widget-html\" data-id=\"25f9016\" data-element_type=\"widget\" data-widget_type=\"html.default\">\n\t\t\t\t<div class=\"elementor-widget-container\">\n\t\t\t\t\t<br>\t\t\t\t<\/div>\n\t\t\t\t<\/div>\n\t\t\t\t\t<\/div>\n\t\t\t\t<\/div>\n\t\t<div class=\"elementor-element elementor-element-38c43db e-flex e-con-boxed e-con e-parent\" data-id=\"38c43db\" data-element_type=\"container\" data-settings=\"{&quot;background_background&quot;:&quot;classic&quot;}\">\n\t\t\t\t\t<div class=\"e-con-inner\">\n\t\t\t\t<div class=\"elementor-element elementor-element-19bf1ad elementor-widget elementor-widget-heading\" data-id=\"19bf1ad\" data-element_type=\"widget\" data-widget_type=\"heading.default\">\n\t\t\t\t<div class=\"elementor-widget-container\">\n\t\t\t\t\t<h4 class=\"elementor-heading-title elementor-size-default\">Africanizando Educa<\/h4>\t\t\t\t<\/div>\n\t\t\t\t<\/div>\n\t\t\t\t\t<\/div>\n\t\t\t\t<\/div>\n\t\t<div class=\"elementor-element elementor-element-0344a48 e-flex e-con-boxed e-con e-parent\" data-id=\"0344a48\" data-element_type=\"container\" data-settings=\"{&quot;background_background&quot;:&quot;classic&quot;}\">\n\t\t\t\t\t<div class=\"e-con-inner\">\n\t\t<div class=\"elementor-element elementor-element-4d014ed e-con-full e-flex e-con e-child\" data-id=\"4d014ed\" data-element_type=\"container\">\n\t\t\t\t<div class=\"elementor-element elementor-element-ed551b7 elementor-widget elementor-widget-image\" data-id=\"ed551b7\" data-element_type=\"widget\" data-widget_type=\"image.default\">\n\t\t\t\t<div class=\"elementor-widget-container\">\n\t\t\t\t\t\t\t\t\t\t\t\t\t\t\t<img fetchpriority=\"high\" decoding=\"async\" width=\"974\" height=\"971\" src=\"https:\/\/coisasdegentepreta.com.br\/wp-content\/uploads\/2025\/05\/WhatsApp-Image-2025-05-26-at-08.45.59.jpeg\" class=\"attachment-large size-large wp-image-5790\" alt=\"\" srcset=\"https:\/\/coisasdegentepreta.com.br\/wp-content\/uploads\/2025\/05\/WhatsApp-Image-2025-05-26-at-08.45.59.jpeg 974w, https:\/\/coisasdegentepreta.com.br\/wp-content\/uploads\/2025\/05\/WhatsApp-Image-2025-05-26-at-08.45.59-300x300.jpeg 300w, https:\/\/coisasdegentepreta.com.br\/wp-content\/uploads\/2025\/05\/WhatsApp-Image-2025-05-26-at-08.45.59-150x150.jpeg 150w, https:\/\/coisasdegentepreta.com.br\/wp-content\/uploads\/2025\/05\/WhatsApp-Image-2025-05-26-at-08.45.59-768x766.jpeg 768w, https:\/\/coisasdegentepreta.com.br\/wp-content\/uploads\/2025\/05\/WhatsApp-Image-2025-05-26-at-08.45.59-600x598.jpeg 600w, https:\/\/coisasdegentepreta.com.br\/wp-content\/uploads\/2025\/05\/WhatsApp-Image-2025-05-26-at-08.45.59-100x100.jpeg 100w\" sizes=\"(max-width: 974px) 100vw, 974px\" \/>\t\t\t\t\t\t\t\t\t\t\t\t\t\t\t<\/div>\n\t\t\t\t<\/div>\n\t\t\t\t<\/div>\n\t\t<div class=\"elementor-element elementor-element-2e52f0c e-con-full e-flex e-con e-child\" data-id=\"2e52f0c\" data-element_type=\"container\" data-settings=\"{&quot;background_background&quot;:&quot;classic&quot;}\">\n\t\t\t\t<div class=\"elementor-element elementor-element-0174c73 elementor-widget elementor-widget-text-editor\" data-id=\"0174c73\" data-element_type=\"widget\" data-widget_type=\"text-editor.default\">\n\t\t\t\t<div class=\"elementor-widget-container\">\n\t\t\t\t\t\t\t\t\t<p>Africanizando Educa: Transformando Vidas e Realizando Sonhos<\/p><p>Em um pa\u00eds onde a educa\u00e7\u00e3o \u00e9 a chave para o desenvolvimento e a transforma\u00e7\u00e3o social, iniciativas que promovem o acesso \u00e0 forma\u00e7\u00e3o se tornam essenciais. O Africanizando Educa se destaca como um dos maiores projetos educacionais do Brasil, atuando em parceria com mais de 150 institui\u00e7\u00f5es de ensino. O foco \u00e9 proporcionar oportunidades valiosas por meio de bolsas de estudo que podem chegar a 85% de desconto em cursos de gradua\u00e7\u00e3o, p\u00f3s-gradua\u00e7\u00e3o, cursos t\u00e9cnicos, Educa\u00e7\u00e3o de Jovens e Adultos (EJA) e forma\u00e7\u00e3o profissionalizante.<\/p><p>Com o compromisso de oferecer capacita\u00e7\u00e3o de qualidade a todos, o Africanizando Educa disponibiliza modalidades de ensino diversificadas: Educa\u00e7\u00e3o a Dist\u00e2ncia (EAD), FLEX e Presencial. Esta flexibilidade permite que cada estudante escolha a melhor forma de conciliar estudos com seus compromissos di\u00e1rios, sempre com a garantia de um ensino de alta qualidade, fornecido por grandes universidades reconhecidas.<\/p><p>Al\u00e9m disso, os cursos oferecidos possuem certifica\u00e7\u00e3o registrada e reconhecida pelo MEC, assegurando que o investimento em educa\u00e7\u00e3o resulte em um diferencial no mercado de trabalho. O Africanizando Educa n\u00e3o \u00e9 apenas um projeto; \u00e9 uma porta aberta para quem deseja transformar sua vida por meio do conhecimento.<\/p><p>N\u00e3o perca a oportunidade de se capacitar e dar um passo importante rumo ao seu futuro! Para garantir sua bolsa de estudo, entre em contato agora mesmo pelos n\u00fameros: (21) 98825-5412 ou (21) 97056-4009.<\/p><p>Africanizando Educa: Transformando vidas e realizando sonhos. A hora de mudar sua trajet\u00f3ria \u00e9 agora!<\/p>\t\t\t\t\t\t\t\t<\/div>\n\t\t\t\t<\/div>\n\t\t\t\t<\/div>\n\t\t\t\t\t<\/div>\n\t\t\t\t<\/div>\n\t\t<div class=\"elementor-element elementor-element-b3b985f e-flex e-con-boxed e-con e-parent\" data-id=\"b3b985f\" data-element_type=\"container\" data-settings=\"{&quot;background_background&quot;:&quot;classic&quot;}\">\n\t\t\t\t\t<div class=\"e-con-inner\">\n\t\t\t\t<div class=\"elementor-element elementor-element-5cffa58 elementor-widget elementor-widget-html\" data-id=\"5cffa58\" data-element_type=\"widget\" data-widget_type=\"html.default\">\n\t\t\t\t<div class=\"elementor-widget-container\">\n\t\t\t\t\t<br>\t\t\t\t<\/div>\n\t\t\t\t<\/div>\n\t\t\t\t\t<\/div>\n\t\t\t\t<\/div>\n\t\t\t\t<\/div>\n\t\t","protected":false},"excerpt":{"rendered":"<p>Africanizando Educa Africanizando Educa: Transformando Vidas e Realizando Sonhos Em um pa\u00eds onde a educa\u00e7\u00e3o \u00e9 a chave para o desenvolvimento e a transforma\u00e7\u00e3o social, iniciativas que promovem o acesso \u00e0 forma\u00e7\u00e3o se tornam essenciais. O Africanizando Educa se destaca como um dos maiores projetos educacionais do Brasil, atuando em parceria com mais de 150 &hellip;<\/p>\n<p class=\"read-more\"> <a class=\"\" href=\"https:\/\/coisasdegentepreta.com.br\/index.php\/africanizando-educa\/\"> <span class=\"screen-reader-text\">Africanizando educa<\/span> Read More &raquo;<\/a><\/p>\n","protected":false},"author":1,"featured_media":0,"parent":0,"menu_order":0,"comment_status":"closed","ping_status":"closed","template":"","meta":{"site-sidebar-layout":"no-sidebar","site-content-layout":"","ast-site-content-layout":"full-width-container","site-content-style":"default","site-sidebar-style":"default","ast-global-header-display":"","ast-banner-title-visibility":"","ast-main-header-display":"","ast-hfb-above-header-display":"","ast-hfb-below-header-display":"","ast-hfb-mobile-header-display":"","site-post-title":"disabled","ast-breadcrumbs-content":"","ast-featured-img":"disabled","footer-sml-layout":"","theme-transparent-header-meta":"","adv-header-id-meta":"","stick-header-meta":"","header-above-stick-meta":"","header-main-stick-meta":"","header-below-stick-meta":"","astra-migrate-meta-layouts":"default","ast-page-background-enabled":"default","ast-page-background-meta":{"desktop":{"background-color":"var(--ast-global-color-4)","background-image":"","background-repeat":"repeat","background-position":"center center","background-size":"auto","background-attachment":"scroll","background-type":"","background-media":"","overlay-type":"","overlay-color":"","overlay-gradient":""},"tablet":{"background-color":"","background-image":"","background-repeat":"repeat","background-position":"center center","background-size":"auto","background-attachment":"scroll","background-type":"","background-media":"","overlay-type":"","overlay-color":"","overlay-gradient":""},"mobile":{"background-color":"","background-image":"","background-repeat":"repeat","background-position":"center center","background-size":"auto","background-attachment":"scroll","background-type":"","background-media":"","overlay-type":"","overlay-color":"","overlay-gradient":""}},"ast-content-background-meta":{"desktop":{"background-color":"var(--ast-global-color-5)","background-image":"","background-repeat":"repeat","background-position":"center center","background-size":"auto","background-attachment":"scroll","background-type":"","background-media":"","overlay-type":"","overlay-color":"","overlay-gradient":""},"tablet":{"background-color":"var(--ast-global-color-5)","background-image":"","background-repeat":"repeat","background-position":"center center","background-size":"auto","background-attachment":"scroll","background-type":"","background-media":"","overlay-type":"","overlay-color":"","overlay-gradient":""},"mobile":{"background-color":"var(--ast-global-color-5)","background-image":"","background-repeat":"repeat","background-position":"center center","background-size":"auto","background-attachment":"scroll","background-type":"","background-media":"","overlay-type":"","overlay-color":"","overlay-gradient":""}},"footnotes":""},"class_list":["post-5788","page","type-page","status-publish","hentry"],"yoast_head":"<!-- This site is optimized with the Yoast SEO plugin v24.2 - https:\/\/yoast.com\/wordpress\/plugins\/seo\/ -->\n<title>Africanizando educa -<\/title>\n<meta name=\"robots\" content=\"index, follow, max-snippet:-1, max-image-preview:large, max-video-preview:-1\" \/>\n<link rel=\"canonical\" href=\"https:\/\/coisasdegentepreta.com.br\/index.php\/africanizando-educa\/\" \/>\n<meta property=\"og:locale\" content=\"en_US\" \/>\n<meta property=\"og:type\" content=\"article\" \/>\n<meta property=\"og:title\" content=\"Africanizando educa -\" \/>\n<meta property=\"og:description\" content=\"Africanizando Educa Africanizando Educa: Transformando Vidas e Realizando Sonhos Em um pa\u00eds onde a educa\u00e7\u00e3o \u00e9 a chave para o desenvolvimento e a transforma\u00e7\u00e3o social, iniciativas que promovem o acesso \u00e0 forma\u00e7\u00e3o se tornam essenciais. O Africanizando Educa se destaca como um dos maiores projetos educacionais do Brasil, atuando em parceria com mais de 150 &hellip; Africanizando educa Read More &raquo;\" \/>\n<meta property=\"og:url\" content=\"https:\/\/coisasdegentepreta.com.br\/index.php\/africanizando-educa\/\" \/>\n<meta property=\"article:publisher\" content=\"https:\/\/facebook.com\/cmmcomcoisasdegente\" \/>\n<meta property=\"article:modified_time\" content=\"2025-05-26T18:42:16+00:00\" \/>\n<meta property=\"og:image\" content=\"https:\/\/coisasdegentepreta.com.br\/wp-content\/uploads\/2025\/05\/WhatsApp-Image-2025-05-26-at-08.45.59.jpeg\" \/>\n\t<meta property=\"og:image:width\" content=\"974\" \/>\n\t<meta property=\"og:image:height\" content=\"971\" \/>\n\t<meta property=\"og:image:type\" content=\"image\/jpeg\" \/>\n<meta name=\"twitter:card\" content=\"summary_large_image\" \/>\n<meta name=\"twitter:site\" content=\"@cmmcomcoisasdegente\" \/>\n<meta name=\"twitter:label1\" content=\"Est. reading time\" \/>\n\t<meta name=\"twitter:data1\" content=\"2 minutes\" \/>\n<script type=\"application\/ld+json\" class=\"yoast-schema-graph\">{\"@context\":\"https:\/\/schema.org\",\"@graph\":[{\"@type\":\"WebPage\",\"@id\":\"https:\/\/coisasdegentepreta.com.br\/index.php\/africanizando-educa\/\",\"url\":\"https:\/\/coisasdegentepreta.com.br\/index.php\/africanizando-educa\/\",\"name\":\"Africanizando educa -\",\"isPartOf\":{\"@id\":\"https:\/\/coisasdegentepreta.com.br\/#website\"},\"primaryImageOfPage\":{\"@id\":\"https:\/\/coisasdegentepreta.com.br\/index.php\/africanizando-educa\/#primaryimage\"},\"image\":{\"@id\":\"https:\/\/coisasdegentepreta.com.br\/index.php\/africanizando-educa\/#primaryimage\"},\"thumbnailUrl\":\"https:\/\/coisasdegentepreta.com.br\/wp-content\/uploads\/2025\/05\/WhatsApp-Image-2025-05-26-at-08.45.59.jpeg\",\"datePublished\":\"2025-05-26T17:20:45+00:00\",\"dateModified\":\"2025-05-26T18:42:16+00:00\",\"breadcrumb\":{\"@id\":\"https:\/\/coisasdegentepreta.com.br\/index.php\/africanizando-educa\/#breadcrumb\"},\"inLanguage\":\"en-US\",\"potentialAction\":[{\"@type\":\"ReadAction\",\"target\":[\"https:\/\/coisasdegentepreta.com.br\/index.php\/africanizando-educa\/\"]}]},{\"@type\":\"ImageObject\",\"inLanguage\":\"en-US\",\"@id\":\"https:\/\/coisasdegentepreta.com.br\/index.php\/africanizando-educa\/#primaryimage\",\"url\":\"https:\/\/coisasdegentepreta.com.br\/wp-content\/uploads\/2025\/05\/WhatsApp-Image-2025-05-26-at-08.45.59.jpeg\",\"contentUrl\":\"https:\/\/coisasdegentepreta.com.br\/wp-content\/uploads\/2025\/05\/WhatsApp-Image-2025-05-26-at-08.45.59.jpeg\",\"width\":974,\"height\":971},{\"@type\":\"BreadcrumbList\",\"@id\":\"https:\/\/coisasdegentepreta.com.br\/index.php\/africanizando-educa\/#breadcrumb\",\"itemListElement\":[{\"@type\":\"ListItem\",\"position\":1,\"name\":\"ECMM\",\"item\":\"https:\/\/coisasdegentepreta.com.br\/\"},{\"@type\":\"ListItem\",\"position\":2,\"name\":\"Africanizando educa\"}]},{\"@type\":\"WebSite\",\"@id\":\"https:\/\/coisasdegentepreta.com.br\/#website\",\"url\":\"https:\/\/coisasdegentepreta.com.br\/\",\"name\":\"https:\/\/coisasdegentepreta.com.br\",\"description\":\"\",\"publisher\":{\"@id\":\"https:\/\/coisasdegentepreta.com.br\/#organization\"},\"potentialAction\":[{\"@type\":\"SearchAction\",\"target\":{\"@type\":\"EntryPoint\",\"urlTemplate\":\"https:\/\/coisasdegentepreta.com.br\/?s={search_term_string}\"},\"query-input\":{\"@type\":\"PropertyValueSpecification\",\"valueRequired\":true,\"valueName\":\"search_term_string\"}}],\"inLanguage\":\"en-US\"},{\"@type\":\"Organization\",\"@id\":\"https:\/\/coisasdegentepreta.com.br\/#organization\",\"name\":\"Espa\u00e7o de Capacita\u00e7\u00e3o M\u00e1rcio Madeira RJ\",\"url\":\"https:\/\/coisasdegentepreta.com.br\/\",\"logo\":{\"@type\":\"ImageObject\",\"inLanguage\":\"en-US\",\"@id\":\"https:\/\/coisasdegentepreta.com.br\/#\/schema\/logo\/image\/\",\"url\":\"https:\/\/coisasdegentepreta.com.br\/wp-content\/uploads\/2023\/12\/logo-2.png\",\"contentUrl\":\"https:\/\/coisasdegentepreta.com.br\/wp-content\/uploads\/2023\/12\/logo-2.png\",\"width\":2064,\"height\":1021,\"caption\":\"Espa\u00e7o de Capacita\u00e7\u00e3o M\u00e1rcio Madeira RJ\"},\"image\":{\"@id\":\"https:\/\/coisasdegentepreta.com.br\/#\/schema\/logo\/image\/\"},\"sameAs\":[\"https:\/\/facebook.com\/cmmcomcoisasdegente\",\"https:\/\/x.com\/cmmcomcoisasdegente\",\"https:\/\/instagram.com\/cmmcomcoisasdegente\"]}]}<\/script>\n<!-- \/ Yoast SEO plugin. -->","yoast_head_json":{"title":"Africanizando educa -","robots":{"index":"index","follow":"follow","max-snippet":"max-snippet:-1","max-image-preview":"max-image-preview:large","max-video-preview":"max-video-preview:-1"},"canonical":"https:\/\/coisasdegentepreta.com.br\/index.php\/africanizando-educa\/","og_locale":"en_US","og_type":"article","og_title":"Africanizando educa -","og_description":"Africanizando Educa Africanizando Educa: Transformando Vidas e Realizando Sonhos Em um pa\u00eds onde a educa\u00e7\u00e3o \u00e9 a chave para o desenvolvimento e a transforma\u00e7\u00e3o social, iniciativas que promovem o acesso \u00e0 forma\u00e7\u00e3o se tornam essenciais. O Africanizando Educa se destaca como um dos maiores projetos educacionais do Brasil, atuando em parceria com mais de 150 &hellip; Africanizando educa Read More &raquo;","og_url":"https:\/\/coisasdegentepreta.com.br\/index.php\/africanizando-educa\/","article_publisher":"https:\/\/facebook.com\/cmmcomcoisasdegente","article_modified_time":"2025-05-26T18:42:16+00:00","og_image":[{"width":974,"height":971,"url":"https:\/\/coisasdegentepreta.com.br\/wp-content\/uploads\/2025\/05\/WhatsApp-Image-2025-05-26-at-08.45.59.jpeg","type":"image\/jpeg"}],"twitter_card":"summary_large_image","twitter_site":"@cmmcomcoisasdegente","twitter_misc":{"Est. reading time":"2 minutes"},"schema":{"@context":"https:\/\/schema.org","@graph":[{"@type":"WebPage","@id":"https:\/\/coisasdegentepreta.com.br\/index.php\/africanizando-educa\/","url":"https:\/\/coisasdegentepreta.com.br\/index.php\/africanizando-educa\/","name":"Africanizando educa -","isPartOf":{"@id":"https:\/\/coisasdegentepreta.com.br\/#website"},"primaryImageOfPage":{"@id":"https:\/\/coisasdegentepreta.com.br\/index.php\/africanizando-educa\/#primaryimage"},"image":{"@id":"https:\/\/coisasdegentepreta.com.br\/index.php\/africanizando-educa\/#primaryimage"},"thumbnailUrl":"https:\/\/coisasdegentepreta.com.br\/wp-content\/uploads\/2025\/05\/WhatsApp-Image-2025-05-26-at-08.45.59.jpeg","datePublished":"2025-05-26T17:20:45+00:00","dateModified":"2025-05-26T18:42:16+00:00","breadcrumb":{"@id":"https:\/\/coisasdegentepreta.com.br\/index.php\/africanizando-educa\/#breadcrumb"},"inLanguage":"en-US","potentialAction":[{"@type":"ReadAction","target":["https:\/\/coisasdegentepreta.com.br\/index.php\/africanizando-educa\/"]}]},{"@type":"ImageObject","inLanguage":"en-US","@id":"https:\/\/coisasdegentepreta.com.br\/index.php\/africanizando-educa\/#primaryimage","url":"https:\/\/coisasdegentepreta.com.br\/wp-content\/uploads\/2025\/05\/WhatsApp-Image-2025-05-26-at-08.45.59.jpeg","contentUrl":"https:\/\/coisasdegentepreta.com.br\/wp-content\/uploads\/2025\/05\/WhatsApp-Image-2025-05-26-at-08.45.59.jpeg","width":974,"height":971},{"@type":"BreadcrumbList","@id":"https:\/\/coisasdegentepreta.com.br\/index.php\/africanizando-educa\/#breadcrumb","itemListElement":[{"@type":"ListItem","position":1,"name":"ECMM","item":"https:\/\/coisasdegentepreta.com.br\/"},{"@type":"ListItem","position":2,"name":"Africanizando educa"}]},{"@type":"WebSite","@id":"https:\/\/coisasdegentepreta.com.br\/#website","url":"https:\/\/coisasdegentepreta.com.br\/","name":"https:\/\/coisasdegentepreta.com.br","description":"","publisher":{"@id":"https:\/\/coisasdegentepreta.com.br\/#organization"},"potentialAction":[{"@type":"SearchAction","target":{"@type":"EntryPoint","urlTemplate":"https:\/\/coisasdegentepreta.com.br\/?s={search_term_string}"},"query-input":{"@type":"PropertyValueSpecification","valueRequired":true,"valueName":"search_term_string"}}],"inLanguage":"en-US"},{"@type":"Organization","@id":"https:\/\/coisasdegentepreta.com.br\/#organization","name":"Espa\u00e7o de Capacita\u00e7\u00e3o M\u00e1rcio Madeira RJ","url":"https:\/\/coisasdegentepreta.com.br\/","logo":{"@type":"ImageObject","inLanguage":"en-US","@id":"https:\/\/coisasdegentepreta.com.br\/#\/schema\/logo\/image\/","url":"https:\/\/coisasdegentepreta.com.br\/wp-content\/uploads\/2023\/12\/logo-2.png","contentUrl":"https:\/\/coisasdegentepreta.com.br\/wp-content\/uploads\/2023\/12\/logo-2.png","width":2064,"height":1021,"caption":"Espa\u00e7o de Capacita\u00e7\u00e3o M\u00e1rcio Madeira RJ"},"image":{"@id":"https:\/\/coisasdegentepreta.com.br\/#\/schema\/logo\/image\/"},"sameAs":["https:\/\/facebook.com\/cmmcomcoisasdegente","https:\/\/x.com\/cmmcomcoisasdegente","https:\/\/instagram.com\/cmmcomcoisasdegente"]}]}},"_links":{"self":[{"href":"https:\/\/coisasdegentepreta.com.br\/index.php\/wp-json\/wp\/v2\/pages\/5788","targetHints":{"allow":["GET"]}}],"collection":[{"href":"https:\/\/coisasdegentepreta.com.br\/index.php\/wp-json\/wp\/v2\/pages"}],"about":[{"href":"https:\/\/coisasdegentepreta.com.br\/index.php\/wp-json\/wp\/v2\/types\/page"}],"author":[{"embeddable":true,"href":"https:\/\/coisasdegentepreta.com.br\/index.php\/wp-json\/wp\/v2\/users\/1"}],"replies":[{"embeddable":true,"href":"https:\/\/coisasdegentepreta.com.br\/index.php\/wp-json\/wp\/v2\/comments?post=5788"}],"version-history":[{"count":19,"href":"https:\/\/coisasdegentepreta.com.br\/index.php\/wp-json\/wp\/v2\/pages\/5788\/revisions"}],"predecessor-version":[{"id":5836,"href":"https:\/\/coisasdegentepreta.com.br\/index.php\/wp-json\/wp\/v2\/pages\/5788\/revisions\/5836"}],"wp:attachment":[{"href":"https:\/\/coisasdegentepreta.com.br\/index.php\/wp-json\/wp\/v2\/media?parent=5788"}],"curies":[{"name":"wp","href":"https:\/\/api.w.org\/{rel}","templated":true}]}}