{"id":4656,"date":"2025-05-04T23:57:14","date_gmt":"2025-05-05T02:57:14","guid":{"rendered":"https:\/\/coisasdegentepreta.com.br\/?page_id=4656"},"modified":"2025-05-10T15:31:37","modified_gmt":"2025-05-10T18:31:37","slug":"gastronomia","status":"publish","type":"page","link":"https:\/\/coisasdegentepreta.com.br\/index.php\/gastronomia\/","title":{"rendered":"Gastronomia"},"content":{"rendered":"\t\t<div data-elementor-type=\"wp-page\" data-elementor-id=\"4656\" class=\"elementor elementor-4656\">\n\t\t\t\t<div class=\"elementor-element elementor-element-6707b35 e-flex e-con-boxed e-con e-parent\" data-id=\"6707b35\" data-element_type=\"container\" data-settings=\"{&quot;background_background&quot;:&quot;classic&quot;}\">\n\t\t\t\t\t<div class=\"e-con-inner\">\n\t\t\t\t<div class=\"elementor-element elementor-element-fae1984 elementor-widget__width-initial elementor-widget elementor-widget-heading\" data-id=\"fae1984\" data-element_type=\"widget\" data-widget_type=\"heading.default\">\n\t\t\t\t<div class=\"elementor-widget-container\">\n\t\t\t\t\t<h4 class=\"elementor-heading-title elementor-size-default\">Whorkshop de gastronomia<\/h4>\t\t\t\t<\/div>\n\t\t\t\t<\/div>\n\t\t\t\t\t<\/div>\n\t\t\t\t<\/div>\n\t\t<div class=\"elementor-element elementor-element-fd6dcca e-grid e-con-boxed e-con e-parent\" data-id=\"fd6dcca\" data-element_type=\"container\" data-settings=\"{&quot;background_background&quot;:&quot;classic&quot;}\">\n\t\t\t\t\t<div class=\"e-con-inner\">\n\t\t\t\t<div class=\"elementor-element elementor-element-54b440d elementor-widget elementor-widget-image\" data-id=\"54b440d\" data-element_type=\"widget\" data-widget_type=\"image.default\">\n\t\t\t\t<div class=\"elementor-widget-container\">\n\t\t\t\t\t\t\t\t\t\t\t\t\t\t\t<img fetchpriority=\"high\" decoding=\"async\" width=\"576\" height=\"1024\" src=\"https:\/\/coisasdegentepreta.com.br\/wp-content\/uploads\/2025\/05\/WhatsApp-Image-2025-05-04-at-22.57.01-1-2-576x1024.jpeg\" class=\"attachment-large size-large wp-image-4664\" alt=\"\" srcset=\"https:\/\/coisasdegentepreta.com.br\/wp-content\/uploads\/2025\/05\/WhatsApp-Image-2025-05-04-at-22.57.01-1-2-576x1024.jpeg 576w, https:\/\/coisasdegentepreta.com.br\/wp-content\/uploads\/2025\/05\/WhatsApp-Image-2025-05-04-at-22.57.01-1-2-600x1067.jpeg 600w, https:\/\/coisasdegentepreta.com.br\/wp-content\/uploads\/2025\/05\/WhatsApp-Image-2025-05-04-at-22.57.01-1-2-169x300.jpeg 169w, https:\/\/coisasdegentepreta.com.br\/wp-content\/uploads\/2025\/05\/WhatsApp-Image-2025-05-04-at-22.57.01-1-2.jpeg 720w\" sizes=\"(max-width: 576px) 100vw, 576px\" \/>\t\t\t\t\t\t\t\t\t\t\t\t\t\t\t<\/div>\n\t\t\t\t<\/div>\n\t\t\t\t<div class=\"elementor-element elementor-element-946ee27 elementor-widget elementor-widget-image\" data-id=\"946ee27\" data-element_type=\"widget\" data-widget_type=\"image.default\">\n\t\t\t\t<div class=\"elementor-widget-container\">\n\t\t\t\t\t\t\t\t\t\t\t\t\t\t\t<img decoding=\"async\" width=\"576\" height=\"1024\" src=\"https:\/\/coisasdegentepreta.com.br\/wp-content\/uploads\/2025\/05\/WhatsApp-Image-2025-05-04-at-22.57.44-576x1024.jpeg\" class=\"attachment-large size-large wp-image-4663\" alt=\"\" srcset=\"https:\/\/coisasdegentepreta.com.br\/wp-content\/uploads\/2025\/05\/WhatsApp-Image-2025-05-04-at-22.57.44-576x1024.jpeg 576w, https:\/\/coisasdegentepreta.com.br\/wp-content\/uploads\/2025\/05\/WhatsApp-Image-2025-05-04-at-22.57.44-600x1067.jpeg 600w, https:\/\/coisasdegentepreta.com.br\/wp-content\/uploads\/2025\/05\/WhatsApp-Image-2025-05-04-at-22.57.44-169x300.jpeg 169w, https:\/\/coisasdegentepreta.com.br\/wp-content\/uploads\/2025\/05\/WhatsApp-Image-2025-05-04-at-22.57.44-768x1365.jpeg 768w, https:\/\/coisasdegentepreta.com.br\/wp-content\/uploads\/2025\/05\/WhatsApp-Image-2025-05-04-at-22.57.44-864x1536.jpeg 864w, https:\/\/coisasdegentepreta.com.br\/wp-content\/uploads\/2025\/05\/WhatsApp-Image-2025-05-04-at-22.57.44.jpeg 900w\" sizes=\"(max-width: 576px) 100vw, 576px\" \/>\t\t\t\t\t\t\t\t\t\t\t\t\t\t\t<\/div>\n\t\t\t\t<\/div>\n\t\t\t\t<div class=\"elementor-element elementor-element-012ab18 elementor-widget elementor-widget-image\" data-id=\"012ab18\" data-element_type=\"widget\" data-widget_type=\"image.default\">\n\t\t\t\t<div class=\"elementor-widget-container\">\n\t\t\t\t\t\t\t\t\t\t\t\t\t\t\t<img decoding=\"async\" width=\"576\" height=\"1024\" src=\"https:\/\/coisasdegentepreta.com.br\/wp-content\/uploads\/2025\/05\/WhatsApp-Image-2025-05-04-at-22.57.01-576x1024.jpeg\" class=\"attachment-large size-large wp-image-4662\" alt=\"\" srcset=\"https:\/\/coisasdegentepreta.com.br\/wp-content\/uploads\/2025\/05\/WhatsApp-Image-2025-05-04-at-22.57.01-576x1024.jpeg 576w, https:\/\/coisasdegentepreta.com.br\/wp-content\/uploads\/2025\/05\/WhatsApp-Image-2025-05-04-at-22.57.01-600x1067.jpeg 600w, https:\/\/coisasdegentepreta.com.br\/wp-content\/uploads\/2025\/05\/WhatsApp-Image-2025-05-04-at-22.57.01-169x300.jpeg 169w, https:\/\/coisasdegentepreta.com.br\/wp-content\/uploads\/2025\/05\/WhatsApp-Image-2025-05-04-at-22.57.01.jpeg 720w\" sizes=\"(max-width: 576px) 100vw, 576px\" \/>\t\t\t\t\t\t\t\t\t\t\t\t\t\t\t<\/div>\n\t\t\t\t<\/div>\n\t\t\t\t\t<\/div>\n\t\t\t\t<\/div>\n\t\t<div class=\"elementor-element elementor-element-d0035b4 e-flex e-con-boxed e-con e-parent\" data-id=\"d0035b4\" data-element_type=\"container\" data-settings=\"{&quot;background_background&quot;:&quot;classic&quot;}\">\n\t\t\t\t\t<div class=\"e-con-inner\">\n\t\t\t\t<div class=\"elementor-element elementor-element-7a2aefd elementor-widget elementor-widget-text-editor\" data-id=\"7a2aefd\" data-element_type=\"widget\" data-widget_type=\"text-editor.default\">\n\t\t\t\t<div class=\"elementor-widget-container\">\n\t\t\t\t\t\t\t\t\t<p><strong>Curso livre de Gastronomia.<\/strong><\/p><p>Professora: M\u00f4nica de F\u00e1tima<\/p><p>Aulas: Sabado das 10:00 \u00e0s 13:00<\/p><p>Dura\u00e7\u00e3o do curso: <span style=\"font-size: 16px;\">1 dia somente<\/span><\/p><p>Material exigido:<br \/>Caneta, caderno, Toca e avental<br \/>(Material ser\u00e1 de responsabilidade do aluno e insumos responsabilidade do instrutor)<\/p><p>Valor do curso: R$ 30,00<\/p><p><strong>Pix ( para o aluno depositar ou fazer transfer\u00eancia): 21 97662-2542<\/strong><\/p><p>Telefone de trabalho 21 97662-2542<\/p>\t\t\t\t\t\t\t\t<\/div>\n\t\t\t\t<\/div>\n\t\t\t\t\t<\/div>\n\t\t\t\t<\/div>\n\t\t<div class=\"elementor-element elementor-element-31317d0 e-flex e-con-boxed e-con e-parent\" data-id=\"31317d0\" data-element_type=\"container\" data-settings=\"{&quot;background_background&quot;:&quot;classic&quot;}\">\n\t\t\t\t\t<div class=\"e-con-inner\">\n\t\t\t\t<div class=\"elementor-element elementor-element-08377c6 elementor-widget elementor-widget-text-editor\" data-id=\"08377c6\" data-element_type=\"widget\" data-widget_type=\"text-editor.default\">\n\t\t\t\t<div class=\"elementor-widget-container\">\n\t\t\t\t\t\t\t\t\t<p>M\u00f4nica de F\u00e1tima<\/p><p>Forma\u00e7\u00e3o:<br \/>T\u00e9cnica cont\u00e1bil <br \/>Instrutora de gastronomia pelo Senac<\/p><p>Onde trabalhei e quanto tempo (\u00daltimo trabalho)<br \/>Senac<br \/>Hotel Grand Hyatt<\/p><p>Onde atua no momento:<br \/>Hotel Grand Hyatt<\/p><p>Caso de sucesso:<br \/>Exposi\u00e7\u00e3o nas Feiras Negra Cor<\/p>\t\t\t\t\t\t\t\t<\/div>\n\t\t\t\t<\/div>\n\t\t\t\t\t<\/div>\n\t\t\t\t<\/div>\n\t\t<div class=\"elementor-element elementor-element-9e721d8 e-flex e-con-boxed e-con e-parent\" data-id=\"9e721d8\" data-element_type=\"container\" data-settings=\"{&quot;background_background&quot;:&quot;classic&quot;}\">\n\t\t\t\t\t<div class=\"e-con-inner\">\n\t\t\t\t<div class=\"elementor-element elementor-element-9aeb108 elementor-widget elementor-widget-html\" data-id=\"9aeb108\" data-element_type=\"widget\" data-widget_type=\"html.default\">\n\t\t\t\t<div class=\"elementor-widget-container\">\n\t\t\t\t\t<br><br>\t\t\t\t<\/div>\n\t\t\t\t<\/div>\n\t\t\t\t\t<\/div>\n\t\t\t\t<\/div>\n\t\t\t\t<\/div>\n\t\t","protected":false},"excerpt":{"rendered":"<p>Whorkshop de gastronomia Curso livre de Gastronomia. Professora: M\u00f4nica de F\u00e1tima Aulas: Sabado das 10:00 \u00e0s 13:00 Dura\u00e7\u00e3o do curso: 1 dia somente Material exigido:Caneta, caderno, Toca e avental(Material ser\u00e1 de responsabilidade do aluno e insumos responsabilidade do instrutor) Valor do curso: R$ 30,00 Pix ( para o aluno depositar ou fazer transfer\u00eancia): 21 97662-2542 &hellip;<\/p>\n<p class=\"read-more\"> <a class=\"\" href=\"https:\/\/coisasdegentepreta.com.br\/index.php\/gastronomia\/\"> <span class=\"screen-reader-text\">Gastronomia<\/span> Read More &raquo;<\/a><\/p>\n","protected":false},"author":1,"featured_media":0,"parent":0,"menu_order":0,"comment_status":"closed","ping_status":"closed","template":"","meta":{"site-sidebar-layout":"no-sidebar","site-content-layout":"","ast-site-content-layout":"full-width-container","site-content-style":"default","site-sidebar-style":"default","ast-global-header-display":"","ast-banner-title-visibility":"","ast-main-header-display":"","ast-hfb-above-header-display":"","ast-hfb-below-header-display":"","ast-hfb-mobile-header-display":"","site-post-title":"disabled","ast-breadcrumbs-content":"","ast-featured-img":"disabled","footer-sml-layout":"","theme-transparent-header-meta":"","adv-header-id-meta":"","stick-header-meta":"","header-above-stick-meta":"","header-main-stick-meta":"","header-below-stick-meta":"","astra-migrate-meta-layouts":"default","ast-page-background-enabled":"default","ast-page-background-meta":{"desktop":{"background-color":"var(--ast-global-color-4)","background-image":"","background-repeat":"repeat","background-position":"center center","background-size":"auto","background-attachment":"scroll","background-type":"","background-media":"","overlay-type":"","overlay-color":"","overlay-gradient":""},"tablet":{"background-color":"","background-image":"","background-repeat":"repeat","background-position":"center center","background-size":"auto","background-attachment":"scroll","background-type":"","background-media":"","overlay-type":"","overlay-color":"","overlay-gradient":""},"mobile":{"background-color":"","background-image":"","background-repeat":"repeat","background-position":"center center","background-size":"auto","background-attachment":"scroll","background-type":"","background-media":"","overlay-type":"","overlay-color":"","overlay-gradient":""}},"ast-content-background-meta":{"desktop":{"background-color":"var(--ast-global-color-5)","background-image":"","background-repeat":"repeat","background-position":"center center","background-size":"auto","background-attachment":"scroll","background-type":"","background-media":"","overlay-type":"","overlay-color":"","overlay-gradient":""},"tablet":{"background-color":"var(--ast-global-color-5)","background-image":"","background-repeat":"repeat","background-position":"center center","background-size":"auto","background-attachment":"scroll","background-type":"","background-media":"","overlay-type":"","overlay-color":"","overlay-gradient":""},"mobile":{"background-color":"var(--ast-global-color-5)","background-image":"","background-repeat":"repeat","background-position":"center center","background-size":"auto","background-attachment":"scroll","background-type":"","background-media":"","overlay-type":"","overlay-color":"","overlay-gradient":""}},"footnotes":""},"class_list":["post-4656","page","type-page","status-publish","hentry"],"yoast_head":"<!-- This site is optimized with the Yoast SEO plugin v24.2 - https:\/\/yoast.com\/wordpress\/plugins\/seo\/ -->\n<title>Gastronomia -<\/title>\n<meta name=\"robots\" content=\"index, follow, max-snippet:-1, max-image-preview:large, max-video-preview:-1\" \/>\n<link rel=\"canonical\" href=\"https:\/\/coisasdegentepreta.com.br\/index.php\/gastronomia\/\" \/>\n<meta property=\"og:locale\" content=\"en_US\" \/>\n<meta property=\"og:type\" content=\"article\" \/>\n<meta property=\"og:title\" content=\"Gastronomia -\" \/>\n<meta property=\"og:description\" content=\"Whorkshop de gastronomia Curso livre de Gastronomia. Professora: M\u00f4nica de F\u00e1tima Aulas: Sabado das 10:00 \u00e0s 13:00 Dura\u00e7\u00e3o do curso: 1 dia somente Material exigido:Caneta, caderno, Toca e avental(Material ser\u00e1 de responsabilidade do aluno e insumos responsabilidade do instrutor) Valor do curso: R$ 30,00 Pix ( para o aluno depositar ou fazer transfer\u00eancia): 21 97662-2542 &hellip; Gastronomia Read More &raquo;\" \/>\n<meta property=\"og:url\" content=\"https:\/\/coisasdegentepreta.com.br\/index.php\/gastronomia\/\" \/>\n<meta property=\"article:publisher\" content=\"https:\/\/facebook.com\/cmmcomcoisasdegente\" \/>\n<meta property=\"article:modified_time\" content=\"2025-05-10T18:31:37+00:00\" \/>\n<meta property=\"og:image\" content=\"https:\/\/coisasdegentepreta.com.br\/wp-content\/uploads\/2025\/05\/WhatsApp-Image-2025-05-04-at-22.57.01-1-2.jpeg\" \/>\n\t<meta property=\"og:image:width\" content=\"720\" \/>\n\t<meta property=\"og:image:height\" content=\"1280\" \/>\n\t<meta property=\"og:image:type\" content=\"image\/jpeg\" \/>\n<meta name=\"twitter:card\" content=\"summary_large_image\" \/>\n<meta name=\"twitter:site\" content=\"@cmmcomcoisasdegente\" \/>\n<meta name=\"twitter:label1\" content=\"Est. reading time\" \/>\n\t<meta name=\"twitter:data1\" content=\"2 minutes\" \/>\n<script type=\"application\/ld+json\" class=\"yoast-schema-graph\">{\"@context\":\"https:\/\/schema.org\",\"@graph\":[{\"@type\":\"WebPage\",\"@id\":\"https:\/\/coisasdegentepreta.com.br\/index.php\/gastronomia\/\",\"url\":\"https:\/\/coisasdegentepreta.com.br\/index.php\/gastronomia\/\",\"name\":\"Gastronomia -\",\"isPartOf\":{\"@id\":\"https:\/\/coisasdegentepreta.com.br\/#website\"},\"primaryImageOfPage\":{\"@id\":\"https:\/\/coisasdegentepreta.com.br\/index.php\/gastronomia\/#primaryimage\"},\"image\":{\"@id\":\"https:\/\/coisasdegentepreta.com.br\/index.php\/gastronomia\/#primaryimage\"},\"thumbnailUrl\":\"https:\/\/coisasdegentepreta.com.br\/wp-content\/uploads\/2025\/05\/WhatsApp-Image-2025-05-04-at-22.57.01-1-2-576x1024.jpeg\",\"datePublished\":\"2025-05-05T02:57:14+00:00\",\"dateModified\":\"2025-05-10T18:31:37+00:00\",\"breadcrumb\":{\"@id\":\"https:\/\/coisasdegentepreta.com.br\/index.php\/gastronomia\/#breadcrumb\"},\"inLanguage\":\"en-US\",\"potentialAction\":[{\"@type\":\"ReadAction\",\"target\":[\"https:\/\/coisasdegentepreta.com.br\/index.php\/gastronomia\/\"]}]},{\"@type\":\"ImageObject\",\"inLanguage\":\"en-US\",\"@id\":\"https:\/\/coisasdegentepreta.com.br\/index.php\/gastronomia\/#primaryimage\",\"url\":\"https:\/\/coisasdegentepreta.com.br\/wp-content\/uploads\/2025\/05\/WhatsApp-Image-2025-05-04-at-22.57.01-1-2.jpeg\",\"contentUrl\":\"https:\/\/coisasdegentepreta.com.br\/wp-content\/uploads\/2025\/05\/WhatsApp-Image-2025-05-04-at-22.57.01-1-2.jpeg\",\"width\":720,\"height\":1280},{\"@type\":\"BreadcrumbList\",\"@id\":\"https:\/\/coisasdegentepreta.com.br\/index.php\/gastronomia\/#breadcrumb\",\"itemListElement\":[{\"@type\":\"ListItem\",\"position\":1,\"name\":\"ECMM\",\"item\":\"https:\/\/coisasdegentepreta.com.br\/\"},{\"@type\":\"ListItem\",\"position\":2,\"name\":\"Gastronomia\"}]},{\"@type\":\"WebSite\",\"@id\":\"https:\/\/coisasdegentepreta.com.br\/#website\",\"url\":\"https:\/\/coisasdegentepreta.com.br\/\",\"name\":\"https:\/\/coisasdegentepreta.com.br\",\"description\":\"\",\"publisher\":{\"@id\":\"https:\/\/coisasdegentepreta.com.br\/#organization\"},\"potentialAction\":[{\"@type\":\"SearchAction\",\"target\":{\"@type\":\"EntryPoint\",\"urlTemplate\":\"https:\/\/coisasdegentepreta.com.br\/?s={search_term_string}\"},\"query-input\":{\"@type\":\"PropertyValueSpecification\",\"valueRequired\":true,\"valueName\":\"search_term_string\"}}],\"inLanguage\":\"en-US\"},{\"@type\":\"Organization\",\"@id\":\"https:\/\/coisasdegentepreta.com.br\/#organization\",\"name\":\"Espa\u00e7o de Capacita\u00e7\u00e3o M\u00e1rcio Madeira RJ\",\"url\":\"https:\/\/coisasdegentepreta.com.br\/\",\"logo\":{\"@type\":\"ImageObject\",\"inLanguage\":\"en-US\",\"@id\":\"https:\/\/coisasdegentepreta.com.br\/#\/schema\/logo\/image\/\",\"url\":\"https:\/\/coisasdegentepreta.com.br\/wp-content\/uploads\/2023\/12\/logo-2.png\",\"contentUrl\":\"https:\/\/coisasdegentepreta.com.br\/wp-content\/uploads\/2023\/12\/logo-2.png\",\"width\":2064,\"height\":1021,\"caption\":\"Espa\u00e7o de Capacita\u00e7\u00e3o M\u00e1rcio Madeira RJ\"},\"image\":{\"@id\":\"https:\/\/coisasdegentepreta.com.br\/#\/schema\/logo\/image\/\"},\"sameAs\":[\"https:\/\/facebook.com\/cmmcomcoisasdegente\",\"https:\/\/x.com\/cmmcomcoisasdegente\",\"https:\/\/instagram.com\/cmmcomcoisasdegente\"]}]}<\/script>\n<!-- \/ Yoast SEO plugin. -->","yoast_head_json":{"title":"Gastronomia -","robots":{"index":"index","follow":"follow","max-snippet":"max-snippet:-1","max-image-preview":"max-image-preview:large","max-video-preview":"max-video-preview:-1"},"canonical":"https:\/\/coisasdegentepreta.com.br\/index.php\/gastronomia\/","og_locale":"en_US","og_type":"article","og_title":"Gastronomia -","og_description":"Whorkshop de gastronomia Curso livre de Gastronomia. Professora: M\u00f4nica de F\u00e1tima Aulas: Sabado das 10:00 \u00e0s 13:00 Dura\u00e7\u00e3o do curso: 1 dia somente Material exigido:Caneta, caderno, Toca e avental(Material ser\u00e1 de responsabilidade do aluno e insumos responsabilidade do instrutor) Valor do curso: R$ 30,00 Pix ( para o aluno depositar ou fazer transfer\u00eancia): 21 97662-2542 &hellip; Gastronomia Read More &raquo;","og_url":"https:\/\/coisasdegentepreta.com.br\/index.php\/gastronomia\/","article_publisher":"https:\/\/facebook.com\/cmmcomcoisasdegente","article_modified_time":"2025-05-10T18:31:37+00:00","og_image":[{"width":720,"height":1280,"url":"https:\/\/coisasdegentepreta.com.br\/wp-content\/uploads\/2025\/05\/WhatsApp-Image-2025-05-04-at-22.57.01-1-2.jpeg","type":"image\/jpeg"}],"twitter_card":"summary_large_image","twitter_site":"@cmmcomcoisasdegente","twitter_misc":{"Est. reading time":"2 minutes"},"schema":{"@context":"https:\/\/schema.org","@graph":[{"@type":"WebPage","@id":"https:\/\/coisasdegentepreta.com.br\/index.php\/gastronomia\/","url":"https:\/\/coisasdegentepreta.com.br\/index.php\/gastronomia\/","name":"Gastronomia -","isPartOf":{"@id":"https:\/\/coisasdegentepreta.com.br\/#website"},"primaryImageOfPage":{"@id":"https:\/\/coisasdegentepreta.com.br\/index.php\/gastronomia\/#primaryimage"},"image":{"@id":"https:\/\/coisasdegentepreta.com.br\/index.php\/gastronomia\/#primaryimage"},"thumbnailUrl":"https:\/\/coisasdegentepreta.com.br\/wp-content\/uploads\/2025\/05\/WhatsApp-Image-2025-05-04-at-22.57.01-1-2-576x1024.jpeg","datePublished":"2025-05-05T02:57:14+00:00","dateModified":"2025-05-10T18:31:37+00:00","breadcrumb":{"@id":"https:\/\/coisasdegentepreta.com.br\/index.php\/gastronomia\/#breadcrumb"},"inLanguage":"en-US","potentialAction":[{"@type":"ReadAction","target":["https:\/\/coisasdegentepreta.com.br\/index.php\/gastronomia\/"]}]},{"@type":"ImageObject","inLanguage":"en-US","@id":"https:\/\/coisasdegentepreta.com.br\/index.php\/gastronomia\/#primaryimage","url":"https:\/\/coisasdegentepreta.com.br\/wp-content\/uploads\/2025\/05\/WhatsApp-Image-2025-05-04-at-22.57.01-1-2.jpeg","contentUrl":"https:\/\/coisasdegentepreta.com.br\/wp-content\/uploads\/2025\/05\/WhatsApp-Image-2025-05-04-at-22.57.01-1-2.jpeg","width":720,"height":1280},{"@type":"BreadcrumbList","@id":"https:\/\/coisasdegentepreta.com.br\/index.php\/gastronomia\/#breadcrumb","itemListElement":[{"@type":"ListItem","position":1,"name":"ECMM","item":"https:\/\/coisasdegentepreta.com.br\/"},{"@type":"ListItem","position":2,"name":"Gastronomia"}]},{"@type":"WebSite","@id":"https:\/\/coisasdegentepreta.com.br\/#website","url":"https:\/\/coisasdegentepreta.com.br\/","name":"https:\/\/coisasdegentepreta.com.br","description":"","publisher":{"@id":"https:\/\/coisasdegentepreta.com.br\/#organization"},"potentialAction":[{"@type":"SearchAction","target":{"@type":"EntryPoint","urlTemplate":"https:\/\/coisasdegentepreta.com.br\/?s={search_term_string}"},"query-input":{"@type":"PropertyValueSpecification","valueRequired":true,"valueName":"search_term_string"}}],"inLanguage":"en-US"},{"@type":"Organization","@id":"https:\/\/coisasdegentepreta.com.br\/#organization","name":"Espa\u00e7o de Capacita\u00e7\u00e3o M\u00e1rcio Madeira RJ","url":"https:\/\/coisasdegentepreta.com.br\/","logo":{"@type":"ImageObject","inLanguage":"en-US","@id":"https:\/\/coisasdegentepreta.com.br\/#\/schema\/logo\/image\/","url":"https:\/\/coisasdegentepreta.com.br\/wp-content\/uploads\/2023\/12\/logo-2.png","contentUrl":"https:\/\/coisasdegentepreta.com.br\/wp-content\/uploads\/2023\/12\/logo-2.png","width":2064,"height":1021,"caption":"Espa\u00e7o de Capacita\u00e7\u00e3o M\u00e1rcio Madeira RJ"},"image":{"@id":"https:\/\/coisasdegentepreta.com.br\/#\/schema\/logo\/image\/"},"sameAs":["https:\/\/facebook.com\/cmmcomcoisasdegente","https:\/\/x.com\/cmmcomcoisasdegente","https:\/\/instagram.com\/cmmcomcoisasdegente"]}]}},"_links":{"self":[{"href":"https:\/\/coisasdegentepreta.com.br\/index.php\/wp-json\/wp\/v2\/pages\/4656","targetHints":{"allow":["GET"]}}],"collection":[{"href":"https:\/\/coisasdegentepreta.com.br\/index.php\/wp-json\/wp\/v2\/pages"}],"about":[{"href":"https:\/\/coisasdegentepreta.com.br\/index.php\/wp-json\/wp\/v2\/types\/page"}],"author":[{"embeddable":true,"href":"https:\/\/coisasdegentepreta.com.br\/index.php\/wp-json\/wp\/v2\/users\/1"}],"replies":[{"embeddable":true,"href":"https:\/\/coisasdegentepreta.com.br\/index.php\/wp-json\/wp\/v2\/comments?post=4656"}],"version-history":[{"count":49,"href":"https:\/\/coisasdegentepreta.com.br\/index.php\/wp-json\/wp\/v2\/pages\/4656\/revisions"}],"predecessor-version":[{"id":5065,"href":"https:\/\/coisasdegentepreta.com.br\/index.php\/wp-json\/wp\/v2\/pages\/4656\/revisions\/5065"}],"wp:attachment":[{"href":"https:\/\/coisasdegentepreta.com.br\/index.php\/wp-json\/wp\/v2\/media?parent=4656"}],"curies":[{"name":"wp","href":"https:\/\/api.w.org\/{rel}","templated":true}]}}